{"id":1768,"date":"2024-05-21T21:12:22","date_gmt":"2024-05-21T19:12:22","guid":{"rendered":"https:\/\/indicata.bluebird.pw\/cookies\/"},"modified":"2024-09-11T15:27:23","modified_gmt":"2024-09-11T13:27:23","slug":"cookiepolitik","status":"publish","type":"page","link":"https:\/\/indicata.bluebird.pw\/da\/cookiepolitik\/","title":{"rendered":"Cookiepolitik"},"content":{"rendered":"\n<section class=\"wp-block-indicata-post-content mt-post-content\"><div class=\"mt-post-content__inner\"><div class=\"mt-post-content__content\">\n<h2 class=\"wp-block-heading\">Cookiepolitik<\/h2>\n\n\n\n<p>Denne politik vil informere dig om, hvordan og hvorfor vi bruger cookies. Vi vil ogs\u00e5 fort\u00e6lle dig, hvilke cookies vi bruger og nogle oplysninger om tredjeparter, som ogs\u00e5 placerer cookies p\u00e5 vores hjemmeside.<\/p>\n\n\n\n<h3 class=\"wp-block-heading\" id=\"Summary\">Resum\u00e9<\/h3>\n\n\n\n<p>Dette dokument g\u00e6lder for:<\/p>\n\n\n\n<ul class=\"wp-block-list\">\n<li>Bes\u00f8gende p\u00e5 vores hjemmesider<\/li>\n<\/ul>\n\n\n\n<p>Denne politik d\u00e6kker:<\/p>\n\n\n\n<ul class=\"wp-block-list\">\n<li><a href=\"https:\/\/www.indicata.dk\/cookies#Summary\">Resum\u00e9<\/a><\/li>\n\n\n\n<li><a href=\"https:\/\/www.indicata.dk\/cookies#What-is-a-cookie\">Hvad er en cookie?<\/a>\n<ul class=\"wp-block-list\">\n<li><a href=\"https:\/\/www.indicata.dk\/cookies#Types-of-cookies\">Typer af cookies<\/a><\/li>\n<\/ul>\n<\/li>\n\n\n\n<li><a href=\"https:\/\/www.indicata.dk\/cookies#Which-cookies-do-we-use\">Hvilke cookies bruger vi?<\/a><\/li>\n\n\n\n<li><a href=\"https:\/\/www.indicata.dk\/cookies#How-do-we-use-cookies\">Hvordan bruger vi cookies?<\/a><\/li>\n\n\n\n<li><a href=\"https:\/\/www.indicata.dk\/cookies#How-to-block-cookies\">S\u00e5dan blokerer du cookies<\/a><\/li>\n\n\n\n<li><a href=\"https:\/\/www.indicata.dk\/cookies#How-to-withdraw-a-given-consent\">S\u00e5dan tr\u00e6kker du dit samtykke tilbage<\/a><\/li>\n\n\n\n<li><a href=\"https:\/\/www.indicata.dk\/cookies#Cookies-list\">Cookies liste<\/a><\/li>\n\n\n\n<li><a href=\"https:\/\/www.indicata.dk\/cookies#Contact-Us\">Kontakt os<\/a><\/li>\n<\/ul>\n\n\n\n<h3 class=\"wp-block-heading\" id=\"What-is-a-cookie\">Hvad er en cookie?<\/h3>\n\n\n\n<p>Cookies er sm\u00e5 tekstfiler, der gemmes p\u00e5 din enhed, og som lader os g\u00f8re din oplevelse bedre og mere effektiv. De giver os mulighed for at genkende din enhed samt browser og gemme information, som er vigtig for at forbedre vores tjenester. Typer af cookies<\/p>\n\n\n\n<p><strong>Sessionscookies og vedvarende cookies<\/strong><\/p>\n\n\n\n<ul class=\"wp-block-list\">\n<li>Sessionscookies gemmes midlertidigt p\u00e5 dine enheder, mens du bes\u00f8ger hjemmesider og slettes, n\u00e5r du lukker din browser.<\/li>\n\n\n\n<li>Vedvarende cookies gemmes i et forudbestemt tidsrum, som varierer fra cookie til cookie. Det er l\u00e6ngere end sessionscookies; dog udl\u00f8ber de ogs\u00e5 efter noget tid. De hj\u00e6lper os med at forst\u00e5, om du tidligere har bes\u00f8gt vores hjemmeside eller lignende sider tidligere.<\/li>\n<\/ul>\n\n\n\n<p><strong>F\u00f8rsteparts- og tredjepartscookies<\/strong><\/p>\n\n\n\n<ul class=\"wp-block-list\">\n<li>F\u00f8rstepartscookies s\u00e6ttes direkte af hjemmesideudbyderen eller af underdom\u00e6ner af hjemmesider.<\/li>\n\n\n\n<li>Tredjepartscookies s\u00e6ttes af udbydere, der ikke administreres af os s\u00e5som teknologipartnere.<\/li>\n<\/ul>\n\n\n\n<h3 class=\"wp-block-heading\" id=\"Which-cookies-do-we-use\"><br>Hvilke cookies bruger vi?<\/h3>\n\n\n\n<h4 class=\"wp-block-heading\" id=\"Essential-cookies\">Essentielle cookies<\/h4>\n\n\n\n<p>Vi gemmer cookies p\u00e5 din enhed, hvis de er n\u00f8dvendige for, at vi kan tilbyde og levere vores tjenester. De er ogs\u00e5 n\u00f8dvendige for, at du kan navigere gennem hjemmesiden eller webapplikationen og drage fordel af alle de tilg\u00e6ngelige funktioner. Disse cookies kan ikke sl\u00e5s fra og er basale indstillinger p\u00e5 hjemmesiden, s\u00e5som login, formularer og pr\u00e6ferencer s\u00e5som tidszone eller sprog.<\/p>\n\n\n\n<h4 class=\"wp-block-heading\" id=\"Analytical-cookies\">Analytiske cookies<\/h4>\n\n\n\n<p>Disse cookies er placeret for at hj\u00e6lpe os med at forst\u00e5, hvordan du interagerer med de tilg\u00e6ngelige muligheder p\u00e5 hjemmesiden, hvilke dele du bruger mest, og hvordan du bruger vores tjenester. Det hj\u00e6lper os med at lave statistik over brugen og m\u00e6ngden af tid, du bruger p\u00e5 hjemmesiden. Disse statistikker vil i sidste ende hj\u00e6lpe os med at forbedre vores hjemmeside og alle tjenester, vi tilbyder p\u00e5 dem.<\/p>\n\n\n\n<h4 class=\"wp-block-heading\" id=\"Marketing-Cookies\">Marketing cookies<\/h4>\n\n\n\n<p>Disse cookies bruges til at pr\u00e6sentere annoncer, der kan v\u00e6re relevante eller af interesse for dig, n\u00e5r du surfer p\u00e5 internettet. De placeres for det meste af tredjeparter, n\u00e5r du interagerer med deres indhold p\u00e5 vores hjemmeside.<\/p>\n\n\n\n<h4 class=\"wp-block-heading\" id=\"Personalization-Cookies\">Personaliseringscookies<\/h4>\n\n\n\n<p>Disse cookies er placeret for at hj\u00e6lpe os med at give dig en bedre funktionalitet af hjemmesiden samt vores tjenester og for at g\u00f8re dem mere personlige til dig.<\/p>\n\n\n\n<p>Du kan blokere disse cookies, men hvis du g\u00f8r det, kan det v\u00e6re, at dele af hjemmesiden ikke fungerer efter hensigten.<\/p>\n\n\n\n<h3 class=\"wp-block-heading\" id=\"How-do-we-use-cookies\">Hvordan bruger vi cookies?<\/h3>\n\n\n\n<p>Vi indsamler oplysninger ved hj\u00e6lp af de beskrevne cookies til at m\u00e5le trafikken p\u00e5 vores hjemmeside, for at forst\u00e5 din adf\u00e6rd for optimering af brugeroplevelsen, for at tilpasse indholdet p\u00e5 hjemmesiderne og for at levere relevant annoncering, som du kunne v\u00e6re interesseret i. Vi bruger ogs\u00e5 de indsamlede oplysninger til at udvikle vores hjemmesider.<\/p>\n\n\n\n<h3 class=\"wp-block-heading\" id=\"How-to-block-cookies\">S\u00e5dan blokerer du cookies<\/h3>\n\n\n\n<p>Du kan stoppe eller begr\u00e6nse placeringen af cookies og andre sporingsteknologier Det g\u00f8r du ved at blokere dem p\u00e5 din enhed eller ved at fjerne dem og justere pr\u00e6ferencer p\u00e5 din browser. Dette kan variere fra enhed til enhed og fra browser til browser.<\/p>\n\n\n\n<p>N\u00e5r du blokerer cookies i din browser, kan dele af hjemmesiden blive utilg\u00e6ngelige for dig eller hindre, at hjemmesiden fungerer optimalt.<\/p>\n\n\n\n<h3 class=\"wp-block-heading\" id=\"How-to-withdraw-a-given-consent\">S\u00e5dan tr\u00e6kker du dit samtykke tilbage<\/h3>\n\n\n\n<p>For at tr\u00e6kke et samtykke, som du har givet, tilbage, kan du klikke p\u00e5 det lille cookie-ikon i bunden af hjemmesiderne og blot \u00e6ndre placeringen af samtykkeknappen og klikke p\u00e5 &#8220;gem&#8221;.<\/p>\n\n\n\n<h3 class=\"wp-block-heading\" id=\"Cookies-list\">Cookies liste<\/h3>\n\n\n\n<p>Listen over cookies brugt af Autorola kan ses i cookie-samtykkefeltet under hver kategori af cookies.<\/p>\n\n\n\n<h3 class=\"wp-block-heading\" id=\"Contact-Us\">Kontakt os<\/h3>\n\n\n\n<p>Hvis du har sp\u00f8rgsm\u00e5l vedr\u00f8rende dette dokument, bedes du kontakte os.Autorola A\/S<br>Skibhusvej 52A<br>DK-5000 Odense C<br>Denmark<\/p>\n\n\n\n<p>Tel: +45 70 20 16 61<br>E-mail:&nbsp;<a href=\"mailto:gdpr@indicata.com\">gdpr@indicata.com<\/a><\/p>\n<\/div><div class=\"mt-post-content__actions\"><div class=\"mt-post-content__actions--tags\"><\/div><div class=\"mt-post-content__actions--share-buttons\"><div class=\"mt-share-buttons\"><div class=\"mt-share-buttons__button mt-share-buttons__button--print\"><svg xmlns=\"http:\/\/www.w3.org\/2000\/svg\" width=\"20\" height=\"21\" viewBox=\"0 0 20 21\" fill=\"none\"><path d=\"M5 8.00033V2.16699H15V8.00033\" stroke=\"#555555\" stroke-width=\"1.5\" stroke-linecap=\"round\" stroke-linejoin=\"round\"><\/path><path d=\"M4.99935 15.5H3.33268C2.89065 15.5 2.46673 15.3244 2.15417 15.0118C1.84161 14.6993 1.66602 14.2754 1.66602 13.8333V9.66667C1.66602 9.22464 1.84161 8.80072 2.15417 8.48816C2.46673 8.1756 2.89065 8 3.33268 8H16.666C17.108 8 17.532 8.1756 17.8445 8.48816C18.1571 8.80072 18.3327 9.22464 18.3327 9.66667V13.8333C18.3327 14.2754 18.1571 14.6993 17.8445 15.0118C17.532 15.3244 17.108 15.5 16.666 15.5H14.9993\" stroke=\"#555555\" stroke-width=\"1.5\" stroke-linecap=\"round\" stroke-linejoin=\"round\"><\/path><path d=\"M15 12.167H5V18.8337H15V12.167Z\" stroke=\"#555555\" stroke-width=\"1.5\" stroke-linecap=\"round\" stroke-linejoin=\"round\"><\/path><\/svg><\/div><div class=\"mt-share-buttons__button mt-share-buttons__button--bookmark\"><svg xmlns=\"http:\/\/www.w3.org\/2000\/svg\" width=\"20\" height=\"21\" viewBox=\"0 0 20 21\" fill=\"none\"><path d=\"M15.8327 18L9.99935 13.8333L4.16602 18V4.66667C4.16602 4.22464 4.34161 3.80072 4.65417 3.48816C4.96673 3.17559 5.39065 3 5.83268 3H14.166C14.608 3 15.032 3.17559 15.3445 3.48816C15.6571 3.80072 15.8327 4.22464 15.8327 4.66667V18Z\" stroke=\"#555555\" stroke-width=\"1.5\" stroke-linecap=\"round\" stroke-linejoin=\"round\"><\/path><\/svg><\/div><div class=\"mt-share-buttons__button mt-share-buttons__button--share\"><svg xmlns=\"http:\/\/www.w3.org\/2000\/svg\" width=\"20\" height=\"21\" viewBox=\"0 0 20 21\" fill=\"none\"><path d=\"M3.33398 10.5V17.1667C3.33398 17.6087 3.50958 18.0326 3.82214 18.3452C4.1347 18.6577 4.55862 18.8333 5.00065 18.8333H15.0007C15.4427 18.8333 15.8666 18.6577 16.1792 18.3452C16.4917 18.0326 16.6673 17.6087 16.6673 17.1667V10.5\" stroke=\"#555555\" stroke-width=\"1.5\" stroke-linecap=\"round\" stroke-linejoin=\"round\"><\/path><path d=\"M13.3327 5.50033L9.99935 2.16699L6.66602 5.50033\" stroke=\"#555555\" stroke-width=\"1.5\" stroke-linecap=\"round\" stroke-linejoin=\"round\"><\/path><path d=\"M10 2.16699V13.0003\" stroke=\"#555555\" stroke-width=\"1.5\" stroke-linecap=\"round\" stroke-linejoin=\"round\"><\/path><\/svg><\/div><\/div><\/div><\/div><\/div><\/section>\n","protected":false},"excerpt":{"rendered":"","protected":false},"author":4,"featured_media":0,"parent":0,"menu_order":0,"comment_status":"closed","ping_status":"closed","template":"","meta":{"_acf_changed":false,"footnotes":""},"class_list":["post-1768","page","type-page","status-publish","hentry"],"acf":[],"yoast_head":"<!-- This site is optimized with the Yoast SEO plugin v27.3 - https:\/\/yoast.com\/product\/yoast-seo-wordpress\/ -->\n<title>Cookiepolitik - Indicata<\/title>\n<meta name=\"robots\" content=\"noindex, follow, max-snippet:-1, max-image-preview:large, max-video-preview:-1\" \/>\n<meta property=\"og:locale\" content=\"da_DK\" \/>\n<meta property=\"og:type\" content=\"article\" \/>\n<meta property=\"og:title\" content=\"Cookiepolitik - Indicata\" \/>\n<meta property=\"og:url\" content=\"https:\/\/dk.indicata.com\/cookiepolitik\/\" \/>\n<meta property=\"og:site_name\" content=\"Indicata\" \/>\n<meta property=\"article:modified_time\" content=\"2024-09-11T13:27:23+00:00\" \/>\n<meta name=\"twitter:card\" content=\"summary_large_image\" \/>\n<meta name=\"twitter:label1\" content=\"Estimeret l\u00e6setid\" \/>\n\t<meta name=\"twitter:data1\" content=\"3 minutter\" \/>\n<script type=\"application\/ld+json\" class=\"yoast-schema-graph\">{\"@context\":\"https:\\\/\\\/schema.org\",\"@graph\":[{\"@type\":\"WebPage\",\"@id\":\"https:\\\/\\\/dk.indicata.com\\\/cookiepolitik\\\/\",\"url\":\"https:\\\/\\\/dk.indicata.com\\\/cookiepolitik\\\/\",\"name\":\"Cookiepolitik - Indicata\",\"isPartOf\":{\"@id\":\"https:\\\/\\\/indicata.bluebird.pw\\\/#website\"},\"datePublished\":\"2024-05-21T19:12:22+00:00\",\"dateModified\":\"2024-09-11T13:27:23+00:00\",\"breadcrumb\":{\"@id\":\"https:\\\/\\\/dk.indicata.com\\\/cookiepolitik\\\/#breadcrumb\"},\"inLanguage\":\"da-DK\",\"potentialAction\":[{\"@type\":\"ReadAction\",\"target\":[\"https:\\\/\\\/dk.indicata.com\\\/cookiepolitik\\\/\"]}]},{\"@type\":\"BreadcrumbList\",\"@id\":\"https:\\\/\\\/dk.indicata.com\\\/cookiepolitik\\\/#breadcrumb\",\"itemListElement\":[{\"@type\":\"ListItem\",\"position\":1,\"name\":\"Home\",\"item\":\"https:\\\/\\\/indicata.bluebird.pw\\\/da\\\/\"},{\"@type\":\"ListItem\",\"position\":2,\"name\":\"Cookiepolitik\"}]},{\"@type\":\"WebSite\",\"@id\":\"https:\\\/\\\/indicata.bluebird.pw\\\/#website\",\"url\":\"https:\\\/\\\/indicata.bluebird.pw\\\/\",\"name\":\"Indicata\",\"description\":\"Part of Autorola Group\",\"potentialAction\":[{\"@type\":\"SearchAction\",\"target\":{\"@type\":\"EntryPoint\",\"urlTemplate\":\"https:\\\/\\\/indicata.bluebird.pw\\\/?s={search_term_string}\"},\"query-input\":{\"@type\":\"PropertyValueSpecification\",\"valueRequired\":true,\"valueName\":\"search_term_string\"}}],\"inLanguage\":\"da-DK\"}]}<\/script>\n<!-- \/ Yoast SEO plugin. -->","yoast_head_json":{"title":"Cookiepolitik - Indicata","robots":{"index":"noindex","follow":"follow","max-snippet":"max-snippet:-1","max-image-preview":"max-image-preview:large","max-video-preview":"max-video-preview:-1"},"og_locale":"da_DK","og_type":"article","og_title":"Cookiepolitik - Indicata","og_url":"https:\/\/dk.indicata.com\/cookiepolitik\/","og_site_name":"Indicata","article_modified_time":"2024-09-11T13:27:23+00:00","twitter_card":"summary_large_image","twitter_misc":{"Estimeret l\u00e6setid":"3 minutter"},"schema":{"@context":"https:\/\/schema.org","@graph":[{"@type":"WebPage","@id":"https:\/\/dk.indicata.com\/cookiepolitik\/","url":"https:\/\/dk.indicata.com\/cookiepolitik\/","name":"Cookiepolitik - Indicata","isPartOf":{"@id":"https:\/\/indicata.bluebird.pw\/#website"},"datePublished":"2024-05-21T19:12:22+00:00","dateModified":"2024-09-11T13:27:23+00:00","breadcrumb":{"@id":"https:\/\/dk.indicata.com\/cookiepolitik\/#breadcrumb"},"inLanguage":"da-DK","potentialAction":[{"@type":"ReadAction","target":["https:\/\/dk.indicata.com\/cookiepolitik\/"]}]},{"@type":"BreadcrumbList","@id":"https:\/\/dk.indicata.com\/cookiepolitik\/#breadcrumb","itemListElement":[{"@type":"ListItem","position":1,"name":"Home","item":"https:\/\/indicata.bluebird.pw\/da\/"},{"@type":"ListItem","position":2,"name":"Cookiepolitik"}]},{"@type":"WebSite","@id":"https:\/\/indicata.bluebird.pw\/#website","url":"https:\/\/indicata.bluebird.pw\/","name":"Indicata","description":"Part of Autorola Group","potentialAction":[{"@type":"SearchAction","target":{"@type":"EntryPoint","urlTemplate":"https:\/\/indicata.bluebird.pw\/?s={search_term_string}"},"query-input":{"@type":"PropertyValueSpecification","valueRequired":true,"valueName":"search_term_string"}}],"inLanguage":"da-DK"}]}},"_links":{"self":[{"href":"https:\/\/indicata.bluebird.pw\/da\/wp-json\/wp\/v2\/pages\/1768","targetHints":{"allow":["GET"]}}],"collection":[{"href":"https:\/\/indicata.bluebird.pw\/da\/wp-json\/wp\/v2\/pages"}],"about":[{"href":"https:\/\/indicata.bluebird.pw\/da\/wp-json\/wp\/v2\/types\/page"}],"author":[{"embeddable":true,"href":"https:\/\/indicata.bluebird.pw\/da\/wp-json\/wp\/v2\/users\/4"}],"replies":[{"embeddable":true,"href":"https:\/\/indicata.bluebird.pw\/da\/wp-json\/wp\/v2\/comments?post=1768"}],"version-history":[{"count":3,"href":"https:\/\/indicata.bluebird.pw\/da\/wp-json\/wp\/v2\/pages\/1768\/revisions"}],"predecessor-version":[{"id":7944,"href":"https:\/\/indicata.bluebird.pw\/da\/wp-json\/wp\/v2\/pages\/1768\/revisions\/7944"}],"wp:attachment":[{"href":"https:\/\/indicata.bluebird.pw\/da\/wp-json\/wp\/v2\/media?parent=1768"}],"curies":[{"name":"wp","href":"https:\/\/api.w.org\/{rel}","templated":true}]}}