{"id":1779,"date":"2024-05-21T21:11:11","date_gmt":"2024-05-21T19:11:11","guid":{"rendered":"https:\/\/indicata.bluebird.pw\/privacy-statement\/"},"modified":"2024-09-11T15:26:22","modified_gmt":"2024-09-11T13:26:22","slug":"privatlivspolitik","status":"publish","type":"page","link":"https:\/\/indicata.bluebird.pw\/da\/privatlivspolitik\/","title":{"rendered":"Privatlivspolitik"},"content":{"rendered":"\n<section class=\"wp-block-indicata-post-content mt-post-content\"><div class=\"mt-post-content__inner\"><div class=\"mt-post-content__content\">\n<h2 class=\"wp-block-heading\">Privatlivspolitik<\/h2>\n\n\n\n<p>Denne privatlivspolitik g\u00e6lder for alle opysninger, som Autorola Group indsamler, n\u00e5r du bruger vores tjenester.<\/p>\n\n\n\n<p>Form\u00e5let med denne privatlivspolitik er at informere dig, &#8220;den registrerede&#8221;, hvordan vi bruger dine personoplysninger. Beskyttelse af dine personoplysninger er vigtigt for os, og vi opfordrer dig til at l\u00e6se denne politik. Hvis du har udfordringer med at l\u00e6se denne politik, bedes du kontakte os (Telefon: 70 20 16 61), s\u00e5 hj\u00e6lper vi dig bedst muligt.<\/p>\n\n\n\n<p>Dine personoplysninger er beskyttet ved lov gennem den generelle databeskyttelsesforordning (EUROPA-PARLAMENTETS OG R\u00c5DETS FORORDNING (EU) 2016\/679 af 27. april 2016 om beskyttelse af fysiske personer i forbindelse med behandling af personoplysninger og om fri udveksling af s\u00e5danne data og oph\u00e6velse af direktiv 95\/46\/EF (generel databeskyttelsesforordning).<\/p>\n\n\n\n<p>Vi kan lave \u00e6ndringer i denne politik fra tid til anden. Derfor opfordrer vi dig til at gennemg\u00e5 denne politik med j\u00e6vne mellemrum, da \u00e6ndringer vil blive offentliggjort p\u00e5 denne side.<\/p>\n\n\n\n<h3 class=\"wp-block-heading\">Resum\u00e9<\/h3>\n\n\n\n<p>Denne politik g\u00e6lder for:<\/p>\n\n\n\n<ul class=\"wp-block-list\">\n<li>Vores kunder<\/li>\n\n\n\n<li>Bes\u00f8gende p\u00e5 vores hjemmesider<\/li>\n<\/ul>\n\n\n\n<p>Denne politik d\u00e6kker:<\/p>\n\n\n\n<ul class=\"wp-block-list\">\n<li>Resum\u00e9<\/li>\n\n\n\n<li><a href=\"https:\/\/www.indicata.dk\/politik-om-privatlivets-fred#The-personal-data-we-collect\">Personoplysninger, vi indsamler<\/a>\n<ul class=\"wp-block-list\">\n<li><a href=\"https:\/\/www.indicata.dk\/politik-om-privatlivets-fred#Personal-data-you-provide-to-us\">Personoplysninger, som du giver os<\/a><\/li>\n\n\n\n<li><a href=\"https:\/\/www.indicata.dk\/politik-om-privatlivets-fred#Personal-data-collected-when-you-visit-our%20websites\">Personoplysninger, som indsamles, n\u00e5r du bes\u00f8ger vores hjemmesider<\/a><\/li>\n\n\n\n<li><a href=\"https:\/\/www.indicata.dk\/politik-om-privatlivets-fred#Personal-data-collected-when-you-use-our%20services\">Personoplysninger, som indsamles, n\u00e5r du bruger vores tjenester<\/a><\/li>\n\n\n\n<li><a href=\"https:\/\/www.indicata.dk\/politik-om-privatlivets-fred#Sensitive-data\">F\u00f8lsomme oplysninger<\/a><\/li>\n<\/ul>\n<\/li>\n\n\n\n<li><a href=\"https:\/\/www.indicata.dk\/politik-om-privatlivets-fred#How-we-collect-data\">Hvordan vi indsamler data<\/a>\n<ul class=\"wp-block-list\">\n<li><a href=\"https:\/\/www.indicata.dk\/politik-om-privatlivets-fred#Cookies\">Cookies<\/a><\/li>\n<\/ul>\n<\/li>\n\n\n\n<li><a href=\"https:\/\/www.indicata.dk\/politik-om-privatlivets-fred#How-we-use-your-data\">Hvordan vi bruger dine oplysninger<\/a><\/li>\n\n\n\n<li><a href=\"https:\/\/www.indicata.dk\/politik-om-privatlivets-fred#The-legal-basis-for-collecting-and-processing-data\">Retsgrundlaget for indsamling og behandling af oplysninger<\/a><\/li>\n\n\n\n<li><a href=\"https:\/\/www.indicata.dk\/politik-om-privatlivets-fred#How-we-share-data\">Hvordan vi deler data<\/a>\n<ul class=\"wp-block-list\">\n<li><a href=\"https:\/\/www.indicata.dk\/politik-om-privatlivets-fred#Purchase\">Ved k\u00f8b af k\u00f8ret\u00f8j<\/a><\/li>\n\n\n\n<li><a href=\"https:\/\/www.indicata.dk\/politik-om-privatlivets-fred#Third-country-transfer-of-your-personal-data\">Tredjelandsoverf\u00f8rsel af dine personlige data<\/a><\/li>\n\n\n\n<li><a href=\"https:\/\/www.indicata.dk\/politik-om-privatlivets-fred#Misconduct\">D\u00e5rlig adf\u00e6rd<\/a><\/li>\n<\/ul>\n<\/li>\n\n\n\n<li><a href=\"https:\/\/www.indicata.dk\/politik-om-privatlivets-fred#How-long-we-retain-your-data\">Opbevaring af dine personoplysninger<\/a><\/li>\n\n\n\n<li><a href=\"https:\/\/www.indicata.dk\/politik-om-privatlivets-fred#Your-rights-regarding-your-personal-data\">Dine rettigheder vedr\u00f8rende dine personoplysninger<\/a><\/li>\n\n\n\n<li><a href=\"https:\/\/www.indicata.dk\/politik-om-privatlivets-fred#Security\">Sikkerhed<\/a><\/li>\n\n\n\n<li><a href=\"https:\/\/www.indicata.dk\/politik-om-privatlivets-fred#Contact-Us\">Kontakt os<\/a><\/li>\n<\/ul>\n\n\n\n<h3 class=\"wp-block-heading\" id=\"The-personal-data-we-collect\">Personoplysninger, vi indsamler<\/h3>\n\n\n\n<p>Vi indsamler forskellige typer data afh\u00e6ngigt af, hvordan du interagerer med os, og hvilke tjenester du bruger. Det g\u00e6lder dog for alle Autorola-tjenester, at der kun indsamles almindelige persondata.<\/p>\n\n\n\n<h4 class=\"wp-block-heading\" id=\"Personal-data-you-provide-to-us\">Personoplysninger, som du giver os<\/h4>\n\n\n\n<p>N\u00e5r du tilmelder dig som bruger af Autorola-tjenester, indg\u00e5r du en aftale, som kr\u00e6ver dine kontaktoplysninger. Oplysningerne vil blive brugt til at bekr\u00e6fte din identitet og for at kunne tilbyde dig vores tjenester.<\/p>\n\n\n\n<h4 class=\"wp-block-heading\" id=\"Personal-data-collected-when-you-visit-our-websites\">Personoplysninger, som indsamles, n\u00e5r du bes\u00f8ger vores hjemmesider<\/h4>\n\n\n\n<p>N\u00e5r du bruger vores hjemmesider, kan vi automatisk indsamle personlige data s\u00e5som IP-adresse, og andre data kan indsamles af cookies s\u00e5som din placering, hvordan du navigerer gennem hjemmesiderne osv. Du kan finde flere informationer om data indsamlet af cookies her:&nbsp;<a href=\"https:\/\/www.indicata.dk\/cookies\">Cookies<\/a><\/p>\n\n\n\n<h4 class=\"wp-block-heading\" id=\"Personal-data-collected-when-you-use-our-services\">Personoplysninger, som indsamles, n\u00e5r du bruger vores tjenester<\/h4>\n\n\n\n<p>N\u00e5r du bruger vores tjenester, indsamler vi f\u00f8lgende personoplysninger, dog ikke begr\u00e6nset til:<\/p>\n\n\n\n<p>Alle brugere:<\/p>\n\n\n\n<ul class=\"wp-block-list\">\n<li>IP-adresse<\/li>\n\n\n\n<li>Navn<\/li>\n\n\n\n<li>Telefonnummer<\/li>\n\n\n\n<li>E-mailadresse<\/li>\n\n\n\n<li>Alder<\/li>\n\n\n\n<li>K\u00f8n<\/li>\n<\/ul>\n\n\n\n<p>Yderligere oplysninger indsamles for professionelle brugere:<\/p>\n\n\n\n<ul class=\"wp-block-list\">\n<li>Betalingsadresse<\/li>\n\n\n\n<li>Betalingsinformation<\/li>\n\n\n\n<li>VIN<\/li>\n\n\n\n<li>Forsikringsnummer<\/li>\n<\/ul>\n\n\n\n<p>Vi indsamler ogs\u00e5 brugsdata vedr\u00f8rende din brug af vores tjenester, og disse kan indeholde personoplysninger.<\/p>\n\n\n\n<p>Betalings- og faktureringsoplysninger indsamles og bruges udelukkende til at behandle betalinger og til at levere vores produkter og tjenester.<\/p>\n\n\n\n<h4 class=\"wp-block-heading\" id=\"Sensitive-data \">F\u00f8lsomme oplysninger<\/h4>\n\n\n\n<p>Da vi ikke har brug for f\u00f8lsomme personoplysninger, beder vi dig om ikke at videregive nogen former for f\u00f8lsomme personoplysninger, medmindre det specifikt anmodes af os p\u00e5 grund af juridisk forpligtelse eller p\u00e5kr\u00e6vet ved lov.<\/p>\n\n\n\n<h3 class=\"wp-block-heading\" id=\"How-we-collect-data\">Hvordan vi indsamler data<\/h3>\n\n\n\n<p>Som beskrevet indsamler vi personoplysninger fra dig, n\u00e5r du bes\u00f8ger vores hjemmeside eller bruger vores tjenester. Nogle oplysninger leveres af dig, og andre indsamles, mens du bev\u00e6ger dig rundt p\u00e5 vores hjemmesider.<\/p>\n\n\n\n<h4 class=\"wp-block-heading\" id=\"Cookies\">Cookies<\/h4>\n\n\n\n<p>Hos Autorola bruger vi cookies til at indsamle oplysninger. Cookies er sm\u00e5 filer, der gemmes i din webbrowser, n\u00e5r du bes\u00f8ger vores hjemmeside. Nogle cookies holder kun s\u00e5 l\u00e6nge du forbliver p\u00e5 hjemmesiden; andre kan opbevares i l\u00e6ngere tid. Disse cookies kan g\u00f8re browsing lettere ved at gemme din adgangskode eller dine pr\u00e6ferencer for, hvordan du bruger hjemmesiden. Cookies indsamler data s\u00e5som IP-adressen p\u00e5 din computer, dine browserindstillinger og information om, hvordan du bruger hjemmesiden. Din generelle placering kan estimeres ud fra din IP-adresse. Nogle cookies sporer brugernes aktivitet p\u00e5 vores hjemmeside, apps og tjenester for at levere personlig annoncering til dig p\u00e5 denne hjemmeside og andre hjemmesider.<\/p>\n\n\n\n<p>Mere information om, hvordan vi bruger cookies samt hvordan du frav\u00e6lger cookies, kan findes her:&nbsp;<a href=\"https:\/\/www.indicata.dk\/cookies\">Cookies<\/a><\/p>\n\n\n\n<h3 class=\"wp-block-heading\" id=\"How-we-use-your-data\">Hvordan vi bruger dine oplysninger<\/h3>\n\n\n\n<p>Vi behandler dine personoplysninger til f\u00f8lgende form\u00e5l:<\/p>\n\n\n\n<ul class=\"wp-block-list\">\n<li>At levere vores tjenester.<\/li>\n\n\n\n<li>For at svare p\u00e5 dine anmodninger om oplysninger.<\/li>\n\n\n\n<li>For at kontakte dig med opdateringer om vores hjemmesider og tjenester.<\/li>\n\n\n\n<li>At markedsf\u00f8re og reklamere for vores tjenester, herunder afsendelse af marketingkommunikation, p\u00e5 baggrund af dit samtykke.<\/li>\n\n\n\n<li>At analysere og forbedre vores hjemmeside og tjenester.<\/li>\n<\/ul>\n\n\n\n<h4 class=\"wp-block-heading\" id=\"The-legal-basis-for-collecting-and-processing-data\">Retsgrundlaget for indsamling og behandling af oplysninger<\/h4>\n\n\n\n<p>Vi bruger f\u00f8lgende juridiske grundlag for indsamling og behandling af personoplysninger;<\/p>\n\n\n\n<ul class=\"wp-block-list\">\n<li>Samtykke\n<ul class=\"wp-block-list\">\n<li>Vi kan indsamle og behandle oplysninger med dit samtykke, n\u00e5r du f.eks. abonnerer p\u00e5 vores nyhedsbrev, beder om oplysninger eller tilmelder dig tjenester.<\/li>\n<\/ul>\n<\/li>\n\n\n\n<li>N\u00f8dvendig for udf\u00f8relsen af en kontrakt\n<ul class=\"wp-block-list\">\n<li>Vi kan indsamle og behandle oplysninger, som vi har brug for for at levere vores tjenester eller opfylde kontraktlige forpligtelser med vores kunder. Vi kan behandle en begr\u00e6nset m\u00e6ngde personoplysninger for at udvikle og teste funktioner og tjenester, hvor det er strengt n\u00f8dvendigt for at kunne levere vores tjenester.<\/li>\n<\/ul>\n<\/li>\n\n\n\n<li>N\u00f8dvendig for at overholde retlig forpligtelse\n<ul class=\"wp-block-list\">\n<li>Vi kan indsamle og behandle oplysninger for at opfylde en juridisk forpligtelse.<\/li>\n<\/ul>\n<\/li>\n\n\n\n<li>Legitim interesse\n<ul class=\"wp-block-list\">\n<li>Vi kan indsamle og behandle oplysninger, da vi har en legitim interesse i at drive effektive og relevante marketing- og salgsaktiviteter samt levere og opdatere vores tjenester for at maksimere v\u00e6rdien for vores kunder og brugere, s\u00e5 l\u00e6nge vores legitime interesser ikke opvejes af dine rettigheder. Derfor kan vi bruge en begr\u00e6nset m\u00e6ngde personlige data for at udvikle effektive og fejlfrie tjenester.<\/li>\n<\/ul>\n<\/li>\n<\/ul>\n\n\n\n<h4 class=\"wp-block-heading\" id=\"How-we-share-data\">Hvordan vi deler data<\/h4>\n\n\n\n<p>Der er visse tilf\u00e6lde, hvor vi deler dine personlige oplysninger indsamlet ved brug af Autorola-tjenester med tredjeparter for at udf\u00f8re den aftalte service. Disse tilf\u00e6lde omfatter, men er ikke begr\u00e6nset til; n\u00e5r du s\u00e6lger eller k\u00f8ber k\u00f8ret\u00f8jer eller service, n\u00e5r du undlader at betale fakturaer fra Autorola, n\u00e5r vi refunderer betalinger, og n\u00e5r myndigheder kr\u00e6ver det i forbindelse med efterforskning af kriminalitet.<\/p>\n\n\n\n<p>Kategorierne af modtagere er:<\/p>\n\n\n\n<ul class=\"wp-block-list\">\n<li>Finansielle revisorer<\/li>\n\n\n\n<li>K\u00f8ber af k\u00f8ret\u00f8jer eller varer, du s\u00e6lger<\/li>\n\n\n\n<li>S\u00e6lger af k\u00f8ret\u00f8jer eller varer, du k\u00f8ber<\/li>\n\n\n\n<li>Vores bank<\/li>\n\n\n\n<li>Vores inkassofirma<\/li>\n\n\n\n<li>Virksomhed til digitale underskrifter<\/li>\n\n\n\n<li>Myndighederne<\/li>\n\n\n\n<li>Vores partnere, der hoster vores websteder og<\/li>\n\n\n\n<li>Vores data backup partnere<\/li>\n\n\n\n<li>SMS-tjenesteudbydere<\/li>\n\n\n\n<li>Parkeringspladser, hvor du henter eller afleverer k\u00f8ret\u00f8jer<\/li>\n\n\n\n<li>Transportfirmaer, der transporterer k\u00f8ret\u00f8jerne<\/li>\n\n\n\n<li>Tredjepartssupportsystem<\/li>\n\n\n\n<li>Funktionslogningssystem<\/li>\n<\/ul>\n\n\n\n<h4 class=\"wp-block-heading\" id=\"Purchase\">Ved k\u00f8b af k\u00f8ret\u00f8j<\/h4>\n\n\n\n<p>For at facilitere et salg skal k\u00f8ber og s\u00e6lger udveksle personoplysninger, og Autorola leverer disse oplysninger til begge parter som en del af aftalen indg\u00e5et ved tilmelding til Autorola-tjenester. Nogle handler foretages med en forhandler, hvor k\u00f8ber og s\u00e6lger ikke deler personoplysninger. N\u00e5r en auktion slutter, vil Autorola fors\u00f8ge at kontakte potentielle k\u00f8bere s\u00e5vel som s\u00e6lgere for at gennemf\u00f8re salget.<\/p>\n\n\n\n<p>Autorola er juridisk forpligtet til at indberette importerede og eksporterede varer til INTRASTAT, i hvilket tilf\u00e6lde give dem, ved lov, fr p\u00e5kr\u00e6vede persondata.<\/p>\n\n\n\n<p>Autorola er ogs\u00e5 juridisk forpligtet til at afmelde k\u00f8ret\u00f8jer inden eksport og dokumentere, at det er sket. Ved afmelding vil dine personoplysninger blive delt med de relevante samarbejdspartnere.<\/p>\n\n\n\n<h4 class=\"wp-block-heading\" id=\"Third-country-transfer-of-your-personal-data\">Tredjelandsoverf\u00f8rsel af dine personlige data<\/h4>\n\n\n\n<p>Vi kan overf\u00f8re dine kontaktoplysninger til lande uden for EU i de tilf\u00e6lde, hvor du k\u00f8ber eller s\u00e6lger k\u00f8ret\u00f8jer eller varer uden for EU.<\/p>\n\n\n\n<p>Autorola bruger en standard kontraktbestemmelser for at sikre korrekt beskyttelse af dine personlige oplysninger i mangel af en passende sikkerhedsforanstaltning i henhold til artikel 45(3) i GDPR.<\/p>\n\n\n\n<p>Vores leverand\u00f8rer og tjenesteudbydere har ikke tilladelse til at bruge dine personlige oplysninger til andre form\u00e5l end at levere aftalte tjenester.<\/p>\n\n\n\n<h4 class=\"wp-block-heading\" id=\"Misconduct\">D\u00e5rlig adf\u00e6rd<\/h4>\n\n\n\n<p>Vi f\u00f8rer en intern registrering af brugere, der har d\u00e5rlig adf\u00e6rd, s\u00e5som afvisning af betaling til berettigede k\u00f8bere eller s\u00e6lgere, fors\u00f8g p\u00e5 snyd m.m.<\/p>\n\n\n\n<p>Vi har en legitim interesse i at holde vores ydelser professionelle, hvilket i h\u00f8j grad betyder, at vi fors\u00f8ger at sikre, at vores k\u00f8bere og s\u00e6lgere har professionel adf\u00e6rd.<\/p>\n\n\n\n<p>I tilf\u00e6lde, hvor en lov er blevet brudt eller der er et retskrav, deler vi disse oplysninger, herunder personoplysninger, med relevante parter, s\u00e5som:<\/p>\n\n\n\n<ul class=\"wp-block-list\">\n<li>Myndigheder<\/li>\n\n\n\n<li>Advokater<\/li>\n<\/ul>\n\n\n\n<p>Disse oplysninger kan ogs\u00e5 v\u00e6re relevante for finansiel revision, da de kan bruges som dokumentation for tabt avance. I dette tilf\u00e6lde vil oplysningerne blive delt med:<\/p>\n\n\n\n<ul class=\"wp-block-list\">\n<li>Finansielle revisorer<\/li>\n<\/ul>\n\n\n\n<h4 class=\"wp-block-heading\" id=\"How-long-we-retain-your-data\">Opbevaring af dine personoplysninger<\/h4>\n\n\n\n<p>Hvor l\u00e6nge vi opbevarer personoplysninger, der er indsamlet, afh\u00e6nger af typen af oplysninger og form\u00e5let, som de blev indsamlet til. Efter et rimeligt tidsrum eller f\u00e6rdigg\u00f8relsen af det form\u00e5l, hvortil de blev indsamlet, vil vi enten slette eller anonymisere personoplysninger.<\/p>\n\n\n\n<p>Vi opbevarer personoplysninger, hvor vi har et l\u00f8bende legitimt form\u00e5l til at g\u00f8re det, for eksempel for at l\u00f8se tvister eller for at overholde igangv\u00e6rende juridiske forpligtelser.<\/p>\n\n\n\n<p>Vi opbevarer dine personoplysninger, s\u00e5 l\u00e6nge det er n\u00f8dvendigt for at levere vores tjenester til dig og for at opfylde vores juridiske forpligtelser og i en rimelig periode efter, at s\u00e5danne tjenester er afsluttet.<\/p>\n\n\n\n<h3 class=\"wp-block-heading\" id=\"Your-rights-regarding-your-personal-data\">Dine rettigheder vedr\u00f8rende dine personoplysninger<\/h3>\n\n\n\n<p>Som bosiddende i EU\/E\u00d8S har du visse rettigheder med hensyn til dine personoplysninger. Du har ret til at f\u00e5 adgang til personoplysninger, vi har om dig, og til at f\u00e5 rettet ukorrekte data. Du har ogs\u00e5 ret til at anmode om, at dine personoplysninger slettes permanent, og vi kan g\u00f8re det, medmindre Autorola er forpligtet ved lov til at opbevare oplysningerne. Derudover har du ret til at begr\u00e6nse behandlingen af dine personoplysninger og ret til at g\u00f8re indsigelse mod bestemte typer behandling af dine personoplysninger. Hvis du har givet os samtykke til at indsamle eller behandle dine personoplysninger, kan du til enhver tid tr\u00e6kke dette samtykke tilbage.<\/p>\n\n\n\n<p>Hvis du \u00f8nsker at ud\u00f8ve nogle af de ovenn\u00e6vnte rettigheder, bedes du indsende en anmodning til&nbsp;<a href=\"mailto:gdpr@autorola.com\">gdpr@autorola.com<\/a>.<\/p>\n\n\n\n<h3 class=\"wp-block-heading\" id=\"Security\">Sikkerhed<\/h3>\n\n\n\n<p>Vi tager alle rimelige skridt for at beskytte de oplysninger, vi modtager fra dig, mod utilsigtet eller ulovlig \u00f8del\u00e6ggelse, tab, \u00e6ndring og uautoriseret videregivelse eller adgang. Vi har indf\u00f8rt passende fysiske, tekniske og administrative foranstaltninger for at beskytte og sikre dine oplysninger, men ingen sikkerhedsforanstaltninger er perfekte; risikoen for et databrud er mulig.<\/p>\n\n\n\n<p>Nedenfor er en liste over nogle af de sikkerhedsforanstaltninger, der er p\u00e5 plads:<\/p>\n\n\n\n<ul class=\"wp-block-list\">\n<li>Personoplysninger krypteres under overf\u00f8rslen.<\/li>\n\n\n\n<li>Personoplysninger krypteres ved opbevaring i vores datacentre.<\/li>\n\n\n\n<li>Medarbejdere f\u00e5r kun adgang til brugernes personoplysninger p\u00e5 et &#8220;need to know&#8221;-grundlag.<\/li>\n\n\n\n<li>Alle medarbejdere er forpligtet til at modtage undervisning i GDPR og informationssikkerhed.<\/li>\n\n\n\n<li>Alle medarbejdere med adgang til personoplysninger skal underskrive en bindende fortrolighedsaftale.<\/li>\n\n\n\n<li>F\u00f8r vi deler personoplysninger med vores leverand\u00f8rer, sikrer vi os, at de har implementeret de n\u00f8dvendige sikkerhedsforanstaltninger for at beskytte dine oplysninger. Vores leverand\u00f8rer og partnere har ikke tilladelse til at bruge eller dele dine oplysninger til andre form\u00e5l end at levere de tjenester, som de er blevet aftalt til.<\/li>\n<\/ul>\n\n\n\n<h3 class=\"wp-block-heading\" id=\"Contact-Us\">Kontakt os<\/h3>\n\n\n\n<p>Hvis du har sp\u00f8rgsm\u00e5l om denne privatlivspolitik eller hvis du \u00f8nsker at ud\u00f8ve dine rettigheder som beskrevet ovenfor, bedes du kontakte os p\u00e5 f\u00f8lgende:<\/p>\n\n\n\n<p><strong>Virksomheden, der indsamler og behandler dine oplysninger er:<\/strong>Autorola A\/S<br>Skibhusvej 52A<br>DK-5000 Odense C<br>Denmark<br>Tel: +45 70 20 16 61<br>E-mail:&nbsp;<a href=\"mailto:gdpr@indicata.com\">gdpr@indicata.com<\/a><\/p>\n\n\n\n<p><strong>Tilsynsmyndigheden for beskyttelse af personoplysninger i Danmark er:<\/strong>Datatilsynet<br>Carl Jacobsens Vej 35<br>2500 Valby<br>Tlf. 33 19 32 00<br><a href=\"mailto:dt@datatilsynet.dk\">dt@datatilsynet.dk<\/a><\/p>\n<\/div><div class=\"mt-post-content__actions\"><div class=\"mt-post-content__actions--tags\"><\/div><div class=\"mt-post-content__actions--share-buttons\"><div class=\"mt-share-buttons\"><div class=\"mt-share-buttons__button mt-share-buttons__button--print\"><svg xmlns=\"http:\/\/www.w3.org\/2000\/svg\" width=\"20\" height=\"21\" viewBox=\"0 0 20 21\" fill=\"none\"><path d=\"M5 8.00033V2.16699H15V8.00033\" stroke=\"#555555\" stroke-width=\"1.5\" stroke-linecap=\"round\" stroke-linejoin=\"round\"><\/path><path d=\"M4.99935 15.5H3.33268C2.89065 15.5 2.46673 15.3244 2.15417 15.0118C1.84161 14.6993 1.66602 14.2754 1.66602 13.8333V9.66667C1.66602 9.22464 1.84161 8.80072 2.15417 8.48816C2.46673 8.1756 2.89065 8 3.33268 8H16.666C17.108 8 17.532 8.1756 17.8445 8.48816C18.1571 8.80072 18.3327 9.22464 18.3327 9.66667V13.8333C18.3327 14.2754 18.1571 14.6993 17.8445 15.0118C17.532 15.3244 17.108 15.5 16.666 15.5H14.9993\" stroke=\"#555555\" stroke-width=\"1.5\" stroke-linecap=\"round\" stroke-linejoin=\"round\"><\/path><path d=\"M15 12.167H5V18.8337H15V12.167Z\" stroke=\"#555555\" stroke-width=\"1.5\" stroke-linecap=\"round\" stroke-linejoin=\"round\"><\/path><\/svg><\/div><div class=\"mt-share-buttons__button mt-share-buttons__button--bookmark\"><svg xmlns=\"http:\/\/www.w3.org\/2000\/svg\" width=\"20\" height=\"21\" viewBox=\"0 0 20 21\" fill=\"none\"><path d=\"M15.8327 18L9.99935 13.8333L4.16602 18V4.66667C4.16602 4.22464 4.34161 3.80072 4.65417 3.48816C4.96673 3.17559 5.39065 3 5.83268 3H14.166C14.608 3 15.032 3.17559 15.3445 3.48816C15.6571 3.80072 15.8327 4.22464 15.8327 4.66667V18Z\" stroke=\"#555555\" stroke-width=\"1.5\" stroke-linecap=\"round\" stroke-linejoin=\"round\"><\/path><\/svg><\/div><div class=\"mt-share-buttons__button mt-share-buttons__button--share\"><svg xmlns=\"http:\/\/www.w3.org\/2000\/svg\" width=\"20\" height=\"21\" viewBox=\"0 0 20 21\" fill=\"none\"><path d=\"M3.33398 10.5V17.1667C3.33398 17.6087 3.50958 18.0326 3.82214 18.3452C4.1347 18.6577 4.55862 18.8333 5.00065 18.8333H15.0007C15.4427 18.8333 15.8666 18.6577 16.1792 18.3452C16.4917 18.0326 16.6673 17.6087 16.6673 17.1667V10.5\" stroke=\"#555555\" stroke-width=\"1.5\" stroke-linecap=\"round\" stroke-linejoin=\"round\"><\/path><path d=\"M13.3327 5.50033L9.99935 2.16699L6.66602 5.50033\" stroke=\"#555555\" stroke-width=\"1.5\" stroke-linecap=\"round\" stroke-linejoin=\"round\"><\/path><path d=\"M10 2.16699V13.0003\" stroke=\"#555555\" stroke-width=\"1.5\" stroke-linecap=\"round\" stroke-linejoin=\"round\"><\/path><\/svg><\/div><\/div><\/div><\/div><\/div><\/section>\n","protected":false},"excerpt":{"rendered":"","protected":false},"author":4,"featured_media":0,"parent":0,"menu_order":0,"comment_status":"closed","ping_status":"closed","template":"","meta":{"_acf_changed":false,"footnotes":""},"class_list":["post-1779","page","type-page","status-publish","hentry"],"acf":[],"yoast_head":"<!-- This site is optimized with the Yoast SEO plugin v27.3 - https:\/\/yoast.com\/product\/yoast-seo-wordpress\/ -->\n<title>Privatlivspolitik - Indicata<\/title>\n<meta name=\"robots\" content=\"noindex, follow, max-snippet:-1, max-image-preview:large, max-video-preview:-1\" \/>\n<meta property=\"og:locale\" content=\"da_DK\" \/>\n<meta property=\"og:type\" content=\"article\" \/>\n<meta property=\"og:title\" content=\"Privatlivspolitik - Indicata\" \/>\n<meta property=\"og:url\" content=\"https:\/\/dk.indicata.com\/privatlivspolitik\/\" \/>\n<meta property=\"og:site_name\" content=\"Indicata\" \/>\n<meta property=\"article:modified_time\" content=\"2024-09-11T13:26:22+00:00\" \/>\n<meta name=\"twitter:card\" content=\"summary_large_image\" \/>\n<meta name=\"twitter:label1\" content=\"Estimeret l\u00e6setid\" \/>\n\t<meta name=\"twitter:data1\" content=\"8 minutter\" \/>\n<script type=\"application\/ld+json\" class=\"yoast-schema-graph\">{\"@context\":\"https:\\\/\\\/schema.org\",\"@graph\":[{\"@type\":\"WebPage\",\"@id\":\"https:\\\/\\\/dk.indicata.com\\\/privatlivspolitik\\\/\",\"url\":\"https:\\\/\\\/dk.indicata.com\\\/privatlivspolitik\\\/\",\"name\":\"Privatlivspolitik - Indicata\",\"isPartOf\":{\"@id\":\"https:\\\/\\\/indicata.bluebird.pw\\\/#website\"},\"datePublished\":\"2024-05-21T19:11:11+00:00\",\"dateModified\":\"2024-09-11T13:26:22+00:00\",\"breadcrumb\":{\"@id\":\"https:\\\/\\\/dk.indicata.com\\\/privatlivspolitik\\\/#breadcrumb\"},\"inLanguage\":\"da-DK\",\"potentialAction\":[{\"@type\":\"ReadAction\",\"target\":[\"https:\\\/\\\/dk.indicata.com\\\/privatlivspolitik\\\/\"]}]},{\"@type\":\"BreadcrumbList\",\"@id\":\"https:\\\/\\\/dk.indicata.com\\\/privatlivspolitik\\\/#breadcrumb\",\"itemListElement\":[{\"@type\":\"ListItem\",\"position\":1,\"name\":\"Home\",\"item\":\"https:\\\/\\\/indicata.bluebird.pw\\\/da\\\/\"},{\"@type\":\"ListItem\",\"position\":2,\"name\":\"Privatlivspolitik\"}]},{\"@type\":\"WebSite\",\"@id\":\"https:\\\/\\\/indicata.bluebird.pw\\\/#website\",\"url\":\"https:\\\/\\\/indicata.bluebird.pw\\\/\",\"name\":\"Indicata\",\"description\":\"Part of Autorola Group\",\"potentialAction\":[{\"@type\":\"SearchAction\",\"target\":{\"@type\":\"EntryPoint\",\"urlTemplate\":\"https:\\\/\\\/indicata.bluebird.pw\\\/?s={search_term_string}\"},\"query-input\":{\"@type\":\"PropertyValueSpecification\",\"valueRequired\":true,\"valueName\":\"search_term_string\"}}],\"inLanguage\":\"da-DK\"}]}<\/script>\n<!-- \/ Yoast SEO plugin. -->","yoast_head_json":{"title":"Privatlivspolitik - Indicata","robots":{"index":"noindex","follow":"follow","max-snippet":"max-snippet:-1","max-image-preview":"max-image-preview:large","max-video-preview":"max-video-preview:-1"},"og_locale":"da_DK","og_type":"article","og_title":"Privatlivspolitik - Indicata","og_url":"https:\/\/dk.indicata.com\/privatlivspolitik\/","og_site_name":"Indicata","article_modified_time":"2024-09-11T13:26:22+00:00","twitter_card":"summary_large_image","twitter_misc":{"Estimeret l\u00e6setid":"8 minutter"},"schema":{"@context":"https:\/\/schema.org","@graph":[{"@type":"WebPage","@id":"https:\/\/dk.indicata.com\/privatlivspolitik\/","url":"https:\/\/dk.indicata.com\/privatlivspolitik\/","name":"Privatlivspolitik - Indicata","isPartOf":{"@id":"https:\/\/indicata.bluebird.pw\/#website"},"datePublished":"2024-05-21T19:11:11+00:00","dateModified":"2024-09-11T13:26:22+00:00","breadcrumb":{"@id":"https:\/\/dk.indicata.com\/privatlivspolitik\/#breadcrumb"},"inLanguage":"da-DK","potentialAction":[{"@type":"ReadAction","target":["https:\/\/dk.indicata.com\/privatlivspolitik\/"]}]},{"@type":"BreadcrumbList","@id":"https:\/\/dk.indicata.com\/privatlivspolitik\/#breadcrumb","itemListElement":[{"@type":"ListItem","position":1,"name":"Home","item":"https:\/\/indicata.bluebird.pw\/da\/"},{"@type":"ListItem","position":2,"name":"Privatlivspolitik"}]},{"@type":"WebSite","@id":"https:\/\/indicata.bluebird.pw\/#website","url":"https:\/\/indicata.bluebird.pw\/","name":"Indicata","description":"Part of Autorola Group","potentialAction":[{"@type":"SearchAction","target":{"@type":"EntryPoint","urlTemplate":"https:\/\/indicata.bluebird.pw\/?s={search_term_string}"},"query-input":{"@type":"PropertyValueSpecification","valueRequired":true,"valueName":"search_term_string"}}],"inLanguage":"da-DK"}]}},"_links":{"self":[{"href":"https:\/\/indicata.bluebird.pw\/da\/wp-json\/wp\/v2\/pages\/1779","targetHints":{"allow":["GET"]}}],"collection":[{"href":"https:\/\/indicata.bluebird.pw\/da\/wp-json\/wp\/v2\/pages"}],"about":[{"href":"https:\/\/indicata.bluebird.pw\/da\/wp-json\/wp\/v2\/types\/page"}],"author":[{"embeddable":true,"href":"https:\/\/indicata.bluebird.pw\/da\/wp-json\/wp\/v2\/users\/4"}],"replies":[{"embeddable":true,"href":"https:\/\/indicata.bluebird.pw\/da\/wp-json\/wp\/v2\/comments?post=1779"}],"version-history":[{"count":2,"href":"https:\/\/indicata.bluebird.pw\/da\/wp-json\/wp\/v2\/pages\/1779\/revisions"}],"predecessor-version":[{"id":7943,"href":"https:\/\/indicata.bluebird.pw\/da\/wp-json\/wp\/v2\/pages\/1779\/revisions\/7943"}],"wp:attachment":[{"href":"https:\/\/indicata.bluebird.pw\/da\/wp-json\/wp\/v2\/media?parent=1779"}],"curies":[{"name":"wp","href":"https:\/\/api.w.org\/{rel}","templated":true}]}}