{"id":8190,"date":"2024-04-19T07:52:44","date_gmt":"2024-04-19T05:52:44","guid":{"rendered":"https:\/\/indicata.bluebird.pw\/flaadeforhandlere\/"},"modified":"2024-11-14T13:27:43","modified_gmt":"2024-11-14T11:27:43","slug":"flaadeforhandlere","status":"publish","type":"page","link":"https:\/\/indicata.bluebird.pw\/da\/flaadeforhandlere\/","title":{"rendered":"Fl\u00e5deforhandlere"},"content":{"rendered":"\n<section class=\"wp-block-indicata-sub-cover mt-sub-cover\"><div class=\"mt-sub-cover__container\"><div class=\"mt-sub-cover__inner page-container\"><div class=\"mt-sub-cover__text-container\"><span class=\"mt-sub-cover__tagline mt-tagline\">INDUSTRI test<\/span>\n<h1 class=\"wp-block-heading\">Fl\u00e5deforhandlere<\/h1>\n\n\n\n<p>Tr\u00e6f bedre beslutninger og opn\u00e5 bedre resultater<\/p>\n\n\n\n<div class=\"wp-block-buttons is-layout-flex wp-block-buttons-is-layout-flex\">\n<div class=\"wp-block-button open-slide-in-contact\" data-contact-slide-in-view=\"3\"><a class=\"wp-block-button__link wp-element-button\">Anmod om en demo<\/a><\/div>\n\n\n\n<div class=\"wp-block-button is-style-primary-transparent open-slide-in-contact\" data-contact-slide-in-view=\"2\"><a class=\"wp-block-button__link wp-element-button\">Vurdering af muligheder<\/a><\/div>\n<\/div>\n<\/div><\/div><div class=\"mt-sub-cover__image-container object-fit\"><img decoding=\"async\" src=\"https:\/\/indicata.bluebird.pw\/wp-content\/uploads\/2024\/04\/Frame-3-3.jpg\" alt=\"\" style=\"object-position:50% 50%\"\/><\/div><\/div><\/section>\n\n<section class=\"wp-block-indicata-link-boxes-with-icon mt-link-boxes-with-icon mtSpacing-top-small mtSpacing-bottom-medium\"><div class=\"mt-link-boxes-with-icon__inner page-container\"><div class=\"mt-link-boxes-with-icon__text-container\"><h2 class=\"mt-link-boxes-with-icon__title\">Vores kunder kommer til os TEST 3<\/h2><p class=\"mt-link-boxes-with-icon__text\">Fordi de gerne vil optimere f\u00f8lgende:<\/p><\/div><div class=\"mt-link-boxes-with-icon__boxes-wrapper\">\n<div class=\"wp-block-indicata-link-box-with-icon mt-link-box-with-icon swiper-slide\"><div class=\"mt-link-box-with-icon__title-container\"><div class=\"mt-link-box-with-icon__icon-container\"><img decoding=\"async\" src=\"https:\/\/indicata.bluebird.pw\/wp-content\/uploads\/2024\/04\/car-side-solid.svg\" alt=\"car-side-solid\" width=\"24\" height=\"24\" class=\"mt-link-box-with-icon__icon\"\/><\/div><p class=\"mt-link-box-with-icon__title\">Optimere hvert k\u00f8ret\u00f8js v\u00e6rdi<\/p><\/div><p class=\"mt-link-box-with-icon__text\">Identificer den bedste prisstrategi for hvert k\u00f8ret\u00f8j<\/p><\/div>\n\n\n\n<div class=\"wp-block-indicata-link-box-with-icon mt-link-box-with-icon swiper-slide\"><div class=\"mt-link-box-with-icon__title-container\"><div class=\"mt-link-box-with-icon__icon-container\"><img decoding=\"async\" src=\"https:\/\/indicata.bluebird.pw\/wp-content\/uploads\/2024\/04\/tags-solid.svg\" alt=\"tags-solid\" width=\"24\" height=\"24\" class=\"mt-link-box-with-icon__icon\"\/><\/div><p class=\"mt-link-box-with-icon__title\"><strong>Finde de rigtige kanaler<\/strong><\/p><\/div><p class=\"mt-link-box-with-icon__text\">Forbedre kanalvalg og muligheder p\u00e5 tv\u00e6rs af gr\u00e6nser<\/p><\/div>\n\n\n\n<div class=\"wp-block-indicata-link-box-with-icon mt-link-box-with-icon swiper-slide\"><div class=\"mt-link-box-with-icon__title-container\"><div class=\"mt-link-box-with-icon__icon-container\"><img decoding=\"async\" src=\"https:\/\/indicata.bluebird.pw\/wp-content\/uploads\/2024\/04\/laptop-solid.svg\" alt=\"laptop-solid\" width=\"24\" height=\"24\" class=\"mt-link-box-with-icon__icon\"\/><\/div><p class=\"mt-link-box-with-icon__title\"><strong>Finde de bedste k\u00f8bere<\/strong><\/p><\/div><p class=\"mt-link-box-with-icon__text\">Identificer, hvem der er den bedste p\u00e5 markedet for hvert k\u00f8ret\u00f8j, du s\u00e6lger<\/p><\/div>\n<\/div><\/div><\/section>\n\n<section class=\"wp-block-morningmodules-logo-line mt-logo-line mt-logo-line--should-slide mt-logo-line--border-bottom mtSpacing-top-extraSmall mtSpacing-bottom-extraSmall\"><div class=\"mt-logo-line__inner\"><div class=\"mt-logo-line__text-container\"><p class=\"mt-logo-line__text\">Betroet af globale<br>bilm\u00e6rker<\/p><\/div><div class=\"mt-logo-line__logos-container swiper\"><div class=\"swiper-wrapper\">\n<div class=\"wp-block-morningmodules-logo-line-logo mt-logo swiper-slide\" style=\"opacity:1\"><img decoding=\"async\" src=\"https:\/\/indicata.bluebird.pw\/wp-content\/uploads\/2024\/04\/Tesla.svg\" alt=\"\" class=\"mt-logo__logo\" style=\"max-height:40px;margin-top:0px\"\/><\/div>\n\n\n\n<div class=\"wp-block-morningmodules-logo-line-logo mt-logo swiper-slide\" style=\"opacity:1\"><img decoding=\"async\" src=\"https:\/\/indicata.bluebird.pw\/wp-content\/uploads\/2024\/04\/BMW.svg\" alt=\"\" class=\"mt-logo__logo\" style=\"max-height:40px;margin-top:0px\"\/><\/div>\n\n\n\n<div class=\"wp-block-morningmodules-logo-line-logo mt-logo swiper-slide\" style=\"opacity:1\"><img decoding=\"async\" src=\"https:\/\/indicata.bluebird.pw\/wp-content\/uploads\/2024\/04\/Mercedes.svg\" alt=\"\" class=\"mt-logo__logo\" style=\"max-height:40px;margin-top:0px\"\/><\/div>\n\n\n\n<div class=\"wp-block-morningmodules-logo-line-logo mt-logo swiper-slide\" style=\"opacity:1\"><img decoding=\"async\" src=\"https:\/\/indicata.bluebird.pw\/wp-content\/uploads\/2024\/04\/Volkswagen.svg\" alt=\"\" class=\"mt-logo__logo\" style=\"max-height:40px;margin-top:0px\"\/><\/div>\n\n\n\n<div class=\"wp-block-morningmodules-logo-line-logo mt-logo swiper-slide\" style=\"opacity:1\"><img decoding=\"async\" src=\"https:\/\/indicata.bluebird.pw\/wp-content\/uploads\/2024\/04\/logo-teknicar_svg__Layer_1.svg\" alt=\"\" class=\"mt-logo__logo\" style=\"max-height:40px;margin-top:0px\"\/><\/div>\n<\/div><\/div><\/div><\/section>\n\n<section class=\"wp-block-morningmodules-text-media mt-text-media mt-text-media--align-media-right mt-text-media--align-media-mobile-bottom mtSpacing-bottom-medium mtSpacing-top-small\"><div class=\"mt-text-media__inner\"><div class=\"mt-text-media__media-container\"><img decoding=\"async\" src=\"https:\/\/indicata.bluebird.pw\/wp-content\/uploads\/2024\/05\/AdobeStock_642486126-scaled.jpeg\" alt=\"\" style=\"object-position:31% 42%\"\/><\/div><div class=\"mt-text-media__text-container\"><span class=\"mt-text-media__tagline mt-tagline\">Salgsledelse<\/span><h2 class=\"mt-text-media__title\">Prisstrategier for at optimere performance<\/h2>\n<p>At fastl\u00e6gge en prisstrategi for remarketing er en videnskab, ikke en kunst.<\/p>\n\n\n\n<p>Et k\u00f8ret\u00f8js tilb\u00f8jelighed til at opn\u00e5 en pris p\u00e5 et B2B-marked er en funktion af udbud og eftersp\u00f8rgsel p\u00e5 et hvilket som helst tidspunkt.<\/p>\n\n\n\n<p>Indicata giver nutidens brugtbilss\u00e6lger data til at tr\u00e6ffe de bedste beslutninger om startpriser, reservepriser og &#8220;k\u00f8b-det-nu&#8221;-muligheder.<\/p>\n\n\n\n<div class=\"wp-block-buttons is-layout-flex wp-block-buttons-is-layout-flex\">\n<div class=\"wp-block-button open-slide-in-contact\" data-contact-slide-in-view=\"3\"><a class=\"wp-block-button__link wp-element-button\">Anmod om en demo<\/a><\/div>\n\n\n\n<div class=\"wp-block-button is-style-primary-transparent open-slide-in-contact\" data-contact-slide-in-view=\"2\"><a class=\"wp-block-button__link wp-element-button\">Kontakt salg<\/a><\/div>\n<\/div>\n<\/div><\/div><\/section>\n\n<section class=\"wp-block-morningmodules-text-media mt-text-media mt-text-media--align-media-left mt-text-media--align-media-mobile-bottom\"><div class=\"mt-text-media__inner\"><div class=\"mt-text-media__media-container\"><img decoding=\"async\" src=\"https:\/\/indicata.bluebird.pw\/wp-content\/uploads\/2024\/04\/Frame-24656-5.jpg\" alt=\"\" style=\"object-position:20% 55.00000000000001%\"\/><\/div><div class=\"mt-text-media__text-container\"><span class=\"mt-text-media__tagline mt-tagline\">Bedste salgsrute<\/span><h2 class=\"mt-text-media__title\">Beslutningstagning p\u00e5 tv\u00e6rs af gr\u00e6nser og kanaler<\/h2>\n<p>I dagens remarketinglandskab er salg p\u00e5 tv\u00e6rs af gr\u00e6nser og beslutningstagning om kanaler en integreret del af en fl\u00e5deejers remarketingstrategi.<\/p>\n\n\n\n<p>Ved at kombinere konsekvent v\u00e6rdians\u00e6ttelse med vores score for oms\u00e6ttelighed kan Indicatas Geo Pricing, Export Index og European Target Price give B2B-remarketingfirmaet de bedste beslutningsv\u00e6rkt\u00f8jer til at maksimere afkastet.<\/p>\n\n\n\n<div class=\"wp-block-buttons is-layout-flex wp-block-buttons-is-layout-flex\">\n<div class=\"wp-block-button open-slide-in-contact\" data-contact-slide-in-view=\"3\"><a class=\"wp-block-button__link wp-element-button\">Anmod om en demo<\/a><\/div>\n\n\n\n<div class=\"wp-block-button is-style-primary-transparent open-slide-in-contact\" data-contact-slide-in-view=\"2\"><a class=\"wp-block-button__link wp-element-button\">Kontakt salg<\/a><\/div>\n<\/div>\n<\/div><\/div><\/section>\n\n<section class=\"wp-block-morningmodules-text-media mt-text-media mt-text-media--align-media-right mt-text-media--align-media-mobile-bottom mtSpacing-top-medium\"><div class=\"mt-text-media__inner\"><div class=\"mt-text-media__media-container\"><img decoding=\"async\" src=\"https:\/\/indicata.bluebird.pw\/wp-content\/uploads\/2024\/04\/Frame-24656-6.jpg\" alt=\"\" style=\"object-position:50% 50%\"\/><\/div><div class=\"mt-text-media__text-container\"><span class=\"mt-text-media__tagline mt-tagline\">Identifikation af m\u00e5lgruppe<\/span><h2 class=\"mt-text-media__title\">Opbyg din k\u00f8berbase<\/h2>\n<p>Til hvert k\u00f8ret\u00f8j er der den rette k\u00f8ber. At vide, hvem det er, er n\u00f8glen til effektiv remarketing.<\/p>\n\n\n\n<p>Ved at f\u00f8lge udviklingen, lagerbeholdningen og salget hos 140.000 franchise- og ikke-franchiseforhandlere kan vores kunder identificere den rigtige forhandler at videres\u00e6lge hver bil til, baseret p\u00e5 forhandlermikset og eftersp\u00f8rgslen p\u00e5 det p\u00e5g\u00e6ldende tidspunkt.<\/p>\n\n\n\n<div class=\"wp-block-buttons is-layout-flex wp-block-buttons-is-layout-flex\">\n<div class=\"wp-block-button open-slide-in-contact\" data-contact-slide-in-view=\"3\"><a class=\"wp-block-button__link wp-element-button\">Anmod om en demo<\/a><\/div>\n\n\n\n<div class=\"wp-block-button is-style-primary-transparent open-slide-in-contact\" data-contact-slide-in-view=\"2\"><a class=\"wp-block-button__link wp-element-button\">Kontakt salg<\/a><\/div>\n<\/div>\n<\/div><\/div><\/section>\n\n<section class=\"wp-block-morningmodules-text-media mt-text-media mt-text-media--align-media-left mt-text-media--align-media-mobile-bottom mtSpacing-bottom-medium mtSpacing-top-medium\"><div class=\"mt-text-media__inner\"><div class=\"mt-text-media__media-container\"><img decoding=\"async\" src=\"https:\/\/indicata.bluebird.pw\/wp-content\/uploads\/2024\/04\/Frame-24657-1.jpg\" alt=\"\" style=\"object-position:50% 50%\"\/><\/div><div class=\"mt-text-media__text-container\"><span class=\"mt-text-media__tagline mt-tagline\">Strategisk st\u00f8tte<\/span><h2 class=\"mt-text-media__title\">Indicata R\u00e5dgivning<\/h2>\n<p>Indicatas konsulentteam er f\u00f8rende i branchen inden for remarketing af k\u00f8ret\u00f8jer og priss\u00e6tning af k\u00f8ret\u00f8jer. Ved at kombinere vores store dataressourcer med vores branchekendskab er vi ideelt placeret til at r\u00e5dgive vores kunder om den optimale organisation, systemer og processer, der maksimerer deres remarketingkapacitet.<br\/><br\/>For en stor premium-OEM vurderede Indicata-teamet kapaciteten i OEM&#8217;ens paneurop\u00e6iske remarketingstrukturer (OEM, finanshus og leasingorganisation med flere m\u00e6rker).<\/p>\n\n\n\n<div class=\"wp-block-buttons is-layout-flex wp-block-buttons-is-layout-flex\">\n<div class=\"wp-block-button open-slide-in-contact\" data-contact-slide-in-view=\"3\"><a class=\"wp-block-button__link wp-element-button\">Anmod om en demo<\/a><\/div>\n\n\n\n<div class=\"wp-block-button is-style-primary-transparent open-slide-in-contact\" data-contact-slide-in-view=\"2\"><a class=\"wp-block-button__link wp-element-button\">Kontakt salg<\/a><\/div>\n<\/div>\n<\/div><\/div><\/section>\n\n<section class=\"wp-block-morningmodules-text-media mt-text-media mt-text-media--align-media-right mt-text-media--align-media-mobile-bottom mtSpacing-bottom-medium\"><div class=\"mt-text-media__inner\"><div class=\"mt-text-media__media-container\"><img decoding=\"async\" src=\"https:\/\/indicata.bluebird.pw\/wp-content\/uploads\/2024\/04\/Frame-24656-7.jpg\" alt=\"\" style=\"object-position:50% 50%\"\/><\/div><div class=\"mt-text-media__text-container\"><span class=\"mt-text-media__tagline mt-tagline\">Markante tendenser<\/span><h2 class=\"mt-text-media__title\">Analyse af markedstendenser<\/h2>\n<p>At forst\u00e5 de aktuelle markedstendenser er afg\u00f8rende for at kunne planl\u00e6gge en effektiv remarketingstrategi. Ved at spore lager- og salgsaktivitet dagligt identificerer, vurderer og kvantificerer Indicata vigtige markedstendenser.<br\/><br\/>Vores regelm\u00e6ssige markedsrapporter og hvidb\u00f8ger overlejrer markedsdata og makro\u00f8konomiske elementer, s\u00e5 vores kunder kan f\u00e5 en fuld, faktabaseret forst\u00e5else af aktuelle tendenser og fremtidige udfordringer.<\/p>\n\n\n\n<div class=\"wp-block-buttons is-layout-flex wp-block-buttons-is-layout-flex\">\n<div class=\"wp-block-button open-slide-in-contact\" data-contact-slide-in-view=\"3\"><a class=\"wp-block-button__link wp-element-button\">Anmod om en demo<\/a><\/div>\n\n\n\n<div class=\"wp-block-button is-style-primary-transparent open-slide-in-contact\" data-contact-slide-in-view=\"2\"><a class=\"wp-block-button__link wp-element-button\">Kontakt salg<\/a><\/div>\n<\/div>\n<\/div><\/div><\/section>\n\n<section class=\"wp-block-morningmodules-breaker mt-breaker\"><div class=\"mt-breaker__container\"><div class=\"mt-breaker__overlay\" style=\"opacity:0\"><\/div><div class=\"mt-breaker__image-container object-fit\"><img decoding=\"async\" src=\"https:\/\/indicata.bluebird.pw\/wp-content\/uploads\/2024\/04\/Frame-24740.jpg\" alt=\"\" style=\"object-position:50% 50%\"\/><\/div><div class=\"mt-breaker__inner page-container\"><div class=\"mt-breaker__text-container\"><span class=\"mt-breaker__tagline mt-tagline\">Start nu<\/span><h2 class=\"mt-breaker__title\">Start med at improving your operations today<\/h2>\n<div class=\"wp-block-buttons is-layout-flex wp-block-buttons-is-layout-flex\">\n<div class=\"wp-block-button open-slide-in-contact\" data-contact-slide-in-view=\"3\"><a class=\"wp-block-button__link wp-element-button\">Anmod om en demo<\/a><\/div>\n\n\n\n<div class=\"wp-block-button is-style-primary-transparent open-slide-in-contact\" data-contact-slide-in-view=\"2\"><a class=\"wp-block-button__link wp-element-button\">Kontakt salg<\/a><\/div>\n<\/div>\n<\/div><\/div><\/div><\/section>\n","protected":false},"excerpt":{"rendered":"","protected":false},"author":2,"featured_media":0,"parent":0,"menu_order":0,"comment_status":"closed","ping_status":"closed","template":"","meta":{"_acf_changed":false,"footnotes":""},"class_list":["post-8190","page","type-page","status-publish","hentry"],"acf":[],"yoast_head":"<!-- This site is optimized with the Yoast SEO plugin v27.3 - https:\/\/yoast.com\/product\/yoast-seo-wordpress\/ -->\n<title>Fl\u00e5deforhandlere - Indicata<\/title>\n<meta name=\"robots\" content=\"noindex, follow, max-snippet:-1, max-image-preview:large, max-video-preview:-1\" \/>\n<meta property=\"og:locale\" content=\"da_DK\" \/>\n<meta property=\"og:type\" content=\"article\" \/>\n<meta property=\"og:title\" content=\"Fl\u00e5deforhandlere - Indicata\" \/>\n<meta property=\"og:url\" content=\"https:\/\/indicata.bluebird.pw\/da\/flaadeforhandlere\/\" \/>\n<meta property=\"og:site_name\" content=\"Indicata\" \/>\n<meta property=\"article:modified_time\" content=\"2024-11-14T11:27:43+00:00\" \/>\n<meta property=\"og:image\" content=\"https:\/\/indicata.bluebird.pw\/wp-content\/uploads\/2024\/04\/Frame-3-3.jpg\" \/>\n<meta name=\"twitter:card\" content=\"summary_large_image\" \/>\n<meta name=\"twitter:label1\" content=\"Estimeret l\u00e6setid\" \/>\n\t<meta name=\"twitter:data1\" content=\"2 minutter\" \/>\n<script type=\"application\/ld+json\" class=\"yoast-schema-graph\">{\"@context\":\"https:\\\/\\\/schema.org\",\"@graph\":[{\"@type\":\"WebPage\",\"@id\":\"https:\\\/\\\/indicata.bluebird.pw\\\/da\\\/flaadeforhandlere\\\/\",\"url\":\"https:\\\/\\\/indicata.bluebird.pw\\\/da\\\/flaadeforhandlere\\\/\",\"name\":\"Fl\u00e5deforhandlere - Indicata\",\"isPartOf\":{\"@id\":\"https:\\\/\\\/indicata.bluebird.pw\\\/#website\"},\"primaryImageOfPage\":{\"@id\":\"https:\\\/\\\/indicata.bluebird.pw\\\/da\\\/flaadeforhandlere\\\/#primaryimage\"},\"image\":{\"@id\":\"https:\\\/\\\/indicata.bluebird.pw\\\/da\\\/flaadeforhandlere\\\/#primaryimage\"},\"thumbnailUrl\":\"https:\\\/\\\/indicata.bluebird.pw\\\/wp-content\\\/uploads\\\/2024\\\/04\\\/Frame-3-3.jpg\",\"datePublished\":\"2024-04-19T05:52:44+00:00\",\"dateModified\":\"2024-11-14T11:27:43+00:00\",\"breadcrumb\":{\"@id\":\"https:\\\/\\\/indicata.bluebird.pw\\\/da\\\/flaadeforhandlere\\\/#breadcrumb\"},\"inLanguage\":\"da-DK\",\"potentialAction\":[{\"@type\":\"ReadAction\",\"target\":[\"https:\\\/\\\/indicata.bluebird.pw\\\/da\\\/flaadeforhandlere\\\/\"]}]},{\"@type\":\"ImageObject\",\"inLanguage\":\"da-DK\",\"@id\":\"https:\\\/\\\/indicata.bluebird.pw\\\/da\\\/flaadeforhandlere\\\/#primaryimage\",\"url\":\"https:\\\/\\\/indicata.bluebird.pw\\\/wp-content\\\/uploads\\\/2024\\\/04\\\/Frame-3-3.jpg\",\"contentUrl\":\"https:\\\/\\\/indicata.bluebird.pw\\\/wp-content\\\/uploads\\\/2024\\\/04\\\/Frame-3-3.jpg\"},{\"@type\":\"BreadcrumbList\",\"@id\":\"https:\\\/\\\/indicata.bluebird.pw\\\/da\\\/flaadeforhandlere\\\/#breadcrumb\",\"itemListElement\":[{\"@type\":\"ListItem\",\"position\":1,\"name\":\"Home\",\"item\":\"https:\\\/\\\/indicata.bluebird.pw\\\/da\\\/\"},{\"@type\":\"ListItem\",\"position\":2,\"name\":\"Fl\u00e5deforhandlere\"}]},{\"@type\":\"WebSite\",\"@id\":\"https:\\\/\\\/indicata.bluebird.pw\\\/#website\",\"url\":\"https:\\\/\\\/indicata.bluebird.pw\\\/\",\"name\":\"Indicata\",\"description\":\"Part of Autorola Group\",\"potentialAction\":[{\"@type\":\"SearchAction\",\"target\":{\"@type\":\"EntryPoint\",\"urlTemplate\":\"https:\\\/\\\/indicata.bluebird.pw\\\/?s={search_term_string}\"},\"query-input\":{\"@type\":\"PropertyValueSpecification\",\"valueRequired\":true,\"valueName\":\"search_term_string\"}}],\"inLanguage\":\"da-DK\"}]}<\/script>\n<!-- \/ Yoast SEO plugin. -->","yoast_head_json":{"title":"Fl\u00e5deforhandlere - Indicata","robots":{"index":"noindex","follow":"follow","max-snippet":"max-snippet:-1","max-image-preview":"max-image-preview:large","max-video-preview":"max-video-preview:-1"},"og_locale":"da_DK","og_type":"article","og_title":"Fl\u00e5deforhandlere - Indicata","og_url":"https:\/\/indicata.bluebird.pw\/da\/flaadeforhandlere\/","og_site_name":"Indicata","article_modified_time":"2024-11-14T11:27:43+00:00","og_image":[{"url":"https:\/\/indicata.bluebird.pw\/wp-content\/uploads\/2024\/04\/Frame-3-3.jpg","type":"","width":"","height":""}],"twitter_card":"summary_large_image","twitter_misc":{"Estimeret l\u00e6setid":"2 minutter"},"schema":{"@context":"https:\/\/schema.org","@graph":[{"@type":"WebPage","@id":"https:\/\/indicata.bluebird.pw\/da\/flaadeforhandlere\/","url":"https:\/\/indicata.bluebird.pw\/da\/flaadeforhandlere\/","name":"Fl\u00e5deforhandlere - Indicata","isPartOf":{"@id":"https:\/\/indicata.bluebird.pw\/#website"},"primaryImageOfPage":{"@id":"https:\/\/indicata.bluebird.pw\/da\/flaadeforhandlere\/#primaryimage"},"image":{"@id":"https:\/\/indicata.bluebird.pw\/da\/flaadeforhandlere\/#primaryimage"},"thumbnailUrl":"https:\/\/indicata.bluebird.pw\/wp-content\/uploads\/2024\/04\/Frame-3-3.jpg","datePublished":"2024-04-19T05:52:44+00:00","dateModified":"2024-11-14T11:27:43+00:00","breadcrumb":{"@id":"https:\/\/indicata.bluebird.pw\/da\/flaadeforhandlere\/#breadcrumb"},"inLanguage":"da-DK","potentialAction":[{"@type":"ReadAction","target":["https:\/\/indicata.bluebird.pw\/da\/flaadeforhandlere\/"]}]},{"@type":"ImageObject","inLanguage":"da-DK","@id":"https:\/\/indicata.bluebird.pw\/da\/flaadeforhandlere\/#primaryimage","url":"https:\/\/indicata.bluebird.pw\/wp-content\/uploads\/2024\/04\/Frame-3-3.jpg","contentUrl":"https:\/\/indicata.bluebird.pw\/wp-content\/uploads\/2024\/04\/Frame-3-3.jpg"},{"@type":"BreadcrumbList","@id":"https:\/\/indicata.bluebird.pw\/da\/flaadeforhandlere\/#breadcrumb","itemListElement":[{"@type":"ListItem","position":1,"name":"Home","item":"https:\/\/indicata.bluebird.pw\/da\/"},{"@type":"ListItem","position":2,"name":"Fl\u00e5deforhandlere"}]},{"@type":"WebSite","@id":"https:\/\/indicata.bluebird.pw\/#website","url":"https:\/\/indicata.bluebird.pw\/","name":"Indicata","description":"Part of Autorola Group","potentialAction":[{"@type":"SearchAction","target":{"@type":"EntryPoint","urlTemplate":"https:\/\/indicata.bluebird.pw\/?s={search_term_string}"},"query-input":{"@type":"PropertyValueSpecification","valueRequired":true,"valueName":"search_term_string"}}],"inLanguage":"da-DK"}]}},"_links":{"self":[{"href":"https:\/\/indicata.bluebird.pw\/da\/wp-json\/wp\/v2\/pages\/8190","targetHints":{"allow":["GET"]}}],"collection":[{"href":"https:\/\/indicata.bluebird.pw\/da\/wp-json\/wp\/v2\/pages"}],"about":[{"href":"https:\/\/indicata.bluebird.pw\/da\/wp-json\/wp\/v2\/types\/page"}],"author":[{"embeddable":true,"href":"https:\/\/indicata.bluebird.pw\/da\/wp-json\/wp\/v2\/users\/2"}],"replies":[{"embeddable":true,"href":"https:\/\/indicata.bluebird.pw\/da\/wp-json\/wp\/v2\/comments?post=8190"}],"version-history":[{"count":1,"href":"https:\/\/indicata.bluebird.pw\/da\/wp-json\/wp\/v2\/pages\/8190\/revisions"}],"predecessor-version":[{"id":8192,"href":"https:\/\/indicata.bluebird.pw\/da\/wp-json\/wp\/v2\/pages\/8190\/revisions\/8192"}],"wp:attachment":[{"href":"https:\/\/indicata.bluebird.pw\/da\/wp-json\/wp\/v2\/media?parent=8190"}],"curies":[{"name":"wp","href":"https:\/\/api.w.org\/{rel}","templated":true}]}}