{"id":8193,"date":"2024-05-21T20:33:51","date_gmt":"2024-05-21T18:33:51","guid":{"rendered":"https:\/\/indicata.bluebird.pw\/virksomhed\/"},"modified":"2024-11-14T13:27:42","modified_gmt":"2024-11-14T11:27:42","slug":"virksomhed","status":"publish","type":"page","link":"https:\/\/indicata.bluebird.pw\/da\/virksomhed\/","title":{"rendered":"Virksomhed"},"content":{"rendered":"\n<section class=\"wp-block-indicata-sub-cover mt-sub-cover is-style-bg-default\"><div class=\"mt-sub-cover__container\"><div class=\"mt-sub-cover__inner page-container\"><div class=\"mt-sub-cover__text-container\"><span class=\"mt-sub-cover__tagline mt-tagline\">Om Indicata test<\/span>\n<h1 class=\"wp-block-heading\">Virksomhed<\/h1>\n\n\n\n<p>Vi hj\u00e6lper virksomheder med at tr\u00e6ffe bedre<br\/>beslutninger, f\u00e5 en konkurrencem\u00e6ssig<br\/>fordel og forbedre<br\/>driftseffektiviteten.<\/p>\n\n\n\n<div class=\"wp-block-buttons is-layout-flex wp-block-buttons-is-layout-flex\">\n<div class=\"wp-block-button open-slide-in-contact\" data-contact-slide-in-view=\"3\"><a class=\"wp-block-button__link wp-element-button\">Anmod om en demo<\/a><\/div>\n\n\n\n<div class=\"wp-block-button is-style-primary-transparent open-slide-in-contact\" data-contact-slide-in-view=\"2\"><a class=\"wp-block-button__link wp-element-button\">Kontakt os<\/a><\/div>\n<\/div>\n<\/div><\/div><div class=\"mt-sub-cover__image-container object-fit\"><img decoding=\"async\" src=\"https:\/\/indicata.bluebird.pw\/wp-content\/uploads\/2024\/06\/shutterstock_534346318-scaled.jpg\" alt=\"\" style=\"object-position:66% 56.00000000000001%\"\/><\/div><\/div><\/section>\n\n<section class=\"wp-block-morningmodules-logo-line mt-logo-line mt-logo-line--should-slide mt-logo-line--border-bottom mtSpacing-top-small mtSpacing-bottom-extraSmall\"><div class=\"mt-logo-line__inner\"><div class=\"mt-logo-line__text-container\"><p class=\"mt-logo-line__text\">Betroet af globale<br>bilm\u00e6rker<\/p><\/div><div class=\"mt-logo-line__logos-container swiper\"><div class=\"swiper-wrapper\">\n<div class=\"wp-block-morningmodules-logo-line-logo mt-logo swiper-slide\" style=\"opacity:1\"><img decoding=\"async\" src=\"https:\/\/indicata.bluebird.pw\/wp-content\/uploads\/2024\/04\/Tesla.svg\" alt=\"\" class=\"mt-logo__logo\" style=\"max-height:40px;margin-top:0px\"\/><\/div>\n\n\n\n<div class=\"wp-block-morningmodules-logo-line-logo mt-logo swiper-slide\" style=\"opacity:1\"><img decoding=\"async\" src=\"https:\/\/indicata.bluebird.pw\/wp-content\/uploads\/2024\/04\/BMW.svg\" alt=\"\" class=\"mt-logo__logo\" style=\"max-height:40px;margin-top:0px\"\/><\/div>\n\n\n\n<div class=\"wp-block-morningmodules-logo-line-logo mt-logo swiper-slide\" style=\"opacity:1\"><img decoding=\"async\" src=\"https:\/\/indicata.bluebird.pw\/wp-content\/uploads\/2024\/04\/Mercedes.svg\" alt=\"\" class=\"mt-logo__logo\" style=\"max-height:40px;margin-top:0px\"\/><\/div>\n\n\n\n<div class=\"wp-block-morningmodules-logo-line-logo mt-logo swiper-slide\" style=\"opacity:1\"><img decoding=\"async\" src=\"https:\/\/indicata.bluebird.pw\/wp-content\/uploads\/2024\/04\/Volkswagen.svg\" alt=\"\" class=\"mt-logo__logo\" style=\"max-height:40px;margin-top:0px\"\/><\/div>\n\n\n\n<div class=\"wp-block-morningmodules-logo-line-logo mt-logo swiper-slide\" style=\"opacity:1\"><img decoding=\"async\" src=\"https:\/\/indicata.bluebird.pw\/wp-content\/uploads\/2024\/04\/logo-teknicar_svg__Layer_1.svg\" alt=\"\" class=\"mt-logo__logo\" style=\"max-height:40px;margin-top:0px\"\/><\/div>\n<\/div><\/div><\/div><\/section>\n\n<section class=\"wp-block-morningmodules-text-media mt-text-media mt-text-media--align-media-left mt-text-media--align-media-mobile-bottom is-style-bg-default\"><div class=\"mt-text-media__inner\"><div class=\"mt-text-media__media-container\"><img decoding=\"async\" src=\"https:\/\/indicata.bluebird.pw\/wp-content\/uploads\/2024\/05\/AdobeStock_642486126.jpeg\" alt=\"\" style=\"object-position:32% 37%\"\/><\/div><div class=\"mt-text-media__text-container\"><span class=\"mt-text-media__tagline mt-tagline\"><\/span><h2 class=\"mt-text-media__title\">Global leder inden for Business Intelligence til drift af brugte k\u00f8ret\u00f8jer<\/h2>\n<p>INDICATA er globalt f\u00f8rende inden for business intelligence- og analysel\u00f8sninger til bilindustrien inden for brugtvognsdrift. INDICATA er udviklet til h\u00f8jtydende administration af brugte k\u00f8ret\u00f8jer og g\u00f8r det muligt for bilproducenter, forhandlere og fl\u00e5deoperat\u00f8rer at g\u00f8re datadrevet indsigt til en konkurrencem\u00e6ssig fordel og giver dem strategisk vejledning til at forbedre driftseffektiviteten i deres operationer med brugte k\u00f8ret\u00f8jer.<br\/><br\/>INDICATA is a response to an increasing market demand for real-time insights. The system represents not only the most compelling and innovative solution in the industry, but also the most efficient solution for the broad used car operations and residual value management objectives of car manufacturers, dealerships, financial services organisations, leasing companies and fleet owners. <\/p>\n\n\n\n<p>De succeser, vi har oplevet med vores teknologi, har hjulpet os med at f\u00e5 international gennemslagskraft og en voksende kundekreds af verdens f\u00f8rende bilproducenter og -forhandlere, hvis brugtvognsaktiviteter har oplevet imponerende forbedringer, siden de valgte INDICATA.<\/p>\n\n\n\n<p>INDICATA is the result of collaboration between automotive industry executives and software developers. Together we have developed our unique approach to collecting, processing and analysing live used car market data to provide insights on market dynamics, unlike anything else in the industry. <\/p>\n\n\n\n<p>Med INDICATA har du bredden og styrken af brugbare data og indsigter lige ved h\u00e5nden.<\/p>\n<\/div><\/div><\/section>\n\n<section class=\"wp-block-morningmodules-text-media mt-text-media mt-text-media--align-media-right mt-text-media--align-media-mobile-bottom is-style-bg-secondary\"><div class=\"mt-text-media__inner\"><div class=\"mt-text-media__media-container\"><img decoding=\"async\" src=\"https:\/\/indicata.bluebird.pw\/wp-content\/uploads\/2024\/05\/Autorola_3circles_2020_RGB_wide.png\" alt=\"\" style=\"object-position:50% 51%\"\/><\/div><div class=\"mt-text-media__text-container\"><span class=\"mt-text-media__tagline mt-tagline\"><\/span><h2 class=\"mt-text-media__title\">En del af AUTOROLA-gruppen<\/h2>\n<p>INDICATA is part of the AUTOROLA Group, a global leader in online remarketing and automotive IT solutions for professional used car and fleet management headquartered in Denmark. The company has currently approximately 750 employees and subsidiaries in 21 countries across Europe, North America, Latin America and Asia-Pacific. <\/p>\n\n\n\n<p>AUTOROLA Group er forpligtet til en konstant fornyelsesproces gennem hele den digitale transformation. Virksomheden tilpasser sig konstant vores kunders behov, altid ud fra et online-perspektiv, for at opn\u00e5 succes med korrekt markedsf\u00f8ring af brugte k\u00f8ret\u00f8jer, der kommer fra de-fleeting-processer.<\/p>\n<\/div><\/div><\/section>\n\n<section class=\"wp-block-indicata-link-boxes-with-icon mt-link-boxes-with-icon mtSpacing-top-medium mtSpacing-bottom-medium\"><div class=\"mt-link-boxes-with-icon__inner page-container\"><div class=\"mt-link-boxes-with-icon__text-container\"><h2 class=\"mt-link-boxes-with-icon__title\">AUTOROLA er opdelt i tre globale forretningsenheder<\/h2><\/div><div class=\"mt-link-boxes-with-icon__boxes-wrapper\">\n<div class=\"wp-block-indicata-link-box-with-icon mt-link-box-with-icon swiper-slide\"><a href=\"https:\/\/www.autorolagroup.com\/products-and-services\/vehicle-auctions\/\" target=\"_blank\" rel=\"noopener\" class=\"mt-link-box-with-icon__link\"><\/a><div class=\"mt-link-box-with-icon__title-container\"><div class=\"mt-link-box-with-icon__icon-container\"><img decoding=\"async\" src=\"https:\/\/indicata.bluebird.pw\/wp-content\/uploads\/2024\/06\/autorola_R-2.png\" alt=\"autorola_R-2\" width=\"24\" height=\"24\" class=\"mt-link-box-with-icon__icon\"\/><\/div><p class=\"mt-link-box-with-icon__title\">MARKEDSPLADS<\/p><\/div><p class=\"mt-link-box-with-icon__text\">Bredt udvalg af onlineauktioner for europ\u00e6iske og globale bils\u00e6lgere drevet af vores platform, der bruges af over 70.000 aktive k\u00f8bere.<\/p><\/div>\n\n\n\n<div class=\"wp-block-indicata-link-box-with-icon mt-link-box-with-icon swiper-slide\"><a href=\"https:\/\/www.autorolagroup.com\/products-and-services\/infleet-defleet-services\/\" target=\"_blank\" rel=\"noopener\" class=\"mt-link-box-with-icon__link\"><\/a><div class=\"mt-link-box-with-icon__title-container\"><div class=\"mt-link-box-with-icon__icon-container\"><img decoding=\"async\" src=\"https:\/\/indicata.bluebird.pw\/wp-content\/uploads\/2024\/06\/SolutionsLogo_Pos_RGB-2.png\" alt=\"SolutionsLogo_Pos_RGB-2\" width=\"24\" height=\"24\" class=\"mt-link-box-with-icon__icon\"\/><\/div><p class=\"mt-link-box-with-icon__title\">L\u00d8SNINGER<\/p><\/div><p class=\"mt-link-box-with-icon__text\">Skr\u00e6ddersyede l\u00f8sninger til fl\u00e5deejere, der d\u00e6kker de specifikke behov i OEM-, bank- og leasingsegmenter over hele verden.<\/p><\/div>\n\n\n\n<div class=\"wp-block-indicata-link-box-with-icon mt-link-box-with-icon swiper-slide\"><a href=\"https:\/\/indicata.bluebird.pw\/da\/privatlivspolitik\/\" class=\"mt-link-box-with-icon__link\"><\/a><div class=\"mt-link-box-with-icon__title-container\"><div class=\"mt-link-box-with-icon__icon-container\"><img decoding=\"async\" src=\"https:\/\/indicata.bluebird.pw\/wp-content\/uploads\/2024\/04\/cropped-image-5.png\" alt=\"cropped-image-5.png\" width=\"24\" height=\"24\" class=\"mt-link-box-with-icon__icon\"\/><\/div><p class=\"mt-link-box-with-icon__title\">INDICATA<\/p><\/div><p class=\"mt-link-box-with-icon__text\">Den n\u00e6ste generation af software til business intelligence og markedsindsigt til styring af lagerbeholdninger af brugte k\u00f8ret\u00f8jer.<\/p><\/div>\n<\/div><\/div><\/section>\n","protected":false},"excerpt":{"rendered":"","protected":false},"author":4,"featured_media":0,"parent":0,"menu_order":0,"comment_status":"closed","ping_status":"closed","template":"","meta":{"_acf_changed":false,"footnotes":""},"class_list":["post-8193","page","type-page","status-publish","hentry"],"acf":[],"yoast_head":"<!-- This site is optimized with the Yoast SEO plugin v27.3 - https:\/\/yoast.com\/product\/yoast-seo-wordpress\/ -->\n<title>Virksomhed - Indicata<\/title>\n<meta name=\"robots\" content=\"noindex, follow, max-snippet:-1, max-image-preview:large, max-video-preview:-1\" \/>\n<meta property=\"og:locale\" content=\"da_DK\" \/>\n<meta property=\"og:type\" content=\"article\" \/>\n<meta property=\"og:title\" content=\"Virksomhed - Indicata\" \/>\n<meta property=\"og:url\" content=\"https:\/\/indicata.bluebird.pw\/da\/virksomhed\/\" \/>\n<meta property=\"og:site_name\" content=\"Indicata\" \/>\n<meta property=\"article:modified_time\" content=\"2024-11-14T11:27:42+00:00\" \/>\n<meta property=\"og:image\" content=\"https:\/\/indicata.bluebird.pw\/wp-content\/uploads\/2024\/06\/shutterstock_534346318-scaled.jpg\" \/>\n<meta name=\"twitter:card\" content=\"summary_large_image\" \/>\n<meta name=\"twitter:label1\" content=\"Estimeret l\u00e6setid\" \/>\n\t<meta name=\"twitter:data1\" content=\"2 minutter\" \/>\n<script type=\"application\/ld+json\" class=\"yoast-schema-graph\">{\"@context\":\"https:\\\/\\\/schema.org\",\"@graph\":[{\"@type\":\"WebPage\",\"@id\":\"https:\\\/\\\/indicata.bluebird.pw\\\/da\\\/virksomhed\\\/\",\"url\":\"https:\\\/\\\/indicata.bluebird.pw\\\/da\\\/virksomhed\\\/\",\"name\":\"Virksomhed - Indicata\",\"isPartOf\":{\"@id\":\"https:\\\/\\\/indicata.bluebird.pw\\\/#website\"},\"primaryImageOfPage\":{\"@id\":\"https:\\\/\\\/indicata.bluebird.pw\\\/da\\\/virksomhed\\\/#primaryimage\"},\"image\":{\"@id\":\"https:\\\/\\\/indicata.bluebird.pw\\\/da\\\/virksomhed\\\/#primaryimage\"},\"thumbnailUrl\":\"https:\\\/\\\/indicata.bluebird.pw\\\/wp-content\\\/uploads\\\/2024\\\/06\\\/shutterstock_534346318-scaled.jpg\",\"datePublished\":\"2024-05-21T18:33:51+00:00\",\"dateModified\":\"2024-11-14T11:27:42+00:00\",\"breadcrumb\":{\"@id\":\"https:\\\/\\\/indicata.bluebird.pw\\\/da\\\/virksomhed\\\/#breadcrumb\"},\"inLanguage\":\"da-DK\",\"potentialAction\":[{\"@type\":\"ReadAction\",\"target\":[\"https:\\\/\\\/indicata.bluebird.pw\\\/da\\\/virksomhed\\\/\"]}]},{\"@type\":\"ImageObject\",\"inLanguage\":\"da-DK\",\"@id\":\"https:\\\/\\\/indicata.bluebird.pw\\\/da\\\/virksomhed\\\/#primaryimage\",\"url\":\"https:\\\/\\\/indicata.bluebird.pw\\\/wp-content\\\/uploads\\\/2024\\\/06\\\/shutterstock_534346318-scaled.jpg\",\"contentUrl\":\"https:\\\/\\\/indicata.bluebird.pw\\\/wp-content\\\/uploads\\\/2024\\\/06\\\/shutterstock_534346318-scaled.jpg\"},{\"@type\":\"BreadcrumbList\",\"@id\":\"https:\\\/\\\/indicata.bluebird.pw\\\/da\\\/virksomhed\\\/#breadcrumb\",\"itemListElement\":[{\"@type\":\"ListItem\",\"position\":1,\"name\":\"Home\",\"item\":\"https:\\\/\\\/indicata.bluebird.pw\\\/da\\\/\"},{\"@type\":\"ListItem\",\"position\":2,\"name\":\"Virksomhed\"}]},{\"@type\":\"WebSite\",\"@id\":\"https:\\\/\\\/indicata.bluebird.pw\\\/#website\",\"url\":\"https:\\\/\\\/indicata.bluebird.pw\\\/\",\"name\":\"Indicata\",\"description\":\"Part of Autorola Group\",\"potentialAction\":[{\"@type\":\"SearchAction\",\"target\":{\"@type\":\"EntryPoint\",\"urlTemplate\":\"https:\\\/\\\/indicata.bluebird.pw\\\/?s={search_term_string}\"},\"query-input\":{\"@type\":\"PropertyValueSpecification\",\"valueRequired\":true,\"valueName\":\"search_term_string\"}}],\"inLanguage\":\"da-DK\"}]}<\/script>\n<!-- \/ Yoast SEO plugin. -->","yoast_head_json":{"title":"Virksomhed - Indicata","robots":{"index":"noindex","follow":"follow","max-snippet":"max-snippet:-1","max-image-preview":"max-image-preview:large","max-video-preview":"max-video-preview:-1"},"og_locale":"da_DK","og_type":"article","og_title":"Virksomhed - Indicata","og_url":"https:\/\/indicata.bluebird.pw\/da\/virksomhed\/","og_site_name":"Indicata","article_modified_time":"2024-11-14T11:27:42+00:00","og_image":[{"url":"https:\/\/indicata.bluebird.pw\/wp-content\/uploads\/2024\/06\/shutterstock_534346318-scaled.jpg","type":"","width":"","height":""}],"twitter_card":"summary_large_image","twitter_misc":{"Estimeret l\u00e6setid":"2 minutter"},"schema":{"@context":"https:\/\/schema.org","@graph":[{"@type":"WebPage","@id":"https:\/\/indicata.bluebird.pw\/da\/virksomhed\/","url":"https:\/\/indicata.bluebird.pw\/da\/virksomhed\/","name":"Virksomhed - Indicata","isPartOf":{"@id":"https:\/\/indicata.bluebird.pw\/#website"},"primaryImageOfPage":{"@id":"https:\/\/indicata.bluebird.pw\/da\/virksomhed\/#primaryimage"},"image":{"@id":"https:\/\/indicata.bluebird.pw\/da\/virksomhed\/#primaryimage"},"thumbnailUrl":"https:\/\/indicata.bluebird.pw\/wp-content\/uploads\/2024\/06\/shutterstock_534346318-scaled.jpg","datePublished":"2024-05-21T18:33:51+00:00","dateModified":"2024-11-14T11:27:42+00:00","breadcrumb":{"@id":"https:\/\/indicata.bluebird.pw\/da\/virksomhed\/#breadcrumb"},"inLanguage":"da-DK","potentialAction":[{"@type":"ReadAction","target":["https:\/\/indicata.bluebird.pw\/da\/virksomhed\/"]}]},{"@type":"ImageObject","inLanguage":"da-DK","@id":"https:\/\/indicata.bluebird.pw\/da\/virksomhed\/#primaryimage","url":"https:\/\/indicata.bluebird.pw\/wp-content\/uploads\/2024\/06\/shutterstock_534346318-scaled.jpg","contentUrl":"https:\/\/indicata.bluebird.pw\/wp-content\/uploads\/2024\/06\/shutterstock_534346318-scaled.jpg"},{"@type":"BreadcrumbList","@id":"https:\/\/indicata.bluebird.pw\/da\/virksomhed\/#breadcrumb","itemListElement":[{"@type":"ListItem","position":1,"name":"Home","item":"https:\/\/indicata.bluebird.pw\/da\/"},{"@type":"ListItem","position":2,"name":"Virksomhed"}]},{"@type":"WebSite","@id":"https:\/\/indicata.bluebird.pw\/#website","url":"https:\/\/indicata.bluebird.pw\/","name":"Indicata","description":"Part of Autorola Group","potentialAction":[{"@type":"SearchAction","target":{"@type":"EntryPoint","urlTemplate":"https:\/\/indicata.bluebird.pw\/?s={search_term_string}"},"query-input":{"@type":"PropertyValueSpecification","valueRequired":true,"valueName":"search_term_string"}}],"inLanguage":"da-DK"}]}},"_links":{"self":[{"href":"https:\/\/indicata.bluebird.pw\/da\/wp-json\/wp\/v2\/pages\/8193","targetHints":{"allow":["GET"]}}],"collection":[{"href":"https:\/\/indicata.bluebird.pw\/da\/wp-json\/wp\/v2\/pages"}],"about":[{"href":"https:\/\/indicata.bluebird.pw\/da\/wp-json\/wp\/v2\/types\/page"}],"author":[{"embeddable":true,"href":"https:\/\/indicata.bluebird.pw\/da\/wp-json\/wp\/v2\/users\/4"}],"replies":[{"embeddable":true,"href":"https:\/\/indicata.bluebird.pw\/da\/wp-json\/wp\/v2\/comments?post=8193"}],"version-history":[{"count":1,"href":"https:\/\/indicata.bluebird.pw\/da\/wp-json\/wp\/v2\/pages\/8193\/revisions"}],"predecessor-version":[{"id":8194,"href":"https:\/\/indicata.bluebird.pw\/da\/wp-json\/wp\/v2\/pages\/8193\/revisions\/8194"}],"wp:attachment":[{"href":"https:\/\/indicata.bluebird.pw\/da\/wp-json\/wp\/v2\/media?parent=8193"}],"curies":[{"name":"wp","href":"https:\/\/api.w.org\/{rel}","templated":true}]}}