{"id":8195,"date":"2024-04-19T07:23:46","date_gmt":"2024-04-19T05:23:46","guid":{"rendered":"https:\/\/indicata.bluebird.pw\/oemer-og-nscer\/"},"modified":"2024-11-14T13:27:43","modified_gmt":"2024-11-14T11:27:43","slug":"oemer-og-nscer","status":"publish","type":"page","link":"https:\/\/indicata.bluebird.pw\/da\/oemer-og-nscer\/","title":{"rendered":"OEM&#8217;er og NSC&#8217;er"},"content":{"rendered":"\n<section class=\"wp-block-indicata-sub-cover mt-sub-cover\"><div class=\"mt-sub-cover__container\"><div class=\"mt-sub-cover__inner page-container\"><div class=\"mt-sub-cover__text-container\"><span class=\"mt-sub-cover__tagline mt-tagline\">INDUSTRI test<\/span>\n<h1 class=\"wp-block-heading\">OEM&#8217;er og NSC&#8217;er<\/h1>\n\n\n\n<p>Spor og optimer pr\u00e6stationerne i dit forhandlernetv\u00e6rk<\/p>\n\n\n\n<div class=\"wp-block-buttons is-layout-flex wp-block-buttons-is-layout-flex\">\n<div class=\"wp-block-button open-slide-in-contact\" data-contact-slide-in-view=\"3\"><a class=\"wp-block-button__link wp-element-button\">Anmod om en demo<\/a><\/div>\n\n\n\n<div class=\"wp-block-button is-style-primary-transparent open-slide-in-contact\" data-contact-slide-in-view=\"2\"><a class=\"wp-block-button__link wp-element-button\">Vurdering af muligheder<\/a><\/div>\n<\/div>\n<\/div><\/div><div class=\"mt-sub-cover__image-container object-fit\"><img decoding=\"async\" src=\"https:\/\/indicata.bluebird.pw\/wp-content\/uploads\/2024\/04\/Frame-3-2.jpg\" alt=\"\" style=\"object-position:50% 50%\"\/><\/div><\/div><\/section>\n\n<section class=\"wp-block-indicata-link-boxes-with-icon mt-link-boxes-with-icon mtSpacing-top-small mtSpacing-bottom-medium\"><div class=\"mt-link-boxes-with-icon__inner page-container\"><div class=\"mt-link-boxes-with-icon__text-container\"><h2 class=\"mt-link-boxes-with-icon__title\">Vores kunder kommer til os TEST 3<\/h2><p class=\"mt-link-boxes-with-icon__text\">Fordi de gerne vil optimere f\u00f8lgende:<\/p><\/div><div class=\"mt-link-boxes-with-icon__boxes-wrapper\">\n<div class=\"wp-block-indicata-link-box-with-icon mt-link-box-with-icon swiper-slide\"><div class=\"mt-link-box-with-icon__title-container\"><div class=\"mt-link-box-with-icon__icon-container\"><img decoding=\"async\" src=\"https:\/\/indicata.bluebird.pw\/wp-content\/uploads\/2024\/04\/car-side-solid.svg\" alt=\"car-side-solid\" width=\"24\" height=\"24\" class=\"mt-link-box-with-icon__icon\"\/><\/div><p class=\"mt-link-box-with-icon__title\">Vurdere CPO succes<\/p><\/div><p class=\"mt-link-box-with-icon__text\">F\u00f8lg resultaterne af dit Certified Pre-Owned program<\/p><\/div>\n\n\n\n<div class=\"wp-block-indicata-link-box-with-icon mt-link-box-with-icon swiper-slide\"><div class=\"mt-link-box-with-icon__title-container\"><div class=\"mt-link-box-with-icon__icon-container\"><img decoding=\"async\" src=\"https:\/\/indicata.bluebird.pw\/wp-content\/uploads\/2024\/04\/tags-solid.svg\" alt=\"tags-solid\" width=\"24\" height=\"24\" class=\"mt-link-box-with-icon__icon\"\/><\/div><p class=\"mt-link-box-with-icon__title\">Forbedre netv\u00e6rkets ydeevne for salg og profit<\/p><\/div><p class=\"mt-link-box-with-icon__text\">Identificer underpr\u00e6sterende forretninger, og hvor pr\u00e6stationen kan forbedres<\/p><\/div>\n\n\n\n<div class=\"wp-block-indicata-link-box-with-icon mt-link-box-with-icon swiper-slide\"><div class=\"mt-link-box-with-icon__title-container\"><div class=\"mt-link-box-with-icon__icon-container\"><img decoding=\"async\" src=\"https:\/\/indicata.bluebird.pw\/wp-content\/uploads\/2024\/04\/laptop-solid.svg\" alt=\"laptop-solid\" width=\"24\" height=\"24\" class=\"mt-link-box-with-icon__icon\"\/><\/div><p class=\"mt-link-box-with-icon__title\">Identificere netv\u00e6rksproblemer og -muligheder<\/p><\/div><p class=\"mt-link-box-with-icon__text\">Spor aldrende lager, d\u00e5rligt markedsf\u00f8rte eller prissatte k\u00f8ret\u00f8jer og muligheder for mersalg<\/p><\/div>\n<\/div><\/div><\/section>\n\n<section class=\"wp-block-morningmodules-logo-line mt-logo-line mt-logo-line--should-slide mt-logo-line--border-bottom mtSpacing-top-extraSmall mtSpacing-bottom-extraSmall\"><div class=\"mt-logo-line__inner\"><div class=\"mt-logo-line__text-container\"><p class=\"mt-logo-line__text\">Betroet af globale<br>bilm\u00e6rker<\/p><\/div><div class=\"mt-logo-line__logos-container swiper\"><div class=\"swiper-wrapper\">\n<div class=\"wp-block-morningmodules-logo-line-logo mt-logo swiper-slide\" style=\"opacity:1\"><img decoding=\"async\" src=\"https:\/\/indicata.bluebird.pw\/wp-content\/uploads\/2024\/04\/Tesla.svg\" alt=\"\" class=\"mt-logo__logo\" style=\"max-height:40px;margin-top:0px\"\/><\/div>\n\n\n\n<div class=\"wp-block-morningmodules-logo-line-logo mt-logo swiper-slide\" style=\"opacity:1\"><img decoding=\"async\" src=\"https:\/\/indicata.bluebird.pw\/wp-content\/uploads\/2024\/04\/BMW.svg\" alt=\"\" class=\"mt-logo__logo\" style=\"max-height:40px;margin-top:0px\"\/><\/div>\n\n\n\n<div class=\"wp-block-morningmodules-logo-line-logo mt-logo swiper-slide\" style=\"opacity:1\"><img decoding=\"async\" src=\"https:\/\/indicata.bluebird.pw\/wp-content\/uploads\/2024\/04\/Mercedes.svg\" alt=\"\" class=\"mt-logo__logo\" style=\"max-height:40px;margin-top:0px\"\/><\/div>\n\n\n\n<div class=\"wp-block-morningmodules-logo-line-logo mt-logo swiper-slide\" style=\"opacity:1\"><img decoding=\"async\" src=\"https:\/\/indicata.bluebird.pw\/wp-content\/uploads\/2024\/04\/Volkswagen.svg\" alt=\"\" class=\"mt-logo__logo\" style=\"max-height:40px;margin-top:0px\"\/><\/div>\n\n\n\n<div class=\"wp-block-morningmodules-logo-line-logo mt-logo swiper-slide\" style=\"opacity:1\"><img decoding=\"async\" src=\"https:\/\/indicata.bluebird.pw\/wp-content\/uploads\/2024\/04\/logo-teknicar_svg__Layer_1.svg\" alt=\"\" class=\"mt-logo__logo\" style=\"max-height:40px;margin-top:0px\"\/><\/div>\n<\/div><\/div><\/div><\/section>\n\n<section class=\"wp-block-morningmodules-text-media mt-text-media mt-text-media--align-media-right mt-text-media--align-media-mobile-bottom mtSpacing-bottom-medium mtSpacing-top-small\"><div class=\"mt-text-media__inner\"><div class=\"mt-text-media__media-container\"><img decoding=\"async\" src=\"https:\/\/indicata.bluebird.pw\/wp-content\/uploads\/2024\/05\/shutterstock_421486786-scaled.jpg\" alt=\"\" style=\"object-position:67% 57.99999999999999%\"\/><\/div><div class=\"mt-text-media__text-container\"><span class=\"mt-text-media__tagline mt-tagline\">Vurder pr\u00e6stationerne<\/span><h2 class=\"mt-text-media__title\">Certificeret brugtbils-effektivitet<\/h2>\n<p>OEM&#8217;er investerer millioner i at opbygge m\u00e6rker til brugte k\u00f8ret\u00f8jer, men har kun begr\u00e6nset information om deres succes-KPI&#8217;er<\/p>\n\n\n\n<ul class=\"wp-block-list\">\n<li>Forbedring af % lager solgt gennem deres netv\u00e6rk<\/li>\n\n\n\n<li>Forbedring af restv\u00e6rdier<\/li>\n\n\n\n<li>\u00d8ger netv\u00e6rkets ydeevne og rentabilitet<\/li>\n\n\n\n<li>At give deres CPO en markedsstatus, der matcher nye<\/li>\n<\/ul>\n\n\n\n<p>Ved at spore 140.000 OEM- og ikke-brandede forhandleres pr\u00e6stationer, lagerbeholdning og salg i realtid giver vores CPO-rapporteringssuite OEM&#8217;erne mulighed for virkelig at vurdere effektiviteten af deres investering.<\/p>\n\n\n\n<div class=\"wp-block-buttons is-layout-flex wp-block-buttons-is-layout-flex\">\n<div class=\"wp-block-button open-slide-in-contact\" data-contact-slide-in-view=\"3\"><a class=\"wp-block-button__link wp-element-button\">Anmod om en demo<\/a><\/div>\n\n\n\n<div class=\"wp-block-button is-style-primary-transparent open-slide-in-contact\" data-contact-slide-in-view=\"2\"><a class=\"wp-block-button__link wp-element-button\">Kontakt salg<\/a><\/div>\n<\/div>\n<\/div><\/div><\/section>\n\n<section class=\"wp-block-morningmodules-text-media mt-text-media mt-text-media--align-media-left mt-text-media--align-media-mobile-bottom\"><div class=\"mt-text-media__inner\"><div class=\"mt-text-media__media-container\"><img decoding=\"async\" src=\"https:\/\/indicata.bluebird.pw\/wp-content\/uploads\/2024\/04\/Frame-24656-3.jpg\" alt=\"\" style=\"object-position:20% 55.00000000000001%\"\/><\/div><div class=\"mt-text-media__text-container\"><span class=\"mt-text-media__tagline mt-tagline\">Identificer lokationer med d\u00e5rlig performance<\/span><h2 class=\"mt-text-media__title\">Netv\u00e6rkets kapacitet og forbedring<\/h2>\n<p>Indicata kan identificere det bedste og det v\u00e6rste i en OEM&#8217;s netv\u00e6rk. Det kan dreje sig om alt fra brugtbilens kerneydelse til tidlig advarsel om forhandlerens \u00f8konomiske levedygtighed.<br\/><br\/>OEM&#8217;er kan implementere det rigtige engagement og korrigerende handlinger for at tackle problemer, f\u00f8r de bliver reelle problemer. Indicata kan st\u00f8tte ham med vores kundesuccesprogram <\/p>\n\n\n\n<div class=\"wp-block-buttons is-layout-flex wp-block-buttons-is-layout-flex\">\n<div class=\"wp-block-button open-slide-in-contact\" data-contact-slide-in-view=\"3\"><a class=\"wp-block-button__link wp-element-button\">Anmod om en demo<\/a><\/div>\n\n\n\n<div class=\"wp-block-button is-style-primary-transparent open-slide-in-contact\" data-contact-slide-in-view=\"2\"><a class=\"wp-block-button__link wp-element-button\">Kontakt salg<\/a><\/div>\n<\/div>\n<\/div><\/div><\/section>\n\n<section class=\"wp-block-morningmodules-text-media mt-text-media mt-text-media--align-media-right mt-text-media--align-media-mobile-bottom mtSpacing-top-medium\"><div class=\"mt-text-media__inner\"><div class=\"mt-text-media__media-container\"><img decoding=\"async\" src=\"https:\/\/indicata.bluebird.pw\/wp-content\/uploads\/2024\/04\/Frame-24656-4.jpg\" alt=\"\" style=\"object-position:50% 50%\"\/><\/div><div class=\"mt-text-media__text-container\"><span class=\"mt-text-media__tagline mt-tagline\">St\u00f8tte til netv\u00e6rk<\/span><h2 class=\"mt-text-media__title\">Effektive teams i marken<\/h2>\n<p>Flere og flere bilproducenter investerer i teams, der arbejder med brugte biler, for at forbedre deres forhandleres drift. Men m\u00f8der med forhandlerne er kun effektive, hvis man har et f\u00e6lles s\u00e6t pr\u00e6stationsm\u00e5linger at gennemg\u00e5. <\/p>\n\n\n\n<p>Indicatas netv\u00e6rksrapporteringspakke giver et fuldt overblik over hver enkelt forhandler, fra m\u00e5linger p\u00e5 h\u00f8jt niveau til problemer med hvert enkelt k\u00f8ret\u00f8j. OEM-team i marken kan f\u00f8re effektive, faktabaserede samtaler og identificere problemer og muligheder, som selv forhandleren m\u00e5ske ikke er opm\u00e6rksom p\u00e5.  <\/p>\n\n\n\n<p>Ud over vores Customer Success Program kan Indicata ogs\u00e5 hj\u00e6lpe med at udvikle dit feltteam til eksperter i brugte biler og forbedre deres relationer til dit netv\u00e6rk.<\/p>\n\n\n\n<div class=\"wp-block-buttons is-layout-flex wp-block-buttons-is-layout-flex\">\n<div class=\"wp-block-button open-slide-in-contact\" data-contact-slide-in-view=\"3\"><a class=\"wp-block-button__link wp-element-button\">Anmod om en demo<\/a><\/div>\n\n\n\n<div class=\"wp-block-button is-style-primary-transparent open-slide-in-contact\" data-contact-slide-in-view=\"2\"><a class=\"wp-block-button__link wp-element-button\">Kontakt salg<\/a><\/div>\n<\/div>\n<\/div><\/div><\/section>\n\n<section class=\"wp-block-morningmodules-text-media mt-text-media mt-text-media--align-media-left mt-text-media--align-media-mobile-bottom mtSpacing-bottom-medium mtSpacing-top-medium\"><div class=\"mt-text-media__inner\"><div class=\"mt-text-media__media-container\"><img decoding=\"async\" src=\"https:\/\/indicata.bluebird.pw\/wp-content\/uploads\/2024\/04\/Frame-24656-1.jpg\" alt=\"\" style=\"object-position:69% 49%\"\/><\/div><div class=\"mt-text-media__text-container\"><span class=\"mt-text-media__tagline mt-tagline\">K\u00f8ret\u00f8j for k\u00f8ret\u00f8j &#8211; hver dag<\/span><h2 class=\"mt-text-media__title\">Fastholdelse af brand-lager<\/h2>\n<p>At sikre, at dit brandnetv\u00e6rk bevarer og forhandler den maksimale andel af dit brands lager, er n\u00f8glen til at optimere dine CPO-programmer. N\u00e5r produkter siver ud til ikke-brandede steder, er det vigtigt at vide hvor meget og hvor. <br\/><br\/>Indicata kan spore alle brugte k\u00f8ret\u00f8jer af dit m\u00e6rke og identificere forhandler for forhandler, hvem der s\u00e6lger dem og til hvilken pris.<br\/><br\/>Ved at bruge vores data sammen med analyser af generelle markedstendenser kan vi hj\u00e6lpe dig med at sikre maksimal fastholdelse af dit brand i dine netv\u00e6rk.<\/p>\n\n\n\n<div class=\"wp-block-buttons is-layout-flex wp-block-buttons-is-layout-flex\">\n<div class=\"wp-block-button open-slide-in-contact\" data-contact-slide-in-view=\"3\"><a class=\"wp-block-button__link wp-element-button\">Anmod om en demo<\/a><\/div>\n\n\n\n<div class=\"wp-block-button is-style-primary-transparent open-slide-in-contact\" data-contact-slide-in-view=\"2\"><a class=\"wp-block-button__link wp-element-button\">Kontakt salg<\/a><\/div>\n<\/div>\n<\/div><\/div><\/section>\n\n<section class=\"wp-block-morningmodules-text-media mt-text-media mt-text-media--align-media-right mt-text-media--align-media-mobile-bottom mtSpacing-bottom-medium\"><div class=\"mt-text-media__inner\"><div class=\"mt-text-media__media-container\"><img decoding=\"async\" src=\"https:\/\/indicata.bluebird.pw\/wp-content\/uploads\/2024\/04\/Frame-24656-2.jpg\" alt=\"\" style=\"object-position:50% 50%\"\/><\/div><div class=\"mt-text-media__text-container\"><span class=\"mt-text-media__tagline mt-tagline\">Lagerl\u00e6kage<\/span><h2 class=\"mt-text-media__title\">At skabe trafik i udstillingslokalet<\/h2>\n<p>Indicatas leadgenerator giver de bes\u00f8gende p\u00e5 dit websted en online indbytningsvurdering, og giver dig dermed mulighed for at etablere kontakt og \u00f8ge dine salgsmuligheder<br\/><br\/>Indicatas leadgeneratorer har vist sig at \u00f8ge dit websteds leadgenerering 3 gange<br\/><br\/>Uanset om det er en API-l\u00f8sning til at drive dine websteds egne vurderingsgr\u00e6nseflader eller en forudkonfigureret Indicata &#8220;plug and play&#8221;-mulighed, har vi erfaring med at levere l\u00f8sninger direkte til OEM&#8217;er eller gennem partnerskaber med din forhandlerorganisation.<\/p>\n\n\n\n<div class=\"wp-block-buttons is-layout-flex wp-block-buttons-is-layout-flex\">\n<div class=\"wp-block-button open-slide-in-contact\" data-contact-slide-in-view=\"3\"><a class=\"wp-block-button__link wp-element-button\">Anmod om en demo<\/a><\/div>\n\n\n\n<div class=\"wp-block-button is-style-primary-transparent open-slide-in-contact\" data-contact-slide-in-view=\"2\"><a class=\"wp-block-button__link wp-element-button\">Kontakt salg<\/a><\/div>\n<\/div>\n<\/div><\/div><\/section>\n\n<section class=\"wp-block-morningmodules-breaker mt-breaker\"><div class=\"mt-breaker__container\"><div class=\"mt-breaker__overlay\" style=\"opacity:0\"><\/div><div class=\"mt-breaker__image-container object-fit\"><img decoding=\"async\" src=\"https:\/\/indicata.bluebird.pw\/wp-content\/uploads\/2024\/04\/Frame-24740.jpg\" alt=\"\" style=\"object-position:50% 50%\"\/><\/div><div class=\"mt-breaker__inner page-container\"><div class=\"mt-breaker__text-container\"><span class=\"mt-breaker__tagline mt-tagline\">Start nu<\/span><h2 class=\"mt-breaker__title\">Start med at improving your operations today<\/h2>\n<div class=\"wp-block-buttons is-layout-flex wp-block-buttons-is-layout-flex\">\n<div class=\"wp-block-button open-slide-in-contact\" data-contact-slide-in-view=\"3\"><a class=\"wp-block-button__link wp-element-button\">Anmod om en demo<\/a><\/div>\n\n\n\n<div class=\"wp-block-button is-style-primary-transparent open-slide-in-contact\" data-contact-slide-in-view=\"2\"><a class=\"wp-block-button__link wp-element-button\">Kontakt salg<\/a><\/div>\n<\/div>\n<\/div><\/div><\/div><\/section>\n","protected":false},"excerpt":{"rendered":"","protected":false},"author":2,"featured_media":0,"parent":0,"menu_order":0,"comment_status":"closed","ping_status":"closed","template":"","meta":{"_acf_changed":false,"footnotes":""},"class_list":["post-8195","page","type-page","status-publish","hentry"],"acf":[],"yoast_head":"<!-- This site is optimized with the Yoast SEO plugin v27.3 - https:\/\/yoast.com\/product\/yoast-seo-wordpress\/ -->\n<title>OEM&#039;er og NSC&#039;er - Indicata<\/title>\n<meta name=\"robots\" content=\"noindex, follow, max-snippet:-1, max-image-preview:large, max-video-preview:-1\" \/>\n<meta property=\"og:locale\" content=\"da_DK\" \/>\n<meta property=\"og:type\" content=\"article\" \/>\n<meta property=\"og:title\" content=\"OEM&#039;er og NSC&#039;er - Indicata\" \/>\n<meta property=\"og:url\" content=\"https:\/\/indicata.bluebird.pw\/da\/oemer-og-nscer\/\" \/>\n<meta property=\"og:site_name\" content=\"Indicata\" \/>\n<meta property=\"article:modified_time\" content=\"2024-11-14T11:27:43+00:00\" \/>\n<meta property=\"og:image\" content=\"https:\/\/indicata.bluebird.pw\/wp-content\/uploads\/2024\/04\/Frame-3-2.jpg\" \/>\n<meta name=\"twitter:card\" content=\"summary_large_image\" \/>\n<meta name=\"twitter:label1\" content=\"Estimeret l\u00e6setid\" \/>\n\t<meta name=\"twitter:data1\" content=\"3 minutter\" \/>\n<script type=\"application\/ld+json\" class=\"yoast-schema-graph\">{\"@context\":\"https:\\\/\\\/schema.org\",\"@graph\":[{\"@type\":\"WebPage\",\"@id\":\"https:\\\/\\\/indicata.bluebird.pw\\\/da\\\/oemer-og-nscer\\\/\",\"url\":\"https:\\\/\\\/indicata.bluebird.pw\\\/da\\\/oemer-og-nscer\\\/\",\"name\":\"OEM'er og NSC'er - Indicata\",\"isPartOf\":{\"@id\":\"https:\\\/\\\/indicata.bluebird.pw\\\/#website\"},\"primaryImageOfPage\":{\"@id\":\"https:\\\/\\\/indicata.bluebird.pw\\\/da\\\/oemer-og-nscer\\\/#primaryimage\"},\"image\":{\"@id\":\"https:\\\/\\\/indicata.bluebird.pw\\\/da\\\/oemer-og-nscer\\\/#primaryimage\"},\"thumbnailUrl\":\"https:\\\/\\\/indicata.bluebird.pw\\\/wp-content\\\/uploads\\\/2024\\\/04\\\/Frame-3-2.jpg\",\"datePublished\":\"2024-04-19T05:23:46+00:00\",\"dateModified\":\"2024-11-14T11:27:43+00:00\",\"breadcrumb\":{\"@id\":\"https:\\\/\\\/indicata.bluebird.pw\\\/da\\\/oemer-og-nscer\\\/#breadcrumb\"},\"inLanguage\":\"da-DK\",\"potentialAction\":[{\"@type\":\"ReadAction\",\"target\":[\"https:\\\/\\\/indicata.bluebird.pw\\\/da\\\/oemer-og-nscer\\\/\"]}]},{\"@type\":\"ImageObject\",\"inLanguage\":\"da-DK\",\"@id\":\"https:\\\/\\\/indicata.bluebird.pw\\\/da\\\/oemer-og-nscer\\\/#primaryimage\",\"url\":\"https:\\\/\\\/indicata.bluebird.pw\\\/wp-content\\\/uploads\\\/2024\\\/04\\\/Frame-3-2.jpg\",\"contentUrl\":\"https:\\\/\\\/indicata.bluebird.pw\\\/wp-content\\\/uploads\\\/2024\\\/04\\\/Frame-3-2.jpg\"},{\"@type\":\"BreadcrumbList\",\"@id\":\"https:\\\/\\\/indicata.bluebird.pw\\\/da\\\/oemer-og-nscer\\\/#breadcrumb\",\"itemListElement\":[{\"@type\":\"ListItem\",\"position\":1,\"name\":\"Home\",\"item\":\"https:\\\/\\\/indicata.bluebird.pw\\\/da\\\/\"},{\"@type\":\"ListItem\",\"position\":2,\"name\":\"OEM&#8217;er og NSC&#8217;er\"}]},{\"@type\":\"WebSite\",\"@id\":\"https:\\\/\\\/indicata.bluebird.pw\\\/#website\",\"url\":\"https:\\\/\\\/indicata.bluebird.pw\\\/\",\"name\":\"Indicata\",\"description\":\"Part of Autorola Group\",\"potentialAction\":[{\"@type\":\"SearchAction\",\"target\":{\"@type\":\"EntryPoint\",\"urlTemplate\":\"https:\\\/\\\/indicata.bluebird.pw\\\/?s={search_term_string}\"},\"query-input\":{\"@type\":\"PropertyValueSpecification\",\"valueRequired\":true,\"valueName\":\"search_term_string\"}}],\"inLanguage\":\"da-DK\"}]}<\/script>\n<!-- \/ Yoast SEO plugin. -->","yoast_head_json":{"title":"OEM'er og NSC'er - Indicata","robots":{"index":"noindex","follow":"follow","max-snippet":"max-snippet:-1","max-image-preview":"max-image-preview:large","max-video-preview":"max-video-preview:-1"},"og_locale":"da_DK","og_type":"article","og_title":"OEM'er og NSC'er - Indicata","og_url":"https:\/\/indicata.bluebird.pw\/da\/oemer-og-nscer\/","og_site_name":"Indicata","article_modified_time":"2024-11-14T11:27:43+00:00","og_image":[{"url":"https:\/\/indicata.bluebird.pw\/wp-content\/uploads\/2024\/04\/Frame-3-2.jpg","type":"","width":"","height":""}],"twitter_card":"summary_large_image","twitter_misc":{"Estimeret l\u00e6setid":"3 minutter"},"schema":{"@context":"https:\/\/schema.org","@graph":[{"@type":"WebPage","@id":"https:\/\/indicata.bluebird.pw\/da\/oemer-og-nscer\/","url":"https:\/\/indicata.bluebird.pw\/da\/oemer-og-nscer\/","name":"OEM'er og NSC'er - Indicata","isPartOf":{"@id":"https:\/\/indicata.bluebird.pw\/#website"},"primaryImageOfPage":{"@id":"https:\/\/indicata.bluebird.pw\/da\/oemer-og-nscer\/#primaryimage"},"image":{"@id":"https:\/\/indicata.bluebird.pw\/da\/oemer-og-nscer\/#primaryimage"},"thumbnailUrl":"https:\/\/indicata.bluebird.pw\/wp-content\/uploads\/2024\/04\/Frame-3-2.jpg","datePublished":"2024-04-19T05:23:46+00:00","dateModified":"2024-11-14T11:27:43+00:00","breadcrumb":{"@id":"https:\/\/indicata.bluebird.pw\/da\/oemer-og-nscer\/#breadcrumb"},"inLanguage":"da-DK","potentialAction":[{"@type":"ReadAction","target":["https:\/\/indicata.bluebird.pw\/da\/oemer-og-nscer\/"]}]},{"@type":"ImageObject","inLanguage":"da-DK","@id":"https:\/\/indicata.bluebird.pw\/da\/oemer-og-nscer\/#primaryimage","url":"https:\/\/indicata.bluebird.pw\/wp-content\/uploads\/2024\/04\/Frame-3-2.jpg","contentUrl":"https:\/\/indicata.bluebird.pw\/wp-content\/uploads\/2024\/04\/Frame-3-2.jpg"},{"@type":"BreadcrumbList","@id":"https:\/\/indicata.bluebird.pw\/da\/oemer-og-nscer\/#breadcrumb","itemListElement":[{"@type":"ListItem","position":1,"name":"Home","item":"https:\/\/indicata.bluebird.pw\/da\/"},{"@type":"ListItem","position":2,"name":"OEM&#8217;er og NSC&#8217;er"}]},{"@type":"WebSite","@id":"https:\/\/indicata.bluebird.pw\/#website","url":"https:\/\/indicata.bluebird.pw\/","name":"Indicata","description":"Part of Autorola Group","potentialAction":[{"@type":"SearchAction","target":{"@type":"EntryPoint","urlTemplate":"https:\/\/indicata.bluebird.pw\/?s={search_term_string}"},"query-input":{"@type":"PropertyValueSpecification","valueRequired":true,"valueName":"search_term_string"}}],"inLanguage":"da-DK"}]}},"_links":{"self":[{"href":"https:\/\/indicata.bluebird.pw\/da\/wp-json\/wp\/v2\/pages\/8195","targetHints":{"allow":["GET"]}}],"collection":[{"href":"https:\/\/indicata.bluebird.pw\/da\/wp-json\/wp\/v2\/pages"}],"about":[{"href":"https:\/\/indicata.bluebird.pw\/da\/wp-json\/wp\/v2\/types\/page"}],"author":[{"embeddable":true,"href":"https:\/\/indicata.bluebird.pw\/da\/wp-json\/wp\/v2\/users\/2"}],"replies":[{"embeddable":true,"href":"https:\/\/indicata.bluebird.pw\/da\/wp-json\/wp\/v2\/comments?post=8195"}],"version-history":[{"count":1,"href":"https:\/\/indicata.bluebird.pw\/da\/wp-json\/wp\/v2\/pages\/8195\/revisions"}],"predecessor-version":[{"id":8196,"href":"https:\/\/indicata.bluebird.pw\/da\/wp-json\/wp\/v2\/pages\/8195\/revisions\/8196"}],"wp:attachment":[{"href":"https:\/\/indicata.bluebird.pw\/da\/wp-json\/wp\/v2\/media?parent=8195"}],"curies":[{"name":"wp","href":"https:\/\/api.w.org\/{rel}","templated":true}]}}