{"id":8199,"date":"2024-04-18T07:16:48","date_gmt":"2024-04-18T05:16:48","guid":{"rendered":"https:\/\/indicata.bluebird.pw\/forhandlergrupper-og-detailhandlere\/"},"modified":"2024-11-14T13:27:43","modified_gmt":"2024-11-14T11:27:43","slug":"forhandlergrupper-og-detailhandlere","status":"publish","type":"page","link":"https:\/\/indicata.bluebird.pw\/da\/forhandlergrupper-og-detailhandlere\/","title":{"rendered":"Forhandlergrupper og detailhandlere"},"content":{"rendered":"\n<section class=\"wp-block-indicata-sub-cover mt-sub-cover\"><div class=\"mt-sub-cover__container\"><div class=\"mt-sub-cover__inner page-container\"><div class=\"mt-sub-cover__text-container\"><span class=\"mt-sub-cover__tagline mt-tagline\">INDUSTRI test<\/span>\n<h1 class=\"wp-block-heading\">Forhandlergrupper og detailhandlere<\/h1>\n\n\n\n<p>Hvordan forhandlernes indk\u00f8bs- og prisfejl koster dem millioner af kroner i tabt fortjeneste<\/p>\n\n\n\n<div class=\"wp-block-buttons is-layout-flex wp-block-buttons-is-layout-flex\">\n<div class=\"wp-block-button open-slide-in-contact\" data-contact-slide-in-view=\"3\"><a class=\"wp-block-button__link wp-element-button\">Anmod om en demo<\/a><\/div>\n\n\n\n<div class=\"wp-block-button is-style-primary-transparent open-slide-in-contact\" data-contact-slide-in-view=\"2\"><a class=\"wp-block-button__link wp-element-button\">Vurdering af muligheder<\/a><\/div>\n<\/div>\n<\/div><\/div><div class=\"mt-sub-cover__image-container object-fit\"><img decoding=\"async\" src=\"https:\/\/indicata.bluebird.pw\/wp-content\/uploads\/2024\/04\/Frame-3-1.jpg\" alt=\"\" style=\"object-position:50% 50%\"\/><\/div><\/div><\/section>\n\n<section class=\"wp-block-indicata-link-boxes-with-icon mt-link-boxes-with-icon mtSpacing-top-small mtSpacing-bottom-medium\"><div class=\"mt-link-boxes-with-icon__inner page-container\"><div class=\"mt-link-boxes-with-icon__text-container\"><h2 class=\"mt-link-boxes-with-icon__title\">Vores kunder kommer til os TEST 3<\/h2><p class=\"mt-link-boxes-with-icon__text\">Fordi de gerne vil optimere f\u00f8lgende:<\/p><\/div><div class=\"mt-link-boxes-with-icon__boxes-wrapper\">\n<div class=\"wp-block-indicata-link-box-with-icon mt-link-box-with-icon swiper-slide\"><div class=\"mt-link-box-with-icon__title-container\"><div class=\"mt-link-box-with-icon__icon-container\"><img decoding=\"async\" src=\"https:\/\/indicata.bluebird.pw\/wp-content\/uploads\/2024\/04\/car-side-solid.svg\" alt=\"car-side-solid\" width=\"24\" height=\"24\" class=\"mt-link-box-with-icon__icon\"\/><\/div><p class=\"mt-link-box-with-icon__title\">Identificer de bedste k\u00f8ret\u00f8jer, der s\u00e6lger hurtigt og maksimerer overskuddet\u2019<\/p><\/div><p class=\"mt-link-box-with-icon__text\">Hvordan man identificerer de bedste k\u00f8ret\u00f8jer, der s\u00e6lger hurtigt og maksimerer overskuddet<\/p><\/div>\n\n\n\n<div class=\"wp-block-indicata-link-box-with-icon mt-link-box-with-icon swiper-slide\"><div class=\"mt-link-box-with-icon__title-container\"><div class=\"mt-link-box-with-icon__icon-container\"><img decoding=\"async\" src=\"https:\/\/indicata.bluebird.pw\/wp-content\/uploads\/2024\/04\/tags-solid.svg\" alt=\"tags-solid\" width=\"24\" height=\"24\" class=\"mt-link-box-with-icon__icon\"\/><\/div><p class=\"mt-link-box-with-icon__title\"><strong>F\u00e5 <\/strong>kortfattet rapportering<\/p><\/div><p class=\"mt-link-box-with-icon__text\">F\u00e5 indsigt i forretninger med lav ydeevne, og l\u00e6r hvordan du kan forbedre dem<\/p><\/div>\n\n\n\n<div class=\"wp-block-indicata-link-box-with-icon mt-link-box-with-icon swiper-slide\"><div class=\"mt-link-box-with-icon__title-container\"><div class=\"mt-link-box-with-icon__icon-container\"><img decoding=\"async\" src=\"https:\/\/indicata.bluebird.pw\/wp-content\/uploads\/2024\/04\/laptop-solid.svg\" alt=\"laptop-solid\" width=\"24\" height=\"24\" class=\"mt-link-box-with-icon__icon\"\/><\/div><p class=\"mt-link-box-with-icon__title\">Priss\u00e6t lager optimalt<\/p><\/div><p class=\"mt-link-box-with-icon__text\">Optim\u00e9r din lagerprisstrategi og beslutningstagning i forhold til k\u00f8ret\u00f8jer og virksomhedens strategi<\/p><\/div>\n<\/div><\/div><\/section>\n\n<section class=\"wp-block-morningmodules-logo-line mt-logo-line mt-logo-line--should-slide mt-logo-line--border-bottom mtSpacing-top-extraSmall mtSpacing-bottom-extraSmall\"><div class=\"mt-logo-line__inner\"><div class=\"mt-logo-line__text-container\"><p class=\"mt-logo-line__text\">Betroet af globale<br>bilm\u00e6rker<\/p><\/div><div class=\"mt-logo-line__logos-container swiper\"><div class=\"swiper-wrapper\">\n<div class=\"wp-block-morningmodules-logo-line-logo mt-logo swiper-slide\" style=\"opacity:1\"><img decoding=\"async\" src=\"https:\/\/indicata.bluebird.pw\/wp-content\/uploads\/2024\/04\/Tesla.svg\" alt=\"\" class=\"mt-logo__logo\" style=\"max-height:40px;margin-top:0px\"\/><\/div>\n\n\n\n<div class=\"wp-block-morningmodules-logo-line-logo mt-logo swiper-slide\" style=\"opacity:1\"><img decoding=\"async\" src=\"https:\/\/indicata.bluebird.pw\/wp-content\/uploads\/2024\/04\/BMW.svg\" alt=\"\" class=\"mt-logo__logo\" style=\"max-height:40px;margin-top:0px\"\/><\/div>\n\n\n\n<div class=\"wp-block-morningmodules-logo-line-logo mt-logo swiper-slide\" style=\"opacity:1\"><img decoding=\"async\" src=\"https:\/\/indicata.bluebird.pw\/wp-content\/uploads\/2024\/04\/Mercedes.svg\" alt=\"\" class=\"mt-logo__logo\" style=\"max-height:40px;margin-top:0px\"\/><\/div>\n\n\n\n<div class=\"wp-block-morningmodules-logo-line-logo mt-logo swiper-slide\" style=\"opacity:1\"><img decoding=\"async\" src=\"https:\/\/indicata.bluebird.pw\/wp-content\/uploads\/2024\/04\/Volkswagen.svg\" alt=\"\" class=\"mt-logo__logo\" style=\"max-height:40px;margin-top:0px\"\/><\/div>\n\n\n\n<div class=\"wp-block-morningmodules-logo-line-logo mt-logo swiper-slide\" style=\"opacity:1\"><img decoding=\"async\" src=\"https:\/\/indicata.bluebird.pw\/wp-content\/uploads\/2024\/04\/logo-teknicar_svg__Layer_1.svg\" alt=\"\" class=\"mt-logo__logo\" style=\"max-height:40px;margin-top:0px\"\/><\/div>\n<\/div><\/div><\/div><\/section>\n\n<section class=\"wp-block-morningmodules-text-media mt-text-media mt-text-media--align-media-right mt-text-media--align-media-mobile-bottom mtSpacing-bottom-medium mtSpacing-top-small\"><div class=\"mt-text-media__inner\"><div class=\"mt-text-media__media-container\"><img decoding=\"async\" src=\"https:\/\/indicata.bluebird.pw\/wp-content\/uploads\/2024\/04\/Frame-24642-1.jpg\" alt=\"\" style=\"object-position:50% 50%\"\/><\/div><div class=\"mt-text-media__text-container\"><span class=\"mt-text-media__tagline mt-tagline\">Sourcing af de bedste k\u00f8ret\u00f8jer<\/span><h2 class=\"mt-text-media__title\">Identifikation af de rigtige k\u00f8ret\u00f8jer<\/h2>\n<p>Indicata vurderer ikke kun de k\u00f8ret\u00f8jer, du \u00f8nsker at k\u00f8be eller bytte ind. Vi analyserer markedet for at sikre det optimale lager <\/p>\n\n\n\n<p><br\/><strong>For hver bil, som vurderes, hj\u00e6lper Indicata dig med at:<\/strong><\/p>\n\n\n\n<ul class=\"wp-block-list\">\n<li>F\u00e5 indsigt i konkurrencedygtige k\u00f8ret\u00f8jer p\u00e5 markedet<\/li>\n\n\n\n<li>Vurdere, om k\u00f8ret\u00f8jet sandsynligvis vil s\u00e6lge hurtigt<\/li>\n\n\n\n<li>R\u00e5dgive om, hvorvidt det skal lagerf\u00f8res eller s\u00e6lges med det samme<\/li>\n<\/ul>\n\n\n\n<div class=\"wp-block-buttons is-layout-flex wp-block-buttons-is-layout-flex\">\n<div class=\"wp-block-button open-slide-in-contact\" data-contact-slide-in-view=\"3\"><a class=\"wp-block-button__link wp-element-button\">Anmod om en demo<\/a><\/div>\n\n\n\n<div class=\"wp-block-button is-style-primary-transparent open-slide-in-contact\" data-contact-slide-in-view=\"2\"><a class=\"wp-block-button__link wp-element-button\">Kontakt salg<\/a><\/div>\n<\/div>\n<\/div><\/div><\/section>\n\n<section class=\"wp-block-indicata-breaker mt-breaker-advanced\"><div class=\"mt-breaker-advanced__container\"><div class=\"mt-breaker-advanced__overlay\" style=\"opacity:0\"><\/div><div class=\"mt-breaker-advanced__image-container object-fit\"><img decoding=\"async\" src=\"https:\/\/indicata.bluebird.pw\/wp-content\/uploads\/2024\/04\/Frame-24727.jpg\" alt=\"\" style=\"object-position:50% 50%\"\/><\/div><div class=\"mt-breaker-advanced__inner page-container\"><div class=\"mt-breaker-advanced__text-container\"><span class=\"mt-breaker-advanced__tagline mt-tagline\">over 140.000 forhandlere<\/span><h2 class=\"mt-breaker-advanced__title\">Find de bedste lagerbiler \u2013 helt enkelt<\/h2>\n<p>Indicata kortl\u00e6gger lageret hos over 140.000 forhandlere. Hvis du \u00f8nsker at k\u00f8be ind fra andre forhandlere, har vi paneurop\u00e6iske lagerlokaliseringsl\u00f8sninger, der hj\u00e6lper dig med at identificere det hurtigst s\u00e6lgende lager. <\/p>\n\n\n\n<div class=\"wp-block-buttons is-layout-flex wp-block-buttons-is-layout-flex\">\n<div class=\"wp-block-button open-slide-in-contact\" data-contact-slide-in-view=\"3\"><a class=\"wp-block-button__link wp-element-button\">Anmod om en demo<\/a><\/div>\n\n\n\n<div class=\"wp-block-button is-style-primary-transparent open-slide-in-contact\" data-contact-slide-in-view=\"2\"><a class=\"wp-block-button__link wp-element-button\">Kontakt salg<\/a><\/div>\n<\/div>\n<\/div><\/div><\/div><\/section>\n\n<section class=\"wp-block-morningmodules-text-media mt-text-media mt-text-media--align-media-left mt-text-media--align-media-mobile-bottom mtSpacing-bottom-small mtSpacing-top-small\"><div class=\"mt-text-media__inner\"><div class=\"mt-text-media__media-container\"><img decoding=\"async\" src=\"https:\/\/indicata.bluebird.pw\/wp-content\/uploads\/2024\/04\/Frame-24656.jpg\" alt=\"\" style=\"object-position:50% 50%\"\/><\/div><div class=\"mt-text-media__text-container\"><span class=\"mt-text-media__tagline mt-tagline\">Identificer lokationer med d\u00e5rlig performance<\/span><h2 class=\"mt-text-media__title\">H\u00e5ndtering af flere lokationer<\/h2>\n<p>Moderne forhandlergrupper har flere interessenter, der er ansvarlige for lager- og prisstyring, uanset om det er centraliseret i hovedkvarteret eller fordelt p\u00e5 flere forhandlerlokationer.<br\/><br\/><\/p>\n\n\n\n<p>Det er vigtigt at gennemg\u00e5 resultaterne sted for sted, m\u00e6rke for m\u00e6rke og k\u00f8ret\u00f8j for k\u00f8ret\u00f8j for at sikre en profitfokuseret og effektiv organisation.<\/p>\n\n\n\n<p>Indicata giver dig mulighed for<\/p>\n\n\n\n<ul class=\"wp-block-list\">\n<li>Indentificere underpr\u00e6sterende lokationer og forbedre brugtbilskulturen og -pr\u00e6stationerne<\/li>\n\n\n\n<li>Advare om specifikke lagerproblemer, og give indsigt i, hvordan de opstod<\/li>\n\n\n\n<li>Tr\u00e6ffe de rigtige beslutninger baseret p\u00e5 den aktuelle markedsplads for at skabe proaktive og reaktive strategier for at forhindre, at disse problemer opst\u00e5r.<\/li>\n<\/ul>\n\n\n\n<div class=\"wp-block-buttons is-layout-flex wp-block-buttons-is-layout-flex\">\n<div class=\"wp-block-button open-slide-in-contact\" data-contact-slide-in-view=\"3\"><a class=\"wp-block-button__link wp-element-button\">Anmod om en demo<\/a><\/div>\n\n\n\n<div class=\"wp-block-button is-style-primary-transparent open-slide-in-contact\" data-contact-slide-in-view=\"2\"><a class=\"wp-block-button__link wp-element-button\">Kontakt salg<\/a><\/div>\n<\/div>\n<\/div><\/div><\/section>\n\n<section class=\"wp-block-morningmodules-text-media mt-text-media mt-text-media--align-media-left mt-text-media--align-media-mobile-bottom mtSpacing-top-medium\"><div class=\"mt-text-media__inner\"><div class=\"mt-text-media__media-container\"><img decoding=\"async\" src=\"https:\/\/indicata.bluebird.pw\/wp-content\/uploads\/2024\/04\/Frame-24656-1.jpg\" alt=\"\" style=\"object-position:50% 50%\"\/><\/div><div class=\"mt-text-media__text-container\"><span class=\"mt-text-media__tagline mt-tagline\">K\u00f8ret\u00f8j for k\u00f8ret\u00f8j \/ Hver dag<\/span><h2 class=\"mt-text-media__title\">Tr\u00e6f de rigtige beslutninger<\/h2>\n<p>Uanset om din organisation har centraliseret beslutningstagning eller er fordelt p\u00e5 forskellige steder.<\/p>\n\n\n\n<p><br\/><strong>Dine medarbejdere har brug for f\u00f8lgende:<\/strong><\/p>\n\n\n\n<ul class=\"wp-block-list\">\n<li>Live markedsprisfasts\u00e6ttelse nationalt, lokalt og p\u00e5 tv\u00e6rs af landegr\u00e6nser<\/li>\n\n\n\n<li>Den mest n\u00f8jagtige oversigt over detail- og engrospriser<\/li>\n\n\n\n<li>Den rigtige information til at tr\u00e6ffe de rigtige beslutninger<ul><li>Hvor meget konkurrence<\/li><\/ul><ul><li>Hurtig bev\u00e6gelse vs. langsom bev\u00e6gelse<\/li><\/ul>\n<ul class=\"wp-block-list\">\n<li>Detail eller handel?<\/li>\n<\/ul>\n<\/li>\n<\/ul>\n\n\n\n<div class=\"wp-block-buttons is-layout-flex wp-block-buttons-is-layout-flex\">\n<div class=\"wp-block-button open-slide-in-contact\" data-contact-slide-in-view=\"3\"><a class=\"wp-block-button__link wp-element-button\">Anmod om en demo<\/a><\/div>\n\n\n\n<div class=\"wp-block-button is-style-primary-transparent open-slide-in-contact\" data-contact-slide-in-view=\"2\"><a class=\"wp-block-button__link wp-element-button\">Kontakt salg<\/a><\/div>\n<\/div>\n<\/div><\/div><\/section>\n\n<section class=\"wp-block-morningmodules-text-media mt-text-media mt-text-media--align-media-right mt-text-media--align-media-mobile-bottom mtSpacing-bottom-medium mtSpacing-top-medium\"><div class=\"mt-text-media__inner\"><div class=\"mt-text-media__media-container\"><img decoding=\"async\" src=\"https:\/\/indicata.bluebird.pw\/wp-content\/uploads\/2024\/04\/Frame-24656-2.jpg\" alt=\"\" style=\"object-position:50% 50%\"\/><\/div><div class=\"mt-text-media__text-container\"><span class=\"mt-text-media__tagline mt-tagline\">online v\u00e6rdians\u00e6ttelse af indbytning<\/span><h2 class=\"mt-text-media__title\">At skabe trafik i udstillingslokalet<\/h2>\n<p>Indicatas leadgenerator giver de bes\u00f8gende p\u00e5 din hjemmeside den online indbytningsvurdering, de \u00f8nsker, og giver dig dermed mulighed for at etablere kontakt og \u00f8ge dine salgsmuligheder.<\/p>\n\n\n\n<p>Indicatas leadgeneratorer har vist sig at tredoble din hjemmesides leadgenerering<\/p>\n\n\n\n<p>Uanset om det er en API-l\u00f8sning til at drive dine hjemmesiders egne v\u00e6rdians\u00e6ttelsesgr\u00e6nseflader eller en forudkonfigureret Indicata &#8220;plug and play&#8221;-mulighed, har vi erfaring med at levere l\u00f8sninger direkte til OEM&#8217;er eller gennem partnerskaber med din forhandlerorganisation.<\/p>\n\n\n\n<div class=\"wp-block-buttons is-layout-flex wp-block-buttons-is-layout-flex\">\n<div class=\"wp-block-button open-slide-in-contact\" data-contact-slide-in-view=\"3\"><a class=\"wp-block-button__link wp-element-button\">Anmod om en demo<\/a><\/div>\n\n\n\n<div class=\"wp-block-button is-style-primary-transparent open-slide-in-contact\" data-contact-slide-in-view=\"2\"><a class=\"wp-block-button__link wp-element-button\">Kontakt salg<\/a><\/div>\n<\/div>\n<\/div><\/div><\/section>\n\n<section class=\"wp-block-morningmodules-breaker mt-breaker\"><div class=\"mt-breaker__container\"><div class=\"mt-breaker__overlay\" style=\"opacity:0\"><\/div><div class=\"mt-breaker__image-container object-fit\"><img decoding=\"async\" src=\"https:\/\/indicata.bluebird.pw\/wp-content\/uploads\/2024\/04\/Frame-24740.jpg\" alt=\"\" style=\"object-position:50% 50%\"\/><\/div><div class=\"mt-breaker__inner page-container\"><div class=\"mt-breaker__text-container\"><span class=\"mt-breaker__tagline mt-tagline\">Start nu<\/span><h2 class=\"mt-breaker__title\">Start med at improving your operations today<\/h2>\n<div class=\"wp-block-buttons is-layout-flex wp-block-buttons-is-layout-flex\">\n<div class=\"wp-block-button open-slide-in-contact\" data-contact-slide-in-view=\"3\"><a class=\"wp-block-button__link wp-element-button\">Anmod om en demo<\/a><\/div>\n\n\n\n<div class=\"wp-block-button is-style-primary-transparent open-slide-in-contact\" data-contact-slide-in-view=\"2\"><a class=\"wp-block-button__link wp-element-button\">Kontakt salg<\/a><\/div>\n<\/div>\n<\/div><\/div><\/div><\/section>\n","protected":false},"excerpt":{"rendered":"","protected":false},"author":2,"featured_media":0,"parent":0,"menu_order":0,"comment_status":"closed","ping_status":"closed","template":"","meta":{"_acf_changed":false,"footnotes":""},"class_list":["post-8199","page","type-page","status-publish","hentry"],"acf":[],"yoast_head":"<!-- This site is optimized with the Yoast SEO plugin v27.3 - https:\/\/yoast.com\/product\/yoast-seo-wordpress\/ -->\n<title>Forhandlergrupper og detailhandlere - Indicata<\/title>\n<meta name=\"robots\" content=\"noindex, follow, max-snippet:-1, max-image-preview:large, max-video-preview:-1\" \/>\n<meta property=\"og:locale\" content=\"da_DK\" \/>\n<meta property=\"og:type\" content=\"article\" \/>\n<meta property=\"og:title\" content=\"Forhandlergrupper og detailhandlere - Indicata\" \/>\n<meta property=\"og:url\" content=\"https:\/\/indicata.bluebird.pw\/da\/forhandlergrupper-og-detailhandlere\/\" \/>\n<meta property=\"og:site_name\" content=\"Indicata\" \/>\n<meta property=\"article:modified_time\" content=\"2024-11-14T11:27:43+00:00\" \/>\n<meta property=\"og:image\" content=\"https:\/\/indicata.bluebird.pw\/wp-content\/uploads\/2024\/04\/Frame-3-1.jpg\" \/>\n<meta name=\"twitter:card\" content=\"summary_large_image\" \/>\n<meta name=\"twitter:label1\" content=\"Estimeret l\u00e6setid\" \/>\n\t<meta name=\"twitter:data1\" content=\"3 minutter\" \/>\n<script type=\"application\/ld+json\" class=\"yoast-schema-graph\">{\"@context\":\"https:\\\/\\\/schema.org\",\"@graph\":[{\"@type\":\"WebPage\",\"@id\":\"https:\\\/\\\/indicata.bluebird.pw\\\/da\\\/forhandlergrupper-og-detailhandlere\\\/\",\"url\":\"https:\\\/\\\/indicata.bluebird.pw\\\/da\\\/forhandlergrupper-og-detailhandlere\\\/\",\"name\":\"Forhandlergrupper og detailhandlere - Indicata\",\"isPartOf\":{\"@id\":\"https:\\\/\\\/indicata.bluebird.pw\\\/#website\"},\"primaryImageOfPage\":{\"@id\":\"https:\\\/\\\/indicata.bluebird.pw\\\/da\\\/forhandlergrupper-og-detailhandlere\\\/#primaryimage\"},\"image\":{\"@id\":\"https:\\\/\\\/indicata.bluebird.pw\\\/da\\\/forhandlergrupper-og-detailhandlere\\\/#primaryimage\"},\"thumbnailUrl\":\"https:\\\/\\\/indicata.bluebird.pw\\\/wp-content\\\/uploads\\\/2024\\\/04\\\/Frame-3-1.jpg\",\"datePublished\":\"2024-04-18T05:16:48+00:00\",\"dateModified\":\"2024-11-14T11:27:43+00:00\",\"breadcrumb\":{\"@id\":\"https:\\\/\\\/indicata.bluebird.pw\\\/da\\\/forhandlergrupper-og-detailhandlere\\\/#breadcrumb\"},\"inLanguage\":\"da-DK\",\"potentialAction\":[{\"@type\":\"ReadAction\",\"target\":[\"https:\\\/\\\/indicata.bluebird.pw\\\/da\\\/forhandlergrupper-og-detailhandlere\\\/\"]}]},{\"@type\":\"ImageObject\",\"inLanguage\":\"da-DK\",\"@id\":\"https:\\\/\\\/indicata.bluebird.pw\\\/da\\\/forhandlergrupper-og-detailhandlere\\\/#primaryimage\",\"url\":\"https:\\\/\\\/indicata.bluebird.pw\\\/wp-content\\\/uploads\\\/2024\\\/04\\\/Frame-3-1.jpg\",\"contentUrl\":\"https:\\\/\\\/indicata.bluebird.pw\\\/wp-content\\\/uploads\\\/2024\\\/04\\\/Frame-3-1.jpg\"},{\"@type\":\"BreadcrumbList\",\"@id\":\"https:\\\/\\\/indicata.bluebird.pw\\\/da\\\/forhandlergrupper-og-detailhandlere\\\/#breadcrumb\",\"itemListElement\":[{\"@type\":\"ListItem\",\"position\":1,\"name\":\"Home\",\"item\":\"https:\\\/\\\/indicata.bluebird.pw\\\/da\\\/\"},{\"@type\":\"ListItem\",\"position\":2,\"name\":\"Forhandlergrupper og detailhandlere\"}]},{\"@type\":\"WebSite\",\"@id\":\"https:\\\/\\\/indicata.bluebird.pw\\\/#website\",\"url\":\"https:\\\/\\\/indicata.bluebird.pw\\\/\",\"name\":\"Indicata\",\"description\":\"Part of Autorola Group\",\"potentialAction\":[{\"@type\":\"SearchAction\",\"target\":{\"@type\":\"EntryPoint\",\"urlTemplate\":\"https:\\\/\\\/indicata.bluebird.pw\\\/?s={search_term_string}\"},\"query-input\":{\"@type\":\"PropertyValueSpecification\",\"valueRequired\":true,\"valueName\":\"search_term_string\"}}],\"inLanguage\":\"da-DK\"}]}<\/script>\n<!-- \/ Yoast SEO plugin. -->","yoast_head_json":{"title":"Forhandlergrupper og detailhandlere - Indicata","robots":{"index":"noindex","follow":"follow","max-snippet":"max-snippet:-1","max-image-preview":"max-image-preview:large","max-video-preview":"max-video-preview:-1"},"og_locale":"da_DK","og_type":"article","og_title":"Forhandlergrupper og detailhandlere - Indicata","og_url":"https:\/\/indicata.bluebird.pw\/da\/forhandlergrupper-og-detailhandlere\/","og_site_name":"Indicata","article_modified_time":"2024-11-14T11:27:43+00:00","og_image":[{"url":"https:\/\/indicata.bluebird.pw\/wp-content\/uploads\/2024\/04\/Frame-3-1.jpg","type":"","width":"","height":""}],"twitter_card":"summary_large_image","twitter_misc":{"Estimeret l\u00e6setid":"3 minutter"},"schema":{"@context":"https:\/\/schema.org","@graph":[{"@type":"WebPage","@id":"https:\/\/indicata.bluebird.pw\/da\/forhandlergrupper-og-detailhandlere\/","url":"https:\/\/indicata.bluebird.pw\/da\/forhandlergrupper-og-detailhandlere\/","name":"Forhandlergrupper og detailhandlere - Indicata","isPartOf":{"@id":"https:\/\/indicata.bluebird.pw\/#website"},"primaryImageOfPage":{"@id":"https:\/\/indicata.bluebird.pw\/da\/forhandlergrupper-og-detailhandlere\/#primaryimage"},"image":{"@id":"https:\/\/indicata.bluebird.pw\/da\/forhandlergrupper-og-detailhandlere\/#primaryimage"},"thumbnailUrl":"https:\/\/indicata.bluebird.pw\/wp-content\/uploads\/2024\/04\/Frame-3-1.jpg","datePublished":"2024-04-18T05:16:48+00:00","dateModified":"2024-11-14T11:27:43+00:00","breadcrumb":{"@id":"https:\/\/indicata.bluebird.pw\/da\/forhandlergrupper-og-detailhandlere\/#breadcrumb"},"inLanguage":"da-DK","potentialAction":[{"@type":"ReadAction","target":["https:\/\/indicata.bluebird.pw\/da\/forhandlergrupper-og-detailhandlere\/"]}]},{"@type":"ImageObject","inLanguage":"da-DK","@id":"https:\/\/indicata.bluebird.pw\/da\/forhandlergrupper-og-detailhandlere\/#primaryimage","url":"https:\/\/indicata.bluebird.pw\/wp-content\/uploads\/2024\/04\/Frame-3-1.jpg","contentUrl":"https:\/\/indicata.bluebird.pw\/wp-content\/uploads\/2024\/04\/Frame-3-1.jpg"},{"@type":"BreadcrumbList","@id":"https:\/\/indicata.bluebird.pw\/da\/forhandlergrupper-og-detailhandlere\/#breadcrumb","itemListElement":[{"@type":"ListItem","position":1,"name":"Home","item":"https:\/\/indicata.bluebird.pw\/da\/"},{"@type":"ListItem","position":2,"name":"Forhandlergrupper og detailhandlere"}]},{"@type":"WebSite","@id":"https:\/\/indicata.bluebird.pw\/#website","url":"https:\/\/indicata.bluebird.pw\/","name":"Indicata","description":"Part of Autorola Group","potentialAction":[{"@type":"SearchAction","target":{"@type":"EntryPoint","urlTemplate":"https:\/\/indicata.bluebird.pw\/?s={search_term_string}"},"query-input":{"@type":"PropertyValueSpecification","valueRequired":true,"valueName":"search_term_string"}}],"inLanguage":"da-DK"}]}},"_links":{"self":[{"href":"https:\/\/indicata.bluebird.pw\/da\/wp-json\/wp\/v2\/pages\/8199","targetHints":{"allow":["GET"]}}],"collection":[{"href":"https:\/\/indicata.bluebird.pw\/da\/wp-json\/wp\/v2\/pages"}],"about":[{"href":"https:\/\/indicata.bluebird.pw\/da\/wp-json\/wp\/v2\/types\/page"}],"author":[{"embeddable":true,"href":"https:\/\/indicata.bluebird.pw\/da\/wp-json\/wp\/v2\/users\/2"}],"replies":[{"embeddable":true,"href":"https:\/\/indicata.bluebird.pw\/da\/wp-json\/wp\/v2\/comments?post=8199"}],"version-history":[{"count":1,"href":"https:\/\/indicata.bluebird.pw\/da\/wp-json\/wp\/v2\/pages\/8199\/revisions"}],"predecessor-version":[{"id":8201,"href":"https:\/\/indicata.bluebird.pw\/da\/wp-json\/wp\/v2\/pages\/8199\/revisions\/8201"}],"wp:attachment":[{"href":"https:\/\/indicata.bluebird.pw\/da\/wp-json\/wp\/v2\/media?parent=8199"}],"curies":[{"name":"wp","href":"https:\/\/api.w.org\/{rel}","templated":true}]}}