{"id":8203,"date":"2024-04-11T09:09:16","date_gmt":"2024-04-11T07:09:16","guid":{"rendered":"https:\/\/indicata.bluebird.pw\/forsiden\/"},"modified":"2025-01-23T10:25:14","modified_gmt":"2025-01-23T08:25:14","slug":"forsiden","status":"publish","type":"page","link":"https:\/\/indicata.bluebird.pw\/da\/","title":{"rendered":"Forsiden"},"content":{"rendered":"\n<section class=\"wp-block-morningmodules-cover mt-cover is-style-tall\"><div class=\"mt-cover__container\"><div class=\"mt-cover__overlay\" style=\"opacity:0\"><\/div><div class=\"mt-cover__image-container object-fit\"><img decoding=\"async\" src=\"https:\/\/indicata.bluebird.pw\/wp-content\/uploads\/2025\/01\/indicata-new-cover-blue-car.jpg?v=2\" alt=\"\" fetchpriority=\"high\"\/><\/div><div class=\"mt-cover__inner page-container\"><div class=\"mt-cover__text-container\"><span class=\"mt-cover__tagline mt-tagline\">Marked insigt program test<\/span><h1 class=\"mt-cover__title\">Brugte biler<\/h1>\n<div class=\"wp-block-buttons is-layout-flex wp-block-buttons-is-layout-flex\">\n<div class=\"wp-block-button open-slide-in-contact\" data-contact-slide-in-view=\"3\"><a class=\"wp-block-button__link wp-element-button\">Anmod om en demo<\/a><\/div>\n\n\n\n<div class=\"wp-block-button is-style-primary-transparent\"><a class=\"wp-block-button__link wp-element-button\" href=\"https:\/\/indicata.bluebird.pw\/market-watch\/\">Marked ur insigt<\/a><\/div>\n<\/div>\n<\/div><\/div><\/div><\/section>\n\n<section class=\"wp-block-indicata-link-boxes mt-link-boxes mt-link-boxes--border-bottom mtSpacing-top-small\"><div class=\"mt-link-boxes__inner page-container swiper\"><div class=\"swiper-wrapper\">\n<div class=\"wp-block-indicata-link-box mt-link-box swiper-slide\"><a href=\"https:\/\/indicata.bluebird.pw\/da\/forhandlergrupper-og-detailhandlere\/\" class=\"mt-link-box__link\"><\/a><div class=\"mt-link-box__icon-container\"><\/div><p class=\"mt-link-box__title\">forhandler grupper &amp; Retailers<\/p><p class=\"mt-link-box__text\"><\/p><\/div>\n\n\n\n<div class=\"wp-block-indicata-link-box mt-link-box swiper-slide\"><a href=\"https:\/\/indicata.bluebird.pw\/da\/oemer-og-nscer\/\" class=\"mt-link-box__link\"><\/a><div class=\"mt-link-box__icon-container\"><\/div><p class=\"mt-link-box__title\">OEM&#8217;er og NSC&#8217;er<\/p><p class=\"mt-link-box__text\">Netv\u00e6rk forbedring<\/p><\/div>\n\n\n\n<div class=\"wp-block-indicata-link-box mt-link-box swiper-slide\"><a href=\"https:\/\/indicata.bluebird.pw\/da\/flaadeforhandlere\/\" class=\"mt-link-box__link\"><\/a><div class=\"mt-link-box__icon-container\"><\/div><p class=\"mt-link-box__title\">Fl\u00e5deforhandlere<\/p><p class=\"mt-link-box__text\">OEM \/ Leasing \/ Leje<\/p><\/div>\n\n\n\n<div class=\"wp-block-indicata-link-box mt-link-box swiper-slide\"><a href=\"https:\/\/indicata.bluebird.pw\/da\/rv-setters-og-risk-managers\/\" class=\"mt-link-box__link\"><\/a><div class=\"mt-link-box__icon-container\"><\/div><p class=\"mt-link-box__title\">RV Setters og Risk managers<\/p><p class=\"mt-link-box__text\">OEM \/ Leasing \/ Leje<\/p><\/div>\n\n\n\n<div class=\"wp-block-indicata-link-box mt-link-box swiper-slide\"><a href=\"https:\/\/indicata.bluebird.pw\/da\/forsikring\/\" class=\"mt-link-box__link\"><\/a><div class=\"mt-link-box__icon-container\"><\/div><p class=\"mt-link-box__title\">Forsikring<\/p><p class=\"mt-link-box__text\"><\/p><\/div>\n<\/div><\/div><\/section>\n\n<section class=\"wp-block-morningmodules-text-media mt-text-media mt-text-media--align-media-right mt-text-media--align-media-mobile-bottom mtSpacing-bottom-small mtSpacing-top-small\"><div class=\"mt-text-media__inner\"><div class=\"mt-text-media__media-container\"><img decoding=\"async\" src=\"https:\/\/indicata.bluebird.pw\/wp-content\/uploads\/2025\/01\/indicata-new-text-image.jpg\" alt=\"\" style=\"object-position:50% 50%\"\/><\/div><div class=\"mt-text-media__text-container\"><span class=\"mt-text-media__tagline mt-tagline\">Hvad er indicata?<\/span><h2 class=\"mt-text-media__title\">Marked insigter og management<\/h2>\n<p>Mens vores fundament er baseret p\u00e5 v\u00e6rdians\u00e6ttelse af brugte k\u00f8ret\u00f8jer, er Indicatas mission at give OEM&#8217;er, forhandlergrupper og fl\u00e5deejere v\u00e6rkt\u00f8jer og l\u00f8sninger til beslutningstagning, der \u00f8ger profitten.<\/p>\n\n\n\n<div class=\"wp-block-buttons is-layout-flex wp-block-buttons-is-layout-flex\">\n<div class=\"wp-block-button open-slide-in-contact\" data-contact-slide-in-view=\"3\"><a class=\"wp-block-button__link wp-element-button\">Anmod om en demo<\/a><\/div>\n\n\n\n<div class=\"wp-block-button is-style-primary-transparent open-slide-in-contact\" data-contact-slide-in-view=\"2\"><a class=\"wp-block-button__link wp-element-button\">Kontakt salg<\/a><\/div>\n<\/div>\n<\/div><\/div><\/section>\n\n<section class=\"wp-block-morningmodules-logo-line mt-logo-line mt-logo-line--should-slide mt-logo-line--border-top mtSpacing-top-extraSmall mtSpacing-bottom-small\"><div class=\"mt-logo-line__inner\"><div class=\"mt-logo-line__text-container\"><p class=\"mt-logo-line__text\">Trusted by global<br>automotive brands<\/p><\/div><div class=\"mt-logo-line__logos-container swiper\"><div class=\"swiper-wrapper\">\n<div class=\"wp-block-morningmodules-logo-line-logo mt-logo swiper-slide\" style=\"opacity:1\"><img decoding=\"async\" src=\"https:\/\/indicata.bluebird.pw\/wp-content\/uploads\/2024\/09\/BMW-cropped.svg\" alt=\"\" class=\"mt-logo__logo\" style=\"max-height:40px;margin-top:0px\"><\/div>\n\n\n\n<div class=\"wp-block-morningmodules-logo-line-logo mt-logo swiper-slide\" style=\"opacity:1\"><img decoding=\"async\" src=\"https:\/\/indicata.bluebird.pw\/wp-content\/uploads\/2024\/09\/ford-cropped.svg\" alt=\"\" class=\"mt-logo__logo\" style=\"max-height:40px;margin-top:0px\"><\/div>\n\n\n\n<div class=\"wp-block-morningmodules-logo-line-logo mt-logo swiper-slide\" style=\"opacity:1\"><img decoding=\"async\" src=\"https:\/\/indicata.bluebird.pw\/wp-content\/uploads\/2024\/09\/Mercedes-cropped.svg\" alt=\"\" class=\"mt-logo__logo\" style=\"max-height:40px;margin-top:0px\"><\/div>\n\n\n\n<div class=\"wp-block-morningmodules-logo-line-logo mt-logo swiper-slide\" style=\"opacity:1\"><img decoding=\"async\" src=\"https:\/\/indicata.bluebird.pw\/wp-content\/uploads\/2024\/09\/nissan-cropped.svg\" alt=\"\" class=\"mt-logo__logo\" style=\"max-height:40px;margin-top:0px\"><\/div>\n\n\n\n<div class=\"wp-block-morningmodules-logo-line-logo mt-logo swiper-slide\" style=\"opacity:1\"><img decoding=\"async\" src=\"https:\/\/indicata.bluebird.pw\/wp-content\/uploads\/2024\/09\/renault-cropped.svg\" alt=\"\" class=\"mt-logo__logo\" style=\"max-height:40px;margin-top:0px\"><\/div>\n\n\n\n<div class=\"wp-block-morningmodules-logo-line-logo mt-logo swiper-slide\" style=\"opacity:1\"><img decoding=\"async\" src=\"https:\/\/indicata.bluebird.pw\/wp-content\/uploads\/2024\/09\/Tesla-cropped.svg\" alt=\"\" class=\"mt-logo__logo\" style=\"max-height:40px;margin-top:0px\"><\/div>\n\n\n\n<div class=\"wp-block-morningmodules-logo-line-logo mt-logo swiper-slide\" style=\"opacity:1\"><img decoding=\"async\" src=\"https:\/\/indicata.bluebird.pw\/wp-content\/uploads\/2024\/09\/Volkswagen-cropped.svg\" alt=\"\" class=\"mt-logo__logo\" style=\"max-height:40px;margin-top:0px\"><\/div>\n\n\n\n<div class=\"wp-block-morningmodules-logo-line-logo mt-logo swiper-slide\" style=\"opacity:1\"><img decoding=\"async\" src=\"https:\/\/indicata.bluebird.pw\/wp-content\/uploads\/2024\/09\/Volvo-cropped.svg\" alt=\"\" class=\"mt-logo__logo\" style=\"max-height:40px;margin-top:0px\"><\/div>\n\n\n\n<div class=\"wp-block-morningmodules-logo-line-logo mt-logo swiper-slide\" style=\"opacity:1\"><img decoding=\"async\" src=\"https:\/\/indicata.bluebird.pw\/wp-content\/uploads\/2024\/09\/sixt-cropped.svg\" alt=\"\" class=\"mt-logo__logo\" style=\"max-height:40px;margin-top:0px\"><\/div>\n\n\n\n<div class=\"wp-block-morningmodules-logo-line-logo mt-logo swiper-slide\" style=\"opacity:1\"><img decoding=\"async\" src=\"https:\/\/indicata.bluebird.pw\/wp-content\/uploads\/2024\/09\/stellantis-cropped.svg\" alt=\"\" class=\"mt-logo__logo\" style=\"max-height:40px;margin-top:0px\"><\/div>\n\n\n\n<div class=\"wp-block-morningmodules-logo-line-logo mt-logo swiper-slide\" style=\"opacity:1\"><img decoding=\"async\" src=\"https:\/\/indicata.bluebird.pw\/wp-content\/uploads\/2024\/09\/Teknicar-cropped.svg\" alt=\"\" class=\"mt-logo__logo\" style=\"max-height:40px;margin-top:0px\"><\/div>\n<\/div><\/div><\/div><\/section>\n\n<section class=\"wp-block-indicata-breaker mt-breaker-advanced\"><div class=\"mt-breaker-advanced__container\"><div class=\"mt-breaker-advanced__overlay\" style=\"opacity:0\"><\/div><div class=\"mt-breaker-advanced__image-container object-fit\"><img decoding=\"async\" src=\"https:\/\/indicata.bluebird.pw\/wp-content\/uploads\/2024\/06\/MW_Cover_-No_Edition.png\" alt=\"\" style=\"object-position:56.99999999999999% 78%\"\/><\/div><div class=\"mt-breaker-advanced__inner page-container\"><div class=\"mt-breaker-advanced__text-container\"><span class=\"mt-breaker-advanced__tagline mt-tagline\">Sidste nye insigter<\/span><h2 class=\"mt-breaker-advanced__title\">Indicata Market Watch-rapport<\/h2>\n<p>L\u00e6s om den aktuelle udvikling p\u00e5 det europ\u00e6iske marked for brugte biler i Indicata Market Watch<\/p>\n\n\n\n<p>Data tilg\u00e6ngeligt across 13 European countries<\/p>\n\n\n\n<div class=\"wp-block-buttons is-layout-flex wp-block-buttons-is-layout-flex\">\n<div class=\"wp-block-button is-style-primary-transparent\"><a class=\"wp-block-button__link wp-element-button\" href=\"\/market-watch\/\">L\u00e6s mere<\/a><\/div>\n<\/div>\n<\/div><\/div><\/div><\/section>\n<div data-react-class=\"PostSlider\" data-react-props=\"{&quot;endpoint&quot;:&quot;https:\\\/\\\/indicata.bluebird.pw\\\/da\\\/wp-json\\\/indicata\\\/v1\\\/post-slider\\\/posts&quot;,&quot;currentPostId&quot;:8203,&quot;className&quot;:&quot;mtSpacing-top-medium mtSpacing-bottom-medium&quot;,&quot;tagline&quot;:&quot;News from Indicata&quot;,&quot;title&quot;:&quot;Artikler&quot;,&quot;link&quot;:{&quot;url&quot;:&quot;https:\\\/\\\/indicata.bluebird.pw\\\/da\\\/resourcer\\\/?postType=post&quot;,&quot;id&quot;:2,&quot;title&quot;:&quot;Forside&quot;,&quot;type&quot;:&quot;page&quot;,&quot;kind&quot;:&quot;post-type&quot;,&quot;isFrontPage&quot;:true},&quot;linkText&quot;:&quot;Se alle&quot;,&quot;categories&quot;:[{&quot;label&quot;:&quot;Interviews&quot;,&quot;value&quot;:30},{&quot;label&quot;:&quot;Market Watch&quot;,&quot;value&quot;:32},{&quot;label&quot;:&quot;Whitepapers&quot;,&quot;value&quot;:29}],&quot;selectedPostIds&quot;:[],&quot;postCardButtonText&quot;:&quot;Read more&quot;,&quot;allText&quot;:&quot;Alle&quot;,&quot;newText&quot;:&quot;New&quot;,&quot;noPosts&quot;:&quot;No posts found.&quot;}\"><\/div>\n\n<section class=\"wp-block-morningmodules-breaker mt-breaker\"><div class=\"mt-breaker__container\"><div class=\"mt-breaker__overlay\" style=\"opacity:0\"><\/div><div class=\"mt-breaker__image-container object-fit\"><img decoding=\"async\" src=\"https:\/\/indicata.bluebird.pw\/wp-content\/uploads\/2025\/01\/indicata-new-breaker-blue-car.jpg\" alt=\"\" style=\"object-position:50% 50%\"\/><\/div><div class=\"mt-breaker__inner page-container\"><div class=\"mt-breaker__text-container\"><span class=\"mt-breaker__tagline mt-tagline\">Start nu<\/span><h2 class=\"mt-breaker__title\">Start med at improving your operations today<\/h2>\n<div class=\"wp-block-buttons is-layout-flex wp-block-buttons-is-layout-flex\">\n<div class=\"wp-block-button open-slide-in-contact\" data-contact-slide-in-view=\"3\"><a class=\"wp-block-button__link wp-element-button\">Anmod om en demo<\/a><\/div>\n\n\n\n<div class=\"wp-block-button is-style-primary-transparent open-slide-in-contact\" data-contact-slide-in-view=\"2\"><a class=\"wp-block-button__link wp-element-button\">Kontakt salg<\/a><\/div>\n<\/div>\n<\/div><\/div><\/div><\/section>\n","protected":false},"excerpt":{"rendered":"","protected":false},"author":2,"featured_media":0,"parent":0,"menu_order":0,"comment_status":"closed","ping_status":"closed","template":"","meta":{"_acf_changed":false,"footnotes":""},"class_list":["post-8203","page","type-page","status-publish","hentry"],"acf":[],"yoast_head":"<!-- This site is optimized with the Yoast SEO plugin v27.3 - https:\/\/yoast.com\/product\/yoast-seo-wordpress\/ -->\n<title>Indicata - Tr\u00e6f beslutninger om brugte k\u00f8ret\u00f8jer med intelligent data<\/title>\n<meta name=\"robots\" content=\"noindex, follow, max-snippet:-1, max-image-preview:large, max-video-preview:-1\" \/>\n<meta property=\"og:locale\" content=\"da_DK\" \/>\n<meta property=\"og:type\" content=\"article\" \/>\n<meta property=\"og:title\" content=\"Indicata - Tr\u00e6f beslutninger om brugte k\u00f8ret\u00f8jer med intelligent data\" \/>\n<meta property=\"og:url\" content=\"https:\/\/indicata.bluebird.pw\/da\/\" \/>\n<meta property=\"og:site_name\" content=\"Indicata\" \/>\n<meta property=\"article:modified_time\" content=\"2025-01-23T08:25:14+00:00\" \/>\n<meta property=\"og:image\" content=\"https:\/\/indicata.bluebird.pw\/wp-content\/uploads\/2025\/01\/indicata-new-cover-blue-car.jpg?v=2\" \/>\n<meta name=\"twitter:card\" content=\"summary_large_image\" \/>\n<meta name=\"twitter:label1\" content=\"Estimeret l\u00e6setid\" \/>\n\t<meta name=\"twitter:data1\" content=\"1 minut\" \/>\n<script type=\"application\/ld+json\" class=\"yoast-schema-graph\">{\"@context\":\"https:\\\/\\\/schema.org\",\"@graph\":[{\"@type\":\"WebPage\",\"@id\":\"https:\\\/\\\/indicata.bluebird.pw\\\/da\\\/\",\"url\":\"https:\\\/\\\/indicata.bluebird.pw\\\/da\\\/\",\"name\":\"Indicata - Tr\u00e6f beslutninger om brugte k\u00f8ret\u00f8jer med intelligent data\",\"isPartOf\":{\"@id\":\"https:\\\/\\\/indicata.bluebird.pw\\\/#website\"},\"primaryImageOfPage\":{\"@id\":\"https:\\\/\\\/indicata.bluebird.pw\\\/da\\\/#primaryimage\"},\"image\":{\"@id\":\"https:\\\/\\\/indicata.bluebird.pw\\\/da\\\/#primaryimage\"},\"thumbnailUrl\":\"https:\\\/\\\/indicata.bluebird.pw\\\/wp-content\\\/uploads\\\/2025\\\/01\\\/indicata-new-cover-blue-car.jpg?v=2\",\"datePublished\":\"2024-04-11T07:09:16+00:00\",\"dateModified\":\"2025-01-23T08:25:14+00:00\",\"breadcrumb\":{\"@id\":\"https:\\\/\\\/indicata.bluebird.pw\\\/da\\\/#breadcrumb\"},\"inLanguage\":\"da-DK\",\"potentialAction\":[{\"@type\":\"ReadAction\",\"target\":[\"https:\\\/\\\/indicata.bluebird.pw\\\/da\\\/\"]}]},{\"@type\":\"ImageObject\",\"inLanguage\":\"da-DK\",\"@id\":\"https:\\\/\\\/indicata.bluebird.pw\\\/da\\\/#primaryimage\",\"url\":\"https:\\\/\\\/indicata.bluebird.pw\\\/wp-content\\\/uploads\\\/2025\\\/01\\\/indicata-new-cover-blue-car.jpg?v=2\",\"contentUrl\":\"https:\\\/\\\/indicata.bluebird.pw\\\/wp-content\\\/uploads\\\/2025\\\/01\\\/indicata-new-cover-blue-car.jpg?v=2\"},{\"@type\":\"BreadcrumbList\",\"@id\":\"https:\\\/\\\/indicata.bluebird.pw\\\/da\\\/#breadcrumb\",\"itemListElement\":[{\"@type\":\"ListItem\",\"position\":1,\"name\":\"Home\",\"item\":\"https:\\\/\\\/indicata.bluebird.pw\\\/da\\\/\"},{\"@type\":\"ListItem\",\"position\":2,\"name\":\"Forsiden\"}]},{\"@type\":\"WebSite\",\"@id\":\"https:\\\/\\\/indicata.bluebird.pw\\\/#website\",\"url\":\"https:\\\/\\\/indicata.bluebird.pw\\\/\",\"name\":\"Indicata\",\"description\":\"Part of Autorola Group\",\"potentialAction\":[{\"@type\":\"SearchAction\",\"target\":{\"@type\":\"EntryPoint\",\"urlTemplate\":\"https:\\\/\\\/indicata.bluebird.pw\\\/?s={search_term_string}\"},\"query-input\":{\"@type\":\"PropertyValueSpecification\",\"valueRequired\":true,\"valueName\":\"search_term_string\"}}],\"inLanguage\":\"da-DK\"}]}<\/script>\n<!-- \/ Yoast SEO plugin. -->","yoast_head_json":{"title":"Indicata - Tr\u00e6f beslutninger om brugte k\u00f8ret\u00f8jer med intelligent data","robots":{"index":"noindex","follow":"follow","max-snippet":"max-snippet:-1","max-image-preview":"max-image-preview:large","max-video-preview":"max-video-preview:-1"},"og_locale":"da_DK","og_type":"article","og_title":"Indicata - Tr\u00e6f beslutninger om brugte k\u00f8ret\u00f8jer med intelligent data","og_url":"https:\/\/indicata.bluebird.pw\/da\/","og_site_name":"Indicata","article_modified_time":"2025-01-23T08:25:14+00:00","og_image":[{"url":"https:\/\/indicata.bluebird.pw\/wp-content\/uploads\/2025\/01\/indicata-new-cover-blue-car.jpg?v=2","type":"","width":"","height":""}],"twitter_card":"summary_large_image","twitter_misc":{"Estimeret l\u00e6setid":"1 minut"},"schema":{"@context":"https:\/\/schema.org","@graph":[{"@type":"WebPage","@id":"https:\/\/indicata.bluebird.pw\/da\/","url":"https:\/\/indicata.bluebird.pw\/da\/","name":"Indicata - Tr\u00e6f beslutninger om brugte k\u00f8ret\u00f8jer med intelligent data","isPartOf":{"@id":"https:\/\/indicata.bluebird.pw\/#website"},"primaryImageOfPage":{"@id":"https:\/\/indicata.bluebird.pw\/da\/#primaryimage"},"image":{"@id":"https:\/\/indicata.bluebird.pw\/da\/#primaryimage"},"thumbnailUrl":"https:\/\/indicata.bluebird.pw\/wp-content\/uploads\/2025\/01\/indicata-new-cover-blue-car.jpg?v=2","datePublished":"2024-04-11T07:09:16+00:00","dateModified":"2025-01-23T08:25:14+00:00","breadcrumb":{"@id":"https:\/\/indicata.bluebird.pw\/da\/#breadcrumb"},"inLanguage":"da-DK","potentialAction":[{"@type":"ReadAction","target":["https:\/\/indicata.bluebird.pw\/da\/"]}]},{"@type":"ImageObject","inLanguage":"da-DK","@id":"https:\/\/indicata.bluebird.pw\/da\/#primaryimage","url":"https:\/\/indicata.bluebird.pw\/wp-content\/uploads\/2025\/01\/indicata-new-cover-blue-car.jpg?v=2","contentUrl":"https:\/\/indicata.bluebird.pw\/wp-content\/uploads\/2025\/01\/indicata-new-cover-blue-car.jpg?v=2"},{"@type":"BreadcrumbList","@id":"https:\/\/indicata.bluebird.pw\/da\/#breadcrumb","itemListElement":[{"@type":"ListItem","position":1,"name":"Home","item":"https:\/\/indicata.bluebird.pw\/da\/"},{"@type":"ListItem","position":2,"name":"Forsiden"}]},{"@type":"WebSite","@id":"https:\/\/indicata.bluebird.pw\/#website","url":"https:\/\/indicata.bluebird.pw\/","name":"Indicata","description":"Part of Autorola Group","potentialAction":[{"@type":"SearchAction","target":{"@type":"EntryPoint","urlTemplate":"https:\/\/indicata.bluebird.pw\/?s={search_term_string}"},"query-input":{"@type":"PropertyValueSpecification","valueRequired":true,"valueName":"search_term_string"}}],"inLanguage":"da-DK"}]}},"_links":{"self":[{"href":"https:\/\/indicata.bluebird.pw\/da\/wp-json\/wp\/v2\/pages\/8203","targetHints":{"allow":["GET"]}}],"collection":[{"href":"https:\/\/indicata.bluebird.pw\/da\/wp-json\/wp\/v2\/pages"}],"about":[{"href":"https:\/\/indicata.bluebird.pw\/da\/wp-json\/wp\/v2\/types\/page"}],"author":[{"embeddable":true,"href":"https:\/\/indicata.bluebird.pw\/da\/wp-json\/wp\/v2\/users\/2"}],"replies":[{"embeddable":true,"href":"https:\/\/indicata.bluebird.pw\/da\/wp-json\/wp\/v2\/comments?post=8203"}],"version-history":[{"count":9,"href":"https:\/\/indicata.bluebird.pw\/da\/wp-json\/wp\/v2\/pages\/8203\/revisions"}],"predecessor-version":[{"id":8459,"href":"https:\/\/indicata.bluebird.pw\/da\/wp-json\/wp\/v2\/pages\/8203\/revisions\/8459"}],"wp:attachment":[{"href":"https:\/\/indicata.bluebird.pw\/da\/wp-json\/wp\/v2\/media?parent=8203"}],"curies":[{"name":"wp","href":"https:\/\/api.w.org\/{rel}","templated":true}]}}