{"id":1658,"date":"2024-04-11T09:09:16","date_gmt":"2024-04-11T07:09:16","guid":{"rendered":"https:\/\/indicata.bluebird.pw\/titelseite\/"},"modified":"2025-01-23T10:25:14","modified_gmt":"2025-01-23T08:25:14","slug":"titelseite","status":"publish","type":"page","link":"https:\/\/indicata.bluebird.pw\/de\/","title":{"rendered":"Titelseite"},"content":{"rendered":"\n<section class=\"wp-block-morningmodules-cover mt-cover is-style-tall\"><div class=\"mt-cover__container\"><div class=\"mt-cover__overlay\" style=\"opacity:0\"><\/div><div class=\"mt-cover__image-container object-fit\"><img decoding=\"async\" src=\"https:\/\/indicata.bluebird.pw\/wp-content\/uploads\/2025\/01\/indicata-new-cover-blue-car.jpg?v=2\" alt=\"\" fetchpriority=\"high\"\/><\/div><div class=\"mt-cover__inner page-container\"><div class=\"mt-cover__text-container\"><span class=\"mt-cover__tagline mt-tagline\">Cloudbasierte Software L\u00f6sung f\u00fcr Echtzeit-Markt\u00fcbersicht<\/span><h1 class=\"mt-cover__title\">Datenbasierte Entscheidungsfindung f\u00fcr Gebrauchtfahrzeuge<\/h1>\n<div class=\"wp-block-buttons is-layout-flex wp-block-buttons-is-layout-flex\">\n<div class=\"wp-block-button open-slide-in-contact\" data-contact-slide-in-view=\"3\"><a class=\"wp-block-button__link wp-element-button\">Jetzt! Demo anfordern<\/a><\/div>\n\n\n\n<div class=\"wp-block-button is-style-primary-transparent\"><a class=\"wp-block-button__link wp-element-button\" href=\"https:\/\/indicata.bluebird.pw\/market-watch\/\">&#8222;MarketWatch&#8220; beobachtet den Markt<\/a><\/div>\n<\/div>\n<\/div><\/div><\/div><\/section>\n\n<section class=\"wp-block-indicata-link-boxes mt-link-boxes mt-link-boxes--border-bottom mtSpacing-top-small\"><div class=\"mt-link-boxes__inner page-container swiper\"><div class=\"swiper-wrapper\">\n<div class=\"wp-block-indicata-link-box mt-link-box swiper-slide\"><a href=\"https:\/\/indicata.bluebird.pw\/de\/?page_id=1358\" class=\"mt-link-box__link\"><\/a><div class=\"mt-link-box__icon-container\"><\/div><p class=\"mt-link-box__title\">H\u00e4ndlergruppen Einzelh\u00e4ndler<\/p><p class=\"mt-link-box__text\"><\/p><\/div>\n\n\n\n<div class=\"wp-block-indicata-link-box mt-link-box swiper-slide\"><a href=\"https:\/\/indicata.bluebird.pw\/de\/oems-und-nscs\/\" class=\"mt-link-box__link\"><\/a><div class=\"mt-link-box__icon-container\"><\/div><p class=\"mt-link-box__title\">OEMs und NSCs<\/p><p class=\"mt-link-box__text\">Effizienz ihres Netzwerks verbessern<\/p><\/div>\n\n\n\n<div class=\"wp-block-indicata-link-box mt-link-box swiper-slide\"><a href=\"https:\/\/indicata.bluebird.pw\/de\/flottenvermarkter\/\" class=\"mt-link-box__link\"><\/a><div class=\"mt-link-box__icon-container\"><\/div><p class=\"mt-link-box__title\">Flottenvermarkter<\/p><p class=\"mt-link-box__text\">OEM \/ Leasing \/ Vermietung<\/p><\/div>\n\n\n\n<div class=\"wp-block-indicata-link-box mt-link-box swiper-slide\"><a href=\"https:\/\/indicata.bluebird.pw\/de\/?page_id=1337\" class=\"mt-link-box__link\"><\/a><div class=\"mt-link-box__icon-container\"><\/div><p class=\"mt-link-box__title\">Restwert- und Risikomanager<\/p><p class=\"mt-link-box__text\">OEM \/ Leasing \/ Vermietung<\/p><\/div>\n\n\n\n<div class=\"wp-block-indicata-link-box mt-link-box swiper-slide\"><a href=\"https:\/\/indicata.bluebird.pw\/de\/?page_id=1210\" class=\"mt-link-box__link\"><\/a><div class=\"mt-link-box__icon-container\"><\/div><p class=\"mt-link-box__title\">Versicherung<\/p><p class=\"mt-link-box__text\"><\/p><\/div>\n<\/div><\/div><\/section>\n\n<section class=\"wp-block-morningmodules-text-media mt-text-media mt-text-media--align-media-right mt-text-media--align-media-mobile-bottom mtSpacing-bottom-small mtSpacing-top-small\"><div class=\"mt-text-media__inner\"><div class=\"mt-text-media__media-container\"><img decoding=\"async\" src=\"https:\/\/indicata.bluebird.pw\/wp-content\/uploads\/2025\/01\/indicata-new-text-image.jpg\" alt=\"\" style=\"object-position:50% 50%\"\/><\/div><div class=\"mt-text-media__text-container\"><span class=\"mt-text-media__tagline mt-tagline\">Was ist Indicata?<\/span><h2 class=\"mt-text-media__title\">Echtzeit Marktdaten und f\u00fcr das professionelle Management von Gebrauchtwagenbest\u00e4nden<\/h2>\n<p>Das Basis muss stimmen. Jede Verbesserung ihrer GW-Performance beginnt mit der korrekten Bewertung von Fahrzeugen auf Basis von Echtzeit-Marktdaten. Vergessen Sie statische Abschreibungstabellen! Indicata bietet OEMs, H\u00e4ndlern und Handelsgruppen sowie Fuhrparkbesitzern und gro\u00dfen Bestandshaltern echte Entscheidungshilfen und L\u00f6sungen auf Basis von Echtzeit-Marktdaten.<\/p>\n\n\n\n<div class=\"wp-block-buttons is-layout-flex wp-block-buttons-is-layout-flex\">\n<div class=\"wp-block-button open-slide-in-contact\" data-contact-slide-in-view=\"3\"><a class=\"wp-block-button__link wp-element-button\">Jetzt! Demo anfordern<\/a><\/div>\n\n\n\n<div class=\"wp-block-button is-style-primary-transparent open-slide-in-contact\" data-contact-slide-in-view=\"2\"><a class=\"wp-block-button__link wp-element-button\">Sprechen Sie uns gerne an!<\/a><\/div>\n<\/div>\n<\/div><\/div><\/section>\n\n<section class=\"wp-block-morningmodules-logo-line mt-logo-line mt-logo-line--should-slide mt-logo-line--border-top mtSpacing-top-extraSmall mtSpacing-bottom-small\"><div class=\"mt-logo-line__inner\"><div class=\"mt-logo-line__text-container\"><p class=\"mt-logo-line__text\">Trusted by global<br>automotive brands<\/p><\/div><div class=\"mt-logo-line__logos-container swiper\"><div class=\"swiper-wrapper\">\n<div class=\"wp-block-morningmodules-logo-line-logo mt-logo swiper-slide\" style=\"opacity:1\"><img decoding=\"async\" src=\"https:\/\/indicata.bluebird.pw\/wp-content\/uploads\/2024\/09\/BMW-cropped.svg\" alt=\"\" class=\"mt-logo__logo\" style=\"max-height:40px;margin-top:0px\"\/><\/div>\n\n\n\n<div class=\"wp-block-morningmodules-logo-line-logo mt-logo swiper-slide\" style=\"opacity:1\"><img decoding=\"async\" src=\"https:\/\/indicata.bluebird.pw\/wp-content\/uploads\/2024\/09\/ford-cropped.svg\" alt=\"\" class=\"mt-logo__logo\" style=\"max-height:40px;margin-top:0px\"\/><\/div>\n\n\n\n<div class=\"wp-block-morningmodules-logo-line-logo mt-logo swiper-slide\" style=\"opacity:1\"><img decoding=\"async\" src=\"https:\/\/indicata.bluebird.pw\/wp-content\/uploads\/2024\/09\/Mercedes-cropped.svg\" alt=\"\" class=\"mt-logo__logo\" style=\"max-height:40px;margin-top:0px\"\/><\/div>\n\n\n\n<div class=\"wp-block-morningmodules-logo-line-logo mt-logo swiper-slide\" style=\"opacity:1\"><img decoding=\"async\" src=\"https:\/\/indicata.bluebird.pw\/wp-content\/uploads\/2024\/09\/nissan-cropped.svg\" alt=\"\" class=\"mt-logo__logo\" style=\"max-height:40px;margin-top:0px\"\/><\/div>\n\n\n\n<div class=\"wp-block-morningmodules-logo-line-logo mt-logo swiper-slide\" style=\"opacity:1\"><img decoding=\"async\" src=\"https:\/\/indicata.bluebird.pw\/wp-content\/uploads\/2024\/09\/renault-cropped.svg\" alt=\"\" class=\"mt-logo__logo\" style=\"max-height:40px;margin-top:0px\"\/><\/div>\n\n\n\n<div class=\"wp-block-morningmodules-logo-line-logo mt-logo swiper-slide\" style=\"opacity:1\"><img decoding=\"async\" src=\"https:\/\/indicata.bluebird.pw\/wp-content\/uploads\/2024\/09\/Tesla-cropped.svg\" alt=\"\" class=\"mt-logo__logo\" style=\"max-height:40px;margin-top:0px\"\/><\/div>\n\n\n\n<div class=\"wp-block-morningmodules-logo-line-logo mt-logo swiper-slide\" style=\"opacity:1\"><img decoding=\"async\" src=\"https:\/\/indicata.bluebird.pw\/wp-content\/uploads\/2024\/09\/Volkswagen-cropped.svg\" alt=\"\" class=\"mt-logo__logo\" style=\"max-height:40px;margin-top:0px\"\/><\/div>\n\n\n\n<div class=\"wp-block-morningmodules-logo-line-logo mt-logo swiper-slide\" style=\"opacity:1\"><img decoding=\"async\" src=\"https:\/\/indicata.bluebird.pw\/wp-content\/uploads\/2024\/09\/Volvo-cropped.svg\" alt=\"\" class=\"mt-logo__logo\" style=\"max-height:40px;margin-top:0px\"\/><\/div>\n\n\n\n<div class=\"wp-block-morningmodules-logo-line-logo mt-logo swiper-slide\" style=\"opacity:1\"><img decoding=\"async\" src=\"https:\/\/indicata.bluebird.pw\/wp-content\/uploads\/2024\/09\/sixt-cropped.svg\" alt=\"\" class=\"mt-logo__logo\" style=\"max-height:40px;margin-top:0px\"\/><\/div>\n\n\n\n<div class=\"wp-block-morningmodules-logo-line-logo mt-logo swiper-slide\" style=\"opacity:1\"><img decoding=\"async\" src=\"https:\/\/indicata.bluebird.pw\/wp-content\/uploads\/2024\/09\/stellantis-cropped.svg\" alt=\"\" class=\"mt-logo__logo\" style=\"max-height:40px;margin-top:0px\"\/><\/div>\n\n\n\n<div class=\"wp-block-morningmodules-logo-line-logo mt-logo swiper-slide\" style=\"opacity:1\"><img decoding=\"async\" src=\"https:\/\/indicata.bluebird.pw\/wp-content\/uploads\/2024\/09\/Teknicar-cropped.svg\" alt=\"\" class=\"mt-logo__logo\" style=\"max-height:40px;margin-top:0px\"\/><\/div>\n<\/div><\/div><\/div><\/section>\n\n<section class=\"wp-block-indicata-breaker mt-breaker-advanced\"><div class=\"mt-breaker-advanced__container\"><div class=\"mt-breaker-advanced__overlay\" style=\"opacity:0\"><\/div><div class=\"mt-breaker-advanced__image-container object-fit\"><img decoding=\"async\" src=\"https:\/\/indicata.bluebird.pw\/wp-content\/uploads\/2024\/06\/MW_Cover_-No_Edition.png\" alt=\"\" style=\"object-position:56.99999999999999% 78%\"\/><\/div><div class=\"mt-breaker-advanced__inner page-container\"><div class=\"mt-breaker-advanced__text-container\"><span class=\"mt-breaker-advanced__tagline mt-tagline\">Neueste Ausgabe<\/span><h2 class=\"mt-breaker-advanced__title\">Indicata &#8222;Market Watch&#8220; Report<\/h2>\n<p>Lesen Sie \u00fcber aktuelle Entwicklungen auf dem europ\u00e4ischen Gebrauchtwagenmarkt im Indicata &#8222;Market Watch&#8220; Report<\/p>\n\n\n\n<p>Daten aus 13 europ\u00e4ischen L\u00e4ndern verf\u00fcgbar<\/p>\n\n\n\n<div class=\"wp-block-buttons is-layout-flex wp-block-buttons-is-layout-flex\">\n<div class=\"wp-block-button is-style-primary-transparent\"><a class=\"wp-block-button__link wp-element-button\" href=\"\/market-watch\/\">Mehr Infos<\/a><\/div>\n<\/div>\n<\/div><\/div><\/div><\/section>\n<div data-react-class=\"PostSlider\" data-react-props=\"{&quot;endpoint&quot;:&quot;https:\\\/\\\/indicata.bluebird.pw\\\/de\\\/wp-json\\\/indicata\\\/v1\\\/post-slider\\\/posts&quot;,&quot;currentPostId&quot;:1658,&quot;className&quot;:&quot;mtSpacing-top-medium mtSpacing-bottom-medium&quot;,&quot;tagline&quot;:&quot;Nachrichten von Indicata&quot;,&quot;title&quot;:&quot;Artikel&quot;,&quot;link&quot;:{&quot;url&quot;:&quot;https:\\\/\\\/indicata.bluebird.pw\\\/de\\\/?page_id=1201\\u0026postType=post&quot;,&quot;id&quot;:2,&quot;title&quot;:&quot;Forside&quot;,&quot;type&quot;:&quot;page&quot;,&quot;kind&quot;:&quot;post-type&quot;,&quot;isFrontPage&quot;:true},&quot;linkText&quot;:&quot;Alle sehen&quot;,&quot;categories&quot;:[{&quot;label&quot;:&quot;Interviews&quot;,&quot;value&quot;:30},{&quot;label&quot;:&quot;Market Watch&quot;,&quot;value&quot;:32},{&quot;label&quot;:&quot;Whitepapers&quot;,&quot;value&quot;:29}],&quot;selectedPostIds&quot;:[],&quot;postCardButtonText&quot;:&quot;Read more&quot;,&quot;allText&quot;:&quot;All&quot;,&quot;newText&quot;:&quot;New&quot;,&quot;noPosts&quot;:&quot;No posts found.&quot;}\"><\/div>\n\n<section class=\"wp-block-morningmodules-breaker mt-breaker\"><div class=\"mt-breaker__container\"><div class=\"mt-breaker__overlay\" style=\"opacity:0\"><\/div><div class=\"mt-breaker__image-container object-fit\"><img decoding=\"async\" src=\"https:\/\/indicata.bluebird.pw\/wp-content\/uploads\/2025\/01\/indicata-new-breaker-blue-car.jpg\" alt=\"\" style=\"object-position:50% 50%\"\/><\/div><div class=\"mt-breaker__inner page-container\"><div class=\"mt-breaker__text-container\"><span class=\"mt-breaker__tagline mt-tagline\">Jetzt starten!<\/span><h2 class=\"mt-breaker__title\">Jetzt loslegen und GW-Performance verbessern<\/h2>\n<div class=\"wp-block-buttons is-layout-flex wp-block-buttons-is-layout-flex\">\n<div class=\"wp-block-button open-slide-in-contact\" data-contact-slide-in-view=\"3\"><a class=\"wp-block-button__link wp-element-button\">Jetzt! Demo anfordern<\/a><\/div>\n\n\n\n<div class=\"wp-block-button is-style-primary-transparent open-slide-in-contact\" data-contact-slide-in-view=\"2\"><a class=\"wp-block-button__link wp-element-button\">Sprechen Sie uns gerne an!<\/a><\/div>\n<\/div>\n<\/div><\/div><\/div><\/section>\n","protected":false},"excerpt":{"rendered":"","protected":false},"author":2,"featured_media":0,"parent":0,"menu_order":0,"comment_status":"closed","ping_status":"closed","template":"","meta":{"_acf_changed":false,"footnotes":""},"class_list":["post-1658","page","type-page","status-publish","hentry"],"acf":[],"yoast_head":"<!-- This site is optimized with the Yoast SEO plugin v27.3 - https:\/\/yoast.com\/product\/yoast-seo-wordpress\/ -->\n<title>Indicata - Datenbasierte Entscheidungsfindung f\u00fcr Gebrauchtfahrzeuge<\/title>\n<meta name=\"robots\" content=\"noindex, follow, max-snippet:-1, max-image-preview:large, max-video-preview:-1\" \/>\n<meta property=\"og:locale\" content=\"de_DE\" \/>\n<meta property=\"og:type\" content=\"article\" \/>\n<meta property=\"og:title\" content=\"Indicata - Datenbasierte Entscheidungsfindung f\u00fcr Gebrauchtfahrzeuge\" \/>\n<meta property=\"og:url\" content=\"https:\/\/indicata.bluebird.pw\/de\/\" \/>\n<meta property=\"og:site_name\" content=\"Indicata\" \/>\n<meta property=\"article:modified_time\" content=\"2025-01-23T08:25:14+00:00\" \/>\n<meta property=\"og:image\" content=\"https:\/\/indicata.bluebird.pw\/wp-content\/uploads\/2025\/01\/indicata-new-cover-blue-car.jpg?v=2\" \/>\n<meta name=\"twitter:card\" content=\"summary_large_image\" \/>\n<meta name=\"twitter:label1\" content=\"Gesch\u00e4tzte Lesezeit\" \/>\n\t<meta name=\"twitter:data1\" content=\"1\u00a0Minute\" \/>\n<script type=\"application\/ld+json\" class=\"yoast-schema-graph\">{\"@context\":\"https:\\\/\\\/schema.org\",\"@graph\":[{\"@type\":\"WebPage\",\"@id\":\"https:\\\/\\\/indicata.bluebird.pw\\\/de\\\/\",\"url\":\"https:\\\/\\\/indicata.bluebird.pw\\\/de\\\/\",\"name\":\"Indicata - Datenbasierte Entscheidungsfindung f\u00fcr Gebrauchtfahrzeuge\",\"isPartOf\":{\"@id\":\"https:\\\/\\\/indicata.bluebird.pw\\\/#website\"},\"primaryImageOfPage\":{\"@id\":\"https:\\\/\\\/indicata.bluebird.pw\\\/de\\\/#primaryimage\"},\"image\":{\"@id\":\"https:\\\/\\\/indicata.bluebird.pw\\\/de\\\/#primaryimage\"},\"thumbnailUrl\":\"https:\\\/\\\/indicata.bluebird.pw\\\/wp-content\\\/uploads\\\/2025\\\/01\\\/indicata-new-cover-blue-car.jpg?v=2\",\"datePublished\":\"2024-04-11T07:09:16+00:00\",\"dateModified\":\"2025-01-23T08:25:14+00:00\",\"breadcrumb\":{\"@id\":\"https:\\\/\\\/indicata.bluebird.pw\\\/de\\\/#breadcrumb\"},\"inLanguage\":\"de\",\"potentialAction\":[{\"@type\":\"ReadAction\",\"target\":[\"https:\\\/\\\/indicata.bluebird.pw\\\/de\\\/\"]}]},{\"@type\":\"ImageObject\",\"inLanguage\":\"de\",\"@id\":\"https:\\\/\\\/indicata.bluebird.pw\\\/de\\\/#primaryimage\",\"url\":\"https:\\\/\\\/indicata.bluebird.pw\\\/wp-content\\\/uploads\\\/2025\\\/01\\\/indicata-new-cover-blue-car.jpg?v=2\",\"contentUrl\":\"https:\\\/\\\/indicata.bluebird.pw\\\/wp-content\\\/uploads\\\/2025\\\/01\\\/indicata-new-cover-blue-car.jpg?v=2\"},{\"@type\":\"BreadcrumbList\",\"@id\":\"https:\\\/\\\/indicata.bluebird.pw\\\/de\\\/#breadcrumb\",\"itemListElement\":[{\"@type\":\"ListItem\",\"position\":1,\"name\":\"Home\",\"item\":\"https:\\\/\\\/indicata.bluebird.pw\\\/de\\\/\"},{\"@type\":\"ListItem\",\"position\":2,\"name\":\"Titelseite\"}]},{\"@type\":\"WebSite\",\"@id\":\"https:\\\/\\\/indicata.bluebird.pw\\\/#website\",\"url\":\"https:\\\/\\\/indicata.bluebird.pw\\\/\",\"name\":\"Indicata\",\"description\":\"Part of Autorola Group\",\"potentialAction\":[{\"@type\":\"SearchAction\",\"target\":{\"@type\":\"EntryPoint\",\"urlTemplate\":\"https:\\\/\\\/indicata.bluebird.pw\\\/?s={search_term_string}\"},\"query-input\":{\"@type\":\"PropertyValueSpecification\",\"valueRequired\":true,\"valueName\":\"search_term_string\"}}],\"inLanguage\":\"de\"}]}<\/script>\n<!-- \/ Yoast SEO plugin. -->","yoast_head_json":{"title":"Indicata - Datenbasierte Entscheidungsfindung f\u00fcr Gebrauchtfahrzeuge","robots":{"index":"noindex","follow":"follow","max-snippet":"max-snippet:-1","max-image-preview":"max-image-preview:large","max-video-preview":"max-video-preview:-1"},"og_locale":"de_DE","og_type":"article","og_title":"Indicata - Datenbasierte Entscheidungsfindung f\u00fcr Gebrauchtfahrzeuge","og_url":"https:\/\/indicata.bluebird.pw\/de\/","og_site_name":"Indicata","article_modified_time":"2025-01-23T08:25:14+00:00","og_image":[{"url":"https:\/\/indicata.bluebird.pw\/wp-content\/uploads\/2025\/01\/indicata-new-cover-blue-car.jpg?v=2","type":"","width":"","height":""}],"twitter_card":"summary_large_image","twitter_misc":{"Gesch\u00e4tzte Lesezeit":"1\u00a0Minute"},"schema":{"@context":"https:\/\/schema.org","@graph":[{"@type":"WebPage","@id":"https:\/\/indicata.bluebird.pw\/de\/","url":"https:\/\/indicata.bluebird.pw\/de\/","name":"Indicata - Datenbasierte Entscheidungsfindung f\u00fcr Gebrauchtfahrzeuge","isPartOf":{"@id":"https:\/\/indicata.bluebird.pw\/#website"},"primaryImageOfPage":{"@id":"https:\/\/indicata.bluebird.pw\/de\/#primaryimage"},"image":{"@id":"https:\/\/indicata.bluebird.pw\/de\/#primaryimage"},"thumbnailUrl":"https:\/\/indicata.bluebird.pw\/wp-content\/uploads\/2025\/01\/indicata-new-cover-blue-car.jpg?v=2","datePublished":"2024-04-11T07:09:16+00:00","dateModified":"2025-01-23T08:25:14+00:00","breadcrumb":{"@id":"https:\/\/indicata.bluebird.pw\/de\/#breadcrumb"},"inLanguage":"de","potentialAction":[{"@type":"ReadAction","target":["https:\/\/indicata.bluebird.pw\/de\/"]}]},{"@type":"ImageObject","inLanguage":"de","@id":"https:\/\/indicata.bluebird.pw\/de\/#primaryimage","url":"https:\/\/indicata.bluebird.pw\/wp-content\/uploads\/2025\/01\/indicata-new-cover-blue-car.jpg?v=2","contentUrl":"https:\/\/indicata.bluebird.pw\/wp-content\/uploads\/2025\/01\/indicata-new-cover-blue-car.jpg?v=2"},{"@type":"BreadcrumbList","@id":"https:\/\/indicata.bluebird.pw\/de\/#breadcrumb","itemListElement":[{"@type":"ListItem","position":1,"name":"Home","item":"https:\/\/indicata.bluebird.pw\/de\/"},{"@type":"ListItem","position":2,"name":"Titelseite"}]},{"@type":"WebSite","@id":"https:\/\/indicata.bluebird.pw\/#website","url":"https:\/\/indicata.bluebird.pw\/","name":"Indicata","description":"Part of Autorola Group","potentialAction":[{"@type":"SearchAction","target":{"@type":"EntryPoint","urlTemplate":"https:\/\/indicata.bluebird.pw\/?s={search_term_string}"},"query-input":{"@type":"PropertyValueSpecification","valueRequired":true,"valueName":"search_term_string"}}],"inLanguage":"de"}]}},"_links":{"self":[{"href":"https:\/\/indicata.bluebird.pw\/de\/wp-json\/wp\/v2\/pages\/1658","targetHints":{"allow":["GET"]}}],"collection":[{"href":"https:\/\/indicata.bluebird.pw\/de\/wp-json\/wp\/v2\/pages"}],"about":[{"href":"https:\/\/indicata.bluebird.pw\/de\/wp-json\/wp\/v2\/types\/page"}],"author":[{"embeddable":true,"href":"https:\/\/indicata.bluebird.pw\/de\/wp-json\/wp\/v2\/users\/2"}],"replies":[{"embeddable":true,"href":"https:\/\/indicata.bluebird.pw\/de\/wp-json\/wp\/v2\/comments?post=1658"}],"version-history":[{"count":10,"href":"https:\/\/indicata.bluebird.pw\/de\/wp-json\/wp\/v2\/pages\/1658\/revisions"}],"predecessor-version":[{"id":8458,"href":"https:\/\/indicata.bluebird.pw\/de\/wp-json\/wp\/v2\/pages\/1658\/revisions\/8458"}],"wp:attachment":[{"href":"https:\/\/indicata.bluebird.pw\/de\/wp-json\/wp\/v2\/media?parent=1658"}],"curies":[{"name":"wp","href":"https:\/\/api.w.org\/{rel}","templated":true}]}}