{"id":1771,"date":"2024-05-21T21:12:22","date_gmt":"2024-05-21T19:12:22","guid":{"rendered":"https:\/\/indicata.bluebird.pw\/cookies\/"},"modified":"2024-09-11T15:31:58","modified_gmt":"2024-09-11T13:31:58","slug":"cookies","status":"publish","type":"page","link":"https:\/\/indicata.bluebird.pw\/de\/cookies\/","title":{"rendered":"Cookies"},"content":{"rendered":"\n<section class=\"wp-block-indicata-post-content mt-post-content\"><div class=\"mt-post-content__inner\"><div class=\"mt-post-content__content\">\n<h2 class=\"wp-block-heading\">Cookies<\/h2>\n\n\n\n<p>Dieses Dokument informiert Sie dar\u00fcber, wie und warum wir Cookies verwenden. Wir werden Ihnen auch mitteilen, welche Cookies wir verwenden, sowie einige Informationen \u00fcber Dritte geben, die ebenfalls Cookies auf unserer Website platzieren.<\/p>\n\n\n\n<h3 class=\"wp-block-heading\" id=\"Kurzfassung\">Kurzfassung<\/h3>\n\n\n\n<p>Dieses Dokument gilt f\u00fcr:<\/p>\n\n\n\n<ul class=\"wp-block-list\">\n<li>Besucher der Website<\/li>\n<\/ul>\n\n\n\n<p>Dieses Dokument umfasst:<\/p>\n\n\n\n<ul class=\"wp-block-list\">\n<li><a href=\"https:\/\/www.indicata.de\/cookies#Cookies\">Cookies<\/a><\/li>\n\n\n\n<li><a href=\"https:\/\/www.indicata.de\/cookies#Kurzfassung\">Kurzfassung<\/a><\/li>\n\n\n\n<li><a href=\"https:\/\/www.indicata.de\/cookies#Was-ist-ein-Cookie\">Was ist ein Cookie?<\/a>\n<ul class=\"wp-block-list\">\n<li><a href=\"https:\/\/www.indicata.de\/cookies#Arten-von-Cookies\">Arten von Cookies<\/a><\/li>\n<\/ul>\n<\/li>\n\n\n\n<li><a href=\"https:\/\/www.indicata.de\/cookies#Welche-Cookies-verwenden-wir\">Welche Cookies verwenden wir?<\/a>\n<ul class=\"wp-block-list\">\n<li><a href=\"https:\/\/www.indicata.de\/cookies#Notwendige-Cookies\">Notwendige Cookies<\/a><\/li>\n\n\n\n<li><a href=\"https:\/\/www.indicata.de\/cookies#Analytische-Cookies\">Analytische Cookies<\/a><\/li>\n\n\n\n<li><a href=\"https:\/\/www.indicata.de\/cookies#Marketing-Cookies\">Marketing-Cookies<\/a><\/li>\n\n\n\n<li><a href=\"https:\/\/www.indicata.de\/cookies#Cookies-zur-Personalisierung\">Cookies zur Personalisierung<\/a><\/li>\n<\/ul>\n<\/li>\n\n\n\n<li><a href=\"https:\/\/www.indicata.de\/cookies#Wie-verwenden-wir-Cookies\">Wie verwenden wir Cookies?<\/a><\/li>\n\n\n\n<li><a href=\"https:\/\/www.indicata.de\/cookies#So-blockieren-Sie-Cookies\">So blockieren Sie Cookies<\/a><\/li>\n\n\n\n<li><a href=\"https:\/\/www.indicata.de\/cookies#Widerruf-einer-erteilten-Einwilligung\">Widerruf einer erteilten Einwilligung<\/a><\/li>\n\n\n\n<li><a href=\"https:\/\/www.indicata.de\/cookies#Liste-der-Cookies\">Liste der Cookies<\/a><\/li>\n\n\n\n<li><a href=\"https:\/\/www.indicata.de\/cookies#Kontakt\">Kontakt<\/a><\/li>\n<\/ul>\n\n\n\n<h3 class=\"wp-block-heading\" id=\"Was-ist-ein-Cookie\">Was ist ein Cookie?<\/h3>\n\n\n\n<p>Cookies sind kleine Textdateien, die auf Ihrem Ger\u00e4t gespeichert werden und die es uns erm\u00f6glichen, Ihr Erlebnis besser und effizienter zu gestalten. Sie erm\u00f6glichen es uns, Ihr Ger\u00e4t und Ihren Browser zu erkennen und Informationen zu speichern, die f\u00fcr die Verbesserung unserer Dienstleistungen wichtig sind.<\/p>\n\n\n\n<h3 class=\"wp-block-heading\" id=\"Arten-von-Cookies\">Arten von Cookies<\/h3>\n\n\n\n<ul class=\"wp-block-list\">\n<li>Sitzungscookies werden w\u00e4hrend Ihres Besuchs auf der Website vor\u00fcbergehend im Speicher Ihrer Ger\u00e4te gespeichert und gel\u00f6scht, sobald Sie Ihren Browser schlie\u00dfen.<\/li>\n\n\n\n<li>Dauerhafte Cookies werden f\u00fcr eine bestimmte Zeitdauer gespeichert, die von Cookie zu Cookie variiert. Ein dauerhafter Cookie besteht l\u00e4nger als die Sitzungscookies, l\u00e4uft aber auch nach einer gewissen Zeit ab. Diese Cookies helfen uns zu verstehen, ob Sie in der Vergangenheit unsere Website oder \u00e4hnliche Websites besucht haben.<\/li>\n\n\n\n<li>Erstanbieter-Cookies werden direkt von der Website oder von einer der Subdomains der Website gesetzt.<\/li>\n\n\n\n<li>Drittanbieter-Cookies werden von Websites gesetzt, die nicht von uns verwaltet werden, wie z. B. unseren Unterauftragsverarbeitern oder anderen Technologiepartnern.<\/li>\n<\/ul>\n\n\n\n<h3 class=\"wp-block-heading\" id=\"Welche-Cookies-verwenden-wir\">Welche Cookies verwenden wir?<\/h3>\n\n\n\n<h4 class=\"wp-block-heading\" id=\"Notwendige-Cookies\">Notwendige Cookies<\/h4>\n\n\n\n<p>Wir speichern Cookies auf Ihrem Ger\u00e4t, wenn sie notwendig sind, damit wir unsere Dienstleistungen anbieten und bereitstellen k\u00f6nnen. Sie werden auch ben\u00f6tigt, damit Sie durch die Website und Webanwendung navigieren und von allen verf\u00fcgbaren Funktionen profitieren k\u00f6nnen. Diese Cookies k\u00f6nnen nicht ausgeschaltet werden und werden f\u00fcr sehr grundlegende Optionen auf der Website gesetzt, wie z. B. Anmeldung, Formulare und Einstellungen wie Zeitzone oder Sprachen.<\/p>\n\n\n\n<h4 class=\"wp-block-heading\" id=\"Analytische-Cookies\">Analytische Cookies<\/h4>\n\n\n\n<p>Diese Cookies werden platziert, um uns dabei zu helfen zu verstehen, wie Sie die verf\u00fcgbaren Optionen auf der Website nutzen, welche Teile Sie am meisten nutzen und wie Sie mit unseren Dienstleistungen interagieren. Dies hilft uns, Statistiken \u00fcber die Nutzung und die Zeit zu erstellen, die Sie auf der Website verbringen. Diese Statistiken werden uns letztendlich dabei helfen, unsere Website und die von uns angebotenen Dienstleistungen zu verbessern.<\/p>\n\n\n\n<h4 class=\"wp-block-heading\" id=\"Marketing-Cookies\">Marketing-Cookies<\/h4>\n\n\n\n<p>Diese Cookies werden verwendet, um Ihnen Werbung bereitzustellen, die f\u00fcr Sie relevant oder interessant sein kann, wenn Sie im Internet surfen. Sie werden meist von Dritten platziert, wenn Sie mit ihren Inhalten auf unserer Website interagieren.<\/p>\n\n\n\n<h4 class=\"wp-block-heading\" id=\"Cookies-zur-Personalisierung\">Cookies zur Personalisierung<\/h4>\n\n\n\n<p>Diese Cookies werden platziert, um uns zu helfen, Ihnen eine bessere Funktionalit\u00e4t der Website und unserer Dienste zu bieten und sie f\u00fcr Sie pers\u00f6nlicher zu gestalten. Sie k\u00f6nnen diese Cookies blockieren, beachten Sie bitte jedoch, dass Teile der Website dann nicht so funktionieren, wie wir es beabsichtigt haben.<\/p>\n\n\n\n<h3 class=\"wp-block-heading\" id=\"Wie-verwenden-wir-Cookies\">Wie verwenden wir Cookies?<\/h3>\n\n\n\n<p>Wir erheben Daten mithilfe der beschriebenen Cookies, um den Datenverkehr auf unserer Website zu messen, Ihr Verhalten zu verstehen, um das Benutzererlebnis zu optimieren sowie den Inhalt auf den Websites zu personalisieren und relevante Werbung bereitzustellen, an der Sie interessiert sein k\u00f6nnten. Wir verwenden die erhobenen Daten auch f\u00fcr die Entwicklung unserer Websites.<\/p>\n\n\n\n<h3 class=\"wp-block-heading\" id=\"So-blockieren-Sie-Cookies\">So blockieren Sie Cookies<\/h3>\n\n\n\n<p>Sie k\u00f6nnen die Platzierung von Cookies und anderen Tracking-Technologien, wie Pixel-Tags, stoppen oder einschr\u00e4nken. Dazu blockieren Sie sie auf Ihrem Ger\u00e4t oder l\u00f6schen sie und passen die Einstellungen in Ihrem Browser an. Dies kann von Ger\u00e4t zu Ger\u00e4t und von Browser zu Browser variieren.<\/p>\n\n\n\n<p>Sobald Sie Cookies in Ihrem Browser korrekt blockieren, k\u00f6nnen Teile der Website f\u00fcr Sie nicht mehr verf\u00fcgbar sein oder anderweitig nicht ordnungsgem\u00e4\u00df funktionieren.<\/p>\n\n\n\n<h3 class=\"wp-block-heading\" id=\"Widerruf-einer-erteilten-Einwilligung\">Widerruf einer erteilten Einwilligung<\/h3>\n\n\n\n<p>Um eine von Ihnen erteilte Einwilligung zu widerrufen, k\u00f6nnen Sie auf das kleine Cookie-Symbol unten auf den Websites klicken und einfach die Position der Einwilligungsschaltfl\u00e4che \u00e4ndern und auf \u201eSpeichern\u201c klicken.<\/p>\n\n\n\n<h3 class=\"wp-block-heading\" id=\"Liste-der-Cookies\">Liste der Cookies<\/h3>\n\n\n\n<p>Die Liste der von Autorola verwendeten Cookies finden Sie im Feld \u201eCookie-Einwilligung\u201c unter den einzelnen Cookie-Kategorien.<\/p>\n\n\n\n<h3 class=\"wp-block-heading\" id=\"Kontakt\">Kontakt<\/h3>\n\n\n\n<p>Wenn Sie Fragen zu diesem Dokument haben, wenden Sie sich bitte an uns.Autorola A\/S<br>Skibhusvej 52A<br>DK-5000 Odense C<br>Denmark<\/p>\n\n\n\n<p>Tel: +45 70 20 16 61<br>E-mail:&nbsp;<a href=\"mailto:gdpr@indicata.com\">gdpr@indicata.com<\/a><\/p>\n<\/div><div class=\"mt-post-content__actions\"><div class=\"mt-post-content__actions--tags\"><\/div><div class=\"mt-post-content__actions--share-buttons\"><div class=\"mt-share-buttons\"><div class=\"mt-share-buttons__button mt-share-buttons__button--print\"><svg xmlns=\"http:\/\/www.w3.org\/2000\/svg\" width=\"20\" height=\"21\" viewBox=\"0 0 20 21\" fill=\"none\"><path d=\"M5 8.00033V2.16699H15V8.00033\" stroke=\"#555555\" stroke-width=\"1.5\" stroke-linecap=\"round\" stroke-linejoin=\"round\"><\/path><path d=\"M4.99935 15.5H3.33268C2.89065 15.5 2.46673 15.3244 2.15417 15.0118C1.84161 14.6993 1.66602 14.2754 1.66602 13.8333V9.66667C1.66602 9.22464 1.84161 8.80072 2.15417 8.48816C2.46673 8.1756 2.89065 8 3.33268 8H16.666C17.108 8 17.532 8.1756 17.8445 8.48816C18.1571 8.80072 18.3327 9.22464 18.3327 9.66667V13.8333C18.3327 14.2754 18.1571 14.6993 17.8445 15.0118C17.532 15.3244 17.108 15.5 16.666 15.5H14.9993\" stroke=\"#555555\" stroke-width=\"1.5\" stroke-linecap=\"round\" stroke-linejoin=\"round\"><\/path><path d=\"M15 12.167H5V18.8337H15V12.167Z\" stroke=\"#555555\" stroke-width=\"1.5\" stroke-linecap=\"round\" stroke-linejoin=\"round\"><\/path><\/svg><\/div><div class=\"mt-share-buttons__button mt-share-buttons__button--bookmark\"><svg xmlns=\"http:\/\/www.w3.org\/2000\/svg\" width=\"20\" height=\"21\" viewBox=\"0 0 20 21\" fill=\"none\"><path d=\"M15.8327 18L9.99935 13.8333L4.16602 18V4.66667C4.16602 4.22464 4.34161 3.80072 4.65417 3.48816C4.96673 3.17559 5.39065 3 5.83268 3H14.166C14.608 3 15.032 3.17559 15.3445 3.48816C15.6571 3.80072 15.8327 4.22464 15.8327 4.66667V18Z\" stroke=\"#555555\" stroke-width=\"1.5\" stroke-linecap=\"round\" stroke-linejoin=\"round\"><\/path><\/svg><\/div><div class=\"mt-share-buttons__button mt-share-buttons__button--share\"><svg xmlns=\"http:\/\/www.w3.org\/2000\/svg\" width=\"20\" height=\"21\" viewBox=\"0 0 20 21\" fill=\"none\"><path d=\"M3.33398 10.5V17.1667C3.33398 17.6087 3.50958 18.0326 3.82214 18.3452C4.1347 18.6577 4.55862 18.8333 5.00065 18.8333H15.0007C15.4427 18.8333 15.8666 18.6577 16.1792 18.3452C16.4917 18.0326 16.6673 17.6087 16.6673 17.1667V10.5\" stroke=\"#555555\" stroke-width=\"1.5\" stroke-linecap=\"round\" stroke-linejoin=\"round\"><\/path><path d=\"M13.3327 5.50033L9.99935 2.16699L6.66602 5.50033\" stroke=\"#555555\" stroke-width=\"1.5\" stroke-linecap=\"round\" stroke-linejoin=\"round\"><\/path><path d=\"M10 2.16699V13.0003\" stroke=\"#555555\" stroke-width=\"1.5\" stroke-linecap=\"round\" stroke-linejoin=\"round\"><\/path><\/svg><\/div><\/div><\/div><\/div><\/div><\/section>\n","protected":false},"excerpt":{"rendered":"","protected":false},"author":4,"featured_media":0,"parent":0,"menu_order":0,"comment_status":"closed","ping_status":"closed","template":"","meta":{"_acf_changed":false,"footnotes":""},"class_list":["post-1771","page","type-page","status-publish","hentry"],"acf":[],"yoast_head":"<!-- This site is optimized with the Yoast SEO plugin v27.3 - https:\/\/yoast.com\/product\/yoast-seo-wordpress\/ -->\n<title>Cookies - Indicata<\/title>\n<meta name=\"robots\" content=\"noindex, follow, max-snippet:-1, max-image-preview:large, max-video-preview:-1\" \/>\n<meta property=\"og:locale\" content=\"de_DE\" \/>\n<meta property=\"og:type\" content=\"article\" \/>\n<meta property=\"og:title\" content=\"Cookies - Indicata\" \/>\n<meta property=\"og:url\" content=\"https:\/\/de.indicata.com\/cookies\/\" \/>\n<meta property=\"og:site_name\" content=\"Indicata\" \/>\n<meta property=\"article:modified_time\" content=\"2024-09-11T13:31:58+00:00\" \/>\n<meta name=\"twitter:card\" content=\"summary_large_image\" \/>\n<script type=\"application\/ld+json\" class=\"yoast-schema-graph\">{\"@context\":\"https:\\\/\\\/schema.org\",\"@graph\":[{\"@type\":\"WebPage\",\"@id\":\"https:\\\/\\\/de.indicata.com\\\/cookies\\\/\",\"url\":\"https:\\\/\\\/de.indicata.com\\\/cookies\\\/\",\"name\":\"Cookies - Indicata\",\"isPartOf\":{\"@id\":\"https:\\\/\\\/indicata.bluebird.pw\\\/#website\"},\"datePublished\":\"2024-05-21T19:12:22+00:00\",\"dateModified\":\"2024-09-11T13:31:58+00:00\",\"breadcrumb\":{\"@id\":\"https:\\\/\\\/de.indicata.com\\\/cookies\\\/#breadcrumb\"},\"inLanguage\":\"de\",\"potentialAction\":[{\"@type\":\"ReadAction\",\"target\":[\"https:\\\/\\\/de.indicata.com\\\/cookies\\\/\"]}]},{\"@type\":\"BreadcrumbList\",\"@id\":\"https:\\\/\\\/de.indicata.com\\\/cookies\\\/#breadcrumb\",\"itemListElement\":[{\"@type\":\"ListItem\",\"position\":1,\"name\":\"Home\",\"item\":\"https:\\\/\\\/indicata.bluebird.pw\\\/de\\\/\"},{\"@type\":\"ListItem\",\"position\":2,\"name\":\"Cookies\"}]},{\"@type\":\"WebSite\",\"@id\":\"https:\\\/\\\/indicata.bluebird.pw\\\/#website\",\"url\":\"https:\\\/\\\/indicata.bluebird.pw\\\/\",\"name\":\"Indicata\",\"description\":\"Part of Autorola Group\",\"potentialAction\":[{\"@type\":\"SearchAction\",\"target\":{\"@type\":\"EntryPoint\",\"urlTemplate\":\"https:\\\/\\\/indicata.bluebird.pw\\\/?s={search_term_string}\"},\"query-input\":{\"@type\":\"PropertyValueSpecification\",\"valueRequired\":true,\"valueName\":\"search_term_string\"}}],\"inLanguage\":\"de\"}]}<\/script>\n<!-- \/ Yoast SEO plugin. -->","yoast_head_json":{"title":"Cookies - Indicata","robots":{"index":"noindex","follow":"follow","max-snippet":"max-snippet:-1","max-image-preview":"max-image-preview:large","max-video-preview":"max-video-preview:-1"},"og_locale":"de_DE","og_type":"article","og_title":"Cookies - Indicata","og_url":"https:\/\/de.indicata.com\/cookies\/","og_site_name":"Indicata","article_modified_time":"2024-09-11T13:31:58+00:00","twitter_card":"summary_large_image","schema":{"@context":"https:\/\/schema.org","@graph":[{"@type":"WebPage","@id":"https:\/\/de.indicata.com\/cookies\/","url":"https:\/\/de.indicata.com\/cookies\/","name":"Cookies - Indicata","isPartOf":{"@id":"https:\/\/indicata.bluebird.pw\/#website"},"datePublished":"2024-05-21T19:12:22+00:00","dateModified":"2024-09-11T13:31:58+00:00","breadcrumb":{"@id":"https:\/\/de.indicata.com\/cookies\/#breadcrumb"},"inLanguage":"de","potentialAction":[{"@type":"ReadAction","target":["https:\/\/de.indicata.com\/cookies\/"]}]},{"@type":"BreadcrumbList","@id":"https:\/\/de.indicata.com\/cookies\/#breadcrumb","itemListElement":[{"@type":"ListItem","position":1,"name":"Home","item":"https:\/\/indicata.bluebird.pw\/de\/"},{"@type":"ListItem","position":2,"name":"Cookies"}]},{"@type":"WebSite","@id":"https:\/\/indicata.bluebird.pw\/#website","url":"https:\/\/indicata.bluebird.pw\/","name":"Indicata","description":"Part of Autorola Group","potentialAction":[{"@type":"SearchAction","target":{"@type":"EntryPoint","urlTemplate":"https:\/\/indicata.bluebird.pw\/?s={search_term_string}"},"query-input":{"@type":"PropertyValueSpecification","valueRequired":true,"valueName":"search_term_string"}}],"inLanguage":"de"}]}},"_links":{"self":[{"href":"https:\/\/indicata.bluebird.pw\/de\/wp-json\/wp\/v2\/pages\/1771","targetHints":{"allow":["GET"]}}],"collection":[{"href":"https:\/\/indicata.bluebird.pw\/de\/wp-json\/wp\/v2\/pages"}],"about":[{"href":"https:\/\/indicata.bluebird.pw\/de\/wp-json\/wp\/v2\/types\/page"}],"author":[{"embeddable":true,"href":"https:\/\/indicata.bluebird.pw\/de\/wp-json\/wp\/v2\/users\/4"}],"replies":[{"embeddable":true,"href":"https:\/\/indicata.bluebird.pw\/de\/wp-json\/wp\/v2\/comments?post=1771"}],"version-history":[{"count":1,"href":"https:\/\/indicata.bluebird.pw\/de\/wp-json\/wp\/v2\/pages\/1771\/revisions"}],"predecessor-version":[{"id":7950,"href":"https:\/\/indicata.bluebird.pw\/de\/wp-json\/wp\/v2\/pages\/1771\/revisions\/7950"}],"wp:attachment":[{"href":"https:\/\/indicata.bluebird.pw\/de\/wp-json\/wp\/v2\/media?parent=1771"}],"curies":[{"name":"wp","href":"https:\/\/api.w.org\/{rel}","templated":true}]}}