{"id":8159,"date":"2024-04-19T07:52:44","date_gmt":"2024-04-19T05:52:44","guid":{"rendered":"https:\/\/indicata.bluebird.pw\/flottenvermarkter\/"},"modified":"2024-11-06T15:09:29","modified_gmt":"2024-11-06T13:09:29","slug":"flottenvermarkter","status":"publish","type":"page","link":"https:\/\/indicata.bluebird.pw\/de\/flottenvermarkter\/","title":{"rendered":"Flottenvermarkter"},"content":{"rendered":"\n<section class=\"wp-block-indicata-sub-cover mt-sub-cover\"><div class=\"mt-sub-cover__container\"><div class=\"mt-sub-cover__inner page-container\"><div class=\"mt-sub-cover__text-container\"><span class=\"mt-sub-cover__tagline mt-tagline\">Branche.<\/span>\n<h1 class=\"wp-block-heading\">Flottenvermarkter<\/h1>\n\n\n\n<p>F\u00e4llen Sie fundiertere Entscheidungen und steigern Sie Ihre Leistungsf\u00e4higkeit und Ihren Ertrag aus der Vermarktung Ihres Gebrauchtwagen Bestandes.<\/p>\n\n\n\n<div class=\"wp-block-buttons is-layout-flex wp-block-buttons-is-layout-flex\">\n<div class=\"wp-block-button open-slide-in-contact\" data-contact-slide-in-view=\"3\"><a class=\"wp-block-button__link wp-element-button\">Jetzt! Demo anfordern<\/a><\/div>\n\n\n\n<div class=\"wp-block-button is-style-primary-transparent open-slide-in-contact\" data-contact-slide-in-view=\"2\"><a class=\"wp-block-button__link wp-element-button\">Erfolgsaussichten einsch\u00e4tzen<\/a><\/div>\n<\/div>\n<\/div><\/div><div class=\"mt-sub-cover__image-container object-fit\"><img decoding=\"async\" src=\"https:\/\/indicata.bluebird.pw\/wp-content\/uploads\/2024\/04\/Frame-3-3.jpg\" alt=\"\" style=\"object-position:50% 50%\"\/><\/div><\/div><\/section>\n\n<section class=\"wp-block-indicata-link-boxes-with-icon mt-link-boxes-with-icon mtSpacing-top-small mtSpacing-bottom-medium\"><div class=\"mt-link-boxes-with-icon__inner page-container\"><div class=\"mt-link-boxes-with-icon__text-container\"><h2 class=\"mt-link-boxes-with-icon__title\">Unsere Kunden sprechen uns an<\/h2><p class=\"mt-link-boxes-with-icon__text\">Weil Sie nach Unterst\u00fctzung fragen bei:<\/p><\/div><div class=\"mt-link-boxes-with-icon__boxes-wrapper\">\n<div class=\"wp-block-indicata-link-box-with-icon mt-link-box-with-icon swiper-slide\"><div class=\"mt-link-box-with-icon__title-container\"><div class=\"mt-link-box-with-icon__icon-container\"><img decoding=\"async\" src=\"https:\/\/indicata.bluebird.pw\/wp-content\/uploads\/2024\/04\/car-side-solid.svg\" alt=\"car-side-solid\" width=\"24\" height=\"24\" class=\"mt-link-box-with-icon__icon\"\/><\/div><p class=\"mt-link-box-with-icon__title\">Optimieren Sie die Vermarktung eines jeden Fahrzeugs<\/p><\/div><p class=\"mt-link-box-with-icon__text\">Identifizieren Sie die beste Preisstrategie f\u00fcr jedes Fahrzeug<\/p><\/div>\n\n\n\n<div class=\"wp-block-indicata-link-box-with-icon mt-link-box-with-icon swiper-slide\"><div class=\"mt-link-box-with-icon__title-container\"><div class=\"mt-link-box-with-icon__icon-container\"><img decoding=\"async\" src=\"https:\/\/indicata.bluebird.pw\/wp-content\/uploads\/2024\/04\/tags-solid.svg\" alt=\"tags-solid\" width=\"24\" height=\"24\" class=\"mt-link-box-with-icon__icon\"\/><\/div><p class=\"mt-link-box-with-icon__title\"><strong>Die richtigen Ankauf- und Verkaufskan\u00e4le finden &#8211; national und international<\/strong><\/p><\/div><p class=\"mt-link-box-with-icon__text\">Verbessern Sie die Auswahl Ihrer Vertriebskan\u00e4le und entdecken sie die M\u00f6glichkeiten einer grenz\u00fcberschreitenden Vermarktung<\/p><\/div>\n\n\n\n<div class=\"wp-block-indicata-link-box-with-icon mt-link-box-with-icon swiper-slide\"><div class=\"mt-link-box-with-icon__title-container\"><div class=\"mt-link-box-with-icon__icon-container\"><img decoding=\"async\" src=\"https:\/\/indicata.bluebird.pw\/wp-content\/uploads\/2024\/04\/laptop-solid.svg\" alt=\"laptop-solid\" width=\"24\" height=\"24\" class=\"mt-link-box-with-icon__icon\"\/><\/div><p class=\"mt-link-box-with-icon__title\"><strong>Finden Sie die besten Ank\u00e4ufer<\/strong><\/p><\/div><p class=\"mt-link-box-with-icon__text\">Ermitteln Sie f\u00fcr jedes Bestandsfahrzeug den besten K\u00e4ufer<\/p><\/div>\n<\/div><\/div><\/section>\n\n<section class=\"wp-block-morningmodules-logo-line mt-logo-line mt-logo-line--should-slide mt-logo-line--border-bottom mtSpacing-top-extraSmall mtSpacing-bottom-extraSmall\"><div class=\"mt-logo-line__inner\"><div class=\"mt-logo-line__text-container\"><p class=\"mt-logo-line__text\">Gro\u00dfe Hersteller, H\u00e4ndler, Leasinggesellschaften, Flottenbetreiber und Handelsgruppen vertrauen auf uns, wenn es um fundierte und sichere Entscheidungen im datenbasierten Management von Gebrauchtwagenbest\u00e4nden geht.<\/p><\/div><div class=\"mt-logo-line__logos-container swiper\"><div class=\"swiper-wrapper\">\n<div class=\"wp-block-morningmodules-logo-line-logo mt-logo swiper-slide\" style=\"opacity:1\"><img decoding=\"async\" src=\"https:\/\/indicata.bluebird.pw\/wp-content\/uploads\/2024\/04\/Tesla.svg\" alt=\"\" class=\"mt-logo__logo\" style=\"max-height:40px;margin-top:0px\"\/><\/div>\n\n\n\n<div class=\"wp-block-morningmodules-logo-line-logo mt-logo swiper-slide\" style=\"opacity:1\"><img decoding=\"async\" src=\"https:\/\/indicata.bluebird.pw\/wp-content\/uploads\/2024\/04\/BMW.svg\" alt=\"\" class=\"mt-logo__logo\" style=\"max-height:40px;margin-top:0px\"\/><\/div>\n\n\n\n<div class=\"wp-block-morningmodules-logo-line-logo mt-logo swiper-slide\" style=\"opacity:1\"><img decoding=\"async\" src=\"https:\/\/indicata.bluebird.pw\/wp-content\/uploads\/2024\/04\/Mercedes.svg\" alt=\"\" class=\"mt-logo__logo\" style=\"max-height:40px;margin-top:0px\"\/><\/div>\n\n\n\n<div class=\"wp-block-morningmodules-logo-line-logo mt-logo swiper-slide\" style=\"opacity:1\"><img decoding=\"async\" src=\"https:\/\/indicata.bluebird.pw\/wp-content\/uploads\/2024\/04\/Volkswagen.svg\" alt=\"\" class=\"mt-logo__logo\" style=\"max-height:40px;margin-top:0px\"\/><\/div>\n\n\n\n<div class=\"wp-block-morningmodules-logo-line-logo mt-logo swiper-slide\" style=\"opacity:1\"><img decoding=\"async\" src=\"https:\/\/indicata.bluebird.pw\/wp-content\/uploads\/2024\/04\/logo-teknicar_svg__Layer_1.svg\" alt=\"\" class=\"mt-logo__logo\" style=\"max-height:40px;margin-top:0px\"\/><\/div>\n<\/div><\/div><\/div><\/section>\n\n<section class=\"wp-block-morningmodules-text-media mt-text-media mt-text-media--align-media-right mt-text-media--align-media-mobile-bottom mtSpacing-bottom-medium mtSpacing-top-small\"><div class=\"mt-text-media__inner\"><div class=\"mt-text-media__media-container\"><img decoding=\"async\" src=\"https:\/\/indicata.bluebird.pw\/wp-content\/uploads\/2024\/05\/AdobeStock_642486126-scaled.jpeg\" alt=\"\" style=\"object-position:31% 42%\"\/><\/div><div class=\"mt-text-media__text-container\"><span class=\"mt-text-media__tagline mt-tagline\">Verkaufsmanagement<\/span><h2 class=\"mt-text-media__title\">Preisstrategien zur Optimierung Ihrer GW-Performance<\/h2>\n<p>Die Entwicklung einer Remarketing-Preisstrategie ist eher eine Wissenschaft als eine Kunst<\/p>\n\n\n\n<p>Der Preis, den ein Fahrzeug auf einem B2B-Markt erzielt, h\u00e4ngt zu jedem Zeitpunkt von den Faktoren Angebot und Nachfrage ab<\/p>\n\n\n\n<p>Indicata liefert professionellen Vermarktern die entscheidenden Daten und Insights, um optimale Entscheidungen bei Startpreisen, Mindestpreisen und Sofortkaufoptionen zu treffen.<\/p>\n\n\n\n<div class=\"wp-block-buttons is-layout-flex wp-block-buttons-is-layout-flex\">\n<div class=\"wp-block-button open-slide-in-contact\" data-contact-slide-in-view=\"3\"><a class=\"wp-block-button__link wp-element-button\">Jetzt! Demo anfordern<\/a><\/div>\n\n\n\n<div class=\"wp-block-button is-style-primary-transparent open-slide-in-contact\" data-contact-slide-in-view=\"2\"><a class=\"wp-block-button__link wp-element-button\">Sprechen Sie uns gerne an!<\/a><\/div>\n<\/div>\n<\/div><\/div><\/section>\n\n<section class=\"wp-block-morningmodules-text-media mt-text-media mt-text-media--align-media-left mt-text-media--align-media-mobile-bottom\"><div class=\"mt-text-media__inner\"><div class=\"mt-text-media__media-container\"><img decoding=\"async\" src=\"https:\/\/indicata.bluebird.pw\/wp-content\/uploads\/2024\/04\/Frame-24656-5.jpg\" alt=\"\" style=\"object-position:20% 55.00000000000001%\"\/><\/div><div class=\"mt-text-media__text-container\"><span class=\"mt-text-media__tagline mt-tagline\">Beste Vertriebsstrategie<\/span><h2 class=\"mt-text-media__title\">Vermarktungsentscheidungen \u00fcber Grenzen und traditionelle Absatzkan\u00e4le hinweg<\/h2>\n<p>In der heutigen Remarketing-Landschaft sind grenz\u00fcberschreitende Verk\u00e4ufe und kanal\u00fcbergreifende Entscheidungen zentrale Bausteine der Remarketing-Strategie eines Flottenbetreibers<\/p>\n\n\n\n<p>Durch die Kombination einer konsistenten Bewertung mit unseren Marktg\u00e4ngigkeitsscores bieten Indicatas Geo Pricing, Export Index und European Target Price dem B2B-Remarketer wertvolle Entscheidungsgrundlagen zur Maximierung der Ertr\u00e4ge.<\/p>\n\n\n\n<div class=\"wp-block-buttons is-layout-flex wp-block-buttons-is-layout-flex\">\n<div class=\"wp-block-button open-slide-in-contact\" data-contact-slide-in-view=\"3\"><a class=\"wp-block-button__link wp-element-button\">Jetzt! Demo anfordern<\/a><\/div>\n\n\n\n<div class=\"wp-block-button is-style-primary-transparent open-slide-in-contact\" data-contact-slide-in-view=\"2\"><a class=\"wp-block-button__link wp-element-button\">Sprechen Sie uns gerne an!<\/a><\/div>\n<\/div>\n<\/div><\/div><\/section>\n\n<section class=\"wp-block-morningmodules-text-media mt-text-media mt-text-media--align-media-right mt-text-media--align-media-mobile-bottom mtSpacing-top-medium\"><div class=\"mt-text-media__inner\"><div class=\"mt-text-media__media-container\"><img decoding=\"async\" src=\"https:\/\/indicata.bluebird.pw\/wp-content\/uploads\/2024\/04\/Frame-24656-6.jpg\" alt=\"\" style=\"object-position:50% 50%\"\/><\/div><div class=\"mt-text-media__text-container\"><span class=\"mt-text-media__tagline mt-tagline\">Identifizierung ihrer Zielkunden<\/span><h2 class=\"mt-text-media__title\">Aufbau Ihrer K\u00e4uferbasis<\/h2>\n<p>F\u00fcr jedes Fahrzeug gibt es den passenden K\u00e4ufer. Zu wissen, wer die Zielgruppe ist, ist der Schl\u00fcssel zum Remarketing-Erfolg<\/p>\n\n\n\n<p>Indem wir die Preise, Best\u00e4nde und Verk\u00e4ufe von 140.000 Vertrags- und freien H\u00e4ndlern verfolgen, k\u00f6nnen unsere Kunden den idealen Partner f\u00fcr die Wiedervermarktung jedes Fahrzeugs ermitteln \u2013 basierend auf dem aktuellen H\u00e4ndlermix und der Nachfrage.<\/p>\n\n\n\n<div class=\"wp-block-buttons is-layout-flex wp-block-buttons-is-layout-flex\">\n<div class=\"wp-block-button open-slide-in-contact\" data-contact-slide-in-view=\"3\"><a class=\"wp-block-button__link wp-element-button\">Jetzt! Demo anfordern<\/a><\/div>\n\n\n\n<div class=\"wp-block-button is-style-primary-transparent open-slide-in-contact\" data-contact-slide-in-view=\"2\"><a class=\"wp-block-button__link wp-element-button\">Sprechen Sie uns gerne an!<\/a><\/div>\n<\/div>\n<\/div><\/div><\/section>\n\n<section class=\"wp-block-morningmodules-text-media mt-text-media mt-text-media--align-media-left mt-text-media--align-media-mobile-bottom mtSpacing-bottom-medium mtSpacing-top-medium\"><div class=\"mt-text-media__inner\"><div class=\"mt-text-media__media-container\"><img decoding=\"async\" src=\"https:\/\/indicata.bluebird.pw\/wp-content\/uploads\/2024\/04\/Frame-24657-1.jpg\" alt=\"\" style=\"object-position:50% 50%\"\/><\/div><div class=\"mt-text-media__text-container\"><span class=\"mt-text-media__tagline mt-tagline\">Strategische Unterst\u00fctzung<\/span><h2 class=\"mt-text-media__title\">Indicata Consulting<\/h2>\n<p>Das Beratungsteam von Indicata z\u00e4hlt zu den f\u00fchrenden Experten in der Fahrzeugwiedervermarktung und Preisgestaltung Durch die Verbindung unserer umfangreichen Datenressourcen mit tiefgreifendem Branchenwissen sind wir optimal aufgestellt, um unsere Kunden bei der idealen Organisation, den richtigen Systemen und Prozessen zur Maximierung ihrer Remarketing-Potenziale zu beraten.<br\/><br\/>F\u00fcr einen f\u00fchrenden Premium-OEM analysierte das Indicata-Team die Effizienz der europaweiten Remarketing-Strukturen des OEM, einschlie\u00dflich Finanzdienstleister und Multi-Brand-Leasingorganisation.<\/p>\n\n\n\n<div class=\"wp-block-buttons is-layout-flex wp-block-buttons-is-layout-flex\">\n<div class=\"wp-block-button open-slide-in-contact\" data-contact-slide-in-view=\"3\"><a class=\"wp-block-button__link wp-element-button\">Jetzt! Demo anfordern<\/a><\/div>\n\n\n\n<div class=\"wp-block-button is-style-primary-transparent open-slide-in-contact\" data-contact-slide-in-view=\"2\"><a class=\"wp-block-button__link wp-element-button\">Sprechen Sie uns gerne an!<\/a><\/div>\n<\/div>\n<\/div><\/div><\/section>\n\n<section class=\"wp-block-morningmodules-text-media mt-text-media mt-text-media--align-media-right mt-text-media--align-media-mobile-bottom mtSpacing-bottom-medium\"><div class=\"mt-text-media__inner\"><div class=\"mt-text-media__media-container\"><img decoding=\"async\" src=\"https:\/\/indicata.bluebird.pw\/wp-content\/uploads\/2024\/04\/Frame-24656-7.jpg\" alt=\"\" style=\"object-position:50% 50%\"\/><\/div><div class=\"mt-text-media__text-container\"><span class=\"mt-text-media__tagline mt-tagline\">Markt Trends<\/span><h2 class=\"mt-text-media__title\">Markt-Trend-Analyse<\/h2>\n<p>Das Verst\u00e4ndnis aktueller Markttrends ist entscheidend f\u00fcr die Planung einer effektiven Remarketing-Strategie. Durch die t\u00e4gliche \u00dcberwachung von Bestands- und Verkaufsaktivit\u00e4ten identifiziert, analysiert und quantifiziert Indicata die entscheidenden Markttrends<br\/><br\/>Unsere regelm\u00e4\u00dfigen Marktberichte und White Papers verkn\u00fcpfen Marktdaten mit makro\u00f6konomischen Faktoren, um unseren Kunden ein umfassendes, faktenbasiertes Verst\u00e4ndnis aktueller Trends und zuk\u00fcnftiger Herausforderungen zu vermitteln<\/p>\n\n\n\n<div class=\"wp-block-buttons is-layout-flex wp-block-buttons-is-layout-flex\">\n<div class=\"wp-block-button open-slide-in-contact\" data-contact-slide-in-view=\"3\"><a class=\"wp-block-button__link wp-element-button\">Jetzt! Demo anfordern<\/a><\/div>\n\n\n\n<div class=\"wp-block-button is-style-primary-transparent open-slide-in-contact\" data-contact-slide-in-view=\"2\"><a class=\"wp-block-button__link wp-element-button\">Sprechen Sie uns gerne an!<\/a><\/div>\n<\/div>\n<\/div><\/div><\/section>\n\n<section class=\"wp-block-morningmodules-breaker mt-breaker\"><div class=\"mt-breaker__container\"><div class=\"mt-breaker__overlay\" style=\"opacity:0\"><\/div><div class=\"mt-breaker__image-container object-fit\"><img decoding=\"async\" src=\"https:\/\/indicata.bluebird.pw\/wp-content\/uploads\/2024\/04\/Frame-24740.jpg\" alt=\"\" style=\"object-position:50% 50%\"\/><\/div><div class=\"mt-breaker__inner page-container\"><div class=\"mt-breaker__text-container\"><span class=\"mt-breaker__tagline mt-tagline\">Jetzt starten!<\/span><h2 class=\"mt-breaker__title\">Jetzt loslegen und GW-Performance verbessern<\/h2>\n<div class=\"wp-block-buttons is-layout-flex wp-block-buttons-is-layout-flex\">\n<div class=\"wp-block-button open-slide-in-contact\" data-contact-slide-in-view=\"3\"><a class=\"wp-block-button__link wp-element-button\">Jetzt! Demo anfordern<\/a><\/div>\n\n\n\n<div class=\"wp-block-button is-style-primary-transparent open-slide-in-contact\" data-contact-slide-in-view=\"2\"><a class=\"wp-block-button__link wp-element-button\">Sprechen Sie uns gerne an!<\/a><\/div>\n<\/div>\n<\/div><\/div><\/div><\/section>\n","protected":false},"excerpt":{"rendered":"","protected":false},"author":2,"featured_media":0,"parent":0,"menu_order":0,"comment_status":"closed","ping_status":"closed","template":"","meta":{"_acf_changed":false,"footnotes":""},"class_list":["post-8159","page","type-page","status-publish","hentry"],"acf":[],"yoast_head":"<!-- This site is optimized with the Yoast SEO plugin v27.3 - https:\/\/yoast.com\/product\/yoast-seo-wordpress\/ -->\n<title>Flottenvermarkter - Indicata<\/title>\n<meta name=\"robots\" content=\"noindex, follow, max-snippet:-1, max-image-preview:large, max-video-preview:-1\" \/>\n<meta property=\"og:locale\" content=\"de_DE\" \/>\n<meta property=\"og:type\" content=\"article\" \/>\n<meta property=\"og:title\" content=\"Flottenvermarkter - Indicata\" \/>\n<meta property=\"og:url\" content=\"https:\/\/indicata.bluebird.pw\/de\/flottenvermarkter\/\" \/>\n<meta property=\"og:site_name\" content=\"Indicata\" \/>\n<meta property=\"article:modified_time\" content=\"2024-11-06T13:09:29+00:00\" \/>\n<meta property=\"og:image\" content=\"https:\/\/indicata.bluebird.pw\/wp-content\/uploads\/2024\/04\/Frame-3-3.jpg\" \/>\n<meta name=\"twitter:card\" content=\"summary_large_image\" \/>\n<meta name=\"twitter:label1\" content=\"Gesch\u00e4tzte Lesezeit\" \/>\n\t<meta name=\"twitter:data1\" content=\"2\u00a0Minuten\" \/>\n<script type=\"application\/ld+json\" class=\"yoast-schema-graph\">{\"@context\":\"https:\\\/\\\/schema.org\",\"@graph\":[{\"@type\":\"WebPage\",\"@id\":\"https:\\\/\\\/indicata.bluebird.pw\\\/de\\\/flottenvermarkter\\\/\",\"url\":\"https:\\\/\\\/indicata.bluebird.pw\\\/de\\\/flottenvermarkter\\\/\",\"name\":\"Flottenvermarkter - Indicata\",\"isPartOf\":{\"@id\":\"https:\\\/\\\/indicata.bluebird.pw\\\/#website\"},\"primaryImageOfPage\":{\"@id\":\"https:\\\/\\\/indicata.bluebird.pw\\\/de\\\/flottenvermarkter\\\/#primaryimage\"},\"image\":{\"@id\":\"https:\\\/\\\/indicata.bluebird.pw\\\/de\\\/flottenvermarkter\\\/#primaryimage\"},\"thumbnailUrl\":\"https:\\\/\\\/indicata.bluebird.pw\\\/wp-content\\\/uploads\\\/2024\\\/04\\\/Frame-3-3.jpg\",\"datePublished\":\"2024-04-19T05:52:44+00:00\",\"dateModified\":\"2024-11-06T13:09:29+00:00\",\"breadcrumb\":{\"@id\":\"https:\\\/\\\/indicata.bluebird.pw\\\/de\\\/flottenvermarkter\\\/#breadcrumb\"},\"inLanguage\":\"de\",\"potentialAction\":[{\"@type\":\"ReadAction\",\"target\":[\"https:\\\/\\\/indicata.bluebird.pw\\\/de\\\/flottenvermarkter\\\/\"]}]},{\"@type\":\"ImageObject\",\"inLanguage\":\"de\",\"@id\":\"https:\\\/\\\/indicata.bluebird.pw\\\/de\\\/flottenvermarkter\\\/#primaryimage\",\"url\":\"https:\\\/\\\/indicata.bluebird.pw\\\/wp-content\\\/uploads\\\/2024\\\/04\\\/Frame-3-3.jpg\",\"contentUrl\":\"https:\\\/\\\/indicata.bluebird.pw\\\/wp-content\\\/uploads\\\/2024\\\/04\\\/Frame-3-3.jpg\"},{\"@type\":\"BreadcrumbList\",\"@id\":\"https:\\\/\\\/indicata.bluebird.pw\\\/de\\\/flottenvermarkter\\\/#breadcrumb\",\"itemListElement\":[{\"@type\":\"ListItem\",\"position\":1,\"name\":\"Home\",\"item\":\"https:\\\/\\\/indicata.bluebird.pw\\\/de\\\/\"},{\"@type\":\"ListItem\",\"position\":2,\"name\":\"Flottenvermarkter\"}]},{\"@type\":\"WebSite\",\"@id\":\"https:\\\/\\\/indicata.bluebird.pw\\\/#website\",\"url\":\"https:\\\/\\\/indicata.bluebird.pw\\\/\",\"name\":\"Indicata\",\"description\":\"Part of Autorola Group\",\"potentialAction\":[{\"@type\":\"SearchAction\",\"target\":{\"@type\":\"EntryPoint\",\"urlTemplate\":\"https:\\\/\\\/indicata.bluebird.pw\\\/?s={search_term_string}\"},\"query-input\":{\"@type\":\"PropertyValueSpecification\",\"valueRequired\":true,\"valueName\":\"search_term_string\"}}],\"inLanguage\":\"de\"}]}<\/script>\n<!-- \/ Yoast SEO plugin. -->","yoast_head_json":{"title":"Flottenvermarkter - Indicata","robots":{"index":"noindex","follow":"follow","max-snippet":"max-snippet:-1","max-image-preview":"max-image-preview:large","max-video-preview":"max-video-preview:-1"},"og_locale":"de_DE","og_type":"article","og_title":"Flottenvermarkter - Indicata","og_url":"https:\/\/indicata.bluebird.pw\/de\/flottenvermarkter\/","og_site_name":"Indicata","article_modified_time":"2024-11-06T13:09:29+00:00","og_image":[{"url":"https:\/\/indicata.bluebird.pw\/wp-content\/uploads\/2024\/04\/Frame-3-3.jpg","type":"","width":"","height":""}],"twitter_card":"summary_large_image","twitter_misc":{"Gesch\u00e4tzte Lesezeit":"2\u00a0Minuten"},"schema":{"@context":"https:\/\/schema.org","@graph":[{"@type":"WebPage","@id":"https:\/\/indicata.bluebird.pw\/de\/flottenvermarkter\/","url":"https:\/\/indicata.bluebird.pw\/de\/flottenvermarkter\/","name":"Flottenvermarkter - Indicata","isPartOf":{"@id":"https:\/\/indicata.bluebird.pw\/#website"},"primaryImageOfPage":{"@id":"https:\/\/indicata.bluebird.pw\/de\/flottenvermarkter\/#primaryimage"},"image":{"@id":"https:\/\/indicata.bluebird.pw\/de\/flottenvermarkter\/#primaryimage"},"thumbnailUrl":"https:\/\/indicata.bluebird.pw\/wp-content\/uploads\/2024\/04\/Frame-3-3.jpg","datePublished":"2024-04-19T05:52:44+00:00","dateModified":"2024-11-06T13:09:29+00:00","breadcrumb":{"@id":"https:\/\/indicata.bluebird.pw\/de\/flottenvermarkter\/#breadcrumb"},"inLanguage":"de","potentialAction":[{"@type":"ReadAction","target":["https:\/\/indicata.bluebird.pw\/de\/flottenvermarkter\/"]}]},{"@type":"ImageObject","inLanguage":"de","@id":"https:\/\/indicata.bluebird.pw\/de\/flottenvermarkter\/#primaryimage","url":"https:\/\/indicata.bluebird.pw\/wp-content\/uploads\/2024\/04\/Frame-3-3.jpg","contentUrl":"https:\/\/indicata.bluebird.pw\/wp-content\/uploads\/2024\/04\/Frame-3-3.jpg"},{"@type":"BreadcrumbList","@id":"https:\/\/indicata.bluebird.pw\/de\/flottenvermarkter\/#breadcrumb","itemListElement":[{"@type":"ListItem","position":1,"name":"Home","item":"https:\/\/indicata.bluebird.pw\/de\/"},{"@type":"ListItem","position":2,"name":"Flottenvermarkter"}]},{"@type":"WebSite","@id":"https:\/\/indicata.bluebird.pw\/#website","url":"https:\/\/indicata.bluebird.pw\/","name":"Indicata","description":"Part of Autorola Group","potentialAction":[{"@type":"SearchAction","target":{"@type":"EntryPoint","urlTemplate":"https:\/\/indicata.bluebird.pw\/?s={search_term_string}"},"query-input":{"@type":"PropertyValueSpecification","valueRequired":true,"valueName":"search_term_string"}}],"inLanguage":"de"}]}},"_links":{"self":[{"href":"https:\/\/indicata.bluebird.pw\/de\/wp-json\/wp\/v2\/pages\/8159","targetHints":{"allow":["GET"]}}],"collection":[{"href":"https:\/\/indicata.bluebird.pw\/de\/wp-json\/wp\/v2\/pages"}],"about":[{"href":"https:\/\/indicata.bluebird.pw\/de\/wp-json\/wp\/v2\/types\/page"}],"author":[{"embeddable":true,"href":"https:\/\/indicata.bluebird.pw\/de\/wp-json\/wp\/v2\/users\/2"}],"replies":[{"embeddable":true,"href":"https:\/\/indicata.bluebird.pw\/de\/wp-json\/wp\/v2\/comments?post=8159"}],"version-history":[{"count":3,"href":"https:\/\/indicata.bluebird.pw\/de\/wp-json\/wp\/v2\/pages\/8159\/revisions"}],"predecessor-version":[{"id":8162,"href":"https:\/\/indicata.bluebird.pw\/de\/wp-json\/wp\/v2\/pages\/8159\/revisions\/8162"}],"wp:attachment":[{"href":"https:\/\/indicata.bluebird.pw\/de\/wp-json\/wp\/v2\/media?parent=8159"}],"curies":[{"name":"wp","href":"https:\/\/api.w.org\/{rel}","templated":true}]}}