{"id":1109,"date":"2024-05-21T20:33:51","date_gmt":"2024-05-21T18:33:51","guid":{"rendered":"https:\/\/indicata.bluebird.pw\/empresa\/"},"modified":"2024-08-14T12:53:04","modified_gmt":"2024-08-14T10:53:04","slug":"empresa","status":"publish","type":"page","link":"https:\/\/indicata.bluebird.pw\/es\/empresa\/","title":{"rendered":"Empresa"},"content":{"rendered":"\n<section class=\"wp-block-indicata-sub-cover mt-sub-cover is-style-bg-default\"><div class=\"mt-sub-cover__container\"><div class=\"mt-sub-cover__inner page-container\"><div class=\"mt-sub-cover__text-container\"><span class=\"mt-sub-cover__tagline mt-tagline\">About Indicata<\/span>\n<h1 class=\"wp-block-heading\">Empresa<\/h1>\n\n\n\n<p>Ayudamos a empresas a tomar mejores<br\/>decisiones, para obtener ventajas<br\/>competitivas y mejorar<br\/>eficientemente su operativa<\/p>\n\n\n\n<div class=\"wp-block-buttons is-layout-flex wp-block-buttons-is-layout-flex\">\n<div class=\"wp-block-button open-slide-in-contact\" data-contact-slide-in-view=\"3\"><a class=\"wp-block-button__link wp-element-button\">Solicita una demostraci\u00f3n<\/a><\/div>\n\n\n\n<div class=\"wp-block-button is-style-primary-transparent open-slide-in-contact\" data-contact-slide-in-view=\"2\"><a class=\"wp-block-button__link wp-element-button\">Contacta con nosotros<\/a><\/div>\n<\/div>\n<\/div><\/div><div class=\"mt-sub-cover__image-container object-fit\"><img decoding=\"async\" src=\"https:\/\/indicata.bluebird.pw\/wp-content\/uploads\/2024\/06\/shutterstock_534346318-scaled.jpg\" alt=\"\" style=\"object-position:66% 56.00000000000001%\"\/><\/div><\/div><\/section>\n\n<section class=\"wp-block-morningmodules-logo-line mt-logo-line mt-logo-line--should-slide mt-logo-line--border-bottom mtSpacing-top-small mtSpacing-bottom-extraSmall\"><div class=\"mt-logo-line__inner\"><div class=\"mt-logo-line__text-container\"><p class=\"mt-logo-line__text\">Trusted by global<br>automotive brands<\/p><\/div><div class=\"mt-logo-line__logos-container swiper\"><div class=\"swiper-wrapper\">\n<div class=\"wp-block-morningmodules-logo-line-logo mt-logo swiper-slide\" style=\"opacity:1\"><img decoding=\"async\" src=\"https:\/\/indicata.bluebird.pw\/wp-content\/uploads\/2024\/04\/Tesla.svg\" alt=\"\" class=\"mt-logo__logo\" style=\"max-height:40px;margin-top:0px\"><\/div>\n\n\n\n<div class=\"wp-block-morningmodules-logo-line-logo mt-logo swiper-slide\" style=\"opacity:1\"><img decoding=\"async\" src=\"https:\/\/indicata.bluebird.pw\/wp-content\/uploads\/2024\/04\/BMW.svg\" alt=\"\" class=\"mt-logo__logo\" style=\"max-height:40px;margin-top:0px\"><\/div>\n\n\n\n<div class=\"wp-block-morningmodules-logo-line-logo mt-logo swiper-slide\" style=\"opacity:1\"><img decoding=\"async\" src=\"https:\/\/indicata.bluebird.pw\/wp-content\/uploads\/2024\/04\/Mercedes.svg\" alt=\"\" class=\"mt-logo__logo\" style=\"max-height:40px;margin-top:0px\"><\/div>\n\n\n\n<div class=\"wp-block-morningmodules-logo-line-logo mt-logo swiper-slide\" style=\"opacity:1\"><img decoding=\"async\" src=\"https:\/\/indicata.bluebird.pw\/wp-content\/uploads\/2024\/04\/Volkswagen.svg\" alt=\"\" class=\"mt-logo__logo\" style=\"max-height:40px;margin-top:0px\"><\/div>\n\n\n\n<div class=\"wp-block-morningmodules-logo-line-logo mt-logo swiper-slide\" style=\"opacity:1\"><img decoding=\"async\" src=\"https:\/\/indicata.bluebird.pw\/wp-content\/uploads\/2024\/04\/logo-teknicar_svg__Layer_1.svg\" alt=\"\" class=\"mt-logo__logo\" style=\"max-height:40px;margin-top:0px\"><\/div>\n<\/div><\/div><\/div><\/section>\n\n<section class=\"wp-block-morningmodules-text-media mt-text-media mt-text-media--align-media-left mt-text-media--align-media-mobile-bottom is-style-bg-default\"><div class=\"mt-text-media__inner\"><div class=\"mt-text-media__media-container\"><img decoding=\"async\" src=\"https:\/\/indicata.bluebird.pw\/wp-content\/uploads\/2024\/05\/AdobeStock_642486126.jpeg\" alt=\"\" style=\"object-position:32% 37%\"\/><\/div><div class=\"mt-text-media__text-container\"><span class=\"mt-text-media__tagline mt-tagline\"><\/span><h2 class=\"mt-text-media__title\">Global leader in Business Intelligence for used vehicle operations<\/h2>\n<p>INDICATA es el l\u00edder mundial en soluciones de inteligencia de negocio y anal\u00edtica para operaciones con veh\u00edculos usados en la industria del autom\u00f3vil. Dise\u00f1ada para la gesti\u00f3n eficaz de veh\u00edculos usados, INDICATA permite a los fabricantes de autom\u00f3viles, concesionarios y operadores de flotas, convertir los datos en una ventaja competitiva y les proporciona orientaci\u00f3n estrat\u00e9gica para mejorar la eficiencia operativa en sus operaciones de veh\u00edculos usados.<br\/><br\/>INDICATA responde a la creciente demanda del mercado sobre informaci\u00f3n en tiempo real. El sistema representa no s\u00f3lo la soluci\u00f3n m\u00e1s convincente e innovadora del sector, sino tambi\u00e9n la m\u00e1s eficaz para los amplios objetivos en la gesti\u00f3n de operaciones de veh\u00edculos usados y valores residuales de fabricantes de autom\u00f3viles, concesionarios, organizaciones de servicios financieros, empresas de leasing y propietarios de flotas.<\/p>\n\n\n\n<p>Los \u00e9xitos experimentados con nuestra tecnolog\u00eda nos han ayudado a ganar tracci\u00f3n internacional y una clientela creciente de los principales fabricantes y concesionarios de autom\u00f3viles del mundo, cuyas operaciones de veh\u00edculos usados han experimentado mejoras impresionantes desde que eligieron INDICATA.<\/p>\n\n\n\n<p>INDICATA es el resultado de la colaboraci\u00f3n entre ejecutivos de la industria del autom\u00f3vil y desarrolladores de software. Juntos hemos desarrollado un enfoque \u00fanico para recopilar, procesar y analizar datos del mercado de veh\u00edculos de ocasi\u00f3n en tiempo real, con el fin de ofrecer una visi\u00f3n de las din\u00e1micas del mercado que no tiene parang\u00f3n en el sector.<\/p>\n\n\n\n<p>Con INDICATA, la amplitud y el poder de los datos e informaci\u00f3n procesable est\u00e1n directamente al alcance de tus manos.<\/p>\n<\/div><\/div><\/section>\n\n<section class=\"wp-block-morningmodules-text-media mt-text-media mt-text-media--align-media-right mt-text-media--align-media-mobile-bottom is-style-bg-secondary\"><div class=\"mt-text-media__inner\"><div class=\"mt-text-media__media-container\"><img decoding=\"async\" src=\"https:\/\/indicata.bluebird.pw\/wp-content\/uploads\/2024\/05\/Autorola_3circles_2020_RGB_wide.png\" alt=\"\" style=\"object-position:50% 51%\"\/><\/div><div class=\"mt-text-media__text-container\"><span class=\"mt-text-media__tagline mt-tagline\"><\/span><h2 class=\"mt-text-media__title\">Part of the AUTOROLA Group<\/h2>\n<p>INDICATA forma parte del Grupo AUTOROLA, l\u00edder mundial en remarketing online y soluciones inform\u00e1ticas para la gesti\u00f3n profesional de veh\u00edculos usados y flotas, con sede en Dinamarca. La empresa tiene actualmente unos 750 empleados y filiales en 21 pa\u00edses de Europa, Norteam\u00e9rica, Latinoam\u00e9rica y Asia-Pac\u00edfico.<\/p>\n\n\n\n<p>El Grupo AUTOROLA apuesta por un proceso de renovaci\u00f3n constante a lo largo de la transformaci\u00f3n digital. La empresa se adapta constantemente a las necesidades de nuestros clientes, siempre desde una perspectiva online, para lograr el \u00e9xito en la correcta comercializaci\u00f3n de veh\u00edculos usados procedentes de procesos de de-fleeting.<\/p>\n<\/div><\/div><\/section>\n\n<section class=\"wp-block-indicata-link-boxes-with-icon mt-link-boxes-with-icon mtSpacing-top-medium mtSpacing-bottom-medium\"><div class=\"mt-link-boxes-with-icon__inner page-container\"><div class=\"mt-link-boxes-with-icon__text-container\"><h2 class=\"mt-link-boxes-with-icon__title\">AUTOROLA is divided into three global business units<\/h2><\/div><div class=\"mt-link-boxes-with-icon__boxes-wrapper\">\n<div class=\"wp-block-indicata-link-box-with-icon mt-link-box-with-icon swiper-slide\"><a href=\"https:\/\/www.autorolagroup.com\/products-and-services\/vehicle-auctions\/\" target=\"_blank\" rel=\"noopener\" class=\"mt-link-box-with-icon__link\"><\/a><div class=\"mt-link-box-with-icon__title-container\"><div class=\"mt-link-box-with-icon__icon-container\"><img decoding=\"async\" src=\"https:\/\/indicata.bluebird.pw\/wp-content\/uploads\/2024\/06\/autorola_R-2.png\" alt=\"autorola_R-2\" width=\"24\" height=\"24\" class=\"mt-link-box-with-icon__icon\"><\/div><p class=\"mt-link-box-with-icon__title\">MARKETPLACE<\/p><\/div><p class=\"mt-link-box-with-icon__text\">Amplia gama de subastas en l\u00ednea para vendedores de veh\u00edculos europeos y de todo el mundo impulsadas por nuestra plataforma utilizada por m\u00e1s de 70.000 compradores activos.<\/p><\/div>\n\n\n\n<div class=\"wp-block-indicata-link-box-with-icon mt-link-box-with-icon swiper-slide\"><a href=\"https:\/\/www.autorolagroup.com\/products-and-services\/infleet-defleet-services\/\" target=\"_blank\" rel=\"noopener\" class=\"mt-link-box-with-icon__link\"><\/a><div class=\"mt-link-box-with-icon__title-container\"><div class=\"mt-link-box-with-icon__icon-container\"><img decoding=\"async\" src=\"https:\/\/indicata.bluebird.pw\/wp-content\/uploads\/2024\/06\/SolutionsLogo_Pos_RGB-2.png\" alt=\"SolucionesLogo_Pos_RGB-2\" width=\"24\" height=\"24\" class=\"mt-link-box-with-icon__icon\"><\/div><p class=\"mt-link-box-with-icon__title\">SOLUTIONS<\/p><\/div><p class=\"mt-link-box-with-icon__text\">Soluciones personalizadas para propietarios de flotas que cubren las necesidades espec\u00edficas en los segmentos OEM, bancario y de leasing en todo el mundo.<\/p><\/div>\n\n\n\n<div class=\"wp-block-indicata-link-box-with-icon mt-link-box-with-icon swiper-slide\"><a href=\"https:\/\/es.indicata.com\/privacy-statement\/?lang=es\" class=\"mt-link-box-with-icon__link\"><\/a><div class=\"mt-link-box-with-icon__title-container\"><div class=\"mt-link-box-with-icon__icon-container\"><img decoding=\"async\" src=\"https:\/\/indicata.bluebird.pw\/wp-content\/uploads\/2024\/04\/cropped-image-5.png\" alt=\"imagen-recortada-5.png\" width=\"24\" height=\"24\" class=\"mt-link-box-with-icon__icon\"><\/div><p class=\"mt-link-box-with-icon__title\">INDICATA<\/p><\/div><p class=\"mt-link-box-with-icon__text\">La nueva generaci\u00f3n de software de inteligencia empresarial y conocimiento del mercado para la gesti\u00f3n de inventarios de veh\u00edculos usados.<\/p><\/div>\n<\/div><\/div><\/section>\n","protected":false},"excerpt":{"rendered":"","protected":false},"author":4,"featured_media":0,"parent":0,"menu_order":0,"comment_status":"closed","ping_status":"closed","template":"","meta":{"_acf_changed":false,"footnotes":""},"class_list":["post-1109","page","type-page","status-publish","hentry"],"acf":[],"yoast_head":"<!-- This site is optimized with the Yoast SEO plugin v27.3 - https:\/\/yoast.com\/product\/yoast-seo-wordpress\/ -->\n<title>Empresa - Indicata<\/title>\n<meta name=\"robots\" content=\"noindex, follow, max-snippet:-1, max-image-preview:large, max-video-preview:-1\" \/>\n<meta property=\"og:locale\" content=\"es_ES\" \/>\n<meta property=\"og:type\" content=\"article\" \/>\n<meta property=\"og:title\" content=\"Empresa - Indicata\" \/>\n<meta property=\"og:url\" content=\"https:\/\/indicata.bluebird.pw\/empresa\/?lang=es\" \/>\n<meta property=\"og:site_name\" content=\"Indicata\" \/>\n<meta property=\"article:modified_time\" content=\"2024-08-14T10:53:04+00:00\" \/>\n<meta property=\"og:image\" content=\"https:\/\/indicata.bluebird.pw\/wp-content\/uploads\/2024\/06\/shutterstock_534346318-scaled.jpg\" \/>\n<meta name=\"twitter:card\" content=\"summary_large_image\" \/>\n<meta name=\"twitter:label1\" content=\"Tiempo de lectura\" \/>\n\t<meta name=\"twitter:data1\" content=\"3 minutos\" \/>\n<script type=\"application\/ld+json\" class=\"yoast-schema-graph\">{\"@context\":\"https:\\\/\\\/schema.org\",\"@graph\":[{\"@type\":\"WebPage\",\"@id\":\"https:\\\/\\\/indicata.bluebird.pw\\\/empresa\\\/?lang=es\",\"url\":\"https:\\\/\\\/indicata.bluebird.pw\\\/empresa\\\/?lang=es\",\"name\":\"Empresa - Indicata\",\"isPartOf\":{\"@id\":\"https:\\\/\\\/indicata.bluebird.pw\\\/#website\"},\"primaryImageOfPage\":{\"@id\":\"https:\\\/\\\/indicata.bluebird.pw\\\/empresa\\\/?lang=es#primaryimage\"},\"image\":{\"@id\":\"https:\\\/\\\/indicata.bluebird.pw\\\/empresa\\\/?lang=es#primaryimage\"},\"thumbnailUrl\":\"https:\\\/\\\/indicata.bluebird.pw\\\/wp-content\\\/uploads\\\/2024\\\/06\\\/shutterstock_534346318-scaled.jpg\",\"datePublished\":\"2024-05-21T18:33:51+00:00\",\"dateModified\":\"2024-08-14T10:53:04+00:00\",\"breadcrumb\":{\"@id\":\"https:\\\/\\\/indicata.bluebird.pw\\\/empresa\\\/?lang=es#breadcrumb\"},\"inLanguage\":\"es\",\"potentialAction\":[{\"@type\":\"ReadAction\",\"target\":[\"https:\\\/\\\/indicata.bluebird.pw\\\/empresa\\\/?lang=es\"]}]},{\"@type\":\"ImageObject\",\"inLanguage\":\"es\",\"@id\":\"https:\\\/\\\/indicata.bluebird.pw\\\/empresa\\\/?lang=es#primaryimage\",\"url\":\"https:\\\/\\\/indicata.bluebird.pw\\\/wp-content\\\/uploads\\\/2024\\\/06\\\/shutterstock_534346318-scaled.jpg\",\"contentUrl\":\"https:\\\/\\\/indicata.bluebird.pw\\\/wp-content\\\/uploads\\\/2024\\\/06\\\/shutterstock_534346318-scaled.jpg\"},{\"@type\":\"BreadcrumbList\",\"@id\":\"https:\\\/\\\/indicata.bluebird.pw\\\/empresa\\\/?lang=es#breadcrumb\",\"itemListElement\":[{\"@type\":\"ListItem\",\"position\":1,\"name\":\"Home\",\"item\":\"https:\\\/\\\/es.indicata.com\\\/\"},{\"@type\":\"ListItem\",\"position\":2,\"name\":\"Empresa\"}]},{\"@type\":\"WebSite\",\"@id\":\"https:\\\/\\\/indicata.bluebird.pw\\\/#website\",\"url\":\"https:\\\/\\\/indicata.bluebird.pw\\\/\",\"name\":\"Indicata\",\"description\":\"Part of Autorola Group\",\"potentialAction\":[{\"@type\":\"SearchAction\",\"target\":{\"@type\":\"EntryPoint\",\"urlTemplate\":\"https:\\\/\\\/indicata.bluebird.pw\\\/?s={search_term_string}\"},\"query-input\":{\"@type\":\"PropertyValueSpecification\",\"valueRequired\":true,\"valueName\":\"search_term_string\"}}],\"inLanguage\":\"es\"}]}<\/script>\n<!-- \/ Yoast SEO plugin. -->","yoast_head_json":{"title":"Empresa - Indicata","robots":{"index":"noindex","follow":"follow","max-snippet":"max-snippet:-1","max-image-preview":"max-image-preview:large","max-video-preview":"max-video-preview:-1"},"og_locale":"es_ES","og_type":"article","og_title":"Empresa - Indicata","og_url":"https:\/\/indicata.bluebird.pw\/empresa\/?lang=es","og_site_name":"Indicata","article_modified_time":"2024-08-14T10:53:04+00:00","og_image":[{"url":"https:\/\/indicata.bluebird.pw\/wp-content\/uploads\/2024\/06\/shutterstock_534346318-scaled.jpg","type":"","width":"","height":""}],"twitter_card":"summary_large_image","twitter_misc":{"Tiempo de lectura":"3 minutos"},"schema":{"@context":"https:\/\/schema.org","@graph":[{"@type":"WebPage","@id":"https:\/\/indicata.bluebird.pw\/empresa\/?lang=es","url":"https:\/\/indicata.bluebird.pw\/empresa\/?lang=es","name":"Empresa - Indicata","isPartOf":{"@id":"https:\/\/indicata.bluebird.pw\/#website"},"primaryImageOfPage":{"@id":"https:\/\/indicata.bluebird.pw\/empresa\/?lang=es#primaryimage"},"image":{"@id":"https:\/\/indicata.bluebird.pw\/empresa\/?lang=es#primaryimage"},"thumbnailUrl":"https:\/\/indicata.bluebird.pw\/wp-content\/uploads\/2024\/06\/shutterstock_534346318-scaled.jpg","datePublished":"2024-05-21T18:33:51+00:00","dateModified":"2024-08-14T10:53:04+00:00","breadcrumb":{"@id":"https:\/\/indicata.bluebird.pw\/empresa\/?lang=es#breadcrumb"},"inLanguage":"es","potentialAction":[{"@type":"ReadAction","target":["https:\/\/indicata.bluebird.pw\/empresa\/?lang=es"]}]},{"@type":"ImageObject","inLanguage":"es","@id":"https:\/\/indicata.bluebird.pw\/empresa\/?lang=es#primaryimage","url":"https:\/\/indicata.bluebird.pw\/wp-content\/uploads\/2024\/06\/shutterstock_534346318-scaled.jpg","contentUrl":"https:\/\/indicata.bluebird.pw\/wp-content\/uploads\/2024\/06\/shutterstock_534346318-scaled.jpg"},{"@type":"BreadcrumbList","@id":"https:\/\/indicata.bluebird.pw\/empresa\/?lang=es#breadcrumb","itemListElement":[{"@type":"ListItem","position":1,"name":"Home","item":"https:\/\/es.indicata.com\/"},{"@type":"ListItem","position":2,"name":"Empresa"}]},{"@type":"WebSite","@id":"https:\/\/indicata.bluebird.pw\/#website","url":"https:\/\/indicata.bluebird.pw\/","name":"Indicata","description":"Part of Autorola Group","potentialAction":[{"@type":"SearchAction","target":{"@type":"EntryPoint","urlTemplate":"https:\/\/indicata.bluebird.pw\/?s={search_term_string}"},"query-input":{"@type":"PropertyValueSpecification","valueRequired":true,"valueName":"search_term_string"}}],"inLanguage":"es"}]}},"_links":{"self":[{"href":"https:\/\/indicata.bluebird.pw\/es\/wp-json\/wp\/v2\/pages\/1109","targetHints":{"allow":["GET"]}}],"collection":[{"href":"https:\/\/indicata.bluebird.pw\/es\/wp-json\/wp\/v2\/pages"}],"about":[{"href":"https:\/\/indicata.bluebird.pw\/es\/wp-json\/wp\/v2\/types\/page"}],"author":[{"embeddable":true,"href":"https:\/\/indicata.bluebird.pw\/es\/wp-json\/wp\/v2\/users\/4"}],"replies":[{"embeddable":true,"href":"https:\/\/indicata.bluebird.pw\/es\/wp-json\/wp\/v2\/comments?post=1109"}],"version-history":[{"count":10,"href":"https:\/\/indicata.bluebird.pw\/es\/wp-json\/wp\/v2\/pages\/1109\/revisions"}],"predecessor-version":[{"id":2622,"href":"https:\/\/indicata.bluebird.pw\/es\/wp-json\/wp\/v2\/pages\/1109\/revisions\/2622"}],"wp:attachment":[{"href":"https:\/\/indicata.bluebird.pw\/es\/wp-json\/wp\/v2\/media?parent=1109"}],"curies":[{"name":"wp","href":"https:\/\/api.w.org\/{rel}","templated":true}]}}