{"id":1776,"date":"2024-05-21T21:12:22","date_gmt":"2024-05-21T19:12:22","guid":{"rendered":"https:\/\/indicata.bluebird.pw\/cookies\/"},"modified":"2024-09-11T14:48:23","modified_gmt":"2024-09-11T12:48:23","slug":"cookies","status":"publish","type":"page","link":"https:\/\/indicata.bluebird.pw\/es\/cookies\/","title":{"rendered":"Cookies"},"content":{"rendered":"\n<section class=\"wp-block-indicata-post-content mt-post-content\"><div class=\"mt-post-content__inner\"><div class=\"mt-post-content__content\">\n<h2 class=\"wp-block-heading\">Cookies<\/h2>\n\n\n\n<p>Este documento le proporcionar\u00e1 informaci\u00f3n sobre la forma y la raz\u00f3n por la que hacemos uso de cookies. Tambi\u00e9n le informaremos de cu\u00e1les son las cookies que utilizamos y le daremos cierta informaci\u00f3n sobre terceros que tambi\u00e9n tienen cookies en nuestro sitio web.<\/p>\n\n\n\n<h3 class=\"wp-block-heading\" id=\"Summary\">Resumen<\/h3>\n\n\n\n<p>Este documento se aplica a:<\/p>\n\n\n\n<ul class=\"wp-block-list\">\n<li>Visitantes del sitio web<\/li>\n<\/ul>\n\n\n\n<p>Este documento tratan de:<\/p>\n\n\n\n<ul class=\"wp-block-list\">\n<li><a href=\"https:\/\/www.indicata.es\/cookies#Cookies\">Cookies<\/a><\/li>\n\n\n\n<li><a href=\"https:\/\/www.indicata.es\/cookies#Summary\">Resumen<\/a><\/li>\n\n\n\n<li><a href=\"https:\/\/www.indicata.es\/cookies#What-is-a-cookie\">\u00bfQu\u00e9 es una cookie?<\/a>\n<ul class=\"wp-block-list\">\n<li><a href=\"https:\/\/www.indicata.es\/cookies#Types-of-cookies\">Tipos de cookies<\/a><\/li>\n<\/ul>\n<\/li>\n\n\n\n<li><a href=\"https:\/\/www.indicata.es\/cookies#Which-cookies-do-we-use\">\u00bfQu\u00e9 tipos de cookies utilizamos?<\/a>\n<ul class=\"wp-block-list\">\n<li><a href=\"https:\/\/www.indicata.es\/cookies#Essential-cookies\">Cookies esenciales<\/a><\/li>\n\n\n\n<li><a href=\"https:\/\/www.indicata.es\/cookies#Analytical-cookies\">Cookies anal\u00edticas<\/a><\/li>\n\n\n\n<li><a href=\"https:\/\/www.indicata.es\/cookies#Marketing-Cookies\">Cookies de marketing<\/a><\/li>\n\n\n\n<li><a href=\"https:\/\/www.indicata.es\/cookies#Personalization%20Cookies\">Cookies de personalizaci\u00f3n<\/a><\/li>\n<\/ul>\n<\/li>\n\n\n\n<li><a href=\"https:\/\/www.indicata.es\/cookies#How-do-we-use-cookies\">\u00bfC\u00f3mo utilizamos las cookies?<\/a><\/li>\n\n\n\n<li><a href=\"https:\/\/www.indicata.es\/cookies#How-to-block-cookies\">C\u00f3mo bloquear las cookies<\/a><\/li>\n\n\n\n<li><a href=\"https:\/\/www.indicata.es\/cookies#How-to-withdraw-a-given-consent\">C\u00f3mo revocar un consentimiento otorgado<\/a><\/li>\n\n\n\n<li><a href=\"https:\/\/www.indicata.es\/cookies#Cookies-list\">Lista de cookies<\/a><\/li>\n\n\n\n<li><a href=\"https:\/\/www.indicata.es\/cookies#Contact-Us\">Contacto<\/a><\/li>\n<\/ul>\n\n\n\n<h3 class=\"wp-block-heading\" id=\"What-is-a-cookie\"><br>\u00bfQu\u00e9 es una cookie?<\/h3>\n\n\n\n<p>Las cookies son peque\u00f1os archivos de texto que se almacenan en su dispositivo y que nos permiten mejorar su experiencia y hacer que sea m\u00e1s eficaz. Nos permiten reconocer su dispositivo y navegador y almacenar informaci\u00f3n importante para mejorar nuestros servicios.<\/p>\n\n\n\n<h3 class=\"wp-block-heading\" id=\"Types-of-cookies\">Tipos de cookies<\/h3>\n\n\n\n<p><strong>Cookies de sesi\u00f3n y cookies persistentes<\/strong><\/p>\n\n\n\n<ul class=\"wp-block-list\">\n<li>Las cookies de sesi\u00f3n se almacenan temporalmente en la memoria de sus dispositivos mientras visita el sitio web y se eliminan cuando cierra su navegador.<\/li>\n\n\n\n<li>Las cookies persistentes se almacenan durante un per\u00edodo de tiempo predeterminado que var\u00eda de una cookie a otra. Es m\u00e1s largo que el de las cookies de sesi\u00f3n; sin embargo, tambi\u00e9n caducan al cabo de un tiempo. Nos ayudan a saber si ha visitado nuestro sitio web anteriormente o sitios similares en el pasado.<\/li>\n<\/ul>\n\n\n\n<p><strong>Cookies de origen y de terceros<\/strong><\/p>\n\n\n\n<ul class=\"wp-block-list\">\n<li>Las cookies de origen las instala directamente el sitio web o cualquiera de los subdominios del sitio web.<\/li>\n\n\n\n<li>Las cookies de terceros las instalan sitios web que no gestionamos nosotros, como nuestros subencargados del tratamiento u otros socios tecnol\u00f3gicos.<\/li>\n<\/ul>\n\n\n\n<h3 class=\"wp-block-heading\" id=\"Which-cookies-do-we-use\"><br>\u00bfQu\u00e9 tipos de cookies utilizamos?<\/h3>\n\n\n\n<h4 class=\"wp-block-heading\" id=\"Essential-cookies\"><br>Cookies esenciales<\/h4>\n\n\n\n<p>Almacenamos cookies en su dispositivo si son necesarias para poder ofrecer y prestar nuestros servicios. Tambi\u00e9n son necesarias para que pueda navegar por el sitio web y la aplicaci\u00f3n web y disfrutar de todas las funciones disponibles. Estas cookies no se pueden desactivar y est\u00e1n configuradas para opciones muy b\u00e1sicas en el sitio web, como el inicio de sesi\u00f3n, los formularios y las preferencias establecidas, como la zona horaria o los idiomas.<\/p>\n\n\n\n<h4 class=\"wp-block-heading\" id=\"Analytical-cookies\">Cookies anal\u00edticas<\/h4>\n\n\n\n<p>Estas cookies se instalan para ayudarnos a saber c\u00f3mo interact\u00faa con las opciones disponibles en el sitio web, qu\u00e9 partes utiliza m\u00e1s y c\u00f3mo interact\u00faa con nuestros servicios. Esto nos ayuda a crear estad\u00edsticas de uso y de la cantidad de tiempo que pasa en el sitio web. Estas estad\u00edsticas nos ayudar\u00e1n en \u00faltima instancia a mejorar nuestro sitio web y cualquier servicio que ofrezcamos en \u00e9l.<\/p>\n\n\n\n<h4 class=\"wp-block-heading\" id=\"Marketing-Cookies\">Cookies de marketing<\/h4>\n\n\n\n<p>Estas cookies se utilizan para ofrecerle anuncios que pueden ser relevantes o de inter\u00e9s para usted cuando navega por internet. En la mayor\u00eda de los casos las instalan terceros cuando interact\u00faa con su contenido en nuestro sitio web.<\/p>\n\n\n\n<h4 class=\"wp-block-heading\" id=\"Personalization-Cookies\">Cookies de personalizaci\u00f3n<\/h4>\n\n\n\n<p>Estas cookies se instalan para ayudarnos a ofrecerle una mejor funcionalidad del sitio web y de nuestros servicios, as\u00ed como a personalizarlos m\u00e1s para usted.<\/p>\n\n\n\n<p>Puede bloquear estas cookies, pero si lo hace, es posible que algunas partes del sitio web no funcionen de la forma que pretendemos.<\/p>\n\n\n\n<h3 class=\"wp-block-heading\" id=\"How-do-we-use-cookies\">\u00bfC\u00f3mo utilizamos las cookies?<\/h3>\n\n\n\n<p>Recopilamos datos utilizando las cookies descritas para medir el tr\u00e1fico a nuestro sitio web, para conocer su comportamiento con el fin de optimizar la experiencia del usuario, as\u00ed como para personalizar el contenido de los sitios web y proporcionar publicidad relevante que pueda ser de su inter\u00e9s. Adem\u00e1s, utilizamos los datos recopilados para el desarrollo de nuestras p\u00e1ginas web.<\/p>\n\n\n\n<h3 class=\"wp-block-heading\" id=\"How-to-block-cookies\">C\u00f3mo bloquear las cookies<\/h3>\n\n\n\n<p>Puede detener o restringir la instalaci\u00f3n de cookies y otras tecnolog\u00edas de seguimiento, como etiquetas de p\u00edxeles. Puede hacerlo bloque\u00e1ndolas en su dispositivo o elimin\u00e1ndolas y ajustando las preferencias de su navegador. Esto puede variar en funci\u00f3n del dispositivo y del navegador.<\/p>\n\n\n\n<p>Una vez que bloquee correctamente las cookies en su navegador, es posible que algunas partes del sitio web no est\u00e9n disponibles para usted o que no funcionen correctamente.<\/p>\n\n\n\n<h3 class=\"wp-block-heading\" id=\"How-to-withdraw-a-given-consent\">C\u00f3mo revocar un consentimiento otorgado<\/h3>\n\n\n\n<p>Para revocar un consentimiento que haya otorgado, puede hacer clic en el peque\u00f1o icono de cookie de la parte inferior de los sitios web. No tiene m\u00e1s que cambiar la posici\u00f3n del bot\u00f3n de consentimiento y hacer clic en \u00abGuardar\u00bb.<\/p>\n\n\n\n<h3 class=\"wp-block-heading\" id=\"Cookies-list\">Lista de cookies<\/h3>\n\n\n\n<p>La lista de cookies que utiliza Autorola se puede ver en la casilla de consentimiento de cookies que hay debajo de cada categor\u00eda de cookies.<\/p>\n\n\n\n<h3 class=\"wp-block-heading\" id=\"#Contact-Us\">Contacto<\/h3>\n\n\n\n<p>Si tiene alguna pregunta sobre este documento, p\u00f3ngase en contacto con nosotros.<\/p>\n\n\n\n<p>Autorola A\/S<br>Skibhusvej 52A<br>DK-5000 Odense C<br>Dinamarca<br><br>Tel.: +45 70 20 16 61<br>Correo electr\u00f3nico:&nbsp;<a href=\"mailto:gdpr@indicata.com\">gdpr@indicata.com<\/a><\/p>\n<\/div><div class=\"mt-post-content__actions\"><div class=\"mt-post-content__actions--tags\"><\/div><div class=\"mt-post-content__actions--share-buttons\"><div class=\"mt-share-buttons\"><div class=\"mt-share-buttons__button mt-share-buttons__button--print\"><svg xmlns=\"http:\/\/www.w3.org\/2000\/svg\" width=\"20\" height=\"21\" viewBox=\"0 0 20 21\" fill=\"none\"><path d=\"M5 8.00033V2.16699H15V8.00033\" stroke=\"#555555\" stroke-width=\"1.5\" stroke-linecap=\"round\" stroke-linejoin=\"round\"><\/path><path d=\"M4.99935 15.5H3.33268C2.89065 15.5 2.46673 15.3244 2.15417 15.0118C1.84161 14.6993 1.66602 14.2754 1.66602 13.8333V9.66667C1.66602 9.22464 1.84161 8.80072 2.15417 8.48816C2.46673 8.1756 2.89065 8 3.33268 8H16.666C17.108 8 17.532 8.1756 17.8445 8.48816C18.1571 8.80072 18.3327 9.22464 18.3327 9.66667V13.8333C18.3327 14.2754 18.1571 14.6993 17.8445 15.0118C17.532 15.3244 17.108 15.5 16.666 15.5H14.9993\" stroke=\"#555555\" stroke-width=\"1.5\" stroke-linecap=\"round\" stroke-linejoin=\"round\"><\/path><path d=\"M15 12.167H5V18.8337H15V12.167Z\" stroke=\"#555555\" stroke-width=\"1.5\" stroke-linecap=\"round\" stroke-linejoin=\"round\"><\/path><\/svg><\/div><div class=\"mt-share-buttons__button mt-share-buttons__button--bookmark\"><svg xmlns=\"http:\/\/www.w3.org\/2000\/svg\" width=\"20\" height=\"21\" viewBox=\"0 0 20 21\" fill=\"none\"><path d=\"M15.8327 18L9.99935 13.8333L4.16602 18V4.66667C4.16602 4.22464 4.34161 3.80072 4.65417 3.48816C4.96673 3.17559 5.39065 3 5.83268 3H14.166C14.608 3 15.032 3.17559 15.3445 3.48816C15.6571 3.80072 15.8327 4.22464 15.8327 4.66667V18Z\" stroke=\"#555555\" stroke-width=\"1.5\" stroke-linecap=\"round\" stroke-linejoin=\"round\"><\/path><\/svg><\/div><div class=\"mt-share-buttons__button mt-share-buttons__button--share\"><svg xmlns=\"http:\/\/www.w3.org\/2000\/svg\" width=\"20\" height=\"21\" viewBox=\"0 0 20 21\" fill=\"none\"><path d=\"M3.33398 10.5V17.1667C3.33398 17.6087 3.50958 18.0326 3.82214 18.3452C4.1347 18.6577 4.55862 18.8333 5.00065 18.8333H15.0007C15.4427 18.8333 15.8666 18.6577 16.1792 18.3452C16.4917 18.0326 16.6673 17.6087 16.6673 17.1667V10.5\" stroke=\"#555555\" stroke-width=\"1.5\" stroke-linecap=\"round\" stroke-linejoin=\"round\"><\/path><path d=\"M13.3327 5.50033L9.99935 2.16699L6.66602 5.50033\" stroke=\"#555555\" stroke-width=\"1.5\" stroke-linecap=\"round\" stroke-linejoin=\"round\"><\/path><path d=\"M10 2.16699V13.0003\" stroke=\"#555555\" stroke-width=\"1.5\" stroke-linecap=\"round\" stroke-linejoin=\"round\"><\/path><\/svg><\/div><\/div><\/div><\/div><\/div><\/section>\n","protected":false},"excerpt":{"rendered":"","protected":false},"author":4,"featured_media":0,"parent":0,"menu_order":0,"comment_status":"closed","ping_status":"closed","template":"","meta":{"_acf_changed":false,"footnotes":""},"class_list":["post-1776","page","type-page","status-publish","hentry"],"acf":[],"yoast_head":"<!-- This site is optimized with the Yoast SEO plugin v27.3 - https:\/\/yoast.com\/product\/yoast-seo-wordpress\/ -->\n<title>Cookies - Indicata<\/title>\n<meta name=\"robots\" content=\"noindex, follow, max-snippet:-1, max-image-preview:large, max-video-preview:-1\" \/>\n<meta property=\"og:locale\" content=\"es_ES\" \/>\n<meta property=\"og:type\" content=\"article\" \/>\n<meta property=\"og:title\" content=\"Cookies - Indicata\" \/>\n<meta property=\"og:url\" content=\"https:\/\/es.indicata.com\/cookies\/\" \/>\n<meta property=\"og:site_name\" content=\"Indicata\" \/>\n<meta property=\"article:modified_time\" content=\"2024-09-11T12:48:23+00:00\" \/>\n<meta name=\"twitter:card\" content=\"summary_large_image\" \/>\n<meta name=\"twitter:label1\" content=\"Tiempo de lectura\" \/>\n\t<meta name=\"twitter:data1\" content=\"4 minutos\" \/>\n<script type=\"application\/ld+json\" class=\"yoast-schema-graph\">{\"@context\":\"https:\\\/\\\/schema.org\",\"@graph\":[{\"@type\":\"WebPage\",\"@id\":\"https:\\\/\\\/es.indicata.com\\\/cookies\\\/\",\"url\":\"https:\\\/\\\/es.indicata.com\\\/cookies\\\/\",\"name\":\"Cookies - Indicata\",\"isPartOf\":{\"@id\":\"https:\\\/\\\/indicata.bluebird.pw\\\/#website\"},\"datePublished\":\"2024-05-21T19:12:22+00:00\",\"dateModified\":\"2024-09-11T12:48:23+00:00\",\"breadcrumb\":{\"@id\":\"https:\\\/\\\/es.indicata.com\\\/cookies\\\/#breadcrumb\"},\"inLanguage\":\"es\",\"potentialAction\":[{\"@type\":\"ReadAction\",\"target\":[\"https:\\\/\\\/es.indicata.com\\\/cookies\\\/\"]}]},{\"@type\":\"BreadcrumbList\",\"@id\":\"https:\\\/\\\/es.indicata.com\\\/cookies\\\/#breadcrumb\",\"itemListElement\":[{\"@type\":\"ListItem\",\"position\":1,\"name\":\"Home\",\"item\":\"https:\\\/\\\/es.indicata.com\\\/\"},{\"@type\":\"ListItem\",\"position\":2,\"name\":\"Cookies\"}]},{\"@type\":\"WebSite\",\"@id\":\"https:\\\/\\\/indicata.bluebird.pw\\\/#website\",\"url\":\"https:\\\/\\\/indicata.bluebird.pw\\\/\",\"name\":\"Indicata\",\"description\":\"Part of Autorola Group\",\"potentialAction\":[{\"@type\":\"SearchAction\",\"target\":{\"@type\":\"EntryPoint\",\"urlTemplate\":\"https:\\\/\\\/indicata.bluebird.pw\\\/?s={search_term_string}\"},\"query-input\":{\"@type\":\"PropertyValueSpecification\",\"valueRequired\":true,\"valueName\":\"search_term_string\"}}],\"inLanguage\":\"es\"}]}<\/script>\n<!-- \/ Yoast SEO plugin. -->","yoast_head_json":{"title":"Cookies - Indicata","robots":{"index":"noindex","follow":"follow","max-snippet":"max-snippet:-1","max-image-preview":"max-image-preview:large","max-video-preview":"max-video-preview:-1"},"og_locale":"es_ES","og_type":"article","og_title":"Cookies - Indicata","og_url":"https:\/\/es.indicata.com\/cookies\/","og_site_name":"Indicata","article_modified_time":"2024-09-11T12:48:23+00:00","twitter_card":"summary_large_image","twitter_misc":{"Tiempo de lectura":"4 minutos"},"schema":{"@context":"https:\/\/schema.org","@graph":[{"@type":"WebPage","@id":"https:\/\/es.indicata.com\/cookies\/","url":"https:\/\/es.indicata.com\/cookies\/","name":"Cookies - Indicata","isPartOf":{"@id":"https:\/\/indicata.bluebird.pw\/#website"},"datePublished":"2024-05-21T19:12:22+00:00","dateModified":"2024-09-11T12:48:23+00:00","breadcrumb":{"@id":"https:\/\/es.indicata.com\/cookies\/#breadcrumb"},"inLanguage":"es","potentialAction":[{"@type":"ReadAction","target":["https:\/\/es.indicata.com\/cookies\/"]}]},{"@type":"BreadcrumbList","@id":"https:\/\/es.indicata.com\/cookies\/#breadcrumb","itemListElement":[{"@type":"ListItem","position":1,"name":"Home","item":"https:\/\/es.indicata.com\/"},{"@type":"ListItem","position":2,"name":"Cookies"}]},{"@type":"WebSite","@id":"https:\/\/indicata.bluebird.pw\/#website","url":"https:\/\/indicata.bluebird.pw\/","name":"Indicata","description":"Part of Autorola Group","potentialAction":[{"@type":"SearchAction","target":{"@type":"EntryPoint","urlTemplate":"https:\/\/indicata.bluebird.pw\/?s={search_term_string}"},"query-input":{"@type":"PropertyValueSpecification","valueRequired":true,"valueName":"search_term_string"}}],"inLanguage":"es"}]}},"_links":{"self":[{"href":"https:\/\/indicata.bluebird.pw\/es\/wp-json\/wp\/v2\/pages\/1776","targetHints":{"allow":["GET"]}}],"collection":[{"href":"https:\/\/indicata.bluebird.pw\/es\/wp-json\/wp\/v2\/pages"}],"about":[{"href":"https:\/\/indicata.bluebird.pw\/es\/wp-json\/wp\/v2\/types\/page"}],"author":[{"embeddable":true,"href":"https:\/\/indicata.bluebird.pw\/es\/wp-json\/wp\/v2\/users\/4"}],"replies":[{"embeddable":true,"href":"https:\/\/indicata.bluebird.pw\/es\/wp-json\/wp\/v2\/comments?post=1776"}],"version-history":[{"count":1,"href":"https:\/\/indicata.bluebird.pw\/es\/wp-json\/wp\/v2\/pages\/1776\/revisions"}],"predecessor-version":[{"id":7939,"href":"https:\/\/indicata.bluebird.pw\/es\/wp-json\/wp\/v2\/pages\/1776\/revisions\/7939"}],"wp:attachment":[{"href":"https:\/\/indicata.bluebird.pw\/es\/wp-json\/wp\/v2\/media?parent=1776"}],"curies":[{"name":"wp","href":"https:\/\/api.w.org\/{rel}","templated":true}]}}