{"id":1289,"date":"2024-04-19T07:58:44","date_gmt":"2024-04-19T05:58:44","guid":{"rendered":"https:\/\/indicata.bluebird.pw\/regleurs-de-la-vr-et-gestionnaires-des-risques\/"},"modified":"2024-09-11T10:05:50","modified_gmt":"2024-09-11T08:05:50","slug":"regleurs-de-la-vr-et-gestionnaires-des-risques","status":"publish","type":"page","link":"https:\/\/indicata.bluebird.pw\/fr\/regleurs-de-la-vr-et-gestionnaires-des-risques\/","title":{"rendered":"Gestionnaires des risques et d\u00e9finition de la valeur r\u00e9siduelle"},"content":{"rendered":"\n<section class=\"wp-block-indicata-sub-cover mt-sub-cover\"><div class=\"mt-sub-cover__container\"><div class=\"mt-sub-cover__inner page-container\"><div class=\"mt-sub-cover__text-container\"><span class=\"mt-sub-cover__tagline mt-tagline\">INDUSTRIE<\/span>\n<h1 class=\"wp-block-heading\">Gestionnaires des risques et d\u00e9finition de la valeur r\u00e9siduelle<\/h1>\n\n\n\n<p>Optimisez votre activit\u00e9, minimisez vos risques<\/p>\n\n\n\n<div class=\"wp-block-buttons is-layout-flex wp-block-buttons-is-layout-flex\">\n<div class=\"wp-block-button open-slide-in-contact\" data-contact-slide-in-view=\"3\"><a class=\"wp-block-button__link wp-element-button\">Demandez une d\u00e9monstration<\/a><\/div>\n\n\n\n<div class=\"wp-block-button is-style-primary-transparent open-slide-in-contact\" data-contact-slide-in-view=\"2\"><a class=\"wp-block-button__link wp-element-button\">\u00c9valuation des opportunit\u00e9s<\/a><\/div>\n<\/div>\n<\/div><\/div><div class=\"mt-sub-cover__image-container object-fit\"><img decoding=\"async\" src=\"https:\/\/indicata.bluebird.pw\/wp-content\/uploads\/2024\/04\/Frame-3-4.jpg\" alt=\"\" style=\"object-position:50% 50%\"\/><\/div><\/div><\/section>\n\n\n\n<section class=\"wp-block-indicata-link-boxes-with-icon mt-link-boxes-with-icon mtSpacing-top-small mtSpacing-bottom-medium\"><div class=\"mt-link-boxes-with-icon__inner page-container\"><div class=\"mt-link-boxes-with-icon__text-container\"><h2 class=\"mt-link-boxes-with-icon__title\">Nos clients viennent \u00e0 nous<\/h2><p class=\"mt-link-boxes-with-icon__text\">Parce qu&rsquo;ils ont du mal \u00e0 le faire :<\/p><\/div><div class=\"mt-link-boxes-with-icon__boxes-wrapper\">\n<div class=\"wp-block-indicata-link-box-with-icon mt-link-box-with-icon swiper-slide\"><div class=\"mt-link-box-with-icon__title-container\"><div class=\"mt-link-box-with-icon__icon-container\"><img decoding=\"async\" src=\"https:\/\/indicata.bluebird.pw\/wp-content\/uploads\/2024\/04\/car-side-solid.svg\" alt=\"voiture-c\u00f4t\u00e9-solide\" width=\"24\" height=\"24\" class=\"mt-link-box-with-icon__icon\"><\/div><p class=\"mt-link-box-with-icon__title\">Trouver des donn\u00e9es coh\u00e9rentes<\/p><\/div><p class=\"mt-link-box-with-icon__text\">L&rsquo;\u00e9valuation Indicata et la m\u00e9thode de pr\u00e9vision de la valeur r\u00e9siduelle sont normalis\u00e9es dans tous les pays.<\/p><\/div>\n\n\n\n<div class=\"wp-block-indicata-link-box-with-icon mt-link-box-with-icon swiper-slide\"><div class=\"mt-link-box-with-icon__title-container\"><div class=\"mt-link-box-with-icon__icon-container\"><img decoding=\"async\" src=\"https:\/\/indicata.bluebird.pw\/wp-content\/uploads\/2024\/04\/tags-solid.svg\" alt=\"tags-solid\" width=\"24\" height=\"24\" class=\"mt-link-box-with-icon__icon\"><\/div><p class=\"mt-link-box-with-icon__title\">Trouver des donn\u00e9es \u00e0 valeur ajout\u00e9e<\/p><\/div><p class=\"mt-link-box-with-icon__text\">Les pr\u00e9visions d&rsquo;Indicata sont bas\u00e9es sur des donn\u00e9es historiques avec une superposition macro-\u00e9conomique.<\/p><\/div>\n\n\n\n<div class=\"wp-block-indicata-link-box-with-icon mt-link-box-with-icon swiper-slide\"><div class=\"mt-link-box-with-icon__title-container\"><div class=\"mt-link-box-with-icon__icon-container\"><img decoding=\"async\" src=\"https:\/\/indicata.bluebird.pw\/wp-content\/uploads\/2024\/04\/laptop-solid.svg\" alt=\"ordinateur portable solide\" width=\"24\" height=\"24\" class=\"mt-link-box-with-icon__icon\"><\/div><p class=\"mt-link-box-with-icon__title\">Trouver des informations compl\u00e9mentaires<\/p><\/div><p class=\"mt-link-box-with-icon__text\">Indicata Market Watch et les livres blancs ajoutent de la valeur \u00e0 votre propre analyse de la valeur r\u00e9siduelle.<\/p><\/div>\n<\/div><\/div><\/section>\n\n\n\n<section class=\"wp-block-morningmodules-logo-line mt-logo-line mt-logo-line--should-slide mt-logo-line--border-bottom mtSpacing-top-extraSmall mtSpacing-bottom-extraSmall\"><div class=\"mt-logo-line__inner\"><div class=\"mt-logo-line__text-container\"><p class=\"mt-logo-line__text\">Les marques automobiles mondiales<br>lui font confiance<\/p><\/div><div class=\"mt-logo-line__logos-container swiper\"><div class=\"swiper-wrapper\">\n<div class=\"wp-block-morningmodules-logo-line-logo mt-logo swiper-slide\" style=\"opacity:1\"><img decoding=\"async\" src=\"https:\/\/indicata.bluebird.pw\/wp-content\/uploads\/2024\/04\/Tesla.svg\" alt=\"\" class=\"mt-logo__logo\" style=\"max-height:40px;margin-top:0px\"\/><\/div>\n\n\n\n<div class=\"wp-block-morningmodules-logo-line-logo mt-logo swiper-slide\" style=\"opacity:1\"><img decoding=\"async\" src=\"https:\/\/indicata.bluebird.pw\/wp-content\/uploads\/2024\/04\/BMW.svg\" alt=\"\" class=\"mt-logo__logo\" style=\"max-height:40px;margin-top:0px\"\/><\/div>\n\n\n\n<div class=\"wp-block-morningmodules-logo-line-logo mt-logo swiper-slide\" style=\"opacity:1\"><img decoding=\"async\" src=\"https:\/\/indicata.bluebird.pw\/wp-content\/uploads\/2024\/04\/Mercedes.svg\" alt=\"\" class=\"mt-logo__logo\" style=\"max-height:40px;margin-top:0px\"\/><\/div>\n\n\n\n<div class=\"wp-block-morningmodules-logo-line-logo mt-logo swiper-slide\" style=\"opacity:1\"><img decoding=\"async\" src=\"https:\/\/indicata.bluebird.pw\/wp-content\/uploads\/2024\/04\/Volkswagen.svg\" alt=\"\" class=\"mt-logo__logo\" style=\"max-height:40px;margin-top:0px\"\/><\/div>\n\n\n\n<div class=\"wp-block-morningmodules-logo-line-logo mt-logo swiper-slide\" style=\"opacity:1\"><img decoding=\"async\" src=\"https:\/\/indicata.bluebird.pw\/wp-content\/uploads\/2024\/04\/logo-teknicar_svg__Layer_1.svg\" alt=\"\" class=\"mt-logo__logo\" style=\"max-height:40px;margin-top:0px\"\/><\/div>\n<\/div><\/div><\/div><\/section>\n\n\n\n<section class=\"wp-block-morningmodules-text-media mt-text-media mt-text-media--align-media-right mt-text-media--align-media-mobile-bottom mtSpacing-bottom-medium mtSpacing-top-small\"><div class=\"mt-text-media__inner\"><div class=\"mt-text-media__media-container\"><img decoding=\"async\" src=\"https:\/\/indicata.bluebird.pw\/wp-content\/uploads\/2024\/05\/batteryelectric0202.jpg\" alt=\"\" style=\"object-position:62% 45%\"\/><\/div><div class=\"mt-text-media__text-container\"><span class=\"mt-text-media__tagline mt-tagline\">Gestion des risques<\/span><h2 class=\"mt-text-media__title\">Pr\u00e9visions d&rsquo;Indicata<\/h2>\n<p>Les flottes et les banques doivent g\u00e9rer les risques li\u00e9s aux actifs en utilisant des donn\u00e9es cr\u00e9dibles, transparentes et bas\u00e9es sur des faits.<\/p>\n\n\n\n<p>Indicata Forecasting utilise notre moteur d&rsquo;\u00e9valuation leader sur le march\u00e9, ce qui permet d&rsquo;obtenir un ensemble de donn\u00e9es de qualit\u00e9 et coh\u00e9rentes pour les \u00e9valuations actuelles et les courbes de valeur r\u00e9siduelle futures.<\/p>\n\n\n\n<p>L&rsquo;\u00e9quipe d&rsquo;Indicata Forecasting superpose ensuite des donn\u00e9es macro\u00e9conomiques et des tendances bas\u00e9es sur des faits, ce qui permet d&rsquo;obtenir des pr\u00e9visions de valeur r\u00e9siduelle transparentes et sp\u00e9cifiques au march\u00e9.<\/p>\n\n\n\n<div class=\"wp-block-buttons is-layout-flex wp-block-buttons-is-layout-flex\">\n<div class=\"wp-block-button open-slide-in-contact\" data-contact-slide-in-view=\"3\"><a class=\"wp-block-button__link wp-element-button\">Demandez une d\u00e9monstration<\/a><\/div>\n\n\n\n<div class=\"wp-block-button is-style-primary-transparent open-slide-in-contact\" data-contact-slide-in-view=\"2\"><a class=\"wp-block-button__link wp-element-button\">Contacter les ventes<\/a><\/div>\n<\/div>\n<\/div><\/div><\/section>\n\n\n\n<section class=\"wp-block-morningmodules-text-media mt-text-media mt-text-media--align-media-left mt-text-media--align-media-mobile-bottom\"><div class=\"mt-text-media__inner\"><div class=\"mt-text-media__media-container\"><img decoding=\"async\" src=\"https:\/\/indicata.bluebird.pw\/wp-content\/uploads\/2024\/04\/Frame-24656-5.jpg\" alt=\"\" style=\"object-position:20% 55.00000000000001%\"\/><\/div><div class=\"mt-text-media__text-container\"><span class=\"mt-text-media__tagline mt-tagline\">Tendances marqu\u00e9es<\/span><h2 class=\"mt-text-media__title\">Tendances du march\u00e9 et hypoth\u00e8ses<\/h2>\n<p>La compr\u00e9hension des tendances actuelles du march\u00e9 est essentielle pour une pr\u00e9vision efficace de la valeur r\u00e9siduelle.<\/p>\n\n\n\n<p>Le Market Watch, les livres blancs et les webinaires d&rsquo;Indicata d\u00e9taillent les principales tendances du march\u00e9 et les facteurs qui influencent la valeur des v\u00e9hicules.<\/p>\n\n\n\n<p>Avec Indicata Forecasting, vous n&rsquo;obtenez pas seulement les chiffres des pr\u00e9visions en valeur r\u00e9siduelle, mais aussi la clart\u00e9 quant aux tendances et aux hypoth\u00e8ses qui sous-tendent ces chiffres.<\/p>\n\n\n\n<div class=\"wp-block-buttons is-layout-flex wp-block-buttons-is-layout-flex\">\n<div class=\"wp-block-button open-slide-in-contact\" data-contact-slide-in-view=\"3\"><a class=\"wp-block-button__link wp-element-button\">Demandez une d\u00e9monstration<\/a><\/div>\n\n\n\n<div class=\"wp-block-button is-style-primary-transparent open-slide-in-contact\" data-contact-slide-in-view=\"2\"><a class=\"wp-block-button__link wp-element-button\">Contacter les ventes<\/a><\/div>\n<\/div>\n<\/div><\/div><\/section>\n\n\n\n<section class=\"wp-block-morningmodules-text-media mt-text-media mt-text-media--align-media-right mt-text-media--align-media-mobile-bottom mtSpacing-bottom-small mtSpacing-top-medium\"><div class=\"mt-text-media__inner\"><div class=\"mt-text-media__media-container\"><img decoding=\"async\" src=\"https:\/\/indicata.bluebird.pw\/wp-content\/uploads\/2024\/04\/Frame-24644.jpg\" alt=\"\" style=\"object-position:50% 50%\"\/><\/div><div class=\"mt-text-media__text-container\"><span class=\"mt-text-media__tagline mt-tagline\">Interfaces de donn\u00e9es<\/span><h2 class=\"mt-text-media__title\">Acc\u00e8s aux donn\u00e9es et fourniture de donn\u00e9es<\/h2>\n<p>Les donn\u00e9es d&rsquo;Indicata Forecasting ne sont utiles que si elles sont accessibles et facilement utilisables.<\/p>\n\n\n\n<p>Indicata peut fournir des donn\u00e9es via un transfert API directement dans vos syst\u00e8mes, des interfaces CSV et excel bas\u00e9es sur le volume et notre interface visuelle Forecast Module.<\/p>\n\n\n\n<p>L&rsquo;acc\u00e8s aux donn\u00e9es est simple et rapide.<\/p>\n\n\n\n<div class=\"wp-block-buttons is-layout-flex wp-block-buttons-is-layout-flex\">\n<div class=\"wp-block-button open-slide-in-contact\" data-contact-slide-in-view=\"3\"><a class=\"wp-block-button__link wp-element-button\">Demandez une d\u00e9monstration<\/a><\/div>\n\n\n\n<div class=\"wp-block-button is-style-primary-transparent open-slide-in-contact\" data-contact-slide-in-view=\"2\"><a class=\"wp-block-button__link wp-element-button\">Contacter les ventes<\/a><\/div>\n<\/div>\n<\/div><\/div><\/section>\n\n\n\n<section class=\"wp-block-morningmodules-breaker mt-breaker\"><div class=\"mt-breaker__container\"><div class=\"mt-breaker__overlay\" style=\"opacity:0\"><\/div><div class=\"mt-breaker__image-container object-fit\"><img decoding=\"async\" src=\"https:\/\/indicata.bluebird.pw\/wp-content\/uploads\/2024\/04\/Frame-24740.jpg\" alt=\"\" style=\"object-position:50% 50%\"\/><\/div><div class=\"mt-breaker__inner page-container\"><div class=\"mt-breaker__text-container\"><span class=\"mt-breaker__tagline mt-tagline\">D\u00e9marrez<\/span><h2 class=\"mt-breaker__title\">Commencez \u00e0 am\u00e9liorer vos op\u00e9rations d\u00e8s aujourd&rsquo;hui<\/h2>\n<div class=\"wp-block-buttons is-layout-flex wp-block-buttons-is-layout-flex\">\n<div class=\"wp-block-button open-slide-in-contact\" data-contact-slide-in-view=\"3\"><a class=\"wp-block-button__link wp-element-button\">Demandez une d\u00e9monstration<\/a><\/div>\n\n\n\n<div class=\"wp-block-button is-style-primary-transparent open-slide-in-contact\" data-contact-slide-in-view=\"2\"><a class=\"wp-block-button__link wp-element-button\">Contacter les ventes<\/a><\/div>\n<\/div>\n<\/div><\/div><\/div><\/section>\n","protected":false},"excerpt":{"rendered":"","protected":false},"author":2,"featured_media":0,"parent":0,"menu_order":0,"comment_status":"closed","ping_status":"closed","template":"","meta":{"_acf_changed":false,"footnotes":""},"class_list":["post-1289","page","type-page","status-publish","hentry"],"acf":[],"yoast_head":"<!-- This site is optimized with the Yoast SEO plugin v27.3 - https:\/\/yoast.com\/product\/yoast-seo-wordpress\/ -->\n<title>Gestionnaires des risques et d\u00e9finition de la valeur r\u00e9siduelle - Indicata<\/title>\n<meta name=\"robots\" content=\"noindex, follow, max-snippet:-1, max-image-preview:large, max-video-preview:-1\" \/>\n<meta property=\"og:locale\" content=\"fr_FR\" \/>\n<meta property=\"og:type\" content=\"article\" \/>\n<meta property=\"og:title\" content=\"Gestionnaires des risques et d\u00e9finition de la valeur r\u00e9siduelle - Indicata\" \/>\n<meta property=\"og:url\" content=\"https:\/\/fr.indicata.com\/regleurs-de-la-vr-et-gestionnaires-des-risques\/\" \/>\n<meta property=\"og:site_name\" content=\"Indicata\" \/>\n<meta property=\"article:modified_time\" content=\"2024-09-11T08:05:50+00:00\" \/>\n<meta property=\"og:image\" content=\"https:\/\/indicata.bluebird.pw\/wp-content\/uploads\/2024\/04\/Frame-3-4.jpg\" \/>\n<meta name=\"twitter:card\" content=\"summary_large_image\" \/>\n<meta name=\"twitter:label1\" content=\"Dur\u00e9e de lecture estim\u00e9e\" \/>\n\t<meta name=\"twitter:data1\" content=\"5 minutes\" \/>\n<script type=\"application\/ld+json\" class=\"yoast-schema-graph\">{\"@context\":\"https:\\\/\\\/schema.org\",\"@graph\":[{\"@type\":\"WebPage\",\"@id\":\"https:\\\/\\\/fr.indicata.com\\\/regleurs-de-la-vr-et-gestionnaires-des-risques\\\/\",\"url\":\"https:\\\/\\\/fr.indicata.com\\\/regleurs-de-la-vr-et-gestionnaires-des-risques\\\/\",\"name\":\"Gestionnaires des risques et d\u00e9finition de la valeur r\u00e9siduelle - Indicata\",\"isPartOf\":{\"@id\":\"https:\\\/\\\/indicata.bluebird.pw\\\/#website\"},\"primaryImageOfPage\":{\"@id\":\"https:\\\/\\\/fr.indicata.com\\\/regleurs-de-la-vr-et-gestionnaires-des-risques\\\/#primaryimage\"},\"image\":{\"@id\":\"https:\\\/\\\/fr.indicata.com\\\/regleurs-de-la-vr-et-gestionnaires-des-risques\\\/#primaryimage\"},\"thumbnailUrl\":\"https:\\\/\\\/indicata.bluebird.pw\\\/wp-content\\\/uploads\\\/2024\\\/04\\\/Frame-3-4.jpg\",\"datePublished\":\"2024-04-19T05:58:44+00:00\",\"dateModified\":\"2024-09-11T08:05:50+00:00\",\"breadcrumb\":{\"@id\":\"https:\\\/\\\/fr.indicata.com\\\/regleurs-de-la-vr-et-gestionnaires-des-risques\\\/#breadcrumb\"},\"inLanguage\":\"fr-FR\",\"potentialAction\":[{\"@type\":\"ReadAction\",\"target\":[\"https:\\\/\\\/fr.indicata.com\\\/regleurs-de-la-vr-et-gestionnaires-des-risques\\\/\"]}]},{\"@type\":\"ImageObject\",\"inLanguage\":\"fr-FR\",\"@id\":\"https:\\\/\\\/fr.indicata.com\\\/regleurs-de-la-vr-et-gestionnaires-des-risques\\\/#primaryimage\",\"url\":\"https:\\\/\\\/indicata.bluebird.pw\\\/wp-content\\\/uploads\\\/2024\\\/04\\\/Frame-3-4.jpg\",\"contentUrl\":\"https:\\\/\\\/indicata.bluebird.pw\\\/wp-content\\\/uploads\\\/2024\\\/04\\\/Frame-3-4.jpg\"},{\"@type\":\"BreadcrumbList\",\"@id\":\"https:\\\/\\\/fr.indicata.com\\\/regleurs-de-la-vr-et-gestionnaires-des-risques\\\/#breadcrumb\",\"itemListElement\":[{\"@type\":\"ListItem\",\"position\":1,\"name\":\"Home\",\"item\":\"https:\\\/\\\/fr.indicata.com\\\/\"},{\"@type\":\"ListItem\",\"position\":2,\"name\":\"Gestionnaires des risques et d\u00e9finition de la valeur r\u00e9siduelle\"}]},{\"@type\":\"WebSite\",\"@id\":\"https:\\\/\\\/indicata.bluebird.pw\\\/#website\",\"url\":\"https:\\\/\\\/indicata.bluebird.pw\\\/\",\"name\":\"Indicata\",\"description\":\"Part of Autorola Group\",\"potentialAction\":[{\"@type\":\"SearchAction\",\"target\":{\"@type\":\"EntryPoint\",\"urlTemplate\":\"https:\\\/\\\/indicata.bluebird.pw\\\/?s={search_term_string}\"},\"query-input\":{\"@type\":\"PropertyValueSpecification\",\"valueRequired\":true,\"valueName\":\"search_term_string\"}}],\"inLanguage\":\"fr-FR\"}]}<\/script>\n<!-- \/ Yoast SEO plugin. -->","yoast_head_json":{"title":"Gestionnaires des risques et d\u00e9finition de la valeur r\u00e9siduelle - Indicata","robots":{"index":"noindex","follow":"follow","max-snippet":"max-snippet:-1","max-image-preview":"max-image-preview:large","max-video-preview":"max-video-preview:-1"},"og_locale":"fr_FR","og_type":"article","og_title":"Gestionnaires des risques et d\u00e9finition de la valeur r\u00e9siduelle - Indicata","og_url":"https:\/\/fr.indicata.com\/regleurs-de-la-vr-et-gestionnaires-des-risques\/","og_site_name":"Indicata","article_modified_time":"2024-09-11T08:05:50+00:00","og_image":[{"url":"https:\/\/indicata.bluebird.pw\/wp-content\/uploads\/2024\/04\/Frame-3-4.jpg","type":"","width":"","height":""}],"twitter_card":"summary_large_image","twitter_misc":{"Dur\u00e9e de lecture estim\u00e9e":"5 minutes"},"schema":{"@context":"https:\/\/schema.org","@graph":[{"@type":"WebPage","@id":"https:\/\/fr.indicata.com\/regleurs-de-la-vr-et-gestionnaires-des-risques\/","url":"https:\/\/fr.indicata.com\/regleurs-de-la-vr-et-gestionnaires-des-risques\/","name":"Gestionnaires des risques et d\u00e9finition de la valeur r\u00e9siduelle - Indicata","isPartOf":{"@id":"https:\/\/indicata.bluebird.pw\/#website"},"primaryImageOfPage":{"@id":"https:\/\/fr.indicata.com\/regleurs-de-la-vr-et-gestionnaires-des-risques\/#primaryimage"},"image":{"@id":"https:\/\/fr.indicata.com\/regleurs-de-la-vr-et-gestionnaires-des-risques\/#primaryimage"},"thumbnailUrl":"https:\/\/indicata.bluebird.pw\/wp-content\/uploads\/2024\/04\/Frame-3-4.jpg","datePublished":"2024-04-19T05:58:44+00:00","dateModified":"2024-09-11T08:05:50+00:00","breadcrumb":{"@id":"https:\/\/fr.indicata.com\/regleurs-de-la-vr-et-gestionnaires-des-risques\/#breadcrumb"},"inLanguage":"fr-FR","potentialAction":[{"@type":"ReadAction","target":["https:\/\/fr.indicata.com\/regleurs-de-la-vr-et-gestionnaires-des-risques\/"]}]},{"@type":"ImageObject","inLanguage":"fr-FR","@id":"https:\/\/fr.indicata.com\/regleurs-de-la-vr-et-gestionnaires-des-risques\/#primaryimage","url":"https:\/\/indicata.bluebird.pw\/wp-content\/uploads\/2024\/04\/Frame-3-4.jpg","contentUrl":"https:\/\/indicata.bluebird.pw\/wp-content\/uploads\/2024\/04\/Frame-3-4.jpg"},{"@type":"BreadcrumbList","@id":"https:\/\/fr.indicata.com\/regleurs-de-la-vr-et-gestionnaires-des-risques\/#breadcrumb","itemListElement":[{"@type":"ListItem","position":1,"name":"Home","item":"https:\/\/fr.indicata.com\/"},{"@type":"ListItem","position":2,"name":"Gestionnaires des risques et d\u00e9finition de la valeur r\u00e9siduelle"}]},{"@type":"WebSite","@id":"https:\/\/indicata.bluebird.pw\/#website","url":"https:\/\/indicata.bluebird.pw\/","name":"Indicata","description":"Part of Autorola Group","potentialAction":[{"@type":"SearchAction","target":{"@type":"EntryPoint","urlTemplate":"https:\/\/indicata.bluebird.pw\/?s={search_term_string}"},"query-input":{"@type":"PropertyValueSpecification","valueRequired":true,"valueName":"search_term_string"}}],"inLanguage":"fr-FR"}]}},"_links":{"self":[{"href":"https:\/\/indicata.bluebird.pw\/fr\/wp-json\/wp\/v2\/pages\/1289","targetHints":{"allow":["GET"]}}],"collection":[{"href":"https:\/\/indicata.bluebird.pw\/fr\/wp-json\/wp\/v2\/pages"}],"about":[{"href":"https:\/\/indicata.bluebird.pw\/fr\/wp-json\/wp\/v2\/types\/page"}],"author":[{"embeddable":true,"href":"https:\/\/indicata.bluebird.pw\/fr\/wp-json\/wp\/v2\/users\/2"}],"replies":[{"embeddable":true,"href":"https:\/\/indicata.bluebird.pw\/fr\/wp-json\/wp\/v2\/comments?post=1289"}],"version-history":[{"count":7,"href":"https:\/\/indicata.bluebird.pw\/fr\/wp-json\/wp\/v2\/pages\/1289\/revisions"}],"predecessor-version":[{"id":7882,"href":"https:\/\/indicata.bluebird.pw\/fr\/wp-json\/wp\/v2\/pages\/1289\/revisions\/7882"}],"wp:attachment":[{"href":"https:\/\/indicata.bluebird.pw\/fr\/wp-json\/wp\/v2\/media?parent=1289"}],"curies":[{"name":"wp","href":"https:\/\/api.w.org\/{rel}","templated":true}]}}