{"id":1299,"date":"2024-04-18T07:16:48","date_gmt":"2024-04-18T05:16:48","guid":{"rendered":"https:\/\/indicata.bluebird.pw\/groupes-de-concessionnaires-et-detaillants\/"},"modified":"2024-09-11T10:00:53","modified_gmt":"2024-09-11T08:00:53","slug":"groupes-de-concessionnaires-et-detaillants","status":"publish","type":"page","link":"https:\/\/indicata.bluebird.pw\/fr\/groupes-de-concessionnaires-et-detaillants\/","title":{"rendered":"Concessionnaires et revendeurs"},"content":{"rendered":"\n<section class=\"wp-block-indicata-sub-cover mt-sub-cover\"><div class=\"mt-sub-cover__container\"><div class=\"mt-sub-cover__inner page-container\"><div class=\"mt-sub-cover__text-container\"><span class=\"mt-sub-cover__tagline mt-tagline\">INDUSTRIE<\/span>\n<h1 class=\"wp-block-heading\">Concessionnaires et revendeurs<\/h1>\n\n\n\n<p>Comment les erreurs d&rsquo;approvisionnement et de tarification des concessionnaires leurs co\u00fbtent des millions de manque \u00e0 gagner.<\/p>\n\n\n\n<div class=\"wp-block-buttons is-layout-flex wp-block-buttons-is-layout-flex\">\n<div class=\"wp-block-button open-slide-in-contact\" data-contact-slide-in-view=\"3\"><a class=\"wp-block-button__link wp-element-button\">Demandez une d\u00e9monstration<\/a><\/div>\n\n\n\n<div class=\"wp-block-button is-style-primary-transparent open-slide-in-contact\" data-contact-slide-in-view=\"2\"><a class=\"wp-block-button__link wp-element-button\">\u00c9valuation des opportunit\u00e9s<\/a><\/div>\n<\/div>\n<\/div><\/div><div class=\"mt-sub-cover__image-container object-fit\"><img decoding=\"async\" src=\"https:\/\/indicata.bluebird.pw\/wp-content\/uploads\/2024\/04\/Frame-3-1.jpg\" alt=\"\" style=\"object-position:50% 50%\"\/><\/div><\/div><\/section>\n\n\n\n<section class=\"wp-block-indicata-link-boxes-with-icon mt-link-boxes-with-icon mtSpacing-top-small mtSpacing-bottom-medium\"><div class=\"mt-link-boxes-with-icon__inner page-container\"><div class=\"mt-link-boxes-with-icon__text-container\"><h2 class=\"mt-link-boxes-with-icon__title\">Nos clients viennent \u00e0 nous<\/h2><p class=\"mt-link-boxes-with-icon__text\">Parce qu&rsquo;ils ont du mal \u00e0 le faire :<\/p><\/div><div class=\"mt-link-boxes-with-icon__boxes-wrapper\">\n<div class=\"wp-block-indicata-link-box-with-icon mt-link-box-with-icon swiper-slide\"><div class=\"mt-link-box-with-icon__title-container\"><div class=\"mt-link-box-with-icon__icon-container\"><img decoding=\"async\" src=\"https:\/\/indicata.bluebird.pw\/wp-content\/uploads\/2024\/04\/car-side-solid.svg\" alt=\"voiture-c\u00f4t\u00e9-solide\" width=\"24\" height=\"24\" class=\"mt-link-box-with-icon__icon\"><\/div><p class=\"mt-link-box-with-icon__title\">Identifier les meilleurs v\u00e9hicules sur un march\u00e9 volatile<\/p><\/div><p class=\"mt-link-box-with-icon__text\">Comment identifier les meilleurs v\u00e9hicules qui se vendent rapidement et maximiser les profits ?<\/p><\/div>\n\n\n\n<div class=\"wp-block-indicata-link-box-with-icon mt-link-box-with-icon swiper-slide\"><div class=\"mt-link-box-with-icon__title-container\"><div class=\"mt-link-box-with-icon__icon-container\"><img decoding=\"async\" src=\"https:\/\/indicata.bluebird.pw\/wp-content\/uploads\/2024\/04\/tags-solid.svg\" alt=\"tags-solid\" width=\"24\" height=\"24\" class=\"mt-link-box-with-icon__icon\"><\/div><p class=\"mt-link-box-with-icon__title\"><strong>Obtenez des <\/strong>rapports concis<\/p><\/div><p class=\"mt-link-box-with-icon__text\">Identifier les points de vente peu performants et comment les am\u00e9liorer<\/p><\/div>\n\n\n\n<div class=\"wp-block-indicata-link-box-with-icon mt-link-box-with-icon swiper-slide\"><div class=\"mt-link-box-with-icon__title-container\"><div class=\"mt-link-box-with-icon__icon-container\"><img decoding=\"async\" src=\"https:\/\/indicata.bluebird.pw\/wp-content\/uploads\/2024\/04\/laptop-solid.svg\" alt=\"ordinateur portable solide\" width=\"24\" height=\"24\" class=\"mt-link-box-with-icon__icon\"><\/div><p class=\"mt-link-box-with-icon__title\">Fixer un prix optimal pour les v\u00e9hicules en stock<\/p><\/div><p class=\"mt-link-box-with-icon__text\">Aide \u00e0 la prise de d\u00e9cision v\u00e9hicule par v\u00e9hicule en coordination avec la strat\u00e9gie du groupe<\/p><\/div>\n<\/div><\/div><\/section>\n\n\n\n<section class=\"wp-block-morningmodules-logo-line mt-logo-line mt-logo-line--should-slide mt-logo-line--border-bottom mtSpacing-top-extraSmall mtSpacing-bottom-extraSmall\"><div class=\"mt-logo-line__inner\"><div class=\"mt-logo-line__text-container\"><p class=\"mt-logo-line__text\">Les marques automobiles mondiales<br>lui font confiance<\/p><\/div><div class=\"mt-logo-line__logos-container swiper\"><div class=\"swiper-wrapper\">\n<div class=\"wp-block-morningmodules-logo-line-logo mt-logo swiper-slide\" style=\"opacity:1\"><img decoding=\"async\" src=\"https:\/\/indicata.bluebird.pw\/wp-content\/uploads\/2024\/04\/Tesla.svg\" alt=\"\" class=\"mt-logo__logo\" style=\"max-height:40px;margin-top:0px\"\/><\/div>\n\n\n\n<div class=\"wp-block-morningmodules-logo-line-logo mt-logo swiper-slide\" style=\"opacity:1\"><img decoding=\"async\" src=\"https:\/\/indicata.bluebird.pw\/wp-content\/uploads\/2024\/04\/BMW.svg\" alt=\"\" class=\"mt-logo__logo\" style=\"max-height:40px;margin-top:0px\"\/><\/div>\n\n\n\n<div class=\"wp-block-morningmodules-logo-line-logo mt-logo swiper-slide\" style=\"opacity:1\"><img decoding=\"async\" src=\"https:\/\/indicata.bluebird.pw\/wp-content\/uploads\/2024\/04\/Mercedes.svg\" alt=\"\" class=\"mt-logo__logo\" style=\"max-height:40px;margin-top:0px\"\/><\/div>\n\n\n\n<div class=\"wp-block-morningmodules-logo-line-logo mt-logo swiper-slide\" style=\"opacity:1\"><img decoding=\"async\" src=\"https:\/\/indicata.bluebird.pw\/wp-content\/uploads\/2024\/04\/Volkswagen.svg\" alt=\"\" class=\"mt-logo__logo\" style=\"max-height:40px;margin-top:0px\"\/><\/div>\n\n\n\n<div class=\"wp-block-morningmodules-logo-line-logo mt-logo swiper-slide\" style=\"opacity:1\"><img decoding=\"async\" src=\"https:\/\/indicata.bluebird.pw\/wp-content\/uploads\/2024\/04\/logo-teknicar_svg__Layer_1.svg\" alt=\"\" class=\"mt-logo__logo\" style=\"max-height:40px;margin-top:0px\"\/><\/div>\n<\/div><\/div><\/div><\/section>\n\n\n\n<section class=\"wp-block-morningmodules-text-media mt-text-media mt-text-media--align-media-right mt-text-media--align-media-mobile-bottom mtSpacing-bottom-medium mtSpacing-top-small\"><div class=\"mt-text-media__inner\"><div class=\"mt-text-media__media-container\"><img decoding=\"async\" src=\"https:\/\/indicata.bluebird.pw\/wp-content\/uploads\/2024\/04\/Frame-24642-1.jpg\" alt=\"\" style=\"object-position:50% 50%\"\/><\/div><div class=\"mt-text-media__text-container\"><span class=\"mt-text-media__tagline mt-tagline\">Recherche des meilleurs v\u00e9hicules<\/span><h2 class=\"mt-text-media__title\">Identifier les bons v\u00e9hicules<\/h2>\n<p>Indicata ne se contente pas d&rsquo;\u00e9valuer les v\u00e9hicules que vous cherchez \u00e0 acheter ou \u00e0 reprendre. Nous analysons le march\u00e9 pour trouver le stock optimal \u00e0 acheter. <\/p>\n\n\n\n<p><br><strong>Pour chaque voiture \u00e9valu\u00e9e, Indicata<\/strong><\/p>\n\n\n\n<ul class=\"wp-block-list\">\n<li>Vous permettre de voir les v\u00e9hicules comp\u00e9titifs sur le march\u00e9<\/li>\n\n\n\n<li>D\u00e9terminez si votre v\u00e9hicule est susceptible d&rsquo;\u00eatre vendu rapidement<\/li>\n\n\n\n<li>Indiquer s&rsquo;il doit \u00eatre stock\u00e9 ou \u00e9chang\u00e9<\/li>\n<\/ul>\n\n\n\n<div class=\"wp-block-buttons is-layout-flex wp-block-buttons-is-layout-flex\">\n<div class=\"wp-block-button open-slide-in-contact\" data-contact-slide-in-view=\"3\"><a class=\"wp-block-button__link wp-element-button\">Demandez une d\u00e9monstration<\/a><\/div>\n\n\n\n<div class=\"wp-block-button is-style-primary-transparent open-slide-in-contact\" data-contact-slide-in-view=\"2\"><a class=\"wp-block-button__link wp-element-button\">Contacter les ventes<\/a><\/div>\n<\/div>\n<\/div><\/div><\/section>\n\n\n\n<section class=\"wp-block-indicata-breaker mt-breaker-advanced\"><div class=\"mt-breaker-advanced__container\"><div class=\"mt-breaker-advanced__overlay\" style=\"opacity:0\"><\/div><div class=\"mt-breaker-advanced__image-container object-fit\"><img decoding=\"async\" src=\"https:\/\/indicata.bluebird.pw\/wp-content\/uploads\/2024\/04\/Frame-24727.jpg\" alt=\"\" style=\"object-position:50% 50%\"\/><\/div><div class=\"mt-breaker-advanced__inner page-container\"><div class=\"mt-breaker-advanced__text-container\"><span class=\"mt-breaker-advanced__tagline mt-tagline\">plus de 140 000 concessionnaires<\/span><h2 class=\"mt-breaker-advanced__title\">Trouver les meilleures stock- en toute simplicit\u00e9<\/h2>\n<p>Indicata cartographie le stock de plus de 140 000 revendeurs. Si vous cherchez \u00e0 vous approvisionner aupr\u00e8s d&rsquo;autres distributeurs, nous disposons de solutions paneurop\u00e9ennes de localisation des stocks, qui vous aident \u00e0 identifier les stocks les plus rapidement \u00e9coul\u00e9s.<\/p>\n\n\n\n<div class=\"wp-block-buttons is-layout-flex wp-block-buttons-is-layout-flex\">\n<div class=\"wp-block-button open-slide-in-contact\" data-contact-slide-in-view=\"3\"><a class=\"wp-block-button__link wp-element-button\">Demandez une d\u00e9monstration<\/a><\/div>\n\n\n\n<div class=\"wp-block-button is-style-primary-transparent open-slide-in-contact\" data-contact-slide-in-view=\"2\"><a class=\"wp-block-button__link wp-element-button\">Contacter les ventes<\/a><\/div>\n<\/div>\n<\/div><\/div><\/div><\/section>\n\n\n\n<section class=\"wp-block-morningmodules-text-media mt-text-media mt-text-media--align-media-left mt-text-media--align-media-mobile-bottom mtSpacing-bottom-small mtSpacing-top-small\"><div class=\"mt-text-media__inner\"><div class=\"mt-text-media__media-container\"><img decoding=\"async\" src=\"https:\/\/indicata.bluebird.pw\/wp-content\/uploads\/2024\/04\/Frame-24656.jpg\" alt=\"\" style=\"object-position:50% 50%\"\/><\/div><div class=\"mt-text-media__text-container\"><span class=\"mt-text-media__tagline mt-tagline\">Identifier les sites peu performants<\/span><h2 class=\"mt-text-media__title\">Gestion de plusieurs sites<\/h2>\n<p>Les groupes de concessionnaires modernes comptent de nombreux actionnaires responsables de la gestion des stocks et des prix, qu&rsquo;elles soient centralis\u00e9es au si\u00e8ge ou r\u00e9parties entre plusieurs sites de concessionnaires.<br><br><\/p>\n\n\n\n<p>L&rsquo;examen des performances emplacement par emplacement, marque par marque, v\u00e9hicule par v\u00e9hicule est essentiel pour garantir une organisation efficace et ax\u00e9e sur les b\u00e9n\u00e9fices.<\/p>\n\n\n\n<p>Indicata vous permet<\/p>\n\n\n\n<ul class=\"wp-block-list\">\n<li>Identifier les sites peu performants et am\u00e9liorer la culture et les performances en mati\u00e8re de v\u00e9hicules d&rsquo;occasion.<\/li>\n\n\n\n<li>Vous avertit des probl\u00e8mes sp\u00e9cifiques li\u00e9s aux stocks et vous donne un aper\u00e7u de la mani\u00e8re dont ils se sont produits.<\/li>\n\n\n\n<li>Prendre les bonnes d\u00e9cisions sur la base du march\u00e9 r\u00e9el afin de cr\u00e9er des strat\u00e9gies proactives et r\u00e9actives pour emp\u00eacher ces probl\u00e8mes de se produire.<\/li>\n<\/ul>\n\n\n\n<div class=\"wp-block-buttons is-layout-flex wp-block-buttons-is-layout-flex\">\n<div class=\"wp-block-button open-slide-in-contact\" data-contact-slide-in-view=\"3\"><a class=\"wp-block-button__link wp-element-button\">Demandez une d\u00e9monstration<\/a><\/div>\n\n\n\n<div class=\"wp-block-button is-style-primary-transparent open-slide-in-contact\" data-contact-slide-in-view=\"2\"><a class=\"wp-block-button__link wp-element-button\">Contacter les ventes<\/a><\/div>\n<\/div>\n<\/div><\/div><\/section>\n\n\n\n<section class=\"wp-block-morningmodules-text-media mt-text-media mt-text-media--align-media-left mt-text-media--align-media-mobile-bottom mtSpacing-top-medium\"><div class=\"mt-text-media__inner\"><div class=\"mt-text-media__media-container\"><img decoding=\"async\" src=\"https:\/\/indicata.bluebird.pw\/wp-content\/uploads\/2024\/04\/Frame-24656-1.jpg\" alt=\"\" style=\"object-position:50% 50%\"\/><\/div><div class=\"mt-text-media__text-container\"><span class=\"mt-text-media__tagline mt-tagline\">V\u00e9hicule par v\u00e9hicule \/ Chaque jour<\/span><h2 class=\"mt-text-media__title\">Prendre les bonnes d\u00e9cisions<\/h2>\n<p>Que votre organisation dispose d&rsquo;un processus d\u00e9cisionnel centralis\u00e9 ou r\u00e9parti sur l&rsquo;ensemble du territoire.<\/p>\n\n\n\n<p><br><strong>Vos collaborateurs ont besoin des \u00e9l\u00e9ments suivants :<\/strong><\/p>\n\n\n\n<ul class=\"wp-block-list\">\n<li>Fixation des prix en direct sur le march\u00e9 national, local et transfrontalier<\/li>\n\n\n\n<li>La vision la plus pr\u00e9cise des prix de d\u00e9tail et de gros<\/li>\n\n\n\n<li>Les bonnes informations pour prendre les bonnes d\u00e9cisions<ul><li>Quel est le degr\u00e9 de concurrence ?<\/li><\/ul><ul><li>Mouvement rapide ou mouvement lent<\/li><\/ul>\n<ul class=\"wp-block-list\">\n<li>Revente ou \u00e9change ?<\/li>\n<\/ul>\n<\/li>\n<\/ul>\n\n\n\n<div class=\"wp-block-buttons is-layout-flex wp-block-buttons-is-layout-flex\">\n<div class=\"wp-block-button open-slide-in-contact\" data-contact-slide-in-view=\"3\"><a class=\"wp-block-button__link wp-element-button\">Demandez une d\u00e9monstration<\/a><\/div>\n\n\n\n<div class=\"wp-block-button is-style-primary-transparent open-slide-in-contact\" data-contact-slide-in-view=\"2\"><a class=\"wp-block-button__link wp-element-button\">Contacter les ventes<\/a><\/div>\n<\/div>\n<\/div><\/div><\/section>\n\n\n\n<section class=\"wp-block-morningmodules-text-media mt-text-media mt-text-media--align-media-right mt-text-media--align-media-mobile-bottom mtSpacing-bottom-medium mtSpacing-top-medium\"><div class=\"mt-text-media__inner\"><div class=\"mt-text-media__media-container\"><img decoding=\"async\" src=\"https:\/\/indicata.bluebird.pw\/wp-content\/uploads\/2024\/04\/Frame-24656-2.jpg\" alt=\"\" style=\"object-position:50% 50%\"\/><\/div><div class=\"mt-text-media__text-container\"><span class=\"mt-text-media__tagline mt-tagline\">\u00e9valuation en ligne de la reprise<\/span><h2 class=\"mt-text-media__title\">Augmenter le trafic dans les salles d&rsquo;exposition<\/h2>\n<p>Le g\u00e9n\u00e9rateur de leads d&rsquo;Indicata fournit aux visiteurs de votre site web l&rsquo;\u00e9valuation en ligne de la reprise qu&rsquo;ils souhaitent, vous permettant ainsi d&rsquo;\u00e9tablir un contact et d&rsquo;augmenter vos opportunit\u00e9s de vente.<\/p>\n\n\n\n<p>Les g\u00e9n\u00e9rateurs de leads d&rsquo;Indicata ont prouv\u00e9 qu&rsquo;ils multipliaient par 3 la g\u00e9n\u00e9ration de leads sur votre site web.<\/p>\n\n\n\n<p>Qu&rsquo;il s&rsquo;agisse d&rsquo;une solution API pour alimenter les interfaces d&rsquo;\u00e9valuation de votre site web ou d&rsquo;une option \u00ab\u00a0plug and play\u00a0\u00bb pr\u00e9configur\u00e9e d&rsquo;Indicata, nous avons l&rsquo;exp\u00e9rience n\u00e9cessaire pour fournir des solutions directement aux \u00e9quipementiers ou par le biais de partenariats avec vos revendeurs.<\/p>\n\n\n\n<div class=\"wp-block-buttons is-layout-flex wp-block-buttons-is-layout-flex\">\n<div class=\"wp-block-button open-slide-in-contact\" data-contact-slide-in-view=\"3\"><a class=\"wp-block-button__link wp-element-button\">Demandez une d\u00e9monstration<\/a><\/div>\n\n\n\n<div class=\"wp-block-button is-style-primary-transparent open-slide-in-contact\" data-contact-slide-in-view=\"2\"><a class=\"wp-block-button__link wp-element-button\">Contacter les ventes<\/a><\/div>\n<\/div>\n<\/div><\/div><\/section>\n\n\n\n<section class=\"wp-block-morningmodules-breaker mt-breaker\"><div class=\"mt-breaker__container\"><div class=\"mt-breaker__overlay\" style=\"opacity:0\"><\/div><div class=\"mt-breaker__image-container object-fit\"><img decoding=\"async\" src=\"https:\/\/indicata.bluebird.pw\/wp-content\/uploads\/2024\/04\/Frame-24740.jpg\" alt=\"\" style=\"object-position:50% 50%\"\/><\/div><div class=\"mt-breaker__inner page-container\"><div class=\"mt-breaker__text-container\"><span class=\"mt-breaker__tagline mt-tagline\">D\u00e9marrez<\/span><h2 class=\"mt-breaker__title\">Commencez \u00e0 am\u00e9liorer vos op\u00e9rations d\u00e8s aujourd&rsquo;hui<\/h2>\n<div class=\"wp-block-buttons is-layout-flex wp-block-buttons-is-layout-flex\">\n<div class=\"wp-block-button open-slide-in-contact\" data-contact-slide-in-view=\"3\"><a class=\"wp-block-button__link wp-element-button\">Demandez une d\u00e9monstration<\/a><\/div>\n\n\n\n<div class=\"wp-block-button is-style-primary-transparent open-slide-in-contact\" data-contact-slide-in-view=\"2\"><a class=\"wp-block-button__link wp-element-button\">Contacter les ventes<\/a><\/div>\n<\/div>\n<\/div><\/div><\/div><\/section>\n","protected":false},"excerpt":{"rendered":"","protected":false},"author":2,"featured_media":0,"parent":0,"menu_order":0,"comment_status":"closed","ping_status":"closed","template":"","meta":{"_acf_changed":false,"footnotes":""},"class_list":["post-1299","page","type-page","status-publish","hentry"],"acf":[],"yoast_head":"<!-- This site is optimized with the Yoast SEO plugin v27.3 - https:\/\/yoast.com\/product\/yoast-seo-wordpress\/ -->\n<title>Concessionnaires et revendeurs - Indicata<\/title>\n<meta name=\"robots\" content=\"noindex, follow, max-snippet:-1, max-image-preview:large, max-video-preview:-1\" \/>\n<meta property=\"og:locale\" content=\"fr_FR\" \/>\n<meta property=\"og:type\" content=\"article\" \/>\n<meta property=\"og:title\" content=\"Concessionnaires et revendeurs - Indicata\" \/>\n<meta property=\"og:url\" content=\"https:\/\/fr.indicata.com\/groupes-de-concessionnaires-et-detaillants\/\" \/>\n<meta property=\"og:site_name\" content=\"Indicata\" \/>\n<meta property=\"article:modified_time\" content=\"2024-09-11T08:00:53+00:00\" \/>\n<meta property=\"og:image\" content=\"https:\/\/indicata.bluebird.pw\/wp-content\/uploads\/2024\/04\/Frame-3-1.jpg\" \/>\n<meta name=\"twitter:card\" content=\"summary_large_image\" \/>\n<meta name=\"twitter:label1\" content=\"Dur\u00e9e de lecture estim\u00e9e\" \/>\n\t<meta name=\"twitter:data1\" content=\"6 minutes\" \/>\n<script type=\"application\/ld+json\" class=\"yoast-schema-graph\">{\"@context\":\"https:\\\/\\\/schema.org\",\"@graph\":[{\"@type\":\"WebPage\",\"@id\":\"https:\\\/\\\/fr.indicata.com\\\/groupes-de-concessionnaires-et-detaillants\\\/\",\"url\":\"https:\\\/\\\/fr.indicata.com\\\/groupes-de-concessionnaires-et-detaillants\\\/\",\"name\":\"Concessionnaires et revendeurs - Indicata\",\"isPartOf\":{\"@id\":\"https:\\\/\\\/indicata.bluebird.pw\\\/#website\"},\"primaryImageOfPage\":{\"@id\":\"https:\\\/\\\/fr.indicata.com\\\/groupes-de-concessionnaires-et-detaillants\\\/#primaryimage\"},\"image\":{\"@id\":\"https:\\\/\\\/fr.indicata.com\\\/groupes-de-concessionnaires-et-detaillants\\\/#primaryimage\"},\"thumbnailUrl\":\"https:\\\/\\\/indicata.bluebird.pw\\\/wp-content\\\/uploads\\\/2024\\\/04\\\/Frame-3-1.jpg\",\"datePublished\":\"2024-04-18T05:16:48+00:00\",\"dateModified\":\"2024-09-11T08:00:53+00:00\",\"breadcrumb\":{\"@id\":\"https:\\\/\\\/fr.indicata.com\\\/groupes-de-concessionnaires-et-detaillants\\\/#breadcrumb\"},\"inLanguage\":\"fr-FR\",\"potentialAction\":[{\"@type\":\"ReadAction\",\"target\":[\"https:\\\/\\\/fr.indicata.com\\\/groupes-de-concessionnaires-et-detaillants\\\/\"]}]},{\"@type\":\"ImageObject\",\"inLanguage\":\"fr-FR\",\"@id\":\"https:\\\/\\\/fr.indicata.com\\\/groupes-de-concessionnaires-et-detaillants\\\/#primaryimage\",\"url\":\"https:\\\/\\\/indicata.bluebird.pw\\\/wp-content\\\/uploads\\\/2024\\\/04\\\/Frame-3-1.jpg\",\"contentUrl\":\"https:\\\/\\\/indicata.bluebird.pw\\\/wp-content\\\/uploads\\\/2024\\\/04\\\/Frame-3-1.jpg\"},{\"@type\":\"BreadcrumbList\",\"@id\":\"https:\\\/\\\/fr.indicata.com\\\/groupes-de-concessionnaires-et-detaillants\\\/#breadcrumb\",\"itemListElement\":[{\"@type\":\"ListItem\",\"position\":1,\"name\":\"Home\",\"item\":\"https:\\\/\\\/fr.indicata.com\\\/\"},{\"@type\":\"ListItem\",\"position\":2,\"name\":\"Concessionnaires et revendeurs\"}]},{\"@type\":\"WebSite\",\"@id\":\"https:\\\/\\\/indicata.bluebird.pw\\\/#website\",\"url\":\"https:\\\/\\\/indicata.bluebird.pw\\\/\",\"name\":\"Indicata\",\"description\":\"Part of Autorola Group\",\"potentialAction\":[{\"@type\":\"SearchAction\",\"target\":{\"@type\":\"EntryPoint\",\"urlTemplate\":\"https:\\\/\\\/indicata.bluebird.pw\\\/?s={search_term_string}\"},\"query-input\":{\"@type\":\"PropertyValueSpecification\",\"valueRequired\":true,\"valueName\":\"search_term_string\"}}],\"inLanguage\":\"fr-FR\"}]}<\/script>\n<!-- \/ Yoast SEO plugin. -->","yoast_head_json":{"title":"Concessionnaires et revendeurs - Indicata","robots":{"index":"noindex","follow":"follow","max-snippet":"max-snippet:-1","max-image-preview":"max-image-preview:large","max-video-preview":"max-video-preview:-1"},"og_locale":"fr_FR","og_type":"article","og_title":"Concessionnaires et revendeurs - Indicata","og_url":"https:\/\/fr.indicata.com\/groupes-de-concessionnaires-et-detaillants\/","og_site_name":"Indicata","article_modified_time":"2024-09-11T08:00:53+00:00","og_image":[{"url":"https:\/\/indicata.bluebird.pw\/wp-content\/uploads\/2024\/04\/Frame-3-1.jpg","type":"","width":"","height":""}],"twitter_card":"summary_large_image","twitter_misc":{"Dur\u00e9e de lecture estim\u00e9e":"6 minutes"},"schema":{"@context":"https:\/\/schema.org","@graph":[{"@type":"WebPage","@id":"https:\/\/fr.indicata.com\/groupes-de-concessionnaires-et-detaillants\/","url":"https:\/\/fr.indicata.com\/groupes-de-concessionnaires-et-detaillants\/","name":"Concessionnaires et revendeurs - Indicata","isPartOf":{"@id":"https:\/\/indicata.bluebird.pw\/#website"},"primaryImageOfPage":{"@id":"https:\/\/fr.indicata.com\/groupes-de-concessionnaires-et-detaillants\/#primaryimage"},"image":{"@id":"https:\/\/fr.indicata.com\/groupes-de-concessionnaires-et-detaillants\/#primaryimage"},"thumbnailUrl":"https:\/\/indicata.bluebird.pw\/wp-content\/uploads\/2024\/04\/Frame-3-1.jpg","datePublished":"2024-04-18T05:16:48+00:00","dateModified":"2024-09-11T08:00:53+00:00","breadcrumb":{"@id":"https:\/\/fr.indicata.com\/groupes-de-concessionnaires-et-detaillants\/#breadcrumb"},"inLanguage":"fr-FR","potentialAction":[{"@type":"ReadAction","target":["https:\/\/fr.indicata.com\/groupes-de-concessionnaires-et-detaillants\/"]}]},{"@type":"ImageObject","inLanguage":"fr-FR","@id":"https:\/\/fr.indicata.com\/groupes-de-concessionnaires-et-detaillants\/#primaryimage","url":"https:\/\/indicata.bluebird.pw\/wp-content\/uploads\/2024\/04\/Frame-3-1.jpg","contentUrl":"https:\/\/indicata.bluebird.pw\/wp-content\/uploads\/2024\/04\/Frame-3-1.jpg"},{"@type":"BreadcrumbList","@id":"https:\/\/fr.indicata.com\/groupes-de-concessionnaires-et-detaillants\/#breadcrumb","itemListElement":[{"@type":"ListItem","position":1,"name":"Home","item":"https:\/\/fr.indicata.com\/"},{"@type":"ListItem","position":2,"name":"Concessionnaires et revendeurs"}]},{"@type":"WebSite","@id":"https:\/\/indicata.bluebird.pw\/#website","url":"https:\/\/indicata.bluebird.pw\/","name":"Indicata","description":"Part of Autorola Group","potentialAction":[{"@type":"SearchAction","target":{"@type":"EntryPoint","urlTemplate":"https:\/\/indicata.bluebird.pw\/?s={search_term_string}"},"query-input":{"@type":"PropertyValueSpecification","valueRequired":true,"valueName":"search_term_string"}}],"inLanguage":"fr-FR"}]}},"_links":{"self":[{"href":"https:\/\/indicata.bluebird.pw\/fr\/wp-json\/wp\/v2\/pages\/1299","targetHints":{"allow":["GET"]}}],"collection":[{"href":"https:\/\/indicata.bluebird.pw\/fr\/wp-json\/wp\/v2\/pages"}],"about":[{"href":"https:\/\/indicata.bluebird.pw\/fr\/wp-json\/wp\/v2\/types\/page"}],"author":[{"embeddable":true,"href":"https:\/\/indicata.bluebird.pw\/fr\/wp-json\/wp\/v2\/users\/2"}],"replies":[{"embeddable":true,"href":"https:\/\/indicata.bluebird.pw\/fr\/wp-json\/wp\/v2\/comments?post=1299"}],"version-history":[{"count":9,"href":"https:\/\/indicata.bluebird.pw\/fr\/wp-json\/wp\/v2\/pages\/1299\/revisions"}],"predecessor-version":[{"id":7878,"href":"https:\/\/indicata.bluebird.pw\/fr\/wp-json\/wp\/v2\/pages\/1299\/revisions\/7878"}],"wp:attachment":[{"href":"https:\/\/indicata.bluebird.pw\/fr\/wp-json\/wp\/v2\/media?parent=1299"}],"curies":[{"name":"wp","href":"https:\/\/api.w.org\/{rel}","templated":true}]}}