{"id":1485,"date":"2024-04-19T07:23:46","date_gmt":"2024-04-19T05:23:46","guid":{"rendered":"https:\/\/indicata.bluebird.pw\/oem-et-nsc\/"},"modified":"2024-09-11T10:04:06","modified_gmt":"2024-09-11T08:04:06","slug":"oem-et-nsc","status":"publish","type":"page","link":"https:\/\/indicata.bluebird.pw\/fr\/oem-et-nsc\/","title":{"rendered":"Constructeurs et Distributeurs"},"content":{"rendered":"\n<section class=\"wp-block-indicata-sub-cover mt-sub-cover\"><div class=\"mt-sub-cover__container\"><div class=\"mt-sub-cover__inner page-container\"><div class=\"mt-sub-cover__text-container\"><span class=\"mt-sub-cover__tagline mt-tagline\">INDUSTRIE<\/span>\n<h1 class=\"wp-block-heading\">Constructeurs et Distributeurs<\/h1>\n\n\n\n<p>Suivez et optimisez les performances de vos r\u00e9seaux de concessionnaires<\/p>\n\n\n\n<div class=\"wp-block-buttons is-layout-flex wp-block-buttons-is-layout-flex\">\n<div class=\"wp-block-button open-slide-in-contact\" data-contact-slide-in-view=\"3\"><a class=\"wp-block-button__link wp-element-button\">Demandez une d\u00e9monstration<\/a><\/div>\n\n\n\n<div class=\"wp-block-button is-style-primary-transparent open-slide-in-contact\" data-contact-slide-in-view=\"2\"><a class=\"wp-block-button__link wp-element-button\">\u00c9valuation des opportunit\u00e9s<\/a><\/div>\n<\/div>\n<\/div><\/div><div class=\"mt-sub-cover__image-container object-fit\"><img decoding=\"async\" src=\"https:\/\/indicata.bluebird.pw\/wp-content\/uploads\/2024\/04\/Frame-3-2.jpg\" alt=\"\" style=\"object-position:50% 50%\"\/><\/div><\/div><\/section>\n\n\n\n<section class=\"wp-block-indicata-link-boxes-with-icon mt-link-boxes-with-icon mtSpacing-top-small mtSpacing-bottom-medium\"><div class=\"mt-link-boxes-with-icon__inner page-container\"><div class=\"mt-link-boxes-with-icon__text-container\"><h2 class=\"mt-link-boxes-with-icon__title\">Nos clients viennent \u00e0 nous<\/h2><p class=\"mt-link-boxes-with-icon__text\">Parce qu&rsquo;ils ont du mal \u00e0 le faire :<\/p><\/div><div class=\"mt-link-boxes-with-icon__boxes-wrapper\">\n<div class=\"wp-block-indicata-link-box-with-icon mt-link-box-with-icon swiper-slide\"><div class=\"mt-link-box-with-icon__title-container\"><div class=\"mt-link-box-with-icon__icon-container\"><img decoding=\"async\" src=\"https:\/\/indicata.bluebird.pw\/wp-content\/uploads\/2024\/04\/car-side-solid.svg\" alt=\"voiture-c\u00f4t\u00e9-solide\" width=\"24\" height=\"24\" class=\"mt-link-box-with-icon__icon\"><\/div><p class=\"mt-link-box-with-icon__title\">\u00c9valuer la r\u00e9ussite des v\u00e9hicules d&rsquo;occasion certifi\u00e9s<\/p><\/div><p class=\"mt-link-box-with-icon__text\">Suivre le succ\u00e8s et les performances de votre programme v\u00e9hicule d&rsquo;occasion certifi\u00e9<\/p><\/div>\n\n\n\n<div class=\"wp-block-indicata-link-box-with-icon mt-link-box-with-icon swiper-slide\"><div class=\"mt-link-box-with-icon__title-container\"><div class=\"mt-link-box-with-icon__icon-container\"><img decoding=\"async\" src=\"https:\/\/indicata.bluebird.pw\/wp-content\/uploads\/2024\/04\/tags-solid.svg\" alt=\"tags-solid\" width=\"24\" height=\"24\" class=\"mt-link-box-with-icon__icon\"><\/div><p class=\"mt-link-box-with-icon__title\">Am\u00e9liorer les performances du r\u00e9seau pour les ventes et les b\u00e9n\u00e9fices<\/p><\/div><p class=\"mt-link-box-with-icon__text\">Identifier les points de vente peu performants et les domaines dans lesquels les performances peuvent \u00eatre am\u00e9lior\u00e9es<\/p><\/div>\n\n\n\n<div class=\"wp-block-indicata-link-box-with-icon mt-link-box-with-icon swiper-slide\"><div class=\"mt-link-box-with-icon__title-container\"><div class=\"mt-link-box-with-icon__icon-container\"><img decoding=\"async\" src=\"https:\/\/indicata.bluebird.pw\/wp-content\/uploads\/2024\/04\/laptop-solid.svg\" alt=\"ordinateur portable solide\" width=\"24\" height=\"24\" class=\"mt-link-box-with-icon__icon\"><\/div><p class=\"mt-link-box-with-icon__title\">Identifier les probl\u00e8mes et les opportunit\u00e9s du r\u00e9seau<\/p><\/div><p class=\"mt-link-box-with-icon__text\">Suivre les stocks vieillissants, les v\u00e9hicules mal commercialis\u00e9s ou mal \u00e9valu\u00e9s, et les opportunit\u00e9s de ventes suppl\u00e9mentaires.<\/p><\/div>\n<\/div><\/div><\/section>\n\n\n\n<section class=\"wp-block-morningmodules-logo-line mt-logo-line mt-logo-line--should-slide mt-logo-line--border-bottom mtSpacing-top-extraSmall mtSpacing-bottom-extraSmall\"><div class=\"mt-logo-line__inner\"><div class=\"mt-logo-line__text-container\"><p class=\"mt-logo-line__text\">Les marques automobiles mondiales<br>lui font confiance<\/p><\/div><div class=\"mt-logo-line__logos-container swiper\"><div class=\"swiper-wrapper\">\n<div class=\"wp-block-morningmodules-logo-line-logo mt-logo swiper-slide\" style=\"opacity:1\"><img decoding=\"async\" src=\"https:\/\/indicata.bluebird.pw\/wp-content\/uploads\/2024\/04\/Tesla.svg\" alt=\"\" class=\"mt-logo__logo\" style=\"max-height:40px;margin-top:0px\"\/><\/div>\n\n\n\n<div class=\"wp-block-morningmodules-logo-line-logo mt-logo swiper-slide\" style=\"opacity:1\"><img decoding=\"async\" src=\"https:\/\/indicata.bluebird.pw\/wp-content\/uploads\/2024\/04\/BMW.svg\" alt=\"\" class=\"mt-logo__logo\" style=\"max-height:40px;margin-top:0px\"\/><\/div>\n\n\n\n<div class=\"wp-block-morningmodules-logo-line-logo mt-logo swiper-slide\" style=\"opacity:1\"><img decoding=\"async\" src=\"https:\/\/indicata.bluebird.pw\/wp-content\/uploads\/2024\/04\/Mercedes.svg\" alt=\"\" class=\"mt-logo__logo\" style=\"max-height:40px;margin-top:0px\"\/><\/div>\n\n\n\n<div class=\"wp-block-morningmodules-logo-line-logo mt-logo swiper-slide\" style=\"opacity:1\"><img decoding=\"async\" src=\"https:\/\/indicata.bluebird.pw\/wp-content\/uploads\/2024\/04\/Volkswagen.svg\" alt=\"\" class=\"mt-logo__logo\" style=\"max-height:40px;margin-top:0px\"\/><\/div>\n\n\n\n<div class=\"wp-block-morningmodules-logo-line-logo mt-logo swiper-slide\" style=\"opacity:1\"><img decoding=\"async\" src=\"https:\/\/indicata.bluebird.pw\/wp-content\/uploads\/2024\/04\/logo-teknicar_svg__Layer_1.svg\" alt=\"\" class=\"mt-logo__logo\" style=\"max-height:40px;margin-top:0px\"\/><\/div>\n<\/div><\/div><\/div><\/section>\n\n\n\n<section class=\"wp-block-morningmodules-text-media mt-text-media mt-text-media--align-media-right mt-text-media--align-media-mobile-bottom mtSpacing-bottom-medium mtSpacing-top-small\"><div class=\"mt-text-media__inner\"><div class=\"mt-text-media__media-container\"><img decoding=\"async\" src=\"https:\/\/indicata.bluebird.pw\/wp-content\/uploads\/2024\/05\/shutterstock_421486786-scaled.jpg\" alt=\"\" style=\"object-position:67% 57.99999999999999%\"\/><\/div><div class=\"mt-text-media__text-container\"><span class=\"mt-text-media__tagline mt-tagline\">\u00c9valuer les performances<\/span><h2 class=\"mt-text-media__title\">Efficacit\u00e9 certifi\u00e9e d&rsquo;occasion<\/h2>\n<p>Les constructeurs investissent des millions dans la cr\u00e9ation de marques de v\u00e9hicules d&rsquo;occasion, mais ne disposent que d&rsquo;informations limit\u00e9es sur les indicateurs cl\u00e9s de succ\u00e8s.<\/p>\n\n\n\n<ul class=\"wp-block-list\">\n<li>Am\u00e9liorer le pourcentage de stocks vendus par l&rsquo;interm\u00e9diaire de leur r\u00e9seau<\/li>\n\n\n\n<li>Am\u00e9liorer les valeurs r\u00e9siduelles<\/li>\n\n\n\n<li>Augmentation de la performance et de la rentabilit\u00e9 du r\u00e9seau<\/li>\n\n\n\n<li>Donner \u00e0 leur v\u00e9hicules d&rsquo;occassion certifi\u00e9s un statut sur le march\u00e9 qui corresponde \u00e0 celui des nouvelles entreprises.<\/li>\n<\/ul>\n\n\n\n<p>En suivant en temps r\u00e9el les performances, les stocks et les ventes de 140 000 constructeurs et non-marques, notre suite de rapports v\u00e9hicules d&rsquo;occassion certifi\u00e9s permet aux constructeurs d&rsquo;\u00e9valuer r\u00e9ellement l&rsquo;efficacit\u00e9 de leur investissement.<\/p>\n\n\n\n<div class=\"wp-block-buttons is-layout-flex wp-block-buttons-is-layout-flex\">\n<div class=\"wp-block-button open-slide-in-contact\" data-contact-slide-in-view=\"3\"><a class=\"wp-block-button__link wp-element-button\">Demandez une d\u00e9monstration<\/a><\/div>\n\n\n\n<div class=\"wp-block-button is-style-primary-transparent open-slide-in-contact\" data-contact-slide-in-view=\"2\"><a class=\"wp-block-button__link wp-element-button\">Contacter les ventes<\/a><\/div>\n<\/div>\n<\/div><\/div><\/section>\n\n\n\n<section class=\"wp-block-morningmodules-text-media mt-text-media mt-text-media--align-media-left mt-text-media--align-media-mobile-bottom\"><div class=\"mt-text-media__inner\"><div class=\"mt-text-media__media-container\"><img decoding=\"async\" src=\"https:\/\/indicata.bluebird.pw\/wp-content\/uploads\/2024\/04\/Frame-24656-3.jpg\" alt=\"\" style=\"object-position:20% 55.00000000000001%\"\/><\/div><div class=\"mt-text-media__text-container\"><span class=\"mt-text-media__tagline mt-tagline\">Identifier les sites peu performants<\/span><h2 class=\"mt-text-media__title\">Capacit\u00e9 et amelioration du r\u00e9seau<\/h2>\n<p>Indicata peut identifier le meilleur et le pire dans le r\u00e9seau d&rsquo;un constructeur. Cela peut aller des performances de base des v\u00e9hicules d&rsquo;occasion jusqu&rsquo;\u00e0 l&rsquo;alerte pr\u00e9coce sur la viabilit\u00e9 financi\u00e8re des concessionnaires.<br><br>Les constructeurs peuvent mettre en \u0153uvre les bonnes mesures d&rsquo;engagement et de correction pour r\u00e9soudre les probl\u00e8mes avant qu&rsquo;ils ne deviennent r\u00e9els. Indicata peut vous soutenir avec notre programme de r\u00e9ussite client.<\/p>\n\n\n\n<div class=\"wp-block-buttons is-layout-flex wp-block-buttons-is-layout-flex\">\n<div class=\"wp-block-button open-slide-in-contact\" data-contact-slide-in-view=\"3\"><a class=\"wp-block-button__link wp-element-button\">Demandez une d\u00e9monstration<\/a><\/div>\n\n\n\n<div class=\"wp-block-button is-style-primary-transparent open-slide-in-contact\" data-contact-slide-in-view=\"2\"><a class=\"wp-block-button__link wp-element-button\">Contacter les ventes<\/a><\/div>\n<\/div>\n<\/div><\/div><\/section>\n\n\n\n<section class=\"wp-block-morningmodules-text-media mt-text-media mt-text-media--align-media-right mt-text-media--align-media-mobile-bottom mtSpacing-top-medium\"><div class=\"mt-text-media__inner\"><div class=\"mt-text-media__media-container\"><img decoding=\"async\" src=\"https:\/\/indicata.bluebird.pw\/wp-content\/uploads\/2024\/04\/Frame-24656-4.jpg\" alt=\"\" style=\"object-position:50% 50%\"\/><\/div><div class=\"mt-text-media__text-container\"><span class=\"mt-text-media__tagline mt-tagline\">Soutien au r\u00e9seau<\/span><h2 class=\"mt-text-media__title\">Des \u00e9quipes de terrain efficaces<\/h2>\n<p>De plus en plus de constructeurs investissent dans des \u00e9quipes de terrain pour les v\u00e9hicules d&rsquo;occasion afin d&rsquo;am\u00e9liorer les op\u00e9rations de leurs d\u00e9taillants. Toutefois, les r\u00e9unions avec les concessionnaires ne sont efficaces que si l&rsquo;on dispose d&rsquo;un ensemble commun d&rsquo;indicateurs de performance \u00e0 examiner.<\/p>\n\n\n\n<p>La suite de rapports sur le r\u00e9seau d&rsquo;Indicata donne un aper\u00e7u complet, concessionnaire par concessionnaire, des m\u00e9triques de haut niveau jusqu&rsquo;aux probl\u00e8mes v\u00e9hicule par v\u00e9hicule. Les \u00e9quipes constructeurs sur le terrain peuvent avoir des conversations efficaces, bas\u00e9es sur des faits, et identifier des probl\u00e8mes et des opportunit\u00e9s dont m\u00eame le concessionnaire n&rsquo;est pas conscient. <\/p>\n\n\n\n<p>En plus de notre programme de CMS, Indicata peut \u00e9galement vous aider \u00e0 d\u00e9velopper votre \u00e9quipe de terrain pour en faire des experts en v\u00e9hicules d&rsquo;occasion, en am\u00e9liorant leurs relations avec votre r\u00e9seau.<\/p>\n\n\n\n<div class=\"wp-block-buttons is-layout-flex wp-block-buttons-is-layout-flex\">\n<div class=\"wp-block-button open-slide-in-contact\" data-contact-slide-in-view=\"3\"><a class=\"wp-block-button__link wp-element-button\">Demandez une d\u00e9monstration<\/a><\/div>\n\n\n\n<div class=\"wp-block-button is-style-primary-transparent open-slide-in-contact\" data-contact-slide-in-view=\"2\"><a class=\"wp-block-button__link wp-element-button\">Contacter les ventes<\/a><\/div>\n<\/div>\n<\/div><\/div><\/section>\n\n\n\n<section class=\"wp-block-morningmodules-text-media mt-text-media mt-text-media--align-media-left mt-text-media--align-media-mobile-bottom mtSpacing-bottom-medium mtSpacing-top-medium\"><div class=\"mt-text-media__inner\"><div class=\"mt-text-media__media-container\"><img decoding=\"async\" src=\"https:\/\/indicata.bluebird.pw\/wp-content\/uploads\/2024\/04\/Frame-24656-1.jpg\" alt=\"\" style=\"object-position:69% 49%\"\/><\/div><div class=\"mt-text-media__text-container\"><span class=\"mt-text-media__tagline mt-tagline\">V\u00e9hicule par v\u00e9hicule &#8211; Tous les jours<\/span><h2 class=\"mt-text-media__title\">Maintien du stock de la marque<\/h2>\n<p>Pour optimiser vos programmes de v\u00e9hicules d&rsquo;occassion certifi\u00e9s, il est essentiel de veiller \u00e0 ce que votre r\u00e9seau de marques conserve et vende au d\u00e9tail la part maximale des stocks de vos marques. En cas de fuite de produits vers des lieux non marqu\u00e9s, il est essentiel de conna\u00eetre les quantit\u00e9s et les lieux.<br><br>Indicata peut suivre chaque v\u00e9hicule d&rsquo;occasion de votre marque et identifier, concessionnaire par concessionnaire, qui le vend et \u00e0 quel prix.<br><br>En utilisant nos donn\u00e9es en conjonction avec l&rsquo;analyse des tendances g\u00e9n\u00e9rales du march\u00e9, nous pouvons vous aider \u00e0 assurer une r\u00e9tention maximale de la marque dans vos r\u00e9seaux.<\/p>\n\n\n\n<div class=\"wp-block-buttons is-layout-flex wp-block-buttons-is-layout-flex\">\n<div class=\"wp-block-button open-slide-in-contact\" data-contact-slide-in-view=\"3\"><a class=\"wp-block-button__link wp-element-button\">Demandez une d\u00e9monstration<\/a><\/div>\n\n\n\n<div class=\"wp-block-button is-style-primary-transparent open-slide-in-contact\" data-contact-slide-in-view=\"2\"><a class=\"wp-block-button__link wp-element-button\">Contacter les ventes<\/a><\/div>\n<\/div>\n<\/div><\/div><\/section>\n\n\n\n<section class=\"wp-block-morningmodules-text-media mt-text-media mt-text-media--align-media-right mt-text-media--align-media-mobile-bottom mtSpacing-bottom-medium\"><div class=\"mt-text-media__inner\"><div class=\"mt-text-media__media-container\"><img decoding=\"async\" src=\"https:\/\/indicata.bluebird.pw\/wp-content\/uploads\/2024\/04\/Frame-24656-2.jpg\" alt=\"\" style=\"object-position:50% 50%\"\/><\/div><div class=\"mt-text-media__text-container\"><span class=\"mt-text-media__tagline mt-tagline\">Fuite de stock<\/span><h2 class=\"mt-text-media__title\">Augmenter le trafic dans les salles d&rsquo;exposition<\/h2>\n<p>Le g\u00e9n\u00e9rateur de leads d&rsquo;Indicata fournit aux visiteurs de votre site web l&rsquo;\u00e9valuation en ligne de la reprise qu&rsquo;ils souhaitent, vous permettant ainsi d&rsquo;\u00e9tablir un contact et d&rsquo;augmenter vos opportunit\u00e9s de vente.<br><br>Le g\u00e9n\u00e9rateur de leads d&rsquo;Indicata a prouv\u00e9 qu&rsquo;il multipliait par 3 la g\u00e9n\u00e9ration de leads de votre site web.<br><br>Qu&rsquo;il s&rsquo;agisse d&rsquo;une solution API pour alimenter les interfaces d&rsquo;\u00e9valuation de votre site web, ou d&rsquo;une option \u00ab\u00a0plug and play\u00a0\u00bb d&rsquo;Indicata pr\u00e9configur\u00e9e, nous avons l&rsquo;exp\u00e9rience pour fournir des solutions directement aux OEM ou par le biais de partenariats avec votre r\u00e9seau de concessionnaires.<\/p>\n\n\n\n<div class=\"wp-block-buttons is-layout-flex wp-block-buttons-is-layout-flex\">\n<div class=\"wp-block-button open-slide-in-contact\" data-contact-slide-in-view=\"3\"><a class=\"wp-block-button__link wp-element-button\">Demandez une d\u00e9monstration<\/a><\/div>\n\n\n\n<div class=\"wp-block-button is-style-primary-transparent open-slide-in-contact\" data-contact-slide-in-view=\"2\"><a class=\"wp-block-button__link wp-element-button\">Contacter les ventes<\/a><\/div>\n<\/div>\n<\/div><\/div><\/section>\n\n\n\n<section class=\"wp-block-morningmodules-breaker mt-breaker\"><div class=\"mt-breaker__container\"><div class=\"mt-breaker__overlay\" style=\"opacity:0\"><\/div><div class=\"mt-breaker__image-container object-fit\"><img decoding=\"async\" src=\"https:\/\/indicata.bluebird.pw\/wp-content\/uploads\/2024\/04\/Frame-24740.jpg\" alt=\"\" style=\"object-position:50% 50%\"\/><\/div><div class=\"mt-breaker__inner page-container\"><div class=\"mt-breaker__text-container\"><span class=\"mt-breaker__tagline mt-tagline\">D\u00e9marrez<\/span><h2 class=\"mt-breaker__title\">Commencez \u00e0 am\u00e9liorer vos op\u00e9rations d\u00e8s aujourd&rsquo;hui<\/h2>\n<div class=\"wp-block-buttons is-layout-flex wp-block-buttons-is-layout-flex\">\n<div class=\"wp-block-button open-slide-in-contact\" data-contact-slide-in-view=\"3\"><a class=\"wp-block-button__link wp-element-button\">Demandez une d\u00e9monstration<\/a><\/div>\n\n\n\n<div class=\"wp-block-button is-style-primary-transparent open-slide-in-contact\" data-contact-slide-in-view=\"2\"><a class=\"wp-block-button__link wp-element-button\">Contacter les ventes<\/a><\/div>\n<\/div>\n<\/div><\/div><\/div><\/section>\n","protected":false},"excerpt":{"rendered":"","protected":false},"author":2,"featured_media":0,"parent":0,"menu_order":0,"comment_status":"closed","ping_status":"closed","template":"","meta":{"_acf_changed":false,"footnotes":""},"class_list":["post-1485","page","type-page","status-publish","hentry"],"acf":[],"yoast_head":"<!-- This site is optimized with the Yoast SEO plugin v27.3 - https:\/\/yoast.com\/product\/yoast-seo-wordpress\/ -->\n<title>Constructeurs et Distributeurs - Indicata<\/title>\n<meta name=\"robots\" content=\"noindex, follow, max-snippet:-1, max-image-preview:large, max-video-preview:-1\" \/>\n<meta property=\"og:locale\" content=\"fr_FR\" \/>\n<meta property=\"og:type\" content=\"article\" \/>\n<meta property=\"og:title\" content=\"Constructeurs et Distributeurs - Indicata\" \/>\n<meta property=\"og:url\" content=\"https:\/\/fr.indicata.com\/oem-et-nsc\/\" \/>\n<meta property=\"og:site_name\" content=\"Indicata\" \/>\n<meta property=\"article:modified_time\" content=\"2024-09-11T08:04:06+00:00\" \/>\n<meta property=\"og:image\" content=\"https:\/\/indicata.bluebird.pw\/wp-content\/uploads\/2024\/04\/Frame-3-2.jpg\" \/>\n<meta name=\"twitter:card\" content=\"summary_large_image\" \/>\n<meta name=\"twitter:label1\" content=\"Dur\u00e9e de lecture estim\u00e9e\" \/>\n\t<meta name=\"twitter:data1\" content=\"7 minutes\" \/>\n<script type=\"application\/ld+json\" class=\"yoast-schema-graph\">{\"@context\":\"https:\\\/\\\/schema.org\",\"@graph\":[{\"@type\":\"WebPage\",\"@id\":\"https:\\\/\\\/fr.indicata.com\\\/oem-et-nsc\\\/\",\"url\":\"https:\\\/\\\/fr.indicata.com\\\/oem-et-nsc\\\/\",\"name\":\"Constructeurs et Distributeurs - Indicata\",\"isPartOf\":{\"@id\":\"https:\\\/\\\/indicata.bluebird.pw\\\/#website\"},\"primaryImageOfPage\":{\"@id\":\"https:\\\/\\\/fr.indicata.com\\\/oem-et-nsc\\\/#primaryimage\"},\"image\":{\"@id\":\"https:\\\/\\\/fr.indicata.com\\\/oem-et-nsc\\\/#primaryimage\"},\"thumbnailUrl\":\"https:\\\/\\\/indicata.bluebird.pw\\\/wp-content\\\/uploads\\\/2024\\\/04\\\/Frame-3-2.jpg\",\"datePublished\":\"2024-04-19T05:23:46+00:00\",\"dateModified\":\"2024-09-11T08:04:06+00:00\",\"breadcrumb\":{\"@id\":\"https:\\\/\\\/fr.indicata.com\\\/oem-et-nsc\\\/#breadcrumb\"},\"inLanguage\":\"fr-FR\",\"potentialAction\":[{\"@type\":\"ReadAction\",\"target\":[\"https:\\\/\\\/fr.indicata.com\\\/oem-et-nsc\\\/\"]}]},{\"@type\":\"ImageObject\",\"inLanguage\":\"fr-FR\",\"@id\":\"https:\\\/\\\/fr.indicata.com\\\/oem-et-nsc\\\/#primaryimage\",\"url\":\"https:\\\/\\\/indicata.bluebird.pw\\\/wp-content\\\/uploads\\\/2024\\\/04\\\/Frame-3-2.jpg\",\"contentUrl\":\"https:\\\/\\\/indicata.bluebird.pw\\\/wp-content\\\/uploads\\\/2024\\\/04\\\/Frame-3-2.jpg\"},{\"@type\":\"BreadcrumbList\",\"@id\":\"https:\\\/\\\/fr.indicata.com\\\/oem-et-nsc\\\/#breadcrumb\",\"itemListElement\":[{\"@type\":\"ListItem\",\"position\":1,\"name\":\"Home\",\"item\":\"https:\\\/\\\/fr.indicata.com\\\/\"},{\"@type\":\"ListItem\",\"position\":2,\"name\":\"Constructeurs et Distributeurs\"}]},{\"@type\":\"WebSite\",\"@id\":\"https:\\\/\\\/indicata.bluebird.pw\\\/#website\",\"url\":\"https:\\\/\\\/indicata.bluebird.pw\\\/\",\"name\":\"Indicata\",\"description\":\"Part of Autorola Group\",\"potentialAction\":[{\"@type\":\"SearchAction\",\"target\":{\"@type\":\"EntryPoint\",\"urlTemplate\":\"https:\\\/\\\/indicata.bluebird.pw\\\/?s={search_term_string}\"},\"query-input\":{\"@type\":\"PropertyValueSpecification\",\"valueRequired\":true,\"valueName\":\"search_term_string\"}}],\"inLanguage\":\"fr-FR\"}]}<\/script>\n<!-- \/ Yoast SEO plugin. -->","yoast_head_json":{"title":"Constructeurs et Distributeurs - Indicata","robots":{"index":"noindex","follow":"follow","max-snippet":"max-snippet:-1","max-image-preview":"max-image-preview:large","max-video-preview":"max-video-preview:-1"},"og_locale":"fr_FR","og_type":"article","og_title":"Constructeurs et Distributeurs - Indicata","og_url":"https:\/\/fr.indicata.com\/oem-et-nsc\/","og_site_name":"Indicata","article_modified_time":"2024-09-11T08:04:06+00:00","og_image":[{"url":"https:\/\/indicata.bluebird.pw\/wp-content\/uploads\/2024\/04\/Frame-3-2.jpg","type":"","width":"","height":""}],"twitter_card":"summary_large_image","twitter_misc":{"Dur\u00e9e de lecture estim\u00e9e":"7 minutes"},"schema":{"@context":"https:\/\/schema.org","@graph":[{"@type":"WebPage","@id":"https:\/\/fr.indicata.com\/oem-et-nsc\/","url":"https:\/\/fr.indicata.com\/oem-et-nsc\/","name":"Constructeurs et Distributeurs - Indicata","isPartOf":{"@id":"https:\/\/indicata.bluebird.pw\/#website"},"primaryImageOfPage":{"@id":"https:\/\/fr.indicata.com\/oem-et-nsc\/#primaryimage"},"image":{"@id":"https:\/\/fr.indicata.com\/oem-et-nsc\/#primaryimage"},"thumbnailUrl":"https:\/\/indicata.bluebird.pw\/wp-content\/uploads\/2024\/04\/Frame-3-2.jpg","datePublished":"2024-04-19T05:23:46+00:00","dateModified":"2024-09-11T08:04:06+00:00","breadcrumb":{"@id":"https:\/\/fr.indicata.com\/oem-et-nsc\/#breadcrumb"},"inLanguage":"fr-FR","potentialAction":[{"@type":"ReadAction","target":["https:\/\/fr.indicata.com\/oem-et-nsc\/"]}]},{"@type":"ImageObject","inLanguage":"fr-FR","@id":"https:\/\/fr.indicata.com\/oem-et-nsc\/#primaryimage","url":"https:\/\/indicata.bluebird.pw\/wp-content\/uploads\/2024\/04\/Frame-3-2.jpg","contentUrl":"https:\/\/indicata.bluebird.pw\/wp-content\/uploads\/2024\/04\/Frame-3-2.jpg"},{"@type":"BreadcrumbList","@id":"https:\/\/fr.indicata.com\/oem-et-nsc\/#breadcrumb","itemListElement":[{"@type":"ListItem","position":1,"name":"Home","item":"https:\/\/fr.indicata.com\/"},{"@type":"ListItem","position":2,"name":"Constructeurs et Distributeurs"}]},{"@type":"WebSite","@id":"https:\/\/indicata.bluebird.pw\/#website","url":"https:\/\/indicata.bluebird.pw\/","name":"Indicata","description":"Part of Autorola Group","potentialAction":[{"@type":"SearchAction","target":{"@type":"EntryPoint","urlTemplate":"https:\/\/indicata.bluebird.pw\/?s={search_term_string}"},"query-input":{"@type":"PropertyValueSpecification","valueRequired":true,"valueName":"search_term_string"}}],"inLanguage":"fr-FR"}]}},"_links":{"self":[{"href":"https:\/\/indicata.bluebird.pw\/fr\/wp-json\/wp\/v2\/pages\/1485","targetHints":{"allow":["GET"]}}],"collection":[{"href":"https:\/\/indicata.bluebird.pw\/fr\/wp-json\/wp\/v2\/pages"}],"about":[{"href":"https:\/\/indicata.bluebird.pw\/fr\/wp-json\/wp\/v2\/types\/page"}],"author":[{"embeddable":true,"href":"https:\/\/indicata.bluebird.pw\/fr\/wp-json\/wp\/v2\/users\/2"}],"replies":[{"embeddable":true,"href":"https:\/\/indicata.bluebird.pw\/fr\/wp-json\/wp\/v2\/comments?post=1485"}],"version-history":[{"count":7,"href":"https:\/\/indicata.bluebird.pw\/fr\/wp-json\/wp\/v2\/pages\/1485\/revisions"}],"predecessor-version":[{"id":7880,"href":"https:\/\/indicata.bluebird.pw\/fr\/wp-json\/wp\/v2\/pages\/1485\/revisions\/7880"}],"wp:attachment":[{"href":"https:\/\/indicata.bluebird.pw\/fr\/wp-json\/wp\/v2\/media?parent=1485"}],"curies":[{"name":"wp","href":"https:\/\/api.w.org\/{rel}","templated":true}]}}