{"id":1605,"date":"2024-04-11T09:09:16","date_gmt":"2024-04-11T07:09:16","guid":{"rendered":"https:\/\/indicata.bluebird.pw\/page-daccueil\/"},"modified":"2024-09-11T10:28:04","modified_gmt":"2024-09-11T08:28:04","slug":"page-daccueil","status":"publish","type":"page","link":"https:\/\/indicata.bluebird.pw\/fr\/","title":{"rendered":"Page d&rsquo;accueil"},"content":{"rendered":"\n<section class=\"wp-block-morningmodules-cover mt-cover is-style-tall\"><div class=\"mt-cover__container\"><div class=\"mt-cover__overlay\" style=\"opacity:0\"><\/div><div class=\"mt-cover__image-container object-fit\"><img decoding=\"async\" src=\"https:\/\/indicata.bluebird.pw\/wp-content\/uploads\/2024\/04\/Frame-3.jpg\" alt=\"\" fetchpriority=\"high\"\/><\/div><div class=\"mt-cover__inner page-container\"><div class=\"mt-cover__text-container\"><span class=\"mt-cover__tagline mt-tagline\">logiciel d&rsquo;analyse du march\u00e9<\/span><h1 class=\"mt-cover__title\">Intelligence d\u00e9cisionnelle pour les v\u00e9hicules d&rsquo;occasion<\/h1>\n<div class=\"wp-block-buttons is-layout-flex wp-block-buttons-is-layout-flex\">\n<div class=\"wp-block-button open-slide-in-contact\" data-contact-slide-in-view=\"3\"><a class=\"wp-block-button__link wp-element-button\">Demandez une d\u00e9monstration<\/a><\/div>\n\n\n\n<div class=\"wp-block-button is-style-primary-transparent\"><a class=\"wp-block-button__link wp-element-button\" href=\"https:\/\/indicata.fr\/market-watch\/\">Veille du march\u00e9<\/a><\/div>\n<\/div>\n<\/div><\/div><\/div><\/section>\n\n\n\n<section class=\"wp-block-indicata-link-boxes mt-link-boxes mt-link-boxes--border-bottom mtSpacing-top-small\"><div class=\"mt-link-boxes__inner page-container swiper\"><div class=\"swiper-wrapper\">\n<div class=\"wp-block-indicata-link-box mt-link-box swiper-slide\"><a href=\"https:\/\/indicata.bluebird.pw\/fr\/groupes-de-concessionnaires-et-detaillants\/\" class=\"mt-link-box__link\"><\/a><div class=\"mt-link-box__icon-container\"><\/div><p class=\"mt-link-box__title\">Groupes de concessionnaires et revendeur<\/p><p class=\"mt-link-box__text\"><\/p><\/div>\n\n\n\n<div class=\"wp-block-indicata-link-box mt-link-box swiper-slide\"><a href=\"https:\/\/indicata.bluebird.pw\/fr\/oem-et-nsc\/\" class=\"mt-link-box__link\"><\/a><div class=\"mt-link-box__icon-container\"><\/div><p class=\"mt-link-box__title\">Constructeurs et Distributeurs<\/p><p class=\"mt-link-box__text\">Am\u00e9lioration du r\u00e9seau<\/p><\/div>\n\n\n\n<div class=\"wp-block-indicata-link-box mt-link-box swiper-slide\"><a href=\"https:\/\/indicata.bluebird.pw\/fr\/remarketers-de-flottes\/\" class=\"mt-link-box__link\"><\/a><div class=\"mt-link-box__icon-container\"><\/div><p class=\"mt-link-box__title\">Revendeur de flottes<\/p><p class=\"mt-link-box__text\">Constructeurs \/ Leasing \/ Location<\/p><\/div>\n\n\n\n<div class=\"wp-block-indicata-link-box mt-link-box swiper-slide\"><a href=\"https:\/\/indicata.bluebird.pw\/fr\/regleurs-de-la-vr-et-gestionnaires-des-risques\/\" class=\"mt-link-box__link\"><\/a><div class=\"mt-link-box__icon-container\"><\/div><p class=\"mt-link-box__title\">Gestionnaires des risques et d\u00e9finition de la valeur r\u00e9siduelle<\/p><p class=\"mt-link-box__text\">Constructeurs \/ Leasing \/ Location<\/p><\/div>\n\n\n\n<div class=\"wp-block-indicata-link-box mt-link-box swiper-slide\"><a href=\"https:\/\/indicata.bluebird.pw\/fr\/assurance\/\" class=\"mt-link-box__link\"><\/a><div class=\"mt-link-box__icon-container\"><\/div><p class=\"mt-link-box__title\">Assurance<\/p><p class=\"mt-link-box__text\"><\/p><\/div>\n<\/div><\/div><\/section>\n\n\n\n<section class=\"wp-block-morningmodules-text-media mt-text-media mt-text-media--align-media-right mt-text-media--align-media-mobile-bottom mtSpacing-bottom-small mtSpacing-top-small\"><div class=\"mt-text-media__inner\"><div class=\"mt-text-media__media-container\"><img decoding=\"async\" src=\"https:\/\/indicata.bluebird.pw\/wp-content\/uploads\/2024\/04\/Frame-24642.jpg\" alt=\"\" style=\"object-position:50% 50%\"\/><\/div><div class=\"mt-text-media__text-container\"><span class=\"mt-text-media__tagline mt-tagline\">Qu&rsquo;est-ce que Indicata ?<\/span><h2 class=\"mt-text-media__title\">Connaissance du march\u00e9 et gestion des stocks de v\u00e9hicules d&rsquo;occasion<\/h2>\n<p>Bien que nos fondations soient bas\u00e9es sur l&rsquo;\u00e9valuation des v\u00e9hicules d&rsquo;occasion, la mission d&rsquo;Indicata est de fournir aux OEM, aux groupes de concessionnaires et aux propri\u00e9taires de flottes des outils et des solutions d&rsquo;aide \u00e0 la d\u00e9cision qui am\u00e9liorent les b\u00e9n\u00e9fices.<\/p>\n\n\n\n<div class=\"wp-block-buttons is-layout-flex wp-block-buttons-is-layout-flex\">\n<div class=\"wp-block-button open-slide-in-contact\" data-contact-slide-in-view=\"3\"><a class=\"wp-block-button__link wp-element-button\">Demandez une d\u00e9monstration<\/a><\/div>\n\n\n\n<div class=\"wp-block-button is-style-primary-transparent open-slide-in-contact\" data-contact-slide-in-view=\"2\"><a class=\"wp-block-button__link wp-element-button\">Contacter les ventes<\/a><\/div>\n<\/div>\n<\/div><\/div><\/section>\n\n\n\n<section class=\"wp-block-morningmodules-logo-line mt-logo-line mt-logo-line--should-slide mt-logo-line--border-top mtSpacing-top-extraSmall mtSpacing-bottom-small\"><div class=\"mt-logo-line__inner\"><div class=\"mt-logo-line__text-container\"><p class=\"mt-logo-line__text\">Trusted by global<br>automotive brands<\/p><\/div><div class=\"mt-logo-line__logos-container swiper\"><div class=\"swiper-wrapper\">\n<div class=\"wp-block-morningmodules-logo-line-logo mt-logo swiper-slide\" style=\"opacity:1\"><img decoding=\"async\" src=\"https:\/\/indicata.bluebird.pw\/wp-content\/uploads\/2024\/09\/BMW-cropped.svg\" alt=\"\" class=\"mt-logo__logo\" style=\"max-height:40px;margin-top:0px\"><\/div>\n\n\n\n<div class=\"wp-block-morningmodules-logo-line-logo mt-logo swiper-slide\" style=\"opacity:1\"><img decoding=\"async\" src=\"https:\/\/indicata.bluebird.pw\/wp-content\/uploads\/2024\/09\/ford-cropped.svg\" alt=\"\" class=\"mt-logo__logo\" style=\"max-height:40px;margin-top:0px\"><\/div>\n\n\n\n<div class=\"wp-block-morningmodules-logo-line-logo mt-logo swiper-slide\" style=\"opacity:1\"><img decoding=\"async\" src=\"https:\/\/indicata.bluebird.pw\/wp-content\/uploads\/2024\/09\/Mercedes-cropped.svg\" alt=\"\" class=\"mt-logo__logo\" style=\"max-height:40px;margin-top:0px\"><\/div>\n\n\n\n<div class=\"wp-block-morningmodules-logo-line-logo mt-logo swiper-slide\" style=\"opacity:1\"><img decoding=\"async\" src=\"https:\/\/indicata.bluebird.pw\/wp-content\/uploads\/2024\/09\/nissan-cropped.svg\" alt=\"\" class=\"mt-logo__logo\" style=\"max-height:40px;margin-top:0px\"><\/div>\n\n\n\n<div class=\"wp-block-morningmodules-logo-line-logo mt-logo swiper-slide\" style=\"opacity:1\"><img decoding=\"async\" src=\"https:\/\/indicata.bluebird.pw\/wp-content\/uploads\/2024\/09\/renault-cropped.svg\" alt=\"\" class=\"mt-logo__logo\" style=\"max-height:40px;margin-top:0px\"><\/div>\n\n\n\n<div class=\"wp-block-morningmodules-logo-line-logo mt-logo swiper-slide\" style=\"opacity:1\"><img decoding=\"async\" src=\"https:\/\/indicata.bluebird.pw\/wp-content\/uploads\/2024\/09\/Tesla-cropped.svg\" alt=\"\" class=\"mt-logo__logo\" style=\"max-height:40px;margin-top:0px\"><\/div>\n\n\n\n<div class=\"wp-block-morningmodules-logo-line-logo mt-logo swiper-slide\" style=\"opacity:1\"><img decoding=\"async\" src=\"https:\/\/indicata.bluebird.pw\/wp-content\/uploads\/2024\/09\/Volkswagen-cropped.svg\" alt=\"\" class=\"mt-logo__logo\" style=\"max-height:40px;margin-top:0px\"><\/div>\n\n\n\n<div class=\"wp-block-morningmodules-logo-line-logo mt-logo swiper-slide\" style=\"opacity:1\"><img decoding=\"async\" src=\"https:\/\/indicata.bluebird.pw\/wp-content\/uploads\/2024\/09\/Volvo-cropped.svg\" alt=\"\" class=\"mt-logo__logo\" style=\"max-height:40px;margin-top:0px\"><\/div>\n\n\n\n<div class=\"wp-block-morningmodules-logo-line-logo mt-logo swiper-slide\" style=\"opacity:1\"><img decoding=\"async\" src=\"https:\/\/indicata.bluebird.pw\/wp-content\/uploads\/2024\/09\/sixt-cropped.svg\" alt=\"\" class=\"mt-logo__logo\" style=\"max-height:40px;margin-top:0px\"><\/div>\n\n\n\n<div class=\"wp-block-morningmodules-logo-line-logo mt-logo swiper-slide\" style=\"opacity:1\"><img decoding=\"async\" src=\"https:\/\/indicata.bluebird.pw\/wp-content\/uploads\/2024\/09\/stellantis-cropped.svg\" alt=\"\" class=\"mt-logo__logo\" style=\"max-height:40px;margin-top:0px\"><\/div>\n\n\n\n<div class=\"wp-block-morningmodules-logo-line-logo mt-logo swiper-slide\" style=\"opacity:1\"><img decoding=\"async\" src=\"https:\/\/indicata.bluebird.pw\/wp-content\/uploads\/2024\/09\/Teknicar-cropped.svg\" alt=\"\" class=\"mt-logo__logo\" style=\"max-height:40px;margin-top:0px\"><\/div>\n<\/div><\/div><\/div><\/section>\n\n\n\n<section class=\"wp-block-indicata-breaker mt-breaker-advanced\"><div class=\"mt-breaker-advanced__container\"><div class=\"mt-breaker-advanced__overlay\" style=\"opacity:0\"><\/div><div class=\"mt-breaker-advanced__image-container object-fit\"><img decoding=\"async\" src=\"https:\/\/indicata.bluebird.pw\/wp-content\/uploads\/2024\/06\/MW_Cover_-No_Edition.png\" alt=\"\" style=\"object-position:56.99999999999999% 78%\"\/><\/div><div class=\"mt-breaker-advanced__inner page-container\"><div class=\"mt-breaker-advanced__text-container\"><span class=\"mt-breaker-advanced__tagline mt-tagline\">DERNI\u00c8RES INFORMATIONS<\/span><h2 class=\"mt-breaker-advanced__title\">Rapport Market Watch d&rsquo;Indicata<\/h2>\n<p>Lisez les d\u00e9veloppements actuels du march\u00e9 europ\u00e9en des voitures d&rsquo;occasion dans le Market Watch d&rsquo;Indicata.<\/p>\n\n\n\n<p>Donn\u00e9es disponibles dans 13 pays europ\u00e9ens<\/p>\n\n\n\n<div class=\"wp-block-buttons is-layout-flex wp-block-buttons-is-layout-flex\">\n<div class=\"wp-block-button is-style-primary-transparent\"><a class=\"wp-block-button__link wp-element-button\" href=\"\/market-watch\/\">En savoir plus<\/a><\/div>\n<\/div>\n<\/div><\/div><\/div><\/section>\n\n\n<div data-react-class=\"PostSlider\" data-react-props=\"{&quot;endpoint&quot;:&quot;https:\\\/\\\/indicata.bluebird.pw\\\/fr\\\/wp-json\\\/indicata\\\/v1\\\/post-slider\\\/posts&quot;,&quot;currentPostId&quot;:1605,&quot;className&quot;:&quot;mtSpacing-top-medium mtSpacing-bottom-medium&quot;,&quot;tagline&quot;:&quot;Nouvelles d&#039;Indicata&quot;,&quot;title&quot;:&quot;Articles&quot;,&quot;link&quot;:{&quot;url&quot;:&quot;\\\/resources\\\/?postType=post&quot;,&quot;id&quot;:2,&quot;title&quot;:&quot;Forside&quot;,&quot;type&quot;:&quot;page&quot;,&quot;kind&quot;:&quot;post-type&quot;,&quot;isFrontPage&quot;:true},&quot;linkText&quot;:&quot;See all&quot;,&quot;categories&quot;:[{&quot;label&quot;:&quot;Interviews&quot;,&quot;value&quot;:30},{&quot;label&quot;:&quot;Market Watch&quot;,&quot;value&quot;:32},{&quot;label&quot;:&quot;Whitepapers&quot;,&quot;value&quot;:29}],&quot;selectedPostIds&quot;:[],&quot;postCardButtonText&quot;:&quot;Read more&quot;,&quot;allText&quot;:&quot;All&quot;,&quot;newText&quot;:&quot;New&quot;,&quot;noPosts&quot;:&quot;No posts found.&quot;}\"><\/div>\n\n\n\n<section class=\"wp-block-morningmodules-breaker mt-breaker\"><div class=\"mt-breaker__container\"><div class=\"mt-breaker__overlay\" style=\"opacity:0\"><\/div><div class=\"mt-breaker__image-container object-fit\"><img decoding=\"async\" src=\"https:\/\/indicata.bluebird.pw\/wp-content\/uploads\/2024\/04\/Frame-24740.jpg\" alt=\"\" style=\"object-position:50% 50%\"\/><\/div><div class=\"mt-breaker__inner page-container\"><div class=\"mt-breaker__text-container\"><span class=\"mt-breaker__tagline mt-tagline\">D\u00e9marrez<\/span><h2 class=\"mt-breaker__title\">Commencez \u00e0 am\u00e9liorer vos op\u00e9rations d\u00e8s aujourd&rsquo;hui<\/h2>\n<div class=\"wp-block-buttons is-layout-flex wp-block-buttons-is-layout-flex\">\n<div class=\"wp-block-button open-slide-in-contact\" data-contact-slide-in-view=\"3\"><a class=\"wp-block-button__link wp-element-button\">Demandez une d\u00e9monstration<\/a><\/div>\n\n\n\n<div class=\"wp-block-button is-style-primary-transparent open-slide-in-contact\" data-contact-slide-in-view=\"2\"><a class=\"wp-block-button__link wp-element-button\">Contacter les ventes<\/a><\/div>\n<\/div>\n<\/div><\/div><\/div><\/section>\n","protected":false},"excerpt":{"rendered":"","protected":false},"author":2,"featured_media":0,"parent":0,"menu_order":0,"comment_status":"closed","ping_status":"closed","template":"","meta":{"_acf_changed":false,"footnotes":""},"class_list":["post-1605","page","type-page","status-publish","hentry"],"acf":[],"yoast_head":"<!-- This site is optimized with the Yoast SEO plugin v27.3 - https:\/\/yoast.com\/product\/yoast-seo-wordpress\/ -->\n<title>Indicata - Intelligence d\u00e9cisionnelle pour les v\u00e9hicules d&#039;occasion<\/title>\n<meta name=\"robots\" content=\"noindex, follow, max-snippet:-1, max-image-preview:large, max-video-preview:-1\" \/>\n<meta property=\"og:locale\" content=\"fr_FR\" \/>\n<meta property=\"og:type\" content=\"article\" \/>\n<meta property=\"og:title\" content=\"Indicata - Intelligence d\u00e9cisionnelle pour les v\u00e9hicules d&#039;occasion\" \/>\n<meta property=\"og:url\" content=\"https:\/\/fr.indicata.com\/\" \/>\n<meta property=\"og:site_name\" content=\"Indicata\" \/>\n<meta property=\"article:modified_time\" content=\"2024-09-11T08:28:04+00:00\" \/>\n<meta property=\"og:image\" content=\"https:\/\/indicata.bluebird.pw\/wp-content\/uploads\/2024\/04\/Frame-3.jpg\" \/>\n<meta name=\"twitter:card\" content=\"summary_large_image\" \/>\n<meta name=\"twitter:label1\" content=\"Dur\u00e9e de lecture estim\u00e9e\" \/>\n\t<meta name=\"twitter:data1\" content=\"4 minutes\" \/>\n<script type=\"application\/ld+json\" class=\"yoast-schema-graph\">{\"@context\":\"https:\\\/\\\/schema.org\",\"@graph\":[{\"@type\":\"WebPage\",\"@id\":\"https:\\\/\\\/fr.indicata.com\\\/\",\"url\":\"https:\\\/\\\/fr.indicata.com\\\/\",\"name\":\"Indicata - Intelligence d\u00e9cisionnelle pour les v\u00e9hicules d'occasion\",\"isPartOf\":{\"@id\":\"https:\\\/\\\/indicata.bluebird.pw\\\/#website\"},\"primaryImageOfPage\":{\"@id\":\"https:\\\/\\\/fr.indicata.com\\\/#primaryimage\"},\"image\":{\"@id\":\"https:\\\/\\\/fr.indicata.com\\\/#primaryimage\"},\"thumbnailUrl\":\"https:\\\/\\\/indicata.bluebird.pw\\\/wp-content\\\/uploads\\\/2024\\\/04\\\/Frame-3.jpg\",\"datePublished\":\"2024-04-11T07:09:16+00:00\",\"dateModified\":\"2024-09-11T08:28:04+00:00\",\"breadcrumb\":{\"@id\":\"https:\\\/\\\/fr.indicata.com\\\/#breadcrumb\"},\"inLanguage\":\"fr-FR\",\"potentialAction\":[{\"@type\":\"ReadAction\",\"target\":[\"https:\\\/\\\/fr.indicata.com\\\/\"]}]},{\"@type\":\"ImageObject\",\"inLanguage\":\"fr-FR\",\"@id\":\"https:\\\/\\\/fr.indicata.com\\\/#primaryimage\",\"url\":\"https:\\\/\\\/indicata.bluebird.pw\\\/wp-content\\\/uploads\\\/2024\\\/04\\\/Frame-3.jpg\",\"contentUrl\":\"https:\\\/\\\/indicata.bluebird.pw\\\/wp-content\\\/uploads\\\/2024\\\/04\\\/Frame-3.jpg\"},{\"@type\":\"BreadcrumbList\",\"@id\":\"https:\\\/\\\/fr.indicata.com\\\/#breadcrumb\",\"itemListElement\":[{\"@type\":\"ListItem\",\"position\":1,\"name\":\"Home\",\"item\":\"https:\\\/\\\/fr.indicata.com\\\/\"},{\"@type\":\"ListItem\",\"position\":2,\"name\":\"Page d&#8217;accueil\"}]},{\"@type\":\"WebSite\",\"@id\":\"https:\\\/\\\/indicata.bluebird.pw\\\/#website\",\"url\":\"https:\\\/\\\/indicata.bluebird.pw\\\/\",\"name\":\"Indicata\",\"description\":\"Part of Autorola Group\",\"potentialAction\":[{\"@type\":\"SearchAction\",\"target\":{\"@type\":\"EntryPoint\",\"urlTemplate\":\"https:\\\/\\\/indicata.bluebird.pw\\\/?s={search_term_string}\"},\"query-input\":{\"@type\":\"PropertyValueSpecification\",\"valueRequired\":true,\"valueName\":\"search_term_string\"}}],\"inLanguage\":\"fr-FR\"}]}<\/script>\n<!-- \/ Yoast SEO plugin. -->","yoast_head_json":{"title":"Indicata - Intelligence d\u00e9cisionnelle pour les v\u00e9hicules d'occasion","robots":{"index":"noindex","follow":"follow","max-snippet":"max-snippet:-1","max-image-preview":"max-image-preview:large","max-video-preview":"max-video-preview:-1"},"og_locale":"fr_FR","og_type":"article","og_title":"Indicata - Intelligence d\u00e9cisionnelle pour les v\u00e9hicules d'occasion","og_url":"https:\/\/fr.indicata.com\/","og_site_name":"Indicata","article_modified_time":"2024-09-11T08:28:04+00:00","og_image":[{"url":"https:\/\/indicata.bluebird.pw\/wp-content\/uploads\/2024\/04\/Frame-3.jpg","type":"","width":"","height":""}],"twitter_card":"summary_large_image","twitter_misc":{"Dur\u00e9e de lecture estim\u00e9e":"4 minutes"},"schema":{"@context":"https:\/\/schema.org","@graph":[{"@type":"WebPage","@id":"https:\/\/fr.indicata.com\/","url":"https:\/\/fr.indicata.com\/","name":"Indicata - Intelligence d\u00e9cisionnelle pour les v\u00e9hicules d'occasion","isPartOf":{"@id":"https:\/\/indicata.bluebird.pw\/#website"},"primaryImageOfPage":{"@id":"https:\/\/fr.indicata.com\/#primaryimage"},"image":{"@id":"https:\/\/fr.indicata.com\/#primaryimage"},"thumbnailUrl":"https:\/\/indicata.bluebird.pw\/wp-content\/uploads\/2024\/04\/Frame-3.jpg","datePublished":"2024-04-11T07:09:16+00:00","dateModified":"2024-09-11T08:28:04+00:00","breadcrumb":{"@id":"https:\/\/fr.indicata.com\/#breadcrumb"},"inLanguage":"fr-FR","potentialAction":[{"@type":"ReadAction","target":["https:\/\/fr.indicata.com\/"]}]},{"@type":"ImageObject","inLanguage":"fr-FR","@id":"https:\/\/fr.indicata.com\/#primaryimage","url":"https:\/\/indicata.bluebird.pw\/wp-content\/uploads\/2024\/04\/Frame-3.jpg","contentUrl":"https:\/\/indicata.bluebird.pw\/wp-content\/uploads\/2024\/04\/Frame-3.jpg"},{"@type":"BreadcrumbList","@id":"https:\/\/fr.indicata.com\/#breadcrumb","itemListElement":[{"@type":"ListItem","position":1,"name":"Home","item":"https:\/\/fr.indicata.com\/"},{"@type":"ListItem","position":2,"name":"Page d&#8217;accueil"}]},{"@type":"WebSite","@id":"https:\/\/indicata.bluebird.pw\/#website","url":"https:\/\/indicata.bluebird.pw\/","name":"Indicata","description":"Part of Autorola Group","potentialAction":[{"@type":"SearchAction","target":{"@type":"EntryPoint","urlTemplate":"https:\/\/indicata.bluebird.pw\/?s={search_term_string}"},"query-input":{"@type":"PropertyValueSpecification","valueRequired":true,"valueName":"search_term_string"}}],"inLanguage":"fr-FR"}]}},"_links":{"self":[{"href":"https:\/\/indicata.bluebird.pw\/fr\/wp-json\/wp\/v2\/pages\/1605","targetHints":{"allow":["GET"]}}],"collection":[{"href":"https:\/\/indicata.bluebird.pw\/fr\/wp-json\/wp\/v2\/pages"}],"about":[{"href":"https:\/\/indicata.bluebird.pw\/fr\/wp-json\/wp\/v2\/types\/page"}],"author":[{"embeddable":true,"href":"https:\/\/indicata.bluebird.pw\/fr\/wp-json\/wp\/v2\/users\/2"}],"replies":[{"embeddable":true,"href":"https:\/\/indicata.bluebird.pw\/fr\/wp-json\/wp\/v2\/comments?post=1605"}],"version-history":[{"count":10,"href":"https:\/\/indicata.bluebird.pw\/fr\/wp-json\/wp\/v2\/pages\/1605\/revisions"}],"predecessor-version":[{"id":7896,"href":"https:\/\/indicata.bluebird.pw\/fr\/wp-json\/wp\/v2\/pages\/1605\/revisions\/7896"}],"wp:attachment":[{"href":"https:\/\/indicata.bluebird.pw\/fr\/wp-json\/wp\/v2\/media?parent=1605"}],"curies":[{"name":"wp","href":"https:\/\/api.w.org\/{rel}","templated":true}]}}