{"id":1759,"date":"2024-05-21T21:13:06","date_gmt":"2024-05-21T19:13:06","guid":{"rendered":"https:\/\/indicata.bluebird.pw\/imprint\/"},"modified":"2024-09-11T10:12:55","modified_gmt":"2024-09-11T08:12:55","slug":"imprint","status":"publish","type":"page","link":"https:\/\/indicata.bluebird.pw\/fr\/imprint\/","title":{"rendered":"Contact"},"content":{"rendered":"\n<section class=\"wp-block-indicata-post-content mt-post-content\"><div class=\"mt-post-content__inner\"><div class=\"mt-post-content__content\">\n<h3 class=\"wp-block-heading\"><strong>INDICATA est une entit\u00e9 du Groupe AUTOROLA<\/strong><\/h3>\n\n\n\n<p>INDICATA France<br>8 rue Germain Soufflot<br>78180 Montigny le Bretonneux<\/p>\n\n\n\n<p><strong>T\u00e9l\u00e9phone:<\/strong><br><a href=\"tel:+33130028903\" target=\"_blank\" rel=\"noreferrer noopener\">+33 (0)130028903<\/a><\/p>\n\n\n\n<p><strong>Contact mail:<\/strong><br><a href=\"mailto:info@indicata.fr\" target=\"_blank\" rel=\"noreferrer noopener\">info@indicata.fr<\/a><\/p>\n\n\n\n<p>Avertissement:<br>Le site Web INDICATA peut contenir des liens pointant vers des pages Web d&rsquo;autres fournisseurs. Si vous cliquez sur les liens menant \u00e0 un fournisseur externe, vous quittez donc indicata.com. Ces sites externes ne sont pas sous le contr\u00f4le de INDICATA ou de sa soci\u00e9t\u00e9 principale, Autorola . INDICATA et Autorola n&rsquo;assument aucune responsabilit\u00e9 quant \u00e0 l&rsquo;exactitude des informations fournies sur le site web de la destination, ni adoptent ce contenu, ni ne partagent les opinions qui y sont exprim\u00e9es. Pour cela, INDICATA et Autorola ne sont pas responsables et d\u00e9clinent toute responsabilit\u00e9.<\/p>\n<\/div><div class=\"mt-post-content__actions\"><div class=\"mt-post-content__actions--tags\"><\/div><div class=\"mt-post-content__actions--share-buttons\"><div class=\"mt-share-buttons\"><div class=\"mt-share-buttons__button mt-share-buttons__button--print\"><svg xmlns=\"http:\/\/www.w3.org\/2000\/svg\" width=\"20\" height=\"21\" viewBox=\"0 0 20 21\" fill=\"none\"><path d=\"M5 8.00033V2.16699H15V8.00033\" stroke=\"#555555\" stroke-width=\"1.5\" stroke-linecap=\"round\" stroke-linejoin=\"round\"><\/path><path d=\"M4.99935 15.5H3.33268C2.89065 15.5 2.46673 15.3244 2.15417 15.0118C1.84161 14.6993 1.66602 14.2754 1.66602 13.8333V9.66667C1.66602 9.22464 1.84161 8.80072 2.15417 8.48816C2.46673 8.1756 2.89065 8 3.33268 8H16.666C17.108 8 17.532 8.1756 17.8445 8.48816C18.1571 8.80072 18.3327 9.22464 18.3327 9.66667V13.8333C18.3327 14.2754 18.1571 14.6993 17.8445 15.0118C17.532 15.3244 17.108 15.5 16.666 15.5H14.9993\" stroke=\"#555555\" stroke-width=\"1.5\" stroke-linecap=\"round\" stroke-linejoin=\"round\"><\/path><path d=\"M15 12.167H5V18.8337H15V12.167Z\" stroke=\"#555555\" stroke-width=\"1.5\" stroke-linecap=\"round\" stroke-linejoin=\"round\"><\/path><\/svg><\/div><div class=\"mt-share-buttons__button mt-share-buttons__button--bookmark\"><svg xmlns=\"http:\/\/www.w3.org\/2000\/svg\" width=\"20\" height=\"21\" viewBox=\"0 0 20 21\" fill=\"none\"><path d=\"M15.8327 18L9.99935 13.8333L4.16602 18V4.66667C4.16602 4.22464 4.34161 3.80072 4.65417 3.48816C4.96673 3.17559 5.39065 3 5.83268 3H14.166C14.608 3 15.032 3.17559 15.3445 3.48816C15.6571 3.80072 15.8327 4.22464 15.8327 4.66667V18Z\" stroke=\"#555555\" stroke-width=\"1.5\" stroke-linecap=\"round\" stroke-linejoin=\"round\"><\/path><\/svg><\/div><div class=\"mt-share-buttons__button mt-share-buttons__button--share\"><svg xmlns=\"http:\/\/www.w3.org\/2000\/svg\" width=\"20\" height=\"21\" viewBox=\"0 0 20 21\" fill=\"none\"><path d=\"M3.33398 10.5V17.1667C3.33398 17.6087 3.50958 18.0326 3.82214 18.3452C4.1347 18.6577 4.55862 18.8333 5.00065 18.8333H15.0007C15.4427 18.8333 15.8666 18.6577 16.1792 18.3452C16.4917 18.0326 16.6673 17.6087 16.6673 17.1667V10.5\" stroke=\"#555555\" stroke-width=\"1.5\" stroke-linecap=\"round\" stroke-linejoin=\"round\"><\/path><path d=\"M13.3327 5.50033L9.99935 2.16699L6.66602 5.50033\" stroke=\"#555555\" stroke-width=\"1.5\" stroke-linecap=\"round\" stroke-linejoin=\"round\"><\/path><path d=\"M10 2.16699V13.0003\" stroke=\"#555555\" stroke-width=\"1.5\" stroke-linecap=\"round\" stroke-linejoin=\"round\"><\/path><\/svg><\/div><\/div><\/div><\/div><\/div><\/section>\n","protected":false},"excerpt":{"rendered":"","protected":false},"author":4,"featured_media":0,"parent":0,"menu_order":0,"comment_status":"closed","ping_status":"closed","template":"","meta":{"_acf_changed":false,"footnotes":""},"class_list":["post-1759","page","type-page","status-publish","hentry"],"acf":[],"yoast_head":"<!-- This site is optimized with the Yoast SEO plugin v27.3 - https:\/\/yoast.com\/product\/yoast-seo-wordpress\/ -->\n<title>Contact - Indicata<\/title>\n<meta name=\"robots\" content=\"noindex, follow, max-snippet:-1, max-image-preview:large, max-video-preview:-1\" \/>\n<meta property=\"og:locale\" content=\"fr_FR\" \/>\n<meta property=\"og:type\" content=\"article\" \/>\n<meta property=\"og:title\" content=\"Contact - Indicata\" \/>\n<meta property=\"og:url\" content=\"https:\/\/fr.indicata.com\/imprint\/\" \/>\n<meta property=\"og:site_name\" content=\"Indicata\" \/>\n<meta property=\"article:modified_time\" content=\"2024-09-11T08:12:55+00:00\" \/>\n<meta name=\"twitter:card\" content=\"summary_large_image\" \/>\n<meta name=\"twitter:label1\" content=\"Dur\u00e9e de lecture estim\u00e9e\" \/>\n\t<meta name=\"twitter:data1\" content=\"1 minute\" \/>\n<script type=\"application\/ld+json\" class=\"yoast-schema-graph\">{\"@context\":\"https:\\\/\\\/schema.org\",\"@graph\":[{\"@type\":\"WebPage\",\"@id\":\"https:\\\/\\\/fr.indicata.com\\\/imprint\\\/\",\"url\":\"https:\\\/\\\/fr.indicata.com\\\/imprint\\\/\",\"name\":\"Contact - Indicata\",\"isPartOf\":{\"@id\":\"https:\\\/\\\/indicata.bluebird.pw\\\/#website\"},\"datePublished\":\"2024-05-21T19:13:06+00:00\",\"dateModified\":\"2024-09-11T08:12:55+00:00\",\"breadcrumb\":{\"@id\":\"https:\\\/\\\/fr.indicata.com\\\/imprint\\\/#breadcrumb\"},\"inLanguage\":\"fr-FR\",\"potentialAction\":[{\"@type\":\"ReadAction\",\"target\":[\"https:\\\/\\\/fr.indicata.com\\\/imprint\\\/\"]}]},{\"@type\":\"BreadcrumbList\",\"@id\":\"https:\\\/\\\/fr.indicata.com\\\/imprint\\\/#breadcrumb\",\"itemListElement\":[{\"@type\":\"ListItem\",\"position\":1,\"name\":\"Home\",\"item\":\"https:\\\/\\\/fr.indicata.com\\\/\"},{\"@type\":\"ListItem\",\"position\":2,\"name\":\"Contact\"}]},{\"@type\":\"WebSite\",\"@id\":\"https:\\\/\\\/indicata.bluebird.pw\\\/#website\",\"url\":\"https:\\\/\\\/indicata.bluebird.pw\\\/\",\"name\":\"Indicata\",\"description\":\"Part of Autorola Group\",\"potentialAction\":[{\"@type\":\"SearchAction\",\"target\":{\"@type\":\"EntryPoint\",\"urlTemplate\":\"https:\\\/\\\/indicata.bluebird.pw\\\/?s={search_term_string}\"},\"query-input\":{\"@type\":\"PropertyValueSpecification\",\"valueRequired\":true,\"valueName\":\"search_term_string\"}}],\"inLanguage\":\"fr-FR\"}]}<\/script>\n<!-- \/ Yoast SEO plugin. -->","yoast_head_json":{"title":"Contact - Indicata","robots":{"index":"noindex","follow":"follow","max-snippet":"max-snippet:-1","max-image-preview":"max-image-preview:large","max-video-preview":"max-video-preview:-1"},"og_locale":"fr_FR","og_type":"article","og_title":"Contact - Indicata","og_url":"https:\/\/fr.indicata.com\/imprint\/","og_site_name":"Indicata","article_modified_time":"2024-09-11T08:12:55+00:00","twitter_card":"summary_large_image","twitter_misc":{"Dur\u00e9e de lecture estim\u00e9e":"1 minute"},"schema":{"@context":"https:\/\/schema.org","@graph":[{"@type":"WebPage","@id":"https:\/\/fr.indicata.com\/imprint\/","url":"https:\/\/fr.indicata.com\/imprint\/","name":"Contact - Indicata","isPartOf":{"@id":"https:\/\/indicata.bluebird.pw\/#website"},"datePublished":"2024-05-21T19:13:06+00:00","dateModified":"2024-09-11T08:12:55+00:00","breadcrumb":{"@id":"https:\/\/fr.indicata.com\/imprint\/#breadcrumb"},"inLanguage":"fr-FR","potentialAction":[{"@type":"ReadAction","target":["https:\/\/fr.indicata.com\/imprint\/"]}]},{"@type":"BreadcrumbList","@id":"https:\/\/fr.indicata.com\/imprint\/#breadcrumb","itemListElement":[{"@type":"ListItem","position":1,"name":"Home","item":"https:\/\/fr.indicata.com\/"},{"@type":"ListItem","position":2,"name":"Contact"}]},{"@type":"WebSite","@id":"https:\/\/indicata.bluebird.pw\/#website","url":"https:\/\/indicata.bluebird.pw\/","name":"Indicata","description":"Part of Autorola Group","potentialAction":[{"@type":"SearchAction","target":{"@type":"EntryPoint","urlTemplate":"https:\/\/indicata.bluebird.pw\/?s={search_term_string}"},"query-input":{"@type":"PropertyValueSpecification","valueRequired":true,"valueName":"search_term_string"}}],"inLanguage":"fr-FR"}]}},"_links":{"self":[{"href":"https:\/\/indicata.bluebird.pw\/fr\/wp-json\/wp\/v2\/pages\/1759","targetHints":{"allow":["GET"]}}],"collection":[{"href":"https:\/\/indicata.bluebird.pw\/fr\/wp-json\/wp\/v2\/pages"}],"about":[{"href":"https:\/\/indicata.bluebird.pw\/fr\/wp-json\/wp\/v2\/types\/page"}],"author":[{"embeddable":true,"href":"https:\/\/indicata.bluebird.pw\/fr\/wp-json\/wp\/v2\/users\/4"}],"replies":[{"embeddable":true,"href":"https:\/\/indicata.bluebird.pw\/fr\/wp-json\/wp\/v2\/comments?post=1759"}],"version-history":[{"count":4,"href":"https:\/\/indicata.bluebird.pw\/fr\/wp-json\/wp\/v2\/pages\/1759\/revisions"}],"predecessor-version":[{"id":7892,"href":"https:\/\/indicata.bluebird.pw\/fr\/wp-json\/wp\/v2\/pages\/1759\/revisions\/7892"}],"wp:attachment":[{"href":"https:\/\/indicata.bluebird.pw\/fr\/wp-json\/wp\/v2\/media?parent=1759"}],"curies":[{"name":"wp","href":"https:\/\/api.w.org\/{rel}","templated":true}]}}