{"id":1772,"date":"2024-05-21T21:12:22","date_gmt":"2024-05-21T19:12:22","guid":{"rendered":"https:\/\/indicata.bluebird.pw\/cookies\/"},"modified":"2024-08-30T13:48:25","modified_gmt":"2024-08-30T11:48:25","slug":"cookies","status":"publish","type":"page","link":"https:\/\/indicata.bluebird.pw\/it\/cookies\/","title":{"rendered":"Cookies"},"content":{"rendered":"\n<section class=\"wp-block-indicata-post-content mt-post-content\"><div class=\"mt-post-content__inner\"><div class=\"mt-post-content__content\">\n<h2 class=\"wp-block-heading\">Cookie<\/h2>\n\n\n\n<p>Il presente documento spiega come e perch\u00e9 utilizziamo i cookie. Ti indicheremo inoltre quali cookie utilizziamo e alcune informazioni sulle terze parti che inseriscono cookie sul nostro sito web.<\/p>\n\n\n\n<h3 class=\"wp-block-heading\" id=\"Summary\">Riepilogo<\/h3>\n\n\n\n<p>Il presente documento si applica a:<\/p>\n\n\n\n<ul class=\"wp-block-list\">\n<li>Visitatori del sito Web<\/li>\n<\/ul>\n\n\n\n<p>Il presente documento riguarda:<\/p>\n\n\n\n<ul class=\"wp-block-list\">\n<li><a href=\"https:\/\/www.indicata.it\/cookies#Cookies\">Cookie<\/a><\/li>\n\n\n\n<li><a href=\"https:\/\/www.indicata.it\/cookies#Summary\">Riepilogo<\/a><\/li>\n\n\n\n<li><a href=\"https:\/\/www.indicata.it\/cookies#What-is-a-cookie\">Che cos&#8217;\u00e8 un cookie?<\/a>\n<ul class=\"wp-block-list\">\n<li><a href=\"https:\/\/www.indicata.it\/cookies#Types-of-cookies\">Tipi di cookie<\/a><\/li>\n<\/ul>\n<\/li>\n\n\n\n<li><a href=\"https:\/\/www.indicata.it\/cookies#Which-cookies-do-we-use\">Quali sono i cookie che utilizziamo?<\/a>\n<ul class=\"wp-block-list\">\n<li><a href=\"https:\/\/www.indicata.it\/cookies#Essential-cookies\">Cookie essenziali<\/a><\/li>\n\n\n\n<li><a href=\"https:\/\/www.indicata.it\/cookies#Analytical-cookies\">Cookie analitici<\/a><\/li>\n\n\n\n<li><a href=\"https:\/\/www.indicata.it\/cookies#Marketing-Cookies\">Cookie di marketing<\/a><\/li>\n\n\n\n<li><a href=\"https:\/\/www.indicata.it\/cookies#Personalization%20Cookies\">Cookie di personalizzazione<\/a><\/li>\n<\/ul>\n<\/li>\n\n\n\n<li><a href=\"https:\/\/www.indicata.it\/cookies#How-do-we-use-cookies\">Come utilizziamo i cookie?<\/a><\/li>\n\n\n\n<li><a href=\"https:\/\/www.indicata.it\/cookies#How-to-block-cookies\">Come bloccare i cookie<\/a><\/li>\n\n\n\n<li><a href=\"https:\/\/www.indicata.it\/cookies#How-to-withdraw-a-given-consent\">Come revocare il consenso accordato<\/a><\/li>\n\n\n\n<li><a href=\"https:\/\/www.indicata.it\/cookies#Cookies-list\">Elenco dei cookie<\/a><\/li>\n\n\n\n<li><a href=\"https:\/\/www.indicata.it\/cookies#Contact-Us\">Contattaci<\/a><\/li>\n<\/ul>\n\n\n\n<h3 class=\"wp-block-heading\" id=\"What-is-a-cookie\"><br>Che cos&#8217;\u00e8 un cookie?<\/h3>\n\n\n\n<p>I cookie sono piccoli file di testo che vengono memorizzati sul dispositivo dell&#8217;utente e che ci permettono di rendere la sua esperienza migliore e pi\u00f9 efficiente. Ci permettono di riconoscere il dispositivo e il browser dell&#8217;utente e di memorizzare informazioni importanti per il miglioramento dei nostri servizi.<\/p>\n\n\n\n<h3 class=\"wp-block-heading\" id=\"Types-of-cookies\">Tipi di cookie<\/h3>\n\n\n\n<p><strong>Cookie di sessione e cookie persistenti<\/strong><\/p>\n\n\n\n<ul class=\"wp-block-list\">\n<li>I cookie di sessione vengono memorizzati temporaneamente nella memoria dei dispositivi dell&#8217;utente durante la visita al sito Web e vengono cancellati una volta chiuso il browser.<\/li>\n\n\n\n<li>I cookie persistenti vengono conservati per un periodo di tempo predeterminato, che varia da cookie a cookie. Persistono pi\u00f9 a lungo dei cookie di sessione, ma anch&#8217;essi scadono dopo un po&#8217; di tempo. Ci permettono di capire se l&#8217;utente ha gi\u00e0 visitato il nostro sito Web o siti simili in passato.<\/li>\n<\/ul>\n\n\n\n<p><strong>Cookie di prima parte e di terze parti<\/strong><\/p>\n\n\n\n<ul class=\"wp-block-list\">\n<li>I cookie di prima parte sono impostati direttamente dal sito Web o da uno qualsiasi dei sottodomini del sito Web.<\/li>\n\n\n\n<li>I cookie di terze parti sono impostati da siti Web non gestiti da noi, come i nostri sub-responsabili del trattamento o altri partner tecnologici.<\/li>\n<\/ul>\n\n\n\n<h3 class=\"wp-block-heading\" id=\"Which-cookies-do-we-use\"><br>Quali sono i cookie che utilizziamo?<\/h3>\n\n\n\n<h4 class=\"wp-block-heading\" id=\"Essential-cookies\"><br>Cookie essenziali<\/h4>\n\n\n\n<p>Memorizziamo i cookie sul dispositivo dell&#8217;utente se sono necessari per permetterci di offrire e fornire i nostri servizi. Sono inoltre necessari per consentire all&#8217;utente di navigare nel sito e nell&#8217;applicazione Web e di usufruire di tutte le funzioni disponibili. Questi cookie non possono essere disattivati e sono impostati per le opzioni di base del sito Web, come il login, i moduli e l&#8217;impostazione di preferenze come il fuso orario o la lingua.<\/p>\n\n\n\n<h4 class=\"wp-block-heading\" id=\"Analytical-cookies\">Cookie analitici<\/h4>\n\n\n\n<p>Questi cookie vengono inseriti per aiutarci a capire come l&#8217;utente interagisce con le opzioni disponibili sul sito Web, quali parti utilizza maggiormente e come si avvale dei nostri servizi. Questo ci permette di creare statistiche sull&#8217;utilizzo e sul tempo trascorso sul sito Web. Queste statistiche ci consentono di migliorare il nostro sito Web e i servizi che offriamo.<\/p>\n\n\n\n<h4 class=\"wp-block-heading\" id=\"Marketing-Cookies\">Cookie di marketing<\/h4>\n\n\n\n<p>Questi cookie vengono utilizzati per proporre all&#8217;utente annunci pubblicitari che potrebbero essere pertinenti o di interesse per l&#8217;utente stesso durante la navigazione in Internet. Nella maggior parte dei casi sono inseriti da terze parti quando l&#8217;utente interagisce con i loro contenuti sul nostro sito Web.<\/p>\n\n\n\n<h4 class=\"wp-block-heading\" id=\"Personalization-Cookies\">Cookie di personalizzazione<\/h4>\n\n\n\n<p>Questi cookie vengono inseriti per aiutarci a fornire all&#8217;utente una migliore fruibilit\u00e0 del sito Web e dei nostri servizi e per renderli pi\u00f9 personalizzati.<\/p>\n\n\n\n<p>L&#8217;utente pu\u00f2 bloccare questi cookie, ma se lo fa, \u00e8 possibile che alcune parti del sito Web non funzionino nel modo previsto.<\/p>\n\n\n\n<h3 class=\"wp-block-heading\" id=\"How-do-we-use-cookies\">Come utilizziamo i cookie?<\/h3>\n\n\n\n<p>Raccogliamo i dati utilizzando i cookie descritti per misurare il traffico sul nostro sito Web, per comprendere il comportamento dell&#8217;utente al fine di ottimizzarne l&#8217;esperienza, nonch\u00e9 per personalizzare i contenuti del sito Web e fornire pubblicit\u00e0 pertinenti che potrebbero essere di suo interesse. Inoltre, utilizziamo i dati raccolti per sviluppare i nostri siti Web.<\/p>\n\n\n\n<h3 class=\"wp-block-heading\" id=\"How-to-block-cookies\">Come bloccare i cookie<\/h3>\n\n\n\n<p>L&#8217;utente pu\u00f2 bloccare o limitare l&#8217;inserimento di cookie e altre tecnologie di tracciamento, come i pixel tag. Pu\u00f2 farlo bloccandoli sul suo dispositivo o rimuovendoli e modificando le preferenze del suo browser. La procedura pu\u00f2 variare da dispositivo a dispositivo e da browser a browser.<\/p>\n\n\n\n<p>Una volta bloccati correttamente i cookie sul proprio browser, alcune parti del sito Web potrebbero non essere disponibili o non funzionare correttamente.<\/p>\n\n\n\n<h3 class=\"wp-block-heading\" id=\"How-to-withdraw-a-given-consent\">Come revocare il consenso accordato<\/h3>\n\n\n\n<p>Per revocare il consenso prestato, \u00e8 possibile fare clic sulla piccola icona del cookie nella parte inferiore dei siti Web, modificare la posizione del pulsante di consenso e fare clic su &#8220;salva&#8221;.<\/p>\n\n\n\n<h3 class=\"wp-block-heading\" id=\"Cookies-list\">Elenco dei cookie<\/h3>\n\n\n\n<p>L&#8217;elenco dei cookie utilizzati da Autorola \u00e8 visibile nel riquadro del consenso ai cookie per ciascuna categoria di cookie. Contattaci<\/p>\n\n\n\n<p>Per qualsiasi domanda relativa al presente documento, si prega di contattarci.<\/p>\n\n\n\n<p>Autorola A\/S<br>Skibhusvej 52A<br>DK-5000 Odense C<br>Danimarca<br><br>Tel: +45 70 20 16 61<br>E-mail:&nbsp;<a href=\"mailto:gdpr@indicata.com\">gdpr@indicata.com<\/a><\/p>\n<\/div><div class=\"mt-post-content__actions\"><div class=\"mt-post-content__actions--tags\"><\/div><div class=\"mt-post-content__actions--share-buttons\"><div class=\"mt-share-buttons\"><div class=\"mt-share-buttons__button mt-share-buttons__button--print\"><svg xmlns=\"http:\/\/www.w3.org\/2000\/svg\" width=\"20\" height=\"21\" viewBox=\"0 0 20 21\" fill=\"none\"><path d=\"M5 8.00033V2.16699H15V8.00033\" stroke=\"#555555\" stroke-width=\"1.5\" stroke-linecap=\"round\" stroke-linejoin=\"round\"><\/path><path d=\"M4.99935 15.5H3.33268C2.89065 15.5 2.46673 15.3244 2.15417 15.0118C1.84161 14.6993 1.66602 14.2754 1.66602 13.8333V9.66667C1.66602 9.22464 1.84161 8.80072 2.15417 8.48816C2.46673 8.1756 2.89065 8 3.33268 8H16.666C17.108 8 17.532 8.1756 17.8445 8.48816C18.1571 8.80072 18.3327 9.22464 18.3327 9.66667V13.8333C18.3327 14.2754 18.1571 14.6993 17.8445 15.0118C17.532 15.3244 17.108 15.5 16.666 15.5H14.9993\" stroke=\"#555555\" stroke-width=\"1.5\" stroke-linecap=\"round\" stroke-linejoin=\"round\"><\/path><path d=\"M15 12.167H5V18.8337H15V12.167Z\" stroke=\"#555555\" stroke-width=\"1.5\" stroke-linecap=\"round\" stroke-linejoin=\"round\"><\/path><\/svg><\/div><div class=\"mt-share-buttons__button mt-share-buttons__button--bookmark\"><svg xmlns=\"http:\/\/www.w3.org\/2000\/svg\" width=\"20\" height=\"21\" viewBox=\"0 0 20 21\" fill=\"none\"><path d=\"M15.8327 18L9.99935 13.8333L4.16602 18V4.66667C4.16602 4.22464 4.34161 3.80072 4.65417 3.48816C4.96673 3.17559 5.39065 3 5.83268 3H14.166C14.608 3 15.032 3.17559 15.3445 3.48816C15.6571 3.80072 15.8327 4.22464 15.8327 4.66667V18Z\" stroke=\"#555555\" stroke-width=\"1.5\" stroke-linecap=\"round\" stroke-linejoin=\"round\"><\/path><\/svg><\/div><div class=\"mt-share-buttons__button mt-share-buttons__button--share\"><svg xmlns=\"http:\/\/www.w3.org\/2000\/svg\" width=\"20\" height=\"21\" viewBox=\"0 0 20 21\" fill=\"none\"><path d=\"M3.33398 10.5V17.1667C3.33398 17.6087 3.50958 18.0326 3.82214 18.3452C4.1347 18.6577 4.55862 18.8333 5.00065 18.8333H15.0007C15.4427 18.8333 15.8666 18.6577 16.1792 18.3452C16.4917 18.0326 16.6673 17.6087 16.6673 17.1667V10.5\" stroke=\"#555555\" stroke-width=\"1.5\" stroke-linecap=\"round\" stroke-linejoin=\"round\"><\/path><path d=\"M13.3327 5.50033L9.99935 2.16699L6.66602 5.50033\" stroke=\"#555555\" stroke-width=\"1.5\" stroke-linecap=\"round\" stroke-linejoin=\"round\"><\/path><path d=\"M10 2.16699V13.0003\" stroke=\"#555555\" stroke-width=\"1.5\" stroke-linecap=\"round\" stroke-linejoin=\"round\"><\/path><\/svg><\/div><\/div><\/div><\/div><\/div><\/section>\n","protected":false},"excerpt":{"rendered":"","protected":false},"author":4,"featured_media":0,"parent":0,"menu_order":0,"comment_status":"closed","ping_status":"closed","template":"","meta":{"_acf_changed":false,"footnotes":""},"class_list":["post-1772","page","type-page","status-publish","hentry"],"acf":[],"yoast_head":"<!-- This site is optimized with the Yoast SEO plugin v27.3 - https:\/\/yoast.com\/product\/yoast-seo-wordpress\/ -->\n<title>Cookies - Indicata<\/title>\n<meta name=\"robots\" content=\"noindex, follow, max-snippet:-1, max-image-preview:large, max-video-preview:-1\" \/>\n<meta property=\"og:locale\" content=\"it_IT\" \/>\n<meta property=\"og:type\" content=\"article\" \/>\n<meta property=\"og:title\" content=\"Cookies - Indicata\" \/>\n<meta property=\"og:url\" content=\"https:\/\/it.indicata.com\/cookies\/\" \/>\n<meta property=\"og:site_name\" content=\"Indicata\" \/>\n<meta property=\"article:modified_time\" content=\"2024-08-30T11:48:25+00:00\" \/>\n<meta name=\"twitter:card\" content=\"summary_large_image\" \/>\n<meta name=\"twitter:label1\" content=\"Tempo di lettura stimato\" \/>\n\t<meta name=\"twitter:data1\" content=\"4 minuti\" \/>\n<script type=\"application\/ld+json\" class=\"yoast-schema-graph\">{\"@context\":\"https:\\\/\\\/schema.org\",\"@graph\":[{\"@type\":\"WebPage\",\"@id\":\"https:\\\/\\\/it.indicata.com\\\/cookies\\\/\",\"url\":\"https:\\\/\\\/it.indicata.com\\\/cookies\\\/\",\"name\":\"Cookies - Indicata\",\"isPartOf\":{\"@id\":\"https:\\\/\\\/indicata.bluebird.pw\\\/#website\"},\"datePublished\":\"2024-05-21T19:12:22+00:00\",\"dateModified\":\"2024-08-30T11:48:25+00:00\",\"breadcrumb\":{\"@id\":\"https:\\\/\\\/it.indicata.com\\\/cookies\\\/#breadcrumb\"},\"inLanguage\":\"it-IT\",\"potentialAction\":[{\"@type\":\"ReadAction\",\"target\":[\"https:\\\/\\\/it.indicata.com\\\/cookies\\\/\"]}]},{\"@type\":\"BreadcrumbList\",\"@id\":\"https:\\\/\\\/it.indicata.com\\\/cookies\\\/#breadcrumb\",\"itemListElement\":[{\"@type\":\"ListItem\",\"position\":1,\"name\":\"Home\",\"item\":\"https:\\\/\\\/indicata.it\\\/\"},{\"@type\":\"ListItem\",\"position\":2,\"name\":\"Cookies\"}]},{\"@type\":\"WebSite\",\"@id\":\"https:\\\/\\\/indicata.bluebird.pw\\\/#website\",\"url\":\"https:\\\/\\\/indicata.bluebird.pw\\\/\",\"name\":\"Indicata\",\"description\":\"Part of Autorola Group\",\"potentialAction\":[{\"@type\":\"SearchAction\",\"target\":{\"@type\":\"EntryPoint\",\"urlTemplate\":\"https:\\\/\\\/indicata.bluebird.pw\\\/?s={search_term_string}\"},\"query-input\":{\"@type\":\"PropertyValueSpecification\",\"valueRequired\":true,\"valueName\":\"search_term_string\"}}],\"inLanguage\":\"it-IT\"}]}<\/script>\n<!-- \/ Yoast SEO plugin. -->","yoast_head_json":{"title":"Cookies - Indicata","robots":{"index":"noindex","follow":"follow","max-snippet":"max-snippet:-1","max-image-preview":"max-image-preview:large","max-video-preview":"max-video-preview:-1"},"og_locale":"it_IT","og_type":"article","og_title":"Cookies - Indicata","og_url":"https:\/\/it.indicata.com\/cookies\/","og_site_name":"Indicata","article_modified_time":"2024-08-30T11:48:25+00:00","twitter_card":"summary_large_image","twitter_misc":{"Tempo di lettura stimato":"4 minuti"},"schema":{"@context":"https:\/\/schema.org","@graph":[{"@type":"WebPage","@id":"https:\/\/it.indicata.com\/cookies\/","url":"https:\/\/it.indicata.com\/cookies\/","name":"Cookies - Indicata","isPartOf":{"@id":"https:\/\/indicata.bluebird.pw\/#website"},"datePublished":"2024-05-21T19:12:22+00:00","dateModified":"2024-08-30T11:48:25+00:00","breadcrumb":{"@id":"https:\/\/it.indicata.com\/cookies\/#breadcrumb"},"inLanguage":"it-IT","potentialAction":[{"@type":"ReadAction","target":["https:\/\/it.indicata.com\/cookies\/"]}]},{"@type":"BreadcrumbList","@id":"https:\/\/it.indicata.com\/cookies\/#breadcrumb","itemListElement":[{"@type":"ListItem","position":1,"name":"Home","item":"https:\/\/indicata.it\/"},{"@type":"ListItem","position":2,"name":"Cookies"}]},{"@type":"WebSite","@id":"https:\/\/indicata.bluebird.pw\/#website","url":"https:\/\/indicata.bluebird.pw\/","name":"Indicata","description":"Part of Autorola Group","potentialAction":[{"@type":"SearchAction","target":{"@type":"EntryPoint","urlTemplate":"https:\/\/indicata.bluebird.pw\/?s={search_term_string}"},"query-input":{"@type":"PropertyValueSpecification","valueRequired":true,"valueName":"search_term_string"}}],"inLanguage":"it-IT"}]}},"_links":{"self":[{"href":"https:\/\/indicata.bluebird.pw\/it\/wp-json\/wp\/v2\/pages\/1772","targetHints":{"allow":["GET"]}}],"collection":[{"href":"https:\/\/indicata.bluebird.pw\/it\/wp-json\/wp\/v2\/pages"}],"about":[{"href":"https:\/\/indicata.bluebird.pw\/it\/wp-json\/wp\/v2\/types\/page"}],"author":[{"embeddable":true,"href":"https:\/\/indicata.bluebird.pw\/it\/wp-json\/wp\/v2\/users\/4"}],"replies":[{"embeddable":true,"href":"https:\/\/indicata.bluebird.pw\/it\/wp-json\/wp\/v2\/comments?post=1772"}],"version-history":[{"count":1,"href":"https:\/\/indicata.bluebird.pw\/it\/wp-json\/wp\/v2\/pages\/1772\/revisions"}],"predecessor-version":[{"id":5385,"href":"https:\/\/indicata.bluebird.pw\/it\/wp-json\/wp\/v2\/pages\/1772\/revisions\/5385"}],"wp:attachment":[{"href":"https:\/\/indicata.bluebird.pw\/it\/wp-json\/wp\/v2\/media?parent=1772"}],"curies":[{"name":"wp","href":"https:\/\/api.w.org\/{rel}","templated":true}]}}