{"id":1773,"date":"2024-05-21T21:12:22","date_gmt":"2024-05-21T19:12:22","guid":{"rendered":"https:\/\/indicata.bluebird.pw\/cookies\/"},"modified":"2024-09-11T15:33:51","modified_gmt":"2024-09-11T13:33:51","slug":"cookies","status":"publish","type":"page","link":"https:\/\/indicata.bluebird.pw\/pl\/cookies\/","title":{"rendered":"Cookies"},"content":{"rendered":"\n<section class=\"wp-block-indicata-post-content mt-post-content\"><div class=\"mt-post-content__inner\"><div class=\"mt-post-content__content\">\n<h2 class=\"wp-block-heading\">Pliki cookie<\/h2>\n\n\n\n<p>Niniejszy dokument zawiera informacje o tym, w jaki spos\u00f3b i dlaczego u\u017cywamy plik\u00f3w cookie. Poinformujemy r\u00f3wnie\u017c o tym, jakich plik\u00f3w cookie u\u017cywamy, a tak\u017ce o podmiotach zewn\u0119trznych, kt\u00f3re r\u00f3wnie\u017c umieszczaj\u0105 pliki cookie na naszej stronie internetowej.<\/p>\n\n\n\n<h3 class=\"wp-block-heading\" id=\"Summary\">Podsumowanie<\/h3>\n\n\n\n<p>Niniejszy dokument dotyczy:<\/p>\n\n\n\n<ul class=\"wp-block-list\">\n<li>odwiedzaj\u0105cych stron\u0119 internetow\u0105<\/li>\n<\/ul>\n\n\n\n<p>Niniejszy dokument obejmuje:<\/p>\n\n\n\n<ul class=\"wp-block-list\">\n<li><a href=\"https:\/\/www.indicata.pl\/cookies#Cookies\">Pliki cookie<\/a><\/li>\n\n\n\n<li><a href=\"https:\/\/www.indicata.pl\/cookies#Summary\">Podsumowanie<\/a><\/li>\n\n\n\n<li><a href=\"https:\/\/www.indicata.pl\/cookies#What-is-a-cookie\">Co to jest plik cookie?<\/a>\n<ul class=\"wp-block-list\">\n<li><a href=\"https:\/\/www.indicata.pl\/cookies#Types-of-cookies\">Rodzaje plik\u00f3w cookie<\/a><\/li>\n<\/ul>\n<\/li>\n\n\n\n<li><a href=\"https:\/\/www.indicata.pl\/cookies#Which-cookies-do-we-use\">Jakie pliki cookie wykorzystujemy?<\/a>\n<ul class=\"wp-block-list\">\n<li><a href=\"https:\/\/www.indicata.pl\/cookies#Essential-cookies\">Niezb\u0119dne pliki cookie<\/a><\/li>\n\n\n\n<li><a href=\"https:\/\/www.indicata.pl\/cookies#Analytical-cookies\">Analityczne pliki cookie<\/a><\/li>\n\n\n\n<li><a href=\"https:\/\/www.indicata.pl\/cookies#Marketing-Cookies\">Marketingowe pliki cookie<\/a><\/li>\n\n\n\n<li><a href=\"https:\/\/www.indicata.pl\/cookies#Personalization%20Cookies\">Personalizacyjne pliki cookie<\/a><\/li>\n<\/ul>\n<\/li>\n\n\n\n<li><a href=\"https:\/\/www.indicata.pl\/cookies#How-do-we-use-cookies\">Jak u\u017cywamy plik\u00f3w cookie?<\/a><\/li>\n\n\n\n<li><a href=\"https:\/\/www.indicata.pl\/cookies#How-to-block-cookies\">Jak zablokowa\u0107 pliki cookie<\/a><\/li>\n\n\n\n<li><a href=\"https:\/\/www.indicata.pl\/cookies#How-to-withdraw-a-given-consent\">Jak wycofa\u0107 wyra\u017con\u0105 zgod\u0119<\/a><\/li>\n\n\n\n<li><a href=\"https:\/\/www.indicata.pl\/cookies#Cookies-list\">Lista plik\u00f3w cookie<\/a><\/li>\n\n\n\n<li><a href=\"https:\/\/www.indicata.pl\/cookies#Contact-Us\">Skontaktuj si\u0119 z nami<\/a><\/li>\n<\/ul>\n\n\n\n<h3 class=\"wp-block-heading\" id=\"What-is-a-cookie\"><br>Co to jest plik cookie?<\/h3>\n\n\n\n<p>Pliki cookie to ma\u0142e pliki tekstowe, kt\u00f3re s\u0105 przechowywane na urz\u0105dzeniu u\u017cytkownika i kt\u00f3re pozwalaj\u0105 nam ulepsza\u0107 i usprawnia\u0107 korzystanie ze strony. Umo\u017cliwiaj\u0105 nam one rozpoznanie urz\u0105dzenia u\u017cytkownika i przegl\u0105darki oraz przechowywanie informacji, kt\u00f3re s\u0105 wa\u017cne dla doskonalenia naszych us\u0142ug.<\/p>\n\n\n\n<h3 class=\"wp-block-heading\" id=\"Types-of-cookies\">Rodzaje plik\u00f3w cookie<\/h3>\n\n\n\n<p><strong>Sesyjne pliki cookie i trwa\u0142e pliki cookie<\/strong><\/p>\n\n\n\n<ul class=\"wp-block-list\">\n<li>Sesyjne pliki cookie s\u0105 tymczasowo zapisywane w pami\u0119ci urz\u0105dzenia u\u017cytkownika podczas odwiedzania strony internetowej i s\u0105 usuwane po zamkni\u0119ciu przegl\u0105darki.<\/li>\n\n\n\n<li>Trwa\u0142e pliki cookie s\u0105 przechowywane przez okre\u015blony czas, kt\u00f3ry r\u00f3\u017cni si\u0119 w zale\u017cno\u015bci od pliku cookie. Jest on d\u0142u\u017cszy ni\u017c pliki cookie sesji, jednak\u017ce wygasaj\u0105 po pewnym czasie. Pomagaj\u0105 nam one zrozumie\u0107, czy w przesz\u0142o\u015bci u\u017cytkownik odwiedza\u0142 nasz\u0105 stron\u0119 internetow\u0105 lub podobne strony.<\/li>\n<\/ul>\n\n\n\n<p><strong>W\u0142asne i zewn\u0119trzne pliki cookie<\/strong><\/p>\n\n\n\n<ul class=\"wp-block-list\">\n<li>W\u0142asne pliki cookie s\u0105 ustawiane bezpo\u015brednio przez stron\u0119 internetow\u0105 lub dowoln\u0105 subdomen\u0119 strony.<\/li>\n\n\n\n<li>Pliki cookie stron trzecich s\u0105 ustawiane przez strony internetowe, kt\u00f3re nie s\u0105 przez nas zarz\u0105dzane, takich jak naszych podwykonawc\u00f3w lub innych partner\u00f3w technologicznych.<\/li>\n<\/ul>\n\n\n\n<h3 class=\"wp-block-heading\" id=\"Which-cookies-do-we-use\"><br>Jakie pliki cookie wykorzystujemy?<\/h3>\n\n\n\n<h4 class=\"wp-block-heading\" id=\"Essential-cookies\"><br>Niezb\u0119dne pliki cookie<\/h4>\n\n\n\n<p>Przechowujemy pliki cookie na urz\u0105dzeniu u\u017cytkownika, je\u015bli s\u0105 one niezb\u0119dne do oferowania i \u015bwiadczenia naszych us\u0142ug. S\u0105 one r\u00f3wnie\u017c wymagane do nawigacji na stronie internetowej i aplikacji internetowej oraz do korzystania ze wszystkich dost\u0119pnych funkcji. Te pliki cookie nie mog\u0105 by\u0107 wy\u0142\u0105czone i s\u0105 ustawione na bardzo podstawowe opcje strony internetowej, takie jak logowanie, formularze i preferencje, np. strefa czasowa lub j\u0119zyki.<\/p>\n\n\n\n<h4 class=\"wp-block-heading\" id=\"Analytical-cookies\">Analityczne pliki cookie<\/h4>\n\n\n\n<p>Te pliki cookie s\u0105 umieszczane, aby pom\u00f3c nam zrozumie\u0107, w jaki spos\u00f3b u\u017cytkownik wchodzi w interakcje z dost\u0119pnymi opcjami na stronie internetowej, z kt\u00f3rych cz\u0119\u015bci najcz\u0119\u015bciej korzysta i w jaki spos\u00f3b anga\u017cuje si\u0119 w nasze us\u0142ugi. Pomaga nam to tworzy\u0107 statystyki dotycz\u0105ce u\u017cytkowania i czasu sp\u0119dzonego na stronie internetowej. Statystyki te pomagaj\u0105 nam ostatecznie ulepszy\u0107 nasz\u0105 stron\u0119 internetow\u0105 i wszelkie oferowane przez nas us\u0142ugi w tym zakresie.<\/p>\n\n\n\n<h4 class=\"wp-block-heading\" id=\"Marketing-Cookies\">Marketingowe pliki cookie<\/h4>\n\n\n\n<p>Te pliki cookie s\u0142u\u017c\u0105 do wy\u015bwietlania reklam, kt\u00f3re mog\u0105 by\u0107 istotne lub interesuj\u0105ce dla u\u017cytkownika podczas przegl\u0105dania Internetu. S\u0105 one zazwyczaj umieszczane przez strony trzecie za ka\u017cdym razem, gdy u\u017cytkownik wchodzi w interakcj\u0119 z ich tre\u015bci\u0105 na naszej stronie internetowej.<\/p>\n\n\n\n<h4 class=\"wp-block-heading\" id=\"Personalization-Cookies\">Personalizacyjne pliki cookie<\/h4>\n\n\n\n<p>Te pliki cookie s\u0105 umieszczane w celu zapewnienia lepszej funkcjonalno\u015bci strony internetowej i naszych us\u0142ug oraz dostosowania ich do indywidualnych potrzeb u\u017cytkownika.<\/p>\n\n\n\n<p>U\u017cytkownik mo\u017ce zablokowa\u0107 te pliki cookie, ale je\u015bli to zrobi, cz\u0119\u015b\u0107 strony internetowej mo\u017ce nie dzia\u0142a\u0107 zgodnie z naszym zamiarem.<\/p>\n\n\n\n<h3 class=\"wp-block-heading\" id=\"How-do-we-use-cookies\">Jak u\u017cywamy plik\u00f3w cookie?<\/h3>\n\n\n\n<p>Gromadzimy dane za pomoc\u0105 opisanych plik\u00f3w cookie do pomiaru ruchu na naszej stronie internetowej, zrozumienia zachowania u\u017cytkownika w celu optymalizacji jego obs\u0142ugi oraz personalizacji tre\u015bci na stronach internetowych i dostarczania odpowiednich reklam, kt\u00f3re mog\u0105 go zainteresowa\u0107. Gromadzone dane wykorzystujemy r\u00f3wnie\u017c do rozwoju naszych stron internetowych.<\/p>\n\n\n\n<h3 class=\"wp-block-heading\" id=\"How-to-block-cookies\">Jak zablokowa\u0107 pliki cookie<\/h3>\n\n\n\n<p>U\u017cytkownik mo\u017ce zatrzyma\u0107 lub ograniczy\u0107 umieszczanie plik\u00f3w cookie i innych technologii \u015bledzenia, takich jak znaczniki pikselowe. Mo\u017cna to zrobi\u0107, blokuj\u0105c je na swoim urz\u0105dzeniu lub usuwaj\u0105c i dostosowuj\u0105c preferencje przegl\u0105darki. Mog\u0105 si\u0119 one r\u00f3\u017cni\u0107 w zale\u017cno\u015bci od urz\u0105dzenia i przegl\u0105darki.<\/p>\n\n\n\n<p>Po prawid\u0142owym zablokowaniu plik\u00f3w cookie w przegl\u0105darce niekt\u00f3re cz\u0119\u015bci strony internetowej mog\u0105 by\u0107 niedost\u0119pne lub mog\u0105 nie dzia\u0142a\u0107 prawid\u0142owo.<\/p>\n\n\n\n<h3 class=\"wp-block-heading\" id=\"How-to-withdraw-a-given-consent\">Jak wycofa\u0107 wyra\u017con\u0105 zgod\u0119<\/h3>\n\n\n\n<p>Aby wycofa\u0107 udzielon\u0105 zgod\u0119, mo\u017cna klikn\u0105\u0107 ma\u0142\u0105 ikon\u0119 pliku cookie na dole stron internetowych i po prostu zmieni\u0107 pozycj\u0119 przycisku zgody i klikn\u0105\u0107 przycisk \u201eZapisz\u201d.<\/p>\n\n\n\n<h3 class=\"wp-block-heading\" id=\"Cookies-list\">Lista plik\u00f3w cookie<\/h3>\n\n\n\n<p>Lista plik\u00f3w cookie wykorzystywanych przez Autorola znajduje si\u0119 w polu zgody na pliki cookie w ka\u017cdej kategorii plik\u00f3w cookie. Skontaktuj si\u0119 z nami<\/p>\n\n\n\n<p>W przypadku pyta\u0144 dotycz\u0105cych niniejszego dokumentu prosimy o kontakt.<\/p>\n\n\n\n<p>Autorola A\/S<br>Skibhusvej 52A<br>DK-5000 Odense C<br>Dania<br><br>Tel.: +45 70 20 16 61<br>E-mail:&nbsp;<a href=\"mailto:gdpr@indicata.com\">gdpr@indicata.com<\/a><\/p>\n<\/div><div class=\"mt-post-content__actions\"><div class=\"mt-post-content__actions--tags\"><\/div><div class=\"mt-post-content__actions--share-buttons\"><div class=\"mt-share-buttons\"><div class=\"mt-share-buttons__button mt-share-buttons__button--print\"><svg xmlns=\"http:\/\/www.w3.org\/2000\/svg\" width=\"20\" height=\"21\" viewBox=\"0 0 20 21\" fill=\"none\"><path d=\"M5 8.00033V2.16699H15V8.00033\" stroke=\"#555555\" stroke-width=\"1.5\" stroke-linecap=\"round\" stroke-linejoin=\"round\"><\/path><path d=\"M4.99935 15.5H3.33268C2.89065 15.5 2.46673 15.3244 2.15417 15.0118C1.84161 14.6993 1.66602 14.2754 1.66602 13.8333V9.66667C1.66602 9.22464 1.84161 8.80072 2.15417 8.48816C2.46673 8.1756 2.89065 8 3.33268 8H16.666C17.108 8 17.532 8.1756 17.8445 8.48816C18.1571 8.80072 18.3327 9.22464 18.3327 9.66667V13.8333C18.3327 14.2754 18.1571 14.6993 17.8445 15.0118C17.532 15.3244 17.108 15.5 16.666 15.5H14.9993\" stroke=\"#555555\" stroke-width=\"1.5\" stroke-linecap=\"round\" stroke-linejoin=\"round\"><\/path><path d=\"M15 12.167H5V18.8337H15V12.167Z\" stroke=\"#555555\" stroke-width=\"1.5\" stroke-linecap=\"round\" stroke-linejoin=\"round\"><\/path><\/svg><\/div><div class=\"mt-share-buttons__button mt-share-buttons__button--bookmark\"><svg xmlns=\"http:\/\/www.w3.org\/2000\/svg\" width=\"20\" height=\"21\" viewBox=\"0 0 20 21\" fill=\"none\"><path d=\"M15.8327 18L9.99935 13.8333L4.16602 18V4.66667C4.16602 4.22464 4.34161 3.80072 4.65417 3.48816C4.96673 3.17559 5.39065 3 5.83268 3H14.166C14.608 3 15.032 3.17559 15.3445 3.48816C15.6571 3.80072 15.8327 4.22464 15.8327 4.66667V18Z\" stroke=\"#555555\" stroke-width=\"1.5\" stroke-linecap=\"round\" stroke-linejoin=\"round\"><\/path><\/svg><\/div><div class=\"mt-share-buttons__button mt-share-buttons__button--share\"><svg xmlns=\"http:\/\/www.w3.org\/2000\/svg\" width=\"20\" height=\"21\" viewBox=\"0 0 20 21\" fill=\"none\"><path d=\"M3.33398 10.5V17.1667C3.33398 17.6087 3.50958 18.0326 3.82214 18.3452C4.1347 18.6577 4.55862 18.8333 5.00065 18.8333H15.0007C15.4427 18.8333 15.8666 18.6577 16.1792 18.3452C16.4917 18.0326 16.6673 17.6087 16.6673 17.1667V10.5\" stroke=\"#555555\" stroke-width=\"1.5\" stroke-linecap=\"round\" stroke-linejoin=\"round\"><\/path><path d=\"M13.3327 5.50033L9.99935 2.16699L6.66602 5.50033\" stroke=\"#555555\" stroke-width=\"1.5\" stroke-linecap=\"round\" stroke-linejoin=\"round\"><\/path><path d=\"M10 2.16699V13.0003\" stroke=\"#555555\" stroke-width=\"1.5\" stroke-linecap=\"round\" stroke-linejoin=\"round\"><\/path><\/svg><\/div><\/div><\/div><\/div><\/div><\/section>\n","protected":false},"excerpt":{"rendered":"","protected":false},"author":4,"featured_media":0,"parent":0,"menu_order":0,"comment_status":"closed","ping_status":"closed","template":"","meta":{"_acf_changed":false,"footnotes":""},"class_list":["post-1773","page","type-page","status-publish","hentry"],"acf":[],"yoast_head":"<!-- This site is optimized with the Yoast SEO plugin v27.3 - https:\/\/yoast.com\/product\/yoast-seo-wordpress\/ -->\n<title>Cookies - Indicata<\/title>\n<meta name=\"robots\" content=\"noindex, follow, max-snippet:-1, max-image-preview:large, max-video-preview:-1\" \/>\n<meta property=\"og:locale\" content=\"pl_PL\" \/>\n<meta property=\"og:type\" content=\"article\" \/>\n<meta property=\"og:title\" content=\"Cookies - Indicata\" \/>\n<meta property=\"og:url\" content=\"https:\/\/pl.indicata.com\/cookies\/\" \/>\n<meta property=\"og:site_name\" content=\"Indicata\" \/>\n<meta property=\"article:modified_time\" content=\"2024-09-11T13:33:51+00:00\" \/>\n<meta name=\"twitter:card\" content=\"summary_large_image\" \/>\n<meta name=\"twitter:label1\" content=\"Szacowany czas czytania\" \/>\n\t<meta name=\"twitter:data1\" content=\"4 minuty\" \/>\n<script type=\"application\/ld+json\" class=\"yoast-schema-graph\">{\"@context\":\"https:\\\/\\\/schema.org\",\"@graph\":[{\"@type\":\"WebPage\",\"@id\":\"https:\\\/\\\/pl.indicata.com\\\/cookies\\\/\",\"url\":\"https:\\\/\\\/pl.indicata.com\\\/cookies\\\/\",\"name\":\"Cookies - Indicata\",\"isPartOf\":{\"@id\":\"https:\\\/\\\/indicata.bluebird.pw\\\/#website\"},\"datePublished\":\"2024-05-21T19:12:22+00:00\",\"dateModified\":\"2024-09-11T13:33:51+00:00\",\"breadcrumb\":{\"@id\":\"https:\\\/\\\/pl.indicata.com\\\/cookies\\\/#breadcrumb\"},\"inLanguage\":\"pl-PL\",\"potentialAction\":[{\"@type\":\"ReadAction\",\"target\":[\"https:\\\/\\\/pl.indicata.com\\\/cookies\\\/\"]}]},{\"@type\":\"BreadcrumbList\",\"@id\":\"https:\\\/\\\/pl.indicata.com\\\/cookies\\\/#breadcrumb\",\"itemListElement\":[{\"@type\":\"ListItem\",\"position\":1,\"name\":\"Home\",\"item\":\"https:\\\/\\\/indicata.bluebird.pw\\\/?page_id=1717&lang=pl\"},{\"@type\":\"ListItem\",\"position\":2,\"name\":\"Cookies\"}]},{\"@type\":\"WebSite\",\"@id\":\"https:\\\/\\\/indicata.bluebird.pw\\\/#website\",\"url\":\"https:\\\/\\\/indicata.bluebird.pw\\\/\",\"name\":\"Indicata\",\"description\":\"Part of Autorola Group\",\"potentialAction\":[{\"@type\":\"SearchAction\",\"target\":{\"@type\":\"EntryPoint\",\"urlTemplate\":\"https:\\\/\\\/indicata.bluebird.pw\\\/?s={search_term_string}\"},\"query-input\":{\"@type\":\"PropertyValueSpecification\",\"valueRequired\":true,\"valueName\":\"search_term_string\"}}],\"inLanguage\":\"pl-PL\"}]}<\/script>\n<!-- \/ Yoast SEO plugin. -->","yoast_head_json":{"title":"Cookies - Indicata","robots":{"index":"noindex","follow":"follow","max-snippet":"max-snippet:-1","max-image-preview":"max-image-preview:large","max-video-preview":"max-video-preview:-1"},"og_locale":"pl_PL","og_type":"article","og_title":"Cookies - Indicata","og_url":"https:\/\/pl.indicata.com\/cookies\/","og_site_name":"Indicata","article_modified_time":"2024-09-11T13:33:51+00:00","twitter_card":"summary_large_image","twitter_misc":{"Szacowany czas czytania":"4 minuty"},"schema":{"@context":"https:\/\/schema.org","@graph":[{"@type":"WebPage","@id":"https:\/\/pl.indicata.com\/cookies\/","url":"https:\/\/pl.indicata.com\/cookies\/","name":"Cookies - Indicata","isPartOf":{"@id":"https:\/\/indicata.bluebird.pw\/#website"},"datePublished":"2024-05-21T19:12:22+00:00","dateModified":"2024-09-11T13:33:51+00:00","breadcrumb":{"@id":"https:\/\/pl.indicata.com\/cookies\/#breadcrumb"},"inLanguage":"pl-PL","potentialAction":[{"@type":"ReadAction","target":["https:\/\/pl.indicata.com\/cookies\/"]}]},{"@type":"BreadcrumbList","@id":"https:\/\/pl.indicata.com\/cookies\/#breadcrumb","itemListElement":[{"@type":"ListItem","position":1,"name":"Home","item":"https:\/\/indicata.bluebird.pw\/?page_id=1717&lang=pl"},{"@type":"ListItem","position":2,"name":"Cookies"}]},{"@type":"WebSite","@id":"https:\/\/indicata.bluebird.pw\/#website","url":"https:\/\/indicata.bluebird.pw\/","name":"Indicata","description":"Part of Autorola Group","potentialAction":[{"@type":"SearchAction","target":{"@type":"EntryPoint","urlTemplate":"https:\/\/indicata.bluebird.pw\/?s={search_term_string}"},"query-input":{"@type":"PropertyValueSpecification","valueRequired":true,"valueName":"search_term_string"}}],"inLanguage":"pl-PL"}]}},"_links":{"self":[{"href":"https:\/\/indicata.bluebird.pw\/pl\/wp-json\/wp\/v2\/pages\/1773","targetHints":{"allow":["GET"]}}],"collection":[{"href":"https:\/\/indicata.bluebird.pw\/pl\/wp-json\/wp\/v2\/pages"}],"about":[{"href":"https:\/\/indicata.bluebird.pw\/pl\/wp-json\/wp\/v2\/types\/page"}],"author":[{"embeddable":true,"href":"https:\/\/indicata.bluebird.pw\/pl\/wp-json\/wp\/v2\/users\/4"}],"replies":[{"embeddable":true,"href":"https:\/\/indicata.bluebird.pw\/pl\/wp-json\/wp\/v2\/comments?post=1773"}],"version-history":[{"count":1,"href":"https:\/\/indicata.bluebird.pw\/pl\/wp-json\/wp\/v2\/pages\/1773\/revisions"}],"predecessor-version":[{"id":7954,"href":"https:\/\/indicata.bluebird.pw\/pl\/wp-json\/wp\/v2\/pages\/1773\/revisions\/7954"}],"wp:attachment":[{"href":"https:\/\/indicata.bluebird.pw\/pl\/wp-json\/wp\/v2\/media?parent=1773"}],"curies":[{"name":"wp","href":"https:\/\/api.w.org\/{rel}","templated":true}]}}