{"id":1038,"date":"2024-05-21T20:33:51","date_gmt":"2024-05-21T18:33:51","guid":{"rendered":"https:\/\/indicata.bluebird.pw\/empresa\/"},"modified":"2024-08-20T17:41:21","modified_gmt":"2024-08-20T15:41:21","slug":"empresa","status":"publish","type":"page","link":"https:\/\/indicata.bluebird.pw\/pt-br\/empresa\/","title":{"rendered":"Empresa"},"content":{"rendered":"\n<section class=\"wp-block-indicata-sub-cover mt-sub-cover is-style-bg-default\"><div class=\"mt-sub-cover__container\"><div class=\"mt-sub-cover__inner page-container\"><div class=\"mt-sub-cover__text-container\"><span class=\"mt-sub-cover__tagline mt-tagline\">About Indicata<\/span>\n<h1 class=\"wp-block-heading\">Empresa<\/h1>\n\n\n\n<p>N\u00f3s auxiliamos empresas a tomarem melhores decis\u00f5es, ganhando vantagens competitivas e aperfei\u00e7oando as suas efici\u00eancias operacionais<\/p>\n\n\n\n<div class=\"wp-block-buttons is-layout-flex wp-block-buttons-is-layout-flex\">\n<div class=\"wp-block-button open-slide-in-contact\" data-contact-slide-in-view=\"3\"><a class=\"wp-block-button__link wp-element-button\">Solicite uma demonstra\u00e7\u00e3o<\/a><\/div>\n\n\n\n<div class=\"wp-block-button is-style-primary-transparent open-slide-in-contact\" data-contact-slide-in-view=\"2\"><a class=\"wp-block-button__link wp-element-button\">Entre em contato conosco<\/a><\/div>\n<\/div>\n<\/div><\/div><div class=\"mt-sub-cover__image-container object-fit\"><img decoding=\"async\" src=\"https:\/\/indicata.bluebird.pw\/wp-content\/uploads\/2024\/06\/shutterstock_534346318-scaled.jpg\" alt=\"\" style=\"object-position:66% 56.00000000000001%\"\/><\/div><\/div><\/section>\n\n<section class=\"wp-block-morningmodules-logo-line mt-logo-line mt-logo-line--should-slide mt-logo-line--border-bottom mtSpacing-top-small mtSpacing-bottom-extraSmall\"><div class=\"mt-logo-line__inner\"><div class=\"mt-logo-line__text-container\"><p class=\"mt-logo-line__text\">Trusted by global<br>automotive brands<\/p><\/div><div class=\"mt-logo-line__logos-container swiper\"><div class=\"swiper-wrapper\">\n<div class=\"wp-block-morningmodules-logo-line-logo mt-logo swiper-slide\" style=\"opacity:1\"><img decoding=\"async\" src=\"https:\/\/indicata.bluebird.pw\/wp-content\/uploads\/2024\/04\/Tesla.svg\" alt=\"\" class=\"mt-logo__logo\" style=\"max-height:40px;margin-top:0px\"><\/div>\n\n\n\n<div class=\"wp-block-morningmodules-logo-line-logo mt-logo swiper-slide\" style=\"opacity:1\"><img decoding=\"async\" src=\"https:\/\/indicata.bluebird.pw\/wp-content\/uploads\/2024\/04\/BMW.svg\" alt=\"\" class=\"mt-logo__logo\" style=\"max-height:40px;margin-top:0px\"><\/div>\n\n\n\n<div class=\"wp-block-morningmodules-logo-line-logo mt-logo swiper-slide\" style=\"opacity:1\"><img decoding=\"async\" src=\"https:\/\/indicata.bluebird.pw\/wp-content\/uploads\/2024\/04\/Mercedes.svg\" alt=\"\" class=\"mt-logo__logo\" style=\"max-height:40px;margin-top:0px\"><\/div>\n\n\n\n<div class=\"wp-block-morningmodules-logo-line-logo mt-logo swiper-slide\" style=\"opacity:1\"><img decoding=\"async\" src=\"https:\/\/indicata.bluebird.pw\/wp-content\/uploads\/2024\/04\/Volkswagen.svg\" alt=\"\" class=\"mt-logo__logo\" style=\"max-height:40px;margin-top:0px\"><\/div>\n\n\n\n<div class=\"wp-block-morningmodules-logo-line-logo mt-logo swiper-slide\" style=\"opacity:1\"><img decoding=\"async\" src=\"https:\/\/indicata.bluebird.pw\/wp-content\/uploads\/2024\/04\/logo-teknicar_svg__Layer_1.svg\" alt=\"\" class=\"mt-logo__logo\" style=\"max-height:40px;margin-top:0px\"><\/div>\n<\/div><\/div><\/div><\/section>\n\n<section class=\"wp-block-morningmodules-text-media mt-text-media mt-text-media--align-media-left mt-text-media--align-media-mobile-bottom is-style-bg-default\"><div class=\"mt-text-media__inner\"><div class=\"mt-text-media__media-container\"><img decoding=\"async\" src=\"https:\/\/indicata.bluebird.pw\/wp-content\/uploads\/2024\/05\/AdobeStock_642486126.jpeg\" alt=\"\" style=\"object-position:32% 37%\"\/><\/div><div class=\"mt-text-media__text-container\"><span class=\"mt-text-media__tagline mt-tagline\"><\/span><h2 class=\"mt-text-media__title\">Global leader in Business Intelligence for used vehicle operations<\/h2>\n<p>O INDICATA \u00e9 l\u00edder global em intelig\u00eancia de mercado e solu\u00e7\u00f5es anal\u00edticas para opera\u00e7\u00f5es de carros usados para o setor automotivo. Projetado para o gerenciamento de alto desempenho no ramo de ve\u00edculos seminovos e usados, o INDICATA permite que fabricantes de autom\u00f3veis, revendedores e frotistas transformem percep\u00e7\u00f5es orientadas por dados em vantagens competitivas. Estas an\u00e1lises auxiliam e orientam uma estrat\u00e9gia focada na efici\u00eancia operacional baseada nas melhores pr\u00e1ticas do mercado de usados.<br\/><br\/>O INDICATA \u00e9 uma resposta \u00e0 crescente demanda do mercado por percep\u00e7\u00f5es em tempo real. O sistema representa n\u00e3o apenas a plataforma mais atrativa e inovadora do setor, mas tamb\u00e9m a solu\u00e7\u00e3o mais eficiente de opera\u00e7\u00f5es para carros usados e gest\u00e3o de valor residual para fabricantes de autom\u00f3veis, revendedores, organiza\u00e7\u00f5es de servi\u00e7os financeiros e frotistas.<\/p>\n\n\n\n<p>Os sucessos que obtivemos com a nossa tecnologia nos ajudaram a ganhar tra\u00e7\u00e3o internacional e uma clientela crescente das principais montadoras e revendedores ao redor mundo, cujas opera\u00e7\u00f5es de ve\u00edculos usados tiveram melhorias impressionantes desde que escolheram o INDICATA.<\/p>\n\n\n\n<p>O INDICATA \u00e9 o resultado da colabora\u00e7\u00e3o entre executivos do setor automotivo e desenvolvedores de sistemas. Juntos, desenvolvemos nossa metodologia exclusiva para coletar, processar e analisar dados do mercado de carros usados em tempo real para fornecer percep\u00e7\u00f5es sobre a din\u00e2mica do mercado, diferente de qualquer outra abordagem no setor.<\/p>\n\n\n\n<p>Com o INDICATA, a autonomia para melhores decis\u00f5es e o poder da an\u00e1lise dos dados dispon\u00edveis est\u00e3o na ponta dos seus dedos.<\/p>\n<\/div><\/div><\/section>\n\n<section class=\"wp-block-morningmodules-text-media mt-text-media mt-text-media--align-media-right mt-text-media--align-media-mobile-bottom is-style-bg-secondary\"><div class=\"mt-text-media__inner\"><div class=\"mt-text-media__media-container\"><img decoding=\"async\" src=\"https:\/\/indicata.bluebird.pw\/wp-content\/uploads\/2024\/05\/Autorola_3circles_2020_RGB_wide.png\" alt=\"\" style=\"object-position:50% 51%\"\/><\/div><div class=\"mt-text-media__text-container\"><span class=\"mt-text-media__tagline mt-tagline\"><\/span><h2 class=\"mt-text-media__title\">Part of the AUTOROLA Group<\/h2>\n<p>O INDICATA faz parte do Grupo AUTOROLA, l\u00edder global em remarketing on-line e solu\u00e7\u00f5es de TI automotivas para gerenciamento profissional de carros usados e frotas, com sede na Dinamarca. Atualmente, a empresa tem aproximadamente 750 funcion\u00e1rios e subsidi\u00e1rias em 21 pa\u00edses da Europa, Am\u00e9rica do Norte, Am\u00e9rica Latina e \u00c1sia-Pac\u00edfico.<\/p>\n\n\n\n<p>O Grupo AUTOROLA est\u00e1 comprometido com um processo de renova\u00e7\u00e3o constante durante toda a transforma\u00e7\u00e3o digital. A empresa se adapta constantemente \u00e0s necessidades de nossos clientes, sempre a partir de uma perspectiva on-line, para obter sucesso na comercializa\u00e7\u00e3o adequada de ve\u00edculos usados provenientes de processos de desmobiliza\u00e7\u00e3o de frotas.<\/p>\n<\/div><\/div><\/section>\n\n<section class=\"wp-block-indicata-link-boxes-with-icon mt-link-boxes-with-icon mtSpacing-top-medium mtSpacing-bottom-medium\"><div class=\"mt-link-boxes-with-icon__inner page-container\"><div class=\"mt-link-boxes-with-icon__text-container\"><h2 class=\"mt-link-boxes-with-icon__title\">AUTOROLA is divided into three global business units<\/h2><\/div><div class=\"mt-link-boxes-with-icon__boxes-wrapper\">\n<div class=\"wp-block-indicata-link-box-with-icon mt-link-box-with-icon swiper-slide\"><a href=\"https:\/\/www.autorolagroup.com\/products-and-services\/vehicle-auctions\/\" target=\"_blank\" rel=\"noopener\" class=\"mt-link-box-with-icon__link\"><\/a><div class=\"mt-link-box-with-icon__title-container\"><div class=\"mt-link-box-with-icon__icon-container\"><img decoding=\"async\" src=\"https:\/\/indicata.bluebird.pw\/wp-content\/uploads\/2024\/06\/autorola_R-2.png\" alt=\"autorola_R-2\" width=\"24\" height=\"24\" class=\"mt-link-box-with-icon__icon\"><\/div><p class=\"mt-link-box-with-icon__title\">MARKETPLACE<\/p><\/div><p class=\"mt-link-box-with-icon__text\">Ampla gama de leil\u00f5es on-line para vendedores de ve\u00edculos, intermediados pela nossa plataforma que conta com mais de 70.000 compradores ativos ao redor do mundo.<\/p><\/div>\n\n\n\n<div class=\"wp-block-indicata-link-box-with-icon mt-link-box-with-icon swiper-slide\"><a href=\"https:\/\/www.autorolagroup.com\/products-and-services\/infleet-defleet-services\/\" target=\"_blank\" rel=\"noopener\" class=\"mt-link-box-with-icon__link\"><\/a><div class=\"mt-link-box-with-icon__title-container\"><div class=\"mt-link-box-with-icon__icon-container\"><img decoding=\"async\" src=\"https:\/\/indicata.bluebird.pw\/wp-content\/uploads\/2024\/06\/SolutionsLogo_Pos_RGB-2.png\" alt=\"Solu\u00e7\u00f5esLogo_Pos_RGB-2\" width=\"24\" height=\"24\" class=\"mt-link-box-with-icon__icon\"><\/div><p class=\"mt-link-box-with-icon__title\">SOLUTIONS<\/p><\/div><p class=\"mt-link-box-with-icon__text\">Solu\u00e7\u00f5es personalizadas para propriet\u00e1rios de frotas que atendem \u00e0s necessidades espec\u00edficas dos segmentos de OEM, bancos e frotistas em todo o mundo.<\/p><\/div>\n\n\n\n<div class=\"wp-block-indicata-link-box-with-icon mt-link-box-with-icon swiper-slide\"><a href=\"https:\/\/indicata.bluebird.pw.br\/privacy-statement\/\" class=\"mt-link-box-with-icon__link\"><\/a><div class=\"mt-link-box-with-icon__title-container\"><div class=\"mt-link-box-with-icon__icon-container\"><img decoding=\"async\" src=\"https:\/\/indicata.bluebird.pw\/wp-content\/uploads\/2024\/04\/cropped-image-5.png\" alt=\"Imagem recortada-5.png\" width=\"24\" height=\"24\" class=\"mt-link-box-with-icon__icon\"><\/div><p class=\"mt-link-box-with-icon__title\">INDICATA<\/p><\/div><p class=\"mt-link-box-with-icon__text\">A pr\u00f3xima gera\u00e7\u00e3o de intelig\u00eancia de mercado que auxilia na gest\u00e3o do estoque de ve\u00edculos seminovos e usados.<\/p><\/div>\n<\/div><\/div><\/section>\n","protected":false},"excerpt":{"rendered":"","protected":false},"author":4,"featured_media":0,"parent":0,"menu_order":0,"comment_status":"closed","ping_status":"closed","template":"","meta":{"_acf_changed":false,"footnotes":""},"class_list":["post-1038","page","type-page","status-publish","hentry"],"acf":[],"yoast_head":"<!-- This site is optimized with the Yoast SEO plugin v27.3 - https:\/\/yoast.com\/product\/yoast-seo-wordpress\/ -->\n<title>Empresa - Indicata<\/title>\n<meta name=\"robots\" content=\"noindex, follow, max-snippet:-1, max-image-preview:large, max-video-preview:-1\" \/>\n<meta property=\"og:locale\" content=\"pt_BR\" \/>\n<meta property=\"og:type\" content=\"article\" \/>\n<meta property=\"og:title\" content=\"Empresa - Indicata\" \/>\n<meta property=\"og:url\" content=\"https:\/\/indicata.bluebird.pw.br\/empresa\/\" \/>\n<meta property=\"og:site_name\" content=\"Indicata\" \/>\n<meta property=\"article:modified_time\" content=\"2024-08-20T15:41:21+00:00\" \/>\n<meta property=\"og:image\" content=\"https:\/\/indicata.bluebird.pw\/wp-content\/uploads\/2024\/06\/shutterstock_534346318-scaled.jpg\" \/>\n<meta name=\"twitter:card\" content=\"summary_large_image\" \/>\n<meta name=\"twitter:label1\" content=\"Est. tempo de leitura\" \/>\n\t<meta name=\"twitter:data1\" content=\"5 minutos\" \/>\n<script type=\"application\/ld+json\" class=\"yoast-schema-graph\">{\"@context\":\"https:\\\/\\\/schema.org\",\"@graph\":[{\"@type\":\"WebPage\",\"@id\":\"https:\\\/\\\/indicata.bluebird.pw.br\\\/empresa\\\/\",\"url\":\"https:\\\/\\\/indicata.bluebird.pw.br\\\/empresa\\\/\",\"name\":\"Empresa - Indicata\",\"isPartOf\":{\"@id\":\"https:\\\/\\\/indicata.bluebird.pw\\\/#website\"},\"primaryImageOfPage\":{\"@id\":\"https:\\\/\\\/indicata.bluebird.pw.br\\\/empresa\\\/#primaryimage\"},\"image\":{\"@id\":\"https:\\\/\\\/indicata.bluebird.pw.br\\\/empresa\\\/#primaryimage\"},\"thumbnailUrl\":\"https:\\\/\\\/indicata.bluebird.pw\\\/wp-content\\\/uploads\\\/2024\\\/06\\\/shutterstock_534346318-scaled.jpg\",\"datePublished\":\"2024-05-21T18:33:51+00:00\",\"dateModified\":\"2024-08-20T15:41:21+00:00\",\"breadcrumb\":{\"@id\":\"https:\\\/\\\/indicata.bluebird.pw.br\\\/empresa\\\/#breadcrumb\"},\"inLanguage\":\"pt-BR\",\"potentialAction\":[{\"@type\":\"ReadAction\",\"target\":[\"https:\\\/\\\/indicata.bluebird.pw.br\\\/empresa\\\/\"]}]},{\"@type\":\"ImageObject\",\"inLanguage\":\"pt-BR\",\"@id\":\"https:\\\/\\\/indicata.bluebird.pw.br\\\/empresa\\\/#primaryimage\",\"url\":\"https:\\\/\\\/indicata.bluebird.pw\\\/wp-content\\\/uploads\\\/2024\\\/06\\\/shutterstock_534346318-scaled.jpg\",\"contentUrl\":\"https:\\\/\\\/indicata.bluebird.pw\\\/wp-content\\\/uploads\\\/2024\\\/06\\\/shutterstock_534346318-scaled.jpg\"},{\"@type\":\"BreadcrumbList\",\"@id\":\"https:\\\/\\\/indicata.bluebird.pw.br\\\/empresa\\\/#breadcrumb\",\"itemListElement\":[{\"@type\":\"ListItem\",\"position\":1,\"name\":\"Home\",\"item\":\"https:\\\/\\\/indicata.bluebird.pw.br\\\/\"},{\"@type\":\"ListItem\",\"position\":2,\"name\":\"Empresa\"}]},{\"@type\":\"WebSite\",\"@id\":\"https:\\\/\\\/indicata.bluebird.pw\\\/#website\",\"url\":\"https:\\\/\\\/indicata.bluebird.pw\\\/\",\"name\":\"Indicata\",\"description\":\"Part of Autorola Group\",\"potentialAction\":[{\"@type\":\"SearchAction\",\"target\":{\"@type\":\"EntryPoint\",\"urlTemplate\":\"https:\\\/\\\/indicata.bluebird.pw\\\/?s={search_term_string}\"},\"query-input\":{\"@type\":\"PropertyValueSpecification\",\"valueRequired\":true,\"valueName\":\"search_term_string\"}}],\"inLanguage\":\"pt-BR\"}]}<\/script>\n<!-- \/ Yoast SEO plugin. -->","yoast_head_json":{"title":"Empresa - Indicata","robots":{"index":"noindex","follow":"follow","max-snippet":"max-snippet:-1","max-image-preview":"max-image-preview:large","max-video-preview":"max-video-preview:-1"},"og_locale":"pt_BR","og_type":"article","og_title":"Empresa - Indicata","og_url":"https:\/\/indicata.bluebird.pw.br\/empresa\/","og_site_name":"Indicata","article_modified_time":"2024-08-20T15:41:21+00:00","og_image":[{"url":"https:\/\/indicata.bluebird.pw\/wp-content\/uploads\/2024\/06\/shutterstock_534346318-scaled.jpg","type":"","width":"","height":""}],"twitter_card":"summary_large_image","twitter_misc":{"Est. tempo de leitura":"5 minutos"},"schema":{"@context":"https:\/\/schema.org","@graph":[{"@type":"WebPage","@id":"https:\/\/indicata.bluebird.pw.br\/empresa\/","url":"https:\/\/indicata.bluebird.pw.br\/empresa\/","name":"Empresa - Indicata","isPartOf":{"@id":"https:\/\/indicata.bluebird.pw\/#website"},"primaryImageOfPage":{"@id":"https:\/\/indicata.bluebird.pw.br\/empresa\/#primaryimage"},"image":{"@id":"https:\/\/indicata.bluebird.pw.br\/empresa\/#primaryimage"},"thumbnailUrl":"https:\/\/indicata.bluebird.pw\/wp-content\/uploads\/2024\/06\/shutterstock_534346318-scaled.jpg","datePublished":"2024-05-21T18:33:51+00:00","dateModified":"2024-08-20T15:41:21+00:00","breadcrumb":{"@id":"https:\/\/indicata.bluebird.pw.br\/empresa\/#breadcrumb"},"inLanguage":"pt-BR","potentialAction":[{"@type":"ReadAction","target":["https:\/\/indicata.bluebird.pw.br\/empresa\/"]}]},{"@type":"ImageObject","inLanguage":"pt-BR","@id":"https:\/\/indicata.bluebird.pw.br\/empresa\/#primaryimage","url":"https:\/\/indicata.bluebird.pw\/wp-content\/uploads\/2024\/06\/shutterstock_534346318-scaled.jpg","contentUrl":"https:\/\/indicata.bluebird.pw\/wp-content\/uploads\/2024\/06\/shutterstock_534346318-scaled.jpg"},{"@type":"BreadcrumbList","@id":"https:\/\/indicata.bluebird.pw.br\/empresa\/#breadcrumb","itemListElement":[{"@type":"ListItem","position":1,"name":"Home","item":"https:\/\/indicata.bluebird.pw.br\/"},{"@type":"ListItem","position":2,"name":"Empresa"}]},{"@type":"WebSite","@id":"https:\/\/indicata.bluebird.pw\/#website","url":"https:\/\/indicata.bluebird.pw\/","name":"Indicata","description":"Part of Autorola Group","potentialAction":[{"@type":"SearchAction","target":{"@type":"EntryPoint","urlTemplate":"https:\/\/indicata.bluebird.pw\/?s={search_term_string}"},"query-input":{"@type":"PropertyValueSpecification","valueRequired":true,"valueName":"search_term_string"}}],"inLanguage":"pt-BR"}]}},"_links":{"self":[{"href":"https:\/\/indicata.bluebird.pw\/pt-br\/wp-json\/wp\/v2\/pages\/1038","targetHints":{"allow":["GET"]}}],"collection":[{"href":"https:\/\/indicata.bluebird.pw\/pt-br\/wp-json\/wp\/v2\/pages"}],"about":[{"href":"https:\/\/indicata.bluebird.pw\/pt-br\/wp-json\/wp\/v2\/types\/page"}],"author":[{"embeddable":true,"href":"https:\/\/indicata.bluebird.pw\/pt-br\/wp-json\/wp\/v2\/users\/4"}],"replies":[{"embeddable":true,"href":"https:\/\/indicata.bluebird.pw\/pt-br\/wp-json\/wp\/v2\/comments?post=1038"}],"version-history":[{"count":8,"href":"https:\/\/indicata.bluebird.pw\/pt-br\/wp-json\/wp\/v2\/pages\/1038\/revisions"}],"predecessor-version":[{"id":4515,"href":"https:\/\/indicata.bluebird.pw\/pt-br\/wp-json\/wp\/v2\/pages\/1038\/revisions\/4515"}],"wp:attachment":[{"href":"https:\/\/indicata.bluebird.pw\/pt-br\/wp-json\/wp\/v2\/media?parent=1038"}],"curies":[{"name":"wp","href":"https:\/\/api.w.org\/{rel}","templated":true}]}}