{"id":1237,"date":"2024-04-19T07:23:46","date_gmt":"2024-04-19T05:23:46","guid":{"rendered":"https:\/\/indicata.bluebird.pw\/oems-e-nscs\/"},"modified":"2024-08-16T11:55:26","modified_gmt":"2024-08-16T09:55:26","slug":"fabricantes-e-representantes","status":"publish","type":"page","link":"https:\/\/indicata.bluebird.pw\/pt-br\/fabricantes-e-representantes\/","title":{"rendered":"Fabricantes e Representantes"},"content":{"rendered":"\n<section class=\"wp-block-indicata-sub-cover mt-sub-cover\"><div class=\"mt-sub-cover__container\"><div class=\"mt-sub-cover__inner page-container\"><div class=\"mt-sub-cover__text-container\"><span class=\"mt-sub-cover__tagline mt-tagline\">IND\u00daSTRIA<\/span>\n<h1 class=\"wp-block-heading\">Fabricantes e Representantes<\/h1>\n\n\n\n<p>Acompanhe e otimize o desempenho da sua rede de revendedores<\/p>\n\n\n\n<div class=\"wp-block-buttons is-layout-flex wp-block-buttons-is-layout-flex\">\n<div class=\"wp-block-button open-slide-in-contact\" data-contact-slide-in-view=\"3\"><a class=\"wp-block-button__link wp-element-button\">Solicite uma demonstra\u00e7\u00e3o<\/a><\/div>\n\n\n\n<div class=\"wp-block-button is-style-primary-transparent open-slide-in-contact\" data-contact-slide-in-view=\"2\"><a class=\"wp-block-button__link wp-element-button\">Avalia\u00e7\u00e3o de oportunidade<\/a><\/div>\n<\/div>\n<\/div><\/div><div class=\"mt-sub-cover__image-container object-fit\"><img decoding=\"async\" src=\"https:\/\/indicata.bluebird.pw\/wp-content\/uploads\/2024\/04\/Frame-3-2.jpg\" alt=\"\" style=\"object-position:50% 50%\"\/><\/div><\/div><\/section>\n\n\n\n<section class=\"wp-block-indicata-link-boxes-with-icon mt-link-boxes-with-icon mtSpacing-top-small mtSpacing-bottom-medium\"><div class=\"mt-link-boxes-with-icon__inner page-container\"><div class=\"mt-link-boxes-with-icon__text-container\"><h2 class=\"mt-link-boxes-with-icon__title\">Nossos clientes v\u00eam at\u00e9 n\u00f3s<\/h2><p class=\"mt-link-boxes-with-icon__text\">Porque eles buscam:<\/p><\/div><div class=\"mt-link-boxes-with-icon__boxes-wrapper\">\n<div class=\"wp-block-indicata-link-box-with-icon mt-link-box-with-icon swiper-slide\"><div class=\"mt-link-box-with-icon__title-container\"><div class=\"mt-link-box-with-icon__icon-container\"><img decoding=\"async\" src=\"https:\/\/indicata.bluebird.pw\/wp-content\/uploads\/2024\/04\/car-side-solid.svg\" alt=\"carro-lateral-s\u00f3lido\" width=\"24\" height=\"24\" class=\"mt-link-box-with-icon__icon\"><\/div><p class=\"mt-link-box-with-icon__title\">Avaliar o sucesso do CPO<\/p><\/div><p class=\"mt-link-box-with-icon__text\">Acompanhe o sucesso e o desempenho do seu programa de ve\u00edculos usados certificados<\/p><\/div>\n\n\n\n<div class=\"wp-block-indicata-link-box-with-icon mt-link-box-with-icon swiper-slide\"><div class=\"mt-link-box-with-icon__title-container\"><div class=\"mt-link-box-with-icon__icon-container\"><img decoding=\"async\" src=\"https:\/\/indicata.bluebird.pw\/wp-content\/uploads\/2024\/04\/tags-solid.svg\" alt=\"marca\u00e7\u00e3o-s\u00f3lida\" width=\"24\" height=\"24\" class=\"mt-link-box-with-icon__icon\"><\/div><p class=\"mt-link-box-with-icon__title\">Melhorar o desempenho de vendas e lucro da rede<\/p><\/div><p class=\"mt-link-box-with-icon__text\">Identifique pontos de venda que apresentam resultados abaixo do potencial esperado, e melhore o desempenho da rede<\/p><\/div>\n\n\n\n<div class=\"wp-block-indicata-link-box-with-icon mt-link-box-with-icon swiper-slide\"><div class=\"mt-link-box-with-icon__title-container\"><div class=\"mt-link-box-with-icon__icon-container\"><img decoding=\"async\" src=\"https:\/\/indicata.bluebird.pw\/wp-content\/uploads\/2024\/04\/laptop-solid.svg\" alt=\"laptop-s\u00f3lido\" width=\"24\" height=\"24\" class=\"mt-link-box-with-icon__icon\"><\/div><p class=\"mt-link-box-with-icon__title\">Identificar problemas e oportunidades na rede<\/p><\/div><p class=\"mt-link-box-with-icon__text\">Monitore o seu estoque mais antigo, modelos sem atratividade de mercado e an\u00fancios precificados de forma imprecisa, al\u00e9m de oportunidades para incremento nas vendas<\/p><\/div>\n<\/div><\/div><\/section>\n\n\n\n<section class=\"wp-block-morningmodules-logo-line mt-logo-line mt-logo-line--should-slide mt-logo-line--border-bottom mtSpacing-top-extraSmall mtSpacing-bottom-extraSmall\"><div class=\"mt-logo-line__inner\"><div class=\"mt-logo-line__text-container\"><p class=\"mt-logo-line__text\">Aprovado por importantes marcas automotivas globais<\/p><\/div><div class=\"mt-logo-line__logos-container swiper\"><div class=\"swiper-wrapper\">\n<div class=\"wp-block-morningmodules-logo-line-logo mt-logo swiper-slide\" style=\"opacity:1\"><img decoding=\"async\" src=\"https:\/\/indicata.bluebird.pw\/wp-content\/uploads\/2024\/04\/Tesla.svg\" alt=\"\" class=\"mt-logo__logo\" style=\"max-height:40px;margin-top:0px\"\/><\/div>\n\n\n\n<div class=\"wp-block-morningmodules-logo-line-logo mt-logo swiper-slide\" style=\"opacity:1\"><img decoding=\"async\" src=\"https:\/\/indicata.bluebird.pw\/wp-content\/uploads\/2024\/04\/BMW.svg\" alt=\"\" class=\"mt-logo__logo\" style=\"max-height:40px;margin-top:0px\"\/><\/div>\n\n\n\n<div class=\"wp-block-morningmodules-logo-line-logo mt-logo swiper-slide\" style=\"opacity:1\"><img decoding=\"async\" src=\"https:\/\/indicata.bluebird.pw\/wp-content\/uploads\/2024\/04\/Mercedes.svg\" alt=\"\" class=\"mt-logo__logo\" style=\"max-height:40px;margin-top:0px\"\/><\/div>\n\n\n\n<div class=\"wp-block-morningmodules-logo-line-logo mt-logo swiper-slide\" style=\"opacity:1\"><img decoding=\"async\" src=\"https:\/\/indicata.bluebird.pw\/wp-content\/uploads\/2024\/04\/Volkswagen.svg\" alt=\"\" class=\"mt-logo__logo\" style=\"max-height:40px;margin-top:0px\"\/><\/div>\n\n\n\n<div class=\"wp-block-morningmodules-logo-line-logo mt-logo swiper-slide\" style=\"opacity:1\"><img decoding=\"async\" src=\"https:\/\/indicata.bluebird.pw\/wp-content\/uploads\/2024\/04\/logo-teknicar_svg__Layer_1.svg\" alt=\"\" class=\"mt-logo__logo\" style=\"max-height:40px;margin-top:0px\"\/><\/div>\n<\/div><\/div><\/div><\/section>\n\n\n\n<section class=\"wp-block-morningmodules-text-media mt-text-media mt-text-media--align-media-right mt-text-media--align-media-mobile-bottom mtSpacing-bottom-medium mtSpacing-top-small\"><div class=\"mt-text-media__inner\"><div class=\"mt-text-media__media-container\"><img decoding=\"async\" src=\"https:\/\/indicata.bluebird.pw\/wp-content\/uploads\/2024\/05\/shutterstock_421486786-scaled.jpg\" alt=\"\" style=\"object-position:67% 57.99999999999999%\"\/><\/div><div class=\"mt-text-media__text-container\"><span class=\"mt-text-media__tagline mt-tagline\">Avaliar o desempenho<\/span><h2 class=\"mt-text-media__title\">Efic\u00e1cia na certifica\u00e7\u00e3o de ve\u00edculos usados<\/h2>\n<p>Os fabricantes investem milh\u00f5es na constru\u00e7\u00e3o de uma forte para os seus ve\u00edculos usados, mas o acesso limitado \u00e0 informa\u00e7\u00f5es impede o acompanhamento de indicadores deste sucesso<\/p>\n\n\n\n<ul class=\"wp-block-list\">\n<li>Melhoraria percentual do estoque vendido por meio de sua rede<\/li>\n\n\n\n<li>Melhoria dos valores residuais<\/li>\n\n\n\n<li>Aumento de desempenho e lucratividade da rede<\/li>\n\n\n\n<li>Reconhecimento de mercado equivalente aos ve\u00edculos novos para o CPO (programa de ve\u00edculos usados certificados)<\/li>\n<\/ul>\n\n\n\n<p>Monitorando o desempenho, estoque e vendas de mais de 140.000 concession\u00e1rios e lojistas em tempo real, a nossa plataforma de relat\u00f3rios permite que os fabricantes realmente avaliem a efic\u00e1cia de seus investimentos<\/p>\n\n\n\n<div class=\"wp-block-buttons is-layout-flex wp-block-buttons-is-layout-flex\">\n<div class=\"wp-block-button open-slide-in-contact\" data-contact-slide-in-view=\"3\"><a class=\"wp-block-button__link wp-element-button\">Solicite uma demonstra\u00e7\u00e3o<\/a><\/div>\n\n\n\n<div class=\"wp-block-button is-style-primary-transparent open-slide-in-contact\" data-contact-slide-in-view=\"2\"><a class=\"wp-block-button__link wp-element-button\">Contato com vendas<\/a><\/div>\n<\/div>\n<\/div><\/div><\/section>\n\n\n\n<section class=\"wp-block-morningmodules-text-media mt-text-media mt-text-media--align-media-left mt-text-media--align-media-mobile-bottom\"><div class=\"mt-text-media__inner\"><div class=\"mt-text-media__media-container\"><img decoding=\"async\" src=\"https:\/\/indicata.bluebird.pw\/wp-content\/uploads\/2024\/04\/Frame-24656-3.jpg\" alt=\"\" style=\"object-position:20% 55.00000000000001%\"\/><\/div><div class=\"mt-text-media__text-container\"><span class=\"mt-text-media__tagline mt-tagline\">Identificar locais com baixo desempenho<\/span><h2 class=\"mt-text-media__title\">Capacidade e aperfei\u00e7oamento da rede<\/h2>\n<p>O Indicata pode identificar o melhor e o pior na rede de uma marca. Isso pode variar desde o desempenho principal de carros usados at\u00e9 algum aviso antecipado na viabilidade financeira do revendedor.<br><br>Os fabricantes podem implementar os ajustes necess\u00e1rios e as a\u00e7\u00f5es corretivas a tempo, atacando os problemas antes que eles se tornem reais. O Indicata pode apoi\u00e1-lo com nosso Programa de Sucesso do Cliente.<\/p>\n\n\n\n<div class=\"wp-block-buttons is-layout-flex wp-block-buttons-is-layout-flex\">\n<div class=\"wp-block-button open-slide-in-contact\" data-contact-slide-in-view=\"3\"><a class=\"wp-block-button__link wp-element-button\">Solicite uma demonstra\u00e7\u00e3o<\/a><\/div>\n\n\n\n<div class=\"wp-block-button is-style-primary-transparent open-slide-in-contact\" data-contact-slide-in-view=\"2\"><a class=\"wp-block-button__link wp-element-button\">Contato com vendas<\/a><\/div>\n<\/div>\n<\/div><\/div><\/section>\n\n\n\n<section class=\"wp-block-morningmodules-text-media mt-text-media mt-text-media--align-media-right mt-text-media--align-media-mobile-bottom mtSpacing-top-medium\"><div class=\"mt-text-media__inner\"><div class=\"mt-text-media__media-container\"><img decoding=\"async\" src=\"https:\/\/indicata.bluebird.pw\/wp-content\/uploads\/2024\/04\/Frame-24656-4.jpg\" alt=\"\" style=\"object-position:50% 50%\"\/><\/div><div class=\"mt-text-media__text-container\"><span class=\"mt-text-media__tagline mt-tagline\">Suporte da rede<\/span><h2 class=\"mt-text-media__title\">Equipes de campo efetivas<\/h2>\n<p>Pensando no aprimoramento de suas revendas, os fabricantes investem cada vez mais em equipes especializadas em ve\u00edculos usados. No entanto, as reuni\u00f5es com os concession\u00e1rios s\u00f3 s\u00e3o eficazes quando h\u00e1 um conjunto comum de m\u00e9tricas de desempenho para se analisar.<\/p>\n\n\n\n<p>O conjunto de ferramentas e relat\u00f3rios Indicata possibilita uma vis\u00e3o completa da rede de concession\u00e1rias, oferendo desde an\u00e1lises gerenciais at\u00e9 indicadores por ve\u00edculo. As equipes de campo dos fabricantes podem ter conversas produtivas, baseadas em fatos, identificando problemas e oportunidades que nem mesmo o concession\u00e1rio estava ciente. <\/p>\n\n\n\n<p>Al\u00e9m do nosso Programa de Sucesso do Cliente, o Indicata tamb\u00e9m pode ajudar a transformar sua equipe de campo em especialistas em ve\u00edculos usados, aprimorando o relacionamento com sua rede.<\/p>\n\n\n\n<div class=\"wp-block-buttons is-layout-flex wp-block-buttons-is-layout-flex\">\n<div class=\"wp-block-button open-slide-in-contact\" data-contact-slide-in-view=\"3\"><a class=\"wp-block-button__link wp-element-button\">Solicite uma demonstra\u00e7\u00e3o<\/a><\/div>\n\n\n\n<div class=\"wp-block-button is-style-primary-transparent open-slide-in-contact\" data-contact-slide-in-view=\"2\"><a class=\"wp-block-button__link wp-element-button\">Contato com vendas<\/a><\/div>\n<\/div>\n<\/div><\/div><\/section>\n\n\n\n<section class=\"wp-block-morningmodules-text-media mt-text-media mt-text-media--align-media-left mt-text-media--align-media-mobile-bottom mtSpacing-bottom-medium mtSpacing-top-medium\"><div class=\"mt-text-media__inner\"><div class=\"mt-text-media__media-container\"><img decoding=\"async\" src=\"https:\/\/indicata.bluebird.pw\/wp-content\/uploads\/2024\/04\/Frame-24656-1.jpg\" alt=\"\" style=\"object-position:69% 49%\"\/><\/div><div class=\"mt-text-media__text-container\"><span class=\"mt-text-media__tagline mt-tagline\">Ve\u00edculo por ve\u00edculo &#8211; Todos os dias<\/span><h2 class=\"mt-text-media__title\">Reten\u00e7\u00e3o de estoque da marca<\/h2>\n<p>Garantir que a sua rede esteja retendo e revendendo a maior parte do estoque de sua marca assegurar\u00e1 a otimiza\u00e7\u00e3o do seu programa de CPO (Programa de Ve\u00edculos Usados Certificados). Quando um produto deixa de ser revendido em alguma concession\u00e1ria da marca, \u00e9 essencial que a sua localiza\u00e7\u00e3o e o pre\u00e7o ofertado sejam conhecidos.<br><br>O Indicata pode rastrear todos os ve\u00edculos usados da sua marca, identificando-os de acordo com o local de revenda e seus pre\u00e7os anunciados.<br><br>Usando nossos dados em conjunto com a an\u00e1lise geral de tend\u00eancias do mercado, podemos ajudar voc\u00ea a garantir a m\u00e1xima reten\u00e7\u00e3o da marca em sua rede.<\/p>\n\n\n\n<div class=\"wp-block-buttons is-layout-flex wp-block-buttons-is-layout-flex\">\n<div class=\"wp-block-button open-slide-in-contact\" data-contact-slide-in-view=\"3\"><a class=\"wp-block-button__link wp-element-button\">Solicite uma demonstra\u00e7\u00e3o<\/a><\/div>\n\n\n\n<div class=\"wp-block-button is-style-primary-transparent open-slide-in-contact\" data-contact-slide-in-view=\"2\"><a class=\"wp-block-button__link wp-element-button\">Contato com vendas<\/a><\/div>\n<\/div>\n<\/div><\/div><\/section>\n\n\n\n<section class=\"wp-block-morningmodules-text-media mt-text-media mt-text-media--align-media-right mt-text-media--align-media-mobile-bottom mtSpacing-bottom-medium\"><div class=\"mt-text-media__inner\"><div class=\"mt-text-media__media-container\"><img decoding=\"async\" src=\"https:\/\/indicata.bluebird.pw\/wp-content\/uploads\/2024\/04\/Frame-24656-2.jpg\" alt=\"\" style=\"object-position:50% 50%\"\/><\/div><div class=\"mt-text-media__text-container\"><span class=\"mt-text-media__tagline mt-tagline\">Ruptura de estoque<\/span><h2 class=\"mt-text-media__title\">Impulsionando o tr\u00e1fego do showroom<\/h2>\n<p>O gerador de leads do Indicata fornece aos visitantes do seu site a avalia\u00e7\u00e3o de trade-in que eles desejam, permitindo que voc\u00ea estabele\u00e7a contato e aumente suas oportunidades de vendas.<br><br>O gerador de leads do Indicata aumenta, comprovadamente, em tr\u00eas vezes a gera\u00e7\u00e3o de leads do seu site.<br><br>Seja atrav\u00e9s de solu\u00e7\u00e3o API para alimentar as interfaces de avalia\u00e7\u00e3o de seus pr\u00f3prios sites, ou uma op\u00e7\u00e3o &#8220;plug and play&#8221; pr\u00e9-configurada do Indicata, temos a experi\u00eancia de fornecer solu\u00e7\u00f5es diretamente aos fabricantes ou por meio de parcerias com os seus concession\u00e1rios.<\/p>\n\n\n\n<div class=\"wp-block-buttons is-layout-flex wp-block-buttons-is-layout-flex\">\n<div class=\"wp-block-button open-slide-in-contact\" data-contact-slide-in-view=\"3\"><a class=\"wp-block-button__link wp-element-button\">Solicite uma demonstra\u00e7\u00e3o<\/a><\/div>\n\n\n\n<div class=\"wp-block-button is-style-primary-transparent open-slide-in-contact\" data-contact-slide-in-view=\"2\"><a class=\"wp-block-button__link wp-element-button\">Contato com vendas<\/a><\/div>\n<\/div>\n<\/div><\/div><\/section>\n\n\n\n<section class=\"wp-block-morningmodules-breaker mt-breaker\"><div class=\"mt-breaker__container\"><div class=\"mt-breaker__overlay\" style=\"opacity:0\"><\/div><div class=\"mt-breaker__image-container object-fit\"><img decoding=\"async\" src=\"https:\/\/indicata.bluebird.pw\/wp-content\/uploads\/2024\/04\/Frame-24740.jpg\" alt=\"\" style=\"object-position:50% 50%\"\/><\/div><div class=\"mt-breaker__inner page-container\"><div class=\"mt-breaker__text-container\"><span class=\"mt-breaker__tagline mt-tagline\">Comece agora<\/span><h2 class=\"mt-breaker__title\">Comece a melhorar suas opera\u00e7\u00f5es hoje mesmo<\/h2>\n<div class=\"wp-block-buttons is-layout-flex wp-block-buttons-is-layout-flex\">\n<div class=\"wp-block-button open-slide-in-contact\" data-contact-slide-in-view=\"3\"><a class=\"wp-block-button__link wp-element-button\">Solicite uma demonstra\u00e7\u00e3o<\/a><\/div>\n\n\n\n<div class=\"wp-block-button is-style-primary-transparent open-slide-in-contact\" data-contact-slide-in-view=\"2\"><a class=\"wp-block-button__link wp-element-button\">Contato com vendas<\/a><\/div>\n<\/div>\n<\/div><\/div><\/div><\/section>\n","protected":false},"excerpt":{"rendered":"","protected":false},"author":2,"featured_media":0,"parent":0,"menu_order":0,"comment_status":"closed","ping_status":"closed","template":"","meta":{"_acf_changed":false,"footnotes":""},"class_list":["post-1237","page","type-page","status-publish","hentry"],"acf":[],"yoast_head":"<!-- This site is optimized with the Yoast SEO plugin v27.3 - https:\/\/yoast.com\/product\/yoast-seo-wordpress\/ -->\n<title>Fabricantes e Representantes - Indicata<\/title>\n<meta name=\"robots\" content=\"noindex, follow, max-snippet:-1, max-image-preview:large, max-video-preview:-1\" \/>\n<meta property=\"og:locale\" content=\"pt_BR\" \/>\n<meta property=\"og:type\" content=\"article\" \/>\n<meta property=\"og:title\" content=\"Fabricantes e Representantes - Indicata\" \/>\n<meta property=\"og:url\" content=\"https:\/\/br.indicata.com\/fabricantes-e-representantes\/\" \/>\n<meta property=\"og:site_name\" content=\"Indicata\" \/>\n<meta property=\"article:modified_time\" content=\"2024-08-16T09:55:26+00:00\" \/>\n<meta property=\"og:image\" content=\"https:\/\/indicata.bluebird.pw\/wp-content\/uploads\/2024\/04\/Frame-3-2.jpg\" \/>\n<meta name=\"twitter:card\" content=\"summary_large_image\" \/>\n<meta name=\"twitter:label1\" content=\"Est. tempo de leitura\" \/>\n\t<meta name=\"twitter:data1\" content=\"6 minutos\" \/>\n<script type=\"application\/ld+json\" class=\"yoast-schema-graph\">{\"@context\":\"https:\\\/\\\/schema.org\",\"@graph\":[{\"@type\":\"WebPage\",\"@id\":\"https:\\\/\\\/br.indicata.com\\\/fabricantes-e-representantes\\\/\",\"url\":\"https:\\\/\\\/br.indicata.com\\\/fabricantes-e-representantes\\\/\",\"name\":\"Fabricantes e Representantes - Indicata\",\"isPartOf\":{\"@id\":\"https:\\\/\\\/indicata.bluebird.pw\\\/#website\"},\"primaryImageOfPage\":{\"@id\":\"https:\\\/\\\/br.indicata.com\\\/fabricantes-e-representantes\\\/#primaryimage\"},\"image\":{\"@id\":\"https:\\\/\\\/br.indicata.com\\\/fabricantes-e-representantes\\\/#primaryimage\"},\"thumbnailUrl\":\"https:\\\/\\\/indicata.bluebird.pw\\\/wp-content\\\/uploads\\\/2024\\\/04\\\/Frame-3-2.jpg\",\"datePublished\":\"2024-04-19T05:23:46+00:00\",\"dateModified\":\"2024-08-16T09:55:26+00:00\",\"breadcrumb\":{\"@id\":\"https:\\\/\\\/br.indicata.com\\\/fabricantes-e-representantes\\\/#breadcrumb\"},\"inLanguage\":\"pt-BR\",\"potentialAction\":[{\"@type\":\"ReadAction\",\"target\":[\"https:\\\/\\\/br.indicata.com\\\/fabricantes-e-representantes\\\/\"]}]},{\"@type\":\"ImageObject\",\"inLanguage\":\"pt-BR\",\"@id\":\"https:\\\/\\\/br.indicata.com\\\/fabricantes-e-representantes\\\/#primaryimage\",\"url\":\"https:\\\/\\\/indicata.bluebird.pw\\\/wp-content\\\/uploads\\\/2024\\\/04\\\/Frame-3-2.jpg\",\"contentUrl\":\"https:\\\/\\\/indicata.bluebird.pw\\\/wp-content\\\/uploads\\\/2024\\\/04\\\/Frame-3-2.jpg\"},{\"@type\":\"BreadcrumbList\",\"@id\":\"https:\\\/\\\/br.indicata.com\\\/fabricantes-e-representantes\\\/#breadcrumb\",\"itemListElement\":[{\"@type\":\"ListItem\",\"position\":1,\"name\":\"Home\",\"item\":\"https:\\\/\\\/indicata.bluebird.pw.br\\\/\"},{\"@type\":\"ListItem\",\"position\":2,\"name\":\"Fabricantes e Representantes\"}]},{\"@type\":\"WebSite\",\"@id\":\"https:\\\/\\\/indicata.bluebird.pw\\\/#website\",\"url\":\"https:\\\/\\\/indicata.bluebird.pw\\\/\",\"name\":\"Indicata\",\"description\":\"Part of Autorola Group\",\"potentialAction\":[{\"@type\":\"SearchAction\",\"target\":{\"@type\":\"EntryPoint\",\"urlTemplate\":\"https:\\\/\\\/indicata.bluebird.pw\\\/?s={search_term_string}\"},\"query-input\":{\"@type\":\"PropertyValueSpecification\",\"valueRequired\":true,\"valueName\":\"search_term_string\"}}],\"inLanguage\":\"pt-BR\"}]}<\/script>\n<!-- \/ Yoast SEO plugin. -->","yoast_head_json":{"title":"Fabricantes e Representantes - Indicata","robots":{"index":"noindex","follow":"follow","max-snippet":"max-snippet:-1","max-image-preview":"max-image-preview:large","max-video-preview":"max-video-preview:-1"},"og_locale":"pt_BR","og_type":"article","og_title":"Fabricantes e Representantes - Indicata","og_url":"https:\/\/br.indicata.com\/fabricantes-e-representantes\/","og_site_name":"Indicata","article_modified_time":"2024-08-16T09:55:26+00:00","og_image":[{"url":"https:\/\/indicata.bluebird.pw\/wp-content\/uploads\/2024\/04\/Frame-3-2.jpg","type":"","width":"","height":""}],"twitter_card":"summary_large_image","twitter_misc":{"Est. tempo de leitura":"6 minutos"},"schema":{"@context":"https:\/\/schema.org","@graph":[{"@type":"WebPage","@id":"https:\/\/br.indicata.com\/fabricantes-e-representantes\/","url":"https:\/\/br.indicata.com\/fabricantes-e-representantes\/","name":"Fabricantes e Representantes - Indicata","isPartOf":{"@id":"https:\/\/indicata.bluebird.pw\/#website"},"primaryImageOfPage":{"@id":"https:\/\/br.indicata.com\/fabricantes-e-representantes\/#primaryimage"},"image":{"@id":"https:\/\/br.indicata.com\/fabricantes-e-representantes\/#primaryimage"},"thumbnailUrl":"https:\/\/indicata.bluebird.pw\/wp-content\/uploads\/2024\/04\/Frame-3-2.jpg","datePublished":"2024-04-19T05:23:46+00:00","dateModified":"2024-08-16T09:55:26+00:00","breadcrumb":{"@id":"https:\/\/br.indicata.com\/fabricantes-e-representantes\/#breadcrumb"},"inLanguage":"pt-BR","potentialAction":[{"@type":"ReadAction","target":["https:\/\/br.indicata.com\/fabricantes-e-representantes\/"]}]},{"@type":"ImageObject","inLanguage":"pt-BR","@id":"https:\/\/br.indicata.com\/fabricantes-e-representantes\/#primaryimage","url":"https:\/\/indicata.bluebird.pw\/wp-content\/uploads\/2024\/04\/Frame-3-2.jpg","contentUrl":"https:\/\/indicata.bluebird.pw\/wp-content\/uploads\/2024\/04\/Frame-3-2.jpg"},{"@type":"BreadcrumbList","@id":"https:\/\/br.indicata.com\/fabricantes-e-representantes\/#breadcrumb","itemListElement":[{"@type":"ListItem","position":1,"name":"Home","item":"https:\/\/indicata.bluebird.pw.br\/"},{"@type":"ListItem","position":2,"name":"Fabricantes e Representantes"}]},{"@type":"WebSite","@id":"https:\/\/indicata.bluebird.pw\/#website","url":"https:\/\/indicata.bluebird.pw\/","name":"Indicata","description":"Part of Autorola Group","potentialAction":[{"@type":"SearchAction","target":{"@type":"EntryPoint","urlTemplate":"https:\/\/indicata.bluebird.pw\/?s={search_term_string}"},"query-input":{"@type":"PropertyValueSpecification","valueRequired":true,"valueName":"search_term_string"}}],"inLanguage":"pt-BR"}]}},"_links":{"self":[{"href":"https:\/\/indicata.bluebird.pw\/pt-br\/wp-json\/wp\/v2\/pages\/1237","targetHints":{"allow":["GET"]}}],"collection":[{"href":"https:\/\/indicata.bluebird.pw\/pt-br\/wp-json\/wp\/v2\/pages"}],"about":[{"href":"https:\/\/indicata.bluebird.pw\/pt-br\/wp-json\/wp\/v2\/types\/page"}],"author":[{"embeddable":true,"href":"https:\/\/indicata.bluebird.pw\/pt-br\/wp-json\/wp\/v2\/users\/2"}],"replies":[{"embeddable":true,"href":"https:\/\/indicata.bluebird.pw\/pt-br\/wp-json\/wp\/v2\/comments?post=1237"}],"version-history":[{"count":9,"href":"https:\/\/indicata.bluebird.pw\/pt-br\/wp-json\/wp\/v2\/pages\/1237\/revisions"}],"predecessor-version":[{"id":3476,"href":"https:\/\/indicata.bluebird.pw\/pt-br\/wp-json\/wp\/v2\/pages\/1237\/revisions\/3476"}],"wp:attachment":[{"href":"https:\/\/indicata.bluebird.pw\/pt-br\/wp-json\/wp\/v2\/media?parent=1237"}],"curies":[{"name":"wp","href":"https:\/\/api.w.org\/{rel}","templated":true}]}}