{"id":1241,"date":"2024-04-19T08:04:56","date_gmt":"2024-04-19T06:04:56","guid":{"rendered":"https:\/\/indicata.bluebird.pw\/seguro\/"},"modified":"2024-08-20T17:55:09","modified_gmt":"2024-08-20T15:55:09","slug":"seguradoras","status":"publish","type":"page","link":"https:\/\/indicata.bluebird.pw\/pt-br\/seguradoras\/","title":{"rendered":"Seguradoras"},"content":{"rendered":"\n<section class=\"wp-block-indicata-sub-cover mt-sub-cover\"><div class=\"mt-sub-cover__container\"><div class=\"mt-sub-cover__inner page-container\"><div class=\"mt-sub-cover__text-container\"><span class=\"mt-sub-cover__tagline mt-tagline\">IND\u00daSTRIA<\/span>\n<h1 class=\"wp-block-heading\">Seguradoras<\/h1>\n\n\n\n<p>Valores justos transparentes que minimizam seu risco<\/p>\n\n\n\n<div class=\"wp-block-buttons is-layout-flex wp-block-buttons-is-layout-flex\">\n<div class=\"wp-block-button open-slide-in-contact\" data-contact-slide-in-view=\"3\"><a class=\"wp-block-button__link wp-element-button\">Solicite uma demonstra\u00e7\u00e3o<\/a><\/div>\n\n\n\n<div class=\"wp-block-button is-style-primary-transparent open-slide-in-contact\" data-contact-slide-in-view=\"2\"><a class=\"wp-block-button__link wp-element-button\">Avalia\u00e7\u00e3o de oportunidades<\/a><\/div>\n<\/div>\n<\/div><\/div><div class=\"mt-sub-cover__image-container object-fit\"><img decoding=\"async\" src=\"https:\/\/indicata.bluebird.pw\/wp-content\/uploads\/2024\/06\/shutterstock_602578049-scaled.jpg\" alt=\"\" style=\"object-position:26% 74%\"\/><\/div><\/div><\/section>\n\n\n\n<section class=\"wp-block-indicata-link-boxes-with-icon mt-link-boxes-with-icon mtSpacing-top-small mtSpacing-bottom-medium\"><div class=\"mt-link-boxes-with-icon__inner page-container\"><div class=\"mt-link-boxes-with-icon__text-container\"><h2 class=\"mt-link-boxes-with-icon__title\">Nossos clientes v\u00eam at\u00e9 n\u00f3s<\/h2><p class=\"mt-link-boxes-with-icon__text\">Porque eles buscam:<\/p><\/div><div class=\"mt-link-boxes-with-icon__boxes-wrapper\">\n<div class=\"wp-block-indicata-link-box-with-icon mt-link-box-with-icon swiper-slide\"><div class=\"mt-link-box-with-icon__title-container\"><div class=\"mt-link-box-with-icon__icon-container\"><img decoding=\"async\" src=\"https:\/\/indicata.bluebird.pw\/wp-content\/uploads\/2024\/04\/car-side-solid.svg\" alt=\"carro-lateral-s\u00f3lido\" width=\"24\" height=\"24\" class=\"mt-link-box-with-icon__icon\"><\/div><p class=\"mt-link-box-with-icon__title\">Acessar os valores atuais do ve\u00edculo<\/p><\/div><p class=\"mt-link-box-with-icon__text\">A API da Indicata leva os dados ao cora\u00e7\u00e3o de seus sistemas de cota\u00e7\u00e3o<\/p><\/div>\n\n\n\n<div class=\"wp-block-indicata-link-box-with-icon mt-link-box-with-icon swiper-slide\"><div class=\"mt-link-box-with-icon__title-container\"><div class=\"mt-link-box-with-icon__icon-container\"><img decoding=\"async\" src=\"https:\/\/indicata.bluebird.pw\/wp-content\/uploads\/2024\/04\/tags-solid.svg\" alt=\"tags-s\u00f3lidas\" width=\"24\" height=\"24\" class=\"mt-link-box-with-icon__icon\"><\/div><p class=\"mt-link-box-with-icon__title\">Validar o valor justo de indeniza\u00e7\u00e3o<\/p><\/div><p class=\"mt-link-box-with-icon__text\">O Indicata fornece um conjunto completo de ve\u00edculos equivalentes e os seus pre\u00e7os anunciados<\/p><\/div>\n\n\n\n<div class=\"wp-block-indicata-link-box-with-icon mt-link-box-with-icon swiper-slide\"><div class=\"mt-link-box-with-icon__title-container\"><div class=\"mt-link-box-with-icon__icon-container\"><img decoding=\"async\" src=\"https:\/\/indicata.bluebird.pw\/wp-content\/uploads\/2024\/04\/laptop-solid.svg\" alt=\"laptop-s\u00f3lido\" width=\"24\" height=\"24\" class=\"mt-link-box-with-icon__icon\"><\/div><p class=\"mt-link-box-with-icon__title\">Valor no momento do acidente<\/p><\/div><p class=\"mt-link-box-with-icon__text\">O Indicata fornece um valor justo de qualquer ve\u00edculo hoje e historicamente<\/p><\/div>\n<\/div><\/div><\/section>\n\n\n\n<section class=\"wp-block-morningmodules-logo-line mt-logo-line mt-logo-line--should-slide mt-logo-line--border-bottom mtSpacing-top-extraSmall mtSpacing-bottom-extraSmall\"><div class=\"mt-logo-line__inner\"><div class=\"mt-logo-line__text-container\"><p class=\"mt-logo-line__text\">Aprovado por importantes<br>marcas automotivas globais<\/p><\/div><div class=\"mt-logo-line__logos-container swiper\"><div class=\"swiper-wrapper\">\n<div class=\"wp-block-morningmodules-logo-line-logo mt-logo swiper-slide\" style=\"opacity:1\"><img decoding=\"async\" src=\"https:\/\/indicata.bluebird.pw\/wp-content\/uploads\/2024\/04\/Tesla.svg\" alt=\"\" class=\"mt-logo__logo\" style=\"max-height:40px;margin-top:0px\"\/><\/div>\n\n\n\n<div class=\"wp-block-morningmodules-logo-line-logo mt-logo swiper-slide\" style=\"opacity:1\"><img decoding=\"async\" src=\"https:\/\/indicata.bluebird.pw\/wp-content\/uploads\/2024\/04\/BMW.svg\" alt=\"\" class=\"mt-logo__logo\" style=\"max-height:40px;margin-top:0px\"\/><\/div>\n\n\n\n<div class=\"wp-block-morningmodules-logo-line-logo mt-logo swiper-slide\" style=\"opacity:1\"><img decoding=\"async\" src=\"https:\/\/indicata.bluebird.pw\/wp-content\/uploads\/2024\/04\/Mercedes.svg\" alt=\"\" class=\"mt-logo__logo\" style=\"max-height:40px;margin-top:0px\"\/><\/div>\n\n\n\n<div class=\"wp-block-morningmodules-logo-line-logo mt-logo swiper-slide\" style=\"opacity:1\"><img decoding=\"async\" src=\"https:\/\/indicata.bluebird.pw\/wp-content\/uploads\/2024\/04\/Volkswagen.svg\" alt=\"\" class=\"mt-logo__logo\" style=\"max-height:40px;margin-top:0px\"\/><\/div>\n\n\n\n<div class=\"wp-block-morningmodules-logo-line-logo mt-logo swiper-slide\" style=\"opacity:1\"><img decoding=\"async\" src=\"https:\/\/indicata.bluebird.pw\/wp-content\/uploads\/2024\/04\/logo-teknicar_svg__Layer_1.svg\" alt=\"\" class=\"mt-logo__logo\" style=\"max-height:40px;margin-top:0px\"\/><\/div>\n<\/div><\/div><\/div><\/section>\n\n\n\n<section class=\"wp-block-morningmodules-text-media mt-text-media mt-text-media--align-media-right mt-text-media--align-media-mobile-bottom mtSpacing-bottom-medium mtSpacing-top-small\"><div class=\"mt-text-media__inner\"><div class=\"mt-text-media__media-container\"><img decoding=\"async\" src=\"https:\/\/indicata.bluebird.pw\/wp-content\/uploads\/2024\/04\/Frame-24642.jpg\" alt=\"\" style=\"object-position:50% 50%\"\/><\/div><div class=\"mt-text-media__text-container\"><span class=\"mt-text-media__tagline mt-tagline\">Precifica\u00e7\u00e3o<\/span><h2 class=\"mt-text-media__title\">Precifica\u00e7\u00e3o<\/h2>\n<p>Para fazer cota\u00e7\u00f5es de seguro competitivas para qualquer ve\u00edculo, a ferramenta de avalia\u00e7\u00e3o baseada em API do Indicata, em conjunto com nossos dados de cat\u00e1logo, pode orientar o cliente na sele\u00e7\u00e3o do ve\u00edculo e, em seguida, fornecer uma avalia\u00e7\u00e3o atual precisa para seus sistemas.<\/p>\n\n\n\n<p>Tudo isso \u00e9 instant\u00e2neo e totalmente integrado \u00e0 pr\u00f3pria jornada on-line do cliente da seguradora<\/p>\n\n\n\n<div class=\"wp-block-buttons is-layout-flex wp-block-buttons-is-layout-flex\">\n<div class=\"wp-block-button open-slide-in-contact\" data-contact-slide-in-view=\"3\"><a class=\"wp-block-button__link wp-element-button\">Solicite uma demonstra\u00e7\u00e3o<\/a><\/div>\n\n\n\n<div class=\"wp-block-button is-style-primary-transparent open-slide-in-contact\" data-contact-slide-in-view=\"2\"><a class=\"wp-block-button__link wp-element-button\">Contato com vendas<\/a><\/div>\n<\/div>\n<\/div><\/div><\/section>\n\n\n\n<section class=\"wp-block-morningmodules-text-media mt-text-media mt-text-media--align-media-left mt-text-media--align-media-mobile-bottom\"><div class=\"mt-text-media__inner\"><div class=\"mt-text-media__media-container\"><img decoding=\"async\" src=\"https:\/\/indicata.bluebird.pw\/wp-content\/uploads\/2024\/04\/Frame-24657-2.jpg\" alt=\"\" style=\"object-position:20% 55.00000000000001%\"\/><\/div><div class=\"mt-text-media__text-container\"><span class=\"mt-text-media__tagline mt-tagline\">Milh\u00f5es de an\u00fancios de ve\u00edculos<\/span><h2 class=\"mt-text-media__title\">Avalia\u00e7\u00f5es passadas<\/h2>\n<p>O m\u00e9todo de avalia\u00e7\u00e3o Indicata conta dados hist\u00f3ricos e atuais de milh\u00f5es de an\u00fancios automotivos.<\/p>\n\n\n\n<p>O Indicata seleciona um conjunto equivalente de ve\u00edculos similares para venda em qualquer momento.<\/p>\n\n\n\n<p>Isso nos permite produzir uma avalia\u00e7\u00e3o n\u00e3o apenas hoje, mas tamb\u00e9m do valor que o ve\u00edculo teria no momento exato de um sinistro ou acidente.<\/p>\n\n\n\n<div class=\"wp-block-buttons is-layout-flex wp-block-buttons-is-layout-flex\">\n<div class=\"wp-block-button open-slide-in-contact\" data-contact-slide-in-view=\"3\"><a class=\"wp-block-button__link wp-element-button\">Solicite uma demonstra\u00e7\u00e3o<\/a><\/div>\n\n\n\n<div class=\"wp-block-button is-style-primary-transparent open-slide-in-contact\" data-contact-slide-in-view=\"2\"><a class=\"wp-block-button__link wp-element-button\">Contato com vendas<\/a><\/div>\n<\/div>\n<\/div><\/div><\/section>\n\n\n\n<section class=\"wp-block-morningmodules-text-media mt-text-media mt-text-media--align-media-right mt-text-media--align-media-mobile-bottom mtSpacing-bottom-small mtSpacing-top-medium\"><div class=\"mt-text-media__inner\"><div class=\"mt-text-media__media-container\"><img decoding=\"async\" src=\"https:\/\/indicata.bluebird.pw\/wp-content\/uploads\/2024\/04\/Frame-24656-8.jpg\" alt=\"\" style=\"object-position:50% 50%\"\/><\/div><div class=\"mt-text-media__text-container\"><span class=\"mt-text-media__tagline mt-tagline\">Todos os detalhes de cada ve\u00edculo<\/span><h2 class=\"mt-text-media__title\">Valores baseados em evid\u00eancias<\/h2>\n<p>A percep\u00e7\u00e3o de um cliente sobre o valor de seu ve\u00edculo pode ser diferente da realidade, e isso pode levar a disputas frequentes.<\/p>\n\n\n\n<p>Quando o Indicata avalia um autom\u00f3vel, ela se baseia no valor de ve\u00edculos semelhantes anunciados no exato momento do sinistro ou acidente.<\/p>\n\n\n\n<p>O uso desses dados resulta em uma redu\u00e7\u00e3o de reclama\u00e7\u00f5es e em uma melhoria na satisfa\u00e7\u00e3o do cliente.<\/p>\n\n\n\n<div class=\"wp-block-buttons is-layout-flex wp-block-buttons-is-layout-flex\">\n<div class=\"wp-block-button open-slide-in-contact\" data-contact-slide-in-view=\"3\"><a class=\"wp-block-button__link wp-element-button\">Solicite uma demonstra\u00e7\u00e3o<\/a><\/div>\n\n\n\n<div class=\"wp-block-button is-style-primary-transparent open-slide-in-contact\" data-contact-slide-in-view=\"2\"><a class=\"wp-block-button__link wp-element-button\">Contato com vendas<\/a><\/div>\n<\/div>\n<\/div><\/div><\/section>\n\n\n\n<section class=\"wp-block-morningmodules-text-media mt-text-media mt-text-media--align-media-left mt-text-media--align-media-mobile-bottom mtSpacing-bottom-small\"><div class=\"mt-text-media__inner\"><div class=\"mt-text-media__media-container\"><img decoding=\"async\" src=\"https:\/\/indicata.bluebird.pw\/wp-content\/uploads\/2024\/04\/Frame-24644.jpg\" alt=\"\" style=\"object-position:50% 50%\"\/><\/div><div class=\"mt-text-media__text-container\"><span class=\"mt-text-media__tagline mt-tagline\">Ve\u00edculo por ve\u00edculo &#8211; Todos os dias<\/span><h2 class=\"mt-text-media__title\">Acesso e fornecimento de dados<\/h2>\n<p>Para qualquer companhia de seguros, a escala de dados de avalia\u00e7\u00e3o pode ser vasta, desde cada cota\u00e7\u00e3o on-line at\u00e9 o gerenciamento de sinistros e de disputas.<\/p>\n\n\n\n<p>Desde a transfer\u00eancia por API diretamente para seus sistemas, passando por avalia\u00e7\u00f5es feitas em massa atrav\u00e9s de arquivos CSV ou Excel, at\u00e9 interfaces de ve\u00edculos sob medida, o Indicata tem a visualiza\u00e7\u00e3o e o fornecimento de dados que atendem \u00e0s suas necessidades.<\/p>\n\n\n\n<div class=\"wp-block-buttons is-layout-flex wp-block-buttons-is-layout-flex\">\n<div class=\"wp-block-button open-slide-in-contact\" data-contact-slide-in-view=\"3\"><a class=\"wp-block-button__link wp-element-button\">Solicite uma demonstra\u00e7\u00e3o<\/a><\/div>\n\n\n\n<div class=\"wp-block-button is-style-primary-transparent open-slide-in-contact\" data-contact-slide-in-view=\"2\"><a class=\"wp-block-button__link wp-element-button\">Contato com vendas<\/a><\/div>\n<\/div>\n<\/div><\/div><\/section>\n\n\n\n<section class=\"wp-block-morningmodules-breaker mt-breaker\"><div class=\"mt-breaker__container\"><div class=\"mt-breaker__overlay\" style=\"opacity:0\"><\/div><div class=\"mt-breaker__image-container object-fit\"><img decoding=\"async\" src=\"https:\/\/indicata.bluebird.pw\/wp-content\/uploads\/2024\/04\/Frame-24740.jpg\" alt=\"\" style=\"object-position:50% 50%\"\/><\/div><div class=\"mt-breaker__inner page-container\"><div class=\"mt-breaker__text-container\"><span class=\"mt-breaker__tagline mt-tagline\">Comece agora<\/span><h2 class=\"mt-breaker__title\">Comece a melhorar suas opera\u00e7\u00f5es hoje mesmo<\/h2>\n<div class=\"wp-block-buttons is-layout-flex wp-block-buttons-is-layout-flex\">\n<div class=\"wp-block-button open-slide-in-contact\" data-contact-slide-in-view=\"3\"><a class=\"wp-block-button__link wp-element-button\">Solicite uma demonstra\u00e7\u00e3o<\/a><\/div>\n\n\n\n<div class=\"wp-block-button is-style-primary-transparent open-slide-in-contact\" data-contact-slide-in-view=\"2\"><a class=\"wp-block-button__link wp-element-button\">Contato com vendas<\/a><\/div>\n<\/div>\n<\/div><\/div><\/div><\/section>\n","protected":false},"excerpt":{"rendered":"","protected":false},"author":2,"featured_media":0,"parent":0,"menu_order":0,"comment_status":"closed","ping_status":"closed","template":"","meta":{"_acf_changed":false,"footnotes":""},"class_list":["post-1241","page","type-page","status-publish","hentry"],"acf":[],"yoast_head":"<!-- This site is optimized with the Yoast SEO plugin v27.3 - https:\/\/yoast.com\/product\/yoast-seo-wordpress\/ -->\n<title>Seguradoras - Indicata<\/title>\n<meta name=\"robots\" content=\"noindex, follow, max-snippet:-1, max-image-preview:large, max-video-preview:-1\" \/>\n<meta property=\"og:locale\" content=\"pt_BR\" \/>\n<meta property=\"og:type\" content=\"article\" \/>\n<meta property=\"og:title\" content=\"Seguradoras - Indicata\" \/>\n<meta property=\"og:url\" content=\"https:\/\/indicata.bluebird.pw.br\/seguradoras\/\" \/>\n<meta property=\"og:site_name\" content=\"Indicata\" \/>\n<meta property=\"article:modified_time\" content=\"2024-08-20T15:55:09+00:00\" \/>\n<meta property=\"og:image\" content=\"https:\/\/indicata.bluebird.pw\/wp-content\/uploads\/2024\/06\/shutterstock_602578049-scaled.jpg\" \/>\n<meta name=\"twitter:card\" content=\"summary_large_image\" \/>\n<meta name=\"twitter:label1\" content=\"Est. tempo de leitura\" \/>\n\t<meta name=\"twitter:data1\" content=\"5 minutos\" \/>\n<script type=\"application\/ld+json\" class=\"yoast-schema-graph\">{\"@context\":\"https:\\\/\\\/schema.org\",\"@graph\":[{\"@type\":\"WebPage\",\"@id\":\"https:\\\/\\\/indicata.bluebird.pw.br\\\/seguradoras\\\/\",\"url\":\"https:\\\/\\\/indicata.bluebird.pw.br\\\/seguradoras\\\/\",\"name\":\"Seguradoras - Indicata\",\"isPartOf\":{\"@id\":\"https:\\\/\\\/indicata.bluebird.pw\\\/#website\"},\"primaryImageOfPage\":{\"@id\":\"https:\\\/\\\/indicata.bluebird.pw.br\\\/seguradoras\\\/#primaryimage\"},\"image\":{\"@id\":\"https:\\\/\\\/indicata.bluebird.pw.br\\\/seguradoras\\\/#primaryimage\"},\"thumbnailUrl\":\"https:\\\/\\\/indicata.bluebird.pw\\\/wp-content\\\/uploads\\\/2024\\\/06\\\/shutterstock_602578049-scaled.jpg\",\"datePublished\":\"2024-04-19T06:04:56+00:00\",\"dateModified\":\"2024-08-20T15:55:09+00:00\",\"breadcrumb\":{\"@id\":\"https:\\\/\\\/indicata.bluebird.pw.br\\\/seguradoras\\\/#breadcrumb\"},\"inLanguage\":\"pt-BR\",\"potentialAction\":[{\"@type\":\"ReadAction\",\"target\":[\"https:\\\/\\\/indicata.bluebird.pw.br\\\/seguradoras\\\/\"]}]},{\"@type\":\"ImageObject\",\"inLanguage\":\"pt-BR\",\"@id\":\"https:\\\/\\\/indicata.bluebird.pw.br\\\/seguradoras\\\/#primaryimage\",\"url\":\"https:\\\/\\\/indicata.bluebird.pw\\\/wp-content\\\/uploads\\\/2024\\\/06\\\/shutterstock_602578049-scaled.jpg\",\"contentUrl\":\"https:\\\/\\\/indicata.bluebird.pw\\\/wp-content\\\/uploads\\\/2024\\\/06\\\/shutterstock_602578049-scaled.jpg\"},{\"@type\":\"BreadcrumbList\",\"@id\":\"https:\\\/\\\/indicata.bluebird.pw.br\\\/seguradoras\\\/#breadcrumb\",\"itemListElement\":[{\"@type\":\"ListItem\",\"position\":1,\"name\":\"Home\",\"item\":\"https:\\\/\\\/indicata.bluebird.pw.br\\\/\"},{\"@type\":\"ListItem\",\"position\":2,\"name\":\"Seguradoras\"}]},{\"@type\":\"WebSite\",\"@id\":\"https:\\\/\\\/indicata.bluebird.pw\\\/#website\",\"url\":\"https:\\\/\\\/indicata.bluebird.pw\\\/\",\"name\":\"Indicata\",\"description\":\"Part of Autorola Group\",\"potentialAction\":[{\"@type\":\"SearchAction\",\"target\":{\"@type\":\"EntryPoint\",\"urlTemplate\":\"https:\\\/\\\/indicata.bluebird.pw\\\/?s={search_term_string}\"},\"query-input\":{\"@type\":\"PropertyValueSpecification\",\"valueRequired\":true,\"valueName\":\"search_term_string\"}}],\"inLanguage\":\"pt-BR\"}]}<\/script>\n<!-- \/ Yoast SEO plugin. -->","yoast_head_json":{"title":"Seguradoras - Indicata","robots":{"index":"noindex","follow":"follow","max-snippet":"max-snippet:-1","max-image-preview":"max-image-preview:large","max-video-preview":"max-video-preview:-1"},"og_locale":"pt_BR","og_type":"article","og_title":"Seguradoras - Indicata","og_url":"https:\/\/indicata.bluebird.pw.br\/seguradoras\/","og_site_name":"Indicata","article_modified_time":"2024-08-20T15:55:09+00:00","og_image":[{"url":"https:\/\/indicata.bluebird.pw\/wp-content\/uploads\/2024\/06\/shutterstock_602578049-scaled.jpg","type":"","width":"","height":""}],"twitter_card":"summary_large_image","twitter_misc":{"Est. tempo de leitura":"5 minutos"},"schema":{"@context":"https:\/\/schema.org","@graph":[{"@type":"WebPage","@id":"https:\/\/indicata.bluebird.pw.br\/seguradoras\/","url":"https:\/\/indicata.bluebird.pw.br\/seguradoras\/","name":"Seguradoras - Indicata","isPartOf":{"@id":"https:\/\/indicata.bluebird.pw\/#website"},"primaryImageOfPage":{"@id":"https:\/\/indicata.bluebird.pw.br\/seguradoras\/#primaryimage"},"image":{"@id":"https:\/\/indicata.bluebird.pw.br\/seguradoras\/#primaryimage"},"thumbnailUrl":"https:\/\/indicata.bluebird.pw\/wp-content\/uploads\/2024\/06\/shutterstock_602578049-scaled.jpg","datePublished":"2024-04-19T06:04:56+00:00","dateModified":"2024-08-20T15:55:09+00:00","breadcrumb":{"@id":"https:\/\/indicata.bluebird.pw.br\/seguradoras\/#breadcrumb"},"inLanguage":"pt-BR","potentialAction":[{"@type":"ReadAction","target":["https:\/\/indicata.bluebird.pw.br\/seguradoras\/"]}]},{"@type":"ImageObject","inLanguage":"pt-BR","@id":"https:\/\/indicata.bluebird.pw.br\/seguradoras\/#primaryimage","url":"https:\/\/indicata.bluebird.pw\/wp-content\/uploads\/2024\/06\/shutterstock_602578049-scaled.jpg","contentUrl":"https:\/\/indicata.bluebird.pw\/wp-content\/uploads\/2024\/06\/shutterstock_602578049-scaled.jpg"},{"@type":"BreadcrumbList","@id":"https:\/\/indicata.bluebird.pw.br\/seguradoras\/#breadcrumb","itemListElement":[{"@type":"ListItem","position":1,"name":"Home","item":"https:\/\/indicata.bluebird.pw.br\/"},{"@type":"ListItem","position":2,"name":"Seguradoras"}]},{"@type":"WebSite","@id":"https:\/\/indicata.bluebird.pw\/#website","url":"https:\/\/indicata.bluebird.pw\/","name":"Indicata","description":"Part of Autorola Group","potentialAction":[{"@type":"SearchAction","target":{"@type":"EntryPoint","urlTemplate":"https:\/\/indicata.bluebird.pw\/?s={search_term_string}"},"query-input":{"@type":"PropertyValueSpecification","valueRequired":true,"valueName":"search_term_string"}}],"inLanguage":"pt-BR"}]}},"_links":{"self":[{"href":"https:\/\/indicata.bluebird.pw\/pt-br\/wp-json\/wp\/v2\/pages\/1241","targetHints":{"allow":["GET"]}}],"collection":[{"href":"https:\/\/indicata.bluebird.pw\/pt-br\/wp-json\/wp\/v2\/pages"}],"about":[{"href":"https:\/\/indicata.bluebird.pw\/pt-br\/wp-json\/wp\/v2\/types\/page"}],"author":[{"embeddable":true,"href":"https:\/\/indicata.bluebird.pw\/pt-br\/wp-json\/wp\/v2\/users\/2"}],"replies":[{"embeddable":true,"href":"https:\/\/indicata.bluebird.pw\/pt-br\/wp-json\/wp\/v2\/comments?post=1241"}],"version-history":[{"count":9,"href":"https:\/\/indicata.bluebird.pw\/pt-br\/wp-json\/wp\/v2\/pages\/1241\/revisions"}],"predecessor-version":[{"id":4525,"href":"https:\/\/indicata.bluebird.pw\/pt-br\/wp-json\/wp\/v2\/pages\/1241\/revisions\/4525"}],"wp:attachment":[{"href":"https:\/\/indicata.bluebird.pw\/pt-br\/wp-json\/wp\/v2\/media?parent=1241"}],"curies":[{"name":"wp","href":"https:\/\/api.w.org\/{rel}","templated":true}]}}