{"id":1242,"date":"2024-04-18T07:16:48","date_gmt":"2024-04-18T05:16:48","guid":{"rendered":"https:\/\/indicata.bluebird.pw\/grupos-de-revendedores-e-varejistas\/"},"modified":"2024-08-20T18:31:26","modified_gmt":"2024-08-20T16:31:26","slug":"grupos-de-concessionarios-e-retalhistas","status":"publish","type":"page","link":"https:\/\/indicata.bluebird.pw\/pt-br\/grupos-de-concessionarios-e-retalhistas\/","title":{"rendered":"Concession\u00e1rias e Revendedores"},"content":{"rendered":"\n<section class=\"wp-block-indicata-sub-cover mt-sub-cover\"><div class=\"mt-sub-cover__container\"><div class=\"mt-sub-cover__inner page-container\"><div class=\"mt-sub-cover__text-container\"><span class=\"mt-sub-cover__tagline mt-tagline\">IND\u00daSTRIA<\/span>\n<h1 class=\"wp-block-heading\">Concession\u00e1rias e Revendedores<\/h1>\n\n\n\n<p>Como os erros de abastecimento e precifica\u00e7\u00e3o de estoque est\u00e3o custando milh\u00f5es em lucros para os concession\u00e1rios e revendedores<\/p>\n\n\n\n<div class=\"wp-block-buttons is-layout-flex wp-block-buttons-is-layout-flex\">\n<div class=\"wp-block-button open-slide-in-contact\" data-contact-slide-in-view=\"3\"><a class=\"wp-block-button__link wp-element-button\">Solicite uma demonstra\u00e7\u00e3o<\/a><\/div>\n\n\n\n<div class=\"wp-block-button is-style-primary-transparent open-slide-in-contact\" data-contact-slide-in-view=\"2\"><a class=\"wp-block-button__link wp-element-button\">Avalia\u00e7\u00e3o de oportunidades<\/a><\/div>\n<\/div>\n<\/div><\/div><div class=\"mt-sub-cover__image-container object-fit\"><img decoding=\"async\" src=\"https:\/\/indicata.bluebird.pw\/wp-content\/uploads\/2024\/04\/Frame-3-1.jpg\" alt=\"\" style=\"object-position:50% 50%\"\/><\/div><\/div><\/section>\n\n\n\n<section class=\"wp-block-indicata-link-boxes-with-icon mt-link-boxes-with-icon mtSpacing-top-small mtSpacing-bottom-medium\"><div class=\"mt-link-boxes-with-icon__inner page-container\"><div class=\"mt-link-boxes-with-icon__text-container\"><h2 class=\"mt-link-boxes-with-icon__title\">Nossos clientes v\u00eam at\u00e9 n\u00f3s<\/h2><p class=\"mt-link-boxes-with-icon__text\">Porque eles buscam:<\/p><\/div><div class=\"mt-link-boxes-with-icon__boxes-wrapper\">\n<div class=\"wp-block-indicata-link-box-with-icon mt-link-box-with-icon swiper-slide\"><div class=\"mt-link-box-with-icon__title-container\"><div class=\"mt-link-box-with-icon__icon-container\"><img decoding=\"async\" src=\"https:\/\/indicata.bluebird.pw\/wp-content\/uploads\/2024\/04\/car-side-solid.svg\" alt=\"carro-lateral-s\u00f3lido\" width=\"24\" height=\"24\" class=\"mt-link-box-with-icon__icon\"><\/div><p class=\"mt-link-box-with-icon__title\">Identificar os melhores ve\u00edculos em um mercado vol\u00e1til<\/p><\/div><p class=\"mt-link-box-with-icon__text\">Como identificar os melhores ve\u00edculos que vendem rapidamente e maximizar os lucros<\/p><\/div>\n\n\n\n<div class=\"wp-block-indicata-link-box-with-icon mt-link-box-with-icon swiper-slide\"><div class=\"mt-link-box-with-icon__title-container\"><div class=\"mt-link-box-with-icon__icon-container\"><img decoding=\"async\" src=\"https:\/\/indicata.bluebird.pw\/wp-content\/uploads\/2024\/04\/tags-solid.svg\" alt=\"tags-s\u00f3lidas\" width=\"24\" height=\"24\" class=\"mt-link-box-with-icon__icon\"><\/div><p class=\"mt-link-box-with-icon__title\"><strong>Obter <\/strong>relat\u00f3rios precisos<\/p><\/div><p class=\"mt-link-box-with-icon__text\">Identifique e melhore o resultado de pontos de venda com baixo desempenho<\/p><\/div>\n\n\n\n<div class=\"wp-block-indicata-link-box-with-icon mt-link-box-with-icon swiper-slide\"><div class=\"mt-link-box-with-icon__title-container\"><div class=\"mt-link-box-with-icon__icon-container\"><img decoding=\"async\" src=\"https:\/\/indicata.bluebird.pw\/wp-content\/uploads\/2024\/04\/laptop-solid.svg\" alt=\"laptop-s\u00f3lido\" width=\"24\" height=\"24\" class=\"mt-link-box-with-icon__icon\"><\/div><p class=\"mt-link-box-with-icon__title\">Precificar os estoques de forma assertiva<\/p><\/div><p class=\"mt-link-box-with-icon__text\">Suporte \u00e0 tomada de decis\u00f5es de acodo com a estrat\u00e9gia do grupo, ve\u00edculo por ve\u00edculo<\/p><\/div>\n<\/div><\/div><\/section>\n\n\n\n<section class=\"wp-block-morningmodules-logo-line mt-logo-line mt-logo-line--should-slide mt-logo-line--border-bottom mtSpacing-top-extraSmall mtSpacing-bottom-extraSmall\"><div class=\"mt-logo-line__inner\"><div class=\"mt-logo-line__text-container\"><p class=\"mt-logo-line__text\">Aprovado por importantes<br>marcas automotivas globais<\/p><\/div><div class=\"mt-logo-line__logos-container swiper\"><div class=\"swiper-wrapper\">\n<div class=\"wp-block-morningmodules-logo-line-logo mt-logo swiper-slide\" style=\"opacity:1\"><img decoding=\"async\" src=\"https:\/\/indicata.bluebird.pw\/wp-content\/uploads\/2024\/04\/Tesla.svg\" alt=\"\" class=\"mt-logo__logo\" style=\"max-height:40px;margin-top:0px\"\/><\/div>\n\n\n\n<div class=\"wp-block-morningmodules-logo-line-logo mt-logo swiper-slide\" style=\"opacity:1\"><img decoding=\"async\" src=\"https:\/\/indicata.bluebird.pw\/wp-content\/uploads\/2024\/04\/BMW.svg\" alt=\"\" class=\"mt-logo__logo\" style=\"max-height:40px;margin-top:0px\"\/><\/div>\n\n\n\n<div class=\"wp-block-morningmodules-logo-line-logo mt-logo swiper-slide\" style=\"opacity:1\"><img decoding=\"async\" src=\"https:\/\/indicata.bluebird.pw\/wp-content\/uploads\/2024\/04\/Mercedes.svg\" alt=\"\" class=\"mt-logo__logo\" style=\"max-height:40px;margin-top:0px\"\/><\/div>\n\n\n\n<div class=\"wp-block-morningmodules-logo-line-logo mt-logo swiper-slide\" style=\"opacity:1\"><img decoding=\"async\" src=\"https:\/\/indicata.bluebird.pw\/wp-content\/uploads\/2024\/04\/Volkswagen.svg\" alt=\"\" class=\"mt-logo__logo\" style=\"max-height:40px;margin-top:0px\"\/><\/div>\n\n\n\n<div class=\"wp-block-morningmodules-logo-line-logo mt-logo swiper-slide\" style=\"opacity:1\"><img decoding=\"async\" src=\"https:\/\/indicata.bluebird.pw\/wp-content\/uploads\/2024\/04\/logo-teknicar_svg__Layer_1.svg\" alt=\"\" class=\"mt-logo__logo\" style=\"max-height:40px;margin-top:0px\"\/><\/div>\n<\/div><\/div><\/div><\/section>\n\n\n\n<section class=\"wp-block-morningmodules-text-media mt-text-media mt-text-media--align-media-right mt-text-media--align-media-mobile-bottom mtSpacing-bottom-medium mtSpacing-top-small\"><div class=\"mt-text-media__inner\"><div class=\"mt-text-media__media-container\"><img decoding=\"async\" src=\"https:\/\/indicata.bluebird.pw\/wp-content\/uploads\/2024\/04\/Frame-24642-1.jpg\" alt=\"\" style=\"object-position:50% 50%\"\/><\/div><div class=\"mt-text-media__text-container\"><span class=\"mt-text-media__tagline mt-tagline\">Adquirindo os melhores ve\u00edculos<\/span><h2 class=\"mt-text-media__title\">Identifica\u00e7\u00e3o dos ve\u00edculos corretos<\/h2>\n<p>O Indicata n\u00e3o avalia apenas os ve\u00edculos que voc\u00ea deseja adquirir ou aceitar como troca. N\u00f3s analisamos o mercado para a melhor composi\u00e7\u00e3o do seu estoque.<\/p>\n\n\n\n<p><br><strong>Para cada carro avaliado, o Indicata ir\u00e1<\/strong><\/p>\n\n\n\n<ul class=\"wp-block-list\">\n<li>Permitir que voc\u00ea veja ve\u00edculos competidores no mercado<\/li>\n\n\n\n<li>Avaliar se o seu ve\u00edculo tem a probabilidade de ser vendido rapidamente<\/li>\n\n\n\n<li>Aconselhar se determinado ve\u00edculo deve ser adquirido ou repassado<\/li>\n<\/ul>\n\n\n\n<div class=\"wp-block-buttons is-layout-flex wp-block-buttons-is-layout-flex\">\n<div class=\"wp-block-button open-slide-in-contact\" data-contact-slide-in-view=\"3\"><a class=\"wp-block-button__link wp-element-button\">Solicite uma demonstra\u00e7\u00e3o<\/a><\/div>\n\n\n\n<div class=\"wp-block-button is-style-primary-transparent open-slide-in-contact\" data-contact-slide-in-view=\"2\"><a class=\"wp-block-button__link wp-element-button\">Contato com vendas<\/a><\/div>\n<\/div>\n<\/div><\/div><\/section>\n\n\n\n<section class=\"wp-block-indicata-breaker mt-breaker-advanced\"><div class=\"mt-breaker-advanced__container\"><div class=\"mt-breaker-advanced__overlay\" style=\"opacity:0\"><\/div><div class=\"mt-breaker-advanced__image-container object-fit\"><img decoding=\"async\" src=\"https:\/\/indicata.bluebird.pw\/wp-content\/uploads\/2024\/04\/Frame-24727.jpg\" alt=\"\" style=\"object-position:50% 50%\"\/><\/div><div class=\"mt-breaker-advanced__inner page-container\"><div class=\"mt-breaker-advanced__text-container\"><span class=\"mt-breaker-advanced__tagline mt-tagline\">Mais de 140.000 concession\u00e1rios e lojistas<\/span><h2 class=\"mt-breaker-advanced__title\">Encontrando os melhores estoques &#8211; de forma simples<\/h2>\n<p>O Indicata mapeia o estoque de mais de 140.000 revendedores. Se voc\u00ea deseja obter informa\u00e7\u00f5es de outras localidades, trabalhamos com dados de diversas regi\u00f5es, facilitando a identifica\u00e7\u00e3o de ve\u00edculos com maior atratividade de venda em diversos mercados.<\/p>\n\n\n\n<div class=\"wp-block-buttons is-layout-flex wp-block-buttons-is-layout-flex\">\n<div class=\"wp-block-button open-slide-in-contact\" data-contact-slide-in-view=\"3\"><a class=\"wp-block-button__link wp-element-button\">Solicite uma demonstra\u00e7\u00e3o<\/a><\/div>\n\n\n\n<div class=\"wp-block-button is-style-primary-transparent open-slide-in-contact\" data-contact-slide-in-view=\"2\"><a class=\"wp-block-button__link wp-element-button\">Contato com vendas<\/a><\/div>\n<\/div>\n<\/div><\/div><\/div><\/section>\n\n\n\n<section class=\"wp-block-morningmodules-text-media mt-text-media mt-text-media--align-media-left mt-text-media--align-media-mobile-bottom mtSpacing-bottom-small mtSpacing-top-small\"><div class=\"mt-text-media__inner\"><div class=\"mt-text-media__media-container\"><img decoding=\"async\" src=\"https:\/\/indicata.bluebird.pw\/wp-content\/uploads\/2024\/04\/Frame-24656.jpg\" alt=\"\" style=\"object-position:50% 50%\"\/><\/div><div class=\"mt-text-media__text-container\"><span class=\"mt-text-media__tagline mt-tagline\">Identificando locais com baixo desempenho<\/span><h2 class=\"mt-text-media__title\">Gerenciamento de m\u00faltiplas localidades<\/h2>\n<p>Organiza\u00e7\u00f5es modernas t\u00eam diversas partes interessadas que s\u00e3o respons\u00e1veis pelo gerenciamento e precifica\u00e7\u00e3o de seus estoques, isso pode se dar de forma centralizada ou distribu\u00edda em diferentes localidades do neg\u00f3cio.<br><br><\/p>\n\n\n\n<p>Analisar o desempenho local por local, marca por marca, ve\u00edculo por ve\u00edculo \u00e9 essencial para garantir uma atividade eficiente e lucrativa.<\/p>\n\n\n\n<p>O Indicata permite que voc\u00ea<\/p>\n\n\n\n<ul class=\"wp-block-list\">\n<li>Identifique locais com baixo desempenho, melhorando a cultura e os resultados da opera\u00e7\u00e3o de ve\u00edculos usados<\/li>\n\n\n\n<li>Receba alertas espec\u00edficos sobre problemas no estoque, reportando percep\u00e7\u00f5es sobre as suas poss\u00edveis causas<\/li>\n\n\n\n<li>Tome decis\u00f5es estrat\u00e9gicas baseadas no mercado real, criando a\u00e7\u00f5es proativas ou reativas aos movimentos futuros<\/li>\n<\/ul>\n\n\n\n<div class=\"wp-block-buttons is-layout-flex wp-block-buttons-is-layout-flex\">\n<div class=\"wp-block-button open-slide-in-contact\" data-contact-slide-in-view=\"3\"><a class=\"wp-block-button__link wp-element-button\">Solicite uma demonstra\u00e7\u00e3o<\/a><\/div>\n\n\n\n<div class=\"wp-block-button is-style-primary-transparent open-slide-in-contact\" data-contact-slide-in-view=\"2\"><a class=\"wp-block-button__link wp-element-button\">Contato com vendas<\/a><\/div>\n<\/div>\n<\/div><\/div><\/section>\n\n\n\n<section class=\"wp-block-morningmodules-text-media mt-text-media mt-text-media--align-media-left mt-text-media--align-media-mobile-bottom mtSpacing-top-medium\"><div class=\"mt-text-media__inner\"><div class=\"mt-text-media__media-container\"><img decoding=\"async\" src=\"https:\/\/indicata.bluebird.pw\/wp-content\/uploads\/2024\/04\/Frame-24656-1.jpg\" alt=\"\" style=\"object-position:50% 50%\"\/><\/div><div class=\"mt-text-media__text-container\"><span class=\"mt-text-media__tagline mt-tagline\">Ve\u00edculo por ve\u00edculo\u2063\u2063 \/ Todos os dias<\/span><h2 class=\"mt-text-media__title\">Tomando as decis\u00f5es corretas<\/h2>\n<p>Independentemente de sua organiza\u00e7\u00e3o ter uma tomada de decis\u00e3o centralizada ou distribu\u00edda por local.<\/p>\n\n\n\n<p><br><strong>Sua equipe precisa acompanhar:<\/strong><\/p>\n\n\n\n<ul class=\"wp-block-list\">\n<li>Os pre\u00e7os de mercado, regionais e nacionais<\/li>\n\n\n\n<li>Pre\u00e7os precisos de varejo e atacado<\/li>\n\n\n\n<li>As informa\u00e7\u00f5es corretas para tomar as melhores decis\u00f5es, incluindo:<ul><li>Dados da concorr\u00eancia<\/li><\/ul><ul><li>Movimentos de mercado<\/li><\/ul>\n<ul class=\"wp-block-list\">\n<li>Condi\u00e7\u00f5es de revenda ou repasse<\/li>\n<\/ul>\n<\/li>\n<\/ul>\n\n\n\n<div class=\"wp-block-buttons is-layout-flex wp-block-buttons-is-layout-flex\">\n<div class=\"wp-block-button open-slide-in-contact\" data-contact-slide-in-view=\"3\"><a class=\"wp-block-button__link wp-element-button\">Solicite uma demonstra\u00e7\u00e3o<\/a><\/div>\n\n\n\n<div class=\"wp-block-button is-style-primary-transparent open-slide-in-contact\" data-contact-slide-in-view=\"2\"><a class=\"wp-block-button__link wp-element-button\">Contato com vendas<\/a><\/div>\n<\/div>\n<\/div><\/div><\/section>\n\n\n\n<section class=\"wp-block-morningmodules-text-media mt-text-media mt-text-media--align-media-right mt-text-media--align-media-mobile-bottom mtSpacing-bottom-medium mtSpacing-top-medium\"><div class=\"mt-text-media__inner\"><div class=\"mt-text-media__media-container\"><img decoding=\"async\" src=\"https:\/\/indicata.bluebird.pw\/wp-content\/uploads\/2024\/04\/Frame-24656-2.jpg\" alt=\"\" style=\"object-position:50% 50%\"\/><\/div><div class=\"mt-text-media__text-container\"><span class=\"mt-text-media__tagline mt-tagline\">avalia\u00e7\u00e3o de troca on-line<\/span><h2 class=\"mt-text-media__title\">Impulsionando o tr\u00e1fego do showroom<\/h2>\n<p>O gerador de leads do Indicata fornece aos visitantes do seu site a avalia\u00e7\u00e3o de trade-in que eles desejam, permitindo que voc\u00ea estabele\u00e7a contato e aumente suas oportunidades de vendas.<\/p>\n\n\n\n<p>O gerador de leads do Indicata aumenta, comprovadamente, em tr\u00eas vezes a gera\u00e7\u00e3o de leads do seu site.<\/p>\n\n\n\n<p>Seja atrav\u00e9s de solu\u00e7\u00e3o API para alimentar as interfaces de avalia\u00e7\u00e3o de seus pr\u00f3prios sites, ou uma op\u00e7\u00e3o &#8220;plug and play&#8221; pr\u00e9-configurada do Indicata, temos a experi\u00eancia de fornecer solu\u00e7\u00f5es diretamente aos fabricantes ou por meio de parcerias com os seus concession\u00e1rios.<\/p>\n\n\n\n<div class=\"wp-block-buttons is-layout-flex wp-block-buttons-is-layout-flex\">\n<div class=\"wp-block-button open-slide-in-contact\" data-contact-slide-in-view=\"3\"><a class=\"wp-block-button__link wp-element-button\">Solicite uma demonstra\u00e7\u00e3o<\/a><\/div>\n\n\n\n<div class=\"wp-block-button is-style-primary-transparent open-slide-in-contact\" data-contact-slide-in-view=\"2\"><a class=\"wp-block-button__link wp-element-button\">Contato com vendas<\/a><\/div>\n<\/div>\n<\/div><\/div><\/section>\n\n\n\n<section class=\"wp-block-morningmodules-breaker mt-breaker\"><div class=\"mt-breaker__container\"><div class=\"mt-breaker__overlay\" style=\"opacity:0\"><\/div><div class=\"mt-breaker__image-container object-fit\"><img decoding=\"async\" src=\"https:\/\/indicata.bluebird.pw\/wp-content\/uploads\/2024\/04\/Frame-24740.jpg\" alt=\"\" style=\"object-position:50% 50%\"\/><\/div><div class=\"mt-breaker__inner page-container\"><div class=\"mt-breaker__text-container\"><span class=\"mt-breaker__tagline mt-tagline\">Comece agora<\/span><h2 class=\"mt-breaker__title\">Comece a melhorar suas opera\u00e7\u00f5es hoje mesmo<\/h2>\n<div class=\"wp-block-buttons is-layout-flex wp-block-buttons-is-layout-flex\">\n<div class=\"wp-block-button open-slide-in-contact\" data-contact-slide-in-view=\"3\"><a class=\"wp-block-button__link wp-element-button\">Solicite uma demonstra\u00e7\u00e3o<\/a><\/div>\n\n\n\n<div class=\"wp-block-button is-style-primary-transparent open-slide-in-contact\" data-contact-slide-in-view=\"2\"><a class=\"wp-block-button__link wp-element-button\">Contato com vendas<\/a><\/div>\n<\/div>\n<\/div><\/div><\/div><\/section>\n","protected":false},"excerpt":{"rendered":"","protected":false},"author":2,"featured_media":0,"parent":0,"menu_order":0,"comment_status":"closed","ping_status":"closed","template":"","meta":{"_acf_changed":false,"footnotes":""},"class_list":["post-1242","page","type-page","status-publish","hentry"],"acf":[],"yoast_head":"<!-- This site is optimized with the Yoast SEO plugin v27.3 - https:\/\/yoast.com\/product\/yoast-seo-wordpress\/ -->\n<title>Concession\u00e1rias e Revendedores - Indicata<\/title>\n<meta name=\"robots\" content=\"noindex, follow, max-snippet:-1, max-image-preview:large, max-video-preview:-1\" \/>\n<meta property=\"og:locale\" content=\"pt_BR\" \/>\n<meta property=\"og:type\" content=\"article\" \/>\n<meta property=\"og:title\" content=\"Concession\u00e1rias e Revendedores - Indicata\" \/>\n<meta property=\"og:url\" content=\"https:\/\/indicata.bluebird.pw.br\/grupos-de-concessionarios-e-retalhistas\/\" \/>\n<meta property=\"og:site_name\" content=\"Indicata\" \/>\n<meta property=\"article:modified_time\" content=\"2024-08-20T16:31:26+00:00\" \/>\n<meta property=\"og:image\" content=\"https:\/\/indicata.bluebird.pw\/wp-content\/uploads\/2024\/04\/Frame-3-1.jpg\" \/>\n<meta name=\"twitter:card\" content=\"summary_large_image\" \/>\n<meta name=\"twitter:label1\" content=\"Est. tempo de leitura\" \/>\n\t<meta name=\"twitter:data1\" content=\"6 minutos\" \/>\n<script type=\"application\/ld+json\" class=\"yoast-schema-graph\">{\"@context\":\"https:\\\/\\\/schema.org\",\"@graph\":[{\"@type\":\"WebPage\",\"@id\":\"https:\\\/\\\/indicata.bluebird.pw.br\\\/grupos-de-concessionarios-e-retalhistas\\\/\",\"url\":\"https:\\\/\\\/indicata.bluebird.pw.br\\\/grupos-de-concessionarios-e-retalhistas\\\/\",\"name\":\"Concession\u00e1rias e Revendedores - Indicata\",\"isPartOf\":{\"@id\":\"https:\\\/\\\/indicata.bluebird.pw\\\/#website\"},\"primaryImageOfPage\":{\"@id\":\"https:\\\/\\\/indicata.bluebird.pw.br\\\/grupos-de-concessionarios-e-retalhistas\\\/#primaryimage\"},\"image\":{\"@id\":\"https:\\\/\\\/indicata.bluebird.pw.br\\\/grupos-de-concessionarios-e-retalhistas\\\/#primaryimage\"},\"thumbnailUrl\":\"https:\\\/\\\/indicata.bluebird.pw\\\/wp-content\\\/uploads\\\/2024\\\/04\\\/Frame-3-1.jpg\",\"datePublished\":\"2024-04-18T05:16:48+00:00\",\"dateModified\":\"2024-08-20T16:31:26+00:00\",\"breadcrumb\":{\"@id\":\"https:\\\/\\\/indicata.bluebird.pw.br\\\/grupos-de-concessionarios-e-retalhistas\\\/#breadcrumb\"},\"inLanguage\":\"pt-BR\",\"potentialAction\":[{\"@type\":\"ReadAction\",\"target\":[\"https:\\\/\\\/indicata.bluebird.pw.br\\\/grupos-de-concessionarios-e-retalhistas\\\/\"]}]},{\"@type\":\"ImageObject\",\"inLanguage\":\"pt-BR\",\"@id\":\"https:\\\/\\\/indicata.bluebird.pw.br\\\/grupos-de-concessionarios-e-retalhistas\\\/#primaryimage\",\"url\":\"https:\\\/\\\/indicata.bluebird.pw\\\/wp-content\\\/uploads\\\/2024\\\/04\\\/Frame-3-1.jpg\",\"contentUrl\":\"https:\\\/\\\/indicata.bluebird.pw\\\/wp-content\\\/uploads\\\/2024\\\/04\\\/Frame-3-1.jpg\"},{\"@type\":\"BreadcrumbList\",\"@id\":\"https:\\\/\\\/indicata.bluebird.pw.br\\\/grupos-de-concessionarios-e-retalhistas\\\/#breadcrumb\",\"itemListElement\":[{\"@type\":\"ListItem\",\"position\":1,\"name\":\"Home\",\"item\":\"https:\\\/\\\/indicata.bluebird.pw.br\\\/\"},{\"@type\":\"ListItem\",\"position\":2,\"name\":\"Concession\u00e1rias e Revendedores\"}]},{\"@type\":\"WebSite\",\"@id\":\"https:\\\/\\\/indicata.bluebird.pw\\\/#website\",\"url\":\"https:\\\/\\\/indicata.bluebird.pw\\\/\",\"name\":\"Indicata\",\"description\":\"Part of Autorola Group\",\"potentialAction\":[{\"@type\":\"SearchAction\",\"target\":{\"@type\":\"EntryPoint\",\"urlTemplate\":\"https:\\\/\\\/indicata.bluebird.pw\\\/?s={search_term_string}\"},\"query-input\":{\"@type\":\"PropertyValueSpecification\",\"valueRequired\":true,\"valueName\":\"search_term_string\"}}],\"inLanguage\":\"pt-BR\"}]}<\/script>\n<!-- \/ Yoast SEO plugin. -->","yoast_head_json":{"title":"Concession\u00e1rias e Revendedores - Indicata","robots":{"index":"noindex","follow":"follow","max-snippet":"max-snippet:-1","max-image-preview":"max-image-preview:large","max-video-preview":"max-video-preview:-1"},"og_locale":"pt_BR","og_type":"article","og_title":"Concession\u00e1rias e Revendedores - Indicata","og_url":"https:\/\/indicata.bluebird.pw.br\/grupos-de-concessionarios-e-retalhistas\/","og_site_name":"Indicata","article_modified_time":"2024-08-20T16:31:26+00:00","og_image":[{"url":"https:\/\/indicata.bluebird.pw\/wp-content\/uploads\/2024\/04\/Frame-3-1.jpg","type":"","width":"","height":""}],"twitter_card":"summary_large_image","twitter_misc":{"Est. tempo de leitura":"6 minutos"},"schema":{"@context":"https:\/\/schema.org","@graph":[{"@type":"WebPage","@id":"https:\/\/indicata.bluebird.pw.br\/grupos-de-concessionarios-e-retalhistas\/","url":"https:\/\/indicata.bluebird.pw.br\/grupos-de-concessionarios-e-retalhistas\/","name":"Concession\u00e1rias e Revendedores - Indicata","isPartOf":{"@id":"https:\/\/indicata.bluebird.pw\/#website"},"primaryImageOfPage":{"@id":"https:\/\/indicata.bluebird.pw.br\/grupos-de-concessionarios-e-retalhistas\/#primaryimage"},"image":{"@id":"https:\/\/indicata.bluebird.pw.br\/grupos-de-concessionarios-e-retalhistas\/#primaryimage"},"thumbnailUrl":"https:\/\/indicata.bluebird.pw\/wp-content\/uploads\/2024\/04\/Frame-3-1.jpg","datePublished":"2024-04-18T05:16:48+00:00","dateModified":"2024-08-20T16:31:26+00:00","breadcrumb":{"@id":"https:\/\/indicata.bluebird.pw.br\/grupos-de-concessionarios-e-retalhistas\/#breadcrumb"},"inLanguage":"pt-BR","potentialAction":[{"@type":"ReadAction","target":["https:\/\/indicata.bluebird.pw.br\/grupos-de-concessionarios-e-retalhistas\/"]}]},{"@type":"ImageObject","inLanguage":"pt-BR","@id":"https:\/\/indicata.bluebird.pw.br\/grupos-de-concessionarios-e-retalhistas\/#primaryimage","url":"https:\/\/indicata.bluebird.pw\/wp-content\/uploads\/2024\/04\/Frame-3-1.jpg","contentUrl":"https:\/\/indicata.bluebird.pw\/wp-content\/uploads\/2024\/04\/Frame-3-1.jpg"},{"@type":"BreadcrumbList","@id":"https:\/\/indicata.bluebird.pw.br\/grupos-de-concessionarios-e-retalhistas\/#breadcrumb","itemListElement":[{"@type":"ListItem","position":1,"name":"Home","item":"https:\/\/indicata.bluebird.pw.br\/"},{"@type":"ListItem","position":2,"name":"Concession\u00e1rias e Revendedores"}]},{"@type":"WebSite","@id":"https:\/\/indicata.bluebird.pw\/#website","url":"https:\/\/indicata.bluebird.pw\/","name":"Indicata","description":"Part of Autorola Group","potentialAction":[{"@type":"SearchAction","target":{"@type":"EntryPoint","urlTemplate":"https:\/\/indicata.bluebird.pw\/?s={search_term_string}"},"query-input":{"@type":"PropertyValueSpecification","valueRequired":true,"valueName":"search_term_string"}}],"inLanguage":"pt-BR"}]}},"_links":{"self":[{"href":"https:\/\/indicata.bluebird.pw\/pt-br\/wp-json\/wp\/v2\/pages\/1242","targetHints":{"allow":["GET"]}}],"collection":[{"href":"https:\/\/indicata.bluebird.pw\/pt-br\/wp-json\/wp\/v2\/pages"}],"about":[{"href":"https:\/\/indicata.bluebird.pw\/pt-br\/wp-json\/wp\/v2\/types\/page"}],"author":[{"embeddable":true,"href":"https:\/\/indicata.bluebird.pw\/pt-br\/wp-json\/wp\/v2\/users\/2"}],"replies":[{"embeddable":true,"href":"https:\/\/indicata.bluebird.pw\/pt-br\/wp-json\/wp\/v2\/comments?post=1242"}],"version-history":[{"count":10,"href":"https:\/\/indicata.bluebird.pw\/pt-br\/wp-json\/wp\/v2\/pages\/1242\/revisions"}],"predecessor-version":[{"id":4616,"href":"https:\/\/indicata.bluebird.pw\/pt-br\/wp-json\/wp\/v2\/pages\/1242\/revisions\/4616"}],"wp:attachment":[{"href":"https:\/\/indicata.bluebird.pw\/pt-br\/wp-json\/wp\/v2\/media?parent=1242"}],"curies":[{"name":"wp","href":"https:\/\/api.w.org\/{rel}","templated":true}]}}