{"id":1774,"date":"2024-05-21T21:12:22","date_gmt":"2024-05-21T19:12:22","guid":{"rendered":"https:\/\/indicata.bluebird.pw\/cookies\/"},"modified":"2024-09-04T09:51:00","modified_gmt":"2024-09-04T07:51:00","slug":"cookies","status":"publish","type":"page","link":"https:\/\/indicata.bluebird.pw\/pt-br\/cookies\/","title":{"rendered":"Cookies"},"content":{"rendered":"\n<section class=\"wp-block-indicata-post-content mt-post-content\"><div class=\"mt-post-content__inner\"><div class=\"mt-post-content__content\">\n<p><strong>Cookies<\/strong><\/p>\n\n\n\n<p>Este documento informar\u00e1 voc\u00ea sobre como e por que usamos cookies. Tamb\u00e9m informaremos quais cookies usamos e algumas informa\u00e7\u00f5es sobre terceiros que tamb\u00e9m colocam cookies em nosso site.<\/p>\n\n\n\n<p><strong>Resumo<\/strong><\/p>\n\n\n\n<p>Este documento se aplica:<\/p>\n\n\n\n<ul class=\"wp-block-list\">\n<li>Visitantes do website<\/li>\n<\/ul>\n\n\n\n<p>Este documento cobre:<\/p>\n\n\n\n<ul class=\"wp-block-list\">\n<li>Resumo<\/li>\n\n\n\n<li>O que \u00e9 um cookie?\n<ul class=\"wp-block-list\">\n<li>Tipos de cookies<\/li>\n<\/ul>\n<\/li>\n\n\n\n<li>Quais cookies n\u00f3s utilizamos?<ul><li>Cookies necess\u00e1rios<\/li><\/ul><ul><li>Cookies de desempenho<\/li><\/ul><ul><li>Cookies de publicidade<\/li><\/ul>\n<ul class=\"wp-block-list\">\n<li>Cookies de funcionalidade<\/li>\n<\/ul>\n<\/li>\n\n\n\n<li>Como n\u00f3s usamos os cookies?<\/li>\n\n\n\n<li>Como bloquear os cookies?<\/li>\n\n\n\n<li>Como retirar um consentimento dado<\/li>\n\n\n\n<li>Lista de cookies<\/li>\n\n\n\n<li>Entre em contato<\/li>\n<\/ul>\n\n\n\n<p id=\"O-que-\u00e9-um-cookie\"><strong>O que \u00e9 um cookie?<\/strong><\/p>\n\n\n\n<p>Cookies s\u00e3o pequenos arquivos de texto que s\u00e3o armazenados no seu dispositivo e que nos permitem tornar sua experi\u00eancia melhor e mais eficiente. Eles nos permitem reconhecer seu dispositivo e navegador, e armazenar informa\u00e7\u00f5es que s\u00e3o importantes para a melhoria dos nossos servi\u00e7os.<\/p>\n\n\n\n<p><strong>Tipos de cookies<\/strong><\/p>\n\n\n\n<p><strong>Cookies de sess\u00e3o e cookies persistentes<\/strong><\/p>\n\n\n\n<ul class=\"wp-block-list\">\n<li>Os cookies de sess\u00e3o s\u00e3o armazenados temporariamente na mem\u00f3ria dos seus dispositivos enquanto voc\u00ea visita o site e s\u00e3o apagados quando voc\u00ea fecha o navegador.<\/li>\n\n\n\n<li>Os cookies persistentes s\u00e3o armazenados por um per\u00edodo predeterminado, que varia de cookie para cookie. Este tipo permanece ativo por mais tempo do que os cookies de sess\u00e3o; no entanto, eles tamb\u00e9m expiram ap\u00f3s algum tempo. Eles nos ajudam a entender se voc\u00ea j\u00e1 visitou nosso site ou sites semelhantes no passado.<\/li>\n<\/ul>\n\n\n\n<p><strong>Cookies propriet\u00e1rios e de terceiros<\/strong><\/p>\n\n\n\n<ul class=\"wp-block-list\">\n<li>Os cookies prim\u00e1rios s\u00e3o definidos diretamente pelo site ou por qualquer um dos subdom\u00ednios do site.<\/li>\n\n\n\n<li>Os cookies de terceiros s\u00e3o definidos por sites n\u00e3o gerenciados por n\u00f3s, como nossos subprocessadores ou outros parceiros de tecnologia.<\/li>\n<\/ul>\n\n\n\n<p><strong>Quais cookies n\u00f3s utilizamos?<\/strong><\/p>\n\n\n\n<p><strong>Cookies necess\u00e1rios<\/strong><\/p>\n\n\n\n<p>Armazenamos cookies no seu dispositivo se eles forem necess\u00e1rios para nos permitir oferecer e fornecer nossos servi\u00e7os. Eles tamb\u00e9m s\u00e3o necess\u00e1rios para que voc\u00ea navegue pelo site e aplicativo da web e se beneficie de todas as fun\u00e7\u00f5es dispon\u00edveis. Esses cookies n\u00e3o podem ser desligados e s\u00e3o definidos para op\u00e7\u00f5es muito b\u00e1sicas no site, como login, formul\u00e1rios e prefer\u00eancias definidas, como fuso hor\u00e1rio ou idiomas.<\/p>\n\n\n\n<p><strong>Cookies de desempenho<\/strong><\/p>\n\n\n\n<p>Esses cookies s\u00e3o colocados para nos ajudar a entender como voc\u00ea interage com as op\u00e7\u00f5es dispon\u00edveis no site, quais partes voc\u00ea mais usa e como voc\u00ea interage com nossos servi\u00e7os. Isso nos ajuda a criar estat\u00edsticas de uso e a quantidade de tempo que voc\u00ea gasta no site. Essas estat\u00edsticas nos ajudar\u00e3o a melhorar nosso site e quaisquer servi\u00e7os que oferecemos nele.<\/p>\n\n\n\n<p><strong>Cookies de publicidade<\/strong><\/p>\n\n\n\n<p>Esses cookies s\u00e3o usados \u200b\u200bpara oferecer an\u00fancios que podem ser relevantes ou de seu interesse quando voc\u00ea estiver navegando na internet. Eles s\u00e3o colocados principalmente por terceiros sempre que voc\u00ea interage com o conte\u00fado deles em nosso site.<\/p>\n\n\n\n<p><strong>Cookies de funcionalidade<\/strong><\/p>\n\n\n\n<p>Esses cookies s\u00e3o colocados para nos ajudar a fornecer a voc\u00ea uma melhor funcionalidade do site e dos nossos servi\u00e7os e torn\u00e1-los mais personalizados para voc\u00ea.<\/p>\n\n\n\n<p>Voc\u00ea pode bloquear esses cookies, mas se o fizer, pode ser que partes do site n\u00e3o funcionem da maneira que pretend\u00edamos.<\/p>\n\n\n\n<p><strong>Como n\u00f3s usamos os cookies?<\/strong><\/p>\n\n\n\n<p>Coletamos dados usando os cookies descritos para medir o tr\u00e1fego em nosso site, entender seu comportamento para otimizar a experi\u00eancia do usu\u00e1rio, bem como personalizar o conte\u00fado nos sites e fornecer publicidade relevante na qual voc\u00ea possa estar interessado. Tamb\u00e9m usamos os dados coletados para desenvolver nossos sites.<\/p>\n\n\n\n<p><strong>Como bloquear os cookies?<\/strong><\/p>\n\n\n\n<p>Voc\u00ea pode parar ou restringir a coloca\u00e7\u00e3o de cookies e outras tecnologias de rastreamento, como pixel tags. Voc\u00ea pode fazer isso bloqueando-os em seu dispositivo ou removendo-os e ajustando as prefer\u00eancias em seu navegador. Isso pode variar de dispositivo para dispositivo, e de navegador para navegador.<\/p>\n\n\n\n<p>Depois que voc\u00ea bloqueia corretamente os cookies em seu navegador, partes do site podem ficar indispon\u00edveis para voc\u00ea ou n\u00e3o funcionar corretamente.<\/p>\n\n\n\n<p><strong>Como retirar um consentimento dado<\/strong><\/p>\n\n\n\n<p>Para retirar um consentimento que voc\u00ea deu, voc\u00ea pode clicar no pequeno \u00edcone de cookie na parte inferior dos sites e simplesmente mudar a posi\u00e7\u00e3o do bot\u00e3o de consentimento e clicar em \u201csalvar\u201d.<\/p>\n\n\n\n<p><strong>Lista de cookies<\/strong><\/p>\n\n\n\n<p>A lista de cookies usados \u200b\u200bpela Autorola pode ser vista na caixa de consentimento de cookies em cada categoria de cookies. Entre em contato conosco.<\/p>\n\n\n\n<p>Se voc\u00ea tiver alguma d\u00favida sobre este documento, entre em contato conosco.<\/p>\n\n\n\n<p>Autorola Brasil<\/p>\n\n\n\n<p>Rua Dom Jos\u00e9 Alarcon, n\u00ba 55, CJ 71, 72, 73, 74<\/p>\n\n\n\n<p>Espa\u00e7o Corporativo Silva Bueno \u2013 Bairro Ipiranga<br>CEP 04208-040<\/p>\n\n\n\n<p>S\u00e3o Paulo\/SP \u2013 Brasil<\/p>\n\n\n\n<p>Tel.: +55 11 2985-9141<\/p>\n\n\n\n<p>E-mail: <a href=\"mailto:lgpd@autorola.com.br\">lgpd@autorola.com.br<\/a><\/p>\n<\/div><div class=\"mt-post-content__actions\"><div class=\"mt-post-content__actions--tags\"><\/div><div class=\"mt-post-content__actions--share-buttons\"><div class=\"mt-share-buttons\"><div class=\"mt-share-buttons__button mt-share-buttons__button--print\"><svg xmlns=\"http:\/\/www.w3.org\/2000\/svg\" width=\"20\" height=\"21\" viewBox=\"0 0 20 21\" fill=\"none\"><path d=\"M5 8.00033V2.16699H15V8.00033\" stroke=\"#555555\" stroke-width=\"1.5\" stroke-linecap=\"round\" stroke-linejoin=\"round\"><\/path><path d=\"M4.99935 15.5H3.33268C2.89065 15.5 2.46673 15.3244 2.15417 15.0118C1.84161 14.6993 1.66602 14.2754 1.66602 13.8333V9.66667C1.66602 9.22464 1.84161 8.80072 2.15417 8.48816C2.46673 8.1756 2.89065 8 3.33268 8H16.666C17.108 8 17.532 8.1756 17.8445 8.48816C18.1571 8.80072 18.3327 9.22464 18.3327 9.66667V13.8333C18.3327 14.2754 18.1571 14.6993 17.8445 15.0118C17.532 15.3244 17.108 15.5 16.666 15.5H14.9993\" stroke=\"#555555\" stroke-width=\"1.5\" stroke-linecap=\"round\" stroke-linejoin=\"round\"><\/path><path d=\"M15 12.167H5V18.8337H15V12.167Z\" stroke=\"#555555\" stroke-width=\"1.5\" stroke-linecap=\"round\" stroke-linejoin=\"round\"><\/path><\/svg><\/div><div class=\"mt-share-buttons__button mt-share-buttons__button--bookmark\"><svg xmlns=\"http:\/\/www.w3.org\/2000\/svg\" width=\"20\" height=\"21\" viewBox=\"0 0 20 21\" fill=\"none\"><path d=\"M15.8327 18L9.99935 13.8333L4.16602 18V4.66667C4.16602 4.22464 4.34161 3.80072 4.65417 3.48816C4.96673 3.17559 5.39065 3 5.83268 3H14.166C14.608 3 15.032 3.17559 15.3445 3.48816C15.6571 3.80072 15.8327 4.22464 15.8327 4.66667V18Z\" stroke=\"#555555\" stroke-width=\"1.5\" stroke-linecap=\"round\" stroke-linejoin=\"round\"><\/path><\/svg><\/div><div class=\"mt-share-buttons__button mt-share-buttons__button--share\"><svg xmlns=\"http:\/\/www.w3.org\/2000\/svg\" width=\"20\" height=\"21\" viewBox=\"0 0 20 21\" fill=\"none\"><path d=\"M3.33398 10.5V17.1667C3.33398 17.6087 3.50958 18.0326 3.82214 18.3452C4.1347 18.6577 4.55862 18.8333 5.00065 18.8333H15.0007C15.4427 18.8333 15.8666 18.6577 16.1792 18.3452C16.4917 18.0326 16.6673 17.6087 16.6673 17.1667V10.5\" stroke=\"#555555\" stroke-width=\"1.5\" stroke-linecap=\"round\" stroke-linejoin=\"round\"><\/path><path d=\"M13.3327 5.50033L9.99935 2.16699L6.66602 5.50033\" stroke=\"#555555\" stroke-width=\"1.5\" stroke-linecap=\"round\" stroke-linejoin=\"round\"><\/path><path d=\"M10 2.16699V13.0003\" stroke=\"#555555\" stroke-width=\"1.5\" stroke-linecap=\"round\" stroke-linejoin=\"round\"><\/path><\/svg><\/div><\/div><\/div><\/div><\/div><\/section>\n","protected":false},"excerpt":{"rendered":"","protected":false},"author":4,"featured_media":0,"parent":0,"menu_order":0,"comment_status":"closed","ping_status":"closed","template":"","meta":{"_acf_changed":false,"footnotes":""},"class_list":["post-1774","page","type-page","status-publish","hentry"],"acf":[],"yoast_head":"<!-- This site is optimized with the Yoast SEO plugin v27.3 - https:\/\/yoast.com\/product\/yoast-seo-wordpress\/ -->\n<title>Cookies - Indicata<\/title>\n<meta name=\"robots\" content=\"noindex, follow, max-snippet:-1, max-image-preview:large, max-video-preview:-1\" \/>\n<meta property=\"og:locale\" content=\"pt_BR\" \/>\n<meta property=\"og:type\" content=\"article\" \/>\n<meta property=\"og:title\" content=\"Cookies - Indicata\" \/>\n<meta property=\"og:url\" content=\"https:\/\/indicata.bluebird.pw.br\/cookies\/\" \/>\n<meta property=\"og:site_name\" content=\"Indicata\" \/>\n<meta property=\"article:modified_time\" content=\"2024-09-04T07:51:00+00:00\" \/>\n<meta name=\"twitter:card\" content=\"summary_large_image\" \/>\n<meta name=\"twitter:label1\" content=\"Est. tempo de leitura\" \/>\n\t<meta name=\"twitter:data1\" content=\"4 minutos\" \/>\n<script type=\"application\/ld+json\" class=\"yoast-schema-graph\">{\"@context\":\"https:\\\/\\\/schema.org\",\"@graph\":[{\"@type\":\"WebPage\",\"@id\":\"https:\\\/\\\/indicata.bluebird.pw.br\\\/cookies\\\/\",\"url\":\"https:\\\/\\\/indicata.bluebird.pw.br\\\/cookies\\\/\",\"name\":\"Cookies - Indicata\",\"isPartOf\":{\"@id\":\"https:\\\/\\\/indicata.bluebird.pw\\\/#website\"},\"datePublished\":\"2024-05-21T19:12:22+00:00\",\"dateModified\":\"2024-09-04T07:51:00+00:00\",\"breadcrumb\":{\"@id\":\"https:\\\/\\\/indicata.bluebird.pw.br\\\/cookies\\\/#breadcrumb\"},\"inLanguage\":\"pt-BR\",\"potentialAction\":[{\"@type\":\"ReadAction\",\"target\":[\"https:\\\/\\\/indicata.bluebird.pw.br\\\/cookies\\\/\"]}]},{\"@type\":\"BreadcrumbList\",\"@id\":\"https:\\\/\\\/indicata.bluebird.pw.br\\\/cookies\\\/#breadcrumb\",\"itemListElement\":[{\"@type\":\"ListItem\",\"position\":1,\"name\":\"Home\",\"item\":\"https:\\\/\\\/indicata.bluebird.pw.br\\\/\"},{\"@type\":\"ListItem\",\"position\":2,\"name\":\"Cookies\"}]},{\"@type\":\"WebSite\",\"@id\":\"https:\\\/\\\/indicata.bluebird.pw\\\/#website\",\"url\":\"https:\\\/\\\/indicata.bluebird.pw\\\/\",\"name\":\"Indicata\",\"description\":\"Part of Autorola Group\",\"potentialAction\":[{\"@type\":\"SearchAction\",\"target\":{\"@type\":\"EntryPoint\",\"urlTemplate\":\"https:\\\/\\\/indicata.bluebird.pw\\\/?s={search_term_string}\"},\"query-input\":{\"@type\":\"PropertyValueSpecification\",\"valueRequired\":true,\"valueName\":\"search_term_string\"}}],\"inLanguage\":\"pt-BR\"}]}<\/script>\n<!-- \/ Yoast SEO plugin. -->","yoast_head_json":{"title":"Cookies - Indicata","robots":{"index":"noindex","follow":"follow","max-snippet":"max-snippet:-1","max-image-preview":"max-image-preview:large","max-video-preview":"max-video-preview:-1"},"og_locale":"pt_BR","og_type":"article","og_title":"Cookies - Indicata","og_url":"https:\/\/indicata.bluebird.pw.br\/cookies\/","og_site_name":"Indicata","article_modified_time":"2024-09-04T07:51:00+00:00","twitter_card":"summary_large_image","twitter_misc":{"Est. tempo de leitura":"4 minutos"},"schema":{"@context":"https:\/\/schema.org","@graph":[{"@type":"WebPage","@id":"https:\/\/indicata.bluebird.pw.br\/cookies\/","url":"https:\/\/indicata.bluebird.pw.br\/cookies\/","name":"Cookies - Indicata","isPartOf":{"@id":"https:\/\/indicata.bluebird.pw\/#website"},"datePublished":"2024-05-21T19:12:22+00:00","dateModified":"2024-09-04T07:51:00+00:00","breadcrumb":{"@id":"https:\/\/indicata.bluebird.pw.br\/cookies\/#breadcrumb"},"inLanguage":"pt-BR","potentialAction":[{"@type":"ReadAction","target":["https:\/\/indicata.bluebird.pw.br\/cookies\/"]}]},{"@type":"BreadcrumbList","@id":"https:\/\/indicata.bluebird.pw.br\/cookies\/#breadcrumb","itemListElement":[{"@type":"ListItem","position":1,"name":"Home","item":"https:\/\/indicata.bluebird.pw.br\/"},{"@type":"ListItem","position":2,"name":"Cookies"}]},{"@type":"WebSite","@id":"https:\/\/indicata.bluebird.pw\/#website","url":"https:\/\/indicata.bluebird.pw\/","name":"Indicata","description":"Part of Autorola Group","potentialAction":[{"@type":"SearchAction","target":{"@type":"EntryPoint","urlTemplate":"https:\/\/indicata.bluebird.pw\/?s={search_term_string}"},"query-input":{"@type":"PropertyValueSpecification","valueRequired":true,"valueName":"search_term_string"}}],"inLanguage":"pt-BR"}]}},"_links":{"self":[{"href":"https:\/\/indicata.bluebird.pw\/pt-br\/wp-json\/wp\/v2\/pages\/1774","targetHints":{"allow":["GET"]}}],"collection":[{"href":"https:\/\/indicata.bluebird.pw\/pt-br\/wp-json\/wp\/v2\/pages"}],"about":[{"href":"https:\/\/indicata.bluebird.pw\/pt-br\/wp-json\/wp\/v2\/types\/page"}],"author":[{"embeddable":true,"href":"https:\/\/indicata.bluebird.pw\/pt-br\/wp-json\/wp\/v2\/users\/4"}],"replies":[{"embeddable":true,"href":"https:\/\/indicata.bluebird.pw\/pt-br\/wp-json\/wp\/v2\/comments?post=1774"}],"version-history":[{"count":2,"href":"https:\/\/indicata.bluebird.pw\/pt-br\/wp-json\/wp\/v2\/pages\/1774\/revisions"}],"predecessor-version":[{"id":6668,"href":"https:\/\/indicata.bluebird.pw\/pt-br\/wp-json\/wp\/v2\/pages\/1774\/revisions\/6668"}],"wp:attachment":[{"href":"https:\/\/indicata.bluebird.pw\/pt-br\/wp-json\/wp\/v2\/media?parent=1774"}],"curies":[{"name":"wp","href":"https:\/\/api.w.org\/{rel}","templated":true}]}}