{"id":1785,"date":"2024-05-21T21:11:11","date_gmt":"2024-05-21T19:11:11","guid":{"rendered":"https:\/\/indicata.bluebird.pw\/privacy-statement\/"},"modified":"2024-09-04T09:50:01","modified_gmt":"2024-09-04T07:50:01","slug":"aviso-de-privacidade","status":"publish","type":"page","link":"https:\/\/indicata.bluebird.pw\/pt-br\/aviso-de-privacidade\/","title":{"rendered":"Aviso de privacidade"},"content":{"rendered":"\n<section class=\"wp-block-indicata-post-content mt-post-content\"><div class=\"mt-post-content__inner\"><div class=\"mt-post-content__content\">\n<p><strong>AVISO DE PRIVACIDADE<\/strong><\/p>\n\n\n\n<p>O aviso de privacidade se aplica para os dados que o Grupo Autorola coleta quando voc\u00ea usa os nossos servi\u00e7os.<\/p>\n\n\n\n<p>Este aviso de privacidade destina-se a informar voc\u00ea, o \u201ctitular dos dados\u201d, sobre como utilizamos os seus dados pessoais. A prote\u00e7\u00e3o dos seus dados pessoais \u00e9 importante para n\u00f3s, e incentivamos a leitura deste aviso de privacidade. Se tiver dificuldades em ler este aviso de privacidade ou precisar de ajuda para entend\u00ea-lo, contate-nos e iremos ajud\u00e1-lo da melhor forma poss\u00edvel.<\/p>\n\n\n\n<p>Os seus dados pessoais est\u00e3o protegidos pela Lei Geral de Prote\u00e7\u00e3o de Dados (Lei n\u00ba 13.709\/2018), que tem como principal objetivo proteger os direitos fundamentais de liberdade e de privacidade e o livre desenvolvimento da personalidade da pessoa natural. Tamb\u00e9m tem como foco a cria\u00e7\u00e3o de um cen\u00e1rio de seguran\u00e7a jur\u00eddica, com a padroniza\u00e7\u00e3o de regulamentos e pr\u00e1ticas para promover a prote\u00e7\u00e3o aos dados pessoais de todo cidad\u00e3o que esteja no Brasil, de acordo com os par\u00e2metros internacionais existentes.<\/p>\n\n\n\n<p>Podemos alterar este aviso de tempos em tempos. N\u00f3s o encorajamos a revisar esta declara\u00e7\u00e3o periodicamente, pois as altera\u00e7\u00f5es ser\u00e3o publicadas nesta p\u00e1gina.<\/p>\n\n\n\n<p><strong>RESUMO<\/strong><\/p>\n\n\n\n<p>Este aviso se aplica a:<\/p>\n\n\n\n<ul class=\"wp-block-list\">\n<li>Nossos clientes<\/li>\n\n\n\n<li>Visitantes do nosso website<\/li>\n<\/ul>\n\n\n\n<p>Este aviso cobre:<\/p>\n\n\n\n<ul class=\"wp-block-list\">\n<li>Aviso de privacidade<\/li>\n\n\n\n<li>Resumo\n<ul class=\"wp-block-list\">\n<li>Os dados pessoais que coletamos<\/li>\n\n\n\n<li>Dados pessoais que voc\u00ea nos fornece<\/li>\n\n\n\n<li>Dados pessoais coletados quando voc\u00ea visita nossos websites<\/li>\n\n\n\n<li>Dados pessoais coletados quando voc\u00ea usa os nossos servi\u00e7os<\/li>\n\n\n\n<li>Dados sens\u00edveis<\/li>\n<\/ul>\n<\/li>\n\n\n\n<li>Como n\u00f3s coletamos dados\n<ul class=\"wp-block-list\">\n<li>Cookies<\/li>\n\n\n\n<li>Como n\u00f3s usamos os seus dados\n<ul class=\"wp-block-list\">\n<li>A base legal para coletar e processar dados<\/li>\n\n\n\n<li>Como n\u00f3s compartilhamos dados\n<ul class=\"wp-block-list\">\n<li>Compra<\/li>\n\n\n\n<li>M\u00e1 conduta<\/li>\n<\/ul>\n<\/li>\n<\/ul>\n<\/li>\n<\/ul>\n<\/li>\n\n\n\n<li>Por quanto tempo n\u00f3s mantemos os seus dados<\/li>\n\n\n\n<li>Seus direitos relacionados aos dados pessoais<\/li>\n\n\n\n<li>Seguran\u00e7a<\/li>\n\n\n\n<li>Entre em contato<\/li>\n<\/ul>\n\n\n\n<p><strong>Os dados pessoais que coletamos<\/strong><\/p>\n\n\n\n<p>Coletamos v\u00e1rios tipos de dados dependendo de como voc\u00ea interage conosco e quais servi\u00e7os voc\u00ea usa. No entanto, aplica-se a todos os servi\u00e7os da Autorola que apenas dados pessoais comuns s\u00e3o coletados.<\/p>\n\n\n\n<p><strong>Dados pessoais que voc\u00ea nos fornece<\/strong><\/p>\n\n\n\n<p>Ao se inscrever como um usu\u00e1rio dos servi\u00e7os da Autorola, voc\u00ea entra em um acordo no qual a Autorola requer suas informa\u00e7\u00f5es de contato que ser\u00e3o usadas para a execu\u00e7\u00e3o de nossos servi\u00e7os e para verificar sua identidade.<\/p>\n\n\n\n<p><strong>Dados pessoais coletados quando voc\u00ea visita nossos websites<\/strong><\/p>\n\n\n\n<p>Quando voc\u00ea usa os nossos sites, podemos coletar automaticamente dados pessoais, como endere\u00e7o de IP, sendo que outros dados s\u00e3o coletados por cookies, como a sua localiza\u00e7\u00e3o, comportamento de navega\u00e7\u00e3o, etc. Mais sobre os dados coletados por cookies aqui:<\/p>\n\n\n\n<p><strong>Dados pessoais coletados quando voc\u00ea usa os nossos servi\u00e7os<\/strong><\/p>\n\n\n\n<p>Quando voc\u00ea usa nossos servi\u00e7os, coletamos os seguintes dados pessoais, mas n\u00e3o limitados a:<\/p>\n\n\n\n<p>Todos os usu\u00e1rios:<\/p>\n\n\n\n<ul class=\"wp-block-list\">\n<li>Endere\u00e7o de IP<\/li>\n\n\n\n<li>Nome<\/li>\n\n\n\n<li>N\u00famero de telefone<\/li>\n\n\n\n<li>Endere\u00e7o de e-mail<\/li>\n\n\n\n<li>Idade<\/li>\n\n\n\n<li>G\u00eanero<\/li>\n<\/ul>\n\n\n\n<p>Dados adicionais coletados por usu\u00e1rios profissionais:<\/p>\n\n\n\n<ul class=\"wp-block-list\">\n<li>Endere\u00e7o de cobran\u00e7a<\/li>\n\n\n\n<li>Informa\u00e7\u00f5es de pagamento<\/li>\n\n\n\n<li>VIN<\/li>\n\n\n\n<li>N\u00famero do seguro<\/li>\n<\/ul>\n\n\n\n<p>Tamb\u00e9m coletamos dados de uso sobre o uso de nossos servi\u00e7os e isso pode conter dados pessoais.<\/p>\n\n\n\n<p>Informa\u00e7\u00f5es de pagamento e cobran\u00e7a coletadas e usadas exclusivamente para processar pagamentos e entregar nossos produtos e servi\u00e7os.<\/p>\n\n\n\n<p><strong>Dados sens\u00edveis<\/strong><\/p>\n\n\n\n<p>Como n\u00e3o fazemos uso de dados pessoais sens\u00edveis, pedimos que voc\u00ea n\u00e3o divulgue nenhum dado pessoal deste tipo, a menos que seja especificamente solicitado por n\u00f3s devido a obriga\u00e7\u00e3o legal ou exigido por lei.<\/p>\n\n\n\n<p><strong>Como n\u00f3s coletamos dados<\/strong><\/p>\n\n\n\n<p>Conforme descrito antes, coletamos dados pessoais seus quando voc\u00ea visita nosso site ou usa nossos servi\u00e7os. Alguns dos dados s\u00e3o fornecidos por voc\u00ea e alguns s\u00e3o coletados conforme voc\u00ea navega em nossos sites.<\/p>\n\n\n\n<p><strong>Cookies<\/strong><\/p>\n\n\n\n<p>Na Autorola, usamos cookies para coletar dados. Cookies s\u00e3o pequenos arquivos armazenados no seu navegador quando voc\u00ea visita nosso site. Alguns cookies duram apenas enquanto voc\u00ea permanece no site; outros podem ser armazenados por per\u00edodos mais longos. Esses cookies podem facilitar a navega\u00e7\u00e3o armazenando sua senha ou suas prefer\u00eancias sobre como voc\u00ea usa o site. Os cookies coletam dados como o endere\u00e7o de IP do seu computador, as configura\u00e7\u00f5es do seu navegador e informa\u00e7\u00f5es sobre como voc\u00ea usa o site. Sua localiza\u00e7\u00e3o geral pode ser estimada a partir do seu endere\u00e7o de IP. Alguns cookies rastreiam a atividade dos usu\u00e1rios em nosso site, aplicativos e servi\u00e7os para fornecer publicidade personalizada a voc\u00ea neste e em outros sites.<\/p>\n\n\n\n<p>Mais informa\u00e7\u00f5es sobre como usamos cookies, bem como como cancelar o recebimento de cookies, podem ser encontradas aqui: Cookies<\/p>\n\n\n\n<p><strong>Como n\u00f3s usamos os seus dados<\/strong><\/p>\n\n\n\n<p>Processamos seus dados pessoais para os seguintes prop\u00f3sitos:<\/p>\n\n\n\n<ul class=\"wp-block-list\">\n<li>Para fornecer nossos servi\u00e7os.<\/li>\n\n\n\n<li>Para responder \u00e0s suas solicita\u00e7\u00f5es de informa\u00e7\u00f5es.<\/li>\n\n\n\n<li>Para contat\u00e1-lo com atualiza\u00e7\u00f5es sobre nossos servi\u00e7os.<\/li>\n\n\n\n<li>Para comercializar e anunciar nossos servi\u00e7os, incluindo o envio de comunica\u00e7\u00f5es de marketing, com seu consentimento.<\/li>\n\n\n\n<li>Para analisar e melhorar nosso site e servi\u00e7os.<\/li>\n<\/ul>\n\n\n\n<p><strong>A base legal para coletar e processar dados<\/strong><\/p>\n\n\n\n<p>Usamos as seguintes bases legais para coletar e processar dados pessoais;<\/p>\n\n\n\n<ul class=\"wp-block-list\">\n<li>Consentimento\n<ul class=\"wp-block-list\">\n<li>Podemos coletar e processar dados com seu consentimento, como quando voc\u00ea assina nossa newsletter, solicita informa\u00e7\u00f5es ou se inscreve para servi\u00e7os.<\/li>\n<\/ul>\n<\/li>\n<\/ul>\n\n\n\n<ul class=\"wp-block-list\">\n<li>Necess\u00e1rio para executar um contrato\n<ul class=\"wp-block-list\">\n<li>Podemos coletar e processar dados de que precisamos para fornecer nossos servi\u00e7os ou cumprir obriga\u00e7\u00f5es contratuais com nossos clientes. Podemos processar uma quantidade limitada de dados pessoais para desenvolver e testar recursos e servi\u00e7os aonde for estritamente necess\u00e1rio para poder fornecer nossos servi\u00e7os.<\/li>\n<\/ul>\n<\/li>\n\n\n\n<li>Necess\u00e1rio para cumprir com obriga\u00e7\u00e3o legal\n<ul class=\"wp-block-list\">\n<li>Podemos coletar e processar dados para cumprir uma obriga\u00e7\u00e3o legal.<\/li>\n<\/ul>\n<\/li>\n<\/ul>\n\n\n\n<ul class=\"wp-block-list\">\n<li>Interesse leg\u00edtimo\n<ul class=\"wp-block-list\">\n<li>Podemos coletar e processar dados, pois temos um interesse leg\u00edtimo em operar atividades de marketing e vendas eficientes e relevantes, bem como fornecer e atualizar nosso servi\u00e7o para maximizar o valor para nossos clientes e usu\u00e1rios, desde que nossos interesses leg\u00edtimos n\u00e3o sejam superados por seus direitos. Portanto, podemos usar uma quantidade limitada de dados pessoais para desenvolver servi\u00e7os eficientes e sem erros.<\/li>\n<\/ul>\n<\/li>\n<\/ul>\n\n\n\n<p><strong>Como n\u00f3s compartilhamos dados<\/strong><\/p>\n\n\n\n<p>Existem certos casos em que compartilhamos seus dados pessoais coletados ao usar os servi\u00e7os da Autorola com terceiros para executar o servi\u00e7o acordado. Esses casos incluem, mas n\u00e3o est\u00e3o limitados a; quando voc\u00ea vende ou compra ve\u00edculos ou mercadorias, quando voc\u00ea deixa de pagar faturas leg\u00edtimas da Autorola, quando reembolsamos o pagamento e quando solicitado pelas autoridades em rela\u00e7\u00e3o a investiga\u00e7\u00f5es criminais.<\/p>\n\n\n\n<p>As categorias de destinat\u00e1rios s\u00e3o:<\/p>\n\n\n\n<ul class=\"wp-block-list\">\n<li>Auditores financeiros<\/li>\n\n\n\n<li>Comprador de ve\u00edculos ou bens que voc\u00ea vende<\/li>\n\n\n\n<li>Vendedor de ve\u00edculos ou bens que voc\u00ea compra<\/li>\n\n\n\n<li>Nosso banco<\/li>\n\n\n\n<li>Nossa empresa de cobran\u00e7a de d\u00edvidas<\/li>\n\n\n\n<li>Nossa empresa de recupera\u00e7\u00e3o de d\u00edvidas<\/li>\n\n\n\n<li>Empresa de assinatura de contrato digital<\/li>\n\n\n\n<li>As autoridades<\/li>\n\n\n\n<li>Nossos parceiros que hospedam nossos sites e servi\u00e7os de Internet<\/li>\n\n\n\n<li>Nossos parceiros de backup de dados<\/li>\n\n\n\n<li>Provedores de servi\u00e7os de SMS<\/li>\n\n\n\n<li>Estacionamentos onde voc\u00ea recupera ou entrega ve\u00edculos ou bens<\/li>\n\n\n\n<li>Empresas de transporte que transportam ve\u00edculos de ou para voc\u00ea<\/li>\n\n\n\n<li>Sistema de suporte de terceiros<\/li>\n\n\n\n<li>Sistema de registro de fun\u00e7\u00f5es<\/li>\n<\/ul>\n\n\n\n<p><strong>Compra<\/strong><\/p>\n\n\n\n<p>Para facilitar uma venda, o comprador e o vendedor devem trocar dados pessoais e a Autorola os entrega a ambas as partes como parte do acordo feito na contrata\u00e7\u00e3o dos servi\u00e7os. Algumas negocia\u00e7\u00f5es s\u00e3o feitas com um intercessor onde o comprador e o vendedor n\u00e3o compartilham dados pessoais. Quando um leil\u00e3o termina, a Autorola tentar\u00e1 entrar em contato com compradores em potencial, bem como com o vendedor, para concluir a venda.<\/p>\n\n\n\n<p><strong>M\u00e1 conduta<\/strong><\/p>\n\n\n\n<p>N\u00f3s mantemos um registro interno de usu\u00e1rios que apresentam mal comportamento, tais como a recusa no pagamento de taxas justificadas aos compradores ou vendedores, tentativa de trapa\u00e7a e outras atitudes de mesma natureza.<\/p>\n\n\n\n<p>Temos um interesse leg\u00edtimo em manter os nossos servi\u00e7os profissionais, o que significa que tentamos garantir que nossos compradores e vendedores estejam agindo de acordo.<\/p>\n\n\n\n<p>Nos casos em que uma lei foi quebrada ou exista alguma reclama\u00e7\u00e3o legal, compartilharemos essas informa\u00e7\u00f5es, incluindo dados pessoais, com partes relevantes, como:<\/p>\n\n\n\n<ul class=\"wp-block-list\">\n<li>Autoridades<\/li>\n\n\n\n<li>Advogados<\/li>\n<\/ul>\n\n\n\n<p>Essas informa\u00e7\u00f5es tamb\u00e9m podem ser relevantes para auditoria financeira, pois podem ser usadas como documenta\u00e7\u00e3o para perda de lucro. Nesse caso, elas ser\u00e3o compartilhadas com:<\/p>\n\n\n\n<ul class=\"wp-block-list\">\n<li>Auditores financeiros<\/li>\n<\/ul>\n\n\n\n<p><strong>Por quanto tempo n\u00f3s mantemos os seus dados<\/strong><\/p>\n\n\n\n<p>O per\u00edodo de armazenamento dos seus dados pessoais depende do tipo de informa\u00e7\u00e3o, e da finalidade para a qual foram coletados. Ap\u00f3s um per\u00edodo razo\u00e1vel ou a conclus\u00e3o da finalidade para a qual foram coletados, excluiremos ou anonimizaremos os dados pessoais.<\/p>\n\n\n\n<p>Retemos dados pessoais quando temos uma finalidade comercial leg\u00edtima cont\u00ednua para faz\u00ea-lo, por exemplo, para resolver disputas ou cumprir obriga\u00e7\u00f5es legais cont\u00ednuas.<\/p>\n\n\n\n<p>Matemos seus dados pessoais pelo tempo que for necess\u00e1rio para fornecer nossos servi\u00e7os a voc\u00ea e cumprir nossas obriga\u00e7\u00f5es legais e por um per\u00edodo de tempo razo\u00e1vel ap\u00f3s a conclus\u00e3o desses servi\u00e7os.<\/p>\n\n\n\n<p><strong>Seus direitos relacionados aos dados pessoais<\/strong><\/p>\n\n\n\n<p>Voc\u00ea tem o direito de acessar seus dados pessoais que temos sobre voc\u00ea e de corrigir dados imprecisos. Voc\u00ea tamb\u00e9m tem o direito de solicitar que seus dados pessoais sejam exclu\u00eddos permanentemente, e podemos fazer isso, a menos que a Autorola seja obrigada por lei a manter os dados. Al\u00e9m disso, voc\u00ea tem o direito de restringir o processamento de seus dados pessoais e o direito de se opor a tipos espec\u00edficos de processamento de seus dados pessoais. Se voc\u00ea nos deu consentimento para coletar ou processar seus dados pessoais, voc\u00ea pode retirar esse consentimento a qualquer momento.<\/p>\n\n\n\n<p>Se voc\u00ea deseja exercer qualquer um dos direitos mencionados acima, envie uma solicita\u00e7\u00e3o para <a href=\"mailto:lgpd@autorola.com.br\">lgpd@autorola.com.br<\/a>.<\/p>\n\n\n\n<p><strong>Seguran\u00e7a<\/strong><\/p>\n\n\n\n<p>Tomamos todas as medidas razo\u00e1veis \u200b\u200bpara proteger as informa\u00e7\u00f5es que recebemos de voc\u00ea contra destrui\u00e7\u00e3o acidental ou ilegal, perda, altera\u00e7\u00e3o e divulga\u00e7\u00e3o ou acesso n\u00e3o autorizado. Implementamos medidas f\u00edsicas, t\u00e9cnicas e administrativas adequadas para armazenar e proteger as suas informa\u00e7\u00f5es, mas nenhuma medida de seguran\u00e7a \u00e9 perfeita; o risco de uma viola\u00e7\u00e3o de dados \u00e9 poss\u00edvel.<\/p>\n\n\n\n<p>Abaixo est\u00e1 uma lista de algumas das medidas de seguran\u00e7a que est\u00e3o em vigor:<\/p>\n\n\n\n<ul class=\"wp-block-list\">\n<li>Os dados pessoais s\u00e3o criptografados durante a transmiss\u00e3o.<\/li>\n\n\n\n<li>Os dados pessoais s\u00e3o criptografados em repouso em nossos data centers.<\/li>\n\n\n\n<li>Os funcion\u00e1rios t\u00eam acesso aos dados pessoais dos usu\u00e1rios apenas na condi\u00e7\u00e3o de \u201cnecess\u00e1rio saber\u201d.<\/li>\n\n\n\n<li>Todos os funcion\u00e1rios s\u00e3o obrigados a receber treinamento sobre LGPD e seguran\u00e7a da informa\u00e7\u00e3o.<\/li>\n\n\n\n<li>Todos os funcion\u00e1rios com acesso a dados pessoais s\u00e3o obrigados a assinar um acordo de confidencialidade vinculativo.<\/li>\n<\/ul>\n\n\n\n<p>Antes de compartilhar dados pessoais com nossos fornecedores, garantimos que eles implementaram procedimentos de seguran\u00e7a para proteger seus dados. Nossos fornecedores e parceiros n\u00e3o est\u00e3o autorizados a usar ou compartilhar suas informa\u00e7\u00f5es para qualquer finalidade que n\u00e3o seja prestar os servi\u00e7os para os quais foram contratados.<\/p>\n\n\n\n<p><strong>Entre em contato<\/strong><\/p>\n\n\n\n<p>Se voc\u00ea tiver alguma d\u00favida sobre este aviso de privacidade, ou se quiser exercer os seus direitos de privacidade conforme descrito acima, entre em contato conosco atrav\u00e9s dos canais abaixo.<\/p>\n\n\n\n<p>A empresa que coleta e processa seus dados \u00e9:<\/p>\n\n\n\n<p>Autorola Brasil<\/p>\n\n\n\n<p>Rua Dom Jos\u00e9 Alarcon, n\u00ba 55, CJ 71, 72, 73, 74<\/p>\n\n\n\n<p>Espa\u00e7o Corporativo Silva Bueno \u2013 Bairro Ipiranga<br>CEP 04208-040<\/p>\n\n\n\n<p>S\u00e3o Paulo\/SP \u2013 Brasil<\/p>\n\n\n\n<p>Tel.: +55 11 2985-9141<\/p>\n\n\n\n<p>E-mail: <a href=\"mailto:lgpd@autorola.com.br\">lgpd@autorola.com.br<\/a><\/p>\n\n\n\n<p>A autoridade supervisora de prote\u00e7\u00e3o de dados pessoais no Brasil:<\/p>\n\n\n\n<p>Autoridade Nacional de Prote\u00e7\u00e3o de Dados (ANPD)<\/p>\n\n\n\n<p>Setor Comercial Norte &#8211; SCN, Quadra 6, Conjunto &#8220;A&#8221;<\/p>\n\n\n\n<p>Edif\u00edcio Ven\u00e2ncio 3000, Bloco &#8220;A&#8221;, 9\u00ba andar<\/p>\n\n\n\n<p>CEP 70.716-900<\/p>\n\n\n\n<p>Bras\u00edlia\/DF \u2013 Brasil<\/p>\n\n\n\n<p>Tel.: +55 61 2025-8101<\/p>\n\n\n\n<p>E-mail: <a href=\"mailto:encarregado@anpd.gov.br\">encarregado@anpd.gov.br<\/a><\/p>\n<\/div><div class=\"mt-post-content__actions\"><div class=\"mt-post-content__actions--tags\"><\/div><div class=\"mt-post-content__actions--share-buttons\"><div class=\"mt-share-buttons\"><div class=\"mt-share-buttons__button mt-share-buttons__button--print\"><svg xmlns=\"http:\/\/www.w3.org\/2000\/svg\" width=\"20\" height=\"21\" viewBox=\"0 0 20 21\" fill=\"none\"><path d=\"M5 8.00033V2.16699H15V8.00033\" stroke=\"#555555\" stroke-width=\"1.5\" stroke-linecap=\"round\" stroke-linejoin=\"round\"><\/path><path d=\"M4.99935 15.5H3.33268C2.89065 15.5 2.46673 15.3244 2.15417 15.0118C1.84161 14.6993 1.66602 14.2754 1.66602 13.8333V9.66667C1.66602 9.22464 1.84161 8.80072 2.15417 8.48816C2.46673 8.1756 2.89065 8 3.33268 8H16.666C17.108 8 17.532 8.1756 17.8445 8.48816C18.1571 8.80072 18.3327 9.22464 18.3327 9.66667V13.8333C18.3327 14.2754 18.1571 14.6993 17.8445 15.0118C17.532 15.3244 17.108 15.5 16.666 15.5H14.9993\" stroke=\"#555555\" stroke-width=\"1.5\" stroke-linecap=\"round\" stroke-linejoin=\"round\"><\/path><path d=\"M15 12.167H5V18.8337H15V12.167Z\" stroke=\"#555555\" stroke-width=\"1.5\" stroke-linecap=\"round\" stroke-linejoin=\"round\"><\/path><\/svg><\/div><div class=\"mt-share-buttons__button mt-share-buttons__button--bookmark\"><svg xmlns=\"http:\/\/www.w3.org\/2000\/svg\" width=\"20\" height=\"21\" viewBox=\"0 0 20 21\" fill=\"none\"><path d=\"M15.8327 18L9.99935 13.8333L4.16602 18V4.66667C4.16602 4.22464 4.34161 3.80072 4.65417 3.48816C4.96673 3.17559 5.39065 3 5.83268 3H14.166C14.608 3 15.032 3.17559 15.3445 3.48816C15.6571 3.80072 15.8327 4.22464 15.8327 4.66667V18Z\" stroke=\"#555555\" stroke-width=\"1.5\" stroke-linecap=\"round\" stroke-linejoin=\"round\"><\/path><\/svg><\/div><div class=\"mt-share-buttons__button mt-share-buttons__button--share\"><svg xmlns=\"http:\/\/www.w3.org\/2000\/svg\" width=\"20\" height=\"21\" viewBox=\"0 0 20 21\" fill=\"none\"><path d=\"M3.33398 10.5V17.1667C3.33398 17.6087 3.50958 18.0326 3.82214 18.3452C4.1347 18.6577 4.55862 18.8333 5.00065 18.8333H15.0007C15.4427 18.8333 15.8666 18.6577 16.1792 18.3452C16.4917 18.0326 16.6673 17.6087 16.6673 17.1667V10.5\" stroke=\"#555555\" stroke-width=\"1.5\" stroke-linecap=\"round\" stroke-linejoin=\"round\"><\/path><path d=\"M13.3327 5.50033L9.99935 2.16699L6.66602 5.50033\" stroke=\"#555555\" stroke-width=\"1.5\" stroke-linecap=\"round\" stroke-linejoin=\"round\"><\/path><path d=\"M10 2.16699V13.0003\" stroke=\"#555555\" stroke-width=\"1.5\" stroke-linecap=\"round\" stroke-linejoin=\"round\"><\/path><\/svg><\/div><\/div><\/div><\/div><\/div><\/section>\n","protected":false},"excerpt":{"rendered":"","protected":false},"author":4,"featured_media":0,"parent":0,"menu_order":0,"comment_status":"closed","ping_status":"closed","template":"","meta":{"_acf_changed":false,"footnotes":""},"class_list":["post-1785","page","type-page","status-publish","hentry"],"acf":[],"yoast_head":"<!-- This site is optimized with the Yoast SEO plugin v27.3 - https:\/\/yoast.com\/product\/yoast-seo-wordpress\/ -->\n<title>Aviso de privacidade - Indicata<\/title>\n<meta name=\"robots\" content=\"noindex, follow, max-snippet:-1, max-image-preview:large, max-video-preview:-1\" \/>\n<meta property=\"og:locale\" content=\"pt_BR\" \/>\n<meta property=\"og:type\" content=\"article\" \/>\n<meta property=\"og:title\" content=\"Aviso de privacidade - Indicata\" \/>\n<meta property=\"og:url\" content=\"https:\/\/indicata.bluebird.pw.br\/aviso-de-privacidade\/\" \/>\n<meta property=\"og:site_name\" content=\"Indicata\" \/>\n<meta property=\"article:modified_time\" content=\"2024-09-04T07:50:01+00:00\" \/>\n<meta name=\"twitter:card\" content=\"summary_large_image\" \/>\n<meta name=\"twitter:label1\" content=\"Est. tempo de leitura\" \/>\n\t<meta name=\"twitter:data1\" content=\"8 minutos\" \/>\n<script type=\"application\/ld+json\" class=\"yoast-schema-graph\">{\"@context\":\"https:\\\/\\\/schema.org\",\"@graph\":[{\"@type\":\"WebPage\",\"@id\":\"https:\\\/\\\/indicata.bluebird.pw.br\\\/aviso-de-privacidade\\\/\",\"url\":\"https:\\\/\\\/indicata.bluebird.pw.br\\\/aviso-de-privacidade\\\/\",\"name\":\"Aviso de privacidade - Indicata\",\"isPartOf\":{\"@id\":\"https:\\\/\\\/indicata.bluebird.pw\\\/#website\"},\"datePublished\":\"2024-05-21T19:11:11+00:00\",\"dateModified\":\"2024-09-04T07:50:01+00:00\",\"breadcrumb\":{\"@id\":\"https:\\\/\\\/indicata.bluebird.pw.br\\\/aviso-de-privacidade\\\/#breadcrumb\"},\"inLanguage\":\"pt-BR\",\"potentialAction\":[{\"@type\":\"ReadAction\",\"target\":[\"https:\\\/\\\/indicata.bluebird.pw.br\\\/aviso-de-privacidade\\\/\"]}]},{\"@type\":\"BreadcrumbList\",\"@id\":\"https:\\\/\\\/indicata.bluebird.pw.br\\\/aviso-de-privacidade\\\/#breadcrumb\",\"itemListElement\":[{\"@type\":\"ListItem\",\"position\":1,\"name\":\"Home\",\"item\":\"https:\\\/\\\/indicata.bluebird.pw.br\\\/\"},{\"@type\":\"ListItem\",\"position\":2,\"name\":\"Aviso de privacidade\"}]},{\"@type\":\"WebSite\",\"@id\":\"https:\\\/\\\/indicata.bluebird.pw\\\/#website\",\"url\":\"https:\\\/\\\/indicata.bluebird.pw\\\/\",\"name\":\"Indicata\",\"description\":\"Part of Autorola Group\",\"potentialAction\":[{\"@type\":\"SearchAction\",\"target\":{\"@type\":\"EntryPoint\",\"urlTemplate\":\"https:\\\/\\\/indicata.bluebird.pw\\\/?s={search_term_string}\"},\"query-input\":{\"@type\":\"PropertyValueSpecification\",\"valueRequired\":true,\"valueName\":\"search_term_string\"}}],\"inLanguage\":\"pt-BR\"}]}<\/script>\n<!-- \/ Yoast SEO plugin. -->","yoast_head_json":{"title":"Aviso de privacidade - Indicata","robots":{"index":"noindex","follow":"follow","max-snippet":"max-snippet:-1","max-image-preview":"max-image-preview:large","max-video-preview":"max-video-preview:-1"},"og_locale":"pt_BR","og_type":"article","og_title":"Aviso de privacidade - Indicata","og_url":"https:\/\/indicata.bluebird.pw.br\/aviso-de-privacidade\/","og_site_name":"Indicata","article_modified_time":"2024-09-04T07:50:01+00:00","twitter_card":"summary_large_image","twitter_misc":{"Est. tempo de leitura":"8 minutos"},"schema":{"@context":"https:\/\/schema.org","@graph":[{"@type":"WebPage","@id":"https:\/\/indicata.bluebird.pw.br\/aviso-de-privacidade\/","url":"https:\/\/indicata.bluebird.pw.br\/aviso-de-privacidade\/","name":"Aviso de privacidade - Indicata","isPartOf":{"@id":"https:\/\/indicata.bluebird.pw\/#website"},"datePublished":"2024-05-21T19:11:11+00:00","dateModified":"2024-09-04T07:50:01+00:00","breadcrumb":{"@id":"https:\/\/indicata.bluebird.pw.br\/aviso-de-privacidade\/#breadcrumb"},"inLanguage":"pt-BR","potentialAction":[{"@type":"ReadAction","target":["https:\/\/indicata.bluebird.pw.br\/aviso-de-privacidade\/"]}]},{"@type":"BreadcrumbList","@id":"https:\/\/indicata.bluebird.pw.br\/aviso-de-privacidade\/#breadcrumb","itemListElement":[{"@type":"ListItem","position":1,"name":"Home","item":"https:\/\/indicata.bluebird.pw.br\/"},{"@type":"ListItem","position":2,"name":"Aviso de privacidade"}]},{"@type":"WebSite","@id":"https:\/\/indicata.bluebird.pw\/#website","url":"https:\/\/indicata.bluebird.pw\/","name":"Indicata","description":"Part of Autorola Group","potentialAction":[{"@type":"SearchAction","target":{"@type":"EntryPoint","urlTemplate":"https:\/\/indicata.bluebird.pw\/?s={search_term_string}"},"query-input":{"@type":"PropertyValueSpecification","valueRequired":true,"valueName":"search_term_string"}}],"inLanguage":"pt-BR"}]}},"_links":{"self":[{"href":"https:\/\/indicata.bluebird.pw\/pt-br\/wp-json\/wp\/v2\/pages\/1785","targetHints":{"allow":["GET"]}}],"collection":[{"href":"https:\/\/indicata.bluebird.pw\/pt-br\/wp-json\/wp\/v2\/pages"}],"about":[{"href":"https:\/\/indicata.bluebird.pw\/pt-br\/wp-json\/wp\/v2\/types\/page"}],"author":[{"embeddable":true,"href":"https:\/\/indicata.bluebird.pw\/pt-br\/wp-json\/wp\/v2\/users\/4"}],"replies":[{"embeddable":true,"href":"https:\/\/indicata.bluebird.pw\/pt-br\/wp-json\/wp\/v2\/comments?post=1785"}],"version-history":[{"count":2,"href":"https:\/\/indicata.bluebird.pw\/pt-br\/wp-json\/wp\/v2\/pages\/1785\/revisions"}],"predecessor-version":[{"id":6667,"href":"https:\/\/indicata.bluebird.pw\/pt-br\/wp-json\/wp\/v2\/pages\/1785\/revisions\/6667"}],"wp:attachment":[{"href":"https:\/\/indicata.bluebird.pw\/pt-br\/wp-json\/wp\/v2\/media?parent=1785"}],"curies":[{"name":"wp","href":"https:\/\/api.w.org\/{rel}","templated":true}]}}