{"id":1076,"date":"2024-05-21T20:33:51","date_gmt":"2024-05-21T18:33:51","guid":{"rendered":"https:\/\/indicata.bluebird.pw\/empresa\/"},"modified":"2024-09-03T11:16:35","modified_gmt":"2024-09-03T09:16:35","slug":"empresa","status":"publish","type":"page","link":"https:\/\/indicata.bluebird.pw\/pt-pt\/empresa\/","title":{"rendered":"Empresa"},"content":{"rendered":"\n<section class=\"wp-block-indicata-sub-cover mt-sub-cover is-style-bg-default\"><div class=\"mt-sub-cover__container\"><div class=\"mt-sub-cover__inner page-container\"><div class=\"mt-sub-cover__text-container\"><span class=\"mt-sub-cover__tagline mt-tagline\">Sobre o INDICATA<\/span>\n<h1 class=\"wp-block-heading\">Empresa<\/h1>\n\n\n\n<p>Ajudamos as empresas a tomar melhores decis\u00f5es, a ganhar uma vantagem competitiva e a melhorar a efici\u00eancia operacional<\/p>\n\n\n\n<div class=\"wp-block-buttons is-layout-flex wp-block-buttons-is-layout-flex\">\n<div class=\"wp-block-button open-slide-in-contact\" data-contact-slide-in-view=\"3\"><a class=\"wp-block-button__link wp-element-button\">Solicite uma demonstra\u00e7\u00e3o<\/a><\/div>\n\n\n\n<div class=\"wp-block-button is-style-primary-transparent open-slide-in-contact\" data-contact-slide-in-view=\"2\"><a class=\"wp-block-button__link wp-element-button\">Contacte-nos<\/a><\/div>\n<\/div>\n<\/div><\/div><div class=\"mt-sub-cover__image-container object-fit\"><img decoding=\"async\" src=\"https:\/\/indicata.bluebird.pw\/wp-content\/uploads\/2024\/06\/shutterstock_534346318-scaled.jpg\" alt=\"\" style=\"object-position:66% 56.00000000000001%\"\/><\/div><\/div><\/section>\n\n\n\n<section class=\"wp-block-morningmodules-logo-line mt-logo-line mt-logo-line--should-slide mt-logo-line--border-bottom mtSpacing-top-small mtSpacing-bottom-extraSmall\"><div class=\"mt-logo-line__inner\"><div class=\"mt-logo-line__text-container\"><p class=\"mt-logo-line__text\">Marcas autom\u00f3veis de renome mundial confiam em n\u00f3s<\/p><\/div><div class=\"mt-logo-line__logos-container swiper\"><div class=\"swiper-wrapper\">\n<div class=\"wp-block-morningmodules-logo-line-logo mt-logo swiper-slide\" style=\"opacity:1\"><img decoding=\"async\" src=\"https:\/\/indicata.bluebird.pw\/wp-content\/uploads\/2024\/04\/Tesla.svg\" alt=\"\" class=\"mt-logo__logo\" style=\"max-height:40px;margin-top:0px\"\/><\/div>\n\n\n\n<div class=\"wp-block-morningmodules-logo-line-logo mt-logo swiper-slide\" style=\"opacity:1\"><img decoding=\"async\" src=\"https:\/\/indicata.bluebird.pw\/wp-content\/uploads\/2024\/04\/BMW.svg\" alt=\"\" class=\"mt-logo__logo\" style=\"max-height:40px;margin-top:0px\"\/><\/div>\n\n\n\n<div class=\"wp-block-morningmodules-logo-line-logo mt-logo swiper-slide\" style=\"opacity:1\"><img decoding=\"async\" src=\"https:\/\/indicata.bluebird.pw\/wp-content\/uploads\/2024\/04\/Mercedes.svg\" alt=\"\" class=\"mt-logo__logo\" style=\"max-height:40px;margin-top:0px\"\/><\/div>\n\n\n\n<div class=\"wp-block-morningmodules-logo-line-logo mt-logo swiper-slide\" style=\"opacity:1\"><img decoding=\"async\" src=\"https:\/\/indicata.bluebird.pw\/wp-content\/uploads\/2024\/04\/Volkswagen.svg\" alt=\"\" class=\"mt-logo__logo\" style=\"max-height:40px;margin-top:0px\"\/><\/div>\n\n\n\n<div class=\"wp-block-morningmodules-logo-line-logo mt-logo swiper-slide\" style=\"opacity:1\"><img decoding=\"async\" src=\"https:\/\/indicata.bluebird.pw\/wp-content\/uploads\/2024\/04\/logo-teknicar_svg__Layer_1.svg\" alt=\"\" class=\"mt-logo__logo\" style=\"max-height:40px;margin-top:0px\"\/><\/div>\n<\/div><\/div><\/div><\/section>\n\n\n\n<section class=\"wp-block-morningmodules-text-media mt-text-media mt-text-media--align-media-left mt-text-media--align-media-mobile-bottom is-style-bg-default\"><div class=\"mt-text-media__inner\"><div class=\"mt-text-media__media-container\"><img decoding=\"async\" src=\"https:\/\/indicata.bluebird.pw\/wp-content\/uploads\/2024\/05\/AdobeStock_642486126.jpeg\" alt=\"\" style=\"object-position:32% 37%\"\/><\/div><div class=\"mt-text-media__text-container\"><span class=\"mt-text-media__tagline mt-tagline\"><\/span><h2 class=\"mt-text-media__title\">L\u00edder mundial em Business Intelligence para opera\u00e7\u00f5es de ve\u00edculos usados<\/h2>\n<p>O INDICATA \u00e9 o l\u00edder mundial em solu\u00e7\u00f5es de business intelligence e de an\u00e1lise de dados para opera\u00e7\u00f5es de ve\u00edculos usados na ind\u00fastria autom\u00f3vel. Concebida para uma gest\u00e3o de ve\u00edculos usados de alto desempenho, O INDICATA permite que os fabricantes de autom\u00f3veis, retalhistas e operadores de frotas transformem as informa\u00e7\u00f5es baseadas em dados numa vantagem competitiva e fornece-lhes orienta\u00e7\u00f5es estrat\u00e9gicas para melhorar a efici\u00eancia operacional nas suas opera\u00e7\u00f5es de ve\u00edculos usados.<br><br>O INDICATA \u00e9 uma resposta \u00e0 crescente procura do mercado por informa\u00e7\u00f5es em tempo real. O sistema representa n\u00e3o s\u00f3 a solu\u00e7\u00e3o mais atraente e inovadora da ind\u00fastria, mas tamb\u00e9m a solu\u00e7\u00e3o mais eficiente para as opera\u00e7\u00f5es de ve\u00edculos usados e os objectivos de gest\u00e3o do valor residual dos fabricantes de autom\u00f3veis, retalhistas, servi\u00e7os financeiros, gestoras de frotas e propriet\u00e1rios de frotas.<\/p>\n\n\n\n<p>Os sucessos que experiment\u00e1mos com a nossa tecnologia ajudaram-nos a ganhar tra\u00e7\u00e3o internacional e uma clientela crescente dos principais fabricantes e retalhistas de autom\u00f3veis do mundo, cujas opera\u00e7\u00f5es de ve\u00edculos usados registaram melhorias impressionantes desde que escolheram o INDICATA.<\/p>\n\n\n\n<p>O INDICATA \u00e9 o resultado da colabora\u00e7\u00e3o entre executivos da ind\u00fastria autom\u00f3vel e programadores de software. Juntos, desenvolvemos a nossa abordagem \u00fanica de recolha, processamento e an\u00e1lise de dados do mercado de ve\u00edculos usados em tempo real para fornecer informa\u00e7\u00f5es sobre a din\u00e2mica do mercado, diferente de tudo o que existe no sector.<\/p>\n\n\n\n<p>Com o INDICATA, a amplitude e o poder dos dados e das informa\u00e7\u00f5es accion\u00e1veis est\u00e3o diretamente na ponta dos seus dedos.<\/p>\n<\/div><\/div><\/section>\n\n\n\n<section class=\"wp-block-morningmodules-text-media mt-text-media mt-text-media--align-media-right mt-text-media--align-media-mobile-bottom is-style-bg-secondary\"><div class=\"mt-text-media__inner\"><div class=\"mt-text-media__media-container\"><img decoding=\"async\" src=\"https:\/\/indicata.bluebird.pw\/wp-content\/uploads\/2024\/05\/Autorola_3circles_2020_RGB_wide.png\" alt=\"\" style=\"object-position:50% 51%\"\/><\/div><div class=\"mt-text-media__text-container\"><span class=\"mt-text-media__tagline mt-tagline\"><\/span><h2 class=\"mt-text-media__title\">Fazemos parte do Grupo AUTOROLA<\/h2>\n<p>O INDICATA faz parte do Grupo AUTOROLA, l\u00edder mundial em solu\u00e7\u00f5es de remarketing online e de solu\u00e7\u00f5es TI para o sector autom\u00f3vel para a gest\u00e3o profissional de ve\u00edculos usados e frotas, com sede na Dinamarca. A empresa tem atualmente cerca de 750 empregados e filiais em 21 pa\u00edses da Europa, Am\u00e9rica do Norte, Am\u00e9rica Latina e \u00c1sia-Pac\u00edfico.<\/p>\n\n\n\n<p>O Grupo AUTOROLA empenha-se num processo cont\u00ednuo de renova\u00e7\u00e3o no contexto da transforma\u00e7\u00e3o digital. A empresa adapta-se constantemente \u00e0s necessidades dos nossos clientes, sempre numa perspetiva online, para alcan\u00e7ar o sucesso na comercializa\u00e7\u00e3o adequada de ve\u00edculos usados provenientes de processos de remarketing de frotas.<\/p>\n<\/div><\/div><\/section>\n\n\n\n<section class=\"wp-block-indicata-link-boxes-with-icon mt-link-boxes-with-icon mtSpacing-top-medium mtSpacing-bottom-medium\"><div class=\"mt-link-boxes-with-icon__inner page-container\"><div class=\"mt-link-boxes-with-icon__text-container\"><h2 class=\"mt-link-boxes-with-icon__title\">A AUTOROLA est\u00e1 dividida em tr\u00eas unidades de neg\u00f3cio globais<\/h2><\/div><div class=\"mt-link-boxes-with-icon__boxes-wrapper\">\n<div class=\"wp-block-indicata-link-box-with-icon mt-link-box-with-icon swiper-slide\"><a href=\"https:\/\/www.autorolagroup.com\/products-and-services\/vehicle-auctions\/\" target=\"_blank\" rel=\"noopener\" class=\"mt-link-box-with-icon__link\"><\/a><div class=\"mt-link-box-with-icon__title-container\"><div class=\"mt-link-box-with-icon__icon-container\"><img decoding=\"async\" src=\"https:\/\/indicata.bluebird.pw\/wp-content\/uploads\/2024\/06\/autorola_R-2.png\" alt=\"autorola_R-2\" width=\"24\" height=\"24\" class=\"mt-link-box-with-icon__icon\"><\/div><p class=\"mt-link-box-with-icon__title\">MARKETPLACE<\/p><\/div><p class=\"mt-link-box-with-icon__text\">Grande diversidade de leil\u00f5es online para vendedores de ve\u00edculos usados europeus e mundiais, impulsionados pela nossa plataforma utilizada por mais de 70 mil compradores activos.<\/p><\/div>\n\n\n\n<div class=\"wp-block-indicata-link-box-with-icon mt-link-box-with-icon swiper-slide\"><a href=\"https:\/\/www.autorolagroup.com\/products-and-services\/infleet-defleet-services\/\" target=\"_blank\" rel=\"noopener\" class=\"mt-link-box-with-icon__link\"><\/a><div class=\"mt-link-box-with-icon__title-container\"><div class=\"mt-link-box-with-icon__icon-container\"><img decoding=\"async\" src=\"https:\/\/indicata.bluebird.pw\/wp-content\/uploads\/2024\/06\/SolutionsLogo_Pos_RGB-2.png\" alt=\"Solu\u00e7\u00f5esLogo_Pos_RGB-2\" width=\"24\" height=\"24\" class=\"mt-link-box-with-icon__icon\"><\/div><p class=\"mt-link-box-with-icon__title\">SOLUTIONS<\/p><\/div><p class=\"mt-link-box-with-icon__text\">Solu\u00e7\u00f5es personalizadas para profissionais de usados e propriet\u00e1rios de frotas, cobrindo necessidades espec\u00edficas de fabricantes, bancos e rent-a-car em todo o mundo.<\/p><\/div>\n\n\n\n<div class=\"wp-block-indicata-link-box-with-icon mt-link-box-with-icon swiper-slide\"><a href=\"https:\/\/pt.indicata.com\/privacy-statement\/\" class=\"mt-link-box-with-icon__link\"><\/a><div class=\"mt-link-box-with-icon__title-container\"><div class=\"mt-link-box-with-icon__icon-container\"><img decoding=\"async\" src=\"https:\/\/indicata.bluebird.pw\/wp-content\/uploads\/2024\/04\/cropped-image-5.png\" alt=\"recorta-imagem-5.png\" width=\"24\" height=\"24\" class=\"mt-link-box-with-icon__icon\"><\/div><p class=\"mt-link-box-with-icon__title\">INDICATA<\/p><\/div><p class=\"mt-link-box-with-icon__text\">Software de \u00faltima gera\u00e7\u00e3o que aplica Intelig\u00eancia de Mercado para a gest\u00e3o do seu stock de ve\u00edculos usados.<\/p><\/div>\n<\/div><\/div><\/section>\n","protected":false},"excerpt":{"rendered":"","protected":false},"author":4,"featured_media":0,"parent":0,"menu_order":0,"comment_status":"closed","ping_status":"closed","template":"","meta":{"_acf_changed":false,"footnotes":""},"class_list":["post-1076","page","type-page","status-publish","hentry"],"acf":[],"yoast_head":"<!-- This site is optimized with the Yoast SEO plugin v27.3 - https:\/\/yoast.com\/product\/yoast-seo-wordpress\/ -->\n<title>Empresa - Indicata<\/title>\n<meta name=\"robots\" content=\"noindex, follow, max-snippet:-1, max-image-preview:large, max-video-preview:-1\" \/>\n<meta property=\"og:locale\" content=\"pt_PT\" \/>\n<meta property=\"og:type\" content=\"article\" \/>\n<meta property=\"og:title\" content=\"Empresa - Indicata\" \/>\n<meta property=\"og:url\" content=\"https:\/\/pt.indicata.com\/empresa\/\" \/>\n<meta property=\"og:site_name\" content=\"Indicata\" \/>\n<meta property=\"article:modified_time\" content=\"2024-09-03T09:16:35+00:00\" \/>\n<meta property=\"og:image\" content=\"https:\/\/indicata.bluebird.pw\/wp-content\/uploads\/2024\/06\/shutterstock_534346318-scaled.jpg\" \/>\n<meta name=\"twitter:card\" content=\"summary_large_image\" \/>\n<meta name=\"twitter:label1\" content=\"Tempo estimado de leitura\" \/>\n\t<meta name=\"twitter:data1\" content=\"5 minutos\" \/>\n<script type=\"application\/ld+json\" class=\"yoast-schema-graph\">{\"@context\":\"https:\\\/\\\/schema.org\",\"@graph\":[{\"@type\":\"WebPage\",\"@id\":\"https:\\\/\\\/pt.indicata.com\\\/empresa\\\/\",\"url\":\"https:\\\/\\\/pt.indicata.com\\\/empresa\\\/\",\"name\":\"Empresa - Indicata\",\"isPartOf\":{\"@id\":\"https:\\\/\\\/indicata.bluebird.pw\\\/#website\"},\"primaryImageOfPage\":{\"@id\":\"https:\\\/\\\/pt.indicata.com\\\/empresa\\\/#primaryimage\"},\"image\":{\"@id\":\"https:\\\/\\\/pt.indicata.com\\\/empresa\\\/#primaryimage\"},\"thumbnailUrl\":\"https:\\\/\\\/indicata.bluebird.pw\\\/wp-content\\\/uploads\\\/2024\\\/06\\\/shutterstock_534346318-scaled.jpg\",\"datePublished\":\"2024-05-21T18:33:51+00:00\",\"dateModified\":\"2024-09-03T09:16:35+00:00\",\"breadcrumb\":{\"@id\":\"https:\\\/\\\/pt.indicata.com\\\/empresa\\\/#breadcrumb\"},\"inLanguage\":\"pt-PT\",\"potentialAction\":[{\"@type\":\"ReadAction\",\"target\":[\"https:\\\/\\\/pt.indicata.com\\\/empresa\\\/\"]}]},{\"@type\":\"ImageObject\",\"inLanguage\":\"pt-PT\",\"@id\":\"https:\\\/\\\/pt.indicata.com\\\/empresa\\\/#primaryimage\",\"url\":\"https:\\\/\\\/indicata.bluebird.pw\\\/wp-content\\\/uploads\\\/2024\\\/06\\\/shutterstock_534346318-scaled.jpg\",\"contentUrl\":\"https:\\\/\\\/indicata.bluebird.pw\\\/wp-content\\\/uploads\\\/2024\\\/06\\\/shutterstock_534346318-scaled.jpg\"},{\"@type\":\"BreadcrumbList\",\"@id\":\"https:\\\/\\\/pt.indicata.com\\\/empresa\\\/#breadcrumb\",\"itemListElement\":[{\"@type\":\"ListItem\",\"position\":1,\"name\":\"Home\",\"item\":\"https:\\\/\\\/pt.indicata.com\\\/\"},{\"@type\":\"ListItem\",\"position\":2,\"name\":\"Empresa\"}]},{\"@type\":\"WebSite\",\"@id\":\"https:\\\/\\\/indicata.bluebird.pw\\\/#website\",\"url\":\"https:\\\/\\\/indicata.bluebird.pw\\\/\",\"name\":\"Indicata\",\"description\":\"Part of Autorola Group\",\"potentialAction\":[{\"@type\":\"SearchAction\",\"target\":{\"@type\":\"EntryPoint\",\"urlTemplate\":\"https:\\\/\\\/indicata.bluebird.pw\\\/?s={search_term_string}\"},\"query-input\":{\"@type\":\"PropertyValueSpecification\",\"valueRequired\":true,\"valueName\":\"search_term_string\"}}],\"inLanguage\":\"pt-PT\"}]}<\/script>\n<!-- \/ Yoast SEO plugin. -->","yoast_head_json":{"title":"Empresa - Indicata","robots":{"index":"noindex","follow":"follow","max-snippet":"max-snippet:-1","max-image-preview":"max-image-preview:large","max-video-preview":"max-video-preview:-1"},"og_locale":"pt_PT","og_type":"article","og_title":"Empresa - Indicata","og_url":"https:\/\/pt.indicata.com\/empresa\/","og_site_name":"Indicata","article_modified_time":"2024-09-03T09:16:35+00:00","og_image":[{"url":"https:\/\/indicata.bluebird.pw\/wp-content\/uploads\/2024\/06\/shutterstock_534346318-scaled.jpg","type":"","width":"","height":""}],"twitter_card":"summary_large_image","twitter_misc":{"Tempo estimado de leitura":"5 minutos"},"schema":{"@context":"https:\/\/schema.org","@graph":[{"@type":"WebPage","@id":"https:\/\/pt.indicata.com\/empresa\/","url":"https:\/\/pt.indicata.com\/empresa\/","name":"Empresa - Indicata","isPartOf":{"@id":"https:\/\/indicata.bluebird.pw\/#website"},"primaryImageOfPage":{"@id":"https:\/\/pt.indicata.com\/empresa\/#primaryimage"},"image":{"@id":"https:\/\/pt.indicata.com\/empresa\/#primaryimage"},"thumbnailUrl":"https:\/\/indicata.bluebird.pw\/wp-content\/uploads\/2024\/06\/shutterstock_534346318-scaled.jpg","datePublished":"2024-05-21T18:33:51+00:00","dateModified":"2024-09-03T09:16:35+00:00","breadcrumb":{"@id":"https:\/\/pt.indicata.com\/empresa\/#breadcrumb"},"inLanguage":"pt-PT","potentialAction":[{"@type":"ReadAction","target":["https:\/\/pt.indicata.com\/empresa\/"]}]},{"@type":"ImageObject","inLanguage":"pt-PT","@id":"https:\/\/pt.indicata.com\/empresa\/#primaryimage","url":"https:\/\/indicata.bluebird.pw\/wp-content\/uploads\/2024\/06\/shutterstock_534346318-scaled.jpg","contentUrl":"https:\/\/indicata.bluebird.pw\/wp-content\/uploads\/2024\/06\/shutterstock_534346318-scaled.jpg"},{"@type":"BreadcrumbList","@id":"https:\/\/pt.indicata.com\/empresa\/#breadcrumb","itemListElement":[{"@type":"ListItem","position":1,"name":"Home","item":"https:\/\/pt.indicata.com\/"},{"@type":"ListItem","position":2,"name":"Empresa"}]},{"@type":"WebSite","@id":"https:\/\/indicata.bluebird.pw\/#website","url":"https:\/\/indicata.bluebird.pw\/","name":"Indicata","description":"Part of Autorola Group","potentialAction":[{"@type":"SearchAction","target":{"@type":"EntryPoint","urlTemplate":"https:\/\/indicata.bluebird.pw\/?s={search_term_string}"},"query-input":{"@type":"PropertyValueSpecification","valueRequired":true,"valueName":"search_term_string"}}],"inLanguage":"pt-PT"}]}},"_links":{"self":[{"href":"https:\/\/indicata.bluebird.pw\/pt-pt\/wp-json\/wp\/v2\/pages\/1076","targetHints":{"allow":["GET"]}}],"collection":[{"href":"https:\/\/indicata.bluebird.pw\/pt-pt\/wp-json\/wp\/v2\/pages"}],"about":[{"href":"https:\/\/indicata.bluebird.pw\/pt-pt\/wp-json\/wp\/v2\/types\/page"}],"author":[{"embeddable":true,"href":"https:\/\/indicata.bluebird.pw\/pt-pt\/wp-json\/wp\/v2\/users\/4"}],"replies":[{"embeddable":true,"href":"https:\/\/indicata.bluebird.pw\/pt-pt\/wp-json\/wp\/v2\/comments?post=1076"}],"version-history":[{"count":8,"href":"https:\/\/indicata.bluebird.pw\/pt-pt\/wp-json\/wp\/v2\/pages\/1076\/revisions"}],"predecessor-version":[{"id":6544,"href":"https:\/\/indicata.bluebird.pw\/pt-pt\/wp-json\/wp\/v2\/pages\/1076\/revisions\/6544"}],"wp:attachment":[{"href":"https:\/\/indicata.bluebird.pw\/pt-pt\/wp-json\/wp\/v2\/media?parent=1076"}],"curies":[{"name":"wp","href":"https:\/\/api.w.org\/{rel}","templated":true}]}}