{"id":1294,"date":"2024-04-19T07:58:44","date_gmt":"2024-04-19T05:58:44","guid":{"rendered":"https:\/\/indicata.bluebird.pw\/definidores-de-rv-e-gestores-de-risco\/"},"modified":"2024-09-09T15:05:55","modified_gmt":"2024-09-09T13:05:55","slug":"definidores-de-rv-e-gestores-de-risco","status":"publish","type":"page","link":"https:\/\/indicata.bluebird.pw\/pt-pt\/definidores-de-rv-e-gestores-de-risco\/","title":{"rendered":"Respons\u00e1veis pelo Valor Residual e pela Gest\u00e3o de Risco"},"content":{"rendered":"\n<section class=\"wp-block-indicata-sub-cover mt-sub-cover\"><div class=\"mt-sub-cover__container\"><div class=\"mt-sub-cover__inner page-container\"><div class=\"mt-sub-cover__text-container\"><span class=\"mt-sub-cover__tagline mt-tagline\">SECTOR<\/span>\n<h1 class=\"wp-block-heading\">Respons\u00e1veis pelo Valor Residual e pela Gest\u00e3o de Risco<\/h1>\n\n\n\n<p>Optimize o seu neg\u00f3cio, minimize o seu risco<\/p>\n\n\n\n<div class=\"wp-block-buttons is-layout-flex wp-block-buttons-is-layout-flex\">\n<div class=\"wp-block-button open-slide-in-contact\" data-contact-slide-in-view=\"3\"><a class=\"wp-block-button__link wp-element-button\">Solicite uma demonstra\u00e7\u00e3o<\/a><\/div>\n\n\n\n<div class=\"wp-block-button is-style-primary-transparent open-slide-in-contact\" data-contact-slide-in-view=\"2\"><a class=\"wp-block-button__link wp-element-button\">Avalia\u00e7\u00e3o de oportunidades<\/a><\/div>\n<\/div>\n<\/div><\/div><div class=\"mt-sub-cover__image-container object-fit\"><img decoding=\"async\" src=\"https:\/\/indicata.bluebird.pw\/wp-content\/uploads\/2024\/04\/Frame-3-4.jpg\" alt=\"\" style=\"object-position:50% 50%\"\/><\/div><\/div><\/section>\n\n\n\n<section class=\"wp-block-indicata-link-boxes-with-icon mt-link-boxes-with-icon mtSpacing-top-small mtSpacing-bottom-medium\"><div class=\"mt-link-boxes-with-icon__inner page-container\"><div class=\"mt-link-boxes-with-icon__text-container\"><h2 class=\"mt-link-boxes-with-icon__title\">Os nossos clientes procuram-nos<\/h2><p class=\"mt-link-boxes-with-icon__text\">Porque t\u00eam desafios em:<\/p><\/div><div class=\"mt-link-boxes-with-icon__boxes-wrapper\">\n<div class=\"wp-block-indicata-link-box-with-icon mt-link-box-with-icon swiper-slide\"><div class=\"mt-link-box-with-icon__title-container\"><div class=\"mt-link-box-with-icon__icon-container\"><img decoding=\"async\" src=\"https:\/\/indicata.bluebird.pw\/wp-content\/uploads\/2024\/04\/car-side-solid.svg\" alt=\"carro-lateral-s\u00f3lido\" width=\"24\" height=\"24\" class=\"mt-link-box-with-icon__icon\"><\/div><p class=\"mt-link-box-with-icon__title\">Encontrar dados consistentes<\/p><\/div><p class=\"mt-link-box-with-icon__text\">A avalia\u00e7\u00e3o dos indicadores e o m\u00e9todo de previs\u00e3o do VR s\u00e3o normalizados em todos os pa\u00edses<\/p><\/div>\n\n\n\n<div class=\"wp-block-indicata-link-box-with-icon mt-link-box-with-icon swiper-slide\"><div class=\"mt-link-box-with-icon__title-container\"><div class=\"mt-link-box-with-icon__icon-container\"><img decoding=\"async\" src=\"https:\/\/indicata.bluebird.pw\/wp-content\/uploads\/2024\/04\/tags-solid.svg\" alt=\"etiquetas-s\u00f3lido\" width=\"24\" height=\"24\" class=\"mt-link-box-with-icon__icon\"><\/div><p class=\"mt-link-box-with-icon__title\">Encontrar dados com valor acrescentado<\/p><\/div><p class=\"mt-link-box-with-icon__text\">A previs\u00e3o do INDICATA baseia-se em dados hist\u00f3ricos com sobreposi\u00e7\u00e3o macroecon\u00f3mica<\/p><\/div>\n\n\n\n<div class=\"wp-block-indicata-link-box-with-icon mt-link-box-with-icon swiper-slide\"><div class=\"mt-link-box-with-icon__title-container\"><div class=\"mt-link-box-with-icon__icon-container\"><img decoding=\"async\" src=\"https:\/\/indicata.bluebird.pw\/wp-content\/uploads\/2024\/04\/laptop-solid.svg\" alt=\"port\u00e1til-s\u00f3lido\" width=\"24\" height=\"24\" class=\"mt-link-box-with-icon__icon\"><\/div><p class=\"mt-link-box-with-icon__title\">Encontrar informa\u00e7\u00f5es de suporte<\/p><\/div><p class=\"mt-link-box-with-icon__text\">O Indicata Market Watch e os White Papers acrescentam valor \u00e0 sua pr\u00f3pria an\u00e1lise de VR<\/p><\/div>\n<\/div><\/div><\/section>\n\n\n\n<section class=\"wp-block-morningmodules-logo-line mt-logo-line mt-logo-line--should-slide mt-logo-line--border-bottom mtSpacing-top-extraSmall mtSpacing-bottom-extraSmall\"><div class=\"mt-logo-line__inner\"><div class=\"mt-logo-line__text-container\"><p class=\"mt-logo-line__text\">Marcas autom\u00f3veis de renome mundial confiam em n\u00f3s<\/p><\/div><div class=\"mt-logo-line__logos-container swiper\"><div class=\"swiper-wrapper\">\n<div class=\"wp-block-morningmodules-logo-line-logo mt-logo swiper-slide\" style=\"opacity:1\"><img decoding=\"async\" src=\"https:\/\/indicata.bluebird.pw\/wp-content\/uploads\/2024\/04\/Tesla.svg\" alt=\"\" class=\"mt-logo__logo\" style=\"max-height:40px;margin-top:0px\"\/><\/div>\n\n\n\n<div class=\"wp-block-morningmodules-logo-line-logo mt-logo swiper-slide\" style=\"opacity:1\"><img decoding=\"async\" src=\"https:\/\/indicata.bluebird.pw\/wp-content\/uploads\/2024\/04\/BMW.svg\" alt=\"\" class=\"mt-logo__logo\" style=\"max-height:40px;margin-top:0px\"\/><\/div>\n\n\n\n<div class=\"wp-block-morningmodules-logo-line-logo mt-logo swiper-slide\" style=\"opacity:1\"><img decoding=\"async\" src=\"https:\/\/indicata.bluebird.pw\/wp-content\/uploads\/2024\/04\/Mercedes.svg\" alt=\"\" class=\"mt-logo__logo\" style=\"max-height:40px;margin-top:0px\"\/><\/div>\n\n\n\n<div class=\"wp-block-morningmodules-logo-line-logo mt-logo swiper-slide\" style=\"opacity:1\"><img decoding=\"async\" src=\"https:\/\/indicata.bluebird.pw\/wp-content\/uploads\/2024\/04\/Volkswagen.svg\" alt=\"\" class=\"mt-logo__logo\" style=\"max-height:40px;margin-top:0px\"\/><\/div>\n\n\n\n<div class=\"wp-block-morningmodules-logo-line-logo mt-logo swiper-slide\" style=\"opacity:1\"><img decoding=\"async\" src=\"https:\/\/indicata.bluebird.pw\/wp-content\/uploads\/2024\/04\/logo-teknicar_svg__Layer_1.svg\" alt=\"\" class=\"mt-logo__logo\" style=\"max-height:40px;margin-top:0px\"\/><\/div>\n<\/div><\/div><\/div><\/section>\n\n\n\n<section class=\"wp-block-morningmodules-text-media mt-text-media mt-text-media--align-media-right mt-text-media--align-media-mobile-bottom mtSpacing-bottom-medium mtSpacing-top-small\"><div class=\"mt-text-media__inner\"><div class=\"mt-text-media__media-container\"><img decoding=\"async\" src=\"https:\/\/indicata.bluebird.pw\/wp-content\/uploads\/2024\/05\/batteryelectric0202.jpg\" alt=\"\" style=\"object-position:62% 45%\"\/><\/div><div class=\"mt-text-media__text-container\"><span class=\"mt-text-media__tagline mt-tagline\">Gest\u00e3o do risco<\/span><h2 class=\"mt-text-media__title\">Indicata Forecasting<\/h2>\n<p>Os frotistas e os bancos precisam de gerir o risco dos activos utilizando dados cred\u00edveis, transparentes e baseados em factos.<\/p>\n\n\n\n<p>O INDICATA Forecasting utiliza o nosso motor de avalia\u00e7\u00e3o l\u00edder de mercado, fornecendo um conjunto de dados consistente e de qualidade para avalia\u00e7\u00f5es actuais e futuras curvas de VR.<\/p>\n\n\n\n<p>A equipa do INDICATA Forecasting sobrep\u00f5e ent\u00e3o a macroeconomia baseada em factos e tend\u00eancias, fornecendo uma previs\u00e3o transparente de VR espec\u00edfica do mercado.<\/p>\n\n\n\n<div class=\"wp-block-buttons is-layout-flex wp-block-buttons-is-layout-flex\">\n<div class=\"wp-block-button open-slide-in-contact\" data-contact-slide-in-view=\"3\"><a class=\"wp-block-button__link wp-element-button\">Solicite uma demonstra\u00e7\u00e3o<\/a><\/div>\n\n\n\n<div class=\"wp-block-button is-style-primary-transparent open-slide-in-contact\" data-contact-slide-in-view=\"2\"><a class=\"wp-block-button__link wp-element-button\">Contacte-nos<\/a><\/div>\n<\/div>\n<\/div><\/div><\/section>\n\n\n\n<section class=\"wp-block-morningmodules-text-media mt-text-media mt-text-media--align-media-left mt-text-media--align-media-mobile-bottom\"><div class=\"mt-text-media__inner\"><div class=\"mt-text-media__media-container\"><img decoding=\"async\" src=\"https:\/\/indicata.bluebird.pw\/wp-content\/uploads\/2024\/04\/Frame-24656-5.jpg\" alt=\"\" style=\"object-position:20% 55.00000000000001%\"\/><\/div><div class=\"mt-text-media__text-container\"><span class=\"mt-text-media__tagline mt-tagline\">Tend\u00eancias de mercado<\/span><h2 class=\"mt-text-media__title\">Tend\u00eancias e pressupostos do mercado<\/h2>\n<p>Compreender as tend\u00eancias actuais do mercado \u00e9 vital para uma previs\u00e3o eficaz do valor residual.<\/p>\n\n\n\n<p>O Market Watch, os White Papers e os webinars do INDICATA detalham as principais tend\u00eancias do mercado e os factores que afectam o valor dos ve\u00edculos.<\/p>\n\n\n\n<p>Com o INDICATA Forecasting, n\u00e3o s\u00f3 obt\u00e9m os n\u00fameros das previs\u00f5es de VR, mas tamb\u00e9m clareza quanto \u00e0s tend\u00eancias e suposi\u00e7\u00f5es por tr\u00e1s desses n\u00fameros.<\/p>\n\n\n\n<div class=\"wp-block-buttons is-layout-flex wp-block-buttons-is-layout-flex\">\n<div class=\"wp-block-button open-slide-in-contact\" data-contact-slide-in-view=\"3\"><a class=\"wp-block-button__link wp-element-button\">Solicite uma demonstra\u00e7\u00e3o<\/a><\/div>\n\n\n\n<div class=\"wp-block-button is-style-primary-transparent open-slide-in-contact\" data-contact-slide-in-view=\"2\"><a class=\"wp-block-button__link wp-element-button\">Contacte-nos<\/a><\/div>\n<\/div>\n<\/div><\/div><\/section>\n\n\n\n<section class=\"wp-block-morningmodules-text-media mt-text-media mt-text-media--align-media-right mt-text-media--align-media-mobile-bottom mtSpacing-bottom-small mtSpacing-top-medium\"><div class=\"mt-text-media__inner\"><div class=\"mt-text-media__media-container\"><img decoding=\"async\" src=\"https:\/\/indicata.bluebird.pw\/wp-content\/uploads\/2024\/04\/Frame-24644.jpg\" alt=\"\" style=\"object-position:50% 50%\"\/><\/div><div class=\"mt-text-media__text-container\"><span class=\"mt-text-media__tagline mt-tagline\">Interface de dados<\/span><h2 class=\"mt-text-media__title\">Acesso e fornecimento de dados<\/h2>\n<p>Os dados do INDICATA Forecasting s\u00f3 s\u00e3o \u00fateis se forem acess\u00edveis e facilmente utiliz\u00e1veis.<\/p>\n\n\n\n<p>O INDICATA pode fornecer dados atrav\u00e9s de API diretamente para os seus sistemas, interfaces CSV e Excel em massa e a nossa interface visual Forecast Module.<\/p>\n\n\n\n<p>O acesso aos dados \u00e9 r\u00e1pido e simples.<\/p>\n\n\n\n<div class=\"wp-block-buttons is-layout-flex wp-block-buttons-is-layout-flex\">\n<div class=\"wp-block-button open-slide-in-contact\" data-contact-slide-in-view=\"3\"><a class=\"wp-block-button__link wp-element-button\">Solicite uma demonstra\u00e7\u00e3o<\/a><\/div>\n\n\n\n<div class=\"wp-block-button is-style-primary-transparent open-slide-in-contact\" data-contact-slide-in-view=\"2\"><a class=\"wp-block-button__link wp-element-button\">Contacte-nos<\/a><\/div>\n<\/div>\n<\/div><\/div><\/section>\n\n\n\n<section class=\"wp-block-morningmodules-breaker mt-breaker\"><div class=\"mt-breaker__container\"><div class=\"mt-breaker__overlay\" style=\"opacity:0\"><\/div><div class=\"mt-breaker__image-container object-fit\"><img decoding=\"async\" src=\"https:\/\/indicata.bluebird.pw\/wp-content\/uploads\/2024\/04\/Frame-24740.jpg\" alt=\"\" style=\"object-position:50% 50%\"\/><\/div><div class=\"mt-breaker__inner page-container\"><div class=\"mt-breaker__text-container\"><span class=\"mt-breaker__tagline mt-tagline\">Come\u00e7e j\u00e1<\/span><h2 class=\"mt-breaker__title\">Inicie a otimiza\u00e7\u00e3o das suas opera\u00e7\u00f5es hoje<\/h2>\n<div class=\"wp-block-buttons is-layout-flex wp-block-buttons-is-layout-flex\">\n<div class=\"wp-block-button open-slide-in-contact\" data-contact-slide-in-view=\"3\"><a class=\"wp-block-button__link wp-element-button\">Solicite uma demonstra\u00e7\u00e3o<\/a><\/div>\n\n\n\n<div class=\"wp-block-button is-style-primary-transparent open-slide-in-contact\" data-contact-slide-in-view=\"2\"><a class=\"wp-block-button__link wp-element-button\">Contacte-nos<\/a><\/div>\n<\/div>\n<\/div><\/div><\/div><\/section>\n","protected":false},"excerpt":{"rendered":"","protected":false},"author":2,"featured_media":0,"parent":0,"menu_order":0,"comment_status":"closed","ping_status":"closed","template":"","meta":{"_acf_changed":false,"footnotes":""},"class_list":["post-1294","page","type-page","status-publish","hentry"],"acf":[],"yoast_head":"<!-- This site is optimized with the Yoast SEO plugin v27.3 - https:\/\/yoast.com\/product\/yoast-seo-wordpress\/ -->\n<title>Respons\u00e1veis pelo Valor Residual e pela Gest\u00e3o de Risco - Indicata<\/title>\n<meta name=\"robots\" content=\"noindex, follow, max-snippet:-1, max-image-preview:large, max-video-preview:-1\" \/>\n<meta property=\"og:locale\" content=\"pt_PT\" \/>\n<meta property=\"og:type\" content=\"article\" \/>\n<meta property=\"og:title\" content=\"Respons\u00e1veis pelo Valor Residual e pela Gest\u00e3o de Risco - Indicata\" \/>\n<meta property=\"og:url\" content=\"https:\/\/pt.indicata.com\/definidores-de-rv-e-gestores-de-risco\/\" \/>\n<meta property=\"og:site_name\" content=\"Indicata\" \/>\n<meta property=\"article:modified_time\" content=\"2024-09-09T13:05:55+00:00\" \/>\n<meta property=\"og:image\" content=\"https:\/\/indicata.bluebird.pw\/wp-content\/uploads\/2024\/04\/Frame-3-4.jpg\" \/>\n<meta name=\"twitter:card\" content=\"summary_large_image\" \/>\n<meta name=\"twitter:label1\" content=\"Tempo estimado de leitura\" \/>\n\t<meta name=\"twitter:data1\" content=\"5 minutos\" \/>\n<script type=\"application\/ld+json\" class=\"yoast-schema-graph\">{\"@context\":\"https:\\\/\\\/schema.org\",\"@graph\":[{\"@type\":\"WebPage\",\"@id\":\"https:\\\/\\\/pt.indicata.com\\\/definidores-de-rv-e-gestores-de-risco\\\/\",\"url\":\"https:\\\/\\\/pt.indicata.com\\\/definidores-de-rv-e-gestores-de-risco\\\/\",\"name\":\"Respons\u00e1veis pelo Valor Residual e pela Gest\u00e3o de Risco - Indicata\",\"isPartOf\":{\"@id\":\"https:\\\/\\\/indicata.bluebird.pw\\\/#website\"},\"primaryImageOfPage\":{\"@id\":\"https:\\\/\\\/pt.indicata.com\\\/definidores-de-rv-e-gestores-de-risco\\\/#primaryimage\"},\"image\":{\"@id\":\"https:\\\/\\\/pt.indicata.com\\\/definidores-de-rv-e-gestores-de-risco\\\/#primaryimage\"},\"thumbnailUrl\":\"https:\\\/\\\/indicata.bluebird.pw\\\/wp-content\\\/uploads\\\/2024\\\/04\\\/Frame-3-4.jpg\",\"datePublished\":\"2024-04-19T05:58:44+00:00\",\"dateModified\":\"2024-09-09T13:05:55+00:00\",\"breadcrumb\":{\"@id\":\"https:\\\/\\\/pt.indicata.com\\\/definidores-de-rv-e-gestores-de-risco\\\/#breadcrumb\"},\"inLanguage\":\"pt-PT\",\"potentialAction\":[{\"@type\":\"ReadAction\",\"target\":[\"https:\\\/\\\/pt.indicata.com\\\/definidores-de-rv-e-gestores-de-risco\\\/\"]}]},{\"@type\":\"ImageObject\",\"inLanguage\":\"pt-PT\",\"@id\":\"https:\\\/\\\/pt.indicata.com\\\/definidores-de-rv-e-gestores-de-risco\\\/#primaryimage\",\"url\":\"https:\\\/\\\/indicata.bluebird.pw\\\/wp-content\\\/uploads\\\/2024\\\/04\\\/Frame-3-4.jpg\",\"contentUrl\":\"https:\\\/\\\/indicata.bluebird.pw\\\/wp-content\\\/uploads\\\/2024\\\/04\\\/Frame-3-4.jpg\"},{\"@type\":\"BreadcrumbList\",\"@id\":\"https:\\\/\\\/pt.indicata.com\\\/definidores-de-rv-e-gestores-de-risco\\\/#breadcrumb\",\"itemListElement\":[{\"@type\":\"ListItem\",\"position\":1,\"name\":\"Home\",\"item\":\"https:\\\/\\\/pt.indicata.com\\\/\"},{\"@type\":\"ListItem\",\"position\":2,\"name\":\"Respons\u00e1veis pelo Valor Residual e pela Gest\u00e3o de Risco\"}]},{\"@type\":\"WebSite\",\"@id\":\"https:\\\/\\\/indicata.bluebird.pw\\\/#website\",\"url\":\"https:\\\/\\\/indicata.bluebird.pw\\\/\",\"name\":\"Indicata\",\"description\":\"Part of Autorola Group\",\"potentialAction\":[{\"@type\":\"SearchAction\",\"target\":{\"@type\":\"EntryPoint\",\"urlTemplate\":\"https:\\\/\\\/indicata.bluebird.pw\\\/?s={search_term_string}\"},\"query-input\":{\"@type\":\"PropertyValueSpecification\",\"valueRequired\":true,\"valueName\":\"search_term_string\"}}],\"inLanguage\":\"pt-PT\"}]}<\/script>\n<!-- \/ Yoast SEO plugin. -->","yoast_head_json":{"title":"Respons\u00e1veis pelo Valor Residual e pela Gest\u00e3o de Risco - Indicata","robots":{"index":"noindex","follow":"follow","max-snippet":"max-snippet:-1","max-image-preview":"max-image-preview:large","max-video-preview":"max-video-preview:-1"},"og_locale":"pt_PT","og_type":"article","og_title":"Respons\u00e1veis pelo Valor Residual e pela Gest\u00e3o de Risco - Indicata","og_url":"https:\/\/pt.indicata.com\/definidores-de-rv-e-gestores-de-risco\/","og_site_name":"Indicata","article_modified_time":"2024-09-09T13:05:55+00:00","og_image":[{"url":"https:\/\/indicata.bluebird.pw\/wp-content\/uploads\/2024\/04\/Frame-3-4.jpg","type":"","width":"","height":""}],"twitter_card":"summary_large_image","twitter_misc":{"Tempo estimado de leitura":"5 minutos"},"schema":{"@context":"https:\/\/schema.org","@graph":[{"@type":"WebPage","@id":"https:\/\/pt.indicata.com\/definidores-de-rv-e-gestores-de-risco\/","url":"https:\/\/pt.indicata.com\/definidores-de-rv-e-gestores-de-risco\/","name":"Respons\u00e1veis pelo Valor Residual e pela Gest\u00e3o de Risco - Indicata","isPartOf":{"@id":"https:\/\/indicata.bluebird.pw\/#website"},"primaryImageOfPage":{"@id":"https:\/\/pt.indicata.com\/definidores-de-rv-e-gestores-de-risco\/#primaryimage"},"image":{"@id":"https:\/\/pt.indicata.com\/definidores-de-rv-e-gestores-de-risco\/#primaryimage"},"thumbnailUrl":"https:\/\/indicata.bluebird.pw\/wp-content\/uploads\/2024\/04\/Frame-3-4.jpg","datePublished":"2024-04-19T05:58:44+00:00","dateModified":"2024-09-09T13:05:55+00:00","breadcrumb":{"@id":"https:\/\/pt.indicata.com\/definidores-de-rv-e-gestores-de-risco\/#breadcrumb"},"inLanguage":"pt-PT","potentialAction":[{"@type":"ReadAction","target":["https:\/\/pt.indicata.com\/definidores-de-rv-e-gestores-de-risco\/"]}]},{"@type":"ImageObject","inLanguage":"pt-PT","@id":"https:\/\/pt.indicata.com\/definidores-de-rv-e-gestores-de-risco\/#primaryimage","url":"https:\/\/indicata.bluebird.pw\/wp-content\/uploads\/2024\/04\/Frame-3-4.jpg","contentUrl":"https:\/\/indicata.bluebird.pw\/wp-content\/uploads\/2024\/04\/Frame-3-4.jpg"},{"@type":"BreadcrumbList","@id":"https:\/\/pt.indicata.com\/definidores-de-rv-e-gestores-de-risco\/#breadcrumb","itemListElement":[{"@type":"ListItem","position":1,"name":"Home","item":"https:\/\/pt.indicata.com\/"},{"@type":"ListItem","position":2,"name":"Respons\u00e1veis pelo Valor Residual e pela Gest\u00e3o de Risco"}]},{"@type":"WebSite","@id":"https:\/\/indicata.bluebird.pw\/#website","url":"https:\/\/indicata.bluebird.pw\/","name":"Indicata","description":"Part of Autorola Group","potentialAction":[{"@type":"SearchAction","target":{"@type":"EntryPoint","urlTemplate":"https:\/\/indicata.bluebird.pw\/?s={search_term_string}"},"query-input":{"@type":"PropertyValueSpecification","valueRequired":true,"valueName":"search_term_string"}}],"inLanguage":"pt-PT"}]}},"_links":{"self":[{"href":"https:\/\/indicata.bluebird.pw\/pt-pt\/wp-json\/wp\/v2\/pages\/1294","targetHints":{"allow":["GET"]}}],"collection":[{"href":"https:\/\/indicata.bluebird.pw\/pt-pt\/wp-json\/wp\/v2\/pages"}],"about":[{"href":"https:\/\/indicata.bluebird.pw\/pt-pt\/wp-json\/wp\/v2\/types\/page"}],"author":[{"embeddable":true,"href":"https:\/\/indicata.bluebird.pw\/pt-pt\/wp-json\/wp\/v2\/users\/2"}],"replies":[{"embeddable":true,"href":"https:\/\/indicata.bluebird.pw\/pt-pt\/wp-json\/wp\/v2\/comments?post=1294"}],"version-history":[{"count":10,"href":"https:\/\/indicata.bluebird.pw\/pt-pt\/wp-json\/wp\/v2\/pages\/1294\/revisions"}],"predecessor-version":[{"id":7523,"href":"https:\/\/indicata.bluebird.pw\/pt-pt\/wp-json\/wp\/v2\/pages\/1294\/revisions\/7523"}],"wp:attachment":[{"href":"https:\/\/indicata.bluebird.pw\/pt-pt\/wp-json\/wp\/v2\/media?parent=1294"}],"curies":[{"name":"wp","href":"https:\/\/api.w.org\/{rel}","templated":true}]}}