{"id":1301,"date":"2024-04-18T07:16:48","date_gmt":"2024-04-18T05:16:48","guid":{"rendered":"https:\/\/indicata.bluebird.pw\/grupos-de-concessionarios-e-retalhistas\/"},"modified":"2024-09-09T14:58:33","modified_gmt":"2024-09-09T12:58:33","slug":"grupos-de-concessionarios-e-retalhistas","status":"publish","type":"page","link":"https:\/\/indicata.bluebird.pw\/pt-pt\/grupos-de-concessionarios-e-retalhistas\/","title":{"rendered":"Grupos de concession\u00e1rios e retalhistas"},"content":{"rendered":"\n<section class=\"wp-block-indicata-sub-cover mt-sub-cover\"><div class=\"mt-sub-cover__container\"><div class=\"mt-sub-cover__inner page-container\"><div class=\"mt-sub-cover__text-container\"><span class=\"mt-sub-cover__tagline mt-tagline\">SECTOR<\/span>\n<h1 class=\"wp-block-heading\">Grupos de concession\u00e1rios e retalhistas<\/h1>\n\n\n\n<p>De que forma os erros na aquisi\u00e7\u00e3o e defini\u00e7\u00e3o de pre\u00e7os resultam em milh\u00f5es de lucros perdidos<\/p>\n\n\n\n<div class=\"wp-block-buttons is-layout-flex wp-block-buttons-is-layout-flex\">\n<div class=\"wp-block-button open-slide-in-contact\" data-contact-slide-in-view=\"3\"><a class=\"wp-block-button__link wp-element-button\">Solicite uma demonstra\u00e7\u00e3o<\/a><\/div>\n\n\n\n<div class=\"wp-block-button is-style-primary-transparent open-slide-in-contact\" data-contact-slide-in-view=\"2\"><a class=\"wp-block-button__link wp-element-button\">Avalia\u00e7\u00e3o de oportunidades<\/a><\/div>\n<\/div>\n<\/div><\/div><div class=\"mt-sub-cover__image-container object-fit\"><img decoding=\"async\" src=\"https:\/\/indicata.bluebird.pw\/wp-content\/uploads\/2024\/04\/Frame-3-1.jpg\" alt=\"\" style=\"object-position:50% 50%\"\/><\/div><\/div><\/section>\n\n\n\n<section class=\"wp-block-indicata-link-boxes-with-icon mt-link-boxes-with-icon mtSpacing-top-small mtSpacing-bottom-medium\"><div class=\"mt-link-boxes-with-icon__inner page-container\"><div class=\"mt-link-boxes-with-icon__text-container\"><h2 class=\"mt-link-boxes-with-icon__title\">Os nossos clientes procuram-nos<\/h2><p class=\"mt-link-boxes-with-icon__text\">Porque t\u00eam desafios em:<\/p><\/div><div class=\"mt-link-boxes-with-icon__boxes-wrapper\">\n<div class=\"wp-block-indicata-link-box-with-icon mt-link-box-with-icon swiper-slide\"><div class=\"mt-link-box-with-icon__title-container\"><div class=\"mt-link-box-with-icon__icon-container\"><img decoding=\"async\" src=\"https:\/\/indicata.bluebird.pw\/wp-content\/uploads\/2024\/04\/car-side-solid.svg\" alt=\"carro-lateral-s\u00f3lido\" width=\"24\" height=\"24\" class=\"mt-link-box-with-icon__icon\"><\/div><p class=\"mt-link-box-with-icon__title\">Identificar os melhores ve\u00edculos num mercado vol\u00e1til<\/p><\/div><p class=\"mt-link-box-with-icon__text\">Como identificar os ve\u00edculos que vendem mais depressa e maximizam os lucros<\/p><\/div>\n\n\n\n<div class=\"wp-block-indicata-link-box-with-icon mt-link-box-with-icon swiper-slide\"><div class=\"mt-link-box-with-icon__title-container\"><div class=\"mt-link-box-with-icon__icon-container\"><img decoding=\"async\" src=\"https:\/\/indicata.bluebird.pw\/wp-content\/uploads\/2024\/04\/tags-solid.svg\" alt=\"etiquetas-s\u00f3lido\" width=\"24\" height=\"24\" class=\"mt-link-box-with-icon__icon\"><\/div><p class=\"mt-link-box-with-icon__title\"><strong>Obter<\/strong> relat\u00f3rios concisos<\/p><\/div><p class=\"mt-link-box-with-icon__text\">Identificar os pontos de venda com fraco desempenho e como melhor\u00e1-los<\/p><\/div>\n\n\n\n<div class=\"wp-block-indicata-link-box-with-icon mt-link-box-with-icon swiper-slide\"><div class=\"mt-link-box-with-icon__title-container\"><div class=\"mt-link-box-with-icon__icon-container\"><img decoding=\"async\" src=\"https:\/\/indicata.bluebird.pw\/wp-content\/uploads\/2024\/04\/laptop-solid.svg\" alt=\"port\u00e1til-s\u00f3lido\" width=\"24\" height=\"24\" class=\"mt-link-box-with-icon__icon\"><\/div><p class=\"mt-link-box-with-icon__title\">Otimizar a precifica\u00e7\u00e3o do seu stock<\/p><\/div><p class=\"mt-link-box-with-icon__text\">Apoio \u00e0 tomada de decis\u00f5es ve\u00edculo a ve\u00edculo, coordenando com a estrat\u00e9gia do grupo<\/p><\/div>\n<\/div><\/div><\/section>\n\n\n\n<section class=\"wp-block-morningmodules-logo-line mt-logo-line mt-logo-line--should-slide mt-logo-line--border-bottom mtSpacing-top-extraSmall mtSpacing-bottom-extraSmall\"><div class=\"mt-logo-line__inner\"><div class=\"mt-logo-line__text-container\"><p class=\"mt-logo-line__text\">Marcas autom\u00f3veis de renome mundial confiam em n\u00f3s<\/p><\/div><div class=\"mt-logo-line__logos-container swiper\"><div class=\"swiper-wrapper\">\n<div class=\"wp-block-morningmodules-logo-line-logo mt-logo swiper-slide\" style=\"opacity:1\"><img decoding=\"async\" src=\"https:\/\/indicata.bluebird.pw\/wp-content\/uploads\/2024\/04\/Tesla.svg\" alt=\"\" class=\"mt-logo__logo\" style=\"max-height:40px;margin-top:0px\"\/><\/div>\n\n\n\n<div class=\"wp-block-morningmodules-logo-line-logo mt-logo swiper-slide\" style=\"opacity:1\"><img decoding=\"async\" src=\"https:\/\/indicata.bluebird.pw\/wp-content\/uploads\/2024\/04\/BMW.svg\" alt=\"\" class=\"mt-logo__logo\" style=\"max-height:40px;margin-top:0px\"\/><\/div>\n\n\n\n<div class=\"wp-block-morningmodules-logo-line-logo mt-logo swiper-slide\" style=\"opacity:1\"><img decoding=\"async\" src=\"https:\/\/indicata.bluebird.pw\/wp-content\/uploads\/2024\/04\/Mercedes.svg\" alt=\"\" class=\"mt-logo__logo\" style=\"max-height:40px;margin-top:0px\"\/><\/div>\n\n\n\n<div class=\"wp-block-morningmodules-logo-line-logo mt-logo swiper-slide\" style=\"opacity:1\"><img decoding=\"async\" src=\"https:\/\/indicata.bluebird.pw\/wp-content\/uploads\/2024\/04\/Volkswagen.svg\" alt=\"\" class=\"mt-logo__logo\" style=\"max-height:40px;margin-top:0px\"\/><\/div>\n\n\n\n<div class=\"wp-block-morningmodules-logo-line-logo mt-logo swiper-slide\" style=\"opacity:1\"><img decoding=\"async\" src=\"https:\/\/indicata.bluebird.pw\/wp-content\/uploads\/2024\/04\/logo-teknicar_svg__Layer_1.svg\" alt=\"\" class=\"mt-logo__logo\" style=\"max-height:40px;margin-top:0px\"\/><\/div>\n<\/div><\/div><\/div><\/section>\n\n\n\n<section class=\"wp-block-morningmodules-text-media mt-text-media mt-text-media--align-media-right mt-text-media--align-media-mobile-bottom mtSpacing-bottom-medium mtSpacing-top-small\"><div class=\"mt-text-media__inner\"><div class=\"mt-text-media__media-container\"><img decoding=\"async\" src=\"https:\/\/indicata.bluebird.pw\/wp-content\/uploads\/2024\/04\/Frame-24642-1.jpg\" alt=\"\" style=\"object-position:50% 50%\"\/><\/div><div class=\"mt-text-media__text-container\"><span class=\"mt-text-media__tagline mt-tagline\">Adquirir os melhores ve\u00edculos<\/span><h2 class=\"mt-text-media__title\">Identificar os ve\u00edculos certos<\/h2>\n<p>O INDICATA n\u00e3o se limita a avaliar os ve\u00edculos que pretende adquirir ou aceitar como retoma. Fazemos uma an\u00e1lise detalhada do mercado para identificar o stock mais adequado para comprar<\/p>\n\n\n\n<p><br><strong>Para cada ve\u00edculo avaliado, o INDICATA<\/strong><\/p>\n\n\n\n<ul class=\"wp-block-list\">\n<li>Permite-lhe ver os ve\u00edculos concorrentes no mercado<\/li>\n\n\n\n<li>Avalia a rapidez com que poder\u00e1 ser vendido<\/li>\n\n\n\n<li>Aconselha se deve ser mantido no seu stock ou ser vendido ao com\u00e9rcio<\/li>\n<\/ul>\n\n\n\n<div class=\"wp-block-buttons is-layout-flex wp-block-buttons-is-layout-flex\">\n<div class=\"wp-block-button open-slide-in-contact\" data-contact-slide-in-view=\"3\"><a class=\"wp-block-button__link wp-element-button\">Solicite uma demonstra\u00e7\u00e3o<\/a><\/div>\n\n\n\n<div class=\"wp-block-button is-style-primary-transparent open-slide-in-contact\" data-contact-slide-in-view=\"2\"><a class=\"wp-block-button__link wp-element-button\">Contacte-nos<\/a><\/div>\n<\/div>\n<\/div><\/div><\/section>\n\n\n\n<section class=\"wp-block-indicata-breaker mt-breaker-advanced\"><div class=\"mt-breaker-advanced__container\"><div class=\"mt-breaker-advanced__overlay\" style=\"opacity:0\"><\/div><div class=\"mt-breaker-advanced__image-container object-fit\"><img decoding=\"async\" src=\"https:\/\/indicata.bluebird.pw\/wp-content\/uploads\/2024\/04\/Frame-24727.jpg\" alt=\"\" style=\"object-position:50% 50%\"\/><\/div><div class=\"mt-breaker-advanced__inner page-container\"><div class=\"mt-breaker-advanced__text-container\"><span class=\"mt-breaker-advanced__tagline mt-tagline\">mais de 140.000 retalhistas<\/span><h2 class=\"mt-breaker-advanced__title\">Encontrar o melhor stock &#8211; de forma simples<\/h2>\n<p>O INDICATA mapeia o stock de mais de 140.000 retalhistas. Se est\u00e1 \u00e0 procura de ve\u00edculos junto de outros retalhistas, temos solu\u00e7\u00f5es pan-europeias para localizar stock, ajudando-o a identificar os ve\u00edculos com vendas mais r\u00e1pidas.<\/p>\n\n\n\n<div class=\"wp-block-buttons is-layout-flex wp-block-buttons-is-layout-flex\">\n<div class=\"wp-block-button open-slide-in-contact\" data-contact-slide-in-view=\"3\"><a class=\"wp-block-button__link wp-element-button\">Solicite uma demonstra\u00e7\u00e3o<\/a><\/div>\n\n\n\n<div class=\"wp-block-button is-style-primary-transparent open-slide-in-contact\" data-contact-slide-in-view=\"2\"><a class=\"wp-block-button__link wp-element-button\">Contacte-nos<\/a><\/div>\n<\/div>\n<\/div><\/div><\/div><\/section>\n\n\n\n<section class=\"wp-block-morningmodules-text-media mt-text-media mt-text-media--align-media-left mt-text-media--align-media-mobile-bottom mtSpacing-bottom-small mtSpacing-top-small\"><div class=\"mt-text-media__inner\"><div class=\"mt-text-media__media-container\"><img decoding=\"async\" src=\"https:\/\/indicata.bluebird.pw\/wp-content\/uploads\/2024\/04\/Frame-24656.jpg\" alt=\"\" style=\"object-position:50% 50%\"\/><\/div><div class=\"mt-text-media__text-container\"><span class=\"mt-text-media__tagline mt-tagline\">Identifique pontos de venda com fraco desempenho<\/span><h2 class=\"mt-text-media__title\">Gerir v\u00e1rios pontos de venda<\/h2>\n<p>Os grupos de retalho modernos t\u00eam v\u00e1rios intervenientes respons\u00e1veis pela gest\u00e3o de stocks e pre\u00e7os, quer estejam centralizados na sede ou distribu\u00eddos por v\u00e1rios pontos de venda.<br><br><\/p>\n\n\n\n<p>Avaliar o desempenho em cada ponto de venda, marca a marca, ve\u00edculo a ve\u00edculo \u00e9 essencial para assegurar uma organiza\u00e7\u00e3o eficiente e orientada para os lucros<\/p>\n\n\n\n<p>O INDICATA permite-lhe<\/p>\n\n\n\n<ul class=\"wp-block-list\">\n<li>Identificar pontos de venda com fraco desempenho e refor\u00e7ar a orienta\u00e7\u00e3o para o neg\u00f3cio e a performance dos ve\u00edculos usados<\/li>\n\n\n\n<li>Ser avisado sobre problemas espec\u00edficos de stock, oferecendo dados sobre como surgiram<\/li>\n\n\n\n<li>Tomar as decis\u00f5es certas com base em dados de mercado em tempo real para criar estrat\u00e9gias proactivas e reactivas que previnam a ocorr\u00eancia problemas<\/li>\n<\/ul>\n\n\n\n<div class=\"wp-block-buttons is-layout-flex wp-block-buttons-is-layout-flex\">\n<div class=\"wp-block-button open-slide-in-contact\" data-contact-slide-in-view=\"3\"><a class=\"wp-block-button__link wp-element-button\">Solicite uma demonstra\u00e7\u00e3o<\/a><\/div>\n\n\n\n<div class=\"wp-block-button is-style-primary-transparent open-slide-in-contact\" data-contact-slide-in-view=\"2\"><a class=\"wp-block-button__link wp-element-button\">Contacte-nos<\/a><\/div>\n<\/div>\n<\/div><\/div><\/section>\n\n\n\n<section class=\"wp-block-morningmodules-text-media mt-text-media mt-text-media--align-media-left mt-text-media--align-media-mobile-bottom mtSpacing-top-medium\"><div class=\"mt-text-media__inner\"><div class=\"mt-text-media__media-container\"><img decoding=\"async\" src=\"https:\/\/indicata.bluebird.pw\/wp-content\/uploads\/2024\/04\/Frame-24656-1.jpg\" alt=\"\" style=\"object-position:50% 50%\"\/><\/div><div class=\"mt-text-media__text-container\"><span class=\"mt-text-media__tagline mt-tagline\">Ve\u00edculo por ve\u00edculo \/ Todos os dias<\/span><h2 class=\"mt-text-media__title\">Tome as decis\u00f5es certas<\/h2>\n<p>Quer a sua organiza\u00e7\u00e3o tenha uma tomada de decis\u00f5es centralizada ou distribu\u00edda por ponto de venda.<\/p>\n\n\n\n<p><br><strong>A sua equipa necessita do seguinte:<\/strong><\/p>\n\n\n\n<ul class=\"wp-block-list\">\n<li>Pre\u00e7os de mercado em tempo real: nacionais, locais e transfronteiri\u00e7os<\/li>\n\n\n\n<li>A vis\u00e3o mais exacta dos pre\u00e7os a retalho e a com\u00e9rcio<\/li>\n\n\n\n<li>A informa\u00e7\u00e3o certa para tomar as decis\u00f5es certas<ul><li>Informa\u00e7\u00e3o sobre a concorr\u00eancia<\/li><\/ul><ul><li>Viaturas de movimento r\u00e1pido vs movimento lento<\/li><\/ul>\n<ul class=\"wp-block-list\">\n<li>Com\u00e9rcio ou retalho?<\/li>\n<\/ul>\n<\/li>\n<\/ul>\n\n\n\n<div class=\"wp-block-buttons is-layout-flex wp-block-buttons-is-layout-flex\">\n<div class=\"wp-block-button open-slide-in-contact\" data-contact-slide-in-view=\"3\"><a class=\"wp-block-button__link wp-element-button\">Solicite uma demonstra\u00e7\u00e3o<\/a><\/div>\n\n\n\n<div class=\"wp-block-button is-style-primary-transparent open-slide-in-contact\" data-contact-slide-in-view=\"2\"><a class=\"wp-block-button__link wp-element-button\">Contacte-nos<\/a><\/div>\n<\/div>\n<\/div><\/div><\/section>\n\n\n\n<section class=\"wp-block-morningmodules-text-media mt-text-media mt-text-media--align-media-right mt-text-media--align-media-mobile-bottom mtSpacing-bottom-medium mtSpacing-top-medium\"><div class=\"mt-text-media__inner\"><div class=\"mt-text-media__media-container\"><img decoding=\"async\" src=\"https:\/\/indicata.bluebird.pw\/wp-content\/uploads\/2024\/04\/Frame-24656-2.jpg\" alt=\"\" style=\"object-position:50% 50%\"\/><\/div><div class=\"mt-text-media__text-container\"><span class=\"mt-text-media__tagline mt-tagline\">avalia\u00e7\u00e3o online da retoma<\/span><h2 class=\"mt-text-media__title\">Impulsionar o tr\u00e1fego no stand<\/h2>\n<p>O gerador de leads do INDICATA fornece aos visitantes do seu site a avalia\u00e7\u00e3o online da viatura que pretendem dar como retoma, permitindo-lhe assim estabelecer contacto e aumentar as suas oportunidades de venda<\/p>\n\n\n\n<p>Os geradores de leads do INDICATA provaram aumentar em tr\u00eas vezes a gera\u00e7\u00e3o de leads no seu site<\/p>\n\n\n\n<p>Quer se trate de uma solu\u00e7\u00e3o API para alimentar as interfaces de avalia\u00e7\u00e3o do seu pr\u00f3prio site, ou de uma op\u00e7\u00e3o pr\u00e9-configurada &#8220;plug and play&#8221; do INDICATA, temos experi\u00eancia em fornecer solu\u00e7\u00f5es diretamente aos OEMs ou em parceria com a sua rede de concession\u00e1rios.<\/p>\n\n\n\n<div class=\"wp-block-buttons is-layout-flex wp-block-buttons-is-layout-flex\">\n<div class=\"wp-block-button open-slide-in-contact\" data-contact-slide-in-view=\"3\"><a class=\"wp-block-button__link wp-element-button\">Solicite uma demonstra\u00e7\u00e3o<\/a><\/div>\n\n\n\n<div class=\"wp-block-button is-style-primary-transparent open-slide-in-contact\" data-contact-slide-in-view=\"2\"><a class=\"wp-block-button__link wp-element-button\">Contacte-nos<\/a><\/div>\n<\/div>\n<\/div><\/div><\/section>\n\n\n\n<section class=\"wp-block-morningmodules-breaker mt-breaker\"><div class=\"mt-breaker__container\"><div class=\"mt-breaker__overlay\" style=\"opacity:0\"><\/div><div class=\"mt-breaker__image-container object-fit\"><img decoding=\"async\" src=\"https:\/\/indicata.bluebird.pw\/wp-content\/uploads\/2024\/04\/Frame-24740.jpg\" alt=\"\" style=\"object-position:50% 50%\"\/><\/div><div class=\"mt-breaker__inner page-container\"><div class=\"mt-breaker__text-container\"><span class=\"mt-breaker__tagline mt-tagline\">Come\u00e7e j\u00e1<\/span><h2 class=\"mt-breaker__title\">Inicie a otimiza\u00e7\u00e3o das suas opera\u00e7\u00f5es hoje<\/h2>\n<div class=\"wp-block-buttons is-layout-flex wp-block-buttons-is-layout-flex\">\n<div class=\"wp-block-button open-slide-in-contact\" data-contact-slide-in-view=\"3\"><a class=\"wp-block-button__link wp-element-button\">Solicite uma demonstra\u00e7\u00e3o<\/a><\/div>\n\n\n\n<div class=\"wp-block-button is-style-primary-transparent open-slide-in-contact\" data-contact-slide-in-view=\"2\"><a class=\"wp-block-button__link wp-element-button\">Contacte-nos<\/a><\/div>\n<\/div>\n<\/div><\/div><\/div><\/section>\n","protected":false},"excerpt":{"rendered":"","protected":false},"author":2,"featured_media":0,"parent":0,"menu_order":0,"comment_status":"closed","ping_status":"closed","template":"","meta":{"_acf_changed":false,"footnotes":""},"class_list":["post-1301","page","type-page","status-publish","hentry"],"acf":[],"yoast_head":"<!-- This site is optimized with the Yoast SEO plugin v27.3 - https:\/\/yoast.com\/product\/yoast-seo-wordpress\/ -->\n<title>Grupos de concession\u00e1rios e retalhistas - Indicata<\/title>\n<meta name=\"robots\" content=\"noindex, follow, max-snippet:-1, max-image-preview:large, max-video-preview:-1\" \/>\n<meta property=\"og:locale\" content=\"pt_PT\" \/>\n<meta property=\"og:type\" content=\"article\" \/>\n<meta property=\"og:title\" content=\"Grupos de concession\u00e1rios e retalhistas - Indicata\" \/>\n<meta property=\"og:url\" content=\"https:\/\/pt.indicata.com\/grupos-de-concessionarios-e-retalhistas\/\" \/>\n<meta property=\"og:site_name\" content=\"Indicata\" \/>\n<meta property=\"article:modified_time\" content=\"2024-09-09T12:58:33+00:00\" \/>\n<meta property=\"og:image\" content=\"https:\/\/indicata.bluebird.pw\/wp-content\/uploads\/2024\/04\/Frame-3-1.jpg\" \/>\n<meta name=\"twitter:card\" content=\"summary_large_image\" \/>\n<meta name=\"twitter:label1\" content=\"Tempo estimado de leitura\" \/>\n\t<meta name=\"twitter:data1\" content=\"6 minutos\" \/>\n<script type=\"application\/ld+json\" class=\"yoast-schema-graph\">{\"@context\":\"https:\\\/\\\/schema.org\",\"@graph\":[{\"@type\":\"WebPage\",\"@id\":\"https:\\\/\\\/pt.indicata.com\\\/grupos-de-concessionarios-e-retalhistas\\\/\",\"url\":\"https:\\\/\\\/pt.indicata.com\\\/grupos-de-concessionarios-e-retalhistas\\\/\",\"name\":\"Grupos de concession\u00e1rios e retalhistas - Indicata\",\"isPartOf\":{\"@id\":\"https:\\\/\\\/indicata.bluebird.pw\\\/#website\"},\"primaryImageOfPage\":{\"@id\":\"https:\\\/\\\/pt.indicata.com\\\/grupos-de-concessionarios-e-retalhistas\\\/#primaryimage\"},\"image\":{\"@id\":\"https:\\\/\\\/pt.indicata.com\\\/grupos-de-concessionarios-e-retalhistas\\\/#primaryimage\"},\"thumbnailUrl\":\"https:\\\/\\\/indicata.bluebird.pw\\\/wp-content\\\/uploads\\\/2024\\\/04\\\/Frame-3-1.jpg\",\"datePublished\":\"2024-04-18T05:16:48+00:00\",\"dateModified\":\"2024-09-09T12:58:33+00:00\",\"breadcrumb\":{\"@id\":\"https:\\\/\\\/pt.indicata.com\\\/grupos-de-concessionarios-e-retalhistas\\\/#breadcrumb\"},\"inLanguage\":\"pt-PT\",\"potentialAction\":[{\"@type\":\"ReadAction\",\"target\":[\"https:\\\/\\\/pt.indicata.com\\\/grupos-de-concessionarios-e-retalhistas\\\/\"]}]},{\"@type\":\"ImageObject\",\"inLanguage\":\"pt-PT\",\"@id\":\"https:\\\/\\\/pt.indicata.com\\\/grupos-de-concessionarios-e-retalhistas\\\/#primaryimage\",\"url\":\"https:\\\/\\\/indicata.bluebird.pw\\\/wp-content\\\/uploads\\\/2024\\\/04\\\/Frame-3-1.jpg\",\"contentUrl\":\"https:\\\/\\\/indicata.bluebird.pw\\\/wp-content\\\/uploads\\\/2024\\\/04\\\/Frame-3-1.jpg\"},{\"@type\":\"BreadcrumbList\",\"@id\":\"https:\\\/\\\/pt.indicata.com\\\/grupos-de-concessionarios-e-retalhistas\\\/#breadcrumb\",\"itemListElement\":[{\"@type\":\"ListItem\",\"position\":1,\"name\":\"Home\",\"item\":\"https:\\\/\\\/pt.indicata.com\\\/\"},{\"@type\":\"ListItem\",\"position\":2,\"name\":\"Grupos de concession\u00e1rios e retalhistas\"}]},{\"@type\":\"WebSite\",\"@id\":\"https:\\\/\\\/indicata.bluebird.pw\\\/#website\",\"url\":\"https:\\\/\\\/indicata.bluebird.pw\\\/\",\"name\":\"Indicata\",\"description\":\"Part of Autorola Group\",\"potentialAction\":[{\"@type\":\"SearchAction\",\"target\":{\"@type\":\"EntryPoint\",\"urlTemplate\":\"https:\\\/\\\/indicata.bluebird.pw\\\/?s={search_term_string}\"},\"query-input\":{\"@type\":\"PropertyValueSpecification\",\"valueRequired\":true,\"valueName\":\"search_term_string\"}}],\"inLanguage\":\"pt-PT\"}]}<\/script>\n<!-- \/ Yoast SEO plugin. -->","yoast_head_json":{"title":"Grupos de concession\u00e1rios e retalhistas - Indicata","robots":{"index":"noindex","follow":"follow","max-snippet":"max-snippet:-1","max-image-preview":"max-image-preview:large","max-video-preview":"max-video-preview:-1"},"og_locale":"pt_PT","og_type":"article","og_title":"Grupos de concession\u00e1rios e retalhistas - Indicata","og_url":"https:\/\/pt.indicata.com\/grupos-de-concessionarios-e-retalhistas\/","og_site_name":"Indicata","article_modified_time":"2024-09-09T12:58:33+00:00","og_image":[{"url":"https:\/\/indicata.bluebird.pw\/wp-content\/uploads\/2024\/04\/Frame-3-1.jpg","type":"","width":"","height":""}],"twitter_card":"summary_large_image","twitter_misc":{"Tempo estimado de leitura":"6 minutos"},"schema":{"@context":"https:\/\/schema.org","@graph":[{"@type":"WebPage","@id":"https:\/\/pt.indicata.com\/grupos-de-concessionarios-e-retalhistas\/","url":"https:\/\/pt.indicata.com\/grupos-de-concessionarios-e-retalhistas\/","name":"Grupos de concession\u00e1rios e retalhistas - Indicata","isPartOf":{"@id":"https:\/\/indicata.bluebird.pw\/#website"},"primaryImageOfPage":{"@id":"https:\/\/pt.indicata.com\/grupos-de-concessionarios-e-retalhistas\/#primaryimage"},"image":{"@id":"https:\/\/pt.indicata.com\/grupos-de-concessionarios-e-retalhistas\/#primaryimage"},"thumbnailUrl":"https:\/\/indicata.bluebird.pw\/wp-content\/uploads\/2024\/04\/Frame-3-1.jpg","datePublished":"2024-04-18T05:16:48+00:00","dateModified":"2024-09-09T12:58:33+00:00","breadcrumb":{"@id":"https:\/\/pt.indicata.com\/grupos-de-concessionarios-e-retalhistas\/#breadcrumb"},"inLanguage":"pt-PT","potentialAction":[{"@type":"ReadAction","target":["https:\/\/pt.indicata.com\/grupos-de-concessionarios-e-retalhistas\/"]}]},{"@type":"ImageObject","inLanguage":"pt-PT","@id":"https:\/\/pt.indicata.com\/grupos-de-concessionarios-e-retalhistas\/#primaryimage","url":"https:\/\/indicata.bluebird.pw\/wp-content\/uploads\/2024\/04\/Frame-3-1.jpg","contentUrl":"https:\/\/indicata.bluebird.pw\/wp-content\/uploads\/2024\/04\/Frame-3-1.jpg"},{"@type":"BreadcrumbList","@id":"https:\/\/pt.indicata.com\/grupos-de-concessionarios-e-retalhistas\/#breadcrumb","itemListElement":[{"@type":"ListItem","position":1,"name":"Home","item":"https:\/\/pt.indicata.com\/"},{"@type":"ListItem","position":2,"name":"Grupos de concession\u00e1rios e retalhistas"}]},{"@type":"WebSite","@id":"https:\/\/indicata.bluebird.pw\/#website","url":"https:\/\/indicata.bluebird.pw\/","name":"Indicata","description":"Part of Autorola Group","potentialAction":[{"@type":"SearchAction","target":{"@type":"EntryPoint","urlTemplate":"https:\/\/indicata.bluebird.pw\/?s={search_term_string}"},"query-input":{"@type":"PropertyValueSpecification","valueRequired":true,"valueName":"search_term_string"}}],"inLanguage":"pt-PT"}]}},"_links":{"self":[{"href":"https:\/\/indicata.bluebird.pw\/pt-pt\/wp-json\/wp\/v2\/pages\/1301","targetHints":{"allow":["GET"]}}],"collection":[{"href":"https:\/\/indicata.bluebird.pw\/pt-pt\/wp-json\/wp\/v2\/pages"}],"about":[{"href":"https:\/\/indicata.bluebird.pw\/pt-pt\/wp-json\/wp\/v2\/types\/page"}],"author":[{"embeddable":true,"href":"https:\/\/indicata.bluebird.pw\/pt-pt\/wp-json\/wp\/v2\/users\/2"}],"replies":[{"embeddable":true,"href":"https:\/\/indicata.bluebird.pw\/pt-pt\/wp-json\/wp\/v2\/comments?post=1301"}],"version-history":[{"count":9,"href":"https:\/\/indicata.bluebird.pw\/pt-pt\/wp-json\/wp\/v2\/pages\/1301\/revisions"}],"predecessor-version":[{"id":7512,"href":"https:\/\/indicata.bluebird.pw\/pt-pt\/wp-json\/wp\/v2\/pages\/1301\/revisions\/7512"}],"wp:attachment":[{"href":"https:\/\/indicata.bluebird.pw\/pt-pt\/wp-json\/wp\/v2\/media?parent=1301"}],"curies":[{"name":"wp","href":"https:\/\/api.w.org\/{rel}","templated":true}]}}