{"id":1604,"date":"2024-04-11T09:09:16","date_gmt":"2024-04-11T07:09:16","guid":{"rendered":"https:\/\/indicata.bluebird.pw\/pagina-inicial\/"},"modified":"2024-09-10T11:12:38","modified_gmt":"2024-09-10T09:12:38","slug":"pagina-inicial","status":"publish","type":"page","link":"https:\/\/indicata.bluebird.pw\/pt-pt\/","title":{"rendered":"P\u00e1gina inicial"},"content":{"rendered":"\n<section class=\"wp-block-morningmodules-cover mt-cover is-style-tall\"><div class=\"mt-cover__container\"><div class=\"mt-cover__overlay\" style=\"opacity:0\"><\/div><div class=\"mt-cover__image-container object-fit\"><img decoding=\"async\" src=\"https:\/\/indicata.bluebird.pw\/wp-content\/uploads\/2024\/04\/Frame-3.jpg\" alt=\"\" fetchpriority=\"high\"\/><\/div><div class=\"mt-cover__inner page-container\"><div class=\"mt-cover__text-container\"><span class=\"mt-cover__tagline mt-tagline\">software de an\u00e1lise de mercado<\/span><h1 class=\"mt-cover__title\">Intelig\u00eancia na tomada de decis\u00f5es sobre ve\u00edculos usados<\/h1>\n<div class=\"wp-block-buttons is-layout-flex wp-block-buttons-is-layout-flex\">\n<div class=\"wp-block-button open-slide-in-contact\" data-contact-slide-in-view=\"3\"><a class=\"wp-block-button__link wp-element-button\">Solicite uma demonstra\u00e7\u00e3o<\/a><\/div>\n\n\n\n<div class=\"wp-block-button is-style-primary-transparent\"><a class=\"wp-block-button__link wp-element-button\" href=\"\/market-watch\/\">Relat\u00f3rios Market Watch<\/a><\/div>\n<\/div>\n<\/div><\/div><\/div><\/section>\n\n\n\n<section class=\"wp-block-indicata-link-boxes mt-link-boxes mt-link-boxes--border-bottom mtSpacing-top-small\"><div class=\"mt-link-boxes__inner page-container swiper\"><div class=\"swiper-wrapper\">\n<div class=\"wp-block-indicata-link-box mt-link-box swiper-slide\"><a href=\"https:\/\/pt.indicata.com\/grupos-de-concessionarios-e-retalhistas\/\" class=\"mt-link-box__link\"><\/a><div class=\"mt-link-box__icon-container\"><\/div><p class=\"mt-link-box__title\">Grupos de concession\u00e1rios e retalhistas<\/p><p class=\"mt-link-box__text\"><\/p><\/div>\n\n\n\n<div class=\"wp-block-indicata-link-box mt-link-box swiper-slide\"><a href=\"https:\/\/pt.indicata.com\/oems-e-nscs\/\" class=\"mt-link-box__link\"><\/a><div class=\"mt-link-box__icon-container\"><\/div><p class=\"mt-link-box__title\">OEMs e NSCs<\/p><p class=\"mt-link-box__text\">Melhoria da rede<\/p><\/div>\n\n\n\n<div class=\"wp-block-indicata-link-box mt-link-box swiper-slide\"><a href=\"https:\/\/pt.indicata.com\/remarketers-de-frotas\/\" class=\"mt-link-box__link\"><\/a><div class=\"mt-link-box__icon-container\"><\/div><p class=\"mt-link-box__title\">Gestores de Remarketing<\/p><p class=\"mt-link-box__text\">OEM \/ Gestoras de Frotas \/ Rent a Car<\/p><\/div>\n\n\n\n<div class=\"wp-block-indicata-link-box mt-link-box swiper-slide\"><a href=\"https:\/\/pt.indicata.com\/definidores-de-rv-e-gestores-de-risco\/\" class=\"mt-link-box__link\"><\/a><div class=\"mt-link-box__icon-container\"><\/div><p class=\"mt-link-box__title\">Respons\u00e1veis pelo Valor Residual e pela Gest\u00e3o de Risco<\/p><p class=\"mt-link-box__text\">OEM \/ Gestoras de Frotas \/ Rent a Car<\/p><\/div>\n\n\n\n<div class=\"wp-block-indicata-link-box mt-link-box swiper-slide\"><a href=\"https:\/\/pt.indicata.com\/seguros\/\" class=\"mt-link-box__link\"><\/a><div class=\"mt-link-box__icon-container\"><\/div><p class=\"mt-link-box__title\">Seguradoras<\/p><p class=\"mt-link-box__text\"><\/p><\/div>\n<\/div><\/div><\/section>\n\n\n\n<section class=\"wp-block-morningmodules-text-media mt-text-media mt-text-media--align-media-right mt-text-media--align-media-mobile-bottom mtSpacing-bottom-small mtSpacing-top-small\"><div class=\"mt-text-media__inner\"><div class=\"mt-text-media__media-container\"><img decoding=\"async\" src=\"https:\/\/indicata.bluebird.pw\/wp-content\/uploads\/2024\/04\/Frame-24642.jpg\" alt=\"\" style=\"object-position:50% 50%\"\/><\/div><div class=\"mt-text-media__text-container\"><span class=\"mt-text-media__tagline mt-tagline\">O que \u00e9 o INDICATA?<\/span><h2 class=\"mt-text-media__title\">An\u00e1lise de mercado e gest\u00e3o de stocks de ve\u00edculos usados<\/h2>\n<p>Embora os nossos alicerceces se baseiem na avalia\u00e7\u00e3o de ve\u00edculos usados, a miss\u00e3o do Indicata \u00e9 proporcionar aos OEM, aos grupos de concession\u00e1rios e retalhistas, bem como aos propriet\u00e1rios de frotas, ferramentas e solu\u00e7\u00f5es de apoio \u00e0 tomada de decis\u00f5es que aumentem os lucros.<\/p>\n\n\n\n<div class=\"wp-block-buttons is-layout-flex wp-block-buttons-is-layout-flex\">\n<div class=\"wp-block-button open-slide-in-contact\" data-contact-slide-in-view=\"3\"><a class=\"wp-block-button__link wp-element-button\">Solicite uma demonstra\u00e7\u00e3o<\/a><\/div>\n\n\n\n<div class=\"wp-block-button is-style-primary-transparent open-slide-in-contact\" data-contact-slide-in-view=\"2\"><a class=\"wp-block-button__link wp-element-button\">Contacte-nos<\/a><\/div>\n<\/div>\n<\/div><\/div><\/section>\n\n\n\n<section class=\"wp-block-morningmodules-logo-line mt-logo-line mt-logo-line--should-slide mt-logo-line--border-top mtSpacing-top-extraSmall mtSpacing-bottom-small\"><div class=\"mt-logo-line__inner\"><div class=\"mt-logo-line__text-container\"><p class=\"mt-logo-line__text\">Trusted by global<br>automotive brands<\/p><\/div><div class=\"mt-logo-line__logos-container swiper\"><div class=\"swiper-wrapper\">\n<div class=\"wp-block-morningmodules-logo-line-logo mt-logo swiper-slide\" style=\"opacity:1\"><img decoding=\"async\" src=\"https:\/\/indicata.bluebird.pw\/wp-content\/uploads\/2024\/09\/BMW-cropped.svg\" alt=\"\" class=\"mt-logo__logo\" style=\"max-height:40px;margin-top:0px\"><\/div>\n\n\n\n<div class=\"wp-block-morningmodules-logo-line-logo mt-logo swiper-slide\" style=\"opacity:1\"><img decoding=\"async\" src=\"https:\/\/indicata.bluebird.pw\/wp-content\/uploads\/2024\/09\/ford-cropped.svg\" alt=\"\" class=\"mt-logo__logo\" style=\"max-height:40px;margin-top:0px\"><\/div>\n\n\n\n<div class=\"wp-block-morningmodules-logo-line-logo mt-logo swiper-slide\" style=\"opacity:1\"><img decoding=\"async\" src=\"https:\/\/indicata.bluebird.pw\/wp-content\/uploads\/2024\/09\/Mercedes-cropped.svg\" alt=\"\" class=\"mt-logo__logo\" style=\"max-height:40px;margin-top:0px\"><\/div>\n\n\n\n<div class=\"wp-block-morningmodules-logo-line-logo mt-logo swiper-slide\" style=\"opacity:1\"><img decoding=\"async\" src=\"https:\/\/indicata.bluebird.pw\/wp-content\/uploads\/2024\/09\/nissan-cropped.svg\" alt=\"\" class=\"mt-logo__logo\" style=\"max-height:40px;margin-top:0px\"><\/div>\n\n\n\n<div class=\"wp-block-morningmodules-logo-line-logo mt-logo swiper-slide\" style=\"opacity:1\"><img decoding=\"async\" src=\"https:\/\/indicata.bluebird.pw\/wp-content\/uploads\/2024\/09\/renault-cropped.svg\" alt=\"\" class=\"mt-logo__logo\" style=\"max-height:40px;margin-top:0px\"><\/div>\n\n\n\n<div class=\"wp-block-morningmodules-logo-line-logo mt-logo swiper-slide\" style=\"opacity:1\"><img decoding=\"async\" src=\"https:\/\/indicata.bluebird.pw\/wp-content\/uploads\/2024\/09\/Tesla-cropped.svg\" alt=\"\" class=\"mt-logo__logo\" style=\"max-height:40px;margin-top:0px\"><\/div>\n\n\n\n<div class=\"wp-block-morningmodules-logo-line-logo mt-logo swiper-slide\" style=\"opacity:1\"><img decoding=\"async\" src=\"https:\/\/indicata.bluebird.pw\/wp-content\/uploads\/2024\/09\/Volkswagen-cropped.svg\" alt=\"\" class=\"mt-logo__logo\" style=\"max-height:40px;margin-top:0px\"><\/div>\n\n\n\n<div class=\"wp-block-morningmodules-logo-line-logo mt-logo swiper-slide\" style=\"opacity:1\"><img decoding=\"async\" src=\"https:\/\/indicata.bluebird.pw\/wp-content\/uploads\/2024\/09\/Volvo-cropped.svg\" alt=\"\" class=\"mt-logo__logo\" style=\"max-height:40px;margin-top:0px\"><\/div>\n\n\n\n<div class=\"wp-block-morningmodules-logo-line-logo mt-logo swiper-slide\" style=\"opacity:1\"><img decoding=\"async\" src=\"https:\/\/indicata.bluebird.pw\/wp-content\/uploads\/2024\/09\/sixt-cropped.svg\" alt=\"\" class=\"mt-logo__logo\" style=\"max-height:40px;margin-top:0px\"><\/div>\n\n\n\n<div class=\"wp-block-morningmodules-logo-line-logo mt-logo swiper-slide\" style=\"opacity:1\"><img decoding=\"async\" src=\"https:\/\/indicata.bluebird.pw\/wp-content\/uploads\/2024\/09\/stellantis-cropped.svg\" alt=\"\" class=\"mt-logo__logo\" style=\"max-height:40px;margin-top:0px\"><\/div>\n\n\n\n<div class=\"wp-block-morningmodules-logo-line-logo mt-logo swiper-slide\" style=\"opacity:1\"><img decoding=\"async\" src=\"https:\/\/indicata.bluebird.pw\/wp-content\/uploads\/2024\/09\/Teknicar-cropped.svg\" alt=\"\" class=\"mt-logo__logo\" style=\"max-height:40px;margin-top:0px\"><\/div>\n<\/div><\/div><\/div><\/section>\n\n\n\n<section class=\"wp-block-indicata-breaker mt-breaker-advanced\"><div class=\"mt-breaker-advanced__container\"><div class=\"mt-breaker-advanced__overlay\" style=\"opacity:0\"><\/div><div class=\"mt-breaker-advanced__image-container object-fit\"><img decoding=\"async\" src=\"https:\/\/indicata.bluebird.pw\/wp-content\/uploads\/2024\/06\/MW_Cover_-No_Edition.png\" alt=\"\" style=\"object-position:56.99999999999999% 78%\"\/><\/div><div class=\"mt-breaker-advanced__inner page-container\"><div class=\"mt-breaker-advanced__text-container\"><span class=\"mt-breaker-advanced__tagline mt-tagline\">AN\u00c1LISES RECENTES<\/span><h2 class=\"mt-breaker-advanced__title\">Relat\u00f3rio INDICATA Market Watch<\/h2>\n<p>Conhe\u00e7a as \u00faltimas tend\u00eancias do mercado europeu de ve\u00edculos usados atrav\u00e9s do INDICATA Market Watch<\/p>\n\n\n\n<p>Dados dispon\u00edveis de 13 pa\u00edses europeus<\/p>\n\n\n\n<div class=\"wp-block-buttons is-layout-flex wp-block-buttons-is-layout-flex\">\n<div class=\"wp-block-button is-style-primary-transparent\"><a class=\"wp-block-button__link wp-element-button\" href=\"\/market-watch\/\">Ler mais<\/a><\/div>\n<\/div>\n<\/div><\/div><\/div><\/section>\n\n\n<div data-react-class=\"PostSlider\" data-react-props=\"{&quot;endpoint&quot;:&quot;https:\\\/\\\/indicata.bluebird.pw\\\/pt-pt\\\/wp-json\\\/indicata\\\/v1\\\/post-slider\\\/posts&quot;,&quot;currentPostId&quot;:1604,&quot;className&quot;:&quot;mtSpacing-top-medium mtSpacing-bottom-medium&quot;,&quot;tagline&quot;:&quot;Not\\u00edcias do INDICATA&quot;,&quot;title&quot;:&quot;Artigos&quot;,&quot;link&quot;:{&quot;url&quot;:&quot;\\\/resources\\\/?postType=post&quot;,&quot;id&quot;:2,&quot;title&quot;:&quot;Forside&quot;,&quot;type&quot;:&quot;page&quot;,&quot;kind&quot;:&quot;post-type&quot;,&quot;isFrontPage&quot;:true},&quot;linkText&quot;:&quot;See all&quot;,&quot;categories&quot;:[{&quot;label&quot;:&quot;Entrevistas&quot;,&quot;value&quot;:333},{&quot;label&quot;:&quot;Market Watch&quot;,&quot;value&quot;:161},{&quot;label&quot;:&quot;Whitepapers&quot;,&quot;value&quot;:157}],&quot;selectedPostIds&quot;:[],&quot;postCardButtonText&quot;:&quot;Read more&quot;,&quot;allText&quot;:&quot;All&quot;,&quot;newText&quot;:&quot;New&quot;,&quot;noPosts&quot;:&quot;No posts found.&quot;}\"><\/div>\n\n\n\n<section class=\"wp-block-morningmodules-breaker mt-breaker\"><div class=\"mt-breaker__container\"><div class=\"mt-breaker__overlay\" style=\"opacity:0\"><\/div><div class=\"mt-breaker__image-container object-fit\"><img decoding=\"async\" src=\"https:\/\/indicata.bluebird.pw\/wp-content\/uploads\/2024\/04\/Frame-24740.jpg\" alt=\"\" style=\"object-position:50% 50%\"\/><\/div><div class=\"mt-breaker__inner page-container\"><div class=\"mt-breaker__text-container\"><span class=\"mt-breaker__tagline mt-tagline\">Come\u00e7e j\u00e1<\/span><h2 class=\"mt-breaker__title\">Inicie a otimiza\u00e7\u00e3o das suas opera\u00e7\u00f5es hoje<\/h2>\n<div class=\"wp-block-buttons is-layout-flex wp-block-buttons-is-layout-flex\">\n<div class=\"wp-block-button open-slide-in-contact\" data-contact-slide-in-view=\"3\"><a class=\"wp-block-button__link wp-element-button\">Solicite uma demonstra\u00e7\u00e3o<\/a><\/div>\n\n\n\n<div class=\"wp-block-button is-style-primary-transparent open-slide-in-contact\" data-contact-slide-in-view=\"2\"><a class=\"wp-block-button__link wp-element-button\">Contacte-nos<\/a><\/div>\n<\/div>\n<\/div><\/div><\/div><\/section>\n","protected":false},"excerpt":{"rendered":"","protected":false},"author":2,"featured_media":0,"parent":0,"menu_order":0,"comment_status":"closed","ping_status":"closed","template":"","meta":{"_acf_changed":false,"footnotes":""},"class_list":["post-1604","page","type-page","status-publish","hentry"],"acf":[],"yoast_head":"<!-- This site is optimized with the Yoast SEO plugin v27.3 - https:\/\/yoast.com\/product\/yoast-seo-wordpress\/ -->\n<title>INDICATA - Intelig\u00eancia na tomada de decis\u00f5es sobre ve\u00edculos usados<\/title>\n<meta name=\"robots\" content=\"noindex, follow, max-snippet:-1, max-image-preview:large, max-video-preview:-1\" \/>\n<meta property=\"og:locale\" content=\"pt_PT\" \/>\n<meta property=\"og:type\" content=\"article\" \/>\n<meta property=\"og:title\" content=\"INDICATA - Intelig\u00eancia na tomada de decis\u00f5es sobre ve\u00edculos usados\" \/>\n<meta property=\"og:url\" content=\"https:\/\/pt.indicata.com\/\" \/>\n<meta property=\"og:site_name\" content=\"Indicata\" \/>\n<meta property=\"article:modified_time\" content=\"2024-09-10T09:12:38+00:00\" \/>\n<meta property=\"og:image\" content=\"https:\/\/indicata.bluebird.pw\/wp-content\/uploads\/2024\/04\/Frame-3.jpg\" \/>\n<meta name=\"twitter:card\" content=\"summary_large_image\" \/>\n<meta name=\"twitter:label1\" content=\"Tempo estimado de leitura\" \/>\n\t<meta name=\"twitter:data1\" content=\"4 minutos\" \/>\n<script type=\"application\/ld+json\" class=\"yoast-schema-graph\">{\"@context\":\"https:\\\/\\\/schema.org\",\"@graph\":[{\"@type\":\"WebPage\",\"@id\":\"https:\\\/\\\/pt.indicata.com\\\/\",\"url\":\"https:\\\/\\\/pt.indicata.com\\\/\",\"name\":\"INDICATA - Intelig\u00eancia na tomada de decis\u00f5es sobre ve\u00edculos usados\",\"isPartOf\":{\"@id\":\"https:\\\/\\\/indicata.bluebird.pw\\\/#website\"},\"primaryImageOfPage\":{\"@id\":\"https:\\\/\\\/pt.indicata.com\\\/#primaryimage\"},\"image\":{\"@id\":\"https:\\\/\\\/pt.indicata.com\\\/#primaryimage\"},\"thumbnailUrl\":\"https:\\\/\\\/indicata.bluebird.pw\\\/wp-content\\\/uploads\\\/2024\\\/04\\\/Frame-3.jpg\",\"datePublished\":\"2024-04-11T07:09:16+00:00\",\"dateModified\":\"2024-09-10T09:12:38+00:00\",\"breadcrumb\":{\"@id\":\"https:\\\/\\\/pt.indicata.com\\\/#breadcrumb\"},\"inLanguage\":\"pt-PT\",\"potentialAction\":[{\"@type\":\"ReadAction\",\"target\":[\"https:\\\/\\\/pt.indicata.com\\\/\"]}]},{\"@type\":\"ImageObject\",\"inLanguage\":\"pt-PT\",\"@id\":\"https:\\\/\\\/pt.indicata.com\\\/#primaryimage\",\"url\":\"https:\\\/\\\/indicata.bluebird.pw\\\/wp-content\\\/uploads\\\/2024\\\/04\\\/Frame-3.jpg\",\"contentUrl\":\"https:\\\/\\\/indicata.bluebird.pw\\\/wp-content\\\/uploads\\\/2024\\\/04\\\/Frame-3.jpg\"},{\"@type\":\"BreadcrumbList\",\"@id\":\"https:\\\/\\\/pt.indicata.com\\\/#breadcrumb\",\"itemListElement\":[{\"@type\":\"ListItem\",\"position\":1,\"name\":\"Home\",\"item\":\"https:\\\/\\\/pt.indicata.com\\\/\"},{\"@type\":\"ListItem\",\"position\":2,\"name\":\"P\u00e1gina inicial\"}]},{\"@type\":\"WebSite\",\"@id\":\"https:\\\/\\\/indicata.bluebird.pw\\\/#website\",\"url\":\"https:\\\/\\\/indicata.bluebird.pw\\\/\",\"name\":\"Indicata\",\"description\":\"Part of Autorola Group\",\"potentialAction\":[{\"@type\":\"SearchAction\",\"target\":{\"@type\":\"EntryPoint\",\"urlTemplate\":\"https:\\\/\\\/indicata.bluebird.pw\\\/?s={search_term_string}\"},\"query-input\":{\"@type\":\"PropertyValueSpecification\",\"valueRequired\":true,\"valueName\":\"search_term_string\"}}],\"inLanguage\":\"pt-PT\"}]}<\/script>\n<!-- \/ Yoast SEO plugin. -->","yoast_head_json":{"title":"INDICATA - Intelig\u00eancia na tomada de decis\u00f5es sobre ve\u00edculos usados","robots":{"index":"noindex","follow":"follow","max-snippet":"max-snippet:-1","max-image-preview":"max-image-preview:large","max-video-preview":"max-video-preview:-1"},"og_locale":"pt_PT","og_type":"article","og_title":"INDICATA - Intelig\u00eancia na tomada de decis\u00f5es sobre ve\u00edculos usados","og_url":"https:\/\/pt.indicata.com\/","og_site_name":"Indicata","article_modified_time":"2024-09-10T09:12:38+00:00","og_image":[{"url":"https:\/\/indicata.bluebird.pw\/wp-content\/uploads\/2024\/04\/Frame-3.jpg","type":"","width":"","height":""}],"twitter_card":"summary_large_image","twitter_misc":{"Tempo estimado de leitura":"4 minutos"},"schema":{"@context":"https:\/\/schema.org","@graph":[{"@type":"WebPage","@id":"https:\/\/pt.indicata.com\/","url":"https:\/\/pt.indicata.com\/","name":"INDICATA - Intelig\u00eancia na tomada de decis\u00f5es sobre ve\u00edculos usados","isPartOf":{"@id":"https:\/\/indicata.bluebird.pw\/#website"},"primaryImageOfPage":{"@id":"https:\/\/pt.indicata.com\/#primaryimage"},"image":{"@id":"https:\/\/pt.indicata.com\/#primaryimage"},"thumbnailUrl":"https:\/\/indicata.bluebird.pw\/wp-content\/uploads\/2024\/04\/Frame-3.jpg","datePublished":"2024-04-11T07:09:16+00:00","dateModified":"2024-09-10T09:12:38+00:00","breadcrumb":{"@id":"https:\/\/pt.indicata.com\/#breadcrumb"},"inLanguage":"pt-PT","potentialAction":[{"@type":"ReadAction","target":["https:\/\/pt.indicata.com\/"]}]},{"@type":"ImageObject","inLanguage":"pt-PT","@id":"https:\/\/pt.indicata.com\/#primaryimage","url":"https:\/\/indicata.bluebird.pw\/wp-content\/uploads\/2024\/04\/Frame-3.jpg","contentUrl":"https:\/\/indicata.bluebird.pw\/wp-content\/uploads\/2024\/04\/Frame-3.jpg"},{"@type":"BreadcrumbList","@id":"https:\/\/pt.indicata.com\/#breadcrumb","itemListElement":[{"@type":"ListItem","position":1,"name":"Home","item":"https:\/\/pt.indicata.com\/"},{"@type":"ListItem","position":2,"name":"P\u00e1gina inicial"}]},{"@type":"WebSite","@id":"https:\/\/indicata.bluebird.pw\/#website","url":"https:\/\/indicata.bluebird.pw\/","name":"Indicata","description":"Part of Autorola Group","potentialAction":[{"@type":"SearchAction","target":{"@type":"EntryPoint","urlTemplate":"https:\/\/indicata.bluebird.pw\/?s={search_term_string}"},"query-input":{"@type":"PropertyValueSpecification","valueRequired":true,"valueName":"search_term_string"}}],"inLanguage":"pt-PT"}]}},"_links":{"self":[{"href":"https:\/\/indicata.bluebird.pw\/pt-pt\/wp-json\/wp\/v2\/pages\/1604","targetHints":{"allow":["GET"]}}],"collection":[{"href":"https:\/\/indicata.bluebird.pw\/pt-pt\/wp-json\/wp\/v2\/pages"}],"about":[{"href":"https:\/\/indicata.bluebird.pw\/pt-pt\/wp-json\/wp\/v2\/types\/page"}],"author":[{"embeddable":true,"href":"https:\/\/indicata.bluebird.pw\/pt-pt\/wp-json\/wp\/v2\/users\/2"}],"replies":[{"embeddable":true,"href":"https:\/\/indicata.bluebird.pw\/pt-pt\/wp-json\/wp\/v2\/comments?post=1604"}],"version-history":[{"count":10,"href":"https:\/\/indicata.bluebird.pw\/pt-pt\/wp-json\/wp\/v2\/pages\/1604\/revisions"}],"predecessor-version":[{"id":7718,"href":"https:\/\/indicata.bluebird.pw\/pt-pt\/wp-json\/wp\/v2\/pages\/1604\/revisions\/7718"}],"wp:attachment":[{"href":"https:\/\/indicata.bluebird.pw\/pt-pt\/wp-json\/wp\/v2\/media?parent=1604"}],"curies":[{"name":"wp","href":"https:\/\/api.w.org\/{rel}","templated":true}]}}