{"id":1775,"date":"2024-05-21T21:12:22","date_gmt":"2024-05-21T19:12:22","guid":{"rendered":"https:\/\/indicata.bluebird.pw\/cookies\/"},"modified":"2024-09-03T11:36:29","modified_gmt":"2024-09-03T09:36:29","slug":"cookies","status":"publish","type":"page","link":"https:\/\/indicata.bluebird.pw\/pt-pt\/cookies\/","title":{"rendered":"Cookies"},"content":{"rendered":"\n<section class=\"wp-block-indicata-post-content mt-post-content\"><div class=\"mt-post-content__inner\"><div class=\"mt-post-content__content\">\n<h2 class=\"wp-block-heading\">Cookies<\/h2>\n\n\n\n<p>Este documento fornece informa\u00e7\u00f5es sobre como e por que motivo utilizamos cookies. Tamb\u00e9m iremos indicar que cookies utilizamos e fornecer algumas informa\u00e7\u00f5es sobre terceiros que tamb\u00e9m colocam cookies no nosso Website.<\/p>\n\n\n\n<h3 class=\"wp-block-heading\" id=\"Summary\">Resumo<\/h3>\n\n\n\n<p>Este documento aplica-se a:<\/p>\n\n\n\n<ul class=\"wp-block-list\">\n<li>Visitantes do Website<\/li>\n<\/ul>\n\n\n\n<p>Este documento aborda:<\/p>\n\n\n\n<ul class=\"wp-block-list\">\n<li><a href=\"https:\/\/www.indicata.pt\/cookies#Cookies\">Cookies<\/a><\/li>\n\n\n\n<li><a href=\"https:\/\/www.indicata.pt\/cookies#Summary\">Resumo<\/a><\/li>\n\n\n\n<li><a href=\"https:\/\/www.indicata.pt\/cookies#What-is-a-cookie\">O que \u00e9 um cookie?<\/a>\n<ul class=\"wp-block-list\">\n<li><a href=\"https:\/\/www.indicata.pt\/cookies#Types-of-cookies\">Tipos de cookies<\/a><\/li>\n<\/ul>\n<\/li>\n\n\n\n<li><a href=\"https:\/\/www.indicata.pt\/cookies#Which-cookies-do-we-use\">Que cookies utilizamos?<\/a>\n<ul class=\"wp-block-list\">\n<li><a href=\"https:\/\/www.indicata.pt\/cookies#Essential-cookies\">Cookies essenciais<\/a><\/li>\n\n\n\n<li><a href=\"https:\/\/www.indicata.pt\/cookies#Analytical-cookies\">Cookies anal\u00edticos<\/a><\/li>\n\n\n\n<li><a href=\"https:\/\/www.indicata.pt\/cookies#Marketing-Cookies\">Cookies de marketing<\/a><\/li>\n\n\n\n<li><a href=\"https:\/\/www.indicata.pt\/cookies#Personalization%20Cookies\">Cookies de personaliza\u00e7\u00e3o<\/a><\/li>\n<\/ul>\n<\/li>\n\n\n\n<li><a href=\"https:\/\/www.indicata.pt\/cookies#How-do-we-use-cookies\">Como utilizamos os cookies?<\/a><\/li>\n\n\n\n<li><a href=\"https:\/\/www.indicata.pt\/cookies#How-to-block-cookies\">Como bloquear cookies<\/a><\/li>\n\n\n\n<li><a href=\"https:\/\/www.indicata.pt\/cookies#How-to-withdraw-a-given-consent\">Como revogar um consentimento dado<\/a><\/li>\n\n\n\n<li><a href=\"https:\/\/www.indicata.pt\/cookies#Cookies-list\">Lista de cookies<\/a><\/li>\n\n\n\n<li><a href=\"https:\/\/www.indicata.pt\/cookies#Contact-Us\">Contacte-nos<\/a><\/li>\n<\/ul>\n\n\n\n<h3 class=\"wp-block-heading\" id=\"What-is-a-cookie\"><br>O que \u00e9 um cookie?<\/h3>\n\n\n\n<p>Os cookies s\u00e3o pequenos ficheiros de texto que s\u00e3o armazenados no seu dispositivo e que nos permitem tornar a sua experi\u00eancia melhor e mais eficiente. Permitem-nos reconhecer o seu dispositivo e navegador e armazenar informa\u00e7\u00e3o importante para a melhoria dos nossos servi\u00e7os.<\/p>\n\n\n\n<h3 class=\"wp-block-heading\" id=\"Types-of-cookies\">Tipos de cookies<\/h3>\n\n\n\n<p><strong>Cookies de sess\u00e3o e cookies persistentes<\/strong><\/p>\n\n\n\n<ul class=\"wp-block-list\">\n<li>Os cookies de sess\u00e3o s\u00e3o armazenados temporariamente na mem\u00f3ria dos seus dispositivos enquanto visita o Website e s\u00e3o apagados quando fecha o seu navegador.<\/li>\n\n\n\n<li>Os cookies persistentes s\u00e3o armazenados durante um per\u00edodo predeterminado, que varia consoante o cookie. S\u00e3o mais duradouros do que os cookies de sess\u00e3o, mas tamb\u00e9m perdem a validade ap\u00f3s algum tempo. Ajudam-nos a compreender se visitou anteriormente o nosso Website ou sites semelhantes.<\/li>\n<\/ul>\n\n\n\n<p><strong>Cookies originais e cookies de terceiros<\/strong><\/p>\n\n\n\n<ul class=\"wp-block-list\">\n<li>Os cookies originais s\u00e3o definidos diretamente pelo Website ou por qualquer um dos subdom\u00ednios do Website.<\/li>\n\n\n\n<li>Os cookies de terceiros s\u00e3o definidos por Websites que n\u00e3o s\u00e3o geridos por n\u00f3s, como os nossos subcontratantes ou outros parceiros tecnol\u00f3gicos.<\/li>\n<\/ul>\n\n\n\n<h3 class=\"wp-block-heading\" id=\"Which-cookies-do-we-use\"><br>Que cookies utilizamos?<\/h3>\n\n\n\n<h4 class=\"wp-block-heading\" id=\"Essential-cookies\"><br>Cookies essenciais<\/h4>\n\n\n\n<p>Armazenamos cookies no seu dispositivo se forem necess\u00e1rios para nos permitir oferecer e prestar os nossos servi\u00e7os. Tamb\u00e9m s\u00e3o necess\u00e1rios para que navegue no Website e na aplica\u00e7\u00e3o Web e usufrua de todas as fun\u00e7\u00f5es dispon\u00edveis. Estes cookies n\u00e3o podem ser desativados e est\u00e3o definidos para op\u00e7\u00f5es muito b\u00e1sicas no Website, tais como iniciar sess\u00e3o, preencher formul\u00e1rios e definir prefer\u00eancias como o fuso hor\u00e1rio ou os idiomas.<\/p>\n\n\n\n<h4 class=\"wp-block-heading\" id=\"Analytical-cookies\">Cookies anal\u00edticos<\/h4>\n\n\n\n<p>Estes cookies s\u00e3o colocados para nos ajudar a compreender como interage com as op\u00e7\u00f5es dispon\u00edveis no Website, que sec\u00e7\u00f5es utiliza mais e como interage com os nossos servi\u00e7os. Isto ajuda-nos a criar estat\u00edsticas de utiliza\u00e7\u00e3o e a determinar o tempo que passa no Website. Em \u00faltima an\u00e1lise, estas estat\u00edsticas v\u00e3o ajudar-nos a melhorar o nosso Website e qualquer servi\u00e7o que oferecemos nele.<\/p>\n\n\n\n<h4 class=\"wp-block-heading\" id=\"Marketing-Cookies\">Cookies de marketing<\/h4>\n\n\n\n<p>Estes cookies s\u00e3o utilizados para lhe apresentar an\u00fancios que possam ser relevantes para si ou do seu interesse quando est\u00e1 a navegar na Internet. S\u00e3o maioritariamente colocados por terceiros sempre que interage com os respetivos conte\u00fados no nosso Website.<\/p>\n\n\n\n<h4 class=\"wp-block-heading\" id=\"Personalization-Cookies\">Cookies de personaliza\u00e7\u00e3o<\/h4>\n\n\n\n<p>Estes cookies s\u00e3o colocados para nos ajudar a fornecer-lhe uma melhor funcionalidade do Website e dos nossos servi\u00e7os e para os tornar mais personalizados para si.<\/p>\n\n\n\n<p>Pode bloquear estes cookies, mas, se o fizer, determinadas sec\u00e7\u00f5es do Website podem n\u00e3o funcionar da forma que pretendemos.<\/p>\n\n\n\n<h3 class=\"wp-block-heading\" id=\"How-do-we-use-cookies\">Como utilizamos os cookies?<\/h3>\n\n\n\n<p>Recolhemos dados atrav\u00e9s dos cookies descritos para medir o tr\u00e1fego para o nosso Website, compreender o seu comportamento para otimizar a experi\u00eancia do utilizador, bem como para personalizar os conte\u00fados nos Websites e apresentar publicidade relevante que possa ser do seu interesse. Al\u00e9m disso, utilizamos os dados recolhidos para desenvolver os nossos Websites.<\/p>\n\n\n\n<h3 class=\"wp-block-heading\" id=\"How-to-block-cookies\">Como bloquear cookies<\/h3>\n\n\n\n<p>Pode parar ou restringir a coloca\u00e7\u00e3o de cookies e outras tecnologias de rastreio, tais como etiquetas de p\u00edxeis. Para o fazer, bloqueie os cookies e estas tecnologias no seu dispositivo ou elimine-os e ajuste as prefer\u00eancias no seu navegador. Este procedimento pode variar consoante o dispositivo e o navegador.<\/p>\n\n\n\n<p>Assim que bloquear corretamente os cookies no seu navegador, determinadas sec\u00e7\u00f5es do Website podem ficar indispon\u00edveis para si ou n\u00e3o funcionar corretamente.<\/p>\n\n\n\n<h3 class=\"wp-block-heading\" id=\"How-to-withdraw-a-given-consent\">Como revogar um consentimento dado<\/h3>\n\n\n\n<p>Para revogar um consentimento que tenha dado, pode clicar no pequeno \u00edcone de cookie na parte inferior dos Websites e simplesmente alterar a posi\u00e7\u00e3o do bot\u00e3o de consentimento e clicar em &#8220;guardar&#8221;.<\/p>\n\n\n\n<h3 class=\"wp-block-heading\" id=\"Cookies-list\">Lista de cookies<\/h3>\n\n\n\n<p>Pode consultar a lista de cookies utilizados pela Autorola na caixa de consentimento de cookies, por baixo de cada categoria de cookies. Contacte-nos<\/p>\n\n\n\n<p>Se tiver alguma d\u00favida relativamente a este documento, contacte-nos.<\/p>\n\n\n\n<p>Autorola A\/S<br>Skibhusvej 52A<br>DK-5000 Odense C<br>Dinamarca<br><br>Telefone: +45 70 20 16 61<br>Email:&nbsp;<a href=\"mailto:gdpr@indicata.com\">gdpr@indicata.com<\/a><\/p>\n<\/div><div class=\"mt-post-content__actions\"><div class=\"mt-post-content__actions--tags\"><\/div><div class=\"mt-post-content__actions--share-buttons\"><div class=\"mt-share-buttons\"><div class=\"mt-share-buttons__button mt-share-buttons__button--print\"><svg xmlns=\"http:\/\/www.w3.org\/2000\/svg\" width=\"20\" height=\"21\" viewBox=\"0 0 20 21\" fill=\"none\"><path d=\"M5 8.00033V2.16699H15V8.00033\" stroke=\"#555555\" stroke-width=\"1.5\" stroke-linecap=\"round\" stroke-linejoin=\"round\"><\/path><path d=\"M4.99935 15.5H3.33268C2.89065 15.5 2.46673 15.3244 2.15417 15.0118C1.84161 14.6993 1.66602 14.2754 1.66602 13.8333V9.66667C1.66602 9.22464 1.84161 8.80072 2.15417 8.48816C2.46673 8.1756 2.89065 8 3.33268 8H16.666C17.108 8 17.532 8.1756 17.8445 8.48816C18.1571 8.80072 18.3327 9.22464 18.3327 9.66667V13.8333C18.3327 14.2754 18.1571 14.6993 17.8445 15.0118C17.532 15.3244 17.108 15.5 16.666 15.5H14.9993\" stroke=\"#555555\" stroke-width=\"1.5\" stroke-linecap=\"round\" stroke-linejoin=\"round\"><\/path><path d=\"M15 12.167H5V18.8337H15V12.167Z\" stroke=\"#555555\" stroke-width=\"1.5\" stroke-linecap=\"round\" stroke-linejoin=\"round\"><\/path><\/svg><\/div><div class=\"mt-share-buttons__button mt-share-buttons__button--bookmark\"><svg xmlns=\"http:\/\/www.w3.org\/2000\/svg\" width=\"20\" height=\"21\" viewBox=\"0 0 20 21\" fill=\"none\"><path d=\"M15.8327 18L9.99935 13.8333L4.16602 18V4.66667C4.16602 4.22464 4.34161 3.80072 4.65417 3.48816C4.96673 3.17559 5.39065 3 5.83268 3H14.166C14.608 3 15.032 3.17559 15.3445 3.48816C15.6571 3.80072 15.8327 4.22464 15.8327 4.66667V18Z\" stroke=\"#555555\" stroke-width=\"1.5\" stroke-linecap=\"round\" stroke-linejoin=\"round\"><\/path><\/svg><\/div><div class=\"mt-share-buttons__button mt-share-buttons__button--share\"><svg xmlns=\"http:\/\/www.w3.org\/2000\/svg\" width=\"20\" height=\"21\" viewBox=\"0 0 20 21\" fill=\"none\"><path d=\"M3.33398 10.5V17.1667C3.33398 17.6087 3.50958 18.0326 3.82214 18.3452C4.1347 18.6577 4.55862 18.8333 5.00065 18.8333H15.0007C15.4427 18.8333 15.8666 18.6577 16.1792 18.3452C16.4917 18.0326 16.6673 17.6087 16.6673 17.1667V10.5\" stroke=\"#555555\" stroke-width=\"1.5\" stroke-linecap=\"round\" stroke-linejoin=\"round\"><\/path><path d=\"M13.3327 5.50033L9.99935 2.16699L6.66602 5.50033\" stroke=\"#555555\" stroke-width=\"1.5\" stroke-linecap=\"round\" stroke-linejoin=\"round\"><\/path><path d=\"M10 2.16699V13.0003\" stroke=\"#555555\" stroke-width=\"1.5\" stroke-linecap=\"round\" stroke-linejoin=\"round\"><\/path><\/svg><\/div><\/div><\/div><\/div><\/div><\/section>\n","protected":false},"excerpt":{"rendered":"","protected":false},"author":4,"featured_media":0,"parent":0,"menu_order":0,"comment_status":"closed","ping_status":"closed","template":"","meta":{"_acf_changed":false,"footnotes":""},"class_list":["post-1775","page","type-page","status-publish","hentry"],"acf":[],"yoast_head":"<!-- This site is optimized with the Yoast SEO plugin v27.3 - https:\/\/yoast.com\/product\/yoast-seo-wordpress\/ -->\n<title>Cookies - Indicata<\/title>\n<meta name=\"robots\" content=\"noindex, follow, max-snippet:-1, max-image-preview:large, max-video-preview:-1\" \/>\n<meta property=\"og:locale\" content=\"pt_PT\" \/>\n<meta property=\"og:type\" content=\"article\" \/>\n<meta property=\"og:title\" content=\"Cookies - Indicata\" \/>\n<meta property=\"og:url\" content=\"https:\/\/pt.indicata.com\/cookies\/\" \/>\n<meta property=\"og:site_name\" content=\"Indicata\" \/>\n<meta property=\"article:modified_time\" content=\"2024-09-03T09:36:29+00:00\" \/>\n<meta name=\"twitter:card\" content=\"summary_large_image\" \/>\n<script type=\"application\/ld+json\" class=\"yoast-schema-graph\">{\"@context\":\"https:\\\/\\\/schema.org\",\"@graph\":[{\"@type\":\"WebPage\",\"@id\":\"https:\\\/\\\/pt.indicata.com\\\/cookies\\\/\",\"url\":\"https:\\\/\\\/pt.indicata.com\\\/cookies\\\/\",\"name\":\"Cookies - Indicata\",\"isPartOf\":{\"@id\":\"https:\\\/\\\/indicata.bluebird.pw\\\/#website\"},\"datePublished\":\"2024-05-21T19:12:22+00:00\",\"dateModified\":\"2024-09-03T09:36:29+00:00\",\"breadcrumb\":{\"@id\":\"https:\\\/\\\/pt.indicata.com\\\/cookies\\\/#breadcrumb\"},\"inLanguage\":\"pt-PT\",\"potentialAction\":[{\"@type\":\"ReadAction\",\"target\":[\"https:\\\/\\\/pt.indicata.com\\\/cookies\\\/\"]}]},{\"@type\":\"BreadcrumbList\",\"@id\":\"https:\\\/\\\/pt.indicata.com\\\/cookies\\\/#breadcrumb\",\"itemListElement\":[{\"@type\":\"ListItem\",\"position\":1,\"name\":\"Home\",\"item\":\"https:\\\/\\\/pt.indicata.com\\\/\"},{\"@type\":\"ListItem\",\"position\":2,\"name\":\"Cookies\"}]},{\"@type\":\"WebSite\",\"@id\":\"https:\\\/\\\/indicata.bluebird.pw\\\/#website\",\"url\":\"https:\\\/\\\/indicata.bluebird.pw\\\/\",\"name\":\"Indicata\",\"description\":\"Part of Autorola Group\",\"potentialAction\":[{\"@type\":\"SearchAction\",\"target\":{\"@type\":\"EntryPoint\",\"urlTemplate\":\"https:\\\/\\\/indicata.bluebird.pw\\\/?s={search_term_string}\"},\"query-input\":{\"@type\":\"PropertyValueSpecification\",\"valueRequired\":true,\"valueName\":\"search_term_string\"}}],\"inLanguage\":\"pt-PT\"}]}<\/script>\n<!-- \/ Yoast SEO plugin. -->","yoast_head_json":{"title":"Cookies - Indicata","robots":{"index":"noindex","follow":"follow","max-snippet":"max-snippet:-1","max-image-preview":"max-image-preview:large","max-video-preview":"max-video-preview:-1"},"og_locale":"pt_PT","og_type":"article","og_title":"Cookies - Indicata","og_url":"https:\/\/pt.indicata.com\/cookies\/","og_site_name":"Indicata","article_modified_time":"2024-09-03T09:36:29+00:00","twitter_card":"summary_large_image","schema":{"@context":"https:\/\/schema.org","@graph":[{"@type":"WebPage","@id":"https:\/\/pt.indicata.com\/cookies\/","url":"https:\/\/pt.indicata.com\/cookies\/","name":"Cookies - Indicata","isPartOf":{"@id":"https:\/\/indicata.bluebird.pw\/#website"},"datePublished":"2024-05-21T19:12:22+00:00","dateModified":"2024-09-03T09:36:29+00:00","breadcrumb":{"@id":"https:\/\/pt.indicata.com\/cookies\/#breadcrumb"},"inLanguage":"pt-PT","potentialAction":[{"@type":"ReadAction","target":["https:\/\/pt.indicata.com\/cookies\/"]}]},{"@type":"BreadcrumbList","@id":"https:\/\/pt.indicata.com\/cookies\/#breadcrumb","itemListElement":[{"@type":"ListItem","position":1,"name":"Home","item":"https:\/\/pt.indicata.com\/"},{"@type":"ListItem","position":2,"name":"Cookies"}]},{"@type":"WebSite","@id":"https:\/\/indicata.bluebird.pw\/#website","url":"https:\/\/indicata.bluebird.pw\/","name":"Indicata","description":"Part of Autorola Group","potentialAction":[{"@type":"SearchAction","target":{"@type":"EntryPoint","urlTemplate":"https:\/\/indicata.bluebird.pw\/?s={search_term_string}"},"query-input":{"@type":"PropertyValueSpecification","valueRequired":true,"valueName":"search_term_string"}}],"inLanguage":"pt-PT"}]}},"_links":{"self":[{"href":"https:\/\/indicata.bluebird.pw\/pt-pt\/wp-json\/wp\/v2\/pages\/1775","targetHints":{"allow":["GET"]}}],"collection":[{"href":"https:\/\/indicata.bluebird.pw\/pt-pt\/wp-json\/wp\/v2\/pages"}],"about":[{"href":"https:\/\/indicata.bluebird.pw\/pt-pt\/wp-json\/wp\/v2\/types\/page"}],"author":[{"embeddable":true,"href":"https:\/\/indicata.bluebird.pw\/pt-pt\/wp-json\/wp\/v2\/users\/4"}],"replies":[{"embeddable":true,"href":"https:\/\/indicata.bluebird.pw\/pt-pt\/wp-json\/wp\/v2\/comments?post=1775"}],"version-history":[{"count":1,"href":"https:\/\/indicata.bluebird.pw\/pt-pt\/wp-json\/wp\/v2\/pages\/1775\/revisions"}],"predecessor-version":[{"id":6567,"href":"https:\/\/indicata.bluebird.pw\/pt-pt\/wp-json\/wp\/v2\/pages\/1775\/revisions\/6567"}],"wp:attachment":[{"href":"https:\/\/indicata.bluebird.pw\/pt-pt\/wp-json\/wp\/v2\/media?parent=1775"}],"curies":[{"name":"wp","href":"https:\/\/api.w.org\/{rel}","templated":true}]}}