{"id":1777,"date":"2024-05-21T21:12:22","date_gmt":"2024-05-21T19:12:22","guid":{"rendered":"https:\/\/indicata.bluebird.pw\/cookies\/"},"modified":"2024-09-11T15:29:13","modified_gmt":"2024-09-11T13:29:13","slug":"cookies","status":"publish","type":"page","link":"https:\/\/indicata.bluebird.pw\/sv\/cookies\/","title":{"rendered":"Cookies"},"content":{"rendered":"\n<section class=\"wp-block-indicata-post-content mt-post-content\"><div class=\"mt-post-content__inner\"><div class=\"mt-post-content__content\">\n<h2 class=\"wp-block-heading\">Cookies<\/h2>\n\n\n\n<p>I det h\u00e4r dokumentet f\u00e5r du information om hur och varf\u00f6r vi anv\u00e4nder cookies. Vi kommer ocks\u00e5 att informera dig om vilka cookies vi anv\u00e4nder och viss information om tredje part som \u00e4ven placerar cookies p\u00e5 v\u00e5r webbplats.<\/p>\n\n\n\n<h3 class=\"wp-block-heading\" id=\"Summary\">Sammanfattning<\/h3>\n\n\n\n<p>Detta dokument g\u00e4ller f\u00f6r:<\/p>\n\n\n\n<ul class=\"wp-block-list\">\n<li>Bes\u00f6kare p\u00e5 webbplatsen<\/li>\n<\/ul>\n\n\n\n<p>Detta dokument omfattar:<\/p>\n\n\n\n<ul class=\"wp-block-list\">\n<li><a href=\"https:\/\/www.indicata.se\/cookies#Cookies\">Cookies<\/a><\/li>\n\n\n\n<li><a href=\"https:\/\/www.indicata.se\/cookies#Summary\">Sammanfattning<\/a><\/li>\n\n\n\n<li><a href=\"https:\/\/www.indicata.se\/cookies#What-is-a-cookie\">Vad \u00e4r en cookie?<\/a>\n<ul class=\"wp-block-list\">\n<li><a href=\"https:\/\/www.indicata.se\/cookies#Types-of-cookies\">Olika typer av cookies<\/a><\/li>\n<\/ul>\n<\/li>\n\n\n\n<li><a href=\"https:\/\/www.indicata.se\/cookies#Which-cookies-do-we-use\">Vilka cookies anv\u00e4nder vi?<\/a>\n<ul class=\"wp-block-list\">\n<li><a href=\"https:\/\/www.indicata.se\/cookies#Essential-cookies\">N\u00f6dv\u00e4ndiga cookies<\/a><\/li>\n\n\n\n<li><a href=\"https:\/\/www.indicata.se\/cookies#Analytical-cookies\">Analytiska cookies<\/a><\/li>\n\n\n\n<li><a href=\"https:\/\/www.indicata.se\/cookies#Marketing-Cookies\">Marknadsf\u00f6ringscookies<\/a><\/li>\n\n\n\n<li><a href=\"https:\/\/www.indicata.se\/cookies#Personalization%20Cookies\">Cookies f\u00f6r personliga inst\u00e4llningar<\/a><\/li>\n<\/ul>\n<\/li>\n\n\n\n<li><a href=\"https:\/\/www.indicata.se\/cookies#How-do-we-use-cookies\">Hur anv\u00e4nder vi cookies?<\/a><\/li>\n\n\n\n<li><a href=\"https:\/\/www.indicata.se\/cookies#How-to-block-cookies\">S\u00e5 h\u00e4r blockerar du cookies<\/a><\/li>\n\n\n\n<li><a href=\"https:\/\/www.indicata.se\/cookies#How-to-withdraw-a-given-consent\">S\u00e5 h\u00e4r \u00e5terkallar du ett givet samtycke<\/a><\/li>\n\n\n\n<li><a href=\"https:\/\/www.indicata.se\/cookies#Cookies-list\">Lista \u00f6ver cookies<\/a><\/li>\n\n\n\n<li><a href=\"https:\/\/www.indicata.se\/cookies#Contact-Us\">Kontakta oss<\/a><\/li>\n<\/ul>\n\n\n\n<h3 class=\"wp-block-heading\" id=\"What-is-a-cookie\"><br>Vad \u00e4r en cookie?<\/h3>\n\n\n\n<p>Cookies \u00e4r sm\u00e5 textfiler som sparas p\u00e5 din enhet och som g\u00f6r att vi kan f\u00f6rb\u00e4ttra och effektivisera din upplevelse. De g\u00f6r det m\u00f6jligt f\u00f6r oss att k\u00e4nna igen din enhet och webbl\u00e4sare och lagra information som \u00e4r viktig f\u00f6r f\u00f6rb\u00e4ttringen av v\u00e5ra tj\u00e4nster.<\/p>\n\n\n\n<h3 class=\"wp-block-heading\" id=\"Types-of-cookies\">Olika typer av cookies<\/h3>\n\n\n\n<p><br><strong>Sessionscookies och permanenta cookies<\/strong><\/p>\n\n\n\n<ul class=\"wp-block-list\">\n<li>Sessionscookies sparas tillf\u00e4lligt i minnet p\u00e5 dina enheter n\u00e4r du bes\u00f6ker webbplatsen och raderas n\u00e4r du st\u00e4nger webbl\u00e4saren.<\/li>\n\n\n\n<li>Permanenta cookies lagras under en f\u00f6rutbest\u00e4md tidsperiod, som varierar fr\u00e5n cookie till cookie. De \u00e4r l\u00e4ngre \u00e4n sessionscookies, men de upph\u00f6r ocks\u00e5 att g\u00e4lla efter en tid. De hj\u00e4lper oss att f\u00f6rst\u00e5 om du tidigare har bes\u00f6kt v\u00e5r webbplats eller liknande.<\/li>\n<\/ul>\n\n\n\n<p><br><strong>F\u00f6rstaparts- och tredjepartscookies<\/strong><\/p>\n\n\n\n<ul class=\"wp-block-list\">\n<li>F\u00f6rstapartscookies st\u00e4lls in direkt av webbplatsen eller av n\u00e5gon av underdom\u00e4nerna p\u00e5 webbplatsen.<\/li>\n\n\n\n<li>Tredjepartscookies st\u00e4lls in av webbplatser som inte hanteras av oss, till exempel v\u00e5ra underleverant\u00f6rer eller andra teknikpartners.<\/li>\n<\/ul>\n\n\n\n<h3 class=\"wp-block-heading\" id=\"Which-cookies-do-we-use\"><br>Vilka cookies anv\u00e4nder vi?<\/h3>\n\n\n\n<h4 class=\"wp-block-heading\" id=\"Essential-cookies\"><br>N\u00f6dv\u00e4ndiga cookies<\/h4>\n\n\n\n<p>Vi sparar cookies p\u00e5 din enhet om de \u00e4r n\u00f6dv\u00e4ndiga f\u00f6r att vi ska kunna erbjuda och tillhandah\u00e5lla v\u00e5ra tj\u00e4nster. De beh\u00f6vs ocks\u00e5 f\u00f6r att du ska kunna navigera p\u00e5 webbplatsen och i webbapplikationen och anv\u00e4nda alla tillg\u00e4ngliga funktioner. Dessa cookies kan inte st\u00e4ngas av och st\u00e4lls in f\u00f6r mycket grundl\u00e4ggande alternativ p\u00e5 webbplatsen, s\u00e5som inloggning, formul\u00e4r och inst\u00e4llningar som tidszon eller spr\u00e5k.<\/p>\n\n\n\n<h4 class=\"wp-block-heading\" id=\"Analytical-cookies\">Analytiska cookies<\/h4>\n\n\n\n<p>Dessa cookies placeras f\u00f6r att hj\u00e4lpa oss att f\u00f6rst\u00e5 hur du interagerar med de tillg\u00e4ngliga alternativen p\u00e5 webbplatsen, vilka delar du anv\u00e4nder mest och hur du interagerar med v\u00e5ra tj\u00e4nster. Detta hj\u00e4lper oss att skapa statistik \u00f6ver anv\u00e4ndningen och hur mycket tid du tillbringar p\u00e5 webbplatsen. Denna statistik kommer i slut\u00e4ndan att hj\u00e4lpa oss att f\u00f6rb\u00e4ttra v\u00e5r webbplats och eventuella tj\u00e4nster som vi erbjuder.<\/p>\n\n\n\n<h4 class=\"wp-block-heading\" id=\"Marketing-Cookies\">Marknadsf\u00f6ringscookies<\/h4>\n\n\n\n<p>Dessa cookies anv\u00e4nds f\u00f6r att ge dig annonser som kan vara relevanta eller intressanta f\u00f6r dig n\u00e4r du surfar p\u00e5 internet. De placeras oftast av tredje part n\u00e4r du interagerar med deras inneh\u00e5ll p\u00e5 v\u00e5r webbplats.<\/p>\n\n\n\n<h4 class=\"wp-block-heading\" id=\"Personalization-Cookies\">Cookies f\u00f6r personliga inst\u00e4llningar<\/h4>\n\n\n\n<p>Dessa cookies placeras p\u00e5 din enhet f\u00f6r att hj\u00e4lpa oss att ge dig b\u00e4ttre funktionalitet p\u00e5 webbplatsen och v\u00e5ra tj\u00e4nster och f\u00f6r att g\u00f6ra dem mer personliga f\u00f6r dig.<\/p>\n\n\n\n<p>Du kan blockera dessa cookies men om du g\u00f6r det kan det h\u00e4nda att delar av webbplatsen inte fungerar som vi avsett.<\/p>\n\n\n\n<h3 class=\"wp-block-heading\" id=\"How-do-we-use-cookies\">Hur anv\u00e4nder vi cookies?<\/h3>\n\n\n\n<p>Vi samlar in data med hj\u00e4lp av de cookies som beskrivs nedan f\u00f6r att m\u00e4ta trafiken till v\u00e5r webbplats, f\u00f6r att f\u00f6rst\u00e5 ditt beteende och f\u00f6r att optimera anv\u00e4ndarupplevelsen samt f\u00f6r att anpassa inneh\u00e5llet p\u00e5 webbplatserna och f\u00f6r att tillhandah\u00e5lla relevant reklam som du kan vara intresserad av. Vi anv\u00e4nder ocks\u00e5 de uppgifter som samlas in f\u00f6r att utveckla v\u00e5ra webbplatser.<\/p>\n\n\n\n<h3 class=\"wp-block-heading\" id=\"How-to-block-cookies\">S\u00e5 h\u00e4r blockerar du cookies<\/h3>\n\n\n\n<p>Du kan stoppa eller begr\u00e4nsa placeringen av cookies och annan sp\u00e5rningsteknik, s\u00e5som pixeltaggar. Detta g\u00f6r du genom att blockera dem p\u00e5 din enhet eller genom att ta bort dem och \u00e4ndra inst\u00e4llningarna i din webbl\u00e4sare. Detta kan variera mellan olika enheter och webbl\u00e4sare.<\/p>\n\n\n\n<p>Om du blockerar cookies i din webbl\u00e4sare p\u00e5 r\u00e4tt s\u00e4tt kan delar av webbplatsen bli otillg\u00e4ngliga f\u00f6r dig eller s\u00e5 kan det h\u00e4nda att den inte fungerar som den ska.<\/p>\n\n\n\n<h3 class=\"wp-block-heading\" id=\"How-to-withdraw-a-given-consent\">S\u00e5 h\u00e4r \u00e5terkallar du ett givet samtycke<\/h3>\n\n\n\n<p>Om du vill \u00e5terkalla ett samtycke som du har gett kan du klicka p\u00e5 den lilla cookieikonen l\u00e4ngst ned p\u00e5 webbplatserna och helt enkelt \u00e4ndra samtyckesknappens position och klicka p\u00e5 \u201dSpara\u201d.<\/p>\n\n\n\n<h3 class=\"wp-block-heading\" id=\"Cookies-list\">Lista \u00f6ver cookies<\/h3>\n\n\n\n<p>Listan \u00f6ver cookies som anv\u00e4nds av Autorola finns i rutan f\u00f6r samtycke till cookies under varje kategori av cookies. Kontakta oss<\/p>\n\n\n\n<p>Kontakta oss g\u00e4rna om du har n\u00e5gra fr\u00e5gor om detta dokument.<\/p>\n\n\n\n<p>Autorola A\/S<br>Skibhusvej 52A<br>DK-5000 Odense C<br>Danmark<br><br>Tel: +45 70 20 16 61<br>E-post:&nbsp;<a href=\"mailto:gdpr@indicata.com\">gdpr@indicata.com<\/a><\/p>\n<\/div><div class=\"mt-post-content__actions\"><div class=\"mt-post-content__actions--tags\"><\/div><div class=\"mt-post-content__actions--share-buttons\"><div class=\"mt-share-buttons\"><div class=\"mt-share-buttons__button mt-share-buttons__button--print\"><svg xmlns=\"http:\/\/www.w3.org\/2000\/svg\" width=\"20\" height=\"21\" viewBox=\"0 0 20 21\" fill=\"none\"><path d=\"M5 8.00033V2.16699H15V8.00033\" stroke=\"#555555\" stroke-width=\"1.5\" stroke-linecap=\"round\" stroke-linejoin=\"round\"><\/path><path d=\"M4.99935 15.5H3.33268C2.89065 15.5 2.46673 15.3244 2.15417 15.0118C1.84161 14.6993 1.66602 14.2754 1.66602 13.8333V9.66667C1.66602 9.22464 1.84161 8.80072 2.15417 8.48816C2.46673 8.1756 2.89065 8 3.33268 8H16.666C17.108 8 17.532 8.1756 17.8445 8.48816C18.1571 8.80072 18.3327 9.22464 18.3327 9.66667V13.8333C18.3327 14.2754 18.1571 14.6993 17.8445 15.0118C17.532 15.3244 17.108 15.5 16.666 15.5H14.9993\" stroke=\"#555555\" stroke-width=\"1.5\" stroke-linecap=\"round\" stroke-linejoin=\"round\"><\/path><path d=\"M15 12.167H5V18.8337H15V12.167Z\" stroke=\"#555555\" stroke-width=\"1.5\" stroke-linecap=\"round\" stroke-linejoin=\"round\"><\/path><\/svg><\/div><div class=\"mt-share-buttons__button mt-share-buttons__button--bookmark\"><svg xmlns=\"http:\/\/www.w3.org\/2000\/svg\" width=\"20\" height=\"21\" viewBox=\"0 0 20 21\" fill=\"none\"><path d=\"M15.8327 18L9.99935 13.8333L4.16602 18V4.66667C4.16602 4.22464 4.34161 3.80072 4.65417 3.48816C4.96673 3.17559 5.39065 3 5.83268 3H14.166C14.608 3 15.032 3.17559 15.3445 3.48816C15.6571 3.80072 15.8327 4.22464 15.8327 4.66667V18Z\" stroke=\"#555555\" stroke-width=\"1.5\" stroke-linecap=\"round\" stroke-linejoin=\"round\"><\/path><\/svg><\/div><div class=\"mt-share-buttons__button mt-share-buttons__button--share\"><svg xmlns=\"http:\/\/www.w3.org\/2000\/svg\" width=\"20\" height=\"21\" viewBox=\"0 0 20 21\" fill=\"none\"><path d=\"M3.33398 10.5V17.1667C3.33398 17.6087 3.50958 18.0326 3.82214 18.3452C4.1347 18.6577 4.55862 18.8333 5.00065 18.8333H15.0007C15.4427 18.8333 15.8666 18.6577 16.1792 18.3452C16.4917 18.0326 16.6673 17.6087 16.6673 17.1667V10.5\" stroke=\"#555555\" stroke-width=\"1.5\" stroke-linecap=\"round\" stroke-linejoin=\"round\"><\/path><path d=\"M13.3327 5.50033L9.99935 2.16699L6.66602 5.50033\" stroke=\"#555555\" stroke-width=\"1.5\" stroke-linecap=\"round\" stroke-linejoin=\"round\"><\/path><path d=\"M10 2.16699V13.0003\" stroke=\"#555555\" stroke-width=\"1.5\" stroke-linecap=\"round\" stroke-linejoin=\"round\"><\/path><\/svg><\/div><\/div><\/div><\/div><\/div><\/section>\n","protected":false},"excerpt":{"rendered":"","protected":false},"author":4,"featured_media":0,"parent":0,"menu_order":0,"comment_status":"closed","ping_status":"closed","template":"","meta":{"_acf_changed":false,"footnotes":""},"class_list":["post-1777","page","type-page","status-publish","hentry"],"acf":[],"yoast_head":"<!-- This site is optimized with the Yoast SEO plugin v27.3 - https:\/\/yoast.com\/product\/yoast-seo-wordpress\/ -->\n<title>Cookies - Indicata<\/title>\n<meta name=\"robots\" content=\"noindex, follow, max-snippet:-1, max-image-preview:large, max-video-preview:-1\" \/>\n<meta property=\"og:locale\" content=\"sv_SE\" \/>\n<meta property=\"og:type\" content=\"article\" \/>\n<meta property=\"og:title\" content=\"Cookies - Indicata\" \/>\n<meta property=\"og:url\" content=\"https:\/\/se.indicata.com\/cookies\/\" \/>\n<meta property=\"og:site_name\" content=\"Indicata\" \/>\n<meta property=\"article:modified_time\" content=\"2024-09-11T13:29:13+00:00\" \/>\n<meta name=\"twitter:card\" content=\"summary_large_image\" \/>\n<script type=\"application\/ld+json\" class=\"yoast-schema-graph\">{\"@context\":\"https:\\\/\\\/schema.org\",\"@graph\":[{\"@type\":\"WebPage\",\"@id\":\"https:\\\/\\\/se.indicata.com\\\/cookies\\\/\",\"url\":\"https:\\\/\\\/se.indicata.com\\\/cookies\\\/\",\"name\":\"Cookies - Indicata\",\"isPartOf\":{\"@id\":\"https:\\\/\\\/indicata.bluebird.pw\\\/#website\"},\"datePublished\":\"2024-05-21T19:12:22+00:00\",\"dateModified\":\"2024-09-11T13:29:13+00:00\",\"breadcrumb\":{\"@id\":\"https:\\\/\\\/se.indicata.com\\\/cookies\\\/#breadcrumb\"},\"inLanguage\":\"sv-SE\",\"potentialAction\":[{\"@type\":\"ReadAction\",\"target\":[\"https:\\\/\\\/se.indicata.com\\\/cookies\\\/\"]}]},{\"@type\":\"BreadcrumbList\",\"@id\":\"https:\\\/\\\/se.indicata.com\\\/cookies\\\/#breadcrumb\",\"itemListElement\":[{\"@type\":\"ListItem\",\"position\":1,\"name\":\"Home\",\"item\":\"https:\\\/\\\/indicata.bluebird.pw\\\/?lang=sv\"},{\"@type\":\"ListItem\",\"position\":2,\"name\":\"Cookies\"}]},{\"@type\":\"WebSite\",\"@id\":\"https:\\\/\\\/indicata.bluebird.pw\\\/#website\",\"url\":\"https:\\\/\\\/indicata.bluebird.pw\\\/\",\"name\":\"Indicata\",\"description\":\"Part of Autorola Group\",\"potentialAction\":[{\"@type\":\"SearchAction\",\"target\":{\"@type\":\"EntryPoint\",\"urlTemplate\":\"https:\\\/\\\/indicata.bluebird.pw\\\/?s={search_term_string}\"},\"query-input\":{\"@type\":\"PropertyValueSpecification\",\"valueRequired\":true,\"valueName\":\"search_term_string\"}}],\"inLanguage\":\"sv-SE\"}]}<\/script>\n<!-- \/ Yoast SEO plugin. -->","yoast_head_json":{"title":"Cookies - Indicata","robots":{"index":"noindex","follow":"follow","max-snippet":"max-snippet:-1","max-image-preview":"max-image-preview:large","max-video-preview":"max-video-preview:-1"},"og_locale":"sv_SE","og_type":"article","og_title":"Cookies - Indicata","og_url":"https:\/\/se.indicata.com\/cookies\/","og_site_name":"Indicata","article_modified_time":"2024-09-11T13:29:13+00:00","twitter_card":"summary_large_image","schema":{"@context":"https:\/\/schema.org","@graph":[{"@type":"WebPage","@id":"https:\/\/se.indicata.com\/cookies\/","url":"https:\/\/se.indicata.com\/cookies\/","name":"Cookies - Indicata","isPartOf":{"@id":"https:\/\/indicata.bluebird.pw\/#website"},"datePublished":"2024-05-21T19:12:22+00:00","dateModified":"2024-09-11T13:29:13+00:00","breadcrumb":{"@id":"https:\/\/se.indicata.com\/cookies\/#breadcrumb"},"inLanguage":"sv-SE","potentialAction":[{"@type":"ReadAction","target":["https:\/\/se.indicata.com\/cookies\/"]}]},{"@type":"BreadcrumbList","@id":"https:\/\/se.indicata.com\/cookies\/#breadcrumb","itemListElement":[{"@type":"ListItem","position":1,"name":"Home","item":"https:\/\/indicata.bluebird.pw\/?lang=sv"},{"@type":"ListItem","position":2,"name":"Cookies"}]},{"@type":"WebSite","@id":"https:\/\/indicata.bluebird.pw\/#website","url":"https:\/\/indicata.bluebird.pw\/","name":"Indicata","description":"Part of Autorola Group","potentialAction":[{"@type":"SearchAction","target":{"@type":"EntryPoint","urlTemplate":"https:\/\/indicata.bluebird.pw\/?s={search_term_string}"},"query-input":{"@type":"PropertyValueSpecification","valueRequired":true,"valueName":"search_term_string"}}],"inLanguage":"sv-SE"}]}},"_links":{"self":[{"href":"https:\/\/indicata.bluebird.pw\/sv\/wp-json\/wp\/v2\/pages\/1777","targetHints":{"allow":["GET"]}}],"collection":[{"href":"https:\/\/indicata.bluebird.pw\/sv\/wp-json\/wp\/v2\/pages"}],"about":[{"href":"https:\/\/indicata.bluebird.pw\/sv\/wp-json\/wp\/v2\/types\/page"}],"author":[{"embeddable":true,"href":"https:\/\/indicata.bluebird.pw\/sv\/wp-json\/wp\/v2\/users\/4"}],"replies":[{"embeddable":true,"href":"https:\/\/indicata.bluebird.pw\/sv\/wp-json\/wp\/v2\/comments?post=1777"}],"version-history":[{"count":1,"href":"https:\/\/indicata.bluebird.pw\/sv\/wp-json\/wp\/v2\/pages\/1777\/revisions"}],"predecessor-version":[{"id":7946,"href":"https:\/\/indicata.bluebird.pw\/sv\/wp-json\/wp\/v2\/pages\/1777\/revisions\/7946"}],"wp:attachment":[{"href":"https:\/\/indicata.bluebird.pw\/sv\/wp-json\/wp\/v2\/media?parent=1777"}],"curies":[{"name":"wp","href":"https:\/\/api.w.org\/{rel}","templated":true}]}}