{"id":1161,"date":"2024-05-21T20:33:51","date_gmt":"2024-05-21T18:33:51","guid":{"rendered":"https:\/\/indicata.bluebird.pw\/sirket\/"},"modified":"2024-09-02T16:31:50","modified_gmt":"2024-09-02T14:31:50","slug":"sirket","status":"publish","type":"page","link":"https:\/\/indicata.bluebird.pw\/tr\/sirket\/","title":{"rendered":"\u015eirket"},"content":{"rendered":"\n<section class=\"wp-block-indicata-sub-cover mt-sub-cover is-style-bg-default\"><div class=\"mt-sub-cover__container\"><div class=\"mt-sub-cover__inner page-container\"><div class=\"mt-sub-cover__text-container\"><span class=\"mt-sub-cover__tagline mt-tagline\">Indicata Hakk\u0131nda<\/span>\n<h1 class=\"wp-block-heading\">\u015eirket<\/h1>\n\n\n\n<p>\u015eirketlerin kullan\u0131lm\u0131\u015f ara\u00e7 y\u00f6netiminde<br>daha iyi kararlar almalar\u0131na,<br>rekabet\u00e7i bir avantaj elde etmelerine ve<br>operasyonel verimliliklerini art\u0131rmalar\u0131na yard\u0131mc\u0131 oluyoruz<\/p>\n\n\n\n<div class=\"wp-block-buttons is-layout-flex wp-block-buttons-is-layout-flex\">\n<div class=\"wp-block-button open-slide-in-contact\" data-contact-slide-in-view=\"3\"><a class=\"wp-block-button__link wp-element-button\">Demo talep edin<\/a><\/div>\n\n\n\n<div class=\"wp-block-button is-style-primary-transparent open-slide-in-contact\" data-contact-slide-in-view=\"2\"><a class=\"wp-block-button__link wp-element-button\">Bize Ula\u015f\u0131n<\/a><\/div>\n<\/div>\n<\/div><\/div><div class=\"mt-sub-cover__image-container object-fit\"><img decoding=\"async\" src=\"https:\/\/indicata.bluebird.pw\/wp-content\/uploads\/2024\/06\/shutterstock_534346318-scaled.jpg\" alt=\"\" style=\"object-position:66% 56.00000000000001%\"\/><\/div><\/div><\/section>\n\n\n\n<section class=\"wp-block-morningmodules-logo-line mt-logo-line mt-logo-line--should-slide mtSpacing-top-extraSmall mtSpacing-bottom-small\"><div class=\"mt-logo-line__inner\"><div class=\"mt-logo-line__text-container\"><p class=\"mt-logo-line__text\">D\u00fcnya \u00e7ap\u0131nda g\u00fcvenilen otomotiv markalar\u0131<\/p><\/div><div class=\"mt-logo-line__logos-container swiper\"><div class=\"swiper-wrapper\">\n<div class=\"wp-block-morningmodules-logo-line-logo mt-logo swiper-slide\" style=\"opacity:1\"><img decoding=\"async\" src=\"https:\/\/tr.indicata.com\/wp-content\/uploads\/2024\/09\/borlease-cropped.svg\" alt=\"\" class=\"mt-logo__logo\" style=\"max-height:40px;margin-top:0px\"\/><\/div>\n\n\n\n<div class=\"wp-block-morningmodules-logo-line-logo mt-logo swiper-slide\" style=\"opacity:1\"><img decoding=\"async\" src=\"https:\/\/tr.indicata.com\/wp-content\/uploads\/2024\/09\/ford-cropped.svg\" alt=\"\" class=\"mt-logo__logo\" style=\"max-height:40px;margin-top:0px\"\/><\/div>\n\n\n\n<div class=\"wp-block-morningmodules-logo-line-logo mt-logo swiper-slide\" style=\"opacity:1\"><img decoding=\"async\" src=\"https:\/\/tr.indicata.com\/wp-content\/uploads\/2024\/09\/nissan-cropped.svg\" alt=\"\" class=\"mt-logo__logo\" style=\"max-height:40px;margin-top:0px\"\/><\/div>\n\n\n\n<div class=\"wp-block-morningmodules-logo-line-logo mt-logo swiper-slide\" style=\"opacity:1\"><img decoding=\"async\" src=\"https:\/\/tr.indicata.com\/wp-content\/uploads\/2024\/09\/renault-cropped.svg\" alt=\"\" class=\"mt-logo__logo\" style=\"max-height:40px;margin-top:0px\"\/><\/div>\n\n\n\n<div class=\"wp-block-morningmodules-logo-line-logo mt-logo swiper-slide\" style=\"opacity:1\"><img decoding=\"async\" src=\"https:\/\/tr.indicata.com\/wp-content\/uploads\/2024\/09\/sixt-cropped.svg\" alt=\"\" class=\"mt-logo__logo\" style=\"max-height:40px;margin-top:0px\"\/><\/div>\n\n\n\n<div class=\"wp-block-morningmodules-logo-line-logo mt-logo swiper-slide\" style=\"opacity:1\"><img decoding=\"async\" src=\"https:\/\/tr.indicata.com\/wp-content\/uploads\/2024\/09\/stellantis-cropped.svg\" alt=\"\" class=\"mt-logo__logo\" style=\"max-height:40px;margin-top:0px\"\/><\/div>\n\n\n\n<div class=\"wp-block-morningmodules-logo-line-logo mt-logo swiper-slide\" style=\"opacity:1\"><img decoding=\"async\" src=\"https:\/\/tr.indicata.com\/wp-content\/uploads\/2024\/09\/teb-arval-cropped.svg\" alt=\"\" class=\"mt-logo__logo\" style=\"max-height:40px;margin-top:0px\"\/><\/div>\n\n\n\n<div class=\"wp-block-morningmodules-logo-line-logo mt-logo swiper-slide\" style=\"opacity:1\"><img decoding=\"async\" src=\"https:\/\/tr.indicata.com\/wp-content\/uploads\/2024\/09\/tofas-cropped.svg\" alt=\"\" class=\"mt-logo__logo\" style=\"max-height:40px;margin-top:0px\"\/><\/div>\n\n\n\n<div class=\"wp-block-morningmodules-logo-line-logo mt-logo swiper-slide\" style=\"opacity:1\"><img decoding=\"async\" src=\"https:\/\/tr.indicata.com\/wp-content\/uploads\/2024\/09\/Volvo-cropped.svg\" alt=\"\" class=\"mt-logo__logo\" style=\"max-height:40px;margin-top:0px\"\/><\/div>\n<\/div><\/div><\/div><\/section>\n\n\n\n<section class=\"wp-block-morningmodules-text-media mt-text-media mt-text-media--align-media-left mt-text-media--align-media-mobile-bottom is-style-bg-default\"><div class=\"mt-text-media__inner\"><div class=\"mt-text-media__media-container\"><img decoding=\"async\" src=\"https:\/\/indicata.bluebird.pw\/wp-content\/uploads\/2024\/05\/AdobeStock_642486126.jpeg\" alt=\"\" style=\"object-position:32% 37%\"\/><\/div><div class=\"mt-text-media__text-container\"><span class=\"mt-text-media__tagline mt-tagline\"><\/span><h2 class=\"mt-text-media__title\">Kullan\u0131lm\u0131\u015f ara\u00e7 operasyonlar\u0131 i\u00e7in \u0130\u015f Zekas\u0131 alan\u0131nda d\u00fcnya lideri<\/h2>\n<p>INDICATA, otomotiv sekt\u00f6r\u00fcnde kullan\u0131lm\u0131\u015f ara\u00e7 operasyonlar\u0131na y\u00f6nelik i\u015f zekas\u0131 ve analitik \u00e7\u00f6z\u00fcmlerinde d\u00fcnya lideridir. Y\u00fcksek performansl\u0131 kullan\u0131lm\u0131\u015f ara\u00e7 y\u00f6netimi i\u00e7in tasarlanan INDICATA, otomobil \u00fcreticilerinin, bayilerin ve ara\u00e7 kiralama \u015firketlerinin veriye dayal\u0131 i\u00e7g\u00f6r\u00fcleri rekabet avantaj\u0131na d\u00f6n\u00fc\u015ft\u00fcrmelerini sa\u011flar ve kullan\u0131lm\u0131\u015f ara\u00e7 y\u00f6netiminde operasyonel verimlili\u011fi art\u0131rmak i\u00e7in onlara stratejik rehberlik sunar.<br><br>INDICATA, ger\u00e7ek zamanl\u0131 i\u00e7g\u00f6r\u00fclere y\u00f6nelik artan pazar talebine bir yan\u0131tt\u0131r. Sistem sadece sekt\u00f6rdeki en cazip ve yenilik\u00e7i \u00e7\u00f6z\u00fcm\u00fc de\u011fil, ayn\u0131 zamanda otomobil \u00fcreticileri, bayiler, finansal hizmetler kurulu\u015flar\u0131, leasing \u015firketleri ve filo sahiplerinin geni\u015f \u00e7apl\u0131 kullan\u0131lm\u0131\u015f ara\u00e7 operasyonlar\u0131 ve gelecek de\u011fer tahmin y\u00f6netimi i\u00e7in en verimli \u00e7\u00f6z\u00fcm\u00fc temsil etmektedir.<\/p>\n\n\n\n<p>Teknolojimizle elde etti\u011fimiz ba\u015far\u0131lar, uluslararas\u0131 alanda ilgi g\u00f6rmemize ve INDICATA&#8217;y\u0131 se\u00e7tikten sonra kullan\u0131lm\u0131\u015f ara\u00e7 operasyonlar\u0131nda etkileyici geli\u015fmeler kaydeden d\u00fcnyan\u0131n \u00f6nde gelen otomobil \u00fcreticileri ve bayilerinden olu\u015fan ve giderek b\u00fcy\u00fcyen bir m\u00fc\u015fteri kitlesi kazanmam\u0131za yard\u0131mc\u0131 oldu.<\/p>\n\n\n\n<p>INDICATA, otomotiv end\u00fcstrisi y\u00f6neticileri ve yaz\u0131l\u0131m geli\u015ftiricileri aras\u0131ndaki g\u00fc\u00e7l\u00fc i\u015fbirli\u011finin bir sonucudur. Birlikte, sekt\u00f6rdeki ba\u015fka hi\u00e7bir \u015feye benzemeyen pazar dinamikleri hakk\u0131nda i\u00e7g\u00f6r\u00fcler sa\u011flamak i\u00e7in canl\u0131 kullan\u0131lm\u0131\u015f ara\u00e7 pazar\u0131 verilerini toplama, i\u015fleme ve analiz etmeye y\u00f6nelik benzersiz yakla\u015f\u0131m\u0131m\u0131z\u0131 geli\u015ftirdik.<\/p>\n\n\n\n<p>INDICATA ile eyleme ge\u00e7irilebilir verilerin ve i\u00e7g\u00f6r\u00fclerin geni\u015fli\u011fi ve g\u00fcc\u00fc do\u011frudan parmaklar\u0131n\u0131z\u0131n ucunda.<\/p>\n<\/div><\/div><\/section>\n\n\n\n<section class=\"wp-block-morningmodules-text-media mt-text-media mt-text-media--align-media-right mt-text-media--align-media-mobile-bottom is-style-bg-secondary\"><div class=\"mt-text-media__inner\"><div class=\"mt-text-media__media-container\"><img decoding=\"async\" src=\"https:\/\/indicata.bluebird.pw\/wp-content\/uploads\/2024\/05\/Autorola_3circles_2020_RGB_wide.png\" alt=\"\" style=\"object-position:50% 51%\"\/><\/div><div class=\"mt-text-media__text-container\"><span class=\"mt-text-media__tagline mt-tagline\"><\/span><h2 class=\"mt-text-media__title\">AUTOROLA Grubunun bir par\u00e7as\u0131<\/h2>\n<p>INDICATA, merkezi Danimarka&#8217;da bulunan profesyonel kullan\u0131lm\u0131\u015f ara\u00e7 ve filo y\u00f6netimi i\u00e7in \u00e7evrimi\u00e7i yeniden pazarlama ve otomotiv BT \u00e7\u00f6z\u00fcmlerinde k\u00fcresel bir lider olan AUTOROLA Group&#8217;un bir par\u00e7as\u0131d\u0131r. \u015eirketin \u015fu anda yakla\u015f\u0131k 750 \u00e7al\u0131\u015fan\u0131 ve Avrupa, Kuzey Amerika, Latin Amerika ve Asya-Pasifik&#8217;te 21 \u00fclkede i\u015ftirakleri bulunmaktad\u0131r.<\/p>\n\n\n\n<p>AUTOROLA Group, dijital d\u00f6n\u00fc\u015f\u00fcm boyunca s\u00fcrekli bir yenilenme s\u00fcrecine kendini adam\u0131\u015ft\u0131r. \u015eirket, filodan \u00e7\u0131karma s\u00fcre\u00e7lerinden gelen kullan\u0131lm\u0131\u015f ara\u00e7lar\u0131n uygun \u015fekilde ticarile\u015ftirilmesinde ba\u015far\u0131 elde etmek i\u00e7in her zaman \u00e7evrimi\u00e7i bir bak\u0131\u015f a\u00e7\u0131s\u0131yla m\u00fc\u015fterilerimizin ihtiya\u00e7lar\u0131na s\u00fcrekli olarak uyum sa\u011flamaktad\u0131r.<\/p>\n<\/div><\/div><\/section>\n\n\n\n<section class=\"wp-block-indicata-link-boxes-with-icon mt-link-boxes-with-icon mtSpacing-top-medium mtSpacing-bottom-medium\"><div class=\"mt-link-boxes-with-icon__inner page-container\"><div class=\"mt-link-boxes-with-icon__text-container\"><h2 class=\"mt-link-boxes-with-icon__title\">AUTOROLA \u00fc\u00e7 k\u00fcresel i\u015f birimine ayr\u0131lm\u0131\u015ft\u0131r<\/h2><\/div><div class=\"mt-link-boxes-with-icon__boxes-wrapper\">\n<div class=\"wp-block-indicata-link-box-with-icon mt-link-box-with-icon swiper-slide\"><a href=\"https:\/\/www.autorolagroup.com\/products-and-services\/vehicle-auctions\/\" target=\"_blank\" rel=\"noopener\" class=\"mt-link-box-with-icon__link\"><\/a><div class=\"mt-link-box-with-icon__title-container\"><div class=\"mt-link-box-with-icon__icon-container\"><img decoding=\"async\" src=\"https:\/\/indicata.bluebird.pw\/wp-content\/uploads\/2024\/06\/autorola_R-2.png\" alt=\"autorola_R-2\" width=\"24\" height=\"24\" class=\"mt-link-box-with-icon__icon\"><\/div><p class=\"mt-link-box-with-icon__title\">MARKETPLACE<\/p><\/div><p class=\"mt-link-box-with-icon__text\">Avrupal\u0131 ve k\u00fcresel kurumsal ara\u00e7 sat\u0131c\u0131lar\u0131n\u0131n geni\u015f ve \u00e7e\u015fitli ara\u00e7lar\u0131n\u0131n sat\u0131\u015fa sunuldu\u011fu, 70.000&#8217;den fazla aktif kurumsal al\u0131c\u0131 taraf\u0131ndan kullan\u0131lan online a\u00e7\u0131k artt\u0131rma platformu<\/p><\/div>\n\n\n\n<div class=\"wp-block-indicata-link-box-with-icon mt-link-box-with-icon swiper-slide\"><a href=\"https:\/\/www.autorolagroup.com\/products-and-services\/infleet-defleet-services\/\" target=\"_blank\" rel=\"noopener\" class=\"mt-link-box-with-icon__link\"><\/a><div class=\"mt-link-box-with-icon__title-container\"><div class=\"mt-link-box-with-icon__icon-container\"><img decoding=\"async\" src=\"https:\/\/indicata.bluebird.pw\/wp-content\/uploads\/2024\/06\/SolutionsLogo_Pos_RGB-2.png\" alt=\"SolutionsLogo_Pos_RGB-2\" width=\"24\" height=\"24\" class=\"mt-link-box-with-icon__icon\"><\/div><p class=\"mt-link-box-with-icon__title\">SOLUTIONS<\/p><\/div><p class=\"mt-link-box-with-icon__text\">D\u00fcnya \u00e7ap\u0131nda distrib\u00fct\u00f6rler (OEM), banka ve leasing segmentlerinde filo ara\u00e7 sahiplerinin \u00f6zel ihtiya\u00e7lar\u0131n\u0131 kar\u015f\u0131layan \u00f6zelle\u015ftirilmi\u015f \u00e7\u00f6z\u00fcmler<\/p><\/div>\n\n\n\n<div class=\"wp-block-indicata-link-box-with-icon mt-link-box-with-icon swiper-slide\"><a href=\"https:\/\/tr.indicata.com\/kisisel-verilerin-korunmasi\/\" class=\"mt-link-box-with-icon__link\"><\/a><div class=\"mt-link-box-with-icon__title-container\"><div class=\"mt-link-box-with-icon__icon-container\"><img decoding=\"async\" src=\"https:\/\/indicata.bluebird.pw\/wp-content\/uploads\/2024\/04\/cropped-image-5.png\" alt=\"k\u0131rp\u0131lm\u0131\u015f-resim-5.png\" width=\"24\" height=\"24\" class=\"mt-link-box-with-icon__icon\"><\/div><p class=\"mt-link-box-with-icon__title\">INDICATA<\/p><\/div><p class=\"mt-link-box-with-icon__text\">Kullan\u0131lm\u0131\u015f ara\u00e7 envanterlerinin y\u00f6netimi i\u00e7in yeni nesil i\u015f zekas\u0131 ve pazar i\u00e7g\u00f6r\u00fcleri yaz\u0131l\u0131m\u0131.<\/p><\/div>\n<\/div><\/div><\/section>\n","protected":false},"excerpt":{"rendered":"","protected":false},"author":4,"featured_media":0,"parent":0,"menu_order":0,"comment_status":"closed","ping_status":"closed","template":"","meta":{"_acf_changed":false,"footnotes":""},"class_list":["post-1161","page","type-page","status-publish","hentry"],"acf":[],"yoast_head":"<!-- This site is optimized with the Yoast SEO plugin v27.3 - https:\/\/yoast.com\/product\/yoast-seo-wordpress\/ -->\n<title>\u015eirket - Indicata<\/title>\n<meta name=\"robots\" content=\"noindex, follow, max-snippet:-1, max-image-preview:large, max-video-preview:-1\" \/>\n<meta property=\"og:locale\" content=\"tr_TR\" \/>\n<meta property=\"og:type\" content=\"article\" \/>\n<meta property=\"og:title\" content=\"\u015eirket - Indicata\" \/>\n<meta property=\"og:url\" content=\"https:\/\/tr.indicata.com\/sirket\/\" \/>\n<meta property=\"og:site_name\" content=\"Indicata\" \/>\n<meta property=\"article:modified_time\" content=\"2024-09-02T14:31:50+00:00\" \/>\n<meta property=\"og:image\" content=\"https:\/\/indicata.bluebird.pw\/wp-content\/uploads\/2024\/06\/shutterstock_534346318-scaled.jpg\" \/>\n<meta name=\"twitter:card\" content=\"summary_large_image\" \/>\n<meta name=\"twitter:label1\" content=\"Tahmini okuma s\u00fcresi\" \/>\n\t<meta name=\"twitter:data1\" content=\"6 dakika\" \/>\n<script type=\"application\/ld+json\" class=\"yoast-schema-graph\">{\"@context\":\"https:\\\/\\\/schema.org\",\"@graph\":[{\"@type\":\"WebPage\",\"@id\":\"https:\\\/\\\/tr.indicata.com\\\/sirket\\\/\",\"url\":\"https:\\\/\\\/tr.indicata.com\\\/sirket\\\/\",\"name\":\"\u015eirket - Indicata\",\"isPartOf\":{\"@id\":\"https:\\\/\\\/indicata.bluebird.pw\\\/#website\"},\"primaryImageOfPage\":{\"@id\":\"https:\\\/\\\/tr.indicata.com\\\/sirket\\\/#primaryimage\"},\"image\":{\"@id\":\"https:\\\/\\\/tr.indicata.com\\\/sirket\\\/#primaryimage\"},\"thumbnailUrl\":\"https:\\\/\\\/indicata.bluebird.pw\\\/wp-content\\\/uploads\\\/2024\\\/06\\\/shutterstock_534346318-scaled.jpg\",\"datePublished\":\"2024-05-21T18:33:51+00:00\",\"dateModified\":\"2024-09-02T14:31:50+00:00\",\"breadcrumb\":{\"@id\":\"https:\\\/\\\/tr.indicata.com\\\/sirket\\\/#breadcrumb\"},\"inLanguage\":\"tr\",\"potentialAction\":[{\"@type\":\"ReadAction\",\"target\":[\"https:\\\/\\\/tr.indicata.com\\\/sirket\\\/\"]}]},{\"@type\":\"ImageObject\",\"inLanguage\":\"tr\",\"@id\":\"https:\\\/\\\/tr.indicata.com\\\/sirket\\\/#primaryimage\",\"url\":\"https:\\\/\\\/indicata.bluebird.pw\\\/wp-content\\\/uploads\\\/2024\\\/06\\\/shutterstock_534346318-scaled.jpg\",\"contentUrl\":\"https:\\\/\\\/indicata.bluebird.pw\\\/wp-content\\\/uploads\\\/2024\\\/06\\\/shutterstock_534346318-scaled.jpg\"},{\"@type\":\"BreadcrumbList\",\"@id\":\"https:\\\/\\\/tr.indicata.com\\\/sirket\\\/#breadcrumb\",\"itemListElement\":[{\"@type\":\"ListItem\",\"position\":1,\"name\":\"Home\",\"item\":\"https:\\\/\\\/tr.indicata.com\\\/\"},{\"@type\":\"ListItem\",\"position\":2,\"name\":\"\u015eirket\"}]},{\"@type\":\"WebSite\",\"@id\":\"https:\\\/\\\/indicata.bluebird.pw\\\/#website\",\"url\":\"https:\\\/\\\/indicata.bluebird.pw\\\/\",\"name\":\"Indicata\",\"description\":\"Part of Autorola Group\",\"potentialAction\":[{\"@type\":\"SearchAction\",\"target\":{\"@type\":\"EntryPoint\",\"urlTemplate\":\"https:\\\/\\\/indicata.bluebird.pw\\\/?s={search_term_string}\"},\"query-input\":{\"@type\":\"PropertyValueSpecification\",\"valueRequired\":true,\"valueName\":\"search_term_string\"}}],\"inLanguage\":\"tr\"}]}<\/script>\n<!-- \/ Yoast SEO plugin. -->","yoast_head_json":{"title":"\u015eirket - Indicata","robots":{"index":"noindex","follow":"follow","max-snippet":"max-snippet:-1","max-image-preview":"max-image-preview:large","max-video-preview":"max-video-preview:-1"},"og_locale":"tr_TR","og_type":"article","og_title":"\u015eirket - Indicata","og_url":"https:\/\/tr.indicata.com\/sirket\/","og_site_name":"Indicata","article_modified_time":"2024-09-02T14:31:50+00:00","og_image":[{"url":"https:\/\/indicata.bluebird.pw\/wp-content\/uploads\/2024\/06\/shutterstock_534346318-scaled.jpg","type":"","width":"","height":""}],"twitter_card":"summary_large_image","twitter_misc":{"Tahmini okuma s\u00fcresi":"6 dakika"},"schema":{"@context":"https:\/\/schema.org","@graph":[{"@type":"WebPage","@id":"https:\/\/tr.indicata.com\/sirket\/","url":"https:\/\/tr.indicata.com\/sirket\/","name":"\u015eirket - Indicata","isPartOf":{"@id":"https:\/\/indicata.bluebird.pw\/#website"},"primaryImageOfPage":{"@id":"https:\/\/tr.indicata.com\/sirket\/#primaryimage"},"image":{"@id":"https:\/\/tr.indicata.com\/sirket\/#primaryimage"},"thumbnailUrl":"https:\/\/indicata.bluebird.pw\/wp-content\/uploads\/2024\/06\/shutterstock_534346318-scaled.jpg","datePublished":"2024-05-21T18:33:51+00:00","dateModified":"2024-09-02T14:31:50+00:00","breadcrumb":{"@id":"https:\/\/tr.indicata.com\/sirket\/#breadcrumb"},"inLanguage":"tr","potentialAction":[{"@type":"ReadAction","target":["https:\/\/tr.indicata.com\/sirket\/"]}]},{"@type":"ImageObject","inLanguage":"tr","@id":"https:\/\/tr.indicata.com\/sirket\/#primaryimage","url":"https:\/\/indicata.bluebird.pw\/wp-content\/uploads\/2024\/06\/shutterstock_534346318-scaled.jpg","contentUrl":"https:\/\/indicata.bluebird.pw\/wp-content\/uploads\/2024\/06\/shutterstock_534346318-scaled.jpg"},{"@type":"BreadcrumbList","@id":"https:\/\/tr.indicata.com\/sirket\/#breadcrumb","itemListElement":[{"@type":"ListItem","position":1,"name":"Home","item":"https:\/\/tr.indicata.com\/"},{"@type":"ListItem","position":2,"name":"\u015eirket"}]},{"@type":"WebSite","@id":"https:\/\/indicata.bluebird.pw\/#website","url":"https:\/\/indicata.bluebird.pw\/","name":"Indicata","description":"Part of Autorola Group","potentialAction":[{"@type":"SearchAction","target":{"@type":"EntryPoint","urlTemplate":"https:\/\/indicata.bluebird.pw\/?s={search_term_string}"},"query-input":{"@type":"PropertyValueSpecification","valueRequired":true,"valueName":"search_term_string"}}],"inLanguage":"tr"}]}},"_links":{"self":[{"href":"https:\/\/indicata.bluebird.pw\/tr\/wp-json\/wp\/v2\/pages\/1161","targetHints":{"allow":["GET"]}}],"collection":[{"href":"https:\/\/indicata.bluebird.pw\/tr\/wp-json\/wp\/v2\/pages"}],"about":[{"href":"https:\/\/indicata.bluebird.pw\/tr\/wp-json\/wp\/v2\/types\/page"}],"author":[{"embeddable":true,"href":"https:\/\/indicata.bluebird.pw\/tr\/wp-json\/wp\/v2\/users\/4"}],"replies":[{"embeddable":true,"href":"https:\/\/indicata.bluebird.pw\/tr\/wp-json\/wp\/v2\/comments?post=1161"}],"version-history":[{"count":6,"href":"https:\/\/indicata.bluebird.pw\/tr\/wp-json\/wp\/v2\/pages\/1161\/revisions"}],"predecessor-version":[{"id":6343,"href":"https:\/\/indicata.bluebird.pw\/tr\/wp-json\/wp\/v2\/pages\/1161\/revisions\/6343"}],"wp:attachment":[{"href":"https:\/\/indicata.bluebird.pw\/tr\/wp-json\/wp\/v2\/media?parent=1161"}],"curies":[{"name":"wp","href":"https:\/\/api.w.org\/{rel}","templated":true}]}}