{"id":1218,"date":"2024-05-07T11:30:52","date_gmt":"2024-05-07T09:30:52","guid":{"rendered":"https:\/\/indicata.bluebird.pw\/kaynaklar\/"},"modified":"2024-08-30T14:00:57","modified_gmt":"2024-08-30T12:00:57","slug":"kaynaklar","status":"publish","type":"page","link":"https:\/\/indicata.bluebird.pw\/tr\/kaynaklar\/","title":{"rendered":"Kaynaklar"},"content":{"rendered":"<div class=\"mt-post-type-archive\">\n    <div data-react-class=\"PostTypeArchive\" data-react-props=\"{&quot;endpoint&quot;:&quot;https:\\\/\\\/indicata.bluebird.pw\\\/tr\\\/wp-json\\\/indicata\\\/v1\\\/post-type-archive&quot;,&quot;postTypes&quot;:[{&quot;id&quot;:&quot;event&quot;,&quot;slug&quot;:&quot;event&quot;,&quot;name&quot;:&quot;Events&quot;,&quot;latest_count&quot;:2},{&quot;id&quot;:&quot;market-watch&quot;,&quot;slug&quot;:&quot;market-watch&quot;,&quot;name&quot;:&quot;Market Watch&quot;,&quot;latest_count&quot;:1},{&quot;id&quot;:&quot;press-release&quot;,&quot;slug&quot;:&quot;press-release&quot;,&quot;name&quot;:&quot;Press&quot;,&quot;latest_count&quot;:4},{&quot;id&quot;:&quot;webinar&quot;,&quot;slug&quot;:&quot;webinar&quot;,&quot;name&quot;:&quot;Webinars&quot;,&quot;latest_count&quot;:2},{&quot;id&quot;:&quot;post&quot;,&quot;slug&quot;:&quot;post&quot;,&quot;name&quot;:&quot;Articles&quot;,&quot;latest_count&quot;:6}],&quot;postTypesContent&quot;:{&quot;event&quot;:[],&quot;market-watch&quot;:[{&quot;id&quot;:9070,&quot;category&quot;:&quot;&quot;,&quot;isNew&quot;:false,&quot;post_type&quot;:&quot;market-watch&quot;,&quot;date&quot;:&quot;30th August 2025&quot;,&quot;title&quot;:&quot;Indicata Market Watch - T\\u00fcrkiye&quot;,&quot;image&quot;:&quot;https:\\\/\\\/indicata.bluebird.pw\\\/wp-content\\\/uploads\\\/2025\\\/10\\\/indicata_mw_turkey_v2-1024x597.png&quot;,&quot;excerpt&quot;:&quot;Indicata verilerine g\\u00f6re, 2025 y\\u0131l\\u0131 Eyl\\u00fcl ay\\u0131nda ge\\u00e7en sene ayn\\u0131 d\\u00f6neme g\\u00f6re 90.530 adet daha fazla olarak 447.586 adet ilan yay\\u0131nland\\u0131. \\u0130lan\\u0131 yay\\u0131nlanan ara\\u00e7lar\\u0131n 193.049 adedi, %43\\u2019\\u00fc sat\\u0131ld\\u0131.  2. el otomobil ve hafif ticari ara\\u00e7 pazar\\u0131nda perakende sat\\u0131\\u015f fiyatlar\\u0131 ge\\u00e7en aya g\\u00f6re ortalamada %1,25 artarken y\\u0131lba\\u015f\\u0131ndan itibaren ara\\u00e7 fiyatlar\\u0131nda %11,6 art\\u0131\\u015f g\\u00f6zlemlendi. Ara\\u00e7lar pazarda ortalama 41 g\\u00fcnde sat\\u0131l\\u0131rken, yine pazarda sat\\u0131lan her 2 ara\\u00e7tan 1\\u2019ini 10 ya\\u015f \\u00fczeri ara\\u00e7lar olu\\u015fturdu.  &quot;,&quot;permalink&quot;:&quot;https:\\\/\\\/indicata.bluebird.pw\\\/tr\\\/market-watch\\\/indicata-market-watch-turkiye\\\/&quot;,&quot;tagline&quot;:&quot;&quot;,&quot;file&quot;:&quot;&quot;,&quot;latestVersion&quot;:&quot;Agustos 2025&quot;}],&quot;press-release&quot;:[{&quot;id&quot;:6948,&quot;category&quot;:&quot;&quot;,&quot;isNew&quot;:false,&quot;post_type&quot;:&quot;press-release&quot;,&quot;date&quot;:&quot;5th September 2024&quot;,&quot;title&quot;:&quot;A\\u011fustos 2024&quot;,&quot;image&quot;:&quot;https:\\\/\\\/indicata.bluebird.pw\\\/wp-content\\\/uploads\\\/2024\\\/08\\\/indicata_mw_turkey_no_version-1024x597.png&quot;,&quot;excerpt&quot;:&quot;&quot;,&quot;permalink&quot;:&quot;https:\\\/\\\/indicata.bluebird.pw\\\/tr\\\/press-release\\\/agustos-2024\\\/&quot;},{&quot;id&quot;:4888,&quot;category&quot;:&quot;&quot;,&quot;isNew&quot;:false,&quot;post_type&quot;:&quot;press-release&quot;,&quot;date&quot;:&quot;22nd August 2024&quot;,&quot;title&quot;:&quot;BEVs experience lower sales and an improved Market Days\\u2019 Supply&quot;,&quot;image&quot;:&quot;https:\\\/\\\/indicata.bluebird.pw\\\/wp-content\\\/uploads\\\/2024\\\/05\\\/Front-cover-MW52-1024x724.jpg&quot;,&quot;excerpt&quot;:&quot;In July, the used vehicle market experienced several notable shifts across different powertrains and pricing trends. Notably, after five consecutive months of decline, petrol vehicles saw a resurgence, with their market share increasing to 43.18%. &quot;,&quot;permalink&quot;:&quot;https:\\\/\\\/indicata.bluebird.pw\\\/tr\\\/press-release\\\/bevs-experience-lower-sales-and-an-improved-market-days-supply\\\/&quot;},{&quot;id&quot;:5490,&quot;category&quot;:&quot;&quot;,&quot;isNew&quot;:false,&quot;post_type&quot;:&quot;press-release&quot;,&quot;date&quot;:&quot;8th August 2024&quot;,&quot;title&quot;:&quot;Temmuz 2024&quot;,&quot;image&quot;:false,&quot;excerpt&quot;:&quot;&quot;,&quot;permalink&quot;:&quot;https:\\\/\\\/indicata.bluebird.pw\\\/tr\\\/press-release\\\/temmuz-2024\\\/&quot;},{&quot;id&quot;:2454,&quot;category&quot;:&quot;&quot;,&quot;isNew&quot;:false,&quot;post_type&quot;:&quot;press-release&quot;,&quot;date&quot;:&quot;25th July 2024&quot;,&quot;title&quot;:&quot;Sales of used BEVs begin to rise in Europe according to INDICATA\\u2019s latest Market Watch report&quot;,&quot;image&quot;:&quot;https:\\\/\\\/indicata.bluebird.pw\\\/wp-content\\\/uploads\\\/2024\\\/05\\\/Front-cover-MW52-1024x724.jpg&quot;,&quot;excerpt&quot;:&quot;Used BEVs accounted for a record share of sales in the thirteen countries where the Market Watch report is published in June.&quot;,&quot;permalink&quot;:&quot;https:\\\/\\\/indicata.bluebird.pw\\\/tr\\\/press-release\\\/sales-of-used-bevs-begin-to-rise-in-europe-according-to-indicatas-latest-market-watch-report\\\/&quot;}],&quot;webinar&quot;:[{&quot;id&quot;:8129,&quot;category&quot;:&quot;&quot;,&quot;isNew&quot;:false,&quot;post_type&quot;:&quot;webinar&quot;,&quot;date&quot;:&quot;29th October 2024&quot;,&quot;title&quot;:&quot;Webinar B&quot;,&quot;image&quot;:&quot;https:\\\/\\\/indicata.bluebird.pw\\\/wp-content\\\/uploads\\\/2024\\\/05\\\/AdobeStock_638946369-1024x683.jpeg&quot;,&quot;excerpt&quot;:&quot;&quot;,&quot;permalink&quot;:&quot;https:\\\/\\\/indicata.bluebird.pw\\\/tr\\\/webinar\\\/webinar-b\\\/&quot;,&quot;video&quot;:false},{&quot;id&quot;:8128,&quot;category&quot;:&quot;&quot;,&quot;isNew&quot;:false,&quot;post_type&quot;:&quot;webinar&quot;,&quot;date&quot;:&quot;29th October 2024&quot;,&quot;title&quot;:&quot;Webinar A&quot;,&quot;image&quot;:&quot;https:\\\/\\\/indicata.bluebird.pw\\\/wp-content\\\/uploads\\\/2024\\\/06\\\/Logistics-provider-one-pager-1024x683.jpeg&quot;,&quot;excerpt&quot;:&quot;&quot;,&quot;permalink&quot;:&quot;https:\\\/\\\/indicata.bluebird.pw\\\/tr\\\/webinar\\\/webinar-a\\\/&quot;,&quot;video&quot;:false}],&quot;post&quot;:[{&quot;id&quot;:2522,&quot;category&quot;:&quot;Interviews&quot;,&quot;isNew&quot;:false,&quot;post_type&quot;:&quot;post&quot;,&quot;date&quot;:&quot;29th July 2024&quot;,&quot;title&quot;:&quot;Interview with Andy Shields, INDICATA\\u2019s global business unit director&quot;,&quot;image&quot;:&quot;https:\\\/\\\/indicata.bluebird.pw\\\/wp-content\\\/uploads\\\/2024\\\/07\\\/Andy-Shields-INDICATA-Business-Unit-Director-1024x882.jpg&quot;,&quot;excerpt&quot;:&quot;Andy Shields discusses the success of the real time used car pricing platform by sector and how investment in people will power its global expansion to double the size of the business unit over the next three years&quot;,&quot;permalink&quot;:&quot;https:\\\/\\\/indicata.bluebird.pw\\\/tr\\\/interview-with-andy-shields-indicatas-global-business-unit-director\\\/&quot;},{&quot;id&quot;:815,&quot;category&quot;:&quot;Market Watch&quot;,&quot;isNew&quot;:false,&quot;post_type&quot;:&quot;post&quot;,&quot;date&quot;:&quot;1st May 2024&quot;,&quot;title&quot;:&quot;European demand for used BEVs improves while average used car prices continue to fall reports INDICATA \\u00a0&quot;,&quot;image&quot;:&quot;https:\\\/\\\/indicata.bluebird.pw\\\/wp-content\\\/uploads\\\/2024\\\/05\\\/MW-V48-Cover-jan24-scaled-1-1024x724.jpg&quot;,&quot;excerpt&quot;:&quot;All powertrains improved their sales rate in April, according to our Market Days\\u2019 Supply metric which measures available stock against the current daily sales run rate.&quot;,&quot;permalink&quot;:&quot;https:\\\/\\\/indicata.bluebird.pw\\\/tr\\\/european-demand-for-used-bevs-improves-while-average-used-car-prices-continue-to-fall-reports-indicata\\\/&quot;},{&quot;id&quot;:763,&quot;category&quot;:&quot;Interviews&quot;,&quot;isNew&quot;:false,&quot;post_type&quot;:&quot;post&quot;,&quot;date&quot;:&quot;26th April 2024&quot;,&quot;title&quot;:&quot;We interview our group AI expert John Prescott on Autorola\\u2019s plans to make AI more integral to future business processes&quot;,&quot;image&quot;:&quot;https:\\\/\\\/indicata.bluebird.pw\\\/wp-content\\\/uploads\\\/2024\\\/05\\\/John-Prescott-scaled-1-1024x768.jpg&quot;,&quot;excerpt&quot;:&quot;&quot;,&quot;permalink&quot;:&quot;https:\\\/\\\/indicata.bluebird.pw\\\/tr\\\/we-interview-our-group-ai-expert-john-prescott\\\/&quot;},{&quot;id&quot;:747,&quot;category&quot;:&quot;Whitepapers&quot;,&quot;isNew&quot;:false,&quot;post_type&quot;:&quot;post&quot;,&quot;date&quot;:&quot;26th April 2024&quot;,&quot;title&quot;:&quot;INDICATA Netherlands has published a new White Paper on the impact of abolishing the LCV entrepreneurs\\u2019 exemption set for introduction in January 2025&quot;,&quot;image&quot;:&quot;https:\\\/\\\/indicata.bluebird.pw\\\/wp-content\\\/uploads\\\/2024\\\/04\\\/holland-1024x576.jpg&quot;,&quot;excerpt&quot;:&quot;&quot;,&quot;permalink&quot;:&quot;https:\\\/\\\/indicata.bluebird.pw\\\/tr\\\/747\\\/&quot;}]},&quot;countries&quot;:[{&quot;id&quot;:&quot;all&quot;,&quot;name&quot;:&quot;All Countries&quot;,&quot;slug&quot;:&quot;all&quot;},{&quot;id&quot;:227,&quot;name&quot;:&quot;Birle\\u015fik Krall\\u0131k&quot;,&quot;slug&quot;:&quot;uk-tr&quot;},{&quot;id&quot;:246,&quot;name&quot;:&quot;Hollanda&quot;,&quot;slug&quot;:&quot;hollanda&quot;},{&quot;id&quot;:308,&quot;name&quot;:&quot;T\\u00fcrkiye&quot;,&quot;slug&quot;:&quot;turkiye&quot;}],&quot;languages&quot;:[{&quot;id&quot;:&quot;all&quot;,&quot;name&quot;:&quot;All Languages&quot;,&quot;slug&quot;:&quot;all&quot;},{&quot;id&quot;:309,&quot;name&quot;:&quot;T\\u00fcrk\\u00e7e&quot;,&quot;slug&quot;:&quot;turkce&quot;}],&quot;innerBlocks&quot;:&quot;\\n\\n\\u003Ch2 class=\\&quot;wp-block-heading\\&quot;\\u003EKaynaklar\\u003C\\\/h2\\u003E\\n\\n\\n\\n\\u003Cp\\u003EIndicata Market izleme ve etkinlikleri hakk\\u0131nda ipu\\u00e7lar\\u0131, bilgiler ve en son haberler\\u003C\\\/p\\u003E\\n\\n&quot;,&quot;texts&quot;:{&quot;allText&quot;:&quot;All&quot;,&quot;noPostsText&quot;:&quot;No posts found&quot;,&quot;downloadNow&quot;:&quot;Download now&quot;,&quot;readMore&quot;:&quot;Read more&quot;,&quot;newText&quot;:&quot;New&quot;,&quot;marketWatch&quot;:&quot;Market Watch&quot;,&quot;seeAll&quot;:&quot;See all&quot;,&quot;eventsLabel&quot;:&quot;Events&quot;,&quot;pageText&quot;:&quot;Page&quot;,&quot;ofText&quot;:&quot;of&quot;,&quot;articlesLabel&quot;:&quot;Articles&quot;,&quot;pressReleasesLabel&quot;:&quot;Press releases&quot;,&quot;countryText&quot;:&quot;Country&quot;,&quot;languageText&quot;:&quot;Language&quot;,&quot;sidebarText&quot;:&quot;Helping you make more strategic used car decisions&quot;,&quot;webinarsLabel&quot;:&quot;Webinars&quot;},&quot;webinarsTitle&quot;:&quot;Web seminerlerimize kat\\u0131l\\u0131n&quot;,&quot;webinarsText&quot;:&quot;Daha stratejik ikinci el ara\\u00e7 kararlar\\u0131 vermenize yard\\u0131mc\\u0131 olmak&quot;,&quot;webinarsCTAText&quot;:&quot;Hi\\u00e7bir web seminerini ka\\u00e7\\u0131rm\\u0131yor musunuz?&quot;,&quot;webinarsButtonText&quot;:&quot;Haber b\\u00fcltenimize kat\\u0131l\\u0131n&quot;,&quot;webinarsButtonLink&quot;:{&quot;newTab&quot;:false},&quot;eventsTitle&quot;:&quot;Herhangi bir etkinli\\u011fe m\\u00fc\\u015fteri olarak kat\\u0131l\\u0131n&quot;,&quot;eventsText&quot;:&quot;Daha stratejik ikinci el ara\\u00e7 kararlar\\u0131 vermenize yard\\u0131mc\\u0131 olmak&quot;,&quot;eventsButtonText&quot;:&quot;\\u015eimdi kaydolun&quot;,&quot;eventsButtonLink&quot;:{&quot;newTab&quot;:false},&quot;pressReleasesText&quot;:&quot;Daha stratejik ikinci el ara\\u00e7 kararlar\\u0131 vermenize yard\\u0131mc\\u0131 olmak&quot;}\"><\/div>\n<\/div>\n\n\n\n<section class=\"wp-block-morningmodules-breaker mt-breaker\"><div class=\"mt-breaker__container\"><div class=\"mt-breaker__overlay\" style=\"opacity:0\"><\/div><div class=\"mt-breaker__image-container object-fit\"><img decoding=\"async\" src=\"https:\/\/indicata.bluebird.pw\/wp-content\/uploads\/2024\/04\/Frame-24740.jpg\" alt=\"\" style=\"object-position:50% 50%\"\/><\/div><div class=\"mt-breaker__inner page-container\"><div class=\"mt-breaker__text-container\"><span class=\"mt-breaker__tagline mt-tagline\">BA\u015eLAYIN<\/span><h2 class=\"mt-breaker__title\">Operasyonlar\u0131n\u0131z\u0131 iyile\u015ftirmeye bug\u00fcn ba\u015flay\u0131n<\/h2>\n<div class=\"wp-block-buttons is-layout-flex wp-block-buttons-is-layout-flex\">\n<div class=\"wp-block-button open-slide-in-contact\" data-contact-slide-in-view=\"3\"><a class=\"wp-block-button__link wp-element-button\">Demo talep edin<\/a><\/div>\n\n\n\n<div class=\"wp-block-button is-style-primary-transparent open-slide-in-contact\" data-contact-slide-in-view=\"2\"><a class=\"wp-block-button__link wp-element-button\">Sat\u0131\u015f ile ileti\u015fime ge\u00e7in<\/a><\/div>\n<\/div>\n<\/div><\/div><\/div><\/section>\n","protected":false},"excerpt":{"rendered":"","protected":false},"author":4,"featured_media":0,"parent":0,"menu_order":0,"comment_status":"closed","ping_status":"closed","template":"","meta":{"_acf_changed":false,"footnotes":""},"class_list":["post-1218","page","type-page","status-publish","hentry"],"acf":[],"yoast_head":"<!-- This site is optimized with the Yoast SEO plugin v27.3 - https:\/\/yoast.com\/product\/yoast-seo-wordpress\/ -->\n<title>Kaynaklar - Indicata<\/title>\n<meta name=\"robots\" content=\"noindex, follow, max-snippet:-1, max-image-preview:large, max-video-preview:-1\" \/>\n<meta property=\"og:locale\" content=\"tr_TR\" \/>\n<meta property=\"og:type\" content=\"article\" \/>\n<meta property=\"og:title\" content=\"Kaynaklar - Indicata\" \/>\n<meta property=\"og:url\" content=\"https:\/\/tr.indicata.com\/kaynaklar\/\" \/>\n<meta property=\"og:site_name\" content=\"Indicata\" \/>\n<meta property=\"article:modified_time\" content=\"2024-08-30T12:00:57+00:00\" \/>\n<meta property=\"og:image\" content=\"https:\/\/indicata.bluebird.pw\/wp-content\/uploads\/2024\/04\/Frame-24740.jpg\" \/>\n<meta name=\"twitter:card\" content=\"summary_large_image\" \/>\n<meta name=\"twitter:label1\" content=\"Tahmini okuma s\u00fcresi\" \/>\n\t<meta name=\"twitter:data1\" content=\"1 dakika\" \/>\n<script type=\"application\/ld+json\" class=\"yoast-schema-graph\">{\"@context\":\"https:\\\/\\\/schema.org\",\"@graph\":[{\"@type\":\"WebPage\",\"@id\":\"https:\\\/\\\/tr.indicata.com\\\/kaynaklar\\\/\",\"url\":\"https:\\\/\\\/tr.indicata.com\\\/kaynaklar\\\/\",\"name\":\"Kaynaklar - Indicata\",\"isPartOf\":{\"@id\":\"https:\\\/\\\/indicata.bluebird.pw\\\/#website\"},\"primaryImageOfPage\":{\"@id\":\"https:\\\/\\\/tr.indicata.com\\\/kaynaklar\\\/#primaryimage\"},\"image\":{\"@id\":\"https:\\\/\\\/tr.indicata.com\\\/kaynaklar\\\/#primaryimage\"},\"thumbnailUrl\":\"https:\\\/\\\/indicata.bluebird.pw\\\/wp-content\\\/uploads\\\/2024\\\/04\\\/Frame-24740.jpg\",\"datePublished\":\"2024-05-07T09:30:52+00:00\",\"dateModified\":\"2024-08-30T12:00:57+00:00\",\"breadcrumb\":{\"@id\":\"https:\\\/\\\/tr.indicata.com\\\/kaynaklar\\\/#breadcrumb\"},\"inLanguage\":\"tr\",\"potentialAction\":[{\"@type\":\"ReadAction\",\"target\":[\"https:\\\/\\\/tr.indicata.com\\\/kaynaklar\\\/\"]}]},{\"@type\":\"ImageObject\",\"inLanguage\":\"tr\",\"@id\":\"https:\\\/\\\/tr.indicata.com\\\/kaynaklar\\\/#primaryimage\",\"url\":\"https:\\\/\\\/indicata.bluebird.pw\\\/wp-content\\\/uploads\\\/2024\\\/04\\\/Frame-24740.jpg\",\"contentUrl\":\"https:\\\/\\\/indicata.bluebird.pw\\\/wp-content\\\/uploads\\\/2024\\\/04\\\/Frame-24740.jpg\"},{\"@type\":\"BreadcrumbList\",\"@id\":\"https:\\\/\\\/tr.indicata.com\\\/kaynaklar\\\/#breadcrumb\",\"itemListElement\":[{\"@type\":\"ListItem\",\"position\":1,\"name\":\"Home\",\"item\":\"https:\\\/\\\/tr.indicata.com\\\/\"},{\"@type\":\"ListItem\",\"position\":2,\"name\":\"Kaynaklar\"}]},{\"@type\":\"WebSite\",\"@id\":\"https:\\\/\\\/indicata.bluebird.pw\\\/#website\",\"url\":\"https:\\\/\\\/indicata.bluebird.pw\\\/\",\"name\":\"Indicata\",\"description\":\"Part of Autorola Group\",\"potentialAction\":[{\"@type\":\"SearchAction\",\"target\":{\"@type\":\"EntryPoint\",\"urlTemplate\":\"https:\\\/\\\/indicata.bluebird.pw\\\/?s={search_term_string}\"},\"query-input\":{\"@type\":\"PropertyValueSpecification\",\"valueRequired\":true,\"valueName\":\"search_term_string\"}}],\"inLanguage\":\"tr\"}]}<\/script>\n<!-- \/ Yoast SEO plugin. -->","yoast_head_json":{"title":"Kaynaklar - Indicata","robots":{"index":"noindex","follow":"follow","max-snippet":"max-snippet:-1","max-image-preview":"max-image-preview:large","max-video-preview":"max-video-preview:-1"},"og_locale":"tr_TR","og_type":"article","og_title":"Kaynaklar - Indicata","og_url":"https:\/\/tr.indicata.com\/kaynaklar\/","og_site_name":"Indicata","article_modified_time":"2024-08-30T12:00:57+00:00","og_image":[{"url":"https:\/\/indicata.bluebird.pw\/wp-content\/uploads\/2024\/04\/Frame-24740.jpg","type":"","width":"","height":""}],"twitter_card":"summary_large_image","twitter_misc":{"Tahmini okuma s\u00fcresi":"1 dakika"},"schema":{"@context":"https:\/\/schema.org","@graph":[{"@type":"WebPage","@id":"https:\/\/tr.indicata.com\/kaynaklar\/","url":"https:\/\/tr.indicata.com\/kaynaklar\/","name":"Kaynaklar - Indicata","isPartOf":{"@id":"https:\/\/indicata.bluebird.pw\/#website"},"primaryImageOfPage":{"@id":"https:\/\/tr.indicata.com\/kaynaklar\/#primaryimage"},"image":{"@id":"https:\/\/tr.indicata.com\/kaynaklar\/#primaryimage"},"thumbnailUrl":"https:\/\/indicata.bluebird.pw\/wp-content\/uploads\/2024\/04\/Frame-24740.jpg","datePublished":"2024-05-07T09:30:52+00:00","dateModified":"2024-08-30T12:00:57+00:00","breadcrumb":{"@id":"https:\/\/tr.indicata.com\/kaynaklar\/#breadcrumb"},"inLanguage":"tr","potentialAction":[{"@type":"ReadAction","target":["https:\/\/tr.indicata.com\/kaynaklar\/"]}]},{"@type":"ImageObject","inLanguage":"tr","@id":"https:\/\/tr.indicata.com\/kaynaklar\/#primaryimage","url":"https:\/\/indicata.bluebird.pw\/wp-content\/uploads\/2024\/04\/Frame-24740.jpg","contentUrl":"https:\/\/indicata.bluebird.pw\/wp-content\/uploads\/2024\/04\/Frame-24740.jpg"},{"@type":"BreadcrumbList","@id":"https:\/\/tr.indicata.com\/kaynaklar\/#breadcrumb","itemListElement":[{"@type":"ListItem","position":1,"name":"Home","item":"https:\/\/tr.indicata.com\/"},{"@type":"ListItem","position":2,"name":"Kaynaklar"}]},{"@type":"WebSite","@id":"https:\/\/indicata.bluebird.pw\/#website","url":"https:\/\/indicata.bluebird.pw\/","name":"Indicata","description":"Part of Autorola Group","potentialAction":[{"@type":"SearchAction","target":{"@type":"EntryPoint","urlTemplate":"https:\/\/indicata.bluebird.pw\/?s={search_term_string}"},"query-input":{"@type":"PropertyValueSpecification","valueRequired":true,"valueName":"search_term_string"}}],"inLanguage":"tr"}]}},"_links":{"self":[{"href":"https:\/\/indicata.bluebird.pw\/tr\/wp-json\/wp\/v2\/pages\/1218","targetHints":{"allow":["GET"]}}],"collection":[{"href":"https:\/\/indicata.bluebird.pw\/tr\/wp-json\/wp\/v2\/pages"}],"about":[{"href":"https:\/\/indicata.bluebird.pw\/tr\/wp-json\/wp\/v2\/types\/page"}],"author":[{"embeddable":true,"href":"https:\/\/indicata.bluebird.pw\/tr\/wp-json\/wp\/v2\/users\/4"}],"replies":[{"embeddable":true,"href":"https:\/\/indicata.bluebird.pw\/tr\/wp-json\/wp\/v2\/comments?post=1218"}],"version-history":[{"count":5,"href":"https:\/\/indicata.bluebird.pw\/tr\/wp-json\/wp\/v2\/pages\/1218\/revisions"}],"predecessor-version":[{"id":5394,"href":"https:\/\/indicata.bluebird.pw\/tr\/wp-json\/wp\/v2\/pages\/1218\/revisions\/5394"}],"wp:attachment":[{"href":"https:\/\/indicata.bluebird.pw\/tr\/wp-json\/wp\/v2\/media?parent=1218"}],"curies":[{"name":"wp","href":"https:\/\/api.w.org\/{rel}","templated":true}]}}