{"id":1434,"date":"2024-04-19T07:23:46","date_gmt":"2024-04-19T05:23:46","guid":{"rendered":"https:\/\/indicata.bluebird.pw\/oemler-ve-nscler\/"},"modified":"2024-09-02T16:31:28","modified_gmt":"2024-09-02T14:31:28","slug":"oemler-ve-nscler","status":"publish","type":"page","link":"https:\/\/indicata.bluebird.pw\/tr\/oemler-ve-nscler\/","title":{"rendered":"OEM&#8217;ler ve NSC&#8217;ler"},"content":{"rendered":"\n<section class=\"wp-block-indicata-sub-cover mt-sub-cover\"><div class=\"mt-sub-cover__container\"><div class=\"mt-sub-cover__inner page-container\"><div class=\"mt-sub-cover__text-container\"><span class=\"mt-sub-cover__tagline mt-tagline\">END\u00dcSTR\u0130<\/span>\n<h1 class=\"wp-block-heading\">Distrib\u00fct\u00f6rler (OEM) ve Uluslararas\u0131 Otomotiv Firmalar\u0131 (NSC)<\/h1>\n\n\n\n<p>Bayi a\u011flar\u0131n\u0131z\u0131n performans\u0131n\u0131 takip ve optimize edin<\/p>\n\n\n\n<div class=\"wp-block-buttons is-layout-flex wp-block-buttons-is-layout-flex\">\n<div class=\"wp-block-button open-slide-in-contact\" data-contact-slide-in-view=\"3\"><a class=\"wp-block-button__link wp-element-button\">Demo talep edin<\/a><\/div>\n\n\n\n<div class=\"wp-block-button is-style-primary-transparent open-slide-in-contact\" data-contact-slide-in-view=\"2\"><a class=\"wp-block-button__link wp-element-button\">F\u0131rsat de\u011ferlendirmesi<\/a><\/div>\n<\/div>\n<\/div><\/div><div class=\"mt-sub-cover__image-container object-fit\"><img decoding=\"async\" src=\"https:\/\/indicata.bluebird.pw\/wp-content\/uploads\/2024\/04\/Frame-3-2.jpg\" alt=\"\" style=\"object-position:50% 50%\"\/><\/div><\/div><\/section>\n\n\n\n<section class=\"wp-block-indicata-link-boxes-with-icon mt-link-boxes-with-icon mtSpacing-top-small mtSpacing-bottom-medium\"><div class=\"mt-link-boxes-with-icon__inner page-container\"><div class=\"mt-link-boxes-with-icon__text-container\"><h2 class=\"mt-link-boxes-with-icon__title\">M\u00fc\u015fterilerimiz bize geliyor<\/h2><p class=\"mt-link-boxes-with-icon__text\">\u00c7\u00fcnk\u00fc m\u00fccadele ediyorlar:<\/p><\/div><div class=\"mt-link-boxes-with-icon__boxes-wrapper\">\n<div class=\"wp-block-indicata-link-box-with-icon mt-link-box-with-icon swiper-slide\"><div class=\"mt-link-box-with-icon__title-container\"><div class=\"mt-link-box-with-icon__icon-container\"><img decoding=\"async\" src=\"https:\/\/indicata.bluebird.pw\/wp-content\/uploads\/2024\/04\/car-side-solid.svg\" alt=\"araba-yan-kat\u0131\" width=\"24\" height=\"24\" class=\"mt-link-box-with-icon__icon\"><\/div><p class=\"mt-link-box-with-icon__title\">CPO ba\u015far\u0131s\u0131n\u0131 de\u011ferlendirin<\/p><\/div><p class=\"mt-link-box-with-icon__text\">Certified Pre-Owned program\u0131n\u0131z\u0131n ba\u015far\u0131s\u0131n\u0131 ve performans\u0131n\u0131 takip edin<\/p><\/div>\n\n\n\n<div class=\"wp-block-indicata-link-box-with-icon mt-link-box-with-icon swiper-slide\"><div class=\"mt-link-box-with-icon__title-container\"><div class=\"mt-link-box-with-icon__icon-container\"><img decoding=\"async\" src=\"https:\/\/indicata.bluebird.pw\/wp-content\/uploads\/2024\/04\/tags-solid.svg\" alt=\"etiketler-kat\u0131\" width=\"24\" height=\"24\" class=\"mt-link-box-with-icon__icon\"><\/div><p class=\"mt-link-box-with-icon__title\">Sat\u0131\u015f ve k\u00e2r i\u00e7in a\u011f performans\u0131n\u0131 iyile\u015ftirin<\/p><\/div><p class=\"mt-link-box-with-icon__text\">D\u00fc\u015f\u00fck performans g\u00f6steren sat\u0131\u015f noktalar\u0131n\u0131n ve performans\u0131n nerelerde iyile\u015ftirilebilece\u011finin belirlenmesi<\/p><\/div>\n\n\n\n<div class=\"wp-block-indicata-link-box-with-icon mt-link-box-with-icon swiper-slide\"><div class=\"mt-link-box-with-icon__title-container\"><div class=\"mt-link-box-with-icon__icon-container\"><img decoding=\"async\" src=\"https:\/\/indicata.bluebird.pw\/wp-content\/uploads\/2024\/04\/laptop-solid.svg\" alt=\"laptop-solid\" width=\"24\" height=\"24\" class=\"mt-link-box-with-icon__icon\"><\/div><p class=\"mt-link-box-with-icon__title\">A\u011f sorunlar\u0131n\u0131 ve f\u0131rsatlar\u0131n\u0131 belirleme<\/p><\/div><p class=\"mt-link-box-with-icon__text\">Eskiyen stoklar\u0131, k\u00f6t\u00fc pazarlanan veya fiyatland\u0131r\u0131lan ara\u00e7lar\u0131 ve artan sat\u0131\u015f f\u0131rsatlar\u0131n\u0131 takip edin<\/p><\/div>\n<\/div><\/div><\/section>\n\n\n\n<section class=\"wp-block-morningmodules-logo-line mt-logo-line mt-logo-line--should-slide mtSpacing-top-extraSmall mtSpacing-bottom-small\"><div class=\"mt-logo-line__inner\"><div class=\"mt-logo-line__text-container\"><p class=\"mt-logo-line__text\">D\u00fcnya \u00e7ap\u0131nda g\u00fcvenilen otomotiv markalar\u0131<\/p><\/div><div class=\"mt-logo-line__logos-container swiper\"><div class=\"swiper-wrapper\">\n<div class=\"wp-block-morningmodules-logo-line-logo mt-logo swiper-slide\" style=\"opacity:1\"><img decoding=\"async\" src=\"https:\/\/tr.indicata.com\/wp-content\/uploads\/2024\/09\/borlease-cropped.svg\" alt=\"\" class=\"mt-logo__logo\" style=\"max-height:40px;margin-top:0px\"\/><\/div>\n\n\n\n<div class=\"wp-block-morningmodules-logo-line-logo mt-logo swiper-slide\" style=\"opacity:1\"><img decoding=\"async\" src=\"https:\/\/tr.indicata.com\/wp-content\/uploads\/2024\/09\/ford-cropped.svg\" alt=\"\" class=\"mt-logo__logo\" style=\"max-height:40px;margin-top:0px\"\/><\/div>\n\n\n\n<div class=\"wp-block-morningmodules-logo-line-logo mt-logo swiper-slide\" style=\"opacity:1\"><img decoding=\"async\" src=\"https:\/\/tr.indicata.com\/wp-content\/uploads\/2024\/09\/nissan-cropped.svg\" alt=\"\" class=\"mt-logo__logo\" style=\"max-height:40px;margin-top:0px\"\/><\/div>\n\n\n\n<div class=\"wp-block-morningmodules-logo-line-logo mt-logo swiper-slide\" style=\"opacity:1\"><img decoding=\"async\" src=\"https:\/\/tr.indicata.com\/wp-content\/uploads\/2024\/09\/renault-cropped.svg\" alt=\"\" class=\"mt-logo__logo\" style=\"max-height:40px;margin-top:0px\"\/><\/div>\n\n\n\n<div class=\"wp-block-morningmodules-logo-line-logo mt-logo swiper-slide\" style=\"opacity:1\"><img decoding=\"async\" src=\"https:\/\/tr.indicata.com\/wp-content\/uploads\/2024\/09\/sixt-cropped.svg\" alt=\"\" class=\"mt-logo__logo\" style=\"max-height:40px;margin-top:0px\"\/><\/div>\n\n\n\n<div class=\"wp-block-morningmodules-logo-line-logo mt-logo swiper-slide\" style=\"opacity:1\"><img decoding=\"async\" src=\"https:\/\/tr.indicata.com\/wp-content\/uploads\/2024\/09\/stellantis-cropped.svg\" alt=\"\" class=\"mt-logo__logo\" style=\"max-height:40px;margin-top:0px\"\/><\/div>\n\n\n\n<div class=\"wp-block-morningmodules-logo-line-logo mt-logo swiper-slide\" style=\"opacity:1\"><img decoding=\"async\" src=\"https:\/\/tr.indicata.com\/wp-content\/uploads\/2024\/09\/teb-arval-cropped.svg\" alt=\"\" class=\"mt-logo__logo\" style=\"max-height:40px;margin-top:0px\"\/><\/div>\n\n\n\n<div class=\"wp-block-morningmodules-logo-line-logo mt-logo swiper-slide\" style=\"opacity:1\"><img decoding=\"async\" src=\"https:\/\/tr.indicata.com\/wp-content\/uploads\/2024\/09\/tofas-cropped.svg\" alt=\"\" class=\"mt-logo__logo\" style=\"max-height:40px;margin-top:0px\"\/><\/div>\n\n\n\n<div class=\"wp-block-morningmodules-logo-line-logo mt-logo swiper-slide\" style=\"opacity:1\"><img decoding=\"async\" src=\"https:\/\/tr.indicata.com\/wp-content\/uploads\/2024\/09\/Volvo-cropped.svg\" alt=\"\" class=\"mt-logo__logo\" style=\"max-height:40px;margin-top:0px\"\/><\/div>\n<\/div><\/div><\/div><\/section>\n\n\n\n<section class=\"wp-block-morningmodules-text-media mt-text-media mt-text-media--align-media-right mt-text-media--align-media-mobile-bottom mtSpacing-bottom-medium mtSpacing-top-small\"><div class=\"mt-text-media__inner\"><div class=\"mt-text-media__media-container\"><img decoding=\"async\" src=\"https:\/\/indicata.bluebird.pw\/wp-content\/uploads\/2024\/05\/shutterstock_421486786-scaled.jpg\" alt=\"\" style=\"object-position:67% 57.99999999999999%\"\/><\/div><div class=\"mt-text-media__text-container\"><span class=\"mt-text-media__tagline mt-tagline\">Performans\u0131 de\u011ferlendirin<\/span><h2 class=\"mt-text-media__title\">Sertifikal\u0131 Kullan\u0131lm\u0131\u015f Ara\u00e7 Program Verimlili\u011fi<\/h2>\n<p>OEM&#8217;ler kullan\u0131lm\u0131\u015f ara\u00e7 markalar\u0131 olu\u015fturmak i\u00e7in milyonlarca yat\u0131r\u0131m yap\u0131yor ancak ba\u015far\u0131 KPI&#8217;lar\u0131 hakk\u0131nda yaln\u0131zca s\u0131n\u0131rl\u0131 bilgiye sahipler<\/p>\n\n\n\n<ul class=\"wp-block-list\">\n<li>A\u011flar\u0131 \u00fczerinden sat\u0131lan % stok oran\u0131n\u0131n iyile\u015ftirilmesi<\/li>\n\n\n\n<li>Kal\u0131nt\u0131 de\u011ferlerin iyile\u015ftirilmesi<\/li>\n\n\n\n<li>A\u011f performans\u0131n\u0131n ve karl\u0131l\u0131\u011f\u0131n art\u0131r\u0131lmas\u0131<\/li>\n\n\n\n<li>CPO&#8217;lar\u0131na yeni \u00fcr\u00fcnlerle e\u015fle\u015fen bir pazar stat\u00fcs\u00fc vermek<\/li>\n<\/ul>\n\n\n\n<p>CPO raporlama paketimiz, 140.000 OEM ve markas\u0131z perakendecinin performans\u0131n\u0131, stoklar\u0131n\u0131 ve sat\u0131\u015flar\u0131n\u0131 ger\u00e7ek zamanl\u0131 olarak takip ederek OEM&#8217;lerin yat\u0131r\u0131mlar\u0131n\u0131n etkinli\u011fini ger\u00e7ekten de\u011ferlendirmelerine olanak tan\u0131r<\/p>\n\n\n\n<div class=\"wp-block-buttons is-layout-flex wp-block-buttons-is-layout-flex\">\n<div class=\"wp-block-button open-slide-in-contact\" data-contact-slide-in-view=\"3\"><a class=\"wp-block-button__link wp-element-button\">Demo talep edin<\/a><\/div>\n\n\n\n<div class=\"wp-block-button is-style-primary-transparent open-slide-in-contact\" data-contact-slide-in-view=\"2\"><a class=\"wp-block-button__link wp-element-button\">\u0130leti\u015fim sat\u0131\u015f<\/a><\/div>\n<\/div>\n<\/div><\/div><\/section>\n\n\n\n<section class=\"wp-block-morningmodules-text-media mt-text-media mt-text-media--align-media-left mt-text-media--align-media-mobile-bottom\"><div class=\"mt-text-media__inner\"><div class=\"mt-text-media__media-container\"><img decoding=\"async\" src=\"https:\/\/indicata.bluebird.pw\/wp-content\/uploads\/2024\/04\/Frame-24656-3.jpg\" alt=\"\" style=\"object-position:20% 55.00000000000001%\"\/><\/div><div class=\"mt-text-media__text-container\"><span class=\"mt-text-media__tagline mt-tagline\">K\u00f6t\u00fc performans g\u00f6steren sat\u0131\u015f noktalar\u0131n\u0131 belirleyin<\/span><h2 class=\"mt-text-media__title\">A\u011f Kapasitesi ve \u0130yile\u015ftirme<\/h2>\n<p>Indicata, bir OEM&#8217;in a\u011f\u0131ndaki en iyileri ve en k\u00f6t\u00fcleri belirleyebilir. Bu, temel kullan\u0131lm\u0131\u015f ara\u00e7 performans\u0131ndan bayinin finansal ya\u015fayabilirli\u011fine ili\u015fkin erken uyar\u0131ya kadar de\u011fi\u015febilir.<br><br>OEM&#8217;ler, sorunlar\u0131 ger\u00e7ek bir sorun haline gelmeden \u00f6nce ele almak i\u00e7in do\u011fru kat\u0131l\u0131m ve d\u00fczeltici eylemleri uygulayabilir. Indicata, M\u00fc\u015fteri Ba\u015far\u0131 Program\u0131m\u0131z ile onu destekleyebilir<\/p>\n\n\n\n<div class=\"wp-block-buttons is-layout-flex wp-block-buttons-is-layout-flex\">\n<div class=\"wp-block-button open-slide-in-contact\" data-contact-slide-in-view=\"3\"><a class=\"wp-block-button__link wp-element-button\">Demo talep edin<\/a><\/div>\n\n\n\n<div class=\"wp-block-button is-style-primary-transparent open-slide-in-contact\" data-contact-slide-in-view=\"2\"><a class=\"wp-block-button__link wp-element-button\">\u0130leti\u015fim sat\u0131\u015f<\/a><\/div>\n<\/div>\n<\/div><\/div><\/section>\n\n\n\n<section class=\"wp-block-morningmodules-text-media mt-text-media mt-text-media--align-media-right mt-text-media--align-media-mobile-bottom mtSpacing-top-medium\"><div class=\"mt-text-media__inner\"><div class=\"mt-text-media__media-container\"><img decoding=\"async\" src=\"https:\/\/indicata.bluebird.pw\/wp-content\/uploads\/2024\/04\/Frame-24656-4.jpg\" alt=\"\" style=\"object-position:50% 50%\"\/><\/div><div class=\"mt-text-media__text-container\"><span class=\"mt-text-media__tagline mt-tagline\">Sat\u0131\u015f A\u011f\u0131 deste\u011fi<\/span><h2 class=\"mt-text-media__title\">Etkili saha ekipleri<\/h2>\n<p>Her ge\u00e7en g\u00fcn daha fazla OEM, perakendeci operasyonlar\u0131n\u0131 iyile\u015ftirmek i\u00e7in ikinci el ara\u00e7 saha ekiplerine yat\u0131r\u0131m yap\u0131yor. Ancak bayilerle yap\u0131lan toplant\u0131lar, yaln\u0131zca g\u00f6zden ge\u00e7irilecek ortak bir performans \u00f6l\u00e7\u00fctleri seti ile etkili olur.<\/p>\n\n\n\n<p>Indicata a\u011f raporlama paketi, \u00fcst d\u00fczey metriklerden ara\u00e7 baz\u0131nda sorunlara kadar bayi baz\u0131nda tam bir genel bak\u0131\u015f sa\u011flar. OEM saha ekipleri, bayinin bile fark\u0131nda olmayabilece\u011fi sorunlar\u0131 ve f\u0131rsatlar\u0131 belirleyerek etkili, ger\u00e7e\u011fe dayal\u0131 g\u00f6r\u00fc\u015fmeler yapabilir.  <\/p>\n\n\n\n<p>M\u00fc\u015fteri Ba\u015far\u0131 Program\u0131m\u0131za ek olarak Indicata, saha ekibinizi \u0130kinci El Ara\u00e7 uzmanlar\u0131na d\u00f6n\u00fc\u015ft\u00fcrerek a\u011f\u0131n\u0131zla olan ili\u015fkilerini geli\u015ftirmenize de yard\u0131mc\u0131 olabilir.<\/p>\n\n\n\n<div class=\"wp-block-buttons is-layout-flex wp-block-buttons-is-layout-flex\">\n<div class=\"wp-block-button open-slide-in-contact\" data-contact-slide-in-view=\"3\"><a class=\"wp-block-button__link wp-element-button\">Demo talep edin<\/a><\/div>\n\n\n\n<div class=\"wp-block-button is-style-primary-transparent open-slide-in-contact\" data-contact-slide-in-view=\"2\"><a class=\"wp-block-button__link wp-element-button\">\u0130leti\u015fim sat\u0131\u015f<\/a><\/div>\n<\/div>\n<\/div><\/div><\/section>\n\n\n\n<section class=\"wp-block-morningmodules-text-media mt-text-media mt-text-media--align-media-left mt-text-media--align-media-mobile-bottom mtSpacing-bottom-medium mtSpacing-top-medium\"><div class=\"mt-text-media__inner\"><div class=\"mt-text-media__media-container\"><img decoding=\"async\" src=\"https:\/\/indicata.bluebird.pw\/wp-content\/uploads\/2024\/04\/Frame-24656-1.jpg\" alt=\"\" style=\"object-position:69% 49%\"\/><\/div><div class=\"mt-text-media__text-container\"><span class=\"mt-text-media__tagline mt-tagline\">Ara\u00e7tan araca &#8211; Her g\u00fcn<\/span><h2 class=\"mt-text-media__title\">Marka Stokunu Elde Tutma<\/h2>\n<p>Marka a\u011f\u0131n\u0131z\u0131n markalar\u0131n\u0131z\u0131n stoklar\u0131n\u0131n maksimum pay\u0131n\u0131 elinde tutmas\u0131n\u0131 ve perakende sat\u0131\u015f\u0131n\u0131 yapmas\u0131n\u0131 sa\u011flamak, CPO programlar\u0131n\u0131z\u0131 optimize etmenin anahtar\u0131d\u0131r. \u00dcr\u00fcn\u00fcn markas\u0131z bir yere s\u0131zd\u0131\u011f\u0131 durumlarda, ne kadar\u0131n\u0131n ve nerede oldu\u011funun bilinmesi hayati \u00f6nem ta\u015f\u0131r.<br><br>Indicata, markan\u0131z\u0131n her kullan\u0131lm\u0131\u015f arac\u0131n\u0131 takip edebilir, kimin hangi fiyata satt\u0131\u011f\u0131n\u0131 bayi bayi belirleyebilir.<br><br>Verilerimizi genel pazar e\u011filimi analizi ile birlikte kullanarak a\u011flar\u0131n\u0131zda maksimum marka kal\u0131c\u0131l\u0131\u011f\u0131 sa\u011flaman\u0131za destek olabiliriz<\/p>\n\n\n\n<div class=\"wp-block-buttons is-layout-flex wp-block-buttons-is-layout-flex\">\n<div class=\"wp-block-button open-slide-in-contact\" data-contact-slide-in-view=\"3\"><a class=\"wp-block-button__link wp-element-button\">Demo talep edin<\/a><\/div>\n\n\n\n<div class=\"wp-block-button is-style-primary-transparent open-slide-in-contact\" data-contact-slide-in-view=\"2\"><a class=\"wp-block-button__link wp-element-button\">\u0130leti\u015fim sat\u0131\u015f<\/a><\/div>\n<\/div>\n<\/div><\/div><\/section>\n\n\n\n<section class=\"wp-block-morningmodules-text-media mt-text-media mt-text-media--align-media-right mt-text-media--align-media-mobile-bottom mtSpacing-bottom-medium\"><div class=\"mt-text-media__inner\"><div class=\"mt-text-media__media-container\"><img decoding=\"async\" src=\"https:\/\/indicata.bluebird.pw\/wp-content\/uploads\/2024\/04\/Frame-24656-2.jpg\" alt=\"\" style=\"object-position:50% 50%\"\/><\/div><div class=\"mt-text-media__text-container\"><span class=\"mt-text-media__tagline mt-tagline\">Stok ka\u00e7a\u011f\u0131<\/span><h2 class=\"mt-text-media__title\">Showroom Trafi\u011fini Art\u0131rma<\/h2>\n<p>Indicata&#8217;n\u0131n m\u00fc\u015fteri aday\u0131 olu\u015fturucusu, web sitenizin ziyaret\u00e7ilerine istedikleri \u00e7evrimi\u00e7i takas de\u011ferlemesini sa\u011flar, b\u00f6ylece ileti\u015fim kurman\u0131za ve sat\u0131\u015f f\u0131rsatlar\u0131n\u0131z\u0131 art\u0131rman\u0131za olanak tan\u0131r<br><br>Indicata&#8217;n\u0131n Potansiyel M\u00fc\u015fteri Olu\u015fturucular\u0131n\u0131n web sitelerinizin potansiyel m\u00fc\u015fteri \u00fcretimini 3 kat art\u0131rd\u0131\u011f\u0131 kan\u0131tlanm\u0131\u015ft\u0131r<br><br>\u0130ster web sitelerinizin kendi de\u011ferleme aray\u00fczlerini g\u00fc\u00e7lendirmek i\u00e7in bir API \u00e7\u00f6z\u00fcm\u00fc, ister \u00f6nceden yap\u0131land\u0131r\u0131lm\u0131\u015f bir Indicata &#8220;tak ve \u00e7al\u0131\u015ft\u0131r&#8221; se\u00e7ene\u011fi olsun, do\u011frudan OEM&#8217;lere veya bayi kurulu\u015funuzla ortakl\u0131klar yoluyla \u00e7\u00f6z\u00fcmler sa\u011flama konusunda deneyime sahibiz.<\/p>\n\n\n\n<div class=\"wp-block-buttons is-layout-flex wp-block-buttons-is-layout-flex\">\n<div class=\"wp-block-button open-slide-in-contact\" data-contact-slide-in-view=\"3\"><a class=\"wp-block-button__link wp-element-button\">Demo talep edin<\/a><\/div>\n\n\n\n<div class=\"wp-block-button is-style-primary-transparent open-slide-in-contact\" data-contact-slide-in-view=\"2\"><a class=\"wp-block-button__link wp-element-button\">\u0130leti\u015fim sat\u0131\u015f<\/a><\/div>\n<\/div>\n<\/div><\/div><\/section>\n\n\n\n<section class=\"wp-block-morningmodules-breaker mt-breaker\"><div class=\"mt-breaker__container\"><div class=\"mt-breaker__overlay\" style=\"opacity:0\"><\/div><div class=\"mt-breaker__image-container object-fit\"><img decoding=\"async\" src=\"https:\/\/indicata.bluebird.pw\/wp-content\/uploads\/2024\/04\/Frame-24740.jpg\" alt=\"\" style=\"object-position:50% 50%\"\/><\/div><div class=\"mt-breaker__inner page-container\"><div class=\"mt-breaker__text-container\"><span class=\"mt-breaker__tagline mt-tagline\">BA\u015eLAYIN<\/span><h2 class=\"mt-breaker__title\">Operasyonlar\u0131n\u0131z\u0131 iyile\u015ftirmeye bug\u00fcn ba\u015flay\u0131n<\/h2>\n<div class=\"wp-block-buttons is-layout-flex wp-block-buttons-is-layout-flex\">\n<div class=\"wp-block-button open-slide-in-contact\" data-contact-slide-in-view=\"3\"><a class=\"wp-block-button__link wp-element-button\">Demo talep edin<\/a><\/div>\n\n\n\n<div class=\"wp-block-button is-style-primary-transparent open-slide-in-contact\" data-contact-slide-in-view=\"2\"><a class=\"wp-block-button__link wp-element-button\">\u0130leti\u015fim sat\u0131\u015f<\/a><\/div>\n<\/div>\n<\/div><\/div><\/div><\/section>\n","protected":false},"excerpt":{"rendered":"","protected":false},"author":2,"featured_media":0,"parent":0,"menu_order":0,"comment_status":"closed","ping_status":"closed","template":"","meta":{"_acf_changed":false,"footnotes":""},"class_list":["post-1434","page","type-page","status-publish","hentry"],"acf":[],"yoast_head":"<!-- This site is optimized with the Yoast SEO plugin v27.3 - https:\/\/yoast.com\/product\/yoast-seo-wordpress\/ -->\n<title>OEM&#039;ler ve NSC&#039;ler - Indicata<\/title>\n<meta name=\"robots\" content=\"noindex, follow, max-snippet:-1, max-image-preview:large, max-video-preview:-1\" \/>\n<meta property=\"og:locale\" content=\"tr_TR\" \/>\n<meta property=\"og:type\" content=\"article\" \/>\n<meta property=\"og:title\" content=\"OEM&#039;ler ve NSC&#039;ler - Indicata\" \/>\n<meta property=\"og:url\" content=\"https:\/\/tr.indicata.com\/oemler-ve-nscler\/\" \/>\n<meta property=\"og:site_name\" content=\"Indicata\" \/>\n<meta property=\"article:modified_time\" content=\"2024-09-02T14:31:28+00:00\" \/>\n<meta property=\"og:image\" content=\"https:\/\/indicata.bluebird.pw\/wp-content\/uploads\/2024\/04\/Frame-3-2.jpg\" \/>\n<meta name=\"twitter:card\" content=\"summary_large_image\" \/>\n<meta name=\"twitter:label1\" content=\"Tahmini okuma s\u00fcresi\" \/>\n\t<meta name=\"twitter:data1\" content=\"6 dakika\" \/>\n<script type=\"application\/ld+json\" class=\"yoast-schema-graph\">{\"@context\":\"https:\\\/\\\/schema.org\",\"@graph\":[{\"@type\":\"WebPage\",\"@id\":\"https:\\\/\\\/tr.indicata.com\\\/oemler-ve-nscler\\\/\",\"url\":\"https:\\\/\\\/tr.indicata.com\\\/oemler-ve-nscler\\\/\",\"name\":\"OEM'ler ve NSC'ler - Indicata\",\"isPartOf\":{\"@id\":\"https:\\\/\\\/indicata.bluebird.pw\\\/#website\"},\"primaryImageOfPage\":{\"@id\":\"https:\\\/\\\/tr.indicata.com\\\/oemler-ve-nscler\\\/#primaryimage\"},\"image\":{\"@id\":\"https:\\\/\\\/tr.indicata.com\\\/oemler-ve-nscler\\\/#primaryimage\"},\"thumbnailUrl\":\"https:\\\/\\\/indicata.bluebird.pw\\\/wp-content\\\/uploads\\\/2024\\\/04\\\/Frame-3-2.jpg\",\"datePublished\":\"2024-04-19T05:23:46+00:00\",\"dateModified\":\"2024-09-02T14:31:28+00:00\",\"breadcrumb\":{\"@id\":\"https:\\\/\\\/tr.indicata.com\\\/oemler-ve-nscler\\\/#breadcrumb\"},\"inLanguage\":\"tr\",\"potentialAction\":[{\"@type\":\"ReadAction\",\"target\":[\"https:\\\/\\\/tr.indicata.com\\\/oemler-ve-nscler\\\/\"]}]},{\"@type\":\"ImageObject\",\"inLanguage\":\"tr\",\"@id\":\"https:\\\/\\\/tr.indicata.com\\\/oemler-ve-nscler\\\/#primaryimage\",\"url\":\"https:\\\/\\\/indicata.bluebird.pw\\\/wp-content\\\/uploads\\\/2024\\\/04\\\/Frame-3-2.jpg\",\"contentUrl\":\"https:\\\/\\\/indicata.bluebird.pw\\\/wp-content\\\/uploads\\\/2024\\\/04\\\/Frame-3-2.jpg\"},{\"@type\":\"BreadcrumbList\",\"@id\":\"https:\\\/\\\/tr.indicata.com\\\/oemler-ve-nscler\\\/#breadcrumb\",\"itemListElement\":[{\"@type\":\"ListItem\",\"position\":1,\"name\":\"Home\",\"item\":\"https:\\\/\\\/tr.indicata.com\\\/\"},{\"@type\":\"ListItem\",\"position\":2,\"name\":\"OEM&#8217;ler ve NSC&#8217;ler\"}]},{\"@type\":\"WebSite\",\"@id\":\"https:\\\/\\\/indicata.bluebird.pw\\\/#website\",\"url\":\"https:\\\/\\\/indicata.bluebird.pw\\\/\",\"name\":\"Indicata\",\"description\":\"Part of Autorola Group\",\"potentialAction\":[{\"@type\":\"SearchAction\",\"target\":{\"@type\":\"EntryPoint\",\"urlTemplate\":\"https:\\\/\\\/indicata.bluebird.pw\\\/?s={search_term_string}\"},\"query-input\":{\"@type\":\"PropertyValueSpecification\",\"valueRequired\":true,\"valueName\":\"search_term_string\"}}],\"inLanguage\":\"tr\"}]}<\/script>\n<!-- \/ Yoast SEO plugin. -->","yoast_head_json":{"title":"OEM'ler ve NSC'ler - Indicata","robots":{"index":"noindex","follow":"follow","max-snippet":"max-snippet:-1","max-image-preview":"max-image-preview:large","max-video-preview":"max-video-preview:-1"},"og_locale":"tr_TR","og_type":"article","og_title":"OEM'ler ve NSC'ler - Indicata","og_url":"https:\/\/tr.indicata.com\/oemler-ve-nscler\/","og_site_name":"Indicata","article_modified_time":"2024-09-02T14:31:28+00:00","og_image":[{"url":"https:\/\/indicata.bluebird.pw\/wp-content\/uploads\/2024\/04\/Frame-3-2.jpg","type":"","width":"","height":""}],"twitter_card":"summary_large_image","twitter_misc":{"Tahmini okuma s\u00fcresi":"6 dakika"},"schema":{"@context":"https:\/\/schema.org","@graph":[{"@type":"WebPage","@id":"https:\/\/tr.indicata.com\/oemler-ve-nscler\/","url":"https:\/\/tr.indicata.com\/oemler-ve-nscler\/","name":"OEM'ler ve NSC'ler - Indicata","isPartOf":{"@id":"https:\/\/indicata.bluebird.pw\/#website"},"primaryImageOfPage":{"@id":"https:\/\/tr.indicata.com\/oemler-ve-nscler\/#primaryimage"},"image":{"@id":"https:\/\/tr.indicata.com\/oemler-ve-nscler\/#primaryimage"},"thumbnailUrl":"https:\/\/indicata.bluebird.pw\/wp-content\/uploads\/2024\/04\/Frame-3-2.jpg","datePublished":"2024-04-19T05:23:46+00:00","dateModified":"2024-09-02T14:31:28+00:00","breadcrumb":{"@id":"https:\/\/tr.indicata.com\/oemler-ve-nscler\/#breadcrumb"},"inLanguage":"tr","potentialAction":[{"@type":"ReadAction","target":["https:\/\/tr.indicata.com\/oemler-ve-nscler\/"]}]},{"@type":"ImageObject","inLanguage":"tr","@id":"https:\/\/tr.indicata.com\/oemler-ve-nscler\/#primaryimage","url":"https:\/\/indicata.bluebird.pw\/wp-content\/uploads\/2024\/04\/Frame-3-2.jpg","contentUrl":"https:\/\/indicata.bluebird.pw\/wp-content\/uploads\/2024\/04\/Frame-3-2.jpg"},{"@type":"BreadcrumbList","@id":"https:\/\/tr.indicata.com\/oemler-ve-nscler\/#breadcrumb","itemListElement":[{"@type":"ListItem","position":1,"name":"Home","item":"https:\/\/tr.indicata.com\/"},{"@type":"ListItem","position":2,"name":"OEM&#8217;ler ve NSC&#8217;ler"}]},{"@type":"WebSite","@id":"https:\/\/indicata.bluebird.pw\/#website","url":"https:\/\/indicata.bluebird.pw\/","name":"Indicata","description":"Part of Autorola Group","potentialAction":[{"@type":"SearchAction","target":{"@type":"EntryPoint","urlTemplate":"https:\/\/indicata.bluebird.pw\/?s={search_term_string}"},"query-input":{"@type":"PropertyValueSpecification","valueRequired":true,"valueName":"search_term_string"}}],"inLanguage":"tr"}]}},"_links":{"self":[{"href":"https:\/\/indicata.bluebird.pw\/tr\/wp-json\/wp\/v2\/pages\/1434","targetHints":{"allow":["GET"]}}],"collection":[{"href":"https:\/\/indicata.bluebird.pw\/tr\/wp-json\/wp\/v2\/pages"}],"about":[{"href":"https:\/\/indicata.bluebird.pw\/tr\/wp-json\/wp\/v2\/types\/page"}],"author":[{"embeddable":true,"href":"https:\/\/indicata.bluebird.pw\/tr\/wp-json\/wp\/v2\/users\/2"}],"replies":[{"embeddable":true,"href":"https:\/\/indicata.bluebird.pw\/tr\/wp-json\/wp\/v2\/comments?post=1434"}],"version-history":[{"count":4,"href":"https:\/\/indicata.bluebird.pw\/tr\/wp-json\/wp\/v2\/pages\/1434\/revisions"}],"predecessor-version":[{"id":6339,"href":"https:\/\/indicata.bluebird.pw\/tr\/wp-json\/wp\/v2\/pages\/1434\/revisions\/6339"}],"wp:attachment":[{"href":"https:\/\/indicata.bluebird.pw\/tr\/wp-json\/wp\/v2\/media?parent=1434"}],"curies":[{"name":"wp","href":"https:\/\/api.w.org\/{rel}","templated":true}]}}