{"id":1435,"date":"2024-04-19T07:58:44","date_gmt":"2024-04-19T05:58:44","guid":{"rendered":"https:\/\/indicata.bluebird.pw\/rv-ayarlayicilari-ve-risk-yoneticileri\/"},"modified":"2024-09-02T16:31:37","modified_gmt":"2024-09-02T14:31:37","slug":"rv-ayarlayicilari-ve-risk-yoneticileri","status":"publish","type":"page","link":"https:\/\/indicata.bluebird.pw\/tr\/rv-ayarlayicilari-ve-risk-yoneticileri\/","title":{"rendered":"RV Hesaplay\u0131c\u0131lar ve Risk y\u00f6neticileri"},"content":{"rendered":"\n<section class=\"wp-block-indicata-sub-cover mt-sub-cover\"><div class=\"mt-sub-cover__container\"><div class=\"mt-sub-cover__inner page-container\"><div class=\"mt-sub-cover__text-container\"><span class=\"mt-sub-cover__tagline mt-tagline\">END\u00dcSTR\u0130<\/span>\n<h1 class=\"wp-block-heading\">RV Hesaplay\u0131c\u0131lar ve Risk y\u00f6neticileri<\/h1>\n\n\n\n<p>\u0130\u015finizi optimize edin riskinizi en aza indirin<\/p>\n\n\n\n<div class=\"wp-block-buttons is-layout-flex wp-block-buttons-is-layout-flex\">\n<div class=\"wp-block-button open-slide-in-contact\" data-contact-slide-in-view=\"3\"><a class=\"wp-block-button__link wp-element-button\">Demo talep edin<\/a><\/div>\n\n\n\n<div class=\"wp-block-button is-style-primary-transparent open-slide-in-contact\" data-contact-slide-in-view=\"2\"><a class=\"wp-block-button__link wp-element-button\">F\u0131rsat de\u011ferlendirmesi<\/a><\/div>\n<\/div>\n<\/div><\/div><div class=\"mt-sub-cover__image-container object-fit\"><img decoding=\"async\" src=\"https:\/\/indicata.bluebird.pw\/wp-content\/uploads\/2024\/04\/Frame-3-4.jpg\" alt=\"\" style=\"object-position:50% 50%\"\/><\/div><\/div><\/section>\n\n\n\n<section class=\"wp-block-indicata-link-boxes-with-icon mt-link-boxes-with-icon mtSpacing-top-small mtSpacing-bottom-medium\"><div class=\"mt-link-boxes-with-icon__inner page-container\"><div class=\"mt-link-boxes-with-icon__text-container\"><h2 class=\"mt-link-boxes-with-icon__title\">M\u00fc\u015fterilerimiz bize geliyor<\/h2><p class=\"mt-link-boxes-with-icon__text\">\u00c7\u00fcnk\u00fc m\u00fccadele ediyorlar:<\/p><\/div><div class=\"mt-link-boxes-with-icon__boxes-wrapper\">\n<div class=\"wp-block-indicata-link-box-with-icon mt-link-box-with-icon swiper-slide\"><div class=\"mt-link-box-with-icon__title-container\"><div class=\"mt-link-box-with-icon__icon-container\"><img decoding=\"async\" src=\"https:\/\/indicata.bluebird.pw\/wp-content\/uploads\/2024\/04\/car-side-solid.svg\" alt=\"araba-yan-kat\u0131\" width=\"24\" height=\"24\" class=\"mt-link-box-with-icon__icon\"><\/div><p class=\"mt-link-box-with-icon__title\">Tutarl\u0131 veriler bulun<\/p><\/div><p class=\"mt-link-box-with-icon__text\">Indicata ara\u00e7 de\u011ferleme ve gelecek de\u011fer tahmin y\u00f6ntemi (RV) t\u00fcm \u00fclkelerde standartla\u015ft\u0131r\u0131lm\u0131\u015ft\u0131r<\/p><\/div>\n\n\n\n<div class=\"wp-block-indicata-link-box-with-icon mt-link-box-with-icon swiper-slide\"><div class=\"mt-link-box-with-icon__title-container\"><div class=\"mt-link-box-with-icon__icon-container\"><img decoding=\"async\" src=\"https:\/\/indicata.bluebird.pw\/wp-content\/uploads\/2024\/04\/tags-solid.svg\" alt=\"etiketler-kat\u0131\" width=\"24\" height=\"24\" class=\"mt-link-box-with-icon__icon\"><\/div><p class=\"mt-link-box-with-icon__title\">Katma de\u011ferli verileri bulun<\/p><\/div><p class=\"mt-link-box-with-icon__text\">Indicata Gelecek De\u011fer Tahmini, makro-ekonomik katmanl\u0131 ge\u00e7mi\u015f verilere dayanmaktad\u0131r<\/p><\/div>\n\n\n\n<div class=\"wp-block-indicata-link-box-with-icon mt-link-box-with-icon swiper-slide\"><div class=\"mt-link-box-with-icon__title-container\"><div class=\"mt-link-box-with-icon__icon-container\"><img decoding=\"async\" src=\"https:\/\/indicata.bluebird.pw\/wp-content\/uploads\/2024\/04\/laptop-solid.svg\" alt=\"laptop-solid\" width=\"24\" height=\"24\" class=\"mt-link-box-with-icon__icon\"><\/div><p class=\"mt-link-box-with-icon__title\">Destekleyici bilgiler bulun<\/p><\/div><p class=\"mt-link-box-with-icon__text\">Indicata Pazar Analiz Raporlar\u0131 RV analizinize de\u011fer katar<\/p><\/div>\n<\/div><\/div><\/section>\n\n\n\n<section class=\"wp-block-morningmodules-logo-line mt-logo-line mt-logo-line--should-slide mtSpacing-top-extraSmall mtSpacing-bottom-small\"><div class=\"mt-logo-line__inner\"><div class=\"mt-logo-line__text-container\"><p class=\"mt-logo-line__text\">D\u00fcnya \u00e7ap\u0131nda g\u00fcvenilen otomotiv markalar\u0131<\/p><\/div><div class=\"mt-logo-line__logos-container swiper\"><div class=\"swiper-wrapper\">\n<div class=\"wp-block-morningmodules-logo-line-logo mt-logo swiper-slide\" style=\"opacity:1\"><img decoding=\"async\" src=\"https:\/\/tr.indicata.com\/wp-content\/uploads\/2024\/09\/borlease-cropped.svg\" alt=\"\" class=\"mt-logo__logo\" style=\"max-height:40px;margin-top:0px\"\/><\/div>\n\n\n\n<div class=\"wp-block-morningmodules-logo-line-logo mt-logo swiper-slide\" style=\"opacity:1\"><img decoding=\"async\" src=\"https:\/\/tr.indicata.com\/wp-content\/uploads\/2024\/09\/ford-cropped.svg\" alt=\"\" class=\"mt-logo__logo\" style=\"max-height:40px;margin-top:0px\"\/><\/div>\n\n\n\n<div class=\"wp-block-morningmodules-logo-line-logo mt-logo swiper-slide\" style=\"opacity:1\"><img decoding=\"async\" src=\"https:\/\/tr.indicata.com\/wp-content\/uploads\/2024\/09\/nissan-cropped.svg\" alt=\"\" class=\"mt-logo__logo\" style=\"max-height:40px;margin-top:0px\"\/><\/div>\n\n\n\n<div class=\"wp-block-morningmodules-logo-line-logo mt-logo swiper-slide\" style=\"opacity:1\"><img decoding=\"async\" src=\"https:\/\/tr.indicata.com\/wp-content\/uploads\/2024\/09\/renault-cropped.svg\" alt=\"\" class=\"mt-logo__logo\" style=\"max-height:40px;margin-top:0px\"\/><\/div>\n\n\n\n<div class=\"wp-block-morningmodules-logo-line-logo mt-logo swiper-slide\" style=\"opacity:1\"><img decoding=\"async\" src=\"https:\/\/tr.indicata.com\/wp-content\/uploads\/2024\/09\/sixt-cropped.svg\" alt=\"\" class=\"mt-logo__logo\" style=\"max-height:40px;margin-top:0px\"\/><\/div>\n\n\n\n<div class=\"wp-block-morningmodules-logo-line-logo mt-logo swiper-slide\" style=\"opacity:1\"><img decoding=\"async\" src=\"https:\/\/tr.indicata.com\/wp-content\/uploads\/2024\/09\/stellantis-cropped.svg\" alt=\"\" class=\"mt-logo__logo\" style=\"max-height:40px;margin-top:0px\"\/><\/div>\n\n\n\n<div class=\"wp-block-morningmodules-logo-line-logo mt-logo swiper-slide\" style=\"opacity:1\"><img decoding=\"async\" src=\"https:\/\/tr.indicata.com\/wp-content\/uploads\/2024\/09\/teb-arval-cropped.svg\" alt=\"\" class=\"mt-logo__logo\" style=\"max-height:40px;margin-top:0px\"\/><\/div>\n\n\n\n<div class=\"wp-block-morningmodules-logo-line-logo mt-logo swiper-slide\" style=\"opacity:1\"><img decoding=\"async\" src=\"https:\/\/tr.indicata.com\/wp-content\/uploads\/2024\/09\/tofas-cropped.svg\" alt=\"\" class=\"mt-logo__logo\" style=\"max-height:40px;margin-top:0px\"\/><\/div>\n\n\n\n<div class=\"wp-block-morningmodules-logo-line-logo mt-logo swiper-slide\" style=\"opacity:1\"><img decoding=\"async\" src=\"https:\/\/tr.indicata.com\/wp-content\/uploads\/2024\/09\/Volvo-cropped.svg\" alt=\"\" class=\"mt-logo__logo\" style=\"max-height:40px;margin-top:0px\"\/><\/div>\n<\/div><\/div><\/div><\/section>\n\n\n\n<section class=\"wp-block-morningmodules-text-media mt-text-media mt-text-media--align-media-right mt-text-media--align-media-mobile-bottom mtSpacing-bottom-medium mtSpacing-top-small\"><div class=\"mt-text-media__inner\"><div class=\"mt-text-media__media-container\"><img decoding=\"async\" src=\"https:\/\/indicata.bluebird.pw\/wp-content\/uploads\/2024\/05\/batteryelectric0202.jpg\" alt=\"\" style=\"object-position:62% 45%\"\/><\/div><div class=\"mt-text-media__text-container\"><span class=\"mt-text-media__tagline mt-tagline\">Risk y\u00f6netimi<\/span><h2 class=\"mt-text-media__title\">Indicata Gelecek De\u011fer Tahmini<\/h2>\n<p>Filolar\u0131n ve bankalar\u0131n g\u00fcvenilir, \u015feffaf, ger\u00e7eklere dayal\u0131 veriler kullanarak varl\u0131k riskini y\u00f6netmesi gerekir.<\/p>\n\n\n\n<p>Indicata Gelecek De\u011fer Tahmini, mevcut ara\u00e7 de\u011ferlemeleri ve gelecekteki RV e\u011frileri i\u00e7in kaliteli ve tutarl\u0131 bir veri seti sa\u011flayan pazar lideri de\u011ferleme motorumuzu kullan\u0131r.<\/p>\n\n\n\n<p>Indicata Gelecek De\u011fer Tahmin ekibi bu bilgiye daha sonra ger\u00e7e\u011fe dayal\u0131 makroekonomi ve trendlerinin etkilerini ekleyerek pazara \u00f6zel \u015feffaf bir RV tahmini sa\u011flar.<\/p>\n\n\n\n<div class=\"wp-block-buttons is-layout-flex wp-block-buttons-is-layout-flex\">\n<div class=\"wp-block-button open-slide-in-contact\" data-contact-slide-in-view=\"3\"><a class=\"wp-block-button__link wp-element-button\">Demo talep edin<\/a><\/div>\n\n\n\n<div class=\"wp-block-button is-style-primary-transparent open-slide-in-contact\" data-contact-slide-in-view=\"2\"><a class=\"wp-block-button__link wp-element-button\">Sat\u0131\u015f ile ileti\u015fime ge\u00e7in<\/a><\/div>\n<\/div>\n<\/div><\/div><\/section>\n\n\n\n<section class=\"wp-block-morningmodules-text-media mt-text-media mt-text-media--align-media-left mt-text-media--align-media-mobile-bottom\"><div class=\"mt-text-media__inner\"><div class=\"mt-text-media__media-container\"><img decoding=\"async\" src=\"https:\/\/indicata.bluebird.pw\/wp-content\/uploads\/2024\/04\/Frame-24656-5.jpg\" alt=\"\" style=\"object-position:20% 55.00000000000001%\"\/><\/div><div class=\"mt-text-media__text-container\"><span class=\"mt-text-media__tagline mt-tagline\">Belirgin trendler<\/span><h2 class=\"mt-text-media__title\">Pazar trendleri ve varsay\u0131mlar<\/h2>\n<p>Mevcut pazar trendlerini anlamak, etkili Gelecek De\u011fer Tahmini i\u00e7in hayati \u00f6nem ta\u015f\u0131r.<\/p>\n\n\n\n<p>Indicata&#8217;n\u0131n Pazar Analiz Raporlar\u0131 ve web seminerleri, ara\u00e7 de\u011ferini etkileyen temel pazar trendini ve itici g\u00fc\u00e7leri detayland\u0131rmaktad\u0131r.<\/p>\n\n\n\n<p>Indicata Gelecek De\u011fer Tahmini ile sadece RV tahmin rakamlar\u0131n\u0131 elde etmekle kalmaz, ayn\u0131 zamanda bu rakamlar\u0131n arkas\u0131ndaki e\u011filimleri ve varsay\u0131mlar\u0131 da net bir \u015fekilde g\u00f6rebilirsiniz.<\/p>\n\n\n\n<div class=\"wp-block-buttons is-layout-flex wp-block-buttons-is-layout-flex\">\n<div class=\"wp-block-button open-slide-in-contact\" data-contact-slide-in-view=\"3\"><a class=\"wp-block-button__link wp-element-button\">Demo talep edin<\/a><\/div>\n\n\n\n<div class=\"wp-block-button is-style-primary-transparent open-slide-in-contact\" data-contact-slide-in-view=\"2\"><a class=\"wp-block-button__link wp-element-button\">Sat\u0131\u015f ile ileti\u015fime ge\u00e7in<\/a><\/div>\n<\/div>\n<\/div><\/div><\/section>\n\n\n\n<section class=\"wp-block-morningmodules-text-media mt-text-media mt-text-media--align-media-right mt-text-media--align-media-mobile-bottom mtSpacing-bottom-small mtSpacing-top-medium\"><div class=\"mt-text-media__inner\"><div class=\"mt-text-media__media-container\"><img decoding=\"async\" src=\"https:\/\/indicata.bluebird.pw\/wp-content\/uploads\/2024\/04\/Frame-24644.jpg\" alt=\"\" style=\"object-position:50% 50%\"\/><\/div><div class=\"mt-text-media__text-container\"><span class=\"mt-text-media__tagline mt-tagline\">Veri aray\u00fcz\u00fc<\/span><h2 class=\"mt-text-media__title\">Veri Eri\u015fimi ve Da\u011f\u0131t\u0131m\u0131<\/h2>\n<p>Indicata Gelecek De\u011fer Tahmin verileri ancak eri\u015filebilir ve kolay kullan\u0131labilir oldu\u011funda faydal\u0131d\u0131r.<\/p>\n\n\n\n<p>Indicata, do\u011frudan sistemlerinize API aktar\u0131m\u0131, CSV ve excel toplu tabanl\u0131 aray\u00fczler ve Tahmin Mod\u00fcl\u00fc g\u00f6rsel aray\u00fcz\u00fcm\u00fcz arac\u0131l\u0131\u011f\u0131yla veri sa\u011flayabilir.<\/p>\n\n\n\n<p>Veri eri\u015fimi h\u0131zl\u0131 ve basittir.<\/p>\n\n\n\n<div class=\"wp-block-buttons is-layout-flex wp-block-buttons-is-layout-flex\">\n<div class=\"wp-block-button open-slide-in-contact\" data-contact-slide-in-view=\"3\"><a class=\"wp-block-button__link wp-element-button\">Demo talep edin<\/a><\/div>\n\n\n\n<div class=\"wp-block-button is-style-primary-transparent open-slide-in-contact\" data-contact-slide-in-view=\"2\"><a class=\"wp-block-button__link wp-element-button\">Sat\u0131\u015f ile ileti\u015fime ge\u00e7in<\/a><\/div>\n<\/div>\n<\/div><\/div><\/section>\n\n\n\n<section class=\"wp-block-morningmodules-breaker mt-breaker\"><div class=\"mt-breaker__container\"><div class=\"mt-breaker__overlay\" style=\"opacity:0\"><\/div><div class=\"mt-breaker__image-container object-fit\"><img decoding=\"async\" src=\"https:\/\/indicata.bluebird.pw\/wp-content\/uploads\/2024\/04\/Frame-24740.jpg\" alt=\"\" style=\"object-position:50% 50%\"\/><\/div><div class=\"mt-breaker__inner page-container\"><div class=\"mt-breaker__text-container\"><span class=\"mt-breaker__tagline mt-tagline\">BA\u015eLAYIN<\/span><h2 class=\"mt-breaker__title\">Operasyonlar\u0131n\u0131z\u0131 iyile\u015ftirmeye bug\u00fcn ba\u015flay\u0131n<\/h2>\n<div class=\"wp-block-buttons is-layout-flex wp-block-buttons-is-layout-flex\">\n<div class=\"wp-block-button open-slide-in-contact\" data-contact-slide-in-view=\"3\"><a class=\"wp-block-button__link wp-element-button\">Demo talep edin<\/a><\/div>\n\n\n\n<div class=\"wp-block-button is-style-primary-transparent open-slide-in-contact\" data-contact-slide-in-view=\"2\"><a class=\"wp-block-button__link wp-element-button\">Sat\u0131\u015f ile ileti\u015fime ge\u00e7in<\/a><\/div>\n<\/div>\n<\/div><\/div><\/div><\/section>\n","protected":false},"excerpt":{"rendered":"","protected":false},"author":2,"featured_media":0,"parent":0,"menu_order":0,"comment_status":"closed","ping_status":"closed","template":"","meta":{"_acf_changed":false,"footnotes":""},"class_list":["post-1435","page","type-page","status-publish","hentry"],"acf":[],"yoast_head":"<!-- This site is optimized with the Yoast SEO plugin v27.3 - https:\/\/yoast.com\/product\/yoast-seo-wordpress\/ -->\n<title>RV Hesaplay\u0131c\u0131lar ve Risk y\u00f6neticileri - Indicata<\/title>\n<meta name=\"robots\" content=\"noindex, follow, max-snippet:-1, max-image-preview:large, max-video-preview:-1\" \/>\n<meta property=\"og:locale\" content=\"tr_TR\" \/>\n<meta property=\"og:type\" content=\"article\" \/>\n<meta property=\"og:title\" content=\"RV Hesaplay\u0131c\u0131lar ve Risk y\u00f6neticileri - Indicata\" \/>\n<meta property=\"og:url\" content=\"https:\/\/tr.indicata.com\/rv-ayarlayicilari-ve-risk-yoneticileri\/\" \/>\n<meta property=\"og:site_name\" content=\"Indicata\" \/>\n<meta property=\"article:modified_time\" content=\"2024-09-02T14:31:37+00:00\" \/>\n<meta property=\"og:image\" content=\"https:\/\/indicata.bluebird.pw\/wp-content\/uploads\/2024\/04\/Frame-3-4.jpg\" \/>\n<meta name=\"twitter:card\" content=\"summary_large_image\" \/>\n<meta name=\"twitter:label1\" content=\"Tahmini okuma s\u00fcresi\" \/>\n\t<meta name=\"twitter:data1\" content=\"5 dakika\" \/>\n<script type=\"application\/ld+json\" class=\"yoast-schema-graph\">{\"@context\":\"https:\\\/\\\/schema.org\",\"@graph\":[{\"@type\":\"WebPage\",\"@id\":\"https:\\\/\\\/tr.indicata.com\\\/rv-ayarlayicilari-ve-risk-yoneticileri\\\/\",\"url\":\"https:\\\/\\\/tr.indicata.com\\\/rv-ayarlayicilari-ve-risk-yoneticileri\\\/\",\"name\":\"RV Hesaplay\u0131c\u0131lar ve Risk y\u00f6neticileri - Indicata\",\"isPartOf\":{\"@id\":\"https:\\\/\\\/indicata.bluebird.pw\\\/#website\"},\"primaryImageOfPage\":{\"@id\":\"https:\\\/\\\/tr.indicata.com\\\/rv-ayarlayicilari-ve-risk-yoneticileri\\\/#primaryimage\"},\"image\":{\"@id\":\"https:\\\/\\\/tr.indicata.com\\\/rv-ayarlayicilari-ve-risk-yoneticileri\\\/#primaryimage\"},\"thumbnailUrl\":\"https:\\\/\\\/indicata.bluebird.pw\\\/wp-content\\\/uploads\\\/2024\\\/04\\\/Frame-3-4.jpg\",\"datePublished\":\"2024-04-19T05:58:44+00:00\",\"dateModified\":\"2024-09-02T14:31:37+00:00\",\"breadcrumb\":{\"@id\":\"https:\\\/\\\/tr.indicata.com\\\/rv-ayarlayicilari-ve-risk-yoneticileri\\\/#breadcrumb\"},\"inLanguage\":\"tr\",\"potentialAction\":[{\"@type\":\"ReadAction\",\"target\":[\"https:\\\/\\\/tr.indicata.com\\\/rv-ayarlayicilari-ve-risk-yoneticileri\\\/\"]}]},{\"@type\":\"ImageObject\",\"inLanguage\":\"tr\",\"@id\":\"https:\\\/\\\/tr.indicata.com\\\/rv-ayarlayicilari-ve-risk-yoneticileri\\\/#primaryimage\",\"url\":\"https:\\\/\\\/indicata.bluebird.pw\\\/wp-content\\\/uploads\\\/2024\\\/04\\\/Frame-3-4.jpg\",\"contentUrl\":\"https:\\\/\\\/indicata.bluebird.pw\\\/wp-content\\\/uploads\\\/2024\\\/04\\\/Frame-3-4.jpg\"},{\"@type\":\"BreadcrumbList\",\"@id\":\"https:\\\/\\\/tr.indicata.com\\\/rv-ayarlayicilari-ve-risk-yoneticileri\\\/#breadcrumb\",\"itemListElement\":[{\"@type\":\"ListItem\",\"position\":1,\"name\":\"Home\",\"item\":\"https:\\\/\\\/tr.indicata.com\\\/\"},{\"@type\":\"ListItem\",\"position\":2,\"name\":\"RV Hesaplay\u0131c\u0131lar ve Risk y\u00f6neticileri\"}]},{\"@type\":\"WebSite\",\"@id\":\"https:\\\/\\\/indicata.bluebird.pw\\\/#website\",\"url\":\"https:\\\/\\\/indicata.bluebird.pw\\\/\",\"name\":\"Indicata\",\"description\":\"Part of Autorola Group\",\"potentialAction\":[{\"@type\":\"SearchAction\",\"target\":{\"@type\":\"EntryPoint\",\"urlTemplate\":\"https:\\\/\\\/indicata.bluebird.pw\\\/?s={search_term_string}\"},\"query-input\":{\"@type\":\"PropertyValueSpecification\",\"valueRequired\":true,\"valueName\":\"search_term_string\"}}],\"inLanguage\":\"tr\"}]}<\/script>\n<!-- \/ Yoast SEO plugin. -->","yoast_head_json":{"title":"RV Hesaplay\u0131c\u0131lar ve Risk y\u00f6neticileri - Indicata","robots":{"index":"noindex","follow":"follow","max-snippet":"max-snippet:-1","max-image-preview":"max-image-preview:large","max-video-preview":"max-video-preview:-1"},"og_locale":"tr_TR","og_type":"article","og_title":"RV Hesaplay\u0131c\u0131lar ve Risk y\u00f6neticileri - Indicata","og_url":"https:\/\/tr.indicata.com\/rv-ayarlayicilari-ve-risk-yoneticileri\/","og_site_name":"Indicata","article_modified_time":"2024-09-02T14:31:37+00:00","og_image":[{"url":"https:\/\/indicata.bluebird.pw\/wp-content\/uploads\/2024\/04\/Frame-3-4.jpg","type":"","width":"","height":""}],"twitter_card":"summary_large_image","twitter_misc":{"Tahmini okuma s\u00fcresi":"5 dakika"},"schema":{"@context":"https:\/\/schema.org","@graph":[{"@type":"WebPage","@id":"https:\/\/tr.indicata.com\/rv-ayarlayicilari-ve-risk-yoneticileri\/","url":"https:\/\/tr.indicata.com\/rv-ayarlayicilari-ve-risk-yoneticileri\/","name":"RV Hesaplay\u0131c\u0131lar ve Risk y\u00f6neticileri - Indicata","isPartOf":{"@id":"https:\/\/indicata.bluebird.pw\/#website"},"primaryImageOfPage":{"@id":"https:\/\/tr.indicata.com\/rv-ayarlayicilari-ve-risk-yoneticileri\/#primaryimage"},"image":{"@id":"https:\/\/tr.indicata.com\/rv-ayarlayicilari-ve-risk-yoneticileri\/#primaryimage"},"thumbnailUrl":"https:\/\/indicata.bluebird.pw\/wp-content\/uploads\/2024\/04\/Frame-3-4.jpg","datePublished":"2024-04-19T05:58:44+00:00","dateModified":"2024-09-02T14:31:37+00:00","breadcrumb":{"@id":"https:\/\/tr.indicata.com\/rv-ayarlayicilari-ve-risk-yoneticileri\/#breadcrumb"},"inLanguage":"tr","potentialAction":[{"@type":"ReadAction","target":["https:\/\/tr.indicata.com\/rv-ayarlayicilari-ve-risk-yoneticileri\/"]}]},{"@type":"ImageObject","inLanguage":"tr","@id":"https:\/\/tr.indicata.com\/rv-ayarlayicilari-ve-risk-yoneticileri\/#primaryimage","url":"https:\/\/indicata.bluebird.pw\/wp-content\/uploads\/2024\/04\/Frame-3-4.jpg","contentUrl":"https:\/\/indicata.bluebird.pw\/wp-content\/uploads\/2024\/04\/Frame-3-4.jpg"},{"@type":"BreadcrumbList","@id":"https:\/\/tr.indicata.com\/rv-ayarlayicilari-ve-risk-yoneticileri\/#breadcrumb","itemListElement":[{"@type":"ListItem","position":1,"name":"Home","item":"https:\/\/tr.indicata.com\/"},{"@type":"ListItem","position":2,"name":"RV Hesaplay\u0131c\u0131lar ve Risk y\u00f6neticileri"}]},{"@type":"WebSite","@id":"https:\/\/indicata.bluebird.pw\/#website","url":"https:\/\/indicata.bluebird.pw\/","name":"Indicata","description":"Part of Autorola Group","potentialAction":[{"@type":"SearchAction","target":{"@type":"EntryPoint","urlTemplate":"https:\/\/indicata.bluebird.pw\/?s={search_term_string}"},"query-input":{"@type":"PropertyValueSpecification","valueRequired":true,"valueName":"search_term_string"}}],"inLanguage":"tr"}]}},"_links":{"self":[{"href":"https:\/\/indicata.bluebird.pw\/tr\/wp-json\/wp\/v2\/pages\/1435","targetHints":{"allow":["GET"]}}],"collection":[{"href":"https:\/\/indicata.bluebird.pw\/tr\/wp-json\/wp\/v2\/pages"}],"about":[{"href":"https:\/\/indicata.bluebird.pw\/tr\/wp-json\/wp\/v2\/types\/page"}],"author":[{"embeddable":true,"href":"https:\/\/indicata.bluebird.pw\/tr\/wp-json\/wp\/v2\/users\/2"}],"replies":[{"embeddable":true,"href":"https:\/\/indicata.bluebird.pw\/tr\/wp-json\/wp\/v2\/comments?post=1435"}],"version-history":[{"count":7,"href":"https:\/\/indicata.bluebird.pw\/tr\/wp-json\/wp\/v2\/pages\/1435\/revisions"}],"predecessor-version":[{"id":6340,"href":"https:\/\/indicata.bluebird.pw\/tr\/wp-json\/wp\/v2\/pages\/1435\/revisions\/6340"}],"wp:attachment":[{"href":"https:\/\/indicata.bluebird.pw\/tr\/wp-json\/wp\/v2\/media?parent=1435"}],"curies":[{"name":"wp","href":"https:\/\/api.w.org\/{rel}","templated":true}]}}