{"id":1447,"date":"2024-04-19T07:52:44","date_gmt":"2024-04-19T05:52:44","guid":{"rendered":"https:\/\/indicata.bluebird.pw\/filo-yeniden-pazarlamacilari\/"},"modified":"2024-09-02T16:31:23","modified_gmt":"2024-09-02T14:31:23","slug":"filo-yeniden-pazarlamacilari","status":"publish","type":"page","link":"https:\/\/indicata.bluebird.pw\/tr\/filo-yeniden-pazarlamacilari\/","title":{"rendered":"Filo Yeniden Pazarlamac\u0131lar\u0131"},"content":{"rendered":"\n<section class=\"wp-block-indicata-sub-cover mt-sub-cover\"><div class=\"mt-sub-cover__container\"><div class=\"mt-sub-cover__inner page-container\"><div class=\"mt-sub-cover__text-container\"><span class=\"mt-sub-cover__tagline mt-tagline\">END\u00dcSTR\u0130<\/span>\n<h1 class=\"wp-block-heading\">Filo Yeniden Pazarlamac\u0131lar\u0131<\/h1>\n\n\n\n<p>Daha iyi kararlar al\u0131n ve performans\u0131 art\u0131r\u0131n<\/p>\n\n\n\n<div class=\"wp-block-buttons is-layout-flex wp-block-buttons-is-layout-flex\">\n<div class=\"wp-block-button open-slide-in-contact\" data-contact-slide-in-view=\"3\"><a class=\"wp-block-button__link wp-element-button\">Demo talep edin<\/a><\/div>\n\n\n\n<div class=\"wp-block-button is-style-primary-transparent open-slide-in-contact\" data-contact-slide-in-view=\"2\"><a class=\"wp-block-button__link wp-element-button\">F\u0131rsat de\u011ferlendirmesi<\/a><\/div>\n<\/div>\n<\/div><\/div><div class=\"mt-sub-cover__image-container object-fit\"><img decoding=\"async\" src=\"https:\/\/indicata.bluebird.pw\/wp-content\/uploads\/2024\/04\/Frame-3-3.jpg\" alt=\"\" style=\"object-position:50% 50%\"\/><\/div><\/div><\/section>\n\n\n\n<section class=\"wp-block-indicata-link-boxes-with-icon mt-link-boxes-with-icon mtSpacing-top-small mtSpacing-bottom-medium\"><div class=\"mt-link-boxes-with-icon__inner page-container\"><div class=\"mt-link-boxes-with-icon__text-container\"><h2 class=\"mt-link-boxes-with-icon__title\">M\u00fc\u015fterilerimiz bize geliyor<\/h2><p class=\"mt-link-boxes-with-icon__text\">\u00c7\u00fcnk\u00fc m\u00fccadele ediyorlar:<\/p><\/div><div class=\"mt-link-boxes-with-icon__boxes-wrapper\">\n<div class=\"wp-block-indicata-link-box-with-icon mt-link-box-with-icon swiper-slide\"><div class=\"mt-link-box-with-icon__title-container\"><div class=\"mt-link-box-with-icon__icon-container\"><img decoding=\"async\" src=\"https:\/\/indicata.bluebird.pw\/wp-content\/uploads\/2024\/04\/car-side-solid.svg\" alt=\"araba-yan-kat\u0131\" width=\"24\" height=\"24\" class=\"mt-link-box-with-icon__icon\"><\/div><p class=\"mt-link-box-with-icon__title\">Her arac\u0131n de\u011ferini optimize edin<\/p><\/div><p class=\"mt-link-box-with-icon__text\">Her ara\u00e7 i\u00e7in en iyi fiyatland\u0131rma stratejisini belirleme<\/p><\/div>\n\n\n\n<div class=\"wp-block-indicata-link-box-with-icon mt-link-box-with-icon swiper-slide\"><div class=\"mt-link-box-with-icon__title-container\"><div class=\"mt-link-box-with-icon__icon-container\"><img decoding=\"async\" src=\"https:\/\/indicata.bluebird.pw\/wp-content\/uploads\/2024\/04\/tags-solid.svg\" alt=\"etiketler-kat\u0131\" width=\"24\" height=\"24\" class=\"mt-link-box-with-icon__icon\"><\/div><p class=\"mt-link-box-with-icon__title\"><strong>Do\u011fru kanallar\u0131 bulun<\/strong><\/p><\/div><p class=\"mt-link-box-with-icon__text\">Kanal se\u00e7imini ve s\u0131n\u0131r \u00f6tesi f\u0131rsatlar\u0131 iyile\u015ftirin<\/p><\/div>\n\n\n\n<div class=\"wp-block-indicata-link-box-with-icon mt-link-box-with-icon swiper-slide\"><div class=\"mt-link-box-with-icon__title-container\"><div class=\"mt-link-box-with-icon__icon-container\"><img decoding=\"async\" src=\"https:\/\/indicata.bluebird.pw\/wp-content\/uploads\/2024\/04\/laptop-solid.svg\" alt=\"laptop-solid\" width=\"24\" height=\"24\" class=\"mt-link-box-with-icon__icon\"><\/div><p class=\"mt-link-box-with-icon__title\"><strong>En iyi al\u0131c\u0131lar\u0131 bulun<\/strong><\/p><\/div><p class=\"mt-link-box-with-icon__text\">Satt\u0131\u011f\u0131n\u0131z her ara\u00e7 i\u00e7in pazarda en iyinin kim oldu\u011funu belirleyin<\/p><\/div>\n<\/div><\/div><\/section>\n\n\n\n<section class=\"wp-block-morningmodules-logo-line mt-logo-line mt-logo-line--should-slide mtSpacing-top-extraSmall mtSpacing-bottom-small\"><div class=\"mt-logo-line__inner\"><div class=\"mt-logo-line__text-container\"><p class=\"mt-logo-line__text\">D\u00fcnya \u00e7ap\u0131nda g\u00fcvenilen otomotiv markalar\u0131<\/p><\/div><div class=\"mt-logo-line__logos-container swiper\"><div class=\"swiper-wrapper\">\n<div class=\"wp-block-morningmodules-logo-line-logo mt-logo swiper-slide\" style=\"opacity:1\"><img decoding=\"async\" src=\"https:\/\/tr.indicata.com\/wp-content\/uploads\/2024\/09\/borlease-cropped.svg\" alt=\"\" class=\"mt-logo__logo\" style=\"max-height:40px;margin-top:0px\"\/><\/div>\n\n\n\n<div class=\"wp-block-morningmodules-logo-line-logo mt-logo swiper-slide\" style=\"opacity:1\"><img decoding=\"async\" src=\"https:\/\/tr.indicata.com\/wp-content\/uploads\/2024\/09\/ford-cropped.svg\" alt=\"\" class=\"mt-logo__logo\" style=\"max-height:40px;margin-top:0px\"\/><\/div>\n\n\n\n<div class=\"wp-block-morningmodules-logo-line-logo mt-logo swiper-slide\" style=\"opacity:1\"><img decoding=\"async\" src=\"https:\/\/tr.indicata.com\/wp-content\/uploads\/2024\/09\/nissan-cropped.svg\" alt=\"\" class=\"mt-logo__logo\" style=\"max-height:40px;margin-top:0px\"\/><\/div>\n\n\n\n<div class=\"wp-block-morningmodules-logo-line-logo mt-logo swiper-slide\" style=\"opacity:1\"><img decoding=\"async\" src=\"https:\/\/tr.indicata.com\/wp-content\/uploads\/2024\/09\/renault-cropped.svg\" alt=\"\" class=\"mt-logo__logo\" style=\"max-height:40px;margin-top:0px\"\/><\/div>\n\n\n\n<div class=\"wp-block-morningmodules-logo-line-logo mt-logo swiper-slide\" style=\"opacity:1\"><img decoding=\"async\" src=\"https:\/\/tr.indicata.com\/wp-content\/uploads\/2024\/09\/sixt-cropped.svg\" alt=\"\" class=\"mt-logo__logo\" style=\"max-height:40px;margin-top:0px\"\/><\/div>\n\n\n\n<div class=\"wp-block-morningmodules-logo-line-logo mt-logo swiper-slide\" style=\"opacity:1\"><img decoding=\"async\" src=\"https:\/\/tr.indicata.com\/wp-content\/uploads\/2024\/09\/stellantis-cropped.svg\" alt=\"\" class=\"mt-logo__logo\" style=\"max-height:40px;margin-top:0px\"\/><\/div>\n\n\n\n<div class=\"wp-block-morningmodules-logo-line-logo mt-logo swiper-slide\" style=\"opacity:1\"><img decoding=\"async\" src=\"https:\/\/tr.indicata.com\/wp-content\/uploads\/2024\/09\/teb-arval-cropped.svg\" alt=\"\" class=\"mt-logo__logo\" style=\"max-height:40px;margin-top:0px\"\/><\/div>\n\n\n\n<div class=\"wp-block-morningmodules-logo-line-logo mt-logo swiper-slide\" style=\"opacity:1\"><img decoding=\"async\" src=\"https:\/\/tr.indicata.com\/wp-content\/uploads\/2024\/09\/tofas-cropped.svg\" alt=\"\" class=\"mt-logo__logo\" style=\"max-height:40px;margin-top:0px\"\/><\/div>\n\n\n\n<div class=\"wp-block-morningmodules-logo-line-logo mt-logo swiper-slide\" style=\"opacity:1\"><img decoding=\"async\" src=\"https:\/\/tr.indicata.com\/wp-content\/uploads\/2024\/09\/Volvo-cropped.svg\" alt=\"\" class=\"mt-logo__logo\" style=\"max-height:40px;margin-top:0px\"\/><\/div>\n<\/div><\/div><\/div><\/section>\n\n\n\n<section class=\"wp-block-morningmodules-text-media mt-text-media mt-text-media--align-media-right mt-text-media--align-media-mobile-bottom mtSpacing-bottom-medium mtSpacing-top-small\"><div class=\"mt-text-media__inner\"><div class=\"mt-text-media__media-container\"><img decoding=\"async\" src=\"https:\/\/indicata.bluebird.pw\/wp-content\/uploads\/2024\/05\/AdobeStock_642486126-scaled.jpeg\" alt=\"\" style=\"object-position:31% 42%\"\/><\/div><div class=\"mt-text-media__text-container\"><span class=\"mt-text-media__tagline mt-tagline\">Sat\u0131\u015f y\u00f6netimi<\/span><h2 class=\"mt-text-media__title\">Performans\u0131 optimize etmek i\u00e7in fiyatland\u0131rma stratejileri<\/h2>\n<p>Yeniden pazarlama fiyatland\u0131rma stratejisi belirlemek bir sanat de\u011fil bilimdir.<\/p>\n\n\n\n<p>Bir arac\u0131n B2B piyasas\u0131nda bir fiyata ula\u015fma e\u011filimi, zaman\u0131n herhangi bir noktas\u0131ndaki arz ve talebin bir fonksiyonudur.<\/p>\n\n\n\n<p>Indicata, g\u00fcn\u00fcm\u00fcz\u00fcn yeniden pazarlamac\u0131lar\u0131na ba\u015flang\u0131\u00e7 fiyatland\u0131rmas\u0131, rezerv fiyatland\u0131rma ve &#8220;hemen al&#8221; se\u00e7enekleriyle ilgili en iyi kararlar\u0131 vermeleri i\u00e7in gerekli verileri sa\u011flar<\/p>\n\n\n\n<div class=\"wp-block-buttons is-layout-flex wp-block-buttons-is-layout-flex\">\n<div class=\"wp-block-button open-slide-in-contact\" data-contact-slide-in-view=\"3\"><a class=\"wp-block-button__link wp-element-button\">Demo talep edin<\/a><\/div>\n\n\n\n<div class=\"wp-block-button is-style-primary-transparent open-slide-in-contact\" data-contact-slide-in-view=\"2\"><a class=\"wp-block-button__link wp-element-button\">\u0130leti\u015fim sat\u0131\u015f<\/a><\/div>\n<\/div>\n<\/div><\/div><\/section>\n\n\n\n<section class=\"wp-block-morningmodules-text-media mt-text-media mt-text-media--align-media-left mt-text-media--align-media-mobile-bottom\"><div class=\"mt-text-media__inner\"><div class=\"mt-text-media__media-container\"><img decoding=\"async\" src=\"https:\/\/indicata.bluebird.pw\/wp-content\/uploads\/2024\/04\/Frame-24656-5.jpg\" alt=\"\" style=\"object-position:20% 55.00000000000001%\"\/><\/div><div class=\"mt-text-media__text-container\"><span class=\"mt-text-media__tagline mt-tagline\">En iyi sat\u0131\u015f rotas\u0131<\/span><h2 class=\"mt-text-media__title\">S\u0131n\u0131r \u00f6tesi ve kanal karar verme<\/h2>\n<p>G\u00fcn\u00fcm\u00fcz\u00fcn yeniden pazarlama ortam\u0131nda s\u0131n\u0131r \u00f6tesi sat\u0131\u015flar ve kanal kararlar\u0131 Filo Sahiplerinin yeniden pazarlama stratejisinin ayr\u0131lmaz par\u00e7alar\u0131d\u0131r.<\/p>\n\n\n\n<p>Indicata&#8217;n\u0131n Co\u011frafi Fiyatland\u0131rma, \u0130hracat Endeksi ve Avrupa Hedef Fiyat\u0131, tutarl\u0131 de\u011ferlemeyi pazarlanabilirlik puanlar\u0131m\u0131zla birle\u015ftirerek, B2B yeniden pazarlamac\u0131ya getirileri en \u00fcst d\u00fczeye \u00e7\u0131karmak i\u00e7in en iyi karar verme ara\u00e7lar\u0131n\u0131 sa\u011flayabilir.<\/p>\n\n\n\n<div class=\"wp-block-buttons is-layout-flex wp-block-buttons-is-layout-flex\">\n<div class=\"wp-block-button open-slide-in-contact\" data-contact-slide-in-view=\"3\"><a class=\"wp-block-button__link wp-element-button\">Demo talep edin<\/a><\/div>\n\n\n\n<div class=\"wp-block-button is-style-primary-transparent open-slide-in-contact\" data-contact-slide-in-view=\"2\"><a class=\"wp-block-button__link wp-element-button\">\u0130leti\u015fim sat\u0131\u015f<\/a><\/div>\n<\/div>\n<\/div><\/div><\/section>\n\n\n\n<section class=\"wp-block-morningmodules-text-media mt-text-media mt-text-media--align-media-right mt-text-media--align-media-mobile-bottom mtSpacing-top-medium\"><div class=\"mt-text-media__inner\"><div class=\"mt-text-media__media-container\"><img decoding=\"async\" src=\"https:\/\/indicata.bluebird.pw\/wp-content\/uploads\/2024\/04\/Frame-24656-6.jpg\" alt=\"\" style=\"object-position:50% 50%\"\/><\/div><div class=\"mt-text-media__text-container\"><span class=\"mt-text-media__tagline mt-tagline\">Hedef m\u00fc\u015fteri belirleme<\/span><h2 class=\"mt-text-media__title\">Al\u0131c\u0131 taban\u0131n\u0131z\u0131 olu\u015fturma<\/h2>\n<p>Her ara\u00e7 i\u00e7in do\u011fru bir al\u0131c\u0131 vard\u0131r. Bu ki\u015filerin kim oldu\u011funu bilmek, yeniden pazarlama etkinli\u011finin anahtar\u0131d\u0131r.<\/p>\n\n\n\n<p>Franchise verilen ve verilmeyen 140.000 bayinin performans, stok ve sat\u0131\u015flar\u0131n\u0131n takip edilmesi, m\u00fc\u015fterilerimizin s\u00f6z konusu bayi karmas\u0131na ve o andaki talebe ba\u011fl\u0131 olarak her arac\u0131 yeniden pazarlayacaklar\u0131 do\u011fru bayiyi belirlemelerine olanak tan\u0131r.<\/p>\n\n\n\n<div class=\"wp-block-buttons is-layout-flex wp-block-buttons-is-layout-flex\">\n<div class=\"wp-block-button open-slide-in-contact\" data-contact-slide-in-view=\"3\"><a class=\"wp-block-button__link wp-element-button\">Demo talep edin<\/a><\/div>\n\n\n\n<div class=\"wp-block-button is-style-primary-transparent open-slide-in-contact\" data-contact-slide-in-view=\"2\"><a class=\"wp-block-button__link wp-element-button\">\u0130leti\u015fim sat\u0131\u015f<\/a><\/div>\n<\/div>\n<\/div><\/div><\/section>\n\n\n\n<section class=\"wp-block-morningmodules-text-media mt-text-media mt-text-media--align-media-left mt-text-media--align-media-mobile-bottom mtSpacing-bottom-medium mtSpacing-top-medium\"><div class=\"mt-text-media__inner\"><div class=\"mt-text-media__media-container\"><img decoding=\"async\" src=\"https:\/\/indicata.bluebird.pw\/wp-content\/uploads\/2024\/04\/Frame-24657-1.jpg\" alt=\"\" style=\"object-position:50% 50%\"\/><\/div><div class=\"mt-text-media__text-container\"><span class=\"mt-text-media__tagline mt-tagline\">Stratejik destek<\/span><h2 class=\"mt-text-media__title\">Indicata Dan\u0131\u015fmanl\u0131k<\/h2>\n<p>Indicata&#8217;n\u0131n dan\u0131\u015fmanl\u0131k ekibi, ara\u00e7 yeniden pazarlaman\u0131n yan\u0131 s\u0131ra ara\u00e7 fiyatland\u0131rma konusunda da sekt\u00f6r lideridir. Geni\u015f veri kaynaklar\u0131m\u0131z\u0131 sekt\u00f6r bilgimizle birle\u015ftirdi\u011fimizde, m\u00fc\u015fterilerimize yeniden pazarlama kapasitelerini en \u00fcst d\u00fczeye \u00e7\u0131karacak optimum organizasyon, sistem ve s\u00fcre\u00e7leri \u00f6nermek i\u00e7in ideal bir konuma sahip oluyoruz.<br><br>B\u00fcy\u00fck bir premium OEM i\u00e7in Indicata ekibi, OEM&#8217;in pan Avrupa yeniden pazarlama yap\u0131lar\u0131n\u0131n (OEM, Finans Kurumu ve \u00e7ok markal\u0131 kiralama organizasyonu) kapasitesini de\u011ferlendirdi.<\/p>\n\n\n\n<div class=\"wp-block-buttons is-layout-flex wp-block-buttons-is-layout-flex\">\n<div class=\"wp-block-button open-slide-in-contact\" data-contact-slide-in-view=\"3\"><a class=\"wp-block-button__link wp-element-button\">Demo talep edin<\/a><\/div>\n\n\n\n<div class=\"wp-block-button is-style-primary-transparent open-slide-in-contact\" data-contact-slide-in-view=\"2\"><a class=\"wp-block-button__link wp-element-button\">\u0130leti\u015fim sat\u0131\u015f<\/a><\/div>\n<\/div>\n<\/div><\/div><\/section>\n\n\n\n<section class=\"wp-block-morningmodules-text-media mt-text-media mt-text-media--align-media-right mt-text-media--align-media-mobile-bottom mtSpacing-bottom-medium\"><div class=\"mt-text-media__inner\"><div class=\"mt-text-media__media-container\"><img decoding=\"async\" src=\"https:\/\/indicata.bluebird.pw\/wp-content\/uploads\/2024\/04\/Frame-24656-7.jpg\" alt=\"\" style=\"object-position:50% 50%\"\/><\/div><div class=\"mt-text-media__text-container\"><span class=\"mt-text-media__tagline mt-tagline\">Belirgin trendler<\/span><h2 class=\"mt-text-media__title\">Pazar E\u011filim Analizi<\/h2>\n<p>Mevcut pazar trendlerini anlamak, etkili bir yeniden pazarlama stratejisi planlamak i\u00e7in hayati \u00f6nem ta\u015f\u0131r. Indicata, stok ve sat\u0131\u015f faaliyetlerini g\u00fcnl\u00fck olarak takip ederek \u00f6nemli pazar e\u011filimlerini belirler, de\u011ferlendirir ve \u00f6l\u00e7er.<br><br>D\u00fczenli piyasa raporlar\u0131m\u0131z ve teknik incelemelerimiz, m\u00fc\u015fterilerimizin mevcut e\u011filimler ve gelecekteki zorluklar hakk\u0131nda tam ve ger\u00e7eklere dayal\u0131 bir anlay\u0131\u015f kazanmalar\u0131n\u0131 sa\u011flamak i\u00e7in piyasa verilerini ve makro ekonomik unsurlar\u0131 bir araya getirmektedir.<\/p>\n\n\n\n<div class=\"wp-block-buttons is-layout-flex wp-block-buttons-is-layout-flex\">\n<div class=\"wp-block-button open-slide-in-contact\" data-contact-slide-in-view=\"3\"><a class=\"wp-block-button__link wp-element-button\">Demo talep edin<\/a><\/div>\n\n\n\n<div class=\"wp-block-button is-style-primary-transparent open-slide-in-contact\" data-contact-slide-in-view=\"2\"><a class=\"wp-block-button__link wp-element-button\">\u0130leti\u015fim sat\u0131\u015f<\/a><\/div>\n<\/div>\n<\/div><\/div><\/section>\n\n\n\n<section class=\"wp-block-morningmodules-breaker mt-breaker\"><div class=\"mt-breaker__container\"><div class=\"mt-breaker__overlay\" style=\"opacity:0\"><\/div><div class=\"mt-breaker__image-container object-fit\"><img decoding=\"async\" src=\"https:\/\/indicata.bluebird.pw\/wp-content\/uploads\/2024\/04\/Frame-24740.jpg\" alt=\"\" style=\"object-position:50% 50%\"\/><\/div><div class=\"mt-breaker__inner page-container\"><div class=\"mt-breaker__text-container\"><span class=\"mt-breaker__tagline mt-tagline\">BA\u015eLAYIN<\/span><h2 class=\"mt-breaker__title\">Operasyonlar\u0131n\u0131z\u0131 iyile\u015ftirmeye bug\u00fcn ba\u015flay\u0131n<\/h2>\n<div class=\"wp-block-buttons is-layout-flex wp-block-buttons-is-layout-flex\">\n<div class=\"wp-block-button open-slide-in-contact\" data-contact-slide-in-view=\"3\"><a class=\"wp-block-button__link wp-element-button\">Demo talep edin<\/a><\/div>\n\n\n\n<div class=\"wp-block-button is-style-primary-transparent open-slide-in-contact\" data-contact-slide-in-view=\"2\"><a class=\"wp-block-button__link wp-element-button\">\u0130leti\u015fim sat\u0131\u015f<\/a><\/div>\n<\/div>\n<\/div><\/div><\/div><\/section>\n","protected":false},"excerpt":{"rendered":"","protected":false},"author":2,"featured_media":0,"parent":0,"menu_order":0,"comment_status":"closed","ping_status":"closed","template":"","meta":{"_acf_changed":false,"footnotes":""},"class_list":["post-1447","page","type-page","status-publish","hentry"],"acf":[],"yoast_head":"<!-- This site is optimized with the Yoast SEO plugin v27.3 - https:\/\/yoast.com\/product\/yoast-seo-wordpress\/ -->\n<title>Filo Yeniden Pazarlamac\u0131lar\u0131 - Indicata<\/title>\n<meta name=\"robots\" content=\"noindex, follow, max-snippet:-1, max-image-preview:large, max-video-preview:-1\" \/>\n<meta property=\"og:locale\" content=\"tr_TR\" \/>\n<meta property=\"og:type\" content=\"article\" \/>\n<meta property=\"og:title\" content=\"Filo Yeniden Pazarlamac\u0131lar\u0131 - Indicata\" \/>\n<meta property=\"og:url\" content=\"https:\/\/tr.indicata.com\/filo-yeniden-pazarlamacilari\/\" \/>\n<meta property=\"og:site_name\" content=\"Indicata\" \/>\n<meta property=\"article:modified_time\" content=\"2024-09-02T14:31:23+00:00\" \/>\n<meta property=\"og:image\" content=\"https:\/\/indicata.bluebird.pw\/wp-content\/uploads\/2024\/04\/Frame-3-3.jpg\" \/>\n<meta name=\"twitter:card\" content=\"summary_large_image\" \/>\n<meta name=\"twitter:label1\" content=\"Tahmini okuma s\u00fcresi\" \/>\n\t<meta name=\"twitter:data1\" content=\"6 dakika\" \/>\n<script type=\"application\/ld+json\" class=\"yoast-schema-graph\">{\"@context\":\"https:\\\/\\\/schema.org\",\"@graph\":[{\"@type\":\"WebPage\",\"@id\":\"https:\\\/\\\/tr.indicata.com\\\/filo-yeniden-pazarlamacilari\\\/\",\"url\":\"https:\\\/\\\/tr.indicata.com\\\/filo-yeniden-pazarlamacilari\\\/\",\"name\":\"Filo Yeniden Pazarlamac\u0131lar\u0131 - Indicata\",\"isPartOf\":{\"@id\":\"https:\\\/\\\/indicata.bluebird.pw\\\/#website\"},\"primaryImageOfPage\":{\"@id\":\"https:\\\/\\\/tr.indicata.com\\\/filo-yeniden-pazarlamacilari\\\/#primaryimage\"},\"image\":{\"@id\":\"https:\\\/\\\/tr.indicata.com\\\/filo-yeniden-pazarlamacilari\\\/#primaryimage\"},\"thumbnailUrl\":\"https:\\\/\\\/indicata.bluebird.pw\\\/wp-content\\\/uploads\\\/2024\\\/04\\\/Frame-3-3.jpg\",\"datePublished\":\"2024-04-19T05:52:44+00:00\",\"dateModified\":\"2024-09-02T14:31:23+00:00\",\"breadcrumb\":{\"@id\":\"https:\\\/\\\/tr.indicata.com\\\/filo-yeniden-pazarlamacilari\\\/#breadcrumb\"},\"inLanguage\":\"tr\",\"potentialAction\":[{\"@type\":\"ReadAction\",\"target\":[\"https:\\\/\\\/tr.indicata.com\\\/filo-yeniden-pazarlamacilari\\\/\"]}]},{\"@type\":\"ImageObject\",\"inLanguage\":\"tr\",\"@id\":\"https:\\\/\\\/tr.indicata.com\\\/filo-yeniden-pazarlamacilari\\\/#primaryimage\",\"url\":\"https:\\\/\\\/indicata.bluebird.pw\\\/wp-content\\\/uploads\\\/2024\\\/04\\\/Frame-3-3.jpg\",\"contentUrl\":\"https:\\\/\\\/indicata.bluebird.pw\\\/wp-content\\\/uploads\\\/2024\\\/04\\\/Frame-3-3.jpg\"},{\"@type\":\"BreadcrumbList\",\"@id\":\"https:\\\/\\\/tr.indicata.com\\\/filo-yeniden-pazarlamacilari\\\/#breadcrumb\",\"itemListElement\":[{\"@type\":\"ListItem\",\"position\":1,\"name\":\"Home\",\"item\":\"https:\\\/\\\/tr.indicata.com\\\/\"},{\"@type\":\"ListItem\",\"position\":2,\"name\":\"Filo Yeniden Pazarlamac\u0131lar\u0131\"}]},{\"@type\":\"WebSite\",\"@id\":\"https:\\\/\\\/indicata.bluebird.pw\\\/#website\",\"url\":\"https:\\\/\\\/indicata.bluebird.pw\\\/\",\"name\":\"Indicata\",\"description\":\"Part of Autorola Group\",\"potentialAction\":[{\"@type\":\"SearchAction\",\"target\":{\"@type\":\"EntryPoint\",\"urlTemplate\":\"https:\\\/\\\/indicata.bluebird.pw\\\/?s={search_term_string}\"},\"query-input\":{\"@type\":\"PropertyValueSpecification\",\"valueRequired\":true,\"valueName\":\"search_term_string\"}}],\"inLanguage\":\"tr\"}]}<\/script>\n<!-- \/ Yoast SEO plugin. -->","yoast_head_json":{"title":"Filo Yeniden Pazarlamac\u0131lar\u0131 - Indicata","robots":{"index":"noindex","follow":"follow","max-snippet":"max-snippet:-1","max-image-preview":"max-image-preview:large","max-video-preview":"max-video-preview:-1"},"og_locale":"tr_TR","og_type":"article","og_title":"Filo Yeniden Pazarlamac\u0131lar\u0131 - Indicata","og_url":"https:\/\/tr.indicata.com\/filo-yeniden-pazarlamacilari\/","og_site_name":"Indicata","article_modified_time":"2024-09-02T14:31:23+00:00","og_image":[{"url":"https:\/\/indicata.bluebird.pw\/wp-content\/uploads\/2024\/04\/Frame-3-3.jpg","type":"","width":"","height":""}],"twitter_card":"summary_large_image","twitter_misc":{"Tahmini okuma s\u00fcresi":"6 dakika"},"schema":{"@context":"https:\/\/schema.org","@graph":[{"@type":"WebPage","@id":"https:\/\/tr.indicata.com\/filo-yeniden-pazarlamacilari\/","url":"https:\/\/tr.indicata.com\/filo-yeniden-pazarlamacilari\/","name":"Filo Yeniden Pazarlamac\u0131lar\u0131 - Indicata","isPartOf":{"@id":"https:\/\/indicata.bluebird.pw\/#website"},"primaryImageOfPage":{"@id":"https:\/\/tr.indicata.com\/filo-yeniden-pazarlamacilari\/#primaryimage"},"image":{"@id":"https:\/\/tr.indicata.com\/filo-yeniden-pazarlamacilari\/#primaryimage"},"thumbnailUrl":"https:\/\/indicata.bluebird.pw\/wp-content\/uploads\/2024\/04\/Frame-3-3.jpg","datePublished":"2024-04-19T05:52:44+00:00","dateModified":"2024-09-02T14:31:23+00:00","breadcrumb":{"@id":"https:\/\/tr.indicata.com\/filo-yeniden-pazarlamacilari\/#breadcrumb"},"inLanguage":"tr","potentialAction":[{"@type":"ReadAction","target":["https:\/\/tr.indicata.com\/filo-yeniden-pazarlamacilari\/"]}]},{"@type":"ImageObject","inLanguage":"tr","@id":"https:\/\/tr.indicata.com\/filo-yeniden-pazarlamacilari\/#primaryimage","url":"https:\/\/indicata.bluebird.pw\/wp-content\/uploads\/2024\/04\/Frame-3-3.jpg","contentUrl":"https:\/\/indicata.bluebird.pw\/wp-content\/uploads\/2024\/04\/Frame-3-3.jpg"},{"@type":"BreadcrumbList","@id":"https:\/\/tr.indicata.com\/filo-yeniden-pazarlamacilari\/#breadcrumb","itemListElement":[{"@type":"ListItem","position":1,"name":"Home","item":"https:\/\/tr.indicata.com\/"},{"@type":"ListItem","position":2,"name":"Filo Yeniden Pazarlamac\u0131lar\u0131"}]},{"@type":"WebSite","@id":"https:\/\/indicata.bluebird.pw\/#website","url":"https:\/\/indicata.bluebird.pw\/","name":"Indicata","description":"Part of Autorola Group","potentialAction":[{"@type":"SearchAction","target":{"@type":"EntryPoint","urlTemplate":"https:\/\/indicata.bluebird.pw\/?s={search_term_string}"},"query-input":{"@type":"PropertyValueSpecification","valueRequired":true,"valueName":"search_term_string"}}],"inLanguage":"tr"}]}},"_links":{"self":[{"href":"https:\/\/indicata.bluebird.pw\/tr\/wp-json\/wp\/v2\/pages\/1447","targetHints":{"allow":["GET"]}}],"collection":[{"href":"https:\/\/indicata.bluebird.pw\/tr\/wp-json\/wp\/v2\/pages"}],"about":[{"href":"https:\/\/indicata.bluebird.pw\/tr\/wp-json\/wp\/v2\/types\/page"}],"author":[{"embeddable":true,"href":"https:\/\/indicata.bluebird.pw\/tr\/wp-json\/wp\/v2\/users\/2"}],"replies":[{"embeddable":true,"href":"https:\/\/indicata.bluebird.pw\/tr\/wp-json\/wp\/v2\/comments?post=1447"}],"version-history":[{"count":5,"href":"https:\/\/indicata.bluebird.pw\/tr\/wp-json\/wp\/v2\/pages\/1447\/revisions"}],"predecessor-version":[{"id":6338,"href":"https:\/\/indicata.bluebird.pw\/tr\/wp-json\/wp\/v2\/pages\/1447\/revisions\/6338"}],"wp:attachment":[{"href":"https:\/\/indicata.bluebird.pw\/tr\/wp-json\/wp\/v2\/media?parent=1447"}],"curies":[{"name":"wp","href":"https:\/\/api.w.org\/{rel}","templated":true}]}}