{"id":1458,"date":"2024-04-18T07:16:48","date_gmt":"2024-04-18T05:16:48","guid":{"rendered":"https:\/\/indicata.bluebird.pw\/bayi-gruplari-ve-perakendeciler\/"},"modified":"2024-09-02T16:29:11","modified_gmt":"2024-09-02T14:29:11","slug":"bayi-gruplari-ve-perakendeciler","status":"publish","type":"page","link":"https:\/\/indicata.bluebird.pw\/tr\/bayi-gruplari-ve-perakendeciler\/","title":{"rendered":"Bayi gruplar\u0131 ve perakendeciler"},"content":{"rendered":"\n<section class=\"wp-block-indicata-sub-cover mt-sub-cover\"><div class=\"mt-sub-cover__container\"><div class=\"mt-sub-cover__inner page-container\"><div class=\"mt-sub-cover__text-container\"><span class=\"mt-sub-cover__tagline mt-tagline\">END\u00dcSTR\u0130<\/span>\n<h1 class=\"wp-block-heading\">Bayi gruplar\u0131 ve perakendeciler<\/h1>\n\n\n\n<p>Bayi kaynak bulma ve fiyatland\u0131rma hatalar\u0131 bayilere nas\u0131l milyonlarca k\u00e2r kayb\u0131na mal oluyor?<\/p>\n\n\n\n<div class=\"wp-block-buttons is-layout-flex wp-block-buttons-is-layout-flex\">\n<div class=\"wp-block-button open-slide-in-contact\" data-contact-slide-in-view=\"3\"><a class=\"wp-block-button__link wp-element-button\">Demo talep edin<\/a><\/div>\n\n\n\n<div class=\"wp-block-button is-style-primary-transparent open-slide-in-contact\" data-contact-slide-in-view=\"2\"><a class=\"wp-block-button__link wp-element-button\">F\u0131rsat de\u011ferlendirmesi<\/a><\/div>\n<\/div>\n<\/div><\/div><div class=\"mt-sub-cover__image-container object-fit\"><img decoding=\"async\" src=\"https:\/\/indicata.bluebird.pw\/wp-content\/uploads\/2024\/04\/Frame-3-1.jpg\" alt=\"\" style=\"object-position:50% 50%\"\/><\/div><\/div><\/section>\n\n\n\n<section class=\"wp-block-indicata-link-boxes-with-icon mt-link-boxes-with-icon mtSpacing-top-small mtSpacing-bottom-medium\"><div class=\"mt-link-boxes-with-icon__inner page-container\"><div class=\"mt-link-boxes-with-icon__text-container\"><h2 class=\"mt-link-boxes-with-icon__title\">M\u00fc\u015fterilerimiz bize dan\u0131\u015f\u0131r<\/h2><p class=\"mt-link-boxes-with-icon__text\">\u00c7\u00fcnk\u00fc m\u00fccadele ediyorlar:<\/p><\/div><div class=\"mt-link-boxes-with-icon__boxes-wrapper\">\n<div class=\"wp-block-indicata-link-box-with-icon mt-link-box-with-icon swiper-slide\"><div class=\"mt-link-box-with-icon__title-container\"><div class=\"mt-link-box-with-icon__icon-container\"><img decoding=\"async\" src=\"https:\/\/indicata.bluebird.pw\/wp-content\/uploads\/2024\/04\/car-side-solid.svg\" alt=\"araba-yan-kat\u0131\" width=\"24\" height=\"24\" class=\"mt-link-box-with-icon__icon\"><\/div><p class=\"mt-link-box-with-icon__title\">De\u011fi\u015fken bir piyasada en iyi ara\u00e7lar\u0131 belirleme<\/p><\/div><p class=\"mt-link-box-with-icon__text\">H\u0131zl\u0131 sat\u0131lan ve k\u00e2r\u0131 en \u00fcst d\u00fczeye \u00e7\u0131karan en iyi ara\u00e7lar nas\u0131l belirlenir?<\/p><\/div>\n\n\n\n<div class=\"wp-block-indicata-link-box-with-icon mt-link-box-with-icon swiper-slide\"><div class=\"mt-link-box-with-icon__title-container\"><div class=\"mt-link-box-with-icon__icon-container\"><img decoding=\"async\" src=\"https:\/\/indicata.bluebird.pw\/wp-content\/uploads\/2024\/04\/tags-solid.svg\" alt=\"etiketler-kat\u0131\" width=\"24\" height=\"24\" class=\"mt-link-box-with-icon__icon\"><\/div><p class=\"mt-link-box-with-icon__title\">K\u0131sa ve \u00f6z raporlama <strong>al\u0131n <\/strong><\/p><\/div><p class=\"mt-link-box-with-icon__text\">K\u00f6t\u00fc performans g\u00f6steren sat\u0131\u015f noktalar\u0131n\u0131 ve bunlar\u0131n nas\u0131l iyile\u015ftirilece\u011fini belirleme<\/p><\/div>\n\n\n\n<div class=\"wp-block-indicata-link-box-with-icon mt-link-box-with-icon swiper-slide\"><div class=\"mt-link-box-with-icon__title-container\"><div class=\"mt-link-box-with-icon__icon-container\"><img decoding=\"async\" src=\"https:\/\/indicata.bluebird.pw\/wp-content\/uploads\/2024\/04\/laptop-solid.svg\" alt=\"laptop-solid\" width=\"24\" height=\"24\" class=\"mt-link-box-with-icon__icon\"><\/div><p class=\"mt-link-box-with-icon__title\">Stoklar\u0131 en uygun \u015fekilde fiyatland\u0131r\u0131n<\/p><\/div><p class=\"mt-link-box-with-icon__text\">Grup stratejisi ile koordineli ara\u00e7 baz\u0131nda karar verme deste\u011fi<\/p><\/div>\n<\/div><\/div><\/section>\n\n\n\n<section class=\"wp-block-morningmodules-logo-line mt-logo-line mt-logo-line--should-slide mtSpacing-top-extraSmall mtSpacing-bottom-small\"><div class=\"mt-logo-line__inner\"><div class=\"mt-logo-line__text-container\"><p class=\"mt-logo-line__text\">D\u00fcnya \u00e7ap\u0131nda g\u00fcvenilen otomotiv markalar\u0131<\/p><\/div><div class=\"mt-logo-line__logos-container swiper\"><div class=\"swiper-wrapper\">\n<div class=\"wp-block-morningmodules-logo-line-logo mt-logo swiper-slide\" style=\"opacity:1\"><img decoding=\"async\" src=\"https:\/\/tr.indicata.com\/wp-content\/uploads\/2024\/09\/borlease-cropped.svg\" alt=\"\" class=\"mt-logo__logo\" style=\"max-height:40px;margin-top:0px\"\/><\/div>\n\n\n\n<div class=\"wp-block-morningmodules-logo-line-logo mt-logo swiper-slide\" style=\"opacity:1\"><img decoding=\"async\" src=\"https:\/\/tr.indicata.com\/wp-content\/uploads\/2024\/09\/ford-cropped.svg\" alt=\"\" class=\"mt-logo__logo\" style=\"max-height:40px;margin-top:0px\"\/><\/div>\n\n\n\n<div class=\"wp-block-morningmodules-logo-line-logo mt-logo swiper-slide\" style=\"opacity:1\"><img decoding=\"async\" src=\"https:\/\/tr.indicata.com\/wp-content\/uploads\/2024\/09\/nissan-cropped.svg\" alt=\"\" class=\"mt-logo__logo\" style=\"max-height:40px;margin-top:0px\"\/><\/div>\n\n\n\n<div class=\"wp-block-morningmodules-logo-line-logo mt-logo swiper-slide\" style=\"opacity:1\"><img decoding=\"async\" src=\"https:\/\/tr.indicata.com\/wp-content\/uploads\/2024\/09\/renault-cropped.svg\" alt=\"\" class=\"mt-logo__logo\" style=\"max-height:40px;margin-top:0px\"\/><\/div>\n\n\n\n<div class=\"wp-block-morningmodules-logo-line-logo mt-logo swiper-slide\" style=\"opacity:1\"><img decoding=\"async\" src=\"https:\/\/tr.indicata.com\/wp-content\/uploads\/2024\/09\/sixt-cropped.svg\" alt=\"\" class=\"mt-logo__logo\" style=\"max-height:40px;margin-top:0px\"\/><\/div>\n\n\n\n<div class=\"wp-block-morningmodules-logo-line-logo mt-logo swiper-slide\" style=\"opacity:1\"><img decoding=\"async\" src=\"https:\/\/tr.indicata.com\/wp-content\/uploads\/2024\/09\/stellantis-cropped.svg\" alt=\"\" class=\"mt-logo__logo\" style=\"max-height:40px;margin-top:0px\"\/><\/div>\n\n\n\n<div class=\"wp-block-morningmodules-logo-line-logo mt-logo swiper-slide\" style=\"opacity:1\"><img decoding=\"async\" src=\"https:\/\/tr.indicata.com\/wp-content\/uploads\/2024\/09\/teb-arval-cropped.svg\" alt=\"\" class=\"mt-logo__logo\" style=\"max-height:40px;margin-top:0px\"\/><\/div>\n\n\n\n<div class=\"wp-block-morningmodules-logo-line-logo mt-logo swiper-slide\" style=\"opacity:1\"><img decoding=\"async\" src=\"https:\/\/tr.indicata.com\/wp-content\/uploads\/2024\/09\/tofas-cropped.svg\" alt=\"\" class=\"mt-logo__logo\" style=\"max-height:40px;margin-top:0px\"\/><\/div>\n\n\n\n<div class=\"wp-block-morningmodules-logo-line-logo mt-logo swiper-slide\" style=\"opacity:1\"><img decoding=\"async\" src=\"https:\/\/tr.indicata.com\/wp-content\/uploads\/2024\/09\/Volvo-cropped.svg\" alt=\"\" class=\"mt-logo__logo\" style=\"max-height:40px;margin-top:0px\"\/><\/div>\n<\/div><\/div><\/div><\/section>\n\n\n\n<section class=\"wp-block-morningmodules-text-media mt-text-media mt-text-media--align-media-right mt-text-media--align-media-mobile-bottom mtSpacing-bottom-medium mtSpacing-top-small\"><div class=\"mt-text-media__inner\"><div class=\"mt-text-media__media-container\"><img decoding=\"async\" src=\"https:\/\/indicata.bluebird.pw\/wp-content\/uploads\/2024\/04\/Frame-24642-1.jpg\" alt=\"\" style=\"object-position:50% 50%\"\/><\/div><div class=\"mt-text-media__text-container\"><span class=\"mt-text-media__tagline mt-tagline\">En iyi ara\u00e7lar\u0131n tedarik edilmesi<\/span><h2 class=\"mt-text-media__title\">Do\u011fru ara\u00e7lar\u0131n belirlenmesi<\/h2>\n<p>Indicata sadece kaynak arad\u0131\u011f\u0131n\u0131z veya Takas olarak almak istedi\u011finiz ara\u00e7lara de\u011fer bi\u00e7mez. Sat\u0131n al\u0131nacak en uygun hisse senedi i\u00e7in piyasay\u0131 analiz ediyoruz<\/p>\n\n\n\n<p><br><strong>De\u011ferlendirilen her ara\u00e7 i\u00e7in Indicata \u015funlar\u0131 yapacakt\u0131r<\/strong><\/p>\n\n\n\n<ul class=\"wp-block-list\">\n<li>Piyasadaki rekabet\u00e7i ara\u00e7lar\u0131 g\u00f6rmenizi sa\u011flar<\/li>\n\n\n\n<li>Arac\u0131n\u0131z\u0131n h\u0131zl\u0131 sat\u0131lma olas\u0131l\u0131\u011f\u0131n\u0131 de\u011ferlendirin<\/li>\n\n\n\n<li>Stoklanmas\u0131 veya takas edilmesi konusunda tavsiyede bulunun<\/li>\n<\/ul>\n\n\n\n<div class=\"wp-block-buttons is-layout-flex wp-block-buttons-is-layout-flex\">\n<div class=\"wp-block-button open-slide-in-contact\" data-contact-slide-in-view=\"3\"><a class=\"wp-block-button__link wp-element-button\">Demo talep edin<\/a><\/div>\n\n\n\n<div class=\"wp-block-button is-style-primary-transparent open-slide-in-contact\" data-contact-slide-in-view=\"2\"><a class=\"wp-block-button__link wp-element-button\">\u0130leti\u015fim sat\u0131\u015f<\/a><\/div>\n<\/div>\n<\/div><\/div><\/section>\n\n\n\n<section class=\"wp-block-indicata-breaker mt-breaker-advanced\"><div class=\"mt-breaker-advanced__container\"><div class=\"mt-breaker-advanced__overlay\" style=\"opacity:0\"><\/div><div class=\"mt-breaker-advanced__image-container object-fit\"><img decoding=\"async\" src=\"https:\/\/indicata.bluebird.pw\/wp-content\/uploads\/2024\/04\/Frame-24727.jpg\" alt=\"\" style=\"object-position:50% 50%\"\/><\/div><div class=\"mt-breaker-advanced__inner page-container\"><div class=\"mt-breaker-advanced__text-container\"><span class=\"mt-breaker-advanced__tagline mt-tagline\">140.000&#8217;den fazla bayi<\/span><h2 class=\"mt-breaker-advanced__title\">En iyi hisse senedini bulmak art\u0131k \u00e7ok kolay<\/h2>\n<p>Indicata 140.000&#8217;den fazla bayinin stok haritas\u0131n\u0131 \u00e7\u0131karmaktad\u0131r. Di\u011fer bayilerden kaynak ar\u0131yorsan\u0131z, en h\u0131zl\u0131 satan stoklar\u0131 belirlemenize yard\u0131mc\u0131 olan pan-Avrupa stok bulma \u00e7\u00f6z\u00fcmlerimiz var.<\/p>\n\n\n\n<div class=\"wp-block-buttons is-layout-flex wp-block-buttons-is-layout-flex\">\n<div class=\"wp-block-button open-slide-in-contact\" data-contact-slide-in-view=\"3\"><a class=\"wp-block-button__link wp-element-button\">Demo talep edin<\/a><\/div>\n\n\n\n<div class=\"wp-block-button is-style-primary-transparent open-slide-in-contact\" data-contact-slide-in-view=\"2\"><a class=\"wp-block-button__link wp-element-button\">\u0130leti\u015fim sat\u0131\u015f<\/a><\/div>\n<\/div>\n<\/div><\/div><\/div><\/section>\n\n\n\n<section class=\"wp-block-morningmodules-text-media mt-text-media mt-text-media--align-media-left mt-text-media--align-media-mobile-bottom mtSpacing-bottom-small mtSpacing-top-small\"><div class=\"mt-text-media__inner\"><div class=\"mt-text-media__media-container\"><img decoding=\"async\" src=\"https:\/\/indicata.bluebird.pw\/wp-content\/uploads\/2024\/04\/Frame-24656.jpg\" alt=\"\" style=\"object-position:50% 50%\"\/><\/div><div class=\"mt-text-media__text-container\"><span class=\"mt-text-media__tagline mt-tagline\">K\u00f6t\u00fc performans g\u00f6steren sat\u0131\u015f noktalar\u0131n\u0131 belirleyin<\/span><h2 class=\"mt-text-media__title\">Birden fazla lokasyonu y\u00f6netme<\/h2>\n<p>Modern bayi gruplar\u0131, ister merkezde olsun ister birden fazla bayi lokasyonuna da\u011f\u0131lm\u0131\u015f olsun, stok ve fiyat y\u00f6netiminden sorumlu birden fazla payda\u015fa sahiptir.<br><br><\/p>\n\n\n\n<p>Performans\u0131n lokasyon lokasyon, marka marka, ara\u00e7 ara\u00e7 g\u00f6zden ge\u00e7irilmesi, k\u00e2r odakl\u0131 ve etkin bir organizasyon i\u00e7in \u00e7ok \u00f6nemlidir<\/p>\n\n\n\n<p>Indicata size \u015funlar\u0131 sa\u011flar<\/p>\n\n\n\n<ul class=\"wp-block-list\">\n<li>D\u00fc\u015f\u00fck performans g\u00f6steren lokasyonlar\u0131 belirlemek ve kullan\u0131lm\u0131\u015f ara\u00e7 k\u00fclt\u00fcr\u00fcn\u00fc ve performans\u0131n\u0131 iyile\u015ftirmek<\/li>\n\n\n\n<li>Belirli stok sorunlar\u0131 konusunda sizi uyar\u0131r ve bunlar\u0131n nas\u0131l olu\u015ftu\u011funa dair i\u00e7g\u00f6r\u00fc sa\u011flar<\/li>\n\n\n\n<li>Bu sorunlar\u0131n ortaya \u00e7\u0131kmas\u0131n\u0131 durdurmak i\u00e7in proaktif ve reaktif stratejiler olu\u015fturmak \u00fczere canl\u0131 pazara dayal\u0131 do\u011fru kararlar almak<\/li>\n<\/ul>\n\n\n\n<div class=\"wp-block-buttons is-layout-flex wp-block-buttons-is-layout-flex\">\n<div class=\"wp-block-button open-slide-in-contact\" data-contact-slide-in-view=\"3\"><a class=\"wp-block-button__link wp-element-button\">Demo talep edin<\/a><\/div>\n\n\n\n<div class=\"wp-block-button is-style-primary-transparent open-slide-in-contact\" data-contact-slide-in-view=\"2\"><a class=\"wp-block-button__link wp-element-button\">\u0130leti\u015fim sat\u0131\u015f<\/a><\/div>\n<\/div>\n<\/div><\/div><\/section>\n\n\n\n<section class=\"wp-block-morningmodules-text-media mt-text-media mt-text-media--align-media-left mt-text-media--align-media-mobile-bottom mtSpacing-top-medium\"><div class=\"mt-text-media__inner\"><div class=\"mt-text-media__media-container\"><img decoding=\"async\" src=\"https:\/\/indicata.bluebird.pw\/wp-content\/uploads\/2024\/04\/Frame-24656-1.jpg\" alt=\"\" style=\"object-position:50% 50%\"\/><\/div><div class=\"mt-text-media__text-container\"><span class=\"mt-text-media__tagline mt-tagline\">Ara\u00e7 ara\u00e7 \/ Her g\u00fcn<\/span><h2 class=\"mt-text-media__title\">Do\u011fru kararlar\u0131 vermek<\/h2>\n<p>Kurulu\u015funuz ister merkezi karar alma mekanizmas\u0131na sahip olsun, ister konuma g\u00f6re da\u011f\u0131t\u0131lm\u0131\u015f olsun.<\/p>\n\n\n\n<p><br><strong>\u00c7al\u0131\u015fanlar\u0131n\u0131z\u0131n a\u015fa\u011f\u0131dakilere ihtiyac\u0131 var:<\/strong><\/p>\n\n\n\n<ul class=\"wp-block-list\">\n<li>Ulusal, yerel ve s\u0131n\u0131r \u00f6tesi canl\u0131 piyasa fiyatland\u0131rmas\u0131<\/li>\n\n\n\n<li>Perakende ve toptan sat\u0131\u015f fiyatlar\u0131n\u0131n en do\u011fru g\u00f6r\u00fcn\u00fcm\u00fc<\/li>\n\n\n\n<li>Do\u011fru kararlar almak i\u00e7in do\u011fru bilgiler<ul><li>Ne kadar rekabet var<\/li><\/ul><ul><li>H\u0131zl\u0131 hareket eden vs yava\u015f hareket eden<\/li><\/ul>\n<ul class=\"wp-block-list\">\n<li>Perakende mi Ticaret mi?<\/li>\n<\/ul>\n<\/li>\n<\/ul>\n\n\n\n<div class=\"wp-block-buttons is-layout-flex wp-block-buttons-is-layout-flex\">\n<div class=\"wp-block-button open-slide-in-contact\" data-contact-slide-in-view=\"3\"><a class=\"wp-block-button__link wp-element-button\">Demo talep edin<\/a><\/div>\n\n\n\n<div class=\"wp-block-button is-style-primary-transparent open-slide-in-contact\" data-contact-slide-in-view=\"2\"><a class=\"wp-block-button__link wp-element-button\">\u0130leti\u015fim sat\u0131\u015f<\/a><\/div>\n<\/div>\n<\/div><\/div><\/section>\n\n\n\n<section class=\"wp-block-morningmodules-text-media mt-text-media mt-text-media--align-media-right mt-text-media--align-media-mobile-bottom mtSpacing-bottom-medium mtSpacing-top-medium\"><div class=\"mt-text-media__inner\"><div class=\"mt-text-media__media-container\"><img decoding=\"async\" src=\"https:\/\/indicata.bluebird.pw\/wp-content\/uploads\/2024\/04\/Frame-24656-2.jpg\" alt=\"\" style=\"object-position:50% 50%\"\/><\/div><div class=\"mt-text-media__text-container\"><span class=\"mt-text-media__tagline mt-tagline\">online takas de\u011ferlemesi<\/span><h2 class=\"mt-text-media__title\">Showroom Trafi\u011fini Art\u0131rma<\/h2>\n<p>Indicata&#8217;n\u0131n m\u00fc\u015fteri aday\u0131 olu\u015fturucusu, web sitenizin ziyaret\u00e7ilerine istedikleri \u00e7evrimi\u00e7i takas de\u011ferlemesini sa\u011flar, b\u00f6ylece ileti\u015fim kurman\u0131za ve sat\u0131\u015f f\u0131rsatlar\u0131n\u0131z\u0131 art\u0131rman\u0131za olanak tan\u0131r<\/p>\n\n\n\n<p>Indicata&#8217;n\u0131n Potansiyel M\u00fc\u015fteri Olu\u015fturucular\u0131n\u0131n web sitelerinizin potansiyel m\u00fc\u015fteri \u00fcretimini 3 kat art\u0131rd\u0131\u011f\u0131 kan\u0131tlanm\u0131\u015ft\u0131r<\/p>\n\n\n\n<p>\u0130ster web sitelerinizin kendi de\u011ferleme aray\u00fczlerini g\u00fc\u00e7lendirmek i\u00e7in bir API \u00e7\u00f6z\u00fcm\u00fc, ister \u00f6nceden yap\u0131land\u0131r\u0131lm\u0131\u015f bir Indicata &#8220;tak ve \u00e7al\u0131\u015ft\u0131r&#8221; se\u00e7ene\u011fi olsun, do\u011frudan OEM&#8217;lere veya bayi kurulu\u015funuzla ortakl\u0131klar yoluyla \u00e7\u00f6z\u00fcmler sa\u011flama konusunda deneyime sahibiz.<\/p>\n\n\n\n<div class=\"wp-block-buttons is-layout-flex wp-block-buttons-is-layout-flex\">\n<div class=\"wp-block-button open-slide-in-contact\" data-contact-slide-in-view=\"3\"><a class=\"wp-block-button__link wp-element-button\">Demo talep edin<\/a><\/div>\n\n\n\n<div class=\"wp-block-button is-style-primary-transparent open-slide-in-contact\" data-contact-slide-in-view=\"2\"><a class=\"wp-block-button__link wp-element-button\">\u0130leti\u015fim sat\u0131\u015f<\/a><\/div>\n<\/div>\n<\/div><\/div><\/section>\n\n\n\n<section class=\"wp-block-morningmodules-breaker mt-breaker\"><div class=\"mt-breaker__container\"><div class=\"mt-breaker__overlay\" style=\"opacity:0\"><\/div><div class=\"mt-breaker__image-container object-fit\"><img decoding=\"async\" src=\"https:\/\/indicata.bluebird.pw\/wp-content\/uploads\/2024\/04\/Frame-24740.jpg\" alt=\"\" style=\"object-position:50% 50%\"\/><\/div><div class=\"mt-breaker__inner page-container\"><div class=\"mt-breaker__text-container\"><span class=\"mt-breaker__tagline mt-tagline\">HEMEN BA\u015eLAYIN<\/span><h2 class=\"mt-breaker__title\">Operasyonlar\u0131n\u0131z\u0131 iyile\u015ftirmeye bug\u00fcn ba\u015flay\u0131n<\/h2>\n<div class=\"wp-block-buttons is-layout-flex wp-block-buttons-is-layout-flex\">\n<div class=\"wp-block-button open-slide-in-contact\" data-contact-slide-in-view=\"3\"><a class=\"wp-block-button__link wp-element-button\">Demo talep edin<\/a><\/div>\n\n\n\n<div class=\"wp-block-button is-style-primary-transparent open-slide-in-contact\" data-contact-slide-in-view=\"2\"><a class=\"wp-block-button__link wp-element-button\">\u0130leti\u015fim sat\u0131\u015f<\/a><\/div>\n<\/div>\n<\/div><\/div><\/div><\/section>\n","protected":false},"excerpt":{"rendered":"","protected":false},"author":2,"featured_media":0,"parent":0,"menu_order":0,"comment_status":"closed","ping_status":"closed","template":"","meta":{"_acf_changed":false,"footnotes":""},"class_list":["post-1458","page","type-page","status-publish","hentry"],"acf":[],"yoast_head":"<!-- This site is optimized with the Yoast SEO plugin v27.3 - https:\/\/yoast.com\/product\/yoast-seo-wordpress\/ -->\n<title>Bayi gruplar\u0131 ve perakendeciler - Indicata<\/title>\n<meta name=\"robots\" content=\"noindex, follow, max-snippet:-1, max-image-preview:large, max-video-preview:-1\" \/>\n<meta property=\"og:locale\" content=\"tr_TR\" \/>\n<meta property=\"og:type\" content=\"article\" \/>\n<meta property=\"og:title\" content=\"Bayi gruplar\u0131 ve perakendeciler - Indicata\" \/>\n<meta property=\"og:url\" content=\"https:\/\/tr.indicata.com\/bayi-gruplari-ve-perakendeciler\/\" \/>\n<meta property=\"og:site_name\" content=\"Indicata\" \/>\n<meta property=\"article:modified_time\" content=\"2024-09-02T14:29:11+00:00\" \/>\n<meta property=\"og:image\" content=\"https:\/\/indicata.bluebird.pw\/wp-content\/uploads\/2024\/04\/Frame-3-1.jpg\" \/>\n<meta name=\"twitter:card\" content=\"summary_large_image\" \/>\n<meta name=\"twitter:label1\" content=\"Tahmini okuma s\u00fcresi\" \/>\n\t<meta name=\"twitter:data1\" content=\"6 dakika\" \/>\n<script type=\"application\/ld+json\" class=\"yoast-schema-graph\">{\"@context\":\"https:\\\/\\\/schema.org\",\"@graph\":[{\"@type\":\"WebPage\",\"@id\":\"https:\\\/\\\/tr.indicata.com\\\/bayi-gruplari-ve-perakendeciler\\\/\",\"url\":\"https:\\\/\\\/tr.indicata.com\\\/bayi-gruplari-ve-perakendeciler\\\/\",\"name\":\"Bayi gruplar\u0131 ve perakendeciler - Indicata\",\"isPartOf\":{\"@id\":\"https:\\\/\\\/indicata.bluebird.pw\\\/#website\"},\"primaryImageOfPage\":{\"@id\":\"https:\\\/\\\/tr.indicata.com\\\/bayi-gruplari-ve-perakendeciler\\\/#primaryimage\"},\"image\":{\"@id\":\"https:\\\/\\\/tr.indicata.com\\\/bayi-gruplari-ve-perakendeciler\\\/#primaryimage\"},\"thumbnailUrl\":\"https:\\\/\\\/indicata.bluebird.pw\\\/wp-content\\\/uploads\\\/2024\\\/04\\\/Frame-3-1.jpg\",\"datePublished\":\"2024-04-18T05:16:48+00:00\",\"dateModified\":\"2024-09-02T14:29:11+00:00\",\"breadcrumb\":{\"@id\":\"https:\\\/\\\/tr.indicata.com\\\/bayi-gruplari-ve-perakendeciler\\\/#breadcrumb\"},\"inLanguage\":\"tr\",\"potentialAction\":[{\"@type\":\"ReadAction\",\"target\":[\"https:\\\/\\\/tr.indicata.com\\\/bayi-gruplari-ve-perakendeciler\\\/\"]}]},{\"@type\":\"ImageObject\",\"inLanguage\":\"tr\",\"@id\":\"https:\\\/\\\/tr.indicata.com\\\/bayi-gruplari-ve-perakendeciler\\\/#primaryimage\",\"url\":\"https:\\\/\\\/indicata.bluebird.pw\\\/wp-content\\\/uploads\\\/2024\\\/04\\\/Frame-3-1.jpg\",\"contentUrl\":\"https:\\\/\\\/indicata.bluebird.pw\\\/wp-content\\\/uploads\\\/2024\\\/04\\\/Frame-3-1.jpg\"},{\"@type\":\"BreadcrumbList\",\"@id\":\"https:\\\/\\\/tr.indicata.com\\\/bayi-gruplari-ve-perakendeciler\\\/#breadcrumb\",\"itemListElement\":[{\"@type\":\"ListItem\",\"position\":1,\"name\":\"Home\",\"item\":\"https:\\\/\\\/tr.indicata.com\\\/\"},{\"@type\":\"ListItem\",\"position\":2,\"name\":\"Bayi gruplar\u0131 ve perakendeciler\"}]},{\"@type\":\"WebSite\",\"@id\":\"https:\\\/\\\/indicata.bluebird.pw\\\/#website\",\"url\":\"https:\\\/\\\/indicata.bluebird.pw\\\/\",\"name\":\"Indicata\",\"description\":\"Part of Autorola Group\",\"potentialAction\":[{\"@type\":\"SearchAction\",\"target\":{\"@type\":\"EntryPoint\",\"urlTemplate\":\"https:\\\/\\\/indicata.bluebird.pw\\\/?s={search_term_string}\"},\"query-input\":{\"@type\":\"PropertyValueSpecification\",\"valueRequired\":true,\"valueName\":\"search_term_string\"}}],\"inLanguage\":\"tr\"}]}<\/script>\n<!-- \/ Yoast SEO plugin. -->","yoast_head_json":{"title":"Bayi gruplar\u0131 ve perakendeciler - Indicata","robots":{"index":"noindex","follow":"follow","max-snippet":"max-snippet:-1","max-image-preview":"max-image-preview:large","max-video-preview":"max-video-preview:-1"},"og_locale":"tr_TR","og_type":"article","og_title":"Bayi gruplar\u0131 ve perakendeciler - Indicata","og_url":"https:\/\/tr.indicata.com\/bayi-gruplari-ve-perakendeciler\/","og_site_name":"Indicata","article_modified_time":"2024-09-02T14:29:11+00:00","og_image":[{"url":"https:\/\/indicata.bluebird.pw\/wp-content\/uploads\/2024\/04\/Frame-3-1.jpg","type":"","width":"","height":""}],"twitter_card":"summary_large_image","twitter_misc":{"Tahmini okuma s\u00fcresi":"6 dakika"},"schema":{"@context":"https:\/\/schema.org","@graph":[{"@type":"WebPage","@id":"https:\/\/tr.indicata.com\/bayi-gruplari-ve-perakendeciler\/","url":"https:\/\/tr.indicata.com\/bayi-gruplari-ve-perakendeciler\/","name":"Bayi gruplar\u0131 ve perakendeciler - Indicata","isPartOf":{"@id":"https:\/\/indicata.bluebird.pw\/#website"},"primaryImageOfPage":{"@id":"https:\/\/tr.indicata.com\/bayi-gruplari-ve-perakendeciler\/#primaryimage"},"image":{"@id":"https:\/\/tr.indicata.com\/bayi-gruplari-ve-perakendeciler\/#primaryimage"},"thumbnailUrl":"https:\/\/indicata.bluebird.pw\/wp-content\/uploads\/2024\/04\/Frame-3-1.jpg","datePublished":"2024-04-18T05:16:48+00:00","dateModified":"2024-09-02T14:29:11+00:00","breadcrumb":{"@id":"https:\/\/tr.indicata.com\/bayi-gruplari-ve-perakendeciler\/#breadcrumb"},"inLanguage":"tr","potentialAction":[{"@type":"ReadAction","target":["https:\/\/tr.indicata.com\/bayi-gruplari-ve-perakendeciler\/"]}]},{"@type":"ImageObject","inLanguage":"tr","@id":"https:\/\/tr.indicata.com\/bayi-gruplari-ve-perakendeciler\/#primaryimage","url":"https:\/\/indicata.bluebird.pw\/wp-content\/uploads\/2024\/04\/Frame-3-1.jpg","contentUrl":"https:\/\/indicata.bluebird.pw\/wp-content\/uploads\/2024\/04\/Frame-3-1.jpg"},{"@type":"BreadcrumbList","@id":"https:\/\/tr.indicata.com\/bayi-gruplari-ve-perakendeciler\/#breadcrumb","itemListElement":[{"@type":"ListItem","position":1,"name":"Home","item":"https:\/\/tr.indicata.com\/"},{"@type":"ListItem","position":2,"name":"Bayi gruplar\u0131 ve perakendeciler"}]},{"@type":"WebSite","@id":"https:\/\/indicata.bluebird.pw\/#website","url":"https:\/\/indicata.bluebird.pw\/","name":"Indicata","description":"Part of Autorola Group","potentialAction":[{"@type":"SearchAction","target":{"@type":"EntryPoint","urlTemplate":"https:\/\/indicata.bluebird.pw\/?s={search_term_string}"},"query-input":{"@type":"PropertyValueSpecification","valueRequired":true,"valueName":"search_term_string"}}],"inLanguage":"tr"}]}},"_links":{"self":[{"href":"https:\/\/indicata.bluebird.pw\/tr\/wp-json\/wp\/v2\/pages\/1458","targetHints":{"allow":["GET"]}}],"collection":[{"href":"https:\/\/indicata.bluebird.pw\/tr\/wp-json\/wp\/v2\/pages"}],"about":[{"href":"https:\/\/indicata.bluebird.pw\/tr\/wp-json\/wp\/v2\/types\/page"}],"author":[{"embeddable":true,"href":"https:\/\/indicata.bluebird.pw\/tr\/wp-json\/wp\/v2\/users\/2"}],"replies":[{"embeddable":true,"href":"https:\/\/indicata.bluebird.pw\/tr\/wp-json\/wp\/v2\/comments?post=1458"}],"version-history":[{"count":4,"href":"https:\/\/indicata.bluebird.pw\/tr\/wp-json\/wp\/v2\/pages\/1458\/revisions"}],"predecessor-version":[{"id":6337,"href":"https:\/\/indicata.bluebird.pw\/tr\/wp-json\/wp\/v2\/pages\/1458\/revisions\/6337"}],"wp:attachment":[{"href":"https:\/\/indicata.bluebird.pw\/tr\/wp-json\/wp\/v2\/media?parent=1458"}],"curies":[{"name":"wp","href":"https:\/\/api.w.org\/{rel}","templated":true}]}}