{"id":1723,"date":"2024-04-11T09:09:16","date_gmt":"2024-04-11T07:09:16","guid":{"rendered":"https:\/\/indicata.bluebird.pw\/on-sayfa\/"},"modified":"2024-09-02T16:28:22","modified_gmt":"2024-09-02T14:28:22","slug":"on-sayfa","status":"publish","type":"page","link":"https:\/\/indicata.bluebird.pw\/tr\/","title":{"rendered":"Ana Sayfa"},"content":{"rendered":"\n<section class=\"wp-block-morningmodules-cover mt-cover is-style-tall\"><div class=\"mt-cover__container\"><div class=\"mt-cover__overlay\" style=\"opacity:0\"><\/div><div class=\"mt-cover__image-container object-fit\"><img decoding=\"async\" src=\"https:\/\/indicata.bluebird.pw\/wp-content\/uploads\/2024\/04\/Frame-3.jpg\" alt=\"\" fetchpriority=\"high\"\/><\/div><div class=\"mt-cover__inner page-container\"><div class=\"mt-cover__text-container\"><span class=\"mt-cover__tagline mt-tagline\">pazar i\u00e7g\u00f6r\u00fcleri yaz\u0131l\u0131m\u0131<\/span><h1 class=\"mt-cover__title\">Kullan\u0131lm\u0131\u015f ara\u00e7 karar verme i\u015f zekas\u0131 yaz\u0131l\u0131m\u0131<\/h1>\n<div class=\"wp-block-buttons is-layout-flex wp-block-buttons-is-layout-flex\">\n<div class=\"wp-block-button open-slide-in-contact\" data-contact-slide-in-view=\"3\"><a class=\"wp-block-button__link wp-element-button\">Demo talep edin<\/a><\/div>\n\n\n\n<div class=\"wp-block-button is-style-primary-transparent\"><a class=\"wp-block-button__link wp-element-button\" href=\"https:\/\/indicata.bluebird.pw.tr\/market-watch\/\">Pazar izleme i\u00e7g\u00f6r\u00fcleri<\/a><\/div>\n<\/div>\n<\/div><\/div><\/div><\/section>\n\n\n\n<section class=\"wp-block-indicata-link-boxes mt-link-boxes mt-link-boxes--border-bottom mtSpacing-top-small\"><div class=\"mt-link-boxes__inner page-container swiper\"><div class=\"swiper-wrapper\">\n<div class=\"wp-block-indicata-link-box mt-link-box swiper-slide\"><a href=\"https:\/\/tr.indicata.com\/bayi-gruplari-ve-perakendeciler\/\" class=\"mt-link-box__link\"><\/a><div class=\"mt-link-box__icon-container\"><\/div><p class=\"mt-link-box__title\">Bayi Gruplar\u0131 ve Perakendeciler<\/p><p class=\"mt-link-box__text\"><\/p><\/div>\n\n\n\n<div class=\"wp-block-indicata-link-box mt-link-box swiper-slide\"><a href=\"https:\/\/tr.indicata.com\/oemler-ve-nscler\/\" class=\"mt-link-box__link\"><\/a><div class=\"mt-link-box__icon-container\"><\/div><p class=\"mt-link-box__title\">OEM&#8217;ler ve NSC&#8217;ler<\/p><p class=\"mt-link-box__text\">A\u011f geli\u015ftirmesi<\/p><\/div>\n\n\n\n<div class=\"wp-block-indicata-link-box mt-link-box swiper-slide\"><a href=\"https:\/\/tr.indicata.com\/filo-yeniden-pazarlamacilari\/\" class=\"mt-link-box__link\"><\/a><div class=\"mt-link-box__icon-container\"><\/div><p class=\"mt-link-box__title\">Filo Yeniden Pazarlamac\u0131lar\u0131<\/p><p class=\"mt-link-box__text\">OEM \/ Leasing \/ Kiralama<\/p><\/div>\n\n\n\n<div class=\"wp-block-indicata-link-box mt-link-box swiper-slide\"><a href=\"https:\/\/tr.indicata.com\/rv-ayarlayicilari-ve-risk-yoneticileri\/\" class=\"mt-link-box__link\"><\/a><div class=\"mt-link-box__icon-container\"><\/div><p class=\"mt-link-box__title\">RV Ayarlay\u0131c\u0131lar\u0131 ve Risk y\u00f6neticileri<\/p><p class=\"mt-link-box__text\">OEM \/ Leasing \/ Kiralama<\/p><\/div>\n\n\n\n<div class=\"wp-block-indicata-link-box mt-link-box swiper-slide\"><a href=\"https:\/\/tr.indicata.com\/sigorta\/\" class=\"mt-link-box__link\"><\/a><div class=\"mt-link-box__icon-container\"><\/div><p class=\"mt-link-box__title\">Sigorta<\/p><p class=\"mt-link-box__text\"><\/p><\/div>\n<\/div><\/div><\/section>\n\n\n\n<section class=\"wp-block-morningmodules-text-media mt-text-media mt-text-media--align-media-right mt-text-media--align-media-mobile-bottom mtSpacing-bottom-small mtSpacing-top-small\"><div class=\"mt-text-media__inner\"><div class=\"mt-text-media__media-container\"><img decoding=\"async\" src=\"https:\/\/indicata.bluebird.pw\/wp-content\/uploads\/2024\/04\/Frame-24642.jpg\" alt=\"\" style=\"object-position:50% 50%\"\/><\/div><div class=\"mt-text-media__text-container\"><span class=\"mt-text-media__tagline mt-tagline\">Indicata nedir?<\/span><h2 class=\"mt-text-media__title\">Pazar i\u00e7g\u00f6r\u00fcleri ve kullan\u0131lm\u0131\u015f ara\u00e7 envanterlerinin y\u00f6netimi<\/h2>\n<p>Temellerimiz kullan\u0131lm\u0131\u015f ara\u00e7 de\u011ferlemesine dayanmakla birlikte, Indicata&#8217;n\u0131n misyonu OEM&#8217;lere, Bayi Gruplar\u0131na ve Filo Sahiplerine k\u00e2r art\u0131r\u0131c\u0131 karar verme ara\u00e7lar\u0131 ve \u00e7\u00f6z\u00fcmleri sunmakt\u0131r.<\/p>\n\n\n\n<div class=\"wp-block-buttons is-layout-flex wp-block-buttons-is-layout-flex\">\n<div class=\"wp-block-button open-slide-in-contact\" data-contact-slide-in-view=\"3\"><a class=\"wp-block-button__link wp-element-button\">Demo talep edin<\/a><\/div>\n\n\n\n<div class=\"wp-block-button is-style-primary-transparent open-slide-in-contact\" data-contact-slide-in-view=\"2\"><a class=\"wp-block-button__link wp-element-button\">Sat\u0131\u015f ekibi ile ileti\u015fime ge\u00e7in<\/a><\/div>\n<\/div>\n<\/div><\/div><\/section>\n\n\n\n<section class=\"wp-block-morningmodules-logo-line mt-logo-line mt-logo-line--should-slide mtSpacing-top-extraSmall mtSpacing-bottom-small\"><div class=\"mt-logo-line__inner\"><div class=\"mt-logo-line__text-container\"><p class=\"mt-logo-line__text\">D\u00fcnya \u00e7ap\u0131nda g\u00fcvenilen otomotiv markalar\u0131<\/p><\/div><div class=\"mt-logo-line__logos-container swiper\"><div class=\"swiper-wrapper\">\n<div class=\"wp-block-morningmodules-logo-line-logo mt-logo swiper-slide\" style=\"opacity:1\"><img decoding=\"async\" src=\"https:\/\/tr.indicata.com\/wp-content\/uploads\/2024\/09\/borlease-cropped.svg\" alt=\"\" class=\"mt-logo__logo\" style=\"max-height:40px;margin-top:0px\"\/><\/div>\n\n\n\n<div class=\"wp-block-morningmodules-logo-line-logo mt-logo swiper-slide\" style=\"opacity:1\"><img decoding=\"async\" src=\"https:\/\/tr.indicata.com\/wp-content\/uploads\/2024\/09\/ford-cropped.svg\" alt=\"\" class=\"mt-logo__logo\" style=\"max-height:40px;margin-top:0px\"\/><\/div>\n\n\n\n<div class=\"wp-block-morningmodules-logo-line-logo mt-logo swiper-slide\" style=\"opacity:1\"><img decoding=\"async\" src=\"https:\/\/tr.indicata.com\/wp-content\/uploads\/2024\/09\/nissan-cropped.svg\" alt=\"\" class=\"mt-logo__logo\" style=\"max-height:40px;margin-top:0px\"\/><\/div>\n\n\n\n<div class=\"wp-block-morningmodules-logo-line-logo mt-logo swiper-slide\" style=\"opacity:1\"><img decoding=\"async\" src=\"https:\/\/tr.indicata.com\/wp-content\/uploads\/2024\/09\/renault-cropped.svg\" alt=\"\" class=\"mt-logo__logo\" style=\"max-height:40px;margin-top:0px\"\/><\/div>\n\n\n\n<div class=\"wp-block-morningmodules-logo-line-logo mt-logo swiper-slide\" style=\"opacity:1\"><img decoding=\"async\" src=\"https:\/\/tr.indicata.com\/wp-content\/uploads\/2024\/09\/sixt-cropped.svg\" alt=\"\" class=\"mt-logo__logo\" style=\"max-height:40px;margin-top:0px\"\/><\/div>\n\n\n\n<div class=\"wp-block-morningmodules-logo-line-logo mt-logo swiper-slide\" style=\"opacity:1\"><img decoding=\"async\" src=\"https:\/\/tr.indicata.com\/wp-content\/uploads\/2024\/09\/stellantis-cropped.svg\" alt=\"\" class=\"mt-logo__logo\" style=\"max-height:40px;margin-top:0px\"\/><\/div>\n\n\n\n<div class=\"wp-block-morningmodules-logo-line-logo mt-logo swiper-slide\" style=\"opacity:1\"><img decoding=\"async\" src=\"https:\/\/tr.indicata.com\/wp-content\/uploads\/2024\/09\/teb-arval-cropped.svg\" alt=\"\" class=\"mt-logo__logo\" style=\"max-height:40px;margin-top:0px\"\/><\/div>\n\n\n\n<div class=\"wp-block-morningmodules-logo-line-logo mt-logo swiper-slide\" style=\"opacity:1\"><img decoding=\"async\" src=\"https:\/\/tr.indicata.com\/wp-content\/uploads\/2024\/09\/tofas-cropped.svg\" alt=\"\" class=\"mt-logo__logo\" style=\"max-height:40px;margin-top:0px\"\/><\/div>\n\n\n\n<div class=\"wp-block-morningmodules-logo-line-logo mt-logo swiper-slide\" style=\"opacity:1\"><img decoding=\"async\" src=\"https:\/\/tr.indicata.com\/wp-content\/uploads\/2024\/09\/Volvo-cropped.svg\" alt=\"\" class=\"mt-logo__logo\" style=\"max-height:40px;margin-top:0px\"\/><\/div>\n<\/div><\/div><\/div><\/section>\n\n\n\n<section class=\"wp-block-indicata-breaker mt-breaker-advanced\"><div class=\"mt-breaker-advanced__container\"><div class=\"mt-breaker-advanced__overlay\" style=\"opacity:0\"><\/div><div class=\"mt-breaker-advanced__image-container object-fit\"><img decoding=\"async\" src=\"https:\/\/indicata.bluebird.pw\/wp-content\/uploads\/2024\/06\/MW_Cover_-No_Edition.png\" alt=\"\" style=\"object-position:56.99999999999999% 78%\"\/><\/div><div class=\"mt-breaker-advanced__inner page-container\"><div class=\"mt-breaker-advanced__text-container\"><span class=\"mt-breaker-advanced__tagline mt-tagline\">EN G\u00dcNCEL BAKI\u015e A\u00c7ILARI<\/span><h2 class=\"mt-breaker-advanced__title\">Indicata Market Watch Raporu<\/h2>\n<p>Indicata Market Watch raporu ile Avrupa 2. el otomobil pazar\u0131ndaki g\u00fcncel geli\u015fmeler hakk\u0131nda bilgi edinin<\/p>\n\n\n\n<p>13 Avrupa \u00fclke verisini i\u00e7erir<\/p>\n\n\n\n<div class=\"wp-block-buttons is-layout-flex wp-block-buttons-is-layout-flex\">\n<div class=\"wp-block-button is-style-primary-transparent\"><a class=\"wp-block-button__link wp-element-button\" href=\"https:\/\/indicata.bluebird.pw.tr\/market-watch\/\">Daha fazla bilgi edinin<\/a><\/div>\n<\/div>\n<\/div><\/div><\/div><\/section>\n\n\n<div data-react-class=\"PostSlider\" data-react-props=\"{&quot;endpoint&quot;:&quot;https:\\\/\\\/indicata.bluebird.pw\\\/tr\\\/wp-json\\\/indicata\\\/v1\\\/post-slider\\\/posts&quot;,&quot;currentPostId&quot;:1723,&quot;className&quot;:&quot;mtSpacing-top-medium mtSpacing-bottom-medium&quot;,&quot;tagline&quot;:&quot;Indicata&#039;dan Haberler&quot;,&quot;title&quot;:&quot;Makaleler&quot;,&quot;link&quot;:{&quot;url&quot;:&quot;\\\/resources\\\/?postType=post&quot;,&quot;id&quot;:2,&quot;title&quot;:&quot;Forside&quot;,&quot;type&quot;:&quot;page&quot;,&quot;kind&quot;:&quot;post-type&quot;,&quot;isFrontPage&quot;:true},&quot;linkText&quot;:&quot;See all&quot;,&quot;categories&quot;:[{&quot;label&quot;:&quot;Interviews&quot;,&quot;value&quot;:30},{&quot;label&quot;:&quot;Market Watch&quot;,&quot;value&quot;:173},{&quot;label&quot;:&quot;Whitepapers&quot;,&quot;value&quot;:149}],&quot;selectedPostIds&quot;:[],&quot;postCardButtonText&quot;:&quot;Read more&quot;,&quot;allText&quot;:&quot;All&quot;,&quot;newText&quot;:&quot;New&quot;,&quot;noPosts&quot;:&quot;No posts found.&quot;}\"><\/div>\n\n\n\n<section class=\"wp-block-morningmodules-breaker mt-breaker\"><div class=\"mt-breaker__container\"><div class=\"mt-breaker__overlay\" style=\"opacity:0\"><\/div><div class=\"mt-breaker__image-container object-fit\"><img decoding=\"async\" src=\"https:\/\/indicata.bluebird.pw\/wp-content\/uploads\/2024\/04\/Frame-24740.jpg\" alt=\"\" style=\"object-position:50% 50%\"\/><\/div><div class=\"mt-breaker__inner page-container\"><div class=\"mt-breaker__text-container\"><span class=\"mt-breaker__tagline mt-tagline\">HEMEN BA\u015eLAYIN<\/span><h2 class=\"mt-breaker__title\">Operasyonlar\u0131n\u0131z\u0131 iyile\u015ftirmeye bug\u00fcn ba\u015flay\u0131n<\/h2>\n<div class=\"wp-block-buttons is-layout-flex wp-block-buttons-is-layout-flex\">\n<div class=\"wp-block-button open-slide-in-contact\" data-contact-slide-in-view=\"3\"><a class=\"wp-block-button__link wp-element-button\">Demo talep edin<\/a><\/div>\n\n\n\n<div class=\"wp-block-button is-style-primary-transparent open-slide-in-contact\" data-contact-slide-in-view=\"2\"><a class=\"wp-block-button__link wp-element-button\">Sat\u0131\u015f ekibi ile ileti\u015fime ge\u00e7in<\/a><\/div>\n<\/div>\n<\/div><\/div><\/div><\/section>\n","protected":false},"excerpt":{"rendered":"","protected":false},"author":2,"featured_media":0,"parent":0,"menu_order":0,"comment_status":"closed","ping_status":"closed","template":"","meta":{"_acf_changed":false,"footnotes":""},"class_list":["post-1723","page","type-page","status-publish","hentry"],"acf":[],"yoast_head":"<!-- This site is optimized with the Yoast SEO plugin v27.3 - https:\/\/yoast.com\/product\/yoast-seo-wordpress\/ -->\n<title>Indicata - Kullan\u0131lm\u0131\u015f ara\u00e7 karar verme i\u015f zekas\u0131 yaz\u0131l\u0131m\u0131<\/title>\n<meta name=\"robots\" content=\"noindex, follow, max-snippet:-1, max-image-preview:large, max-video-preview:-1\" \/>\n<meta property=\"og:locale\" content=\"tr_TR\" \/>\n<meta property=\"og:type\" content=\"article\" \/>\n<meta property=\"og:title\" content=\"Indicata - Kullan\u0131lm\u0131\u015f ara\u00e7 karar verme i\u015f zekas\u0131 yaz\u0131l\u0131m\u0131\" \/>\n<meta property=\"og:url\" content=\"https:\/\/tr.indicata.com\/\" \/>\n<meta property=\"og:site_name\" content=\"Indicata\" \/>\n<meta property=\"article:modified_time\" content=\"2024-09-02T14:28:22+00:00\" \/>\n<meta property=\"og:image\" content=\"https:\/\/indicata.bluebird.pw\/wp-content\/uploads\/2024\/04\/Frame-3.jpg\" \/>\n<meta name=\"twitter:card\" content=\"summary_large_image\" \/>\n<meta name=\"twitter:label1\" content=\"Tahmini okuma s\u00fcresi\" \/>\n\t<meta name=\"twitter:data1\" content=\"4 dakika\" \/>\n<script type=\"application\/ld+json\" class=\"yoast-schema-graph\">{\"@context\":\"https:\\\/\\\/schema.org\",\"@graph\":[{\"@type\":\"WebPage\",\"@id\":\"https:\\\/\\\/tr.indicata.com\\\/\",\"url\":\"https:\\\/\\\/tr.indicata.com\\\/\",\"name\":\"Indicata - Kullan\u0131lm\u0131\u015f ara\u00e7 karar verme i\u015f zekas\u0131 yaz\u0131l\u0131m\u0131\",\"isPartOf\":{\"@id\":\"https:\\\/\\\/indicata.bluebird.pw\\\/#website\"},\"primaryImageOfPage\":{\"@id\":\"https:\\\/\\\/tr.indicata.com\\\/#primaryimage\"},\"image\":{\"@id\":\"https:\\\/\\\/tr.indicata.com\\\/#primaryimage\"},\"thumbnailUrl\":\"https:\\\/\\\/indicata.bluebird.pw\\\/wp-content\\\/uploads\\\/2024\\\/04\\\/Frame-3.jpg\",\"datePublished\":\"2024-04-11T07:09:16+00:00\",\"dateModified\":\"2024-09-02T14:28:22+00:00\",\"breadcrumb\":{\"@id\":\"https:\\\/\\\/tr.indicata.com\\\/#breadcrumb\"},\"inLanguage\":\"tr\",\"potentialAction\":[{\"@type\":\"ReadAction\",\"target\":[\"https:\\\/\\\/tr.indicata.com\\\/\"]}]},{\"@type\":\"ImageObject\",\"inLanguage\":\"tr\",\"@id\":\"https:\\\/\\\/tr.indicata.com\\\/#primaryimage\",\"url\":\"https:\\\/\\\/indicata.bluebird.pw\\\/wp-content\\\/uploads\\\/2024\\\/04\\\/Frame-3.jpg\",\"contentUrl\":\"https:\\\/\\\/indicata.bluebird.pw\\\/wp-content\\\/uploads\\\/2024\\\/04\\\/Frame-3.jpg\"},{\"@type\":\"BreadcrumbList\",\"@id\":\"https:\\\/\\\/tr.indicata.com\\\/#breadcrumb\",\"itemListElement\":[{\"@type\":\"ListItem\",\"position\":1,\"name\":\"Home\",\"item\":\"https:\\\/\\\/tr.indicata.com\\\/\"},{\"@type\":\"ListItem\",\"position\":2,\"name\":\"Ana Sayfa\"}]},{\"@type\":\"WebSite\",\"@id\":\"https:\\\/\\\/indicata.bluebird.pw\\\/#website\",\"url\":\"https:\\\/\\\/indicata.bluebird.pw\\\/\",\"name\":\"Indicata\",\"description\":\"Part of Autorola Group\",\"potentialAction\":[{\"@type\":\"SearchAction\",\"target\":{\"@type\":\"EntryPoint\",\"urlTemplate\":\"https:\\\/\\\/indicata.bluebird.pw\\\/?s={search_term_string}\"},\"query-input\":{\"@type\":\"PropertyValueSpecification\",\"valueRequired\":true,\"valueName\":\"search_term_string\"}}],\"inLanguage\":\"tr\"}]}<\/script>\n<!-- \/ Yoast SEO plugin. -->","yoast_head_json":{"title":"Indicata - Kullan\u0131lm\u0131\u015f ara\u00e7 karar verme i\u015f zekas\u0131 yaz\u0131l\u0131m\u0131","robots":{"index":"noindex","follow":"follow","max-snippet":"max-snippet:-1","max-image-preview":"max-image-preview:large","max-video-preview":"max-video-preview:-1"},"og_locale":"tr_TR","og_type":"article","og_title":"Indicata - Kullan\u0131lm\u0131\u015f ara\u00e7 karar verme i\u015f zekas\u0131 yaz\u0131l\u0131m\u0131","og_url":"https:\/\/tr.indicata.com\/","og_site_name":"Indicata","article_modified_time":"2024-09-02T14:28:22+00:00","og_image":[{"url":"https:\/\/indicata.bluebird.pw\/wp-content\/uploads\/2024\/04\/Frame-3.jpg","type":"","width":"","height":""}],"twitter_card":"summary_large_image","twitter_misc":{"Tahmini okuma s\u00fcresi":"4 dakika"},"schema":{"@context":"https:\/\/schema.org","@graph":[{"@type":"WebPage","@id":"https:\/\/tr.indicata.com\/","url":"https:\/\/tr.indicata.com\/","name":"Indicata - Kullan\u0131lm\u0131\u015f ara\u00e7 karar verme i\u015f zekas\u0131 yaz\u0131l\u0131m\u0131","isPartOf":{"@id":"https:\/\/indicata.bluebird.pw\/#website"},"primaryImageOfPage":{"@id":"https:\/\/tr.indicata.com\/#primaryimage"},"image":{"@id":"https:\/\/tr.indicata.com\/#primaryimage"},"thumbnailUrl":"https:\/\/indicata.bluebird.pw\/wp-content\/uploads\/2024\/04\/Frame-3.jpg","datePublished":"2024-04-11T07:09:16+00:00","dateModified":"2024-09-02T14:28:22+00:00","breadcrumb":{"@id":"https:\/\/tr.indicata.com\/#breadcrumb"},"inLanguage":"tr","potentialAction":[{"@type":"ReadAction","target":["https:\/\/tr.indicata.com\/"]}]},{"@type":"ImageObject","inLanguage":"tr","@id":"https:\/\/tr.indicata.com\/#primaryimage","url":"https:\/\/indicata.bluebird.pw\/wp-content\/uploads\/2024\/04\/Frame-3.jpg","contentUrl":"https:\/\/indicata.bluebird.pw\/wp-content\/uploads\/2024\/04\/Frame-3.jpg"},{"@type":"BreadcrumbList","@id":"https:\/\/tr.indicata.com\/#breadcrumb","itemListElement":[{"@type":"ListItem","position":1,"name":"Home","item":"https:\/\/tr.indicata.com\/"},{"@type":"ListItem","position":2,"name":"Ana Sayfa"}]},{"@type":"WebSite","@id":"https:\/\/indicata.bluebird.pw\/#website","url":"https:\/\/indicata.bluebird.pw\/","name":"Indicata","description":"Part of Autorola Group","potentialAction":[{"@type":"SearchAction","target":{"@type":"EntryPoint","urlTemplate":"https:\/\/indicata.bluebird.pw\/?s={search_term_string}"},"query-input":{"@type":"PropertyValueSpecification","valueRequired":true,"valueName":"search_term_string"}}],"inLanguage":"tr"}]}},"_links":{"self":[{"href":"https:\/\/indicata.bluebird.pw\/tr\/wp-json\/wp\/v2\/pages\/1723","targetHints":{"allow":["GET"]}}],"collection":[{"href":"https:\/\/indicata.bluebird.pw\/tr\/wp-json\/wp\/v2\/pages"}],"about":[{"href":"https:\/\/indicata.bluebird.pw\/tr\/wp-json\/wp\/v2\/types\/page"}],"author":[{"embeddable":true,"href":"https:\/\/indicata.bluebird.pw\/tr\/wp-json\/wp\/v2\/users\/2"}],"replies":[{"embeddable":true,"href":"https:\/\/indicata.bluebird.pw\/tr\/wp-json\/wp\/v2\/comments?post=1723"}],"version-history":[{"count":10,"href":"https:\/\/indicata.bluebird.pw\/tr\/wp-json\/wp\/v2\/pages\/1723\/revisions"}],"predecessor-version":[{"id":6336,"href":"https:\/\/indicata.bluebird.pw\/tr\/wp-json\/wp\/v2\/pages\/1723\/revisions\/6336"}],"wp:attachment":[{"href":"https:\/\/indicata.bluebird.pw\/tr\/wp-json\/wp\/v2\/media?parent=1723"}],"curies":[{"name":"wp","href":"https:\/\/api.w.org\/{rel}","templated":true}]}}