{"id":1778,"date":"2024-05-21T21:12:22","date_gmt":"2024-05-21T19:12:22","guid":{"rendered":"https:\/\/indicata.bluebird.pw\/cookies\/"},"modified":"2024-08-30T14:15:10","modified_gmt":"2024-08-30T12:15:10","slug":"cookies","status":"publish","type":"page","link":"https:\/\/indicata.bluebird.pw\/tr\/cookies\/","title":{"rendered":"Cookies"},"content":{"rendered":"\n<section class=\"wp-block-indicata-post-content mt-post-content\"><div class=\"mt-post-content__inner\"><div class=\"mt-post-content__content\">\n<p><strong>\u00c7EREZ UYGULAMALARINA \u0130L\u0130\u015eK\u0130N AYDINLATMA METN\u0130<\/strong><\/p>\n\n\n\n<p>\u0130\u015fbu \u00c7erez (Cookies) Uygulamalar\u0131na \u0130li\u015fkin Ayd\u0131nlatma Metni, veri sorumlusu olarak ve Autorola A\/S (\u201cAutorola Danimarka\u201d) taraf\u0131ndan y\u00fcr\u00fct\u00fclen&nbsp;<a href=\"https:\/\/lg.indicata.com.tr\/\"><\/a><a href=\"https:\/\/lg.indicata.com.tr\/\">https:\/\/lg.indicata.com.tr<\/a>&nbsp;internet sitesi (\u201cweb sitesi\u201d) i\u00e7in ge\u00e7erlidir.<\/p>\n\n\n\n<p>Autorola Danimarka, web sitesinin sorunsuz \u00e7al\u0131\u015fmas\u0131 ve deneyimlerinizi geli\u015ftirmek i\u00e7im \u00e7erezler kullanabilir.<\/p>\n\n\n\n<p>Bu belge, \u00e7erezleri nas\u0131l ve neden kulland\u0131\u011f\u0131m\u0131z hakk\u0131nda sizi bilgilendirecektir. Ayr\u0131ca hangi \u00e7erezleri kulland\u0131\u011f\u0131m\u0131z ve web sitemize \u00e7erez yerle\u015ftiren \u00fc\u00e7\u00fcnc\u00fc taraflar hakk\u0131nda baz\u0131 bilgiler verece\u011fiz.<\/p>\n\n\n\n<p><strong>\u00d6ZET<\/strong><\/p>\n\n\n\n<p><strong>Bu belge a\u015fa\u011f\u0131dakiler i\u00e7in ge\u00e7erlidir:<\/strong><\/p>\n\n\n\n<p>&#8211; Web sitesi ziyaret\u00e7ileri<\/p>\n\n\n\n<p><strong>Bu belge \u015funlar\u0131 i\u00e7ermektedir:<\/strong><\/p>\n\n\n\n<p>&#8211; \u00d6zet<\/p>\n\n\n\n<p>&#8211; \u00c7erez nedir?<\/p>\n\n\n\n<ul class=\"wp-block-list\">\n<li>\u00c7erez t\u00fcrleri<\/li>\n<\/ul>\n\n\n\n<p>&#8211; Hangi \u00e7erezleri kullan\u0131yoruz?<\/p>\n\n\n\n<ul class=\"wp-block-list\">\n<li>Temel \u00e7erezler<\/li>\n\n\n\n<li>Analitik \u00e7erezler<\/li>\n\n\n\n<li>Pazarlama \u00c7erezleri<\/li>\n\n\n\n<li>Ki\u015fiselle\u015ftirme \u00c7erezleri<\/li>\n<\/ul>\n\n\n\n<p>&#8211; \u00c7erezleri nas\u0131l kullan\u0131yoruz?<\/p>\n\n\n\n<p>&#8211; \u00c7erezler Arac\u0131l\u0131\u011f\u0131yla Toplanan Ki\u015fisel Verilerinizin Aktar\u0131m\u0131<\/p>\n\n\n\n<p>&#8211; \u00c7erezler nas\u0131l engellenir?<\/p>\n\n\n\n<p>&#8211; Verilen bir onay nas\u0131l geri \u00e7ekilir?<\/p>\n\n\n\n<p>&#8211; \u00c7erez listesi<\/p>\n\n\n\n<p>&#8211; Bize Ula\u015f\u0131n<\/p>\n\n\n\n<p><strong>\u00c7erez nedir?<\/strong><\/p>\n\n\n\n<p>\u00c7erezler, cihaz\u0131n\u0131zda depolanan ve deneyiminizi daha iyi ve daha verimli hale getirmemizi sa\u011flayan k\u00fc\u00e7\u00fck metin dosyalar\u0131d\u0131r. Cihaz\u0131n\u0131z\u0131 ve taray\u0131c\u0131n\u0131z\u0131 tan\u0131mam\u0131z\u0131 ve hizmetlerimizin iyile\u015ftirilmesi i\u00e7in \u00f6nemli olan bilgileri saklamam\u0131z\u0131 sa\u011flarlar.<\/p>\n\n\n\n<p><strong>\u00c7erez t\u00fcrleri<\/strong><\/p>\n\n\n\n<p>Oturum \u00c7erezleri ve Kal\u0131c\u0131 \u00c7erezler<\/p>\n\n\n\n<ul class=\"wp-block-list\">\n<li>Oturum \u00e7erezleri, siz web sitesini ziyaret ederken cihazlar\u0131n\u0131z\u0131n haf\u0131zas\u0131nda ge\u00e7ici olarak saklan\u0131r ve taray\u0131c\u0131n\u0131z\u0131 kapatt\u0131\u011f\u0131n\u0131zda silinir.<\/li>\n\n\n\n<li>Kal\u0131c\u0131 \u00e7erezler, \u00e7erezden \u00e7ereze de\u011fi\u015fen, \u00f6nceden belirlenmi\u015f bir s\u00fcre boyunca saklan\u0131r. Bu s\u00fcre oturum \u00e7erezlerinden daha uzundur; ancak onlar da bir s\u00fcre sonra sona erer. Ge\u00e7mi\u015fte web sitemizi veya benzer siteleri ziyaret edip etmedi\u011finizi anlamam\u0131za yard\u0131mc\u0131 olurlar.<\/li>\n<\/ul>\n\n\n\n<p><strong>Birinci Taraf ve \u00dc\u00e7\u00fcnc\u00fc Taraf \u00c7erezler<\/strong><\/p>\n\n\n\n<ul class=\"wp-block-list\">\n<li>Birinci taraf \u00e7erezleri do\u011frudan web sitesi veya web sitesinin alt alanlar\u0131ndan herhangi biri taraf\u0131ndan ayarlan\u0131r.<\/li>\n<\/ul>\n\n\n\n<p>\u00dc\u00e7\u00fcnc\u00fc taraf \u00e7erezleri, alt i\u015flemcilerimiz veya di\u011fer teknoloji ortaklar\u0131m\u0131z gibi bizim taraf\u0131m\u0131zdan y\u00f6netilmeyen web siteleri taraf\u0131ndan ayarlan\u0131r.<\/p>\n\n\n\n<p><strong>Hangi \u00e7erezleri kullan\u0131yoruz?<\/strong><\/p>\n\n\n\n<p><strong>Temel \u00e7erezler<\/strong><\/p>\n\n\n\n<p>Hizmetlerimizi sunabilmemiz ve sa\u011flayabilmemiz i\u00e7in gerekli olmalar\u0131 halinde \u00e7erezleri cihaz\u0131n\u0131zda saklar\u0131z. Ayr\u0131ca, web sitesinde ve web uygulamas\u0131nda gezinmeniz ve mevcut t\u00fcm i\u015flevlerden yararlanman\u0131z i\u00e7in de gereklidirler. Bu \u00e7erezler kapat\u0131lamaz ve web sitesinde oturum a\u00e7ma, formlar ve saat dilimi veya diller gibi tercihleri ayarlama gibi \u00e7ok temel se\u00e7enekler i\u00e7in ayarlan\u0131r.<\/p>\n\n\n\n<p><strong>Analitik \u00e7erezler<\/strong><\/p>\n\n\n\n<p>Bu \u00e7erezler, web sitesindeki mevcut se\u00e7eneklerle nas\u0131l etkile\u015fimde bulundu\u011funuzu, en \u00e7ok hangi b\u00f6l\u00fcmleri kulland\u0131\u011f\u0131n\u0131z\u0131 ve hizmetlerimizle nas\u0131l etkile\u015fimde bulundu\u011funuzu anlamam\u0131za yard\u0131mc\u0131 olmak i\u00e7in yerle\u015ftirilir. Bu, kullan\u0131m istatistiklerini ve web sitesinde ge\u00e7irdi\u011finiz s\u00fcreyi olu\u015fturmam\u0131za yard\u0131mc\u0131 olur. Bu istatistikler sonu\u00e7ta web sitemizi ve sundu\u011fumuz hizmetleri geli\u015ftirmemize yard\u0131mc\u0131 olacakt\u0131r.<\/p>\n\n\n\n<p><strong>Pazarlama \u00c7erezleri<\/strong><\/p>\n\n\n\n<p>Bu \u00e7erezler, internette gezinirken sizinle alakal\u0131 olabilecek veya ilginizi \u00e7ekebilecek reklamlar\u0131 size sunmak i\u00e7in kullan\u0131l\u0131r. \u00c7o\u011funlukla web sitemizdeki i\u00e7erikleriyle etkile\u015fime girdi\u011finizde \u00fc\u00e7\u00fcnc\u00fc taraflarca yerle\u015ftirilirler.<\/p>\n\n\n\n<p><strong>Ki\u015fiselle\u015ftirme \u00c7erezleri<\/strong><\/p>\n\n\n\n<p>Bu \u00e7erezler, web sitesinin ve hizmetlerimizin daha iyi i\u015flevselli\u011fini sa\u011flamam\u0131za ve bunlar\u0131 sizin i\u00e7in daha ki\u015fisel hale getirmemize yard\u0131mc\u0131 olmak i\u00e7in yerle\u015ftirilir.<\/p>\n\n\n\n<p>Bu \u00e7erezleri engelleyebilirsiniz, ancak bunu yaparsan\u0131z, web sitesinin baz\u0131 b\u00f6l\u00fcmleri ama\u00e7lad\u0131\u011f\u0131m\u0131z \u015fekilde \u00e7al\u0131\u015fmayabilir.<\/p>\n\n\n\n<p><strong>\u00c7erezleri nas\u0131l kullan\u0131yoruz?<\/strong><\/p>\n\n\n\n<p>Web sitemize gelen trafi\u011fi \u00f6l\u00e7mek, kullan\u0131c\u0131 deneyimini optimize etmek i\u00e7in davran\u0131\u015f\u0131n\u0131z\u0131 anlamak, web sitelerindeki i\u00e7eri\u011fi ki\u015fiselle\u015ftirmek ve ilginizi \u00e7ekebilecek alakal\u0131 reklamlar sunmak i\u00e7in a\u00e7\u0131klanan \u00e7erezleri kullanarak veri topluyoruz. Toplanan verileri web sitelerimizi geli\u015ftirmek i\u00e7in de kullan\u0131r\u0131z.<\/p>\n\n\n\n<p>Web sitesini ziyaret etti\u011finizde \u00fc\u00e7\u00fcnc\u00fc taraf internet siteleri veya domainlerinden \u00e7erezler alabilirsiniz. Bu \u00e7erezler hakk\u0131nda ayr\u0131nt\u0131l\u0131 bilgiler, ilgili \u00fc\u00e7\u00fcnc\u00fc taraf internet sitesinde mevcut olabilir<\/p>\n\n\n\n<p><strong>\u00c7erezler Arac\u0131l\u0131\u011f\u0131yla Toplanan Ki\u015fisel Verilerinizin Aktar\u0131m\u0131<\/strong><\/p>\n\n\n\n<p>Ki\u015fisel verileriniz, yasal d\u00fczenlemeler ve tabi oldu\u011fumuz mevzuat gere\u011fi yasal d\u00fczenlemenin \u00f6ng\u00f6rd\u00fc\u011f\u00fc kapsamda, bir mahkeme karar\u0131 veya yetkili k\u0131l\u0131nm\u0131\u015f idari mercilerin talebi \u00fczerine, yetkili ki\u015fi veya kurumlarla payla\u015f\u0131l\u0131r.<\/p>\n\n\n\n<p>Ki\u015fisel verileriniz, Mal\/ Hizmet Sat\u0131\u015f S\u00fcre\u00e7lerinin Y\u00fcr\u00fct\u00fclmesi, \u0130\u015f Faaliyetlerinin Y\u00fcr\u00fct\u00fclmesi\/ Denetimi, M\u00fc\u015fteri \u0130li\u015fkileri Y\u00f6netimi S\u00fcre\u00e7lerinin Y\u00fcr\u00fct\u00fclmesi, Talep\/ \u015eikayetlerin Takibi,&nbsp; M\u00fc\u015fteri Memnuniyetine Y\u00f6nelik Aktivitelerin Y\u00fcr\u00fct\u00fclmesi, \u0130\u015f S\u00fcre\u00e7lerinin \u0130yile\u015ftirilmesine Y\u00f6nelik \u00d6nerilerin Al\u0131nmas\u0131 Ve De\u011ferlendirilmesi, Pazarlama Analiz \u00c7al\u0131\u015fmalar\u0131n\u0131n Y\u00fcr\u00fct\u00fclmesi, Reklam \/ Kampanya \/ Promosyon S\u00fcre\u00e7lerinin Y\u00fcr\u00fct\u00fclmesi ama\u00e7lar\u0131yla Me\u015fru menfaat hukuka uygunluk sebebine veya gerekmesi halinde \u201ca\u00e7\u0131k r\u0131za\u201d hukuka uygunluk sebebine dayanarak sunucular\u0131 yurt d\u0131\u015f\u0131nda bulunan hizmet sa\u011flay\u0131c\u0131lar\u0131m\u0131za, i\u015f ortaklar\u0131m\u0131za ve tedarik\u00e7ilerimize aktar\u0131labilecektir.<\/p>\n\n\n\n<p><strong>\u00c7erezler nas\u0131l engellenir?<\/strong><\/p>\n\n\n\n<p>\u00c7erezlerin ve piksel etiketleri gibi di\u011fer izleme teknolojilerinin yerle\u015ftirilmesini durdurabilir veya k\u0131s\u0131tlayabilirsiniz. Bunu, cihaz\u0131n\u0131zda bunlar\u0131 engelleyerek veya kald\u0131rarak ve taray\u0131c\u0131n\u0131zdaki tercihleri ayarlayarak yapabilirsiniz. Bu, cihazdan cihaza ve taray\u0131c\u0131dan taray\u0131c\u0131ya de\u011fi\u015febilir.<\/p>\n\n\n\n<p>Taray\u0131c\u0131n\u0131zda \u00e7erezleri do\u011fru bir \u015fekilde engelledi\u011finizde, web sitesinin baz\u0131 b\u00f6l\u00fcmleri sizin i\u00e7in kullan\u0131lamaz hale gelebilir veya ba\u015fka bir \u015fekilde d\u00fczg\u00fcn \u00e7al\u0131\u015fmayabilir.<\/p>\n\n\n\n<p><strong>Verilen bir onay nas\u0131l geri \u00e7ekilir?<\/strong><\/p>\n\n\n\n<p>Vermi\u015f oldu\u011funuz bir onay\u0131 geri \u00e7ekmek i\u00e7in, web sitesinin alt\u0131ndaki k\u00fc\u00e7\u00fck \u00e7erez simgesine t\u0131klayabilir ve onay d\u00fc\u011fmesinin konumunu de\u011fi\u015ftirip &#8220;kaydet&#8221; d\u00fc\u011fmesine t\u0131klayabilirsiniz.<\/p>\n\n\n\n<p><strong>\u00c7erez listesi<\/strong><\/p>\n\n\n\n<p>Autorola T\u00fcrkiye ve Autorola Danimarka taraf\u0131ndan kullan\u0131lan \u00e7erezlerin listesi, her bir \u00e7erez kategorisinin alt\u0131ndaki \u00e7erez onay\u0131 kutusunda g\u00f6r\u00fclebilir.<\/p>\n\n\n\n<p><strong>\u00c7erezler Arac\u0131l\u0131\u011f\u0131yla Toplanan Ki\u015fisel Verilerinize \u0130li\u015fkin Haklar\u0131n\u0131z<\/strong><\/p>\n\n\n\n<p>6698 say\u0131l\u0131 Ki\u015fisel Verilerin Korunmas\u0131 Kanunu\u2019nun 11. maddesi uyar\u0131nca ilgili ki\u015fi olarak sahip oldu\u011funuz haklar\u0131n\u0131z\u0131&nbsp;<a href=\"https:\/\/www.indicata.com.tr\/kisisel-verilerin-korunmasi\"><\/a><a href=\"https:\/\/www.indicata.com.tr\/kisisel-verilerin-korunmasi\">https:\/\/www.indicata.com.tr\/kisisel-verilerin-korunmasi<\/a>&nbsp;a\u00e7\u0131klanan \u015fekilde kullanabilirsiniz.&nbsp;<\/p>\n<\/div><div class=\"mt-post-content__actions\"><div class=\"mt-post-content__actions--tags\"><\/div><div class=\"mt-post-content__actions--share-buttons\"><div class=\"mt-share-buttons\"><div class=\"mt-share-buttons__button mt-share-buttons__button--print\"><svg xmlns=\"http:\/\/www.w3.org\/2000\/svg\" width=\"20\" height=\"21\" viewBox=\"0 0 20 21\" fill=\"none\"><path d=\"M5 8.00033V2.16699H15V8.00033\" stroke=\"#555555\" stroke-width=\"1.5\" stroke-linecap=\"round\" stroke-linejoin=\"round\"><\/path><path d=\"M4.99935 15.5H3.33268C2.89065 15.5 2.46673 15.3244 2.15417 15.0118C1.84161 14.6993 1.66602 14.2754 1.66602 13.8333V9.66667C1.66602 9.22464 1.84161 8.80072 2.15417 8.48816C2.46673 8.1756 2.89065 8 3.33268 8H16.666C17.108 8 17.532 8.1756 17.8445 8.48816C18.1571 8.80072 18.3327 9.22464 18.3327 9.66667V13.8333C18.3327 14.2754 18.1571 14.6993 17.8445 15.0118C17.532 15.3244 17.108 15.5 16.666 15.5H14.9993\" stroke=\"#555555\" stroke-width=\"1.5\" stroke-linecap=\"round\" stroke-linejoin=\"round\"><\/path><path d=\"M15 12.167H5V18.8337H15V12.167Z\" stroke=\"#555555\" stroke-width=\"1.5\" stroke-linecap=\"round\" stroke-linejoin=\"round\"><\/path><\/svg><\/div><div class=\"mt-share-buttons__button mt-share-buttons__button--bookmark\"><svg xmlns=\"http:\/\/www.w3.org\/2000\/svg\" width=\"20\" height=\"21\" viewBox=\"0 0 20 21\" fill=\"none\"><path d=\"M15.8327 18L9.99935 13.8333L4.16602 18V4.66667C4.16602 4.22464 4.34161 3.80072 4.65417 3.48816C4.96673 3.17559 5.39065 3 5.83268 3H14.166C14.608 3 15.032 3.17559 15.3445 3.48816C15.6571 3.80072 15.8327 4.22464 15.8327 4.66667V18Z\" stroke=\"#555555\" stroke-width=\"1.5\" stroke-linecap=\"round\" stroke-linejoin=\"round\"><\/path><\/svg><\/div><div class=\"mt-share-buttons__button mt-share-buttons__button--share\"><svg xmlns=\"http:\/\/www.w3.org\/2000\/svg\" width=\"20\" height=\"21\" viewBox=\"0 0 20 21\" fill=\"none\"><path d=\"M3.33398 10.5V17.1667C3.33398 17.6087 3.50958 18.0326 3.82214 18.3452C4.1347 18.6577 4.55862 18.8333 5.00065 18.8333H15.0007C15.4427 18.8333 15.8666 18.6577 16.1792 18.3452C16.4917 18.0326 16.6673 17.6087 16.6673 17.1667V10.5\" stroke=\"#555555\" stroke-width=\"1.5\" stroke-linecap=\"round\" stroke-linejoin=\"round\"><\/path><path d=\"M13.3327 5.50033L9.99935 2.16699L6.66602 5.50033\" stroke=\"#555555\" stroke-width=\"1.5\" stroke-linecap=\"round\" stroke-linejoin=\"round\"><\/path><path d=\"M10 2.16699V13.0003\" stroke=\"#555555\" stroke-width=\"1.5\" stroke-linecap=\"round\" stroke-linejoin=\"round\"><\/path><\/svg><\/div><\/div><\/div><\/div><\/div><\/section>\n","protected":false},"excerpt":{"rendered":"","protected":false},"author":4,"featured_media":0,"parent":0,"menu_order":0,"comment_status":"closed","ping_status":"closed","template":"","meta":{"_acf_changed":false,"footnotes":""},"class_list":["post-1778","page","type-page","status-publish","hentry"],"acf":[],"yoast_head":"<!-- This site is optimized with the Yoast SEO plugin v27.3 - https:\/\/yoast.com\/product\/yoast-seo-wordpress\/ -->\n<title>Cookies - Indicata<\/title>\n<meta name=\"robots\" content=\"noindex, follow, max-snippet:-1, max-image-preview:large, max-video-preview:-1\" \/>\n<meta property=\"og:locale\" content=\"tr_TR\" \/>\n<meta property=\"og:type\" content=\"article\" \/>\n<meta property=\"og:title\" content=\"Cookies - Indicata\" \/>\n<meta property=\"og:url\" content=\"https:\/\/tr.indicata.com\/cookies\/\" \/>\n<meta property=\"og:site_name\" content=\"Indicata\" \/>\n<meta property=\"article:modified_time\" content=\"2024-08-30T12:15:10+00:00\" \/>\n<meta name=\"twitter:card\" content=\"summary_large_image\" \/>\n<meta name=\"twitter:label1\" content=\"Tahmini okuma s\u00fcresi\" \/>\n\t<meta name=\"twitter:data1\" content=\"4 dakika\" \/>\n<script type=\"application\/ld+json\" class=\"yoast-schema-graph\">{\"@context\":\"https:\\\/\\\/schema.org\",\"@graph\":[{\"@type\":\"WebPage\",\"@id\":\"https:\\\/\\\/tr.indicata.com\\\/cookies\\\/\",\"url\":\"https:\\\/\\\/tr.indicata.com\\\/cookies\\\/\",\"name\":\"Cookies - Indicata\",\"isPartOf\":{\"@id\":\"https:\\\/\\\/indicata.bluebird.pw\\\/#website\"},\"datePublished\":\"2024-05-21T19:12:22+00:00\",\"dateModified\":\"2024-08-30T12:15:10+00:00\",\"breadcrumb\":{\"@id\":\"https:\\\/\\\/tr.indicata.com\\\/cookies\\\/#breadcrumb\"},\"inLanguage\":\"tr\",\"potentialAction\":[{\"@type\":\"ReadAction\",\"target\":[\"https:\\\/\\\/tr.indicata.com\\\/cookies\\\/\"]}]},{\"@type\":\"BreadcrumbList\",\"@id\":\"https:\\\/\\\/tr.indicata.com\\\/cookies\\\/#breadcrumb\",\"itemListElement\":[{\"@type\":\"ListItem\",\"position\":1,\"name\":\"Home\",\"item\":\"https:\\\/\\\/tr.indicata.com\\\/\"},{\"@type\":\"ListItem\",\"position\":2,\"name\":\"Cookies\"}]},{\"@type\":\"WebSite\",\"@id\":\"https:\\\/\\\/indicata.bluebird.pw\\\/#website\",\"url\":\"https:\\\/\\\/indicata.bluebird.pw\\\/\",\"name\":\"Indicata\",\"description\":\"Part of Autorola Group\",\"potentialAction\":[{\"@type\":\"SearchAction\",\"target\":{\"@type\":\"EntryPoint\",\"urlTemplate\":\"https:\\\/\\\/indicata.bluebird.pw\\\/?s={search_term_string}\"},\"query-input\":{\"@type\":\"PropertyValueSpecification\",\"valueRequired\":true,\"valueName\":\"search_term_string\"}}],\"inLanguage\":\"tr\"}]}<\/script>\n<!-- \/ Yoast SEO plugin. -->","yoast_head_json":{"title":"Cookies - Indicata","robots":{"index":"noindex","follow":"follow","max-snippet":"max-snippet:-1","max-image-preview":"max-image-preview:large","max-video-preview":"max-video-preview:-1"},"og_locale":"tr_TR","og_type":"article","og_title":"Cookies - Indicata","og_url":"https:\/\/tr.indicata.com\/cookies\/","og_site_name":"Indicata","article_modified_time":"2024-08-30T12:15:10+00:00","twitter_card":"summary_large_image","twitter_misc":{"Tahmini okuma s\u00fcresi":"4 dakika"},"schema":{"@context":"https:\/\/schema.org","@graph":[{"@type":"WebPage","@id":"https:\/\/tr.indicata.com\/cookies\/","url":"https:\/\/tr.indicata.com\/cookies\/","name":"Cookies - Indicata","isPartOf":{"@id":"https:\/\/indicata.bluebird.pw\/#website"},"datePublished":"2024-05-21T19:12:22+00:00","dateModified":"2024-08-30T12:15:10+00:00","breadcrumb":{"@id":"https:\/\/tr.indicata.com\/cookies\/#breadcrumb"},"inLanguage":"tr","potentialAction":[{"@type":"ReadAction","target":["https:\/\/tr.indicata.com\/cookies\/"]}]},{"@type":"BreadcrumbList","@id":"https:\/\/tr.indicata.com\/cookies\/#breadcrumb","itemListElement":[{"@type":"ListItem","position":1,"name":"Home","item":"https:\/\/tr.indicata.com\/"},{"@type":"ListItem","position":2,"name":"Cookies"}]},{"@type":"WebSite","@id":"https:\/\/indicata.bluebird.pw\/#website","url":"https:\/\/indicata.bluebird.pw\/","name":"Indicata","description":"Part of Autorola Group","potentialAction":[{"@type":"SearchAction","target":{"@type":"EntryPoint","urlTemplate":"https:\/\/indicata.bluebird.pw\/?s={search_term_string}"},"query-input":{"@type":"PropertyValueSpecification","valueRequired":true,"valueName":"search_term_string"}}],"inLanguage":"tr"}]}},"_links":{"self":[{"href":"https:\/\/indicata.bluebird.pw\/tr\/wp-json\/wp\/v2\/pages\/1778","targetHints":{"allow":["GET"]}}],"collection":[{"href":"https:\/\/indicata.bluebird.pw\/tr\/wp-json\/wp\/v2\/pages"}],"about":[{"href":"https:\/\/indicata.bluebird.pw\/tr\/wp-json\/wp\/v2\/types\/page"}],"author":[{"embeddable":true,"href":"https:\/\/indicata.bluebird.pw\/tr\/wp-json\/wp\/v2\/users\/4"}],"replies":[{"embeddable":true,"href":"https:\/\/indicata.bluebird.pw\/tr\/wp-json\/wp\/v2\/comments?post=1778"}],"version-history":[{"count":1,"href":"https:\/\/indicata.bluebird.pw\/tr\/wp-json\/wp\/v2\/pages\/1778\/revisions"}],"predecessor-version":[{"id":5414,"href":"https:\/\/indicata.bluebird.pw\/tr\/wp-json\/wp\/v2\/pages\/1778\/revisions\/5414"}],"wp:attachment":[{"href":"https:\/\/indicata.bluebird.pw\/tr\/wp-json\/wp\/v2\/media?parent=1778"}],"curies":[{"name":"wp","href":"https:\/\/api.w.org\/{rel}","templated":true}]}}